{"id":881,"date":"2021-02-03T11:38:24","date_gmt":"2021-02-03T11:38:24","guid":{"rendered":"http:\/\/chuckie.hu\/wp\/?page_id=881"},"modified":"2024-10-24T20:40:04","modified_gmt":"2024-10-24T20:40:04","slug":"festmeny","status":"publish","type":"page","link":"https:\/\/galyarabok.drk.hu\/gb\/festmeny\/","title":{"rendered":"Grafika"},"content":{"rendered":"\n<figure class=\"wp-block-gallery has-nested-images columns-default is-cropped wp-block-gallery-1 is-layout-flex wp-block-gallery-is-layout-flex\">\n<figure class=\"wp-block-image size-large\"><a href=\"https:\/\/galyarabok.drk.hu\/wp-content\/uploads\/2021\/02\/J.R.Schellenberg_rezmetszete_1785.png\"><img loading=\"lazy\" decoding=\"async\" width=\"524\" height=\"709\" data-id=\"1145\" src=\"https:\/\/galyarabok.drk.hu\/wp-content\/uploads\/2021\/02\/J.R.Schellenberg_rezmetszete_1785.png\" alt=\"\" class=\"wp-image-1145\" srcset=\"https:\/\/galyarabok.drk.hu\/wp-content\/uploads\/2021\/02\/J.R.Schellenberg_rezmetszete_1785.png 524w, https:\/\/galyarabok.drk.hu\/wp-content\/uploads\/2021\/02\/J.R.Schellenberg_rezmetszete_1785-222x300.png 222w\" sizes=\"auto, (max-width: 524px) 100vw, 524px\" \/><\/a><figcaption class=\"wp-element-caption\">A magyar pr\u00e9dik\u00e1torok fogad\u00e1sa Z\u00fcrichben, 1676. m\u00e1jus 29-\u00e9n, r\u00e9zmetszet (J. R. Schellenberg, 1785, Z\u00fcrich)<\/figcaption><\/figure>\n\n\n\n<figure class=\"wp-block-image size-large\"><a href=\"https:\/\/galyarabok.drk.hu\/wp-content\/uploads\/2021\/02\/NAPRAGY_1.sz_FULEKI_ISTVAN_M.jpg\"><img loading=\"lazy\" decoding=\"async\" width=\"767\" height=\"1024\" data-id=\"573\" src=\"https:\/\/galyarabok.drk.hu\/wp-content\/uploads\/2021\/02\/NAPRAGY_1.sz_FULEKI_ISTVAN_M-767x1024.jpg\" alt=\"Napr\u00e1gy\" class=\"wp-image-573\" srcset=\"https:\/\/galyarabok.drk.hu\/wp-content\/uploads\/2021\/02\/NAPRAGY_1.sz_FULEKI_ISTVAN_M-767x1024.jpg 767w, https:\/\/galyarabok.drk.hu\/wp-content\/uploads\/2021\/02\/NAPRAGY_1.sz_FULEKI_ISTVAN_M-225x300.jpg 225w, https:\/\/galyarabok.drk.hu\/wp-content\/uploads\/2021\/02\/NAPRAGY_1.sz_FULEKI_ISTVAN_M-768x1025.jpg 768w, https:\/\/galyarabok.drk.hu\/wp-content\/uploads\/2021\/02\/NAPRAGY_1.sz_FULEKI_ISTVAN_M-1151x1536.jpg 1151w, https:\/\/galyarabok.drk.hu\/wp-content\/uploads\/2021\/02\/NAPRAGY_1.sz_FULEKI_ISTVAN_M-599x800.jpg 599w, https:\/\/galyarabok.drk.hu\/wp-content\/uploads\/2021\/02\/NAPRAGY_1.sz_FULEKI_ISTVAN_M.jpg 1534w\" sizes=\"auto, (max-width: 767px) 100vw, 767px\" \/><\/a><figcaption class=\"wp-element-caption\"><a href=\"https:\/\/galyarabok.drk.hu\/gb\/fuleki-istvan\/\" data-internallinksmanager029f6b8e52c=\"41\" title=\"F\u00fcleki Istv\u00e1n\">F\u00fcleki Istv\u00e1n<\/a>, napr\u00e1gyi ref. lelk\u00e9sz, tempera (dr. R\u00e1kos Lor\u00e1nt, 2017, <a href=\"https:\/\/galyarabok.drk.hu\/gb\/napragy\/\" data-internallinksmanager029f6b8e52c=\"89\" title=\"Napr\u00e1gy\">Napr\u00e1gy<\/a>)<\/figcaption><\/figure>\n\n\n\n<figure class=\"wp-block-image size-large\"><a href=\"https:\/\/galyarabok.drk.hu\/wp-content\/uploads\/2021\/02\/kiss_balint_festmenye_1846.jpg\"><img loading=\"lazy\" decoding=\"async\" width=\"176\" height=\"212\" data-id=\"1147\" src=\"https:\/\/galyarabok.drk.hu\/wp-content\/uploads\/2021\/02\/kiss_balint_festmenye_1846.jpg\" alt=\"\" class=\"wp-image-1147\"\/><\/a><figcaption class=\"wp-element-caption\"><a href=\"https:\/\/galyarabok.drk.hu\/gb\/jablonczai-pethes-janos\/\" data-internallinksmanager029f6b8e52c=\"45\" title=\"Jablonczai Pethes J\u00e1nos\">Jablonczai<\/a> Pethes J\u00e1nos le\u00e1ny\u00e1t\u00f3l b\u00facs\u00fazik a leopoldv\u00e1ri t\u00f6ml\u00f6c ablak\u00e1n\u00e1l 1674-ben, olajfestm\u00e9ny (Kiss B\u00e1lint, 1846)<\/figcaption><\/figure>\n\n\n\n<figure class=\"wp-block-image size-large\"><a href=\"https:\/\/galyarabok.drk.hu\/wp-content\/uploads\/2021\/02\/tammasy_miklos.jpg\"><img loading=\"lazy\" decoding=\"async\" width=\"1024\" height=\"695\" data-id=\"1148\" src=\"https:\/\/galyarabok.drk.hu\/wp-content\/uploads\/2021\/02\/tammasy_miklos-1024x695.jpg\" alt=\"\" class=\"wp-image-1148\" srcset=\"https:\/\/galyarabok.drk.hu\/wp-content\/uploads\/2021\/02\/tammasy_miklos-1024x695.jpg 1024w, https:\/\/galyarabok.drk.hu\/wp-content\/uploads\/2021\/02\/tammasy_miklos-300x204.jpg 300w, https:\/\/galyarabok.drk.hu\/wp-content\/uploads\/2021\/02\/tammasy_miklos-768x521.jpg 768w, https:\/\/galyarabok.drk.hu\/wp-content\/uploads\/2021\/02\/tammasy_miklos-1536x1042.jpg 1536w, https:\/\/galyarabok.drk.hu\/wp-content\/uploads\/2021\/02\/tammasy_miklos-1179x800.jpg 1179w, https:\/\/galyarabok.drk.hu\/wp-content\/uploads\/2021\/02\/tammasy_miklos.jpg 1802w\" sizes=\"auto, (max-width: 1024px) 100vw, 1024px\" \/><\/a><figcaption class=\"wp-element-caption\">Ruyter admir\u00e1lis az&nbsp;Eendracht haj\u00f3n fogadja a N\u00e1polyban kiszabad\u00edtott magyar pr\u00e9dik\u00e1torokat, olajfestm\u00e9ny (Tam\u00e1ssy Mikl\u00f3s, 1938, Debreceni Ref. Koll\u00e9gium)<\/figcaption><\/figure>\n\n\n\n<figure class=\"wp-block-image size-full\"><a href=\"https:\/\/galyarabok.drk.hu\/wp-content\/uploads\/2024\/10\/ZbZ-Kettos-festmeny.jpg\"><img loading=\"lazy\" decoding=\"async\" width=\"1000\" height=\"775\" data-id=\"1422\" src=\"https:\/\/galyarabok.drk.hu\/wp-content\/uploads\/2024\/10\/ZbZ-Kettos-festmeny.jpg\" alt=\"\" class=\"wp-image-1422\" srcset=\"https:\/\/galyarabok.drk.hu\/wp-content\/uploads\/2024\/10\/ZbZ-Kettos-festmeny.jpg 1000w, https:\/\/galyarabok.drk.hu\/wp-content\/uploads\/2024\/10\/ZbZ-Kettos-festmeny-300x233.jpg 300w, https:\/\/galyarabok.drk.hu\/wp-content\/uploads\/2024\/10\/ZbZ-Kettos-festmeny-768x595.jpg 768w\" sizes=\"auto, (max-width: 1000px) 100vw, 1000px\" \/><\/a><figcaption class=\"wp-element-caption\"><a href=\"https:\/\/galyarabok.drk.hu\/gb\/sellyei-m-istvan\/\" data-internallinksmanager029f6b8e52c=\"141\" title=\"S\u00e9llyei M. Istv\u00e1n\">S\u00e9llyei<\/a> Istv\u00e1n \u00e9s <a href=\"https:\/\/galyarabok.drk.hu\/gb\/harsanyi-moricz-istvan\/\" data-internallinksmanager029f6b8e52c=\"43\" title=\"Hars\u00e1nyi M\u00f3ricz Istv\u00e1n\">Hars\u00e1nyi<\/a> Istv\u00e1n, olajfestm\u00e9ny (K. Meyer, 1677, Z\u00fcrich)<\/figcaption><\/figure>\n\n\n\n<figure class=\"wp-block-image size-large\"><a href=\"https:\/\/galyarabok.drk.hu\/wp-content\/uploads\/2024\/10\/Sellyei-I_SzatmarnemGimn.jpg\"><img loading=\"lazy\" decoding=\"async\" width=\"580\" height=\"954\" data-id=\"1416\" src=\"https:\/\/galyarabok.drk.hu\/wp-content\/uploads\/2024\/10\/Sellyei-I_SzatmarnemGimn.jpg\" alt=\"\" class=\"wp-image-1416\" srcset=\"https:\/\/galyarabok.drk.hu\/wp-content\/uploads\/2024\/10\/Sellyei-I_SzatmarnemGimn.jpg 580w, https:\/\/galyarabok.drk.hu\/wp-content\/uploads\/2024\/10\/Sellyei-I_SzatmarnemGimn-182x300.jpg 182w, https:\/\/galyarabok.drk.hu\/wp-content\/uploads\/2024\/10\/Sellyei-I_SzatmarnemGimn-486x800.jpg 486w\" sizes=\"auto, (max-width: 580px) 100vw, 580px\" \/><\/a><figcaption class=\"wp-element-caption\">S\u00e9llyei M. Istv\u00e1n, p\u00e1pai ref. lelk\u00e9sz, olajfestm\u00e9ny (Bart\u00f3k Lajos, 1891, <a href=\"https:\/\/galyarabok.drk.hu\/gb\/szatmarnemeti\/\" data-internallinksmanager029f6b8e52c=\"112\" title=\"Szatm\u00e1rn\u00e9meti\">Szatm\u00e1rn\u00e9meti<\/a> Ref. Gimn\u00e1zium)<\/figcaption><\/figure>\n\n\n\n<figure class=\"wp-block-image size-large\"><a href=\"https:\/\/galyarabok.drk.hu\/wp-content\/uploads\/2021\/02\/SARO_DSC_4715_M.jpg\"><img loading=\"lazy\" decoding=\"async\" width=\"1024\" height=\"768\" data-id=\"860\" src=\"https:\/\/galyarabok.drk.hu\/wp-content\/uploads\/2021\/02\/SARO_DSC_4715_M-1024x768.jpg\" alt=\"S\u00e1r\u00f3\" class=\"wp-image-860\" srcset=\"https:\/\/galyarabok.drk.hu\/wp-content\/uploads\/2021\/02\/SARO_DSC_4715_M-1024x768.jpg 1024w, https:\/\/galyarabok.drk.hu\/wp-content\/uploads\/2021\/02\/SARO_DSC_4715_M-300x225.jpg 300w, https:\/\/galyarabok.drk.hu\/wp-content\/uploads\/2021\/02\/SARO_DSC_4715_M-768x576.jpg 768w, https:\/\/galyarabok.drk.hu\/wp-content\/uploads\/2021\/02\/SARO_DSC_4715_M-1536x1152.jpg 1536w, https:\/\/galyarabok.drk.hu\/wp-content\/uploads\/2021\/02\/SARO_DSC_4715_M-1067x800.jpg 1067w, https:\/\/galyarabok.drk.hu\/wp-content\/uploads\/2021\/02\/SARO_DSC_4715_M.jpg 2048w\" sizes=\"auto, (max-width: 1024px) 100vw, 1024px\" \/><\/a><figcaption class=\"wp-element-caption\"><a href=\"https:\/\/galyarabok.drk.hu\/gb\/szodoi-balogh-andras\/\" data-internallinksmanager029f6b8e52c=\"150\" title=\"Szod\u00f3i Balogh Andr\u00e1s\">Szod\u00f3i<\/a> Balog Andr\u00e1s, s\u00e1r\u00f3i ref. lelk\u00e9sz, tempera (2017, S\u00e1r\u00f3)<\/figcaption><\/figure>\n<\/figure>\n\n\n\n<p><\/p>\n","protected":false},"excerpt":{"rendered":"","protected":false},"author":1,"featured_media":1148,"parent":0,"menu_order":0,"comment_status":"closed","ping_status":"closed","template":"","meta":{"footnotes":""},"categories":[22,4],"tags":[],"class_list":["post-881","page","type-page","status-publish","has-post-thumbnail","hentry","category-festmeny","category-kepek"],"translation":{"provider":"WPGlobus","version":"3.0.2","language":"gb","enabled_languages":["hu","gb"],"languages":{"hu":{"title":true,"content":true,"excerpt":false},"gb":{"title":false,"content":false,"excerpt":false}}},"yoast_head":"<!-- This site is optimized with the Yoast SEO plugin v27.2 - https:\/\/yoast.com\/product\/yoast-seo-wordpress\/ -->\n<title>Grafika<\/title>\n<meta name=\"robots\" content=\"index, follow, max-snippet:-1, max-image-preview:large, max-video-preview:-1\" \/>\n<link rel=\"canonical\" href=\"https:\/\/galyarabok.drk.hu\/festmeny\/\" \/>\n<meta property=\"og:locale\" content=\"en_GB\" \/>\n<meta property=\"og:type\" content=\"article\" \/>\n<meta property=\"og:title\" content=\"Grafika\" \/>\n<meta property=\"og:url\" content=\"https:\/\/galyarabok.drk.hu\/festmeny\/\" \/>\n<meta property=\"og:site_name\" content=\"Galley slave memorial road\" \/>\n<meta property=\"article:publisher\" content=\"https:\/\/www.facebook.com\/profile.php?id=61567825314709\" \/>\n<meta property=\"article:modified_time\" content=\"2024-10-24T20:40:04+00:00\" \/>\n<meta property=\"og:image\" content=\"https:\/\/galyarabok.drk.hu\/wp-content\/uploads\/2021\/02\/tammasy_miklos.jpg\" \/>\n\t<meta property=\"og:image:width\" content=\"1802\" \/>\n\t<meta property=\"og:image:height\" content=\"1223\" \/>\n\t<meta property=\"og:image:type\" content=\"image\/jpeg\" \/>\n<meta name=\"twitter:card\" content=\"summary_large_image\" \/>\n<meta name=\"twitter:label1\" content=\"Est. reading time\" \/>\n\t<meta name=\"twitter:data1\" content=\"1 minute\" \/>\n<script type=\"application\/ld+json\" class=\"yoast-schema-graph\">{\"@context\":\"https:\/\/schema.org\",\"@graph\":[{\"@type\":\"WebPage\",\"@id\":\"https:\/\/galyarabok.drk.hu\/festmeny\/\",\"url\":\"https:\/\/galyarabok.drk.hu\/festmeny\/\",\"name\":\"Grafika\",\"isPartOf\":{\"@id\":\"https:\/\/galyarabok.drk.hu\/#website\"},\"primaryImageOfPage\":{\"@id\":\"https:\/\/galyarabok.drk.hu\/festmeny\/#primaryimage\"},\"image\":{\"@id\":\"https:\/\/galyarabok.drk.hu\/festmeny\/#primaryimage\"},\"thumbnailUrl\":\"https:\/\/galyarabok.drk.hu\/wp-content\/uploads\/2021\/02\/tammasy_miklos.jpg\",\"datePublished\":\"2021-02-03T11:38:24+00:00\",\"dateModified\":\"2024-10-24T20:40:04+00:00\",\"breadcrumb\":{\"@id\":\"https:\/\/galyarabok.drk.hu\/festmeny\/#breadcrumb\"},\"inLanguage\":\"en-GB\",\"potentialAction\":[{\"@type\":\"ReadAction\",\"target\":[\"https:\/\/galyarabok.drk.hu\/festmeny\/\"]}]},{\"@type\":\"ImageObject\",\"inLanguage\":\"en-GB\",\"@id\":\"https:\/\/galyarabok.drk.hu\/festmeny\/#primaryimage\",\"url\":\"https:\/\/galyarabok.drk.hu\/wp-content\/uploads\/2021\/02\/tammasy_miklos.jpg\",\"contentUrl\":\"https:\/\/galyarabok.drk.hu\/wp-content\/uploads\/2021\/02\/tammasy_miklos.jpg\",\"width\":1802,\"height\":1223,\"caption\":\"Ruyter admir\u00e1lis az Eendracht haj\u00f3n fogadja a N\u00e1polyban kiszabad\u00edtott magyar pr\u00e9dik\u00e1torokat, olajfestm\u00e9ny (Tam\u00e1ssy Mikl\u00f3s, 1938, Debreceni Ref. Koll\u00e9gium)\"},{\"@type\":\"BreadcrumbList\",\"@id\":\"https:\/\/galyarabok.drk.hu\/festmeny\/#breadcrumb\",\"itemListElement\":[{\"@type\":\"ListItem\",\"position\":1,\"name\":\"Kezd\u0151lap\",\"item\":\"https:\/\/galyarabok.drk.hu\/\"},{\"@type\":\"ListItem\",\"position\":2,\"name\":\"Grafika\"}]},{\"@type\":\"WebSite\",\"@id\":\"https:\/\/galyarabok.drk.hu\/#website\",\"url\":\"https:\/\/galyarabok.drk.hu\/\",\"name\":\"G\u00e1lyarab-eml\u00e9k\u00fat\",\"description\":\"The remembrance of the Hungarian protestant galley slaves. Made and can be visited from the 350th anniversary of the galley slavery (2024)\",\"publisher\":{\"@id\":\"https:\/\/galyarabok.drk.hu\/#organization\"},\"potentialAction\":[{\"@type\":\"SearchAction\",\"target\":{\"@type\":\"EntryPoint\",\"urlTemplate\":\"https:\/\/galyarabok.drk.hu\/?s={search_term_string}\"},\"query-input\":{\"@type\":\"PropertyValueSpecification\",\"valueRequired\":true,\"valueName\":\"search_term_string\"}}],\"inLanguage\":\"en-GB\"},{\"@type\":\"Organization\",\"@id\":\"https:\/\/galyarabok.drk.hu\/#organization\",\"name\":\"G\u00e1lyarab-eml\u00e9k\u00fat\",\"url\":\"https:\/\/galyarabok.drk.hu\/\",\"logo\":{\"@type\":\"ImageObject\",\"inLanguage\":\"en-GB\",\"@id\":\"https:\/\/galyarabok.drk.hu\/#\/schema\/logo\/image\/\",\"url\":\"https:\/\/galyarabok.drk.hu\/wp-content\/uploads\/2021\/02\/cropped-galya-kor-arny-vilagos.png\",\"contentUrl\":\"https:\/\/galyarabok.drk.hu\/wp-content\/uploads\/2021\/02\/cropped-galya-kor-arny-vilagos.png\",\"width\":102,\"height\":100,\"caption\":\"G\u00e1lyarab-eml\u00e9k\u00fat\"},\"image\":{\"@id\":\"https:\/\/galyarabok.drk.hu\/#\/schema\/logo\/image\/\"},\"sameAs\":[\"https:\/\/www.facebook.com\/profile.php?id=61567825314709\"]}]}<\/script>\n<!-- \/ Yoast SEO plugin. -->","yoast_head_json":{"title":"Grafika","robots":{"index":"index","follow":"follow","max-snippet":"max-snippet:-1","max-image-preview":"max-image-preview:large","max-video-preview":"max-video-preview:-1"},"canonical":"https:\/\/galyarabok.drk.hu\/festmeny\/","og_locale":"en_GB","og_type":"article","og_title":"Grafika","og_url":"https:\/\/galyarabok.drk.hu\/festmeny\/","og_site_name":"Galley slave memorial road","article_publisher":"https:\/\/www.facebook.com\/profile.php?id=61567825314709","article_modified_time":"2024-10-24T20:40:04+00:00","og_image":[{"width":1802,"height":1223,"url":"https:\/\/galyarabok.drk.hu\/wp-content\/uploads\/2021\/02\/tammasy_miklos.jpg","type":"image\/jpeg"}],"twitter_card":"summary_large_image","twitter_misc":{"Est. reading time":"1 minute"},"schema":{"@context":"https:\/\/schema.org","@graph":[{"@type":"WebPage","@id":"https:\/\/galyarabok.drk.hu\/festmeny\/","url":"https:\/\/galyarabok.drk.hu\/festmeny\/","name":"Grafika","isPartOf":{"@id":"https:\/\/galyarabok.drk.hu\/#website"},"primaryImageOfPage":{"@id":"https:\/\/galyarabok.drk.hu\/festmeny\/#primaryimage"},"image":{"@id":"https:\/\/galyarabok.drk.hu\/festmeny\/#primaryimage"},"thumbnailUrl":"https:\/\/galyarabok.drk.hu\/wp-content\/uploads\/2021\/02\/tammasy_miklos.jpg","datePublished":"2021-02-03T11:38:24+00:00","dateModified":"2024-10-24T20:40:04+00:00","breadcrumb":{"@id":"https:\/\/galyarabok.drk.hu\/festmeny\/#breadcrumb"},"inLanguage":"en-GB","potentialAction":[{"@type":"ReadAction","target":["https:\/\/galyarabok.drk.hu\/festmeny\/"]}]},{"@type":"ImageObject","inLanguage":"en-GB","@id":"https:\/\/galyarabok.drk.hu\/festmeny\/#primaryimage","url":"https:\/\/galyarabok.drk.hu\/wp-content\/uploads\/2021\/02\/tammasy_miklos.jpg","contentUrl":"https:\/\/galyarabok.drk.hu\/wp-content\/uploads\/2021\/02\/tammasy_miklos.jpg","width":1802,"height":1223,"caption":"Ruyter admir\u00e1lis az Eendracht haj\u00f3n fogadja a N\u00e1polyban kiszabad\u00edtott magyar pr\u00e9dik\u00e1torokat, olajfestm\u00e9ny (Tam\u00e1ssy Mikl\u00f3s, 1938, Debreceni Ref. Koll\u00e9gium)"},{"@type":"BreadcrumbList","@id":"https:\/\/galyarabok.drk.hu\/festmeny\/#breadcrumb","itemListElement":[{"@type":"ListItem","position":1,"name":"Kezd\u0151lap","item":"https:\/\/galyarabok.drk.hu\/"},{"@type":"ListItem","position":2,"name":"Grafika"}]},{"@type":"WebSite","@id":"https:\/\/galyarabok.drk.hu\/#website","url":"https:\/\/galyarabok.drk.hu\/","name":"G\u00e1lyarab-eml\u00e9k\u00fat","description":"The remembrance of the Hungarian protestant galley slaves. Made and can be visited from the 350th anniversary of the galley slavery (2024)","publisher":{"@id":"https:\/\/galyarabok.drk.hu\/#organization"},"potentialAction":[{"@type":"SearchAction","target":{"@type":"EntryPoint","urlTemplate":"https:\/\/galyarabok.drk.hu\/?s={search_term_string}"},"query-input":{"@type":"PropertyValueSpecification","valueRequired":true,"valueName":"search_term_string"}}],"inLanguage":"en-GB"},{"@type":"Organization","@id":"https:\/\/galyarabok.drk.hu\/#organization","name":"G\u00e1lyarab-eml\u00e9k\u00fat","url":"https:\/\/galyarabok.drk.hu\/","logo":{"@type":"ImageObject","inLanguage":"en-GB","@id":"https:\/\/galyarabok.drk.hu\/#\/schema\/logo\/image\/","url":"https:\/\/galyarabok.drk.hu\/wp-content\/uploads\/2021\/02\/cropped-galya-kor-arny-vilagos.png","contentUrl":"https:\/\/galyarabok.drk.hu\/wp-content\/uploads\/2021\/02\/cropped-galya-kor-arny-vilagos.png","width":102,"height":100,"caption":"G\u00e1lyarab-eml\u00e9k\u00fat"},"image":{"@id":"https:\/\/galyarabok.drk.hu\/#\/schema\/logo\/image\/"},"sameAs":["https:\/\/www.facebook.com\/profile.php?id=61567825314709"]}]}},"_links":{"self":[{"href":"https:\/\/galyarabok.drk.hu\/gb\/wp-json\/wp\/v2\/pages\/881","targetHints":{"allow":["GET"]}}],"collection":[{"href":"https:\/\/galyarabok.drk.hu\/gb\/wp-json\/wp\/v2\/pages"}],"about":[{"href":"https:\/\/galyarabok.drk.hu\/gb\/wp-json\/wp\/v2\/types\/page"}],"author":[{"embeddable":true,"href":"https:\/\/galyarabok.drk.hu\/gb\/wp-json\/wp\/v2\/users\/1"}],"replies":[{"embeddable":true,"href":"https:\/\/galyarabok.drk.hu\/gb\/wp-json\/wp\/v2\/comments?post=881"}],"version-history":[{"count":8,"href":"https:\/\/galyarabok.drk.hu\/gb\/wp-json\/wp\/v2\/pages\/881\/revisions"}],"predecessor-version":[{"id":1547,"href":"https:\/\/galyarabok.drk.hu\/gb\/wp-json\/wp\/v2\/pages\/881\/revisions\/1547"}],"wp:featuredmedia":[{"embeddable":true,"href":"https:\/\/galyarabok.drk.hu\/gb\/wp-json\/wp\/v2\/media\/1148"}],"wp:attachment":[{"href":"https:\/\/galyarabok.drk.hu\/gb\/wp-json\/wp\/v2\/media?parent=881"}],"wp:term":[{"taxonomy":"category","embeddable":true,"href":"https:\/\/galyarabok.drk.hu\/gb\/wp-json\/wp\/v2\/categories?post=881"},{"taxonomy":"post_tag","embeddable":true,"href":"https:\/\/galyarabok.drk.hu\/gb\/wp-json\/wp\/v2\/tags?post=881"}],"curies":[{"name":"wp","href":"https:\/\/api.w.org\/{rel}","templated":true}]}}