{"id":857,"date":"2021-02-03T10:51:47","date_gmt":"2021-02-03T10:51:47","guid":{"rendered":"http:\/\/chuckie.hu\/wp\/?page_id=857"},"modified":"2024-10-22T15:02:55","modified_gmt":"2024-10-22T15:02:55","slug":"kozos-emlektablak","status":"publish","type":"page","link":"https:\/\/galyarabok.drk.hu\/gb\/kozos-emlektablak\/","title":{"rendered":"K\u00f6z\u00f6s eml\u00e9kt\u00e1bl\u00e1k"},"content":{"rendered":"\n<figure class=\"wp-block-gallery has-nested-images columns-4 is-cropped wp-block-gallery-1 is-layout-flex wp-block-gallery-is-layout-flex\">\n<figure class=\"wp-block-image size-large\"><a href=\"https:\/\/galyarabok.drk.hu\/wp-content\/uploads\/2021\/02\/BUDAPEST-KOBANYA_DSC_5299_M.jpg\"><img loading=\"lazy\" decoding=\"async\" width=\"768\" height=\"1024\" data-id=\"324\" src=\"https:\/\/galyarabok.drk.hu\/wp-content\/uploads\/2021\/02\/BUDAPEST-KOBANYA_DSC_5299_M-768x1024.jpg\" alt=\"Budapest-K\u0151b\u00e1nya\" class=\"wp-image-324\" srcset=\"https:\/\/galyarabok.drk.hu\/wp-content\/uploads\/2021\/02\/BUDAPEST-KOBANYA_DSC_5299_M-768x1024.jpg 768w, https:\/\/galyarabok.drk.hu\/wp-content\/uploads\/2021\/02\/BUDAPEST-KOBANYA_DSC_5299_M-225x300.jpg 225w, https:\/\/galyarabok.drk.hu\/wp-content\/uploads\/2021\/02\/BUDAPEST-KOBANYA_DSC_5299_M-1152x1536.jpg 1152w, https:\/\/galyarabok.drk.hu\/wp-content\/uploads\/2021\/02\/BUDAPEST-KOBANYA_DSC_5299_M-600x800.jpg 600w, https:\/\/galyarabok.drk.hu\/wp-content\/uploads\/2021\/02\/BUDAPEST-KOBANYA_DSC_5299_M.jpg 1536w\" sizes=\"auto, (max-width: 768px) 100vw, 768px\" \/><\/a><figcaption class=\"wp-element-caption\"><a href=\"https:\/\/galyarabok.drk.hu\/gb\/budapest-kobanya\/\" data-internallinksmanager029f6b8e52c=\"13\" title=\"Budapest-K\u0151b\u00e1nya\">Budapest-K\u0151b\u00e1nya<\/a><\/figcaption><\/figure>\n\n\n\n<figure class=\"wp-block-image size-large\"><a href=\"https:\/\/galyarabok.drk.hu\/wp-content\/uploads\/2021\/02\/BUDAPEST_ZSINAT_Zsinat-1936_M.jpg\"><img loading=\"lazy\" decoding=\"async\" width=\"1024\" height=\"768\" data-id=\"319\" src=\"https:\/\/galyarabok.drk.hu\/wp-content\/uploads\/2021\/02\/BUDAPEST_ZSINAT_Zsinat-1936_M-1024x768.jpg\" alt=\"Budapest-MRE Zsinati Sz\u00e9kh\u00e1z\" class=\"wp-image-319\" srcset=\"https:\/\/galyarabok.drk.hu\/wp-content\/uploads\/2021\/02\/BUDAPEST_ZSINAT_Zsinat-1936_M-1024x768.jpg 1024w, https:\/\/galyarabok.drk.hu\/wp-content\/uploads\/2021\/02\/BUDAPEST_ZSINAT_Zsinat-1936_M-300x225.jpg 300w, https:\/\/galyarabok.drk.hu\/wp-content\/uploads\/2021\/02\/BUDAPEST_ZSINAT_Zsinat-1936_M-768x576.jpg 768w, https:\/\/galyarabok.drk.hu\/wp-content\/uploads\/2021\/02\/BUDAPEST_ZSINAT_Zsinat-1936_M-1536x1152.jpg 1536w, https:\/\/galyarabok.drk.hu\/wp-content\/uploads\/2021\/02\/BUDAPEST_ZSINAT_Zsinat-1936_M-1067x800.jpg 1067w, https:\/\/galyarabok.drk.hu\/wp-content\/uploads\/2021\/02\/BUDAPEST_ZSINAT_Zsinat-1936_M.jpg 2048w\" sizes=\"auto, (max-width: 1024px) 100vw, 1024px\" \/><\/a><figcaption class=\"wp-element-caption\"><a href=\"https:\/\/galyarabok.drk.hu\/gb\/budapest-mre-zsinati-szekhaz\/\" data-internallinksmanager029f6b8e52c=\"15\" title=\"Budapest-MRE Zsinati Sz\u00e9kh\u00e1z\">Budapest-MRE Zsinati Sz\u00e9kh\u00e1z<\/a><br><\/figcaption><\/figure>\n\n\n\n<figure class=\"wp-block-image size-large\"><a href=\"https:\/\/galyarabok.drk.hu\/wp-content\/uploads\/2021\/02\/NAGYKAPOS_DSC_5337_M.jpg\"><img loading=\"lazy\" decoding=\"async\" width=\"768\" height=\"1024\" data-id=\"553\" src=\"https:\/\/galyarabok.drk.hu\/wp-content\/uploads\/2021\/02\/NAGYKAPOS_DSC_5337_M-768x1024.jpg\" alt=\"Nagykapos\" class=\"wp-image-553\" srcset=\"https:\/\/galyarabok.drk.hu\/wp-content\/uploads\/2021\/02\/NAGYKAPOS_DSC_5337_M-768x1024.jpg 768w, https:\/\/galyarabok.drk.hu\/wp-content\/uploads\/2021\/02\/NAGYKAPOS_DSC_5337_M-225x300.jpg 225w, https:\/\/galyarabok.drk.hu\/wp-content\/uploads\/2021\/02\/NAGYKAPOS_DSC_5337_M-1152x1536.jpg 1152w, https:\/\/galyarabok.drk.hu\/wp-content\/uploads\/2021\/02\/NAGYKAPOS_DSC_5337_M-600x800.jpg 600w, https:\/\/galyarabok.drk.hu\/wp-content\/uploads\/2021\/02\/NAGYKAPOS_DSC_5337_M.jpg 1536w\" sizes=\"auto, (max-width: 768px) 100vw, 768px\" \/><\/a><figcaption class=\"wp-element-caption\"><a href=\"https:\/\/galyarabok.drk.hu\/gb\/nagykapos\/\" data-internallinksmanager029f6b8e52c=\"84\" title=\"Nagykapos\">Nagykapos<\/a><\/figcaption><\/figure>\n\n\n\n<figure class=\"wp-block-image size-large\"><a href=\"https:\/\/galyarabok.drk.hu\/wp-content\/uploads\/2021\/02\/RIMASZOMBAT_DSC_4244_M-1.jpg\"><img loading=\"lazy\" decoding=\"async\" width=\"768\" height=\"1024\" data-id=\"636\" src=\"https:\/\/galyarabok.drk.hu\/wp-content\/uploads\/2021\/02\/RIMASZOMBAT_DSC_4244_M-1-768x1024.jpg\" alt=\"Rimaszombat\" class=\"wp-image-636\" srcset=\"https:\/\/galyarabok.drk.hu\/wp-content\/uploads\/2021\/02\/RIMASZOMBAT_DSC_4244_M-1-768x1024.jpg 768w, https:\/\/galyarabok.drk.hu\/wp-content\/uploads\/2021\/02\/RIMASZOMBAT_DSC_4244_M-1-225x300.jpg 225w, https:\/\/galyarabok.drk.hu\/wp-content\/uploads\/2021\/02\/RIMASZOMBAT_DSC_4244_M-1-1152x1536.jpg 1152w, https:\/\/galyarabok.drk.hu\/wp-content\/uploads\/2021\/02\/RIMASZOMBAT_DSC_4244_M-1-600x800.jpg 600w, https:\/\/galyarabok.drk.hu\/wp-content\/uploads\/2021\/02\/RIMASZOMBAT_DSC_4244_M-1.jpg 1536w\" sizes=\"auto, (max-width: 768px) 100vw, 768px\" \/><\/a><figcaption class=\"wp-element-caption\"><a href=\"https:\/\/galyarabok.drk.hu\/gb\/rimaszombat\/\" data-internallinksmanager029f6b8e52c=\"104\" title=\"Rimaszombat\">Rimaszombat<\/a><\/figcaption><\/figure>\n\n\n\n<figure class=\"wp-block-image size-large\"><a href=\"https:\/\/galyarabok.drk.hu\/wp-content\/uploads\/2021\/02\/SARVAR_DSC_5054_M-scaled.jpg\"><img loading=\"lazy\" decoding=\"async\" width=\"1024\" height=\"768\" data-id=\"666\" src=\"https:\/\/galyarabok.drk.hu\/wp-content\/uploads\/2021\/02\/SARVAR_DSC_5054_M-1024x768.jpg\" alt=\"S\u00e1rv\u00e1r\" class=\"wp-image-666\" srcset=\"https:\/\/galyarabok.drk.hu\/wp-content\/uploads\/2021\/02\/SARVAR_DSC_5054_M-1024x768.jpg 1024w, https:\/\/galyarabok.drk.hu\/wp-content\/uploads\/2021\/02\/SARVAR_DSC_5054_M-300x225.jpg 300w, https:\/\/galyarabok.drk.hu\/wp-content\/uploads\/2021\/02\/SARVAR_DSC_5054_M-768x576.jpg 768w, https:\/\/galyarabok.drk.hu\/wp-content\/uploads\/2021\/02\/SARVAR_DSC_5054_M-1536x1152.jpg 1536w, https:\/\/galyarabok.drk.hu\/wp-content\/uploads\/2021\/02\/SARVAR_DSC_5054_M-2048x1536.jpg 2048w, https:\/\/galyarabok.drk.hu\/wp-content\/uploads\/2021\/02\/SARVAR_DSC_5054_M-1067x800.jpg 1067w\" sizes=\"auto, (max-width: 1024px) 100vw, 1024px\" \/><\/a><figcaption class=\"wp-element-caption\"><a href=\"https:\/\/galyarabok.drk.hu\/gb\/sarvar\/\" data-internallinksmanager029f6b8e52c=\"108\" title=\"S\u00e1rv\u00e1r\">S\u00e1rv\u00e1r<\/a><\/figcaption><\/figure>\n<\/figure>\n","protected":false},"excerpt":{"rendered":"","protected":false},"author":1,"featured_media":635,"parent":0,"menu_order":0,"comment_status":"closed","ping_status":"closed","template":"","meta":{"footnotes":""},"categories":[16],"tags":[],"class_list":["post-857","page","type-page","status-publish","has-post-thumbnail","hentry","category-emlektablak"],"translation":{"provider":"WPGlobus","version":"3.0.2","language":"gb","enabled_languages":["hu","gb"],"languages":{"hu":{"title":true,"content":true,"excerpt":false},"gb":{"title":false,"content":false,"excerpt":false}}},"yoast_head":"<!-- This site is optimized with the Yoast SEO plugin v27.2 - https:\/\/yoast.com\/product\/yoast-seo-wordpress\/ -->\n<title>K\u00f6z\u00f6s eml\u00e9kt\u00e1bl\u00e1k<\/title>\n<meta name=\"robots\" content=\"index, follow, max-snippet:-1, max-image-preview:large, max-video-preview:-1\" \/>\n<link rel=\"canonical\" href=\"https:\/\/galyarabok.drk.hu\/kozos-emlektablak\/\" \/>\n<meta property=\"og:locale\" content=\"en_GB\" \/>\n<meta property=\"og:type\" content=\"article\" \/>\n<meta property=\"og:title\" content=\"K\u00f6z\u00f6s eml\u00e9kt\u00e1bl\u00e1k\" \/>\n<meta property=\"og:url\" content=\"https:\/\/galyarabok.drk.hu\/kozos-emlektablak\/\" \/>\n<meta property=\"og:site_name\" content=\"Galley slave memorial road\" \/>\n<meta property=\"article:publisher\" content=\"https:\/\/www.facebook.com\/profile.php?id=61567825314709\" \/>\n<meta property=\"article:modified_time\" content=\"2024-10-22T15:02:55+00:00\" \/>\n<meta property=\"og:image\" content=\"https:\/\/galyarabok.drk.hu\/wp-content\/uploads\/2021\/02\/RIMASZOMBAT_DSC_4244_M-768x1024.jpg\" \/>\n\t<meta property=\"og:image:width\" content=\"768\" \/>\n\t<meta property=\"og:image:height\" content=\"1024\" \/>\n\t<meta property=\"og:image:type\" content=\"image\/jpeg\" \/>\n<meta name=\"twitter:card\" content=\"summary_large_image\" \/>\n<script type=\"application\/ld+json\" class=\"yoast-schema-graph\">{\"@context\":\"https:\/\/schema.org\",\"@graph\":[{\"@type\":\"WebPage\",\"@id\":\"https:\/\/galyarabok.drk.hu\/kozos-emlektablak\/\",\"url\":\"https:\/\/galyarabok.drk.hu\/kozos-emlektablak\/\",\"name\":\"K\u00f6z\u00f6s eml\u00e9kt\u00e1bl\u00e1k\",\"isPartOf\":{\"@id\":\"https:\/\/galyarabok.drk.hu\/#website\"},\"primaryImageOfPage\":{\"@id\":\"https:\/\/galyarabok.drk.hu\/kozos-emlektablak\/#primaryimage\"},\"image\":{\"@id\":\"https:\/\/galyarabok.drk.hu\/kozos-emlektablak\/#primaryimage\"},\"thumbnailUrl\":\"https:\/\/galyarabok.drk.hu\/wp-content\/uploads\/2021\/02\/RIMASZOMBAT_DSC_4244_M.jpg\",\"datePublished\":\"2021-02-03T10:51:47+00:00\",\"dateModified\":\"2024-10-22T15:02:55+00:00\",\"breadcrumb\":{\"@id\":\"https:\/\/galyarabok.drk.hu\/kozos-emlektablak\/#breadcrumb\"},\"inLanguage\":\"en-GB\",\"potentialAction\":[{\"@type\":\"ReadAction\",\"target\":[\"https:\/\/galyarabok.drk.hu\/kozos-emlektablak\/\"]}]},{\"@type\":\"ImageObject\",\"inLanguage\":\"en-GB\",\"@id\":\"https:\/\/galyarabok.drk.hu\/kozos-emlektablak\/#primaryimage\",\"url\":\"https:\/\/galyarabok.drk.hu\/wp-content\/uploads\/2021\/02\/RIMASZOMBAT_DSC_4244_M.jpg\",\"contentUrl\":\"https:\/\/galyarabok.drk.hu\/wp-content\/uploads\/2021\/02\/RIMASZOMBAT_DSC_4244_M.jpg\",\"width\":1536,\"height\":2048},{\"@type\":\"BreadcrumbList\",\"@id\":\"https:\/\/galyarabok.drk.hu\/kozos-emlektablak\/#breadcrumb\",\"itemListElement\":[{\"@type\":\"ListItem\",\"position\":1,\"name\":\"Kezd\u0151lap\",\"item\":\"https:\/\/galyarabok.drk.hu\/\"},{\"@type\":\"ListItem\",\"position\":2,\"name\":\"K\u00f6z\u00f6s eml\u00e9kt\u00e1bl\u00e1k\"}]},{\"@type\":\"WebSite\",\"@id\":\"https:\/\/galyarabok.drk.hu\/#website\",\"url\":\"https:\/\/galyarabok.drk.hu\/\",\"name\":\"G\u00e1lyarab-eml\u00e9k\u00fat\",\"description\":\"The remembrance of the Hungarian protestant galley slaves. Made and can be visited from the 350th anniversary of the galley slavery (2024)\",\"publisher\":{\"@id\":\"https:\/\/galyarabok.drk.hu\/#organization\"},\"potentialAction\":[{\"@type\":\"SearchAction\",\"target\":{\"@type\":\"EntryPoint\",\"urlTemplate\":\"https:\/\/galyarabok.drk.hu\/?s={search_term_string}\"},\"query-input\":{\"@type\":\"PropertyValueSpecification\",\"valueRequired\":true,\"valueName\":\"search_term_string\"}}],\"inLanguage\":\"en-GB\"},{\"@type\":\"Organization\",\"@id\":\"https:\/\/galyarabok.drk.hu\/#organization\",\"name\":\"G\u00e1lyarab-eml\u00e9k\u00fat\",\"url\":\"https:\/\/galyarabok.drk.hu\/\",\"logo\":{\"@type\":\"ImageObject\",\"inLanguage\":\"en-GB\",\"@id\":\"https:\/\/galyarabok.drk.hu\/#\/schema\/logo\/image\/\",\"url\":\"https:\/\/galyarabok.drk.hu\/wp-content\/uploads\/2021\/02\/cropped-galya-kor-arny-vilagos.png\",\"contentUrl\":\"https:\/\/galyarabok.drk.hu\/wp-content\/uploads\/2021\/02\/cropped-galya-kor-arny-vilagos.png\",\"width\":102,\"height\":100,\"caption\":\"G\u00e1lyarab-eml\u00e9k\u00fat\"},\"image\":{\"@id\":\"https:\/\/galyarabok.drk.hu\/#\/schema\/logo\/image\/\"},\"sameAs\":[\"https:\/\/www.facebook.com\/profile.php?id=61567825314709\"]}]}<\/script>\n<!-- \/ Yoast SEO plugin. -->","yoast_head_json":{"title":"K\u00f6z\u00f6s eml\u00e9kt\u00e1bl\u00e1k","robots":{"index":"index","follow":"follow","max-snippet":"max-snippet:-1","max-image-preview":"max-image-preview:large","max-video-preview":"max-video-preview:-1"},"canonical":"https:\/\/galyarabok.drk.hu\/kozos-emlektablak\/","og_locale":"en_GB","og_type":"article","og_title":"K\u00f6z\u00f6s eml\u00e9kt\u00e1bl\u00e1k","og_url":"https:\/\/galyarabok.drk.hu\/kozos-emlektablak\/","og_site_name":"Galley slave memorial road","article_publisher":"https:\/\/www.facebook.com\/profile.php?id=61567825314709","article_modified_time":"2024-10-22T15:02:55+00:00","og_image":[{"width":768,"height":1024,"url":"https:\/\/galyarabok.drk.hu\/wp-content\/uploads\/2021\/02\/RIMASZOMBAT_DSC_4244_M-768x1024.jpg","type":"image\/jpeg"}],"twitter_card":"summary_large_image","schema":{"@context":"https:\/\/schema.org","@graph":[{"@type":"WebPage","@id":"https:\/\/galyarabok.drk.hu\/kozos-emlektablak\/","url":"https:\/\/galyarabok.drk.hu\/kozos-emlektablak\/","name":"K\u00f6z\u00f6s eml\u00e9kt\u00e1bl\u00e1k","isPartOf":{"@id":"https:\/\/galyarabok.drk.hu\/#website"},"primaryImageOfPage":{"@id":"https:\/\/galyarabok.drk.hu\/kozos-emlektablak\/#primaryimage"},"image":{"@id":"https:\/\/galyarabok.drk.hu\/kozos-emlektablak\/#primaryimage"},"thumbnailUrl":"https:\/\/galyarabok.drk.hu\/wp-content\/uploads\/2021\/02\/RIMASZOMBAT_DSC_4244_M.jpg","datePublished":"2021-02-03T10:51:47+00:00","dateModified":"2024-10-22T15:02:55+00:00","breadcrumb":{"@id":"https:\/\/galyarabok.drk.hu\/kozos-emlektablak\/#breadcrumb"},"inLanguage":"en-GB","potentialAction":[{"@type":"ReadAction","target":["https:\/\/galyarabok.drk.hu\/kozos-emlektablak\/"]}]},{"@type":"ImageObject","inLanguage":"en-GB","@id":"https:\/\/galyarabok.drk.hu\/kozos-emlektablak\/#primaryimage","url":"https:\/\/galyarabok.drk.hu\/wp-content\/uploads\/2021\/02\/RIMASZOMBAT_DSC_4244_M.jpg","contentUrl":"https:\/\/galyarabok.drk.hu\/wp-content\/uploads\/2021\/02\/RIMASZOMBAT_DSC_4244_M.jpg","width":1536,"height":2048},{"@type":"BreadcrumbList","@id":"https:\/\/galyarabok.drk.hu\/kozos-emlektablak\/#breadcrumb","itemListElement":[{"@type":"ListItem","position":1,"name":"Kezd\u0151lap","item":"https:\/\/galyarabok.drk.hu\/"},{"@type":"ListItem","position":2,"name":"K\u00f6z\u00f6s eml\u00e9kt\u00e1bl\u00e1k"}]},{"@type":"WebSite","@id":"https:\/\/galyarabok.drk.hu\/#website","url":"https:\/\/galyarabok.drk.hu\/","name":"G\u00e1lyarab-eml\u00e9k\u00fat","description":"The remembrance of the Hungarian protestant galley slaves. Made and can be visited from the 350th anniversary of the galley slavery (2024)","publisher":{"@id":"https:\/\/galyarabok.drk.hu\/#organization"},"potentialAction":[{"@type":"SearchAction","target":{"@type":"EntryPoint","urlTemplate":"https:\/\/galyarabok.drk.hu\/?s={search_term_string}"},"query-input":{"@type":"PropertyValueSpecification","valueRequired":true,"valueName":"search_term_string"}}],"inLanguage":"en-GB"},{"@type":"Organization","@id":"https:\/\/galyarabok.drk.hu\/#organization","name":"G\u00e1lyarab-eml\u00e9k\u00fat","url":"https:\/\/galyarabok.drk.hu\/","logo":{"@type":"ImageObject","inLanguage":"en-GB","@id":"https:\/\/galyarabok.drk.hu\/#\/schema\/logo\/image\/","url":"https:\/\/galyarabok.drk.hu\/wp-content\/uploads\/2021\/02\/cropped-galya-kor-arny-vilagos.png","contentUrl":"https:\/\/galyarabok.drk.hu\/wp-content\/uploads\/2021\/02\/cropped-galya-kor-arny-vilagos.png","width":102,"height":100,"caption":"G\u00e1lyarab-eml\u00e9k\u00fat"},"image":{"@id":"https:\/\/galyarabok.drk.hu\/#\/schema\/logo\/image\/"},"sameAs":["https:\/\/www.facebook.com\/profile.php?id=61567825314709"]}]}},"_links":{"self":[{"href":"https:\/\/galyarabok.drk.hu\/gb\/wp-json\/wp\/v2\/pages\/857","targetHints":{"allow":["GET"]}}],"collection":[{"href":"https:\/\/galyarabok.drk.hu\/gb\/wp-json\/wp\/v2\/pages"}],"about":[{"href":"https:\/\/galyarabok.drk.hu\/gb\/wp-json\/wp\/v2\/types\/page"}],"author":[{"embeddable":true,"href":"https:\/\/galyarabok.drk.hu\/gb\/wp-json\/wp\/v2\/users\/1"}],"replies":[{"embeddable":true,"href":"https:\/\/galyarabok.drk.hu\/gb\/wp-json\/wp\/v2\/comments?post=857"}],"version-history":[{"count":7,"href":"https:\/\/galyarabok.drk.hu\/gb\/wp-json\/wp\/v2\/pages\/857\/revisions"}],"predecessor-version":[{"id":1357,"href":"https:\/\/galyarabok.drk.hu\/gb\/wp-json\/wp\/v2\/pages\/857\/revisions\/1357"}],"wp:featuredmedia":[{"embeddable":true,"href":"https:\/\/galyarabok.drk.hu\/gb\/wp-json\/wp\/v2\/media\/635"}],"wp:attachment":[{"href":"https:\/\/galyarabok.drk.hu\/gb\/wp-json\/wp\/v2\/media?parent=857"}],"wp:term":[{"taxonomy":"category","embeddable":true,"href":"https:\/\/galyarabok.drk.hu\/gb\/wp-json\/wp\/v2\/categories?post=857"},{"taxonomy":"post_tag","embeddable":true,"href":"https:\/\/galyarabok.drk.hu\/gb\/wp-json\/wp\/v2\/tags?post=857"}],"curies":[{"name":"wp","href":"https:\/\/api.w.org\/{rel}","templated":true}]}}