{"id":813,"date":"2021-02-02T22:17:59","date_gmt":"2021-02-02T22:17:59","guid":{"rendered":"http:\/\/chuckie.hu\/wp\/?page_id=813"},"modified":"2021-02-02T22:18:09","modified_gmt":"2021-02-02T22:18:09","slug":"tatai-pap-samuel","status":"publish","type":"page","link":"https:\/\/galyarabok.drk.hu\/gb\/tatai-pap-samuel\/","title":{"rendered":"Tatai Pap S\u00e1muel"},"content":{"rendered":"\n<p>tornaljai reform\u00e1tus lelk\u00e9sz (SZRKE G\u00f6m\u00f6ri em.)<\/p>\n\n\n\n<p>Symb. Jer 51,10; 1Tim 6,6<\/p>\n\n\n\n<p><strong>Sz\u00e1rmaz\u00e1s, iskola:<\/strong><\/p>\n\n\n\n<ul class=\"wp-block-list\"><li><a href=\"https:\/\/galyarabok.drk.hu\/gb\/tata\/\" data-internallinksmanager029f6b8e52c=\"122\" title=\"Tata\">Tata<\/a>, Tatai em., DTREK;<\/li><li><a href=\"https:\/\/galyarabok.drk.hu\/gb\/debrecen\/\" data-internallinksmanager029f6b8e52c=\"22\" title=\"Debrecen\">Debrecen<\/a>? 1657-58, Szatm\u00e1r? 1666 (Tatai F. S\u00e1muel)<\/li><\/ul>\n\n\n\n<p><strong>Peregrin\u00e1ci\u00f3:<\/strong><\/p>\n\n\n\n<ul class=\"wp-block-list\"><li>Holl. (Franeker) 1665-66, (Gorningen) 1666<\/li><\/ul>\n\n\n\n<p><strong>Szolg\u00e1lati hely:<\/strong><\/p>\n\n\n\n<ul class=\"wp-block-list\"><li><span style=\"text-decoration: underline;\">rektor<\/span>?: <a href=\"https:\/\/galyarabok.drk.hu\/gb\/mikola\/\" data-internallinksmanager029f6b8e52c=\"78\" title=\"Mikola\">Mikola<\/a> 1671, <a href=\"https:\/\/galyarabok.drk.hu\/gb\/nagykoros\/\" data-internallinksmanager029f6b8e52c=\"85\" title=\"Nagyk\u0151r\u00f6s\">Nagyk\u0151r\u00f6s<\/a><\/li><li><span style=\"text-decoration: underline;\">lelkip\u00e1sztor<\/span>: <a href=\"https:\/\/galyarabok.drk.hu\/gb\/tornalja\/\" data-internallinksmanager029f6b8e52c=\"126\" title=\"Tornalja\">Tornalja<\/a> 1674 k<\/li><\/ul>\n\n\n\n<p><strong>Fogs\u00e1g:<\/strong><\/p>\n\n\n\n<ul class=\"wp-block-list\"><li><a href=\"https:\/\/galyarabok.drk.hu\/gb\/pozsony\/\" data-internallinksmanager029f6b8e52c=\"100\" title=\"Pozsony\">Pozsony<\/a><\/li><li><a href=\"https:\/\/galyarabok.drk.hu\/gb\/kapuvar\/\" data-internallinksmanager029f6b8e52c=\"59\" title=\"Kapuv\u00e1r\">Kapuv\u00e1r<\/a> (N\u00e1dasdy-v\u00e1r, 13 h\u00f3 -1674. j\u00fal. 1.)<\/li><li>Trieszt (v\u00e1r, v\u00e1ros, 1674. j\u00fal. 15. \u2013 okt. 11.)<\/li><li>Buccari (1675. okt. 11.-1676. m\u00e1j. 2.)<\/li><\/ul>\n\n\n\n<p><strong>K\u00fclf\u00f6ldi tart\u00f3zkod\u00e1s:<\/strong><\/p>\n\n\n\n<ul class=\"wp-block-list\"><li>Velence<\/li><li>Z\u00fcrich (50\u00e9)<\/li><\/ul>\n\n\n\n<p><strong>Eml\u00e9khely:<\/strong><\/p>\n\n\n\n<ul class=\"wp-block-list\"><li>Tornalja, eml\u00e9kt\u00e1bla, templomels\u0151 (1936)<\/li><\/ul>\n\n\n\n<p><strong>Eml\u00e9kezete:<\/strong><\/p>\n\n\n\n<ul class=\"wp-block-list\"><li>nincs<\/li><\/ul>\n","protected":false},"excerpt":{"rendered":"<p>tornaljai reform\u00e1tus lelk\u00e9sz (SZRKE G\u00f6m\u00f6ri em.) Symb. Jer 51,10; 1Tim 6,6 Sz\u00e1rmaz\u00e1s, iskola: Tata, Tatai em., DTREK; Debrecen? 1657-58, Szatm\u00e1r? [&hellip;]<\/p>\n","protected":false},"author":1,"featured_media":0,"parent":0,"menu_order":0,"comment_status":"closed","ping_status":"closed","template":"","meta":{"footnotes":""},"categories":[49,12,50,52,61],"tags":[],"class_list":["post-813","page","type-page","status-publish","hentry","category-eletutak","category-emlekezet","category-helyszinek","category-helyi-emlekezet","category-nevek"],"translation":{"provider":"WPGlobus","version":"3.0.2","language":"gb","enabled_languages":["hu","gb"],"languages":{"hu":{"title":true,"content":true,"excerpt":false},"gb":{"title":false,"content":false,"excerpt":false}}},"yoast_head":"<!-- This site is optimized with the Yoast SEO plugin v27.2 - https:\/\/yoast.com\/product\/yoast-seo-wordpress\/ -->\n<title>Tatai Pap S\u00e1muel<\/title>\n<meta name=\"robots\" content=\"index, follow, max-snippet:-1, max-image-preview:large, max-video-preview:-1\" \/>\n<link rel=\"canonical\" href=\"https:\/\/galyarabok.drk.hu\/tatai-pap-samuel\/\" \/>\n<meta property=\"og:locale\" content=\"en_GB\" \/>\n<meta property=\"og:type\" content=\"article\" \/>\n<meta property=\"og:title\" content=\"Tatai Pap S\u00e1muel\" \/>\n<meta property=\"og:url\" content=\"https:\/\/galyarabok.drk.hu\/tatai-pap-samuel\/\" \/>\n<meta property=\"og:site_name\" content=\"Galley slave memorial road\" \/>\n<meta property=\"article:publisher\" content=\"https:\/\/www.facebook.com\/profile.php?id=61567825314709\" \/>\n<meta property=\"article:modified_time\" content=\"2021-02-02T22:18:09+00:00\" \/>\n<meta property=\"og:image\" content=\"https:\/\/galyarabok.drk.hu\/wp-content\/uploads\/2021\/02\/cropped-galya-kor-arny-vilagos-1.png\" \/>\n\t<meta property=\"og:image:width\" content=\"512\" \/>\n\t<meta property=\"og:image:height\" content=\"512\" \/>\n\t<meta property=\"og:image:type\" content=\"image\/png\" \/>\n<meta name=\"twitter:card\" content=\"summary_large_image\" \/>\n<script type=\"application\/ld+json\" class=\"yoast-schema-graph\">{\"@context\":\"https:\/\/schema.org\",\"@graph\":[{\"@type\":\"WebPage\",\"@id\":\"https:\/\/galyarabok.drk.hu\/tatai-pap-samuel\/\",\"url\":\"https:\/\/galyarabok.drk.hu\/tatai-pap-samuel\/\",\"name\":\"Tatai Pap S\u00e1muel\",\"isPartOf\":{\"@id\":\"https:\/\/galyarabok.drk.hu\/#website\"},\"datePublished\":\"2021-02-02T22:17:59+00:00\",\"dateModified\":\"2021-02-02T22:18:09+00:00\",\"breadcrumb\":{\"@id\":\"https:\/\/galyarabok.drk.hu\/tatai-pap-samuel\/#breadcrumb\"},\"inLanguage\":\"en-GB\",\"potentialAction\":[{\"@type\":\"ReadAction\",\"target\":[\"https:\/\/galyarabok.drk.hu\/tatai-pap-samuel\/\"]}]},{\"@type\":\"BreadcrumbList\",\"@id\":\"https:\/\/galyarabok.drk.hu\/tatai-pap-samuel\/#breadcrumb\",\"itemListElement\":[{\"@type\":\"ListItem\",\"position\":1,\"name\":\"Kezd\u0151lap\",\"item\":\"https:\/\/galyarabok.drk.hu\/\"},{\"@type\":\"ListItem\",\"position\":2,\"name\":\"Tatai Pap S\u00e1muel\"}]},{\"@type\":\"WebSite\",\"@id\":\"https:\/\/galyarabok.drk.hu\/#website\",\"url\":\"https:\/\/galyarabok.drk.hu\/\",\"name\":\"G\u00e1lyarab-eml\u00e9k\u00fat\",\"description\":\"The remembrance of the Hungarian protestant galley slaves. Made and can be visited from the 350th anniversary of the galley slavery (2024)\",\"publisher\":{\"@id\":\"https:\/\/galyarabok.drk.hu\/#organization\"},\"potentialAction\":[{\"@type\":\"SearchAction\",\"target\":{\"@type\":\"EntryPoint\",\"urlTemplate\":\"https:\/\/galyarabok.drk.hu\/?s={search_term_string}\"},\"query-input\":{\"@type\":\"PropertyValueSpecification\",\"valueRequired\":true,\"valueName\":\"search_term_string\"}}],\"inLanguage\":\"en-GB\"},{\"@type\":\"Organization\",\"@id\":\"https:\/\/galyarabok.drk.hu\/#organization\",\"name\":\"G\u00e1lyarab-eml\u00e9k\u00fat\",\"url\":\"https:\/\/galyarabok.drk.hu\/\",\"logo\":{\"@type\":\"ImageObject\",\"inLanguage\":\"en-GB\",\"@id\":\"https:\/\/galyarabok.drk.hu\/#\/schema\/logo\/image\/\",\"url\":\"https:\/\/galyarabok.drk.hu\/wp-content\/uploads\/2021\/02\/cropped-galya-kor-arny-vilagos.png\",\"contentUrl\":\"https:\/\/galyarabok.drk.hu\/wp-content\/uploads\/2021\/02\/cropped-galya-kor-arny-vilagos.png\",\"width\":102,\"height\":100,\"caption\":\"G\u00e1lyarab-eml\u00e9k\u00fat\"},\"image\":{\"@id\":\"https:\/\/galyarabok.drk.hu\/#\/schema\/logo\/image\/\"},\"sameAs\":[\"https:\/\/www.facebook.com\/profile.php?id=61567825314709\"]}]}<\/script>\n<!-- \/ Yoast SEO plugin. -->","yoast_head_json":{"title":"Tatai Pap S\u00e1muel","robots":{"index":"index","follow":"follow","max-snippet":"max-snippet:-1","max-image-preview":"max-image-preview:large","max-video-preview":"max-video-preview:-1"},"canonical":"https:\/\/galyarabok.drk.hu\/tatai-pap-samuel\/","og_locale":"en_GB","og_type":"article","og_title":"Tatai Pap S\u00e1muel","og_url":"https:\/\/galyarabok.drk.hu\/tatai-pap-samuel\/","og_site_name":"Galley slave memorial road","article_publisher":"https:\/\/www.facebook.com\/profile.php?id=61567825314709","article_modified_time":"2021-02-02T22:18:09+00:00","og_image":[{"width":512,"height":512,"url":"https:\/\/galyarabok.drk.hu\/wp-content\/uploads\/2021\/02\/cropped-galya-kor-arny-vilagos-1.png","type":"image\/png"}],"twitter_card":"summary_large_image","schema":{"@context":"https:\/\/schema.org","@graph":[{"@type":"WebPage","@id":"https:\/\/galyarabok.drk.hu\/tatai-pap-samuel\/","url":"https:\/\/galyarabok.drk.hu\/tatai-pap-samuel\/","name":"Tatai Pap S\u00e1muel","isPartOf":{"@id":"https:\/\/galyarabok.drk.hu\/#website"},"datePublished":"2021-02-02T22:17:59+00:00","dateModified":"2021-02-02T22:18:09+00:00","breadcrumb":{"@id":"https:\/\/galyarabok.drk.hu\/tatai-pap-samuel\/#breadcrumb"},"inLanguage":"en-GB","potentialAction":[{"@type":"ReadAction","target":["https:\/\/galyarabok.drk.hu\/tatai-pap-samuel\/"]}]},{"@type":"BreadcrumbList","@id":"https:\/\/galyarabok.drk.hu\/tatai-pap-samuel\/#breadcrumb","itemListElement":[{"@type":"ListItem","position":1,"name":"Kezd\u0151lap","item":"https:\/\/galyarabok.drk.hu\/"},{"@type":"ListItem","position":2,"name":"Tatai Pap S\u00e1muel"}]},{"@type":"WebSite","@id":"https:\/\/galyarabok.drk.hu\/#website","url":"https:\/\/galyarabok.drk.hu\/","name":"G\u00e1lyarab-eml\u00e9k\u00fat","description":"The remembrance of the Hungarian protestant galley slaves. Made and can be visited from the 350th anniversary of the galley slavery (2024)","publisher":{"@id":"https:\/\/galyarabok.drk.hu\/#organization"},"potentialAction":[{"@type":"SearchAction","target":{"@type":"EntryPoint","urlTemplate":"https:\/\/galyarabok.drk.hu\/?s={search_term_string}"},"query-input":{"@type":"PropertyValueSpecification","valueRequired":true,"valueName":"search_term_string"}}],"inLanguage":"en-GB"},{"@type":"Organization","@id":"https:\/\/galyarabok.drk.hu\/#organization","name":"G\u00e1lyarab-eml\u00e9k\u00fat","url":"https:\/\/galyarabok.drk.hu\/","logo":{"@type":"ImageObject","inLanguage":"en-GB","@id":"https:\/\/galyarabok.drk.hu\/#\/schema\/logo\/image\/","url":"https:\/\/galyarabok.drk.hu\/wp-content\/uploads\/2021\/02\/cropped-galya-kor-arny-vilagos.png","contentUrl":"https:\/\/galyarabok.drk.hu\/wp-content\/uploads\/2021\/02\/cropped-galya-kor-arny-vilagos.png","width":102,"height":100,"caption":"G\u00e1lyarab-eml\u00e9k\u00fat"},"image":{"@id":"https:\/\/galyarabok.drk.hu\/#\/schema\/logo\/image\/"},"sameAs":["https:\/\/www.facebook.com\/profile.php?id=61567825314709"]}]}},"_links":{"self":[{"href":"https:\/\/galyarabok.drk.hu\/gb\/wp-json\/wp\/v2\/pages\/813","targetHints":{"allow":["GET"]}}],"collection":[{"href":"https:\/\/galyarabok.drk.hu\/gb\/wp-json\/wp\/v2\/pages"}],"about":[{"href":"https:\/\/galyarabok.drk.hu\/gb\/wp-json\/wp\/v2\/types\/page"}],"author":[{"embeddable":true,"href":"https:\/\/galyarabok.drk.hu\/gb\/wp-json\/wp\/v2\/users\/1"}],"replies":[{"embeddable":true,"href":"https:\/\/galyarabok.drk.hu\/gb\/wp-json\/wp\/v2\/comments?post=813"}],"version-history":[{"count":1,"href":"https:\/\/galyarabok.drk.hu\/gb\/wp-json\/wp\/v2\/pages\/813\/revisions"}],"predecessor-version":[{"id":814,"href":"https:\/\/galyarabok.drk.hu\/gb\/wp-json\/wp\/v2\/pages\/813\/revisions\/814"}],"wp:attachment":[{"href":"https:\/\/galyarabok.drk.hu\/gb\/wp-json\/wp\/v2\/media?parent=813"}],"wp:term":[{"taxonomy":"category","embeddable":true,"href":"https:\/\/galyarabok.drk.hu\/gb\/wp-json\/wp\/v2\/categories?post=813"},{"taxonomy":"post_tag","embeddable":true,"href":"https:\/\/galyarabok.drk.hu\/gb\/wp-json\/wp\/v2\/tags?post=813"}],"curies":[{"name":"wp","href":"https:\/\/api.w.org\/{rel}","templated":true}]}}