{"id":797,"date":"2021-02-02T21:57:05","date_gmt":"2021-02-02T21:57:05","guid":{"rendered":"http:\/\/chuckie.hu\/wp\/?page_id=797"},"modified":"2021-02-02T21:57:06","modified_gmt":"2021-02-02T21:57:06","slug":"szecsei-b-janos","status":"publish","type":"page","link":"https:\/\/galyarabok.drk.hu\/gb\/szecsei-b-janos\/","title":{"rendered":"Szecsei B. J\u00e1nos"},"content":{"rendered":"\n<p>s\u00e1gi ref. lelk\u00e9sz (DTREK <a href=\"https:\/\/galyarabok.drk.hu\/gb\/gyorsag\/\" data-internallinksmanager029f6b8e52c=\"33\" title=\"Gy\u0151rs\u00e1g\">Gy\u0151rs\u00e1g<\/a>, Kom\u00e1romi em.)<\/p>\n\n\n\n<p><strong>Sz\u00e1rmaz\u00e1s, iskola:<\/strong><\/p>\n\n\n\n<ul class=\"wp-block-list\"><li>Szecse, Barsi em., SZRKE;<\/li><li><a href=\"https:\/\/galyarabok.drk.hu\/gb\/sarospatak\/\" data-internallinksmanager029f6b8e52c=\"107\" title=\"S\u00e1rospatak\">S\u00e1rospatak<\/a> 1630 (Szecsei B. J.), Uo., 1636 (Szecsei S. J.), Uo., 1648 (Szecsei P. J.), m\u00e1di r.<\/li><\/ul>\n\n\n\n<p><strong>Peregrin\u00e1ci\u00f3:<\/strong><\/p>\n\n\n\n<ul class=\"wp-block-list\"><li>Hollandia (F) 1636, (L) 1637<\/li><\/ul>\n\n\n\n<p><strong>Szolg\u00e1lati hely:<\/strong><\/p>\n\n\n\n<ul class=\"wp-block-list\"><li>Cset\u00e9ny 1654\u20131657<\/li><li><a href=\"https:\/\/galyarabok.drk.hu\/gb\/lazi\/\" data-internallinksmanager029f6b8e52c=\"71\" title=\"L\u00e1zi\">L\u00e1zi<\/a> 1658<\/li><li>S\u00e1g 1674<\/li><\/ul>\n\n\n\n<p><strong>Fogs\u00e1g:<\/strong><\/p>\n\n\n\n<ul class=\"wp-block-list\"><li><a href=\"https:\/\/galyarabok.drk.hu\/gb\/pozsony\/\" data-internallinksmanager029f6b8e52c=\"100\" title=\"Pozsony\">Pozsony<\/a><\/li><li><a href=\"https:\/\/galyarabok.drk.hu\/gb\/lipotvar\/\" data-internallinksmanager029f6b8e52c=\"74\" title=\"Lip\u00f3tv\u00e1r\">Lip\u00f3tv\u00e1r<\/a><\/li><li>Chieti<\/li><\/ul>\n\n\n\n<p><strong>K\u00fclf\u00f6ldi tart\u00f3zkod\u00e1s:<\/strong><\/p>\n\n\n\n<ul class=\"wp-block-list\"><li>Chietiben meghalt.<\/li><\/ul>\n\n\n\n<p><strong>Eml\u00e9khely:<\/strong><\/p>\n\n\n\n<ul class=\"wp-block-list\"><li>Gy\u0151rs\u00e1g, Ki\u00e1lt\u00f3fa, kopjafa (???)<\/li><\/ul>\n\n\n\n<p><strong>Eml\u00e9kezete:<\/strong><\/p>\n\n\n\n<ul class=\"wp-block-list\"><li>nincs<\/li><\/ul>\n","protected":false},"excerpt":{"rendered":"<p>s\u00e1gi ref. lelk\u00e9sz (DTREK Gy\u0151rs\u00e1g, Kom\u00e1romi em.) Sz\u00e1rmaz\u00e1s, iskola: Szecse, Barsi em., SZRKE; S\u00e1rospatak 1630 (Szecsei B. J.), Uo., 1636 [&hellip;]<\/p>\n","protected":false},"author":1,"featured_media":0,"parent":0,"menu_order":0,"comment_status":"closed","ping_status":"closed","template":"","meta":{"footnotes":""},"categories":[49,12,50,52,61],"tags":[],"class_list":["post-797","page","type-page","status-publish","hentry","category-eletutak","category-emlekezet","category-helyszinek","category-helyi-emlekezet","category-nevek"],"translation":{"provider":"WPGlobus","version":"3.0.2","language":"gb","enabled_languages":["hu","gb"],"languages":{"hu":{"title":true,"content":true,"excerpt":false},"gb":{"title":false,"content":false,"excerpt":false}}},"yoast_head":"<!-- This site is optimized with the Yoast SEO plugin v27.2 - https:\/\/yoast.com\/product\/yoast-seo-wordpress\/ -->\n<title>Szecsei B. J\u00e1nos<\/title>\n<meta name=\"robots\" content=\"index, follow, max-snippet:-1, max-image-preview:large, max-video-preview:-1\" \/>\n<link rel=\"canonical\" href=\"https:\/\/galyarabok.drk.hu\/szecsei-b-janos\/\" \/>\n<meta property=\"og:locale\" content=\"en_GB\" \/>\n<meta property=\"og:type\" content=\"article\" \/>\n<meta property=\"og:title\" content=\"Szecsei B. J\u00e1nos\" \/>\n<meta property=\"og:url\" content=\"https:\/\/galyarabok.drk.hu\/szecsei-b-janos\/\" \/>\n<meta property=\"og:site_name\" content=\"Galley slave memorial road\" \/>\n<meta property=\"article:publisher\" content=\"https:\/\/www.facebook.com\/profile.php?id=61567825314709\" \/>\n<meta property=\"article:modified_time\" content=\"2021-02-02T21:57:06+00:00\" \/>\n<meta property=\"og:image\" content=\"https:\/\/galyarabok.drk.hu\/wp-content\/uploads\/2021\/02\/cropped-galya-kor-arny-vilagos-1.png\" \/>\n\t<meta property=\"og:image:width\" content=\"512\" \/>\n\t<meta property=\"og:image:height\" content=\"512\" \/>\n\t<meta property=\"og:image:type\" content=\"image\/png\" \/>\n<meta name=\"twitter:card\" content=\"summary_large_image\" \/>\n<script type=\"application\/ld+json\" class=\"yoast-schema-graph\">{\"@context\":\"https:\/\/schema.org\",\"@graph\":[{\"@type\":\"WebPage\",\"@id\":\"https:\/\/galyarabok.drk.hu\/szecsei-b-janos\/\",\"url\":\"https:\/\/galyarabok.drk.hu\/szecsei-b-janos\/\",\"name\":\"Szecsei B. J\u00e1nos\",\"isPartOf\":{\"@id\":\"https:\/\/galyarabok.drk.hu\/#website\"},\"datePublished\":\"2021-02-02T21:57:05+00:00\",\"dateModified\":\"2021-02-02T21:57:06+00:00\",\"breadcrumb\":{\"@id\":\"https:\/\/galyarabok.drk.hu\/szecsei-b-janos\/#breadcrumb\"},\"inLanguage\":\"en-GB\",\"potentialAction\":[{\"@type\":\"ReadAction\",\"target\":[\"https:\/\/galyarabok.drk.hu\/szecsei-b-janos\/\"]}]},{\"@type\":\"BreadcrumbList\",\"@id\":\"https:\/\/galyarabok.drk.hu\/szecsei-b-janos\/#breadcrumb\",\"itemListElement\":[{\"@type\":\"ListItem\",\"position\":1,\"name\":\"Kezd\u0151lap\",\"item\":\"https:\/\/galyarabok.drk.hu\/\"},{\"@type\":\"ListItem\",\"position\":2,\"name\":\"Szecsei B. J\u00e1nos\"}]},{\"@type\":\"WebSite\",\"@id\":\"https:\/\/galyarabok.drk.hu\/#website\",\"url\":\"https:\/\/galyarabok.drk.hu\/\",\"name\":\"G\u00e1lyarab-eml\u00e9k\u00fat\",\"description\":\"The remembrance of the Hungarian protestant galley slaves. Made and can be visited from the 350th anniversary of the galley slavery (2024)\",\"publisher\":{\"@id\":\"https:\/\/galyarabok.drk.hu\/#organization\"},\"potentialAction\":[{\"@type\":\"SearchAction\",\"target\":{\"@type\":\"EntryPoint\",\"urlTemplate\":\"https:\/\/galyarabok.drk.hu\/?s={search_term_string}\"},\"query-input\":{\"@type\":\"PropertyValueSpecification\",\"valueRequired\":true,\"valueName\":\"search_term_string\"}}],\"inLanguage\":\"en-GB\"},{\"@type\":\"Organization\",\"@id\":\"https:\/\/galyarabok.drk.hu\/#organization\",\"name\":\"G\u00e1lyarab-eml\u00e9k\u00fat\",\"url\":\"https:\/\/galyarabok.drk.hu\/\",\"logo\":{\"@type\":\"ImageObject\",\"inLanguage\":\"en-GB\",\"@id\":\"https:\/\/galyarabok.drk.hu\/#\/schema\/logo\/image\/\",\"url\":\"https:\/\/galyarabok.drk.hu\/wp-content\/uploads\/2021\/02\/cropped-galya-kor-arny-vilagos.png\",\"contentUrl\":\"https:\/\/galyarabok.drk.hu\/wp-content\/uploads\/2021\/02\/cropped-galya-kor-arny-vilagos.png\",\"width\":102,\"height\":100,\"caption\":\"G\u00e1lyarab-eml\u00e9k\u00fat\"},\"image\":{\"@id\":\"https:\/\/galyarabok.drk.hu\/#\/schema\/logo\/image\/\"},\"sameAs\":[\"https:\/\/www.facebook.com\/profile.php?id=61567825314709\"]}]}<\/script>\n<!-- \/ Yoast SEO plugin. -->","yoast_head_json":{"title":"Szecsei B. J\u00e1nos","robots":{"index":"index","follow":"follow","max-snippet":"max-snippet:-1","max-image-preview":"max-image-preview:large","max-video-preview":"max-video-preview:-1"},"canonical":"https:\/\/galyarabok.drk.hu\/szecsei-b-janos\/","og_locale":"en_GB","og_type":"article","og_title":"Szecsei B. J\u00e1nos","og_url":"https:\/\/galyarabok.drk.hu\/szecsei-b-janos\/","og_site_name":"Galley slave memorial road","article_publisher":"https:\/\/www.facebook.com\/profile.php?id=61567825314709","article_modified_time":"2021-02-02T21:57:06+00:00","og_image":[{"width":512,"height":512,"url":"https:\/\/galyarabok.drk.hu\/wp-content\/uploads\/2021\/02\/cropped-galya-kor-arny-vilagos-1.png","type":"image\/png"}],"twitter_card":"summary_large_image","schema":{"@context":"https:\/\/schema.org","@graph":[{"@type":"WebPage","@id":"https:\/\/galyarabok.drk.hu\/szecsei-b-janos\/","url":"https:\/\/galyarabok.drk.hu\/szecsei-b-janos\/","name":"Szecsei B. J\u00e1nos","isPartOf":{"@id":"https:\/\/galyarabok.drk.hu\/#website"},"datePublished":"2021-02-02T21:57:05+00:00","dateModified":"2021-02-02T21:57:06+00:00","breadcrumb":{"@id":"https:\/\/galyarabok.drk.hu\/szecsei-b-janos\/#breadcrumb"},"inLanguage":"en-GB","potentialAction":[{"@type":"ReadAction","target":["https:\/\/galyarabok.drk.hu\/szecsei-b-janos\/"]}]},{"@type":"BreadcrumbList","@id":"https:\/\/galyarabok.drk.hu\/szecsei-b-janos\/#breadcrumb","itemListElement":[{"@type":"ListItem","position":1,"name":"Kezd\u0151lap","item":"https:\/\/galyarabok.drk.hu\/"},{"@type":"ListItem","position":2,"name":"Szecsei B. J\u00e1nos"}]},{"@type":"WebSite","@id":"https:\/\/galyarabok.drk.hu\/#website","url":"https:\/\/galyarabok.drk.hu\/","name":"G\u00e1lyarab-eml\u00e9k\u00fat","description":"The remembrance of the Hungarian protestant galley slaves. Made and can be visited from the 350th anniversary of the galley slavery (2024)","publisher":{"@id":"https:\/\/galyarabok.drk.hu\/#organization"},"potentialAction":[{"@type":"SearchAction","target":{"@type":"EntryPoint","urlTemplate":"https:\/\/galyarabok.drk.hu\/?s={search_term_string}"},"query-input":{"@type":"PropertyValueSpecification","valueRequired":true,"valueName":"search_term_string"}}],"inLanguage":"en-GB"},{"@type":"Organization","@id":"https:\/\/galyarabok.drk.hu\/#organization","name":"G\u00e1lyarab-eml\u00e9k\u00fat","url":"https:\/\/galyarabok.drk.hu\/","logo":{"@type":"ImageObject","inLanguage":"en-GB","@id":"https:\/\/galyarabok.drk.hu\/#\/schema\/logo\/image\/","url":"https:\/\/galyarabok.drk.hu\/wp-content\/uploads\/2021\/02\/cropped-galya-kor-arny-vilagos.png","contentUrl":"https:\/\/galyarabok.drk.hu\/wp-content\/uploads\/2021\/02\/cropped-galya-kor-arny-vilagos.png","width":102,"height":100,"caption":"G\u00e1lyarab-eml\u00e9k\u00fat"},"image":{"@id":"https:\/\/galyarabok.drk.hu\/#\/schema\/logo\/image\/"},"sameAs":["https:\/\/www.facebook.com\/profile.php?id=61567825314709"]}]}},"_links":{"self":[{"href":"https:\/\/galyarabok.drk.hu\/gb\/wp-json\/wp\/v2\/pages\/797","targetHints":{"allow":["GET"]}}],"collection":[{"href":"https:\/\/galyarabok.drk.hu\/gb\/wp-json\/wp\/v2\/pages"}],"about":[{"href":"https:\/\/galyarabok.drk.hu\/gb\/wp-json\/wp\/v2\/types\/page"}],"author":[{"embeddable":true,"href":"https:\/\/galyarabok.drk.hu\/gb\/wp-json\/wp\/v2\/users\/1"}],"replies":[{"embeddable":true,"href":"https:\/\/galyarabok.drk.hu\/gb\/wp-json\/wp\/v2\/comments?post=797"}],"version-history":[{"count":1,"href":"https:\/\/galyarabok.drk.hu\/gb\/wp-json\/wp\/v2\/pages\/797\/revisions"}],"predecessor-version":[{"id":798,"href":"https:\/\/galyarabok.drk.hu\/gb\/wp-json\/wp\/v2\/pages\/797\/revisions\/798"}],"wp:attachment":[{"href":"https:\/\/galyarabok.drk.hu\/gb\/wp-json\/wp\/v2\/media?parent=797"}],"wp:term":[{"taxonomy":"category","embeddable":true,"href":"https:\/\/galyarabok.drk.hu\/gb\/wp-json\/wp\/v2\/categories?post=797"},{"taxonomy":"post_tag","embeddable":true,"href":"https:\/\/galyarabok.drk.hu\/gb\/wp-json\/wp\/v2\/tags?post=797"}],"curies":[{"name":"wp","href":"https:\/\/api.w.org\/{rel}","templated":true}]}}