{"id":795,"date":"2021-02-02T21:54:03","date_gmt":"2021-02-02T21:54:03","guid":{"rendered":"http:\/\/chuckie.hu\/wp\/?page_id=795"},"modified":"2021-02-02T21:54:04","modified_gmt":"2021-02-02T21:54:04","slug":"szaloczi-b-mihaly","status":"publish","type":"page","link":"https:\/\/galyarabok.drk.hu\/gb\/szaloczi-b-mihaly\/","title":{"rendered":"Szal\u00f3czi B. Mih\u00e1ly"},"content":{"rendered":"\n<p>zubogyi ref. lelk\u00e9sz (SZRKE G\u00f6m. em.), esp. 1665-74<\/p>\n\n\n\n<p>Lav. 50\u00e9 1676<\/p>\n\n\n\n<p>Symb. Jelen 3,21<\/p>\n\n\n\n<p><strong>Sz\u00e1rmaz\u00e1s, iskola:<\/strong><\/p>\n\n\n\n<ul class=\"wp-block-list\"><li>Szal\u00f3c, Aba\u00faj-tornai em., SZRKE;<\/li><li><a href=\"https:\/\/galyarabok.drk.hu\/gb\/sarospatak\/\" data-internallinksmanager029f6b8e52c=\"107\" title=\"S\u00e1rospatak\">S\u00e1rospatak<\/a> 1646<\/li><\/ul>\n\n\n\n<p><strong>Peregrin\u00e1ci\u00f3:<\/strong><\/p>\n\n\n\n<ul class=\"wp-block-list\"><li>Hollandia<\/li><\/ul>\n\n\n\n<p><strong>Szolg\u00e1lati hely:<\/strong><\/p>\n\n\n\n<ul class=\"wp-block-list\"><li><a href=\"https:\/\/galyarabok.drk.hu\/gb\/sajoszentpeter\/\" data-internallinksmanager029f6b8e52c=\"106\" title=\"Saj\u00f3szentp\u00e9ter\">Saj\u00f3szentp\u00e9ter<\/a> 1665-68<\/li><li>Sz\u00f6gliget 1669<\/li><li><a href=\"https:\/\/galyarabok.drk.hu\/gb\/zubogy\/\" data-internallinksmanager029f6b8e52c=\"130\" title=\"Zubogy\">Zubogy<\/a> 1674k (Borsod-G\u00f6m\u00f6ri em.)<\/li><\/ul>\n\n\n\n<p><strong>Fogs\u00e1g:<\/strong><\/p>\n\n\n\n<ul class=\"wp-block-list\"><li><a href=\"https:\/\/galyarabok.drk.hu\/gb\/pozsony\/\" data-internallinksmanager029f6b8e52c=\"100\" title=\"Pozsony\">Pozsony<\/a> (1 h\u00e9t)<\/li><li><a href=\"https:\/\/galyarabok.drk.hu\/gb\/lipotvar\/\" data-internallinksmanager029f6b8e52c=\"74\" title=\"Lip\u00f3tv\u00e1r\">Lip\u00f3tv\u00e1r<\/a> (10 h\u00f3)<\/li><li>Pescara (3 nap)<\/li><li>N\u00e1poly (10 h\u00f3)<\/li><\/ul>\n\n\n\n<p><strong>K\u00fclf\u00f6ldi tart\u00f3zkod\u00e1s:<\/strong><\/p>\n\n\n\n<ul class=\"wp-block-list\"><li>Velence<\/li><li>Z\u00fcrich (J Lavater)<\/li><\/ul>\n\n\n\n<p><strong>Eml\u00e9khely:<\/strong><\/p>\n\n\n\n<ul class=\"wp-block-list\"><li>nincs<\/li><\/ul>\n\n\n\n<p><strong>Eml\u00e9kezete:<\/strong><\/p>\n\n\n\n<ul class=\"wp-block-list\"><li>Zubogy, t\u00fara\u00fatvonal (Vasas SC: 20)<\/li><\/ul>\n","protected":false},"excerpt":{"rendered":"<p>zubogyi ref. lelk\u00e9sz (SZRKE G\u00f6m. em.), esp. 1665-74 Lav. 50\u00e9 1676 Symb. Jelen 3,21 Sz\u00e1rmaz\u00e1s, iskola: Szal\u00f3c, Aba\u00faj-tornai em., SZRKE; [&hellip;]<\/p>\n","protected":false},"author":1,"featured_media":0,"parent":0,"menu_order":0,"comment_status":"closed","ping_status":"closed","template":"","meta":{"footnotes":""},"categories":[49,12,50,52,61],"tags":[],"class_list":["post-795","page","type-page","status-publish","hentry","category-eletutak","category-emlekezet","category-helyszinek","category-helyi-emlekezet","category-nevek"],"translation":{"provider":"WPGlobus","version":"3.0.2","language":"gb","enabled_languages":["hu","gb"],"languages":{"hu":{"title":true,"content":true,"excerpt":false},"gb":{"title":false,"content":false,"excerpt":false}}},"yoast_head":"<!-- This site is optimized with the Yoast SEO plugin v27.2 - https:\/\/yoast.com\/product\/yoast-seo-wordpress\/ -->\n<title>Szal\u00f3czi B. Mih\u00e1ly<\/title>\n<meta name=\"robots\" content=\"index, follow, max-snippet:-1, max-image-preview:large, max-video-preview:-1\" \/>\n<link rel=\"canonical\" href=\"https:\/\/galyarabok.drk.hu\/szaloczi-b-mihaly\/\" \/>\n<meta property=\"og:locale\" content=\"en_GB\" \/>\n<meta property=\"og:type\" content=\"article\" \/>\n<meta property=\"og:title\" content=\"Szal\u00f3czi B. Mih\u00e1ly\" \/>\n<meta property=\"og:url\" content=\"https:\/\/galyarabok.drk.hu\/szaloczi-b-mihaly\/\" \/>\n<meta property=\"og:site_name\" content=\"Galley slave memorial road\" \/>\n<meta property=\"article:publisher\" content=\"https:\/\/www.facebook.com\/profile.php?id=61567825314709\" \/>\n<meta property=\"article:modified_time\" content=\"2021-02-02T21:54:04+00:00\" \/>\n<meta property=\"og:image\" content=\"https:\/\/galyarabok.drk.hu\/wp-content\/uploads\/2021\/02\/cropped-galya-kor-arny-vilagos-1.png\" \/>\n\t<meta property=\"og:image:width\" content=\"512\" \/>\n\t<meta property=\"og:image:height\" content=\"512\" \/>\n\t<meta property=\"og:image:type\" content=\"image\/png\" \/>\n<meta name=\"twitter:card\" content=\"summary_large_image\" \/>\n<script type=\"application\/ld+json\" class=\"yoast-schema-graph\">{\"@context\":\"https:\/\/schema.org\",\"@graph\":[{\"@type\":\"WebPage\",\"@id\":\"https:\/\/galyarabok.drk.hu\/szaloczi-b-mihaly\/\",\"url\":\"https:\/\/galyarabok.drk.hu\/szaloczi-b-mihaly\/\",\"name\":\"Szal\u00f3czi B. Mih\u00e1ly\",\"isPartOf\":{\"@id\":\"https:\/\/galyarabok.drk.hu\/#website\"},\"datePublished\":\"2021-02-02T21:54:03+00:00\",\"dateModified\":\"2021-02-02T21:54:04+00:00\",\"breadcrumb\":{\"@id\":\"https:\/\/galyarabok.drk.hu\/szaloczi-b-mihaly\/#breadcrumb\"},\"inLanguage\":\"en-GB\",\"potentialAction\":[{\"@type\":\"ReadAction\",\"target\":[\"https:\/\/galyarabok.drk.hu\/szaloczi-b-mihaly\/\"]}]},{\"@type\":\"BreadcrumbList\",\"@id\":\"https:\/\/galyarabok.drk.hu\/szaloczi-b-mihaly\/#breadcrumb\",\"itemListElement\":[{\"@type\":\"ListItem\",\"position\":1,\"name\":\"Kezd\u0151lap\",\"item\":\"https:\/\/galyarabok.drk.hu\/\"},{\"@type\":\"ListItem\",\"position\":2,\"name\":\"Szal\u00f3czi B. Mih\u00e1ly\"}]},{\"@type\":\"WebSite\",\"@id\":\"https:\/\/galyarabok.drk.hu\/#website\",\"url\":\"https:\/\/galyarabok.drk.hu\/\",\"name\":\"G\u00e1lyarab-eml\u00e9k\u00fat\",\"description\":\"The remembrance of the Hungarian protestant galley slaves. Made and can be visited from the 350th anniversary of the galley slavery (2024)\",\"publisher\":{\"@id\":\"https:\/\/galyarabok.drk.hu\/#organization\"},\"potentialAction\":[{\"@type\":\"SearchAction\",\"target\":{\"@type\":\"EntryPoint\",\"urlTemplate\":\"https:\/\/galyarabok.drk.hu\/?s={search_term_string}\"},\"query-input\":{\"@type\":\"PropertyValueSpecification\",\"valueRequired\":true,\"valueName\":\"search_term_string\"}}],\"inLanguage\":\"en-GB\"},{\"@type\":\"Organization\",\"@id\":\"https:\/\/galyarabok.drk.hu\/#organization\",\"name\":\"G\u00e1lyarab-eml\u00e9k\u00fat\",\"url\":\"https:\/\/galyarabok.drk.hu\/\",\"logo\":{\"@type\":\"ImageObject\",\"inLanguage\":\"en-GB\",\"@id\":\"https:\/\/galyarabok.drk.hu\/#\/schema\/logo\/image\/\",\"url\":\"https:\/\/galyarabok.drk.hu\/wp-content\/uploads\/2021\/02\/cropped-galya-kor-arny-vilagos.png\",\"contentUrl\":\"https:\/\/galyarabok.drk.hu\/wp-content\/uploads\/2021\/02\/cropped-galya-kor-arny-vilagos.png\",\"width\":102,\"height\":100,\"caption\":\"G\u00e1lyarab-eml\u00e9k\u00fat\"},\"image\":{\"@id\":\"https:\/\/galyarabok.drk.hu\/#\/schema\/logo\/image\/\"},\"sameAs\":[\"https:\/\/www.facebook.com\/profile.php?id=61567825314709\"]}]}<\/script>\n<!-- \/ Yoast SEO plugin. -->","yoast_head_json":{"title":"Szal\u00f3czi B. Mih\u00e1ly","robots":{"index":"index","follow":"follow","max-snippet":"max-snippet:-1","max-image-preview":"max-image-preview:large","max-video-preview":"max-video-preview:-1"},"canonical":"https:\/\/galyarabok.drk.hu\/szaloczi-b-mihaly\/","og_locale":"en_GB","og_type":"article","og_title":"Szal\u00f3czi B. Mih\u00e1ly","og_url":"https:\/\/galyarabok.drk.hu\/szaloczi-b-mihaly\/","og_site_name":"Galley slave memorial road","article_publisher":"https:\/\/www.facebook.com\/profile.php?id=61567825314709","article_modified_time":"2021-02-02T21:54:04+00:00","og_image":[{"width":512,"height":512,"url":"https:\/\/galyarabok.drk.hu\/wp-content\/uploads\/2021\/02\/cropped-galya-kor-arny-vilagos-1.png","type":"image\/png"}],"twitter_card":"summary_large_image","schema":{"@context":"https:\/\/schema.org","@graph":[{"@type":"WebPage","@id":"https:\/\/galyarabok.drk.hu\/szaloczi-b-mihaly\/","url":"https:\/\/galyarabok.drk.hu\/szaloczi-b-mihaly\/","name":"Szal\u00f3czi B. Mih\u00e1ly","isPartOf":{"@id":"https:\/\/galyarabok.drk.hu\/#website"},"datePublished":"2021-02-02T21:54:03+00:00","dateModified":"2021-02-02T21:54:04+00:00","breadcrumb":{"@id":"https:\/\/galyarabok.drk.hu\/szaloczi-b-mihaly\/#breadcrumb"},"inLanguage":"en-GB","potentialAction":[{"@type":"ReadAction","target":["https:\/\/galyarabok.drk.hu\/szaloczi-b-mihaly\/"]}]},{"@type":"BreadcrumbList","@id":"https:\/\/galyarabok.drk.hu\/szaloczi-b-mihaly\/#breadcrumb","itemListElement":[{"@type":"ListItem","position":1,"name":"Kezd\u0151lap","item":"https:\/\/galyarabok.drk.hu\/"},{"@type":"ListItem","position":2,"name":"Szal\u00f3czi B. Mih\u00e1ly"}]},{"@type":"WebSite","@id":"https:\/\/galyarabok.drk.hu\/#website","url":"https:\/\/galyarabok.drk.hu\/","name":"G\u00e1lyarab-eml\u00e9k\u00fat","description":"The remembrance of the Hungarian protestant galley slaves. Made and can be visited from the 350th anniversary of the galley slavery (2024)","publisher":{"@id":"https:\/\/galyarabok.drk.hu\/#organization"},"potentialAction":[{"@type":"SearchAction","target":{"@type":"EntryPoint","urlTemplate":"https:\/\/galyarabok.drk.hu\/?s={search_term_string}"},"query-input":{"@type":"PropertyValueSpecification","valueRequired":true,"valueName":"search_term_string"}}],"inLanguage":"en-GB"},{"@type":"Organization","@id":"https:\/\/galyarabok.drk.hu\/#organization","name":"G\u00e1lyarab-eml\u00e9k\u00fat","url":"https:\/\/galyarabok.drk.hu\/","logo":{"@type":"ImageObject","inLanguage":"en-GB","@id":"https:\/\/galyarabok.drk.hu\/#\/schema\/logo\/image\/","url":"https:\/\/galyarabok.drk.hu\/wp-content\/uploads\/2021\/02\/cropped-galya-kor-arny-vilagos.png","contentUrl":"https:\/\/galyarabok.drk.hu\/wp-content\/uploads\/2021\/02\/cropped-galya-kor-arny-vilagos.png","width":102,"height":100,"caption":"G\u00e1lyarab-eml\u00e9k\u00fat"},"image":{"@id":"https:\/\/galyarabok.drk.hu\/#\/schema\/logo\/image\/"},"sameAs":["https:\/\/www.facebook.com\/profile.php?id=61567825314709"]}]}},"_links":{"self":[{"href":"https:\/\/galyarabok.drk.hu\/gb\/wp-json\/wp\/v2\/pages\/795","targetHints":{"allow":["GET"]}}],"collection":[{"href":"https:\/\/galyarabok.drk.hu\/gb\/wp-json\/wp\/v2\/pages"}],"about":[{"href":"https:\/\/galyarabok.drk.hu\/gb\/wp-json\/wp\/v2\/types\/page"}],"author":[{"embeddable":true,"href":"https:\/\/galyarabok.drk.hu\/gb\/wp-json\/wp\/v2\/users\/1"}],"replies":[{"embeddable":true,"href":"https:\/\/galyarabok.drk.hu\/gb\/wp-json\/wp\/v2\/comments?post=795"}],"version-history":[{"count":1,"href":"https:\/\/galyarabok.drk.hu\/gb\/wp-json\/wp\/v2\/pages\/795\/revisions"}],"predecessor-version":[{"id":796,"href":"https:\/\/galyarabok.drk.hu\/gb\/wp-json\/wp\/v2\/pages\/795\/revisions\/796"}],"wp:attachment":[{"href":"https:\/\/galyarabok.drk.hu\/gb\/wp-json\/wp\/v2\/media?parent=795"}],"wp:term":[{"taxonomy":"category","embeddable":true,"href":"https:\/\/galyarabok.drk.hu\/gb\/wp-json\/wp\/v2\/categories?post=795"},{"taxonomy":"post_tag","embeddable":true,"href":"https:\/\/galyarabok.drk.hu\/gb\/wp-json\/wp\/v2\/tags?post=795"}],"curies":[{"name":"wp","href":"https:\/\/api.w.org\/{rel}","templated":true}]}}