{"id":678,"date":"2021-02-02T18:42:13","date_gmt":"2021-02-02T18:42:13","guid":{"rendered":"http:\/\/chuckie.hu\/wp\/?page_id=678"},"modified":"2024-10-24T08:24:04","modified_gmt":"2024-10-24T08:24:04","slug":"szatmarnemeti","status":"publish","type":"page","link":"https:\/\/galyarabok.drk.hu\/gb\/szatmarnemeti\/","title":{"rendered":"Szatm\u00e1rn\u00e9meti"},"content":{"rendered":"\n<p>(Szatm\u00e1ri egyh\u00e1zmegye, KREK) \u2013 iskolav\u00e1ros<\/p>\n\n\n\n<p><strong><a href=\"https:\/\/galyarabok.drk.hu\/gb\/otrokocsi-foris-ferenc\/\" data-internallinksmanager029f6b8e52c=\"138\" title=\"Otrokocsi F\u00f3ris Ferenc\">Otrokocsi<\/a>&nbsp;F\u00f3ris Ferenc<\/strong> rimasz\u00e9csi reform\u00e1tus lelk\u00e9sz rektori szolg\u00e1lati&nbsp; helye (1669-71).<\/p>\n\n\n\n<p><strong>Eml\u00e9khely t\u00edpusa:<\/strong> nincs<\/p>\n\n\n\n<p><strong>Itt tanultak:<\/strong><\/p>\n\n\n\n<ul class=\"wp-block-list\">\n<li><strong><a href=\"https:\/\/galyarabok.drk.hu\/gb\/jablonczai-pethes-janos\/\" data-internallinksmanager029f6b8e52c=\"45\" title=\"Jablonczai Pethes J\u00e1nos\">Jablonczai Petes J\u00e1nos<\/a><\/strong> (1660)<\/li>\n\n\n\n<li><strong><a href=\"https:\/\/galyarabok.drk.hu\/gb\/kallai-istvan\/\" data-internallinksmanager029f6b8e52c=\"46\" title=\"K\u00e1llai Istv\u00e1n\">K\u00e1llai Istv\u00e1n<\/a><\/strong> (1633)<\/li>\n\n\n\n<li><strong><a href=\"https:\/\/galyarabok.drk.hu\/gb\/rimaszombati-kijes-janos\/\" data-internallinksmanager029f6b8e52c=\"139\" title=\"Rimaszombati Kijes J\u00e1nos\">Rimaszombati Kijes J\u00e1nos<\/a><\/strong> (1670)<\/li>\n\n\n\n<li><strong><a href=\"https:\/\/galyarabok.drk.hu\/gb\/szentkiralyi-andras\/\" data-internallinksmanager029f6b8e52c=\"147\" title=\"Szentkir\u00e1lyi Andr\u00e1s\">Szentkir\u00e1lyi Andr\u00e1s<\/a><\/strong> (1610?)<\/li>\n\n\n\n<li><strong><a href=\"https:\/\/galyarabok.drk.hu\/gb\/tatai-pap-samuel\/\" data-internallinksmanager029f6b8e52c=\"152\" title=\"Tatai Pap S\u00e1muel\">Tatai Pap S\u00e1muel<\/a><\/strong> (1666?)<\/li>\n<\/ul>\n","protected":false},"excerpt":{"rendered":"<p>(Szatm\u00e1ri egyh\u00e1zmegye, KREK) \u2013 iskolav\u00e1ros Otrokocsi&nbsp;F\u00f3ris Ferenc rimasz\u00e9csi reform\u00e1tus lelk\u00e9sz rektori szolg\u00e1lati&nbsp; helye (1669-71). Eml\u00e9khely t\u00edpusa: nincs Itt tanultak:<\/p>\n","protected":false},"author":1,"featured_media":0,"parent":0,"menu_order":0,"comment_status":"closed","ping_status":"closed","template":"","meta":{"footnotes":""},"categories":[60,39,8],"tags":[],"class_list":["post-678","page","type-page","status-publish","hentry","category-emlekhelyek","category-iskolavarosok","category-staciok"],"translation":{"provider":"WPGlobus","version":"3.0.2","language":"gb","enabled_languages":["hu","gb"],"languages":{"hu":{"title":true,"content":true,"excerpt":false},"gb":{"title":false,"content":false,"excerpt":false}}},"yoast_head":"<!-- This site is optimized with the Yoast SEO plugin v27.2 - https:\/\/yoast.com\/product\/yoast-seo-wordpress\/ -->\n<title>Szatm\u00e1rn\u00e9meti<\/title>\n<meta name=\"robots\" content=\"index, follow, max-snippet:-1, max-image-preview:large, max-video-preview:-1\" \/>\n<link rel=\"canonical\" href=\"https:\/\/galyarabok.drk.hu\/szatmarnemeti\/\" \/>\n<meta property=\"og:locale\" content=\"en_GB\" \/>\n<meta property=\"og:type\" content=\"article\" \/>\n<meta property=\"og:title\" content=\"Szatm\u00e1rn\u00e9meti\" \/>\n<meta property=\"og:url\" content=\"https:\/\/galyarabok.drk.hu\/szatmarnemeti\/\" \/>\n<meta property=\"og:site_name\" content=\"Galley slave memorial road\" \/>\n<meta property=\"article:publisher\" content=\"https:\/\/www.facebook.com\/profile.php?id=61567825314709\" \/>\n<meta property=\"article:modified_time\" content=\"2024-10-24T08:24:04+00:00\" \/>\n<meta property=\"og:image\" content=\"https:\/\/galyarabok.drk.hu\/wp-content\/uploads\/2021\/02\/cropped-galya-kor-arny-vilagos-1.png\" \/>\n\t<meta property=\"og:image:width\" content=\"512\" \/>\n\t<meta property=\"og:image:height\" content=\"512\" \/>\n\t<meta property=\"og:image:type\" content=\"image\/png\" \/>\n<meta name=\"twitter:card\" content=\"summary_large_image\" \/>\n<script type=\"application\/ld+json\" class=\"yoast-schema-graph\">{\"@context\":\"https:\/\/schema.org\",\"@graph\":[{\"@type\":\"WebPage\",\"@id\":\"https:\/\/galyarabok.drk.hu\/szatmarnemeti\/\",\"url\":\"https:\/\/galyarabok.drk.hu\/szatmarnemeti\/\",\"name\":\"Szatm\u00e1rn\u00e9meti\",\"isPartOf\":{\"@id\":\"https:\/\/galyarabok.drk.hu\/#website\"},\"datePublished\":\"2021-02-02T18:42:13+00:00\",\"dateModified\":\"2024-10-24T08:24:04+00:00\",\"breadcrumb\":{\"@id\":\"https:\/\/galyarabok.drk.hu\/szatmarnemeti\/#breadcrumb\"},\"inLanguage\":\"en-GB\",\"potentialAction\":[{\"@type\":\"ReadAction\",\"target\":[\"https:\/\/galyarabok.drk.hu\/szatmarnemeti\/\"]}]},{\"@type\":\"BreadcrumbList\",\"@id\":\"https:\/\/galyarabok.drk.hu\/szatmarnemeti\/#breadcrumb\",\"itemListElement\":[{\"@type\":\"ListItem\",\"position\":1,\"name\":\"Kezd\u0151lap\",\"item\":\"https:\/\/galyarabok.drk.hu\/\"},{\"@type\":\"ListItem\",\"position\":2,\"name\":\"Szatm\u00e1rn\u00e9meti\"}]},{\"@type\":\"WebSite\",\"@id\":\"https:\/\/galyarabok.drk.hu\/#website\",\"url\":\"https:\/\/galyarabok.drk.hu\/\",\"name\":\"G\u00e1lyarab-eml\u00e9k\u00fat\",\"description\":\"The remembrance of the Hungarian protestant galley slaves. Made and can be visited from the 350th anniversary of the galley slavery (2024)\",\"publisher\":{\"@id\":\"https:\/\/galyarabok.drk.hu\/#organization\"},\"potentialAction\":[{\"@type\":\"SearchAction\",\"target\":{\"@type\":\"EntryPoint\",\"urlTemplate\":\"https:\/\/galyarabok.drk.hu\/?s={search_term_string}\"},\"query-input\":{\"@type\":\"PropertyValueSpecification\",\"valueRequired\":true,\"valueName\":\"search_term_string\"}}],\"inLanguage\":\"en-GB\"},{\"@type\":\"Organization\",\"@id\":\"https:\/\/galyarabok.drk.hu\/#organization\",\"name\":\"G\u00e1lyarab-eml\u00e9k\u00fat\",\"url\":\"https:\/\/galyarabok.drk.hu\/\",\"logo\":{\"@type\":\"ImageObject\",\"inLanguage\":\"en-GB\",\"@id\":\"https:\/\/galyarabok.drk.hu\/#\/schema\/logo\/image\/\",\"url\":\"https:\/\/galyarabok.drk.hu\/wp-content\/uploads\/2021\/02\/cropped-galya-kor-arny-vilagos.png\",\"contentUrl\":\"https:\/\/galyarabok.drk.hu\/wp-content\/uploads\/2021\/02\/cropped-galya-kor-arny-vilagos.png\",\"width\":102,\"height\":100,\"caption\":\"G\u00e1lyarab-eml\u00e9k\u00fat\"},\"image\":{\"@id\":\"https:\/\/galyarabok.drk.hu\/#\/schema\/logo\/image\/\"},\"sameAs\":[\"https:\/\/www.facebook.com\/profile.php?id=61567825314709\"]}]}<\/script>\n<!-- \/ Yoast SEO plugin. -->","yoast_head_json":{"title":"Szatm\u00e1rn\u00e9meti","robots":{"index":"index","follow":"follow","max-snippet":"max-snippet:-1","max-image-preview":"max-image-preview:large","max-video-preview":"max-video-preview:-1"},"canonical":"https:\/\/galyarabok.drk.hu\/szatmarnemeti\/","og_locale":"en_GB","og_type":"article","og_title":"Szatm\u00e1rn\u00e9meti","og_url":"https:\/\/galyarabok.drk.hu\/szatmarnemeti\/","og_site_name":"Galley slave memorial road","article_publisher":"https:\/\/www.facebook.com\/profile.php?id=61567825314709","article_modified_time":"2024-10-24T08:24:04+00:00","og_image":[{"width":512,"height":512,"url":"https:\/\/galyarabok.drk.hu\/wp-content\/uploads\/2021\/02\/cropped-galya-kor-arny-vilagos-1.png","type":"image\/png"}],"twitter_card":"summary_large_image","schema":{"@context":"https:\/\/schema.org","@graph":[{"@type":"WebPage","@id":"https:\/\/galyarabok.drk.hu\/szatmarnemeti\/","url":"https:\/\/galyarabok.drk.hu\/szatmarnemeti\/","name":"Szatm\u00e1rn\u00e9meti","isPartOf":{"@id":"https:\/\/galyarabok.drk.hu\/#website"},"datePublished":"2021-02-02T18:42:13+00:00","dateModified":"2024-10-24T08:24:04+00:00","breadcrumb":{"@id":"https:\/\/galyarabok.drk.hu\/szatmarnemeti\/#breadcrumb"},"inLanguage":"en-GB","potentialAction":[{"@type":"ReadAction","target":["https:\/\/galyarabok.drk.hu\/szatmarnemeti\/"]}]},{"@type":"BreadcrumbList","@id":"https:\/\/galyarabok.drk.hu\/szatmarnemeti\/#breadcrumb","itemListElement":[{"@type":"ListItem","position":1,"name":"Kezd\u0151lap","item":"https:\/\/galyarabok.drk.hu\/"},{"@type":"ListItem","position":2,"name":"Szatm\u00e1rn\u00e9meti"}]},{"@type":"WebSite","@id":"https:\/\/galyarabok.drk.hu\/#website","url":"https:\/\/galyarabok.drk.hu\/","name":"G\u00e1lyarab-eml\u00e9k\u00fat","description":"The remembrance of the Hungarian protestant galley slaves. Made and can be visited from the 350th anniversary of the galley slavery (2024)","publisher":{"@id":"https:\/\/galyarabok.drk.hu\/#organization"},"potentialAction":[{"@type":"SearchAction","target":{"@type":"EntryPoint","urlTemplate":"https:\/\/galyarabok.drk.hu\/?s={search_term_string}"},"query-input":{"@type":"PropertyValueSpecification","valueRequired":true,"valueName":"search_term_string"}}],"inLanguage":"en-GB"},{"@type":"Organization","@id":"https:\/\/galyarabok.drk.hu\/#organization","name":"G\u00e1lyarab-eml\u00e9k\u00fat","url":"https:\/\/galyarabok.drk.hu\/","logo":{"@type":"ImageObject","inLanguage":"en-GB","@id":"https:\/\/galyarabok.drk.hu\/#\/schema\/logo\/image\/","url":"https:\/\/galyarabok.drk.hu\/wp-content\/uploads\/2021\/02\/cropped-galya-kor-arny-vilagos.png","contentUrl":"https:\/\/galyarabok.drk.hu\/wp-content\/uploads\/2021\/02\/cropped-galya-kor-arny-vilagos.png","width":102,"height":100,"caption":"G\u00e1lyarab-eml\u00e9k\u00fat"},"image":{"@id":"https:\/\/galyarabok.drk.hu\/#\/schema\/logo\/image\/"},"sameAs":["https:\/\/www.facebook.com\/profile.php?id=61567825314709"]}]}},"_links":{"self":[{"href":"https:\/\/galyarabok.drk.hu\/gb\/wp-json\/wp\/v2\/pages\/678","targetHints":{"allow":["GET"]}}],"collection":[{"href":"https:\/\/galyarabok.drk.hu\/gb\/wp-json\/wp\/v2\/pages"}],"about":[{"href":"https:\/\/galyarabok.drk.hu\/gb\/wp-json\/wp\/v2\/types\/page"}],"author":[{"embeddable":true,"href":"https:\/\/galyarabok.drk.hu\/gb\/wp-json\/wp\/v2\/users\/1"}],"replies":[{"embeddable":true,"href":"https:\/\/galyarabok.drk.hu\/gb\/wp-json\/wp\/v2\/comments?post=678"}],"version-history":[{"count":5,"href":"https:\/\/galyarabok.drk.hu\/gb\/wp-json\/wp\/v2\/pages\/678\/revisions"}],"predecessor-version":[{"id":1437,"href":"https:\/\/galyarabok.drk.hu\/gb\/wp-json\/wp\/v2\/pages\/678\/revisions\/1437"}],"wp:attachment":[{"href":"https:\/\/galyarabok.drk.hu\/gb\/wp-json\/wp\/v2\/media?parent=678"}],"wp:term":[{"taxonomy":"category","embeddable":true,"href":"https:\/\/galyarabok.drk.hu\/gb\/wp-json\/wp\/v2\/categories?post=678"},{"taxonomy":"post_tag","embeddable":true,"href":"https:\/\/galyarabok.drk.hu\/gb\/wp-json\/wp\/v2\/tags?post=678"}],"curies":[{"name":"wp","href":"https:\/\/api.w.org\/{rel}","templated":true}]}}