{"id":664,"date":"2021-02-02T18:33:54","date_gmt":"2021-02-02T18:33:54","guid":{"rendered":"http:\/\/chuckie.hu\/wp\/?page_id=664"},"modified":"2024-10-11T10:28:14","modified_gmt":"2024-10-11T10:28:14","slug":"sarvar","status":"publish","type":"page","link":"https:\/\/galyarabok.drk.hu\/gb\/sarvar\/","title":{"rendered":"S\u00e1rv\u00e1r"},"content":{"rendered":"\n<p>(\u0150rs\u00e9gi egyh\u00e1zmegye, DTREK) \u2013 fogs\u00e1g,&nbsp; \u201e<em>G\u00e1lyarabs\u00e1gra hurcolt\u00e1ban e v\u00e1r b\u00f6rt\u00f6n\u00e9ben sinyl\u0151d\u00f6tt meggy\u0151z\u0151d\u00e9s\u00e9\u00e9rt 1674, 1675-ben L\u00e1nyi J\u00e1nos, Csutka J\u00e1nos, Glogovius J\u00e1nos, F\u00fcl\u00f6p J\u00e1nos, Mensatoris Istv\u00e1n, Rafaides J\u00e1nos, Roh\u00e1csi J\u00e1nos, Svetzki Andr\u00e1s (aki itt halt v\u00e9rtanuhal\u00e1lt), <a href=\"https:\/\/galyarabok.drk.hu\/gb\/csuzi-cseh-jakab\/\" data-internallinksmanager029f6b8e52c=\"39\" title=\"Cs\u00fazi Cseh Jakab\">Cs\u00fazi Cseh Jakab<\/a>, G\u00f6m\u00f6ri J\u00e1nos, Ladmaczi Istv\u00e1n, <a href=\"https:\/\/galyarabok.drk.hu\/gb\/szentkiralyi-andras\/\" data-internallinksmanager029f6b8e52c=\"147\" title=\"Szentkir\u00e1lyi Andr\u00e1s\">Szentkir\u00e1lyi Andr\u00e1s<\/a>, Szentp\u00e9teri Istv\u00e1n, ifj. Szentp\u00e9teri Istv\u00e1n, P. Tatai Istv\u00e1n evang\u00e9likus valamint reform\u00e1tus pr\u00e9dik\u00e1tor \u2013 1993. S\u00e1rv\u00e1r v\u00e1ros polg\u00e1rai\u201d<\/em><\/p>\n\n\n\n<p><strong>Eml\u00e9khely t\u00edpusa:<\/strong><\/p>\n\n\n\n<ul class=\"wp-block-list\">\n<li>eml\u00e9kt\u00e1bla, N\u00e1dasdy-v\u00e1r k\u00fcls\u0151 (1993)<\/li>\n<\/ul>\n\n\n\n<figure class=\"wp-block-gallery has-nested-images columns-4 is-cropped wp-block-gallery-1 is-layout-flex wp-block-gallery-is-layout-flex\">\n<figure class=\"wp-block-image size-large\"><a href=\"https:\/\/galyarabok.drk.hu\/wp-content\/uploads\/2021\/02\/SARVAR_DSC_5052-Sarvar_M.jpg\"><img loading=\"lazy\" decoding=\"async\" width=\"1024\" height=\"768\" data-id=\"665\" src=\"https:\/\/galyarabok.drk.hu\/wp-content\/uploads\/2021\/02\/SARVAR_DSC_5052-Sarvar_M-1024x768.jpg\" alt=\"\" class=\"wp-image-665\" srcset=\"https:\/\/galyarabok.drk.hu\/wp-content\/uploads\/2021\/02\/SARVAR_DSC_5052-Sarvar_M-1024x768.jpg 1024w, https:\/\/galyarabok.drk.hu\/wp-content\/uploads\/2021\/02\/SARVAR_DSC_5052-Sarvar_M-300x225.jpg 300w, https:\/\/galyarabok.drk.hu\/wp-content\/uploads\/2021\/02\/SARVAR_DSC_5052-Sarvar_M-768x576.jpg 768w, https:\/\/galyarabok.drk.hu\/wp-content\/uploads\/2021\/02\/SARVAR_DSC_5052-Sarvar_M-1536x1152.jpg 1536w, https:\/\/galyarabok.drk.hu\/wp-content\/uploads\/2021\/02\/SARVAR_DSC_5052-Sarvar_M-1067x800.jpg 1067w, https:\/\/galyarabok.drk.hu\/wp-content\/uploads\/2021\/02\/SARVAR_DSC_5052-Sarvar_M.jpg 2048w\" sizes=\"auto, (max-width: 1024px) 100vw, 1024px\" \/><\/a><\/figure>\n\n\n\n<figure class=\"wp-block-image size-large\"><a href=\"https:\/\/galyarabok.drk.hu\/wp-content\/uploads\/2021\/02\/SARVAR_DSC_5054_M-scaled.jpg\"><img loading=\"lazy\" decoding=\"async\" width=\"1024\" height=\"768\" data-id=\"666\" src=\"https:\/\/galyarabok.drk.hu\/wp-content\/uploads\/2021\/02\/SARVAR_DSC_5054_M-1024x768.jpg\" alt=\"S\u00e1rv\u00e1r\" class=\"wp-image-666\" srcset=\"https:\/\/galyarabok.drk.hu\/wp-content\/uploads\/2021\/02\/SARVAR_DSC_5054_M-1024x768.jpg 1024w, https:\/\/galyarabok.drk.hu\/wp-content\/uploads\/2021\/02\/SARVAR_DSC_5054_M-300x225.jpg 300w, https:\/\/galyarabok.drk.hu\/wp-content\/uploads\/2021\/02\/SARVAR_DSC_5054_M-768x576.jpg 768w, https:\/\/galyarabok.drk.hu\/wp-content\/uploads\/2021\/02\/SARVAR_DSC_5054_M-1536x1152.jpg 1536w, https:\/\/galyarabok.drk.hu\/wp-content\/uploads\/2021\/02\/SARVAR_DSC_5054_M-2048x1536.jpg 2048w, https:\/\/galyarabok.drk.hu\/wp-content\/uploads\/2021\/02\/SARVAR_DSC_5054_M-1067x800.jpg 1067w\" sizes=\"auto, (max-width: 1024px) 100vw, 1024px\" \/><\/a><\/figure>\n\n\n\n<figure class=\"wp-block-image size-large\"><a href=\"https:\/\/galyarabok.drk.hu\/wp-content\/uploads\/2021\/02\/SARVAR_DSC_5055_M.jpg\"><img loading=\"lazy\" decoding=\"async\" width=\"1024\" height=\"768\" data-id=\"667\" src=\"https:\/\/galyarabok.drk.hu\/wp-content\/uploads\/2021\/02\/SARVAR_DSC_5055_M-1024x768.jpg\" alt=\"\" class=\"wp-image-667\" srcset=\"https:\/\/galyarabok.drk.hu\/wp-content\/uploads\/2021\/02\/SARVAR_DSC_5055_M-1024x768.jpg 1024w, https:\/\/galyarabok.drk.hu\/wp-content\/uploads\/2021\/02\/SARVAR_DSC_5055_M-300x225.jpg 300w, https:\/\/galyarabok.drk.hu\/wp-content\/uploads\/2021\/02\/SARVAR_DSC_5055_M-768x576.jpg 768w, https:\/\/galyarabok.drk.hu\/wp-content\/uploads\/2021\/02\/SARVAR_DSC_5055_M-1536x1152.jpg 1536w, https:\/\/galyarabok.drk.hu\/wp-content\/uploads\/2021\/02\/SARVAR_DSC_5055_M-1067x800.jpg 1067w, https:\/\/galyarabok.drk.hu\/wp-content\/uploads\/2021\/02\/SARVAR_DSC_5055_M.jpg 2048w\" sizes=\"auto, (max-width: 1024px) 100vw, 1024px\" \/><\/a><\/figure>\n\n\n\n<figure class=\"wp-block-image size-large\"><a href=\"https:\/\/galyarabok.drk.hu\/wp-content\/uploads\/2021\/02\/sarvar-e1612432085270.png\"><img loading=\"lazy\" decoding=\"async\" width=\"1024\" height=\"682\" data-id=\"1151\" src=\"https:\/\/galyarabok.drk.hu\/wp-content\/uploads\/2021\/02\/sarvar-e1612432085270-1024x682.png\" alt=\"\" class=\"wp-image-1151\" srcset=\"https:\/\/galyarabok.drk.hu\/wp-content\/uploads\/2021\/02\/sarvar-e1612432085270-1024x682.png 1024w, https:\/\/galyarabok.drk.hu\/wp-content\/uploads\/2021\/02\/sarvar-e1612432085270-300x200.png 300w, https:\/\/galyarabok.drk.hu\/wp-content\/uploads\/2021\/02\/sarvar-e1612432085270-768x512.png 768w, https:\/\/galyarabok.drk.hu\/wp-content\/uploads\/2021\/02\/sarvar-e1612432085270.png 1112w\" sizes=\"auto, (max-width: 1024px) 100vw, 1024px\" \/><\/a><\/figure>\n<\/figure>\n","protected":false},"excerpt":{"rendered":"<p>(\u0150rs\u00e9gi egyh\u00e1zmegye, DTREK) \u2013 fogs\u00e1g,&nbsp; \u201eG\u00e1lyarabs\u00e1gra hurcolt\u00e1ban e v\u00e1r b\u00f6rt\u00f6n\u00e9ben sinyl\u0151d\u00f6tt meggy\u0151z\u0151d\u00e9s\u00e9\u00e9rt 1674, 1675-ben L\u00e1nyi J\u00e1nos, Csutka J\u00e1nos, Glogovius J\u00e1nos, [&hellip;]<\/p>\n","protected":false},"author":1,"featured_media":1151,"parent":0,"menu_order":0,"comment_status":"closed","ping_status":"closed","template":"","meta":{"footnotes":""},"categories":[37,60,8],"tags":[],"class_list":["post-664","page","type-page","status-publish","has-post-thumbnail","hentry","category-bortonok","category-emlekhelyek","category-staciok"],"translation":{"provider":"WPGlobus","version":"3.0.2","language":"gb","enabled_languages":["hu","gb"],"languages":{"hu":{"title":true,"content":true,"excerpt":false},"gb":{"title":false,"content":false,"excerpt":false}}},"yoast_head":"<!-- This site is optimized with the Yoast SEO plugin v27.2 - https:\/\/yoast.com\/product\/yoast-seo-wordpress\/ -->\n<title>S\u00e1rv\u00e1r<\/title>\n<meta name=\"robots\" content=\"index, follow, max-snippet:-1, max-image-preview:large, max-video-preview:-1\" \/>\n<link rel=\"canonical\" href=\"https:\/\/galyarabok.drk.hu\/sarvar\/\" \/>\n<meta property=\"og:locale\" content=\"en_GB\" \/>\n<meta property=\"og:type\" content=\"article\" \/>\n<meta property=\"og:title\" content=\"S\u00e1rv\u00e1r\" \/>\n<meta property=\"og:url\" content=\"https:\/\/galyarabok.drk.hu\/sarvar\/\" \/>\n<meta property=\"og:site_name\" content=\"Galley slave memorial road\" \/>\n<meta property=\"article:publisher\" content=\"https:\/\/www.facebook.com\/profile.php?id=61567825314709\" \/>\n<meta property=\"article:modified_time\" content=\"2024-10-11T10:28:14+00:00\" \/>\n<meta property=\"og:image\" content=\"https:\/\/galyarabok.drk.hu\/wp-content\/uploads\/2021\/02\/sarvar-e1612432085270.png\" \/>\n\t<meta property=\"og:image:width\" content=\"1112\" \/>\n\t<meta property=\"og:image:height\" content=\"741\" \/>\n\t<meta property=\"og:image:type\" content=\"image\/png\" \/>\n<meta name=\"twitter:card\" content=\"summary_large_image\" \/>\n<meta name=\"twitter:label1\" content=\"Est. reading time\" \/>\n\t<meta name=\"twitter:data1\" content=\"1 minute\" \/>\n<script type=\"application\/ld+json\" class=\"yoast-schema-graph\">{\"@context\":\"https:\/\/schema.org\",\"@graph\":[{\"@type\":\"WebPage\",\"@id\":\"https:\/\/galyarabok.drk.hu\/sarvar\/\",\"url\":\"https:\/\/galyarabok.drk.hu\/sarvar\/\",\"name\":\"S\u00e1rv\u00e1r\",\"isPartOf\":{\"@id\":\"https:\/\/galyarabok.drk.hu\/#website\"},\"primaryImageOfPage\":{\"@id\":\"https:\/\/galyarabok.drk.hu\/sarvar\/#primaryimage\"},\"image\":{\"@id\":\"https:\/\/galyarabok.drk.hu\/sarvar\/#primaryimage\"},\"thumbnailUrl\":\"https:\/\/galyarabok.drk.hu\/wp-content\/uploads\/2021\/02\/sarvar-e1612432085270.png\",\"datePublished\":\"2021-02-02T18:33:54+00:00\",\"dateModified\":\"2024-10-11T10:28:14+00:00\",\"breadcrumb\":{\"@id\":\"https:\/\/galyarabok.drk.hu\/sarvar\/#breadcrumb\"},\"inLanguage\":\"en-GB\",\"potentialAction\":[{\"@type\":\"ReadAction\",\"target\":[\"https:\/\/galyarabok.drk.hu\/sarvar\/\"]}]},{\"@type\":\"ImageObject\",\"inLanguage\":\"en-GB\",\"@id\":\"https:\/\/galyarabok.drk.hu\/sarvar\/#primaryimage\",\"url\":\"https:\/\/galyarabok.drk.hu\/wp-content\/uploads\/2021\/02\/sarvar-e1612432085270.png\",\"contentUrl\":\"https:\/\/galyarabok.drk.hu\/wp-content\/uploads\/2021\/02\/sarvar-e1612432085270.png\",\"width\":1112,\"height\":741},{\"@type\":\"BreadcrumbList\",\"@id\":\"https:\/\/galyarabok.drk.hu\/sarvar\/#breadcrumb\",\"itemListElement\":[{\"@type\":\"ListItem\",\"position\":1,\"name\":\"Kezd\u0151lap\",\"item\":\"https:\/\/galyarabok.drk.hu\/\"},{\"@type\":\"ListItem\",\"position\":2,\"name\":\"S\u00e1rv\u00e1r\"}]},{\"@type\":\"WebSite\",\"@id\":\"https:\/\/galyarabok.drk.hu\/#website\",\"url\":\"https:\/\/galyarabok.drk.hu\/\",\"name\":\"G\u00e1lyarab-eml\u00e9k\u00fat\",\"description\":\"The remembrance of the Hungarian protestant galley slaves. Made and can be visited from the 350th anniversary of the galley slavery (2024)\",\"publisher\":{\"@id\":\"https:\/\/galyarabok.drk.hu\/#organization\"},\"potentialAction\":[{\"@type\":\"SearchAction\",\"target\":{\"@type\":\"EntryPoint\",\"urlTemplate\":\"https:\/\/galyarabok.drk.hu\/?s={search_term_string}\"},\"query-input\":{\"@type\":\"PropertyValueSpecification\",\"valueRequired\":true,\"valueName\":\"search_term_string\"}}],\"inLanguage\":\"en-GB\"},{\"@type\":\"Organization\",\"@id\":\"https:\/\/galyarabok.drk.hu\/#organization\",\"name\":\"G\u00e1lyarab-eml\u00e9k\u00fat\",\"url\":\"https:\/\/galyarabok.drk.hu\/\",\"logo\":{\"@type\":\"ImageObject\",\"inLanguage\":\"en-GB\",\"@id\":\"https:\/\/galyarabok.drk.hu\/#\/schema\/logo\/image\/\",\"url\":\"https:\/\/galyarabok.drk.hu\/wp-content\/uploads\/2021\/02\/cropped-galya-kor-arny-vilagos.png\",\"contentUrl\":\"https:\/\/galyarabok.drk.hu\/wp-content\/uploads\/2021\/02\/cropped-galya-kor-arny-vilagos.png\",\"width\":102,\"height\":100,\"caption\":\"G\u00e1lyarab-eml\u00e9k\u00fat\"},\"image\":{\"@id\":\"https:\/\/galyarabok.drk.hu\/#\/schema\/logo\/image\/\"},\"sameAs\":[\"https:\/\/www.facebook.com\/profile.php?id=61567825314709\"]}]}<\/script>\n<!-- \/ Yoast SEO plugin. -->","yoast_head_json":{"title":"S\u00e1rv\u00e1r","robots":{"index":"index","follow":"follow","max-snippet":"max-snippet:-1","max-image-preview":"max-image-preview:large","max-video-preview":"max-video-preview:-1"},"canonical":"https:\/\/galyarabok.drk.hu\/sarvar\/","og_locale":"en_GB","og_type":"article","og_title":"S\u00e1rv\u00e1r","og_url":"https:\/\/galyarabok.drk.hu\/sarvar\/","og_site_name":"Galley slave memorial road","article_publisher":"https:\/\/www.facebook.com\/profile.php?id=61567825314709","article_modified_time":"2024-10-11T10:28:14+00:00","og_image":[{"width":1112,"height":741,"url":"https:\/\/galyarabok.drk.hu\/wp-content\/uploads\/2021\/02\/sarvar-e1612432085270.png","type":"image\/png"}],"twitter_card":"summary_large_image","twitter_misc":{"Est. reading time":"1 minute"},"schema":{"@context":"https:\/\/schema.org","@graph":[{"@type":"WebPage","@id":"https:\/\/galyarabok.drk.hu\/sarvar\/","url":"https:\/\/galyarabok.drk.hu\/sarvar\/","name":"S\u00e1rv\u00e1r","isPartOf":{"@id":"https:\/\/galyarabok.drk.hu\/#website"},"primaryImageOfPage":{"@id":"https:\/\/galyarabok.drk.hu\/sarvar\/#primaryimage"},"image":{"@id":"https:\/\/galyarabok.drk.hu\/sarvar\/#primaryimage"},"thumbnailUrl":"https:\/\/galyarabok.drk.hu\/wp-content\/uploads\/2021\/02\/sarvar-e1612432085270.png","datePublished":"2021-02-02T18:33:54+00:00","dateModified":"2024-10-11T10:28:14+00:00","breadcrumb":{"@id":"https:\/\/galyarabok.drk.hu\/sarvar\/#breadcrumb"},"inLanguage":"en-GB","potentialAction":[{"@type":"ReadAction","target":["https:\/\/galyarabok.drk.hu\/sarvar\/"]}]},{"@type":"ImageObject","inLanguage":"en-GB","@id":"https:\/\/galyarabok.drk.hu\/sarvar\/#primaryimage","url":"https:\/\/galyarabok.drk.hu\/wp-content\/uploads\/2021\/02\/sarvar-e1612432085270.png","contentUrl":"https:\/\/galyarabok.drk.hu\/wp-content\/uploads\/2021\/02\/sarvar-e1612432085270.png","width":1112,"height":741},{"@type":"BreadcrumbList","@id":"https:\/\/galyarabok.drk.hu\/sarvar\/#breadcrumb","itemListElement":[{"@type":"ListItem","position":1,"name":"Kezd\u0151lap","item":"https:\/\/galyarabok.drk.hu\/"},{"@type":"ListItem","position":2,"name":"S\u00e1rv\u00e1r"}]},{"@type":"WebSite","@id":"https:\/\/galyarabok.drk.hu\/#website","url":"https:\/\/galyarabok.drk.hu\/","name":"G\u00e1lyarab-eml\u00e9k\u00fat","description":"The remembrance of the Hungarian protestant galley slaves. Made and can be visited from the 350th anniversary of the galley slavery (2024)","publisher":{"@id":"https:\/\/galyarabok.drk.hu\/#organization"},"potentialAction":[{"@type":"SearchAction","target":{"@type":"EntryPoint","urlTemplate":"https:\/\/galyarabok.drk.hu\/?s={search_term_string}"},"query-input":{"@type":"PropertyValueSpecification","valueRequired":true,"valueName":"search_term_string"}}],"inLanguage":"en-GB"},{"@type":"Organization","@id":"https:\/\/galyarabok.drk.hu\/#organization","name":"G\u00e1lyarab-eml\u00e9k\u00fat","url":"https:\/\/galyarabok.drk.hu\/","logo":{"@type":"ImageObject","inLanguage":"en-GB","@id":"https:\/\/galyarabok.drk.hu\/#\/schema\/logo\/image\/","url":"https:\/\/galyarabok.drk.hu\/wp-content\/uploads\/2021\/02\/cropped-galya-kor-arny-vilagos.png","contentUrl":"https:\/\/galyarabok.drk.hu\/wp-content\/uploads\/2021\/02\/cropped-galya-kor-arny-vilagos.png","width":102,"height":100,"caption":"G\u00e1lyarab-eml\u00e9k\u00fat"},"image":{"@id":"https:\/\/galyarabok.drk.hu\/#\/schema\/logo\/image\/"},"sameAs":["https:\/\/www.facebook.com\/profile.php?id=61567825314709"]}]}},"_links":{"self":[{"href":"https:\/\/galyarabok.drk.hu\/gb\/wp-json\/wp\/v2\/pages\/664","targetHints":{"allow":["GET"]}}],"collection":[{"href":"https:\/\/galyarabok.drk.hu\/gb\/wp-json\/wp\/v2\/pages"}],"about":[{"href":"https:\/\/galyarabok.drk.hu\/gb\/wp-json\/wp\/v2\/types\/page"}],"author":[{"embeddable":true,"href":"https:\/\/galyarabok.drk.hu\/gb\/wp-json\/wp\/v2\/users\/1"}],"replies":[{"embeddable":true,"href":"https:\/\/galyarabok.drk.hu\/gb\/wp-json\/wp\/v2\/comments?post=664"}],"version-history":[{"count":8,"href":"https:\/\/galyarabok.drk.hu\/gb\/wp-json\/wp\/v2\/pages\/664\/revisions"}],"predecessor-version":[{"id":1225,"href":"https:\/\/galyarabok.drk.hu\/gb\/wp-json\/wp\/v2\/pages\/664\/revisions\/1225"}],"wp:featuredmedia":[{"embeddable":true,"href":"https:\/\/galyarabok.drk.hu\/gb\/wp-json\/wp\/v2\/media\/1151"}],"wp:attachment":[{"href":"https:\/\/galyarabok.drk.hu\/gb\/wp-json\/wp\/v2\/media?parent=664"}],"wp:term":[{"taxonomy":"category","embeddable":true,"href":"https:\/\/galyarabok.drk.hu\/gb\/wp-json\/wp\/v2\/categories?post=664"},{"taxonomy":"post_tag","embeddable":true,"href":"https:\/\/galyarabok.drk.hu\/gb\/wp-json\/wp\/v2\/tags?post=664"}],"curies":[{"name":"wp","href":"https:\/\/api.w.org\/{rel}","templated":true}]}}