{"id":661,"date":"2021-02-02T18:29:13","date_gmt":"2021-02-02T18:29:13","guid":{"rendered":"http:\/\/chuckie.hu\/wp\/?page_id=661"},"modified":"2024-10-24T13:02:49","modified_gmt":"2024-10-24T13:02:49","slug":"sarospatak","status":"publish","type":"page","link":"https:\/\/galyarabok.drk.hu\/gb\/sarospatak\/","title":{"rendered":"S\u00e1rospatak"},"content":{"rendered":"\n<p>(Zempl\u00e9ni egyh\u00e1zmegye, TIREK) \u2013 iskolav\u00e1ros, eml\u00e9khely<\/p>\n\n\n\n<p><strong><a href=\"https:\/\/galyarabok.drk.hu\/gb\/sajoszentpeteri-marton\/\" data-internallinksmanager029f6b8e52c=\"140\" title=\"Saj\u00f3szentp\u00e9teri M\u00e1rton\">Saj\u00f3szentp\u00e9teri M\u00e1rton<\/a><\/strong> het\u00e9nyi reform\u00e1tus lelk\u00e9sz k\u00e1ntori szolg\u00e1lati helye.<\/p>\n\n\n\n<p><strong>Eml\u00e9khely t\u00edpusa:<\/strong><\/p>\n\n\n\n<ul class=\"wp-block-list\">\n<li>domborm\u0171, Dufart (1936),<\/li>\n\n\n\n<li>Vasas t\u00fara\u00fatvonal (2.)<\/li>\n\n\n\n<li>eml\u00e9kt\u00e1bla, bels\u0151 udvar (2001)<\/li>\n<\/ul>\n\n\n\n<p><strong>Itt tanultak:<\/strong><\/p>\n\n\n\n<ul class=\"wp-block-list\">\n<li><strong><a href=\"https:\/\/galyarabok.drk.hu\/gb\/batorkeszi-istvan\/\" data-internallinksmanager029f6b8e52c=\"36\" title=\"B\u00e1torkeszi Istv\u00e1n\">B\u00e1torkeszi Istv\u00e1n<\/a><\/strong> (1661)<\/li>\n\n\n\n<li><strong><a href=\"https:\/\/galyarabok.drk.hu\/gb\/czegledi-peter\/\" data-internallinksmanager029f6b8e52c=\"38\" title=\"Czegl\u00e9di P\u00e9ter\">Czegl\u00e9di P\u00e9ter<\/a><\/strong> (1663)<\/li>\n\n\n\n<li><strong><a href=\"https:\/\/galyarabok.drk.hu\/gb\/csuzi-cseh-jakab\/\" data-internallinksmanager029f6b8e52c=\"39\" title=\"Cs\u00fazi Cseh Jakab\">Cs\u00fazi Cseh Jakab<\/a><\/strong> (1658-61; senior)<\/li>\n\n\n\n<li><strong><a href=\"https:\/\/galyarabok.drk.hu\/gb\/fuleki-istvan\/\" data-internallinksmanager029f6b8e52c=\"41\" title=\"F\u00fcleki Istv\u00e1n\">F\u00fcleki Istv\u00e1n<\/a><\/strong> (1666)<\/li>\n\n\n\n<li><strong><a href=\"https:\/\/galyarabok.drk.hu\/gb\/harsanyi-moricz-istvan\/\" data-internallinksmanager029f6b8e52c=\"43\" title=\"Hars\u00e1nyi M\u00f3ricz Istv\u00e1n\">Hars\u00e1nyi M\u00f3ricz Istv\u00e1n<\/a><\/strong> (nemesi sz\u00e1rm.)<\/li>\n\n\n\n<li><strong><a href=\"https:\/\/galyarabok.drk.hu\/gb\/jablonczai-pethes-janos\/\" data-internallinksmanager029f6b8e52c=\"45\" title=\"Jablonczai Pethes J\u00e1nos\">Jablonczai Petes J\u00e1nos<\/a><\/strong> (1665)<\/li>\n\n\n\n<li><strong><a href=\"https:\/\/galyarabok.drk.hu\/gb\/kallai-istvan\/\" data-internallinksmanager029f6b8e52c=\"46\" title=\"K\u00e1llai Istv\u00e1n\">K\u00e1llai Istv\u00e1n<\/a><\/strong> (1668)<\/li>\n\n\n\n<li><strong><a href=\"https:\/\/galyarabok.drk.hu\/gb\/kaposi-s-istvan\/\" data-internallinksmanager029f6b8e52c=\"48\" title=\"Kaposi S. Istv\u00e1n\">Kaposi S. Istv\u00e1n<\/a><\/strong> (1638)<\/li>\n\n\n\n<li><strong><a href=\"https:\/\/galyarabok.drk.hu\/gb\/komaromi-sullye-istvan\/\" data-internallinksmanager029f6b8e52c=\"51\" title=\"Kom\u00e1romi S\u00fcllye Istv\u00e1n\">Kom\u00e1romi S\u00fcllye Istv\u00e1n<\/a><\/strong> (1666?)<\/li>\n\n\n\n<li><strong><a href=\"https:\/\/galyarabok.drk.hu\/gb\/kopeczi-haller-balazs-vazul\/\" data-internallinksmanager029f6b8e52c=\"132\" title=\"K\u00f6peczi Haller Bal\u00e1zs \/ Vazul\">K\u00f6peczi Haller Bal\u00e1zs \/ Vazul<\/a> <\/strong>(1663)<\/li>\n\n\n\n<li><strong><a href=\"https:\/\/galyarabok.drk.hu\/gb\/kormendi-k-gyorgy\/\" data-internallinksmanager029f6b8e52c=\"133\" title=\"K\u00f6rmendi K. Gy\u00f6rgy\">K\u00f6rmendi K. Gy\u00f6rgy<\/a><\/strong> (1655)<\/li>\n\n\n\n<li><strong><a href=\"https:\/\/galyarabok.drk.hu\/gb\/ladmoczi-istvan\/\" data-internallinksmanager029f6b8e52c=\"134\" title=\"Ladm\u00f3czi Istv\u00e1n\">Ladm\u00f3czi Istv\u00e1n<\/a><\/strong> (1658)<\/li>\n\n\n\n<li><strong><a href=\"https:\/\/galyarabok.drk.hu\/gb\/miskolczi-bodnar-mihaly\/\" data-internallinksmanager029f6b8e52c=\"135\" title=\"Miskolczi Bodn\u00e1r Mih\u00e1ly\">Miskolczi Bodn\u00e1r Mih\u00e1ly<\/a><\/strong> (1647?,1660?)<\/li>\n\n\n\n<li><strong><a href=\"https:\/\/galyarabok.drk.hu\/gb\/otrokocsi-foris-ferenc\/\" data-internallinksmanager029f6b8e52c=\"138\" title=\"Otrokocsi F\u00f3ris Ferenc\">Otrokocsi F\u00f3ris Ferenc<\/a><\/strong> (1667)<\/li>\n\n\n\n<li><strong>Saj\u00f3szentp\u00e9teri M\u00e1rton<\/strong> (1654)<\/li>\n\n\n\n<li><strong><a href=\"https:\/\/galyarabok.drk.hu\/gb\/sellyei-m-istvan\/\" data-internallinksmanager029f6b8e52c=\"141\" title=\"S\u00e9llyei M. Istv\u00e1n\">S\u00e9llyei M. Istv\u00e1n<\/a> <\/strong>(1650, senior)<\/li>\n\n\n\n<li><strong><a href=\"https:\/\/galyarabok.drk.hu\/gb\/szaloczi-b-mihaly\/\" data-internallinksmanager029f6b8e52c=\"143\" title=\"Szal\u00f3czi B. Mih\u00e1ly\">Szal\u00f3czi B. Mih\u00e1ly<\/a><\/strong> (1646)<\/li>\n\n\n\n<li><strong><a href=\"https:\/\/galyarabok.drk.hu\/gb\/szecsei-b-janos\/\" data-internallinksmanager029f6b8e52c=\"144\" title=\"Szecsei B. J\u00e1nos\">Szecsei B. J\u00e1nos<\/a><\/strong> (1630)<\/li>\n\n\n\n<li><strong><a href=\"https:\/\/galyarabok.drk.hu\/gb\/szentpeteri-mango-istvan\/\" data-internallinksmanager029f6b8e52c=\"148\" title=\"Szentp\u00e9teri M\u00e1ng\u00f3 Istv\u00e1n\">Szentp\u00e9teri M\u00e1ng\u00f3 Istv\u00e1n<\/a><\/strong> (1662)<\/li>\n\n\n\n<li><strong><a href=\"https:\/\/galyarabok.drk.hu\/gb\/szodoi-balogh-andras\/\" data-internallinksmanager029f6b8e52c=\"150\" title=\"Szod\u00f3i Balogh Andr\u00e1s\">Szod\u00f3i Balogh Andr\u00e1s<\/a><\/strong> (1648)<\/li>\n\n\n\n<li><strong><a href=\"https:\/\/galyarabok.drk.hu\/gb\/szomodi-b-janos\/\" data-internallinksmanager029f6b8e52c=\"151\" title=\"Szom\u00f3di B. J\u00e1nos\">Szom\u00f3di B. J\u00e1nos<\/a><\/strong> (1649)<\/li>\n<\/ul>\n\n\n\n<figure class=\"wp-block-gallery has-nested-images columns-default is-cropped wp-block-gallery-1 is-layout-flex wp-block-gallery-is-layout-flex\">\n<figure class=\"wp-block-image size-large\"><a href=\"https:\/\/galyarabok.drk.hu\/wp-content\/uploads\/2021\/02\/sarospataki_galyarab_diakok.png\"><img loading=\"lazy\" decoding=\"async\" width=\"450\" height=\"421\" data-id=\"1160\" src=\"https:\/\/galyarabok.drk.hu\/wp-content\/uploads\/2021\/02\/sarospataki_galyarab_diakok.png\" alt=\"S\u00e1rospatak, Dufart\" class=\"wp-image-1160\" srcset=\"https:\/\/galyarabok.drk.hu\/wp-content\/uploads\/2021\/02\/sarospataki_galyarab_diakok.png 450w, https:\/\/galyarabok.drk.hu\/wp-content\/uploads\/2021\/02\/sarospataki_galyarab_diakok-300x281.png 300w\" sizes=\"auto, (max-width: 450px) 100vw, 450px\" \/><\/a><\/figure>\n\n\n\n<figure class=\"wp-block-image size-large\"><a href=\"https:\/\/galyarabok.drk.hu\/wp-content\/uploads\/2024\/10\/Sarospataki-Kollegium-ISKOLAK.jpg\"><img loading=\"lazy\" decoding=\"async\" width=\"782\" height=\"458\" data-id=\"1469\" src=\"https:\/\/galyarabok.drk.hu\/wp-content\/uploads\/2024\/10\/Sarospataki-Kollegium-ISKOLAK.jpg\" alt=\"\" class=\"wp-image-1469\" srcset=\"https:\/\/galyarabok.drk.hu\/wp-content\/uploads\/2024\/10\/Sarospataki-Kollegium-ISKOLAK.jpg 782w, https:\/\/galyarabok.drk.hu\/wp-content\/uploads\/2024\/10\/Sarospataki-Kollegium-ISKOLAK-300x176.jpg 300w, https:\/\/galyarabok.drk.hu\/wp-content\/uploads\/2024\/10\/Sarospataki-Kollegium-ISKOLAK-768x450.jpg 768w\" sizes=\"auto, (max-width: 782px) 100vw, 782px\" \/><\/a><figcaption class=\"wp-element-caption\">S\u00e1rospataki Koll\u00e9gium<\/figcaption><\/figure>\n<\/figure>\n","protected":false},"excerpt":{"rendered":"<p>(Zempl\u00e9ni egyh\u00e1zmegye, TIREK) \u2013 iskolav\u00e1ros, eml\u00e9khely Saj\u00f3szentp\u00e9teri M\u00e1rton het\u00e9nyi reform\u00e1tus lelk\u00e9sz k\u00e1ntori szolg\u00e1lati helye. Eml\u00e9khely t\u00edpusa: Itt tanultak:<\/p>\n","protected":false},"author":1,"featured_media":1469,"parent":0,"menu_order":0,"comment_status":"closed","ping_status":"closed","template":"","meta":{"footnotes":""},"categories":[60,39,8,11,46],"tags":[],"class_list":["post-661","page","type-page","status-publish","has-post-thumbnail","hentry","category-emlekhelyek","category-iskolavarosok","category-staciok","category-turazok","category-emlekturak"],"translation":{"provider":"WPGlobus","version":"3.0.2","language":"gb","enabled_languages":["hu","gb"],"languages":{"hu":{"title":true,"content":true,"excerpt":false},"gb":{"title":false,"content":false,"excerpt":false}}},"yoast_head":"<!-- This site is optimized with the Yoast SEO plugin v27.2 - https:\/\/yoast.com\/product\/yoast-seo-wordpress\/ -->\n<title>S\u00e1rospatak<\/title>\n<meta name=\"robots\" content=\"index, follow, max-snippet:-1, max-image-preview:large, max-video-preview:-1\" \/>\n<link rel=\"canonical\" href=\"https:\/\/galyarabok.drk.hu\/sarospatak\/\" \/>\n<meta property=\"og:locale\" content=\"en_GB\" \/>\n<meta property=\"og:type\" content=\"article\" \/>\n<meta property=\"og:title\" content=\"S\u00e1rospatak\" \/>\n<meta property=\"og:url\" content=\"https:\/\/galyarabok.drk.hu\/sarospatak\/\" \/>\n<meta property=\"og:site_name\" content=\"Galley slave memorial road\" \/>\n<meta property=\"article:publisher\" content=\"https:\/\/www.facebook.com\/profile.php?id=61567825314709\" \/>\n<meta property=\"article:modified_time\" content=\"2024-10-24T13:02:49+00:00\" \/>\n<meta property=\"og:image\" content=\"https:\/\/galyarabok.drk.hu\/wp-content\/uploads\/2024\/10\/Sarospataki-Kollegium-ISKOLAK.jpg\" \/>\n\t<meta property=\"og:image:width\" content=\"782\" \/>\n\t<meta property=\"og:image:height\" content=\"458\" \/>\n\t<meta property=\"og:image:type\" content=\"image\/jpeg\" \/>\n<meta name=\"twitter:card\" content=\"summary_large_image\" \/>\n<meta name=\"twitter:label1\" content=\"Est. reading time\" \/>\n\t<meta name=\"twitter:data1\" content=\"1 minute\" \/>\n<script type=\"application\/ld+json\" class=\"yoast-schema-graph\">{\"@context\":\"https:\/\/schema.org\",\"@graph\":[{\"@type\":\"WebPage\",\"@id\":\"https:\/\/galyarabok.drk.hu\/sarospatak\/\",\"url\":\"https:\/\/galyarabok.drk.hu\/sarospatak\/\",\"name\":\"S\u00e1rospatak\",\"isPartOf\":{\"@id\":\"https:\/\/galyarabok.drk.hu\/#website\"},\"primaryImageOfPage\":{\"@id\":\"https:\/\/galyarabok.drk.hu\/sarospatak\/#primaryimage\"},\"image\":{\"@id\":\"https:\/\/galyarabok.drk.hu\/sarospatak\/#primaryimage\"},\"thumbnailUrl\":\"https:\/\/galyarabok.drk.hu\/wp-content\/uploads\/2024\/10\/Sarospataki-Kollegium-ISKOLAK.jpg\",\"datePublished\":\"2021-02-02T18:29:13+00:00\",\"dateModified\":\"2024-10-24T13:02:49+00:00\",\"breadcrumb\":{\"@id\":\"https:\/\/galyarabok.drk.hu\/sarospatak\/#breadcrumb\"},\"inLanguage\":\"en-GB\",\"potentialAction\":[{\"@type\":\"ReadAction\",\"target\":[\"https:\/\/galyarabok.drk.hu\/sarospatak\/\"]}]},{\"@type\":\"ImageObject\",\"inLanguage\":\"en-GB\",\"@id\":\"https:\/\/galyarabok.drk.hu\/sarospatak\/#primaryimage\",\"url\":\"https:\/\/galyarabok.drk.hu\/wp-content\/uploads\/2024\/10\/Sarospataki-Kollegium-ISKOLAK.jpg\",\"contentUrl\":\"https:\/\/galyarabok.drk.hu\/wp-content\/uploads\/2024\/10\/Sarospataki-Kollegium-ISKOLAK.jpg\",\"width\":782,\"height\":458,\"caption\":\"S\u00e1rospataki Koll\u00e9gium\"},{\"@type\":\"BreadcrumbList\",\"@id\":\"https:\/\/galyarabok.drk.hu\/sarospatak\/#breadcrumb\",\"itemListElement\":[{\"@type\":\"ListItem\",\"position\":1,\"name\":\"Kezd\u0151lap\",\"item\":\"https:\/\/galyarabok.drk.hu\/\"},{\"@type\":\"ListItem\",\"position\":2,\"name\":\"S\u00e1rospatak\"}]},{\"@type\":\"WebSite\",\"@id\":\"https:\/\/galyarabok.drk.hu\/#website\",\"url\":\"https:\/\/galyarabok.drk.hu\/\",\"name\":\"G\u00e1lyarab-eml\u00e9k\u00fat\",\"description\":\"The remembrance of the Hungarian protestant galley slaves. Made and can be visited from the 350th anniversary of the galley slavery (2024)\",\"publisher\":{\"@id\":\"https:\/\/galyarabok.drk.hu\/#organization\"},\"potentialAction\":[{\"@type\":\"SearchAction\",\"target\":{\"@type\":\"EntryPoint\",\"urlTemplate\":\"https:\/\/galyarabok.drk.hu\/?s={search_term_string}\"},\"query-input\":{\"@type\":\"PropertyValueSpecification\",\"valueRequired\":true,\"valueName\":\"search_term_string\"}}],\"inLanguage\":\"en-GB\"},{\"@type\":\"Organization\",\"@id\":\"https:\/\/galyarabok.drk.hu\/#organization\",\"name\":\"G\u00e1lyarab-eml\u00e9k\u00fat\",\"url\":\"https:\/\/galyarabok.drk.hu\/\",\"logo\":{\"@type\":\"ImageObject\",\"inLanguage\":\"en-GB\",\"@id\":\"https:\/\/galyarabok.drk.hu\/#\/schema\/logo\/image\/\",\"url\":\"https:\/\/galyarabok.drk.hu\/wp-content\/uploads\/2021\/02\/cropped-galya-kor-arny-vilagos.png\",\"contentUrl\":\"https:\/\/galyarabok.drk.hu\/wp-content\/uploads\/2021\/02\/cropped-galya-kor-arny-vilagos.png\",\"width\":102,\"height\":100,\"caption\":\"G\u00e1lyarab-eml\u00e9k\u00fat\"},\"image\":{\"@id\":\"https:\/\/galyarabok.drk.hu\/#\/schema\/logo\/image\/\"},\"sameAs\":[\"https:\/\/www.facebook.com\/profile.php?id=61567825314709\"]}]}<\/script>\n<!-- \/ Yoast SEO plugin. -->","yoast_head_json":{"title":"S\u00e1rospatak","robots":{"index":"index","follow":"follow","max-snippet":"max-snippet:-1","max-image-preview":"max-image-preview:large","max-video-preview":"max-video-preview:-1"},"canonical":"https:\/\/galyarabok.drk.hu\/sarospatak\/","og_locale":"en_GB","og_type":"article","og_title":"S\u00e1rospatak","og_url":"https:\/\/galyarabok.drk.hu\/sarospatak\/","og_site_name":"Galley slave memorial road","article_publisher":"https:\/\/www.facebook.com\/profile.php?id=61567825314709","article_modified_time":"2024-10-24T13:02:49+00:00","og_image":[{"width":782,"height":458,"url":"https:\/\/galyarabok.drk.hu\/wp-content\/uploads\/2024\/10\/Sarospataki-Kollegium-ISKOLAK.jpg","type":"image\/jpeg"}],"twitter_card":"summary_large_image","twitter_misc":{"Est. reading time":"1 minute"},"schema":{"@context":"https:\/\/schema.org","@graph":[{"@type":"WebPage","@id":"https:\/\/galyarabok.drk.hu\/sarospatak\/","url":"https:\/\/galyarabok.drk.hu\/sarospatak\/","name":"S\u00e1rospatak","isPartOf":{"@id":"https:\/\/galyarabok.drk.hu\/#website"},"primaryImageOfPage":{"@id":"https:\/\/galyarabok.drk.hu\/sarospatak\/#primaryimage"},"image":{"@id":"https:\/\/galyarabok.drk.hu\/sarospatak\/#primaryimage"},"thumbnailUrl":"https:\/\/galyarabok.drk.hu\/wp-content\/uploads\/2024\/10\/Sarospataki-Kollegium-ISKOLAK.jpg","datePublished":"2021-02-02T18:29:13+00:00","dateModified":"2024-10-24T13:02:49+00:00","breadcrumb":{"@id":"https:\/\/galyarabok.drk.hu\/sarospatak\/#breadcrumb"},"inLanguage":"en-GB","potentialAction":[{"@type":"ReadAction","target":["https:\/\/galyarabok.drk.hu\/sarospatak\/"]}]},{"@type":"ImageObject","inLanguage":"en-GB","@id":"https:\/\/galyarabok.drk.hu\/sarospatak\/#primaryimage","url":"https:\/\/galyarabok.drk.hu\/wp-content\/uploads\/2024\/10\/Sarospataki-Kollegium-ISKOLAK.jpg","contentUrl":"https:\/\/galyarabok.drk.hu\/wp-content\/uploads\/2024\/10\/Sarospataki-Kollegium-ISKOLAK.jpg","width":782,"height":458,"caption":"S\u00e1rospataki Koll\u00e9gium"},{"@type":"BreadcrumbList","@id":"https:\/\/galyarabok.drk.hu\/sarospatak\/#breadcrumb","itemListElement":[{"@type":"ListItem","position":1,"name":"Kezd\u0151lap","item":"https:\/\/galyarabok.drk.hu\/"},{"@type":"ListItem","position":2,"name":"S\u00e1rospatak"}]},{"@type":"WebSite","@id":"https:\/\/galyarabok.drk.hu\/#website","url":"https:\/\/galyarabok.drk.hu\/","name":"G\u00e1lyarab-eml\u00e9k\u00fat","description":"The remembrance of the Hungarian protestant galley slaves. Made and can be visited from the 350th anniversary of the galley slavery (2024)","publisher":{"@id":"https:\/\/galyarabok.drk.hu\/#organization"},"potentialAction":[{"@type":"SearchAction","target":{"@type":"EntryPoint","urlTemplate":"https:\/\/galyarabok.drk.hu\/?s={search_term_string}"},"query-input":{"@type":"PropertyValueSpecification","valueRequired":true,"valueName":"search_term_string"}}],"inLanguage":"en-GB"},{"@type":"Organization","@id":"https:\/\/galyarabok.drk.hu\/#organization","name":"G\u00e1lyarab-eml\u00e9k\u00fat","url":"https:\/\/galyarabok.drk.hu\/","logo":{"@type":"ImageObject","inLanguage":"en-GB","@id":"https:\/\/galyarabok.drk.hu\/#\/schema\/logo\/image\/","url":"https:\/\/galyarabok.drk.hu\/wp-content\/uploads\/2021\/02\/cropped-galya-kor-arny-vilagos.png","contentUrl":"https:\/\/galyarabok.drk.hu\/wp-content\/uploads\/2021\/02\/cropped-galya-kor-arny-vilagos.png","width":102,"height":100,"caption":"G\u00e1lyarab-eml\u00e9k\u00fat"},"image":{"@id":"https:\/\/galyarabok.drk.hu\/#\/schema\/logo\/image\/"},"sameAs":["https:\/\/www.facebook.com\/profile.php?id=61567825314709"]}]}},"_links":{"self":[{"href":"https:\/\/galyarabok.drk.hu\/gb\/wp-json\/wp\/v2\/pages\/661","targetHints":{"allow":["GET"]}}],"collection":[{"href":"https:\/\/galyarabok.drk.hu\/gb\/wp-json\/wp\/v2\/pages"}],"about":[{"href":"https:\/\/galyarabok.drk.hu\/gb\/wp-json\/wp\/v2\/types\/page"}],"author":[{"embeddable":true,"href":"https:\/\/galyarabok.drk.hu\/gb\/wp-json\/wp\/v2\/users\/1"}],"replies":[{"embeddable":true,"href":"https:\/\/galyarabok.drk.hu\/gb\/wp-json\/wp\/v2\/comments?post=661"}],"version-history":[{"count":8,"href":"https:\/\/galyarabok.drk.hu\/gb\/wp-json\/wp\/v2\/pages\/661\/revisions"}],"predecessor-version":[{"id":1471,"href":"https:\/\/galyarabok.drk.hu\/gb\/wp-json\/wp\/v2\/pages\/661\/revisions\/1471"}],"wp:featuredmedia":[{"embeddable":true,"href":"https:\/\/galyarabok.drk.hu\/gb\/wp-json\/wp\/v2\/media\/1469"}],"wp:attachment":[{"href":"https:\/\/galyarabok.drk.hu\/gb\/wp-json\/wp\/v2\/media?parent=661"}],"wp:term":[{"taxonomy":"category","embeddable":true,"href":"https:\/\/galyarabok.drk.hu\/gb\/wp-json\/wp\/v2\/categories?post=661"},{"taxonomy":"post_tag","embeddable":true,"href":"https:\/\/galyarabok.drk.hu\/gb\/wp-json\/wp\/v2\/tags?post=661"}],"curies":[{"name":"wp","href":"https:\/\/api.w.org\/{rel}","templated":true}]}}