{"id":603,"date":"2021-02-01T22:44:51","date_gmt":"2021-02-01T22:44:51","guid":{"rendered":"http:\/\/chuckie.hu\/wp\/?page_id=603"},"modified":"2024-10-24T14:25:45","modified_gmt":"2024-10-24T14:25:45","slug":"papa","status":"publish","type":"page","link":"https:\/\/galyarabok.drk.hu\/gb\/papa\/","title":{"rendered":"P\u00e1pa"},"content":{"rendered":"\n<p>(P\u00e1pai egyh\u00e1zmegye, DTREK) \u2013 iskolav\u00e1ros<\/p>\n\n\n\n<p><strong><a href=\"https:\/\/galyarabok.drk.hu\/gb\/kocsi-csergo-balint\/\" data-internallinksmanager029f6b8e52c=\"50\" title=\"Kocsi Cserg\u0151 B\u00e1lint\">Kocsi Cserg\u0151 B\u00e1lint<\/a><\/strong> p\u00e1pai reform\u00e1tus rektor katedr\u00e1ja. <strong><a href=\"https:\/\/galyarabok.drk.hu\/gb\/sellyei-m-istvan\/\" data-internallinksmanager029f6b8e52c=\"141\" title=\"S\u00e9llyei M. Istv\u00e1n\">S\u00e9llyei M. Istv\u00e1n<\/a> <\/strong>(1627 \u2013 P\u00e1pa, 1692. okt.) p\u00e1pai ref. lelk\u00e9sz, p\u00fcsp\u00f6k (1669-1692) szolg\u00e1lati helye.<\/p>\n\n\n\n<p><strong>Eml\u00e9khely t\u00edpusa:<\/strong><\/p>\n\n\n\n<ul class=\"wp-block-list\">\n<li>eml\u00e9kt\u00e1bla, Reform\u00e1tus Gimn\u00e1zium k\u00fcls\u0151 (1978),<\/li>\n\n\n\n<li>szobor (1990),<\/li>\n\n\n\n<li>Vasas t\u00fara\u00fatvonal (5.)<\/li>\n<\/ul>\n\n\n\n<p><strong>Itt tanultak:<\/strong><\/p>\n\n\n\n<ul class=\"wp-block-list\">\n<li><strong><a href=\"https:\/\/galyarabok.drk.hu\/gb\/batorkeszi-istvan\/\" data-internallinksmanager029f6b8e52c=\"36\" title=\"B\u00e1torkeszi Istv\u00e1n\">B\u00e1torkeszi Istv\u00e1n<\/a><\/strong> (1656-58k)<\/li>\n\n\n\n<li><strong><a href=\"https:\/\/galyarabok.drk.hu\/gb\/csuzi-cseh-jakab\/\" data-internallinksmanager029f6b8e52c=\"39\" title=\"Cs\u00fazi Cseh Jakab\">Cs\u00fazi Cseh Jakab<\/a><\/strong> (1656-58k)<\/li>\n\n\n\n<li><strong><a href=\"https:\/\/galyarabok.drk.hu\/gb\/farkasdi-p-daniel\/\" data-internallinksmanager029f6b8e52c=\"40\" title=\"Farkasdi P. D\u00e1niel\">Farkasdi P. D\u00e1niel<\/a><\/strong> (1659, 1660-62k)<\/li>\n\n\n\n<li><strong><a href=\"https:\/\/galyarabok.drk.hu\/gb\/huszti-mihaly\/\" data-internallinksmanager029f6b8e52c=\"44\" title=\"Huszti Mih\u00e1ly\">Huszti Mih\u00e1ly<\/a><\/strong> (1656-58k)<\/li>\n\n\n\n<li><strong><a href=\"https:\/\/galyarabok.drk.hu\/gb\/komaromi-sullye-istvan\/\" data-internallinksmanager029f6b8e52c=\"51\" title=\"Kom\u00e1romi S\u00fcllye Istv\u00e1n\">Kom\u00e1romi S\u00fcllye Istv\u00e1n<\/a><\/strong> (1656-58k (K. I.), 1663?)<\/li>\n\n\n\n<li><strong><a href=\"https:\/\/galyarabok.drk.hu\/gb\/korodi-p-janos\/\" data-internallinksmanager029f6b8e52c=\"52\" title=\"K\u00f3r\u00f3di P. J\u00e1nos\">K\u00f3r\u00f3di P. J\u00e1nos<\/a><\/strong> (1654-56k)<\/li>\n\n\n\n<li><strong><a href=\"https:\/\/galyarabok.drk.hu\/gb\/kormendi-k-gyorgy\/\" data-internallinksmanager029f6b8e52c=\"133\" title=\"K\u00f6rmendi K. Gy\u00f6rgy\">K\u00f6rmendi K. Gy\u00f6rgy<\/a><\/strong> (1649\/52 v. 1660-62k)<\/li>\n\n\n\n<li><strong><a href=\"https:\/\/galyarabok.drk.hu\/gb\/nemeti-debreceni-istvan\/\" data-internallinksmanager029f6b8e52c=\"137\" title=\"N\u00e9meti Debreceni Istv\u00e1n\">N\u00e9meti Debreceni Istv\u00e1n<\/a><\/strong> (1656-58k)<\/li>\n\n\n\n<li><strong><a href=\"https:\/\/galyarabok.drk.hu\/gb\/ujvari-janos\/\" data-internallinksmanager029f6b8e52c=\"154\" title=\"\u00dajv\u00e1ri J\u00e1nos\">\u00dajv\u00e1ri J\u00e1nos<\/a><\/strong> (1666-68)<\/li>\n<\/ul>\n\n\n\n<figure class=\"wp-block-gallery has-nested-images columns-4 is-cropped wp-block-gallery-1 is-layout-flex wp-block-gallery-is-layout-flex\">\n<figure class=\"wp-block-image size-large\"><a href=\"https:\/\/galyarabok.drk.hu\/wp-content\/uploads\/2024\/10\/07_01_07_Papa.jpg\"><img loading=\"lazy\" decoding=\"async\" width=\"1024\" height=\"915\" data-id=\"1486\" src=\"https:\/\/galyarabok.drk.hu\/wp-content\/uploads\/2024\/10\/07_01_07_Papa-1024x915.jpg\" alt=\"\" class=\"wp-image-1486\" srcset=\"https:\/\/galyarabok.drk.hu\/wp-content\/uploads\/2024\/10\/07_01_07_Papa-1024x915.jpg 1024w, https:\/\/galyarabok.drk.hu\/wp-content\/uploads\/2024\/10\/07_01_07_Papa-300x268.jpg 300w, https:\/\/galyarabok.drk.hu\/wp-content\/uploads\/2024\/10\/07_01_07_Papa-768x686.jpg 768w, https:\/\/galyarabok.drk.hu\/wp-content\/uploads\/2024\/10\/07_01_07_Papa-895x800.jpg 895w, https:\/\/galyarabok.drk.hu\/wp-content\/uploads\/2024\/10\/07_01_07_Papa.jpg 1139w\" sizes=\"auto, (max-width: 1024px) 100vw, 1024px\" \/><\/a><\/figure>\n\n\n\n<figure class=\"wp-block-image size-large\"><a href=\"https:\/\/galyarabok.drk.hu\/wp-content\/uploads\/2021\/02\/PAPA_DSC_4862-Papa_M.jpg\"><img loading=\"lazy\" decoding=\"async\" width=\"768\" height=\"1024\" data-id=\"604\" src=\"https:\/\/galyarabok.drk.hu\/wp-content\/uploads\/2021\/02\/PAPA_DSC_4862-Papa_M-768x1024.jpg\" alt=\"\" class=\"wp-image-604\" srcset=\"https:\/\/galyarabok.drk.hu\/wp-content\/uploads\/2021\/02\/PAPA_DSC_4862-Papa_M-768x1024.jpg 768w, https:\/\/galyarabok.drk.hu\/wp-content\/uploads\/2021\/02\/PAPA_DSC_4862-Papa_M-225x300.jpg 225w, https:\/\/galyarabok.drk.hu\/wp-content\/uploads\/2021\/02\/PAPA_DSC_4862-Papa_M-1152x1536.jpg 1152w, https:\/\/galyarabok.drk.hu\/wp-content\/uploads\/2021\/02\/PAPA_DSC_4862-Papa_M-600x800.jpg 600w, https:\/\/galyarabok.drk.hu\/wp-content\/uploads\/2021\/02\/PAPA_DSC_4862-Papa_M.jpg 1536w\" sizes=\"auto, (max-width: 768px) 100vw, 768px\" \/><\/a><\/figure>\n\n\n\n<figure class=\"wp-block-image size-large\"><a href=\"https:\/\/galyarabok.drk.hu\/wp-content\/uploads\/2021\/02\/PAPA_DSC_4865_M.jpg\"><img loading=\"lazy\" decoding=\"async\" width=\"1024\" height=\"768\" data-id=\"605\" src=\"https:\/\/galyarabok.drk.hu\/wp-content\/uploads\/2021\/02\/PAPA_DSC_4865_M-1024x768.jpg\" alt=\"P\u00e1pa\" class=\"wp-image-605\" srcset=\"https:\/\/galyarabok.drk.hu\/wp-content\/uploads\/2021\/02\/PAPA_DSC_4865_M-1024x768.jpg 1024w, https:\/\/galyarabok.drk.hu\/wp-content\/uploads\/2021\/02\/PAPA_DSC_4865_M-300x225.jpg 300w, https:\/\/galyarabok.drk.hu\/wp-content\/uploads\/2021\/02\/PAPA_DSC_4865_M-768x576.jpg 768w, https:\/\/galyarabok.drk.hu\/wp-content\/uploads\/2021\/02\/PAPA_DSC_4865_M-1536x1152.jpg 1536w, https:\/\/galyarabok.drk.hu\/wp-content\/uploads\/2021\/02\/PAPA_DSC_4865_M-1067x800.jpg 1067w, https:\/\/galyarabok.drk.hu\/wp-content\/uploads\/2021\/02\/PAPA_DSC_4865_M.jpg 2048w\" sizes=\"auto, (max-width: 1024px) 100vw, 1024px\" \/><\/a><\/figure>\n\n\n\n<figure class=\"wp-block-image size-large\"><a href=\"https:\/\/galyarabok.drk.hu\/wp-content\/uploads\/2021\/02\/PAPA_DSC_4867_M.jpg\"><img loading=\"lazy\" decoding=\"async\" width=\"768\" height=\"1024\" data-id=\"606\" src=\"https:\/\/galyarabok.drk.hu\/wp-content\/uploads\/2021\/02\/PAPA_DSC_4867_M-768x1024.jpg\" alt=\"\" class=\"wp-image-606\" srcset=\"https:\/\/galyarabok.drk.hu\/wp-content\/uploads\/2021\/02\/PAPA_DSC_4867_M-768x1024.jpg 768w, https:\/\/galyarabok.drk.hu\/wp-content\/uploads\/2021\/02\/PAPA_DSC_4867_M-225x300.jpg 225w, https:\/\/galyarabok.drk.hu\/wp-content\/uploads\/2021\/02\/PAPA_DSC_4867_M-1152x1536.jpg 1152w, https:\/\/galyarabok.drk.hu\/wp-content\/uploads\/2021\/02\/PAPA_DSC_4867_M-600x800.jpg 600w, https:\/\/galyarabok.drk.hu\/wp-content\/uploads\/2021\/02\/PAPA_DSC_4867_M.jpg 1536w\" sizes=\"auto, (max-width: 768px) 100vw, 768px\" \/><\/a><\/figure>\n\n\n\n<figure class=\"wp-block-image size-large\"><a href=\"https:\/\/galyarabok.drk.hu\/wp-content\/uploads\/2021\/02\/PAPA_DSC_4869_M.jpg\"><img loading=\"lazy\" decoding=\"async\" width=\"768\" height=\"1024\" data-id=\"607\" src=\"https:\/\/galyarabok.drk.hu\/wp-content\/uploads\/2021\/02\/PAPA_DSC_4869_M-768x1024.jpg\" alt=\"\" class=\"wp-image-607\" srcset=\"https:\/\/galyarabok.drk.hu\/wp-content\/uploads\/2021\/02\/PAPA_DSC_4869_M-768x1024.jpg 768w, https:\/\/galyarabok.drk.hu\/wp-content\/uploads\/2021\/02\/PAPA_DSC_4869_M-225x300.jpg 225w, https:\/\/galyarabok.drk.hu\/wp-content\/uploads\/2021\/02\/PAPA_DSC_4869_M-1152x1536.jpg 1152w, https:\/\/galyarabok.drk.hu\/wp-content\/uploads\/2021\/02\/PAPA_DSC_4869_M-600x800.jpg 600w, https:\/\/galyarabok.drk.hu\/wp-content\/uploads\/2021\/02\/PAPA_DSC_4869_M.jpg 1536w\" sizes=\"auto, (max-width: 768px) 100vw, 768px\" \/><\/a><\/figure>\n\n\n\n<figure class=\"wp-block-image size-large\"><a href=\"https:\/\/galyarabok.drk.hu\/wp-content\/uploads\/2021\/02\/PAPA_DSC_4877_M.jpg\"><img loading=\"lazy\" decoding=\"async\" width=\"768\" height=\"1024\" data-id=\"608\" src=\"https:\/\/galyarabok.drk.hu\/wp-content\/uploads\/2021\/02\/PAPA_DSC_4877_M-768x1024.jpg\" alt=\"\" class=\"wp-image-608\" srcset=\"https:\/\/galyarabok.drk.hu\/wp-content\/uploads\/2021\/02\/PAPA_DSC_4877_M-768x1024.jpg 768w, https:\/\/galyarabok.drk.hu\/wp-content\/uploads\/2021\/02\/PAPA_DSC_4877_M-225x300.jpg 225w, https:\/\/galyarabok.drk.hu\/wp-content\/uploads\/2021\/02\/PAPA_DSC_4877_M-1152x1536.jpg 1152w, https:\/\/galyarabok.drk.hu\/wp-content\/uploads\/2021\/02\/PAPA_DSC_4877_M-600x800.jpg 600w, https:\/\/galyarabok.drk.hu\/wp-content\/uploads\/2021\/02\/PAPA_DSC_4877_M.jpg 1536w\" sizes=\"auto, (max-width: 768px) 100vw, 768px\" \/><\/a><\/figure>\n\n\n\n<figure class=\"wp-block-image size-large\"><a href=\"https:\/\/galyarabok.drk.hu\/wp-content\/uploads\/2021\/02\/PAPA_DSC_4882_M.jpg\"><img loading=\"lazy\" decoding=\"async\" width=\"768\" height=\"1024\" data-id=\"609\" src=\"https:\/\/galyarabok.drk.hu\/wp-content\/uploads\/2021\/02\/PAPA_DSC_4882_M-768x1024.jpg\" alt=\"P\u00e1pa\" class=\"wp-image-609\" srcset=\"https:\/\/galyarabok.drk.hu\/wp-content\/uploads\/2021\/02\/PAPA_DSC_4882_M-768x1024.jpg 768w, https:\/\/galyarabok.drk.hu\/wp-content\/uploads\/2021\/02\/PAPA_DSC_4882_M-225x300.jpg 225w, https:\/\/galyarabok.drk.hu\/wp-content\/uploads\/2021\/02\/PAPA_DSC_4882_M-1152x1536.jpg 1152w, https:\/\/galyarabok.drk.hu\/wp-content\/uploads\/2021\/02\/PAPA_DSC_4882_M-600x800.jpg 600w, https:\/\/galyarabok.drk.hu\/wp-content\/uploads\/2021\/02\/PAPA_DSC_4882_M.jpg 1536w\" sizes=\"auto, (max-width: 768px) 100vw, 768px\" \/><\/a><\/figure>\n\n\n\n<figure class=\"wp-block-image size-large\"><a href=\"https:\/\/galyarabok.drk.hu\/wp-content\/uploads\/2021\/02\/PAPA_DSC_4894_M.jpg\"><img loading=\"lazy\" decoding=\"async\" width=\"768\" height=\"1024\" data-id=\"610\" src=\"https:\/\/galyarabok.drk.hu\/wp-content\/uploads\/2021\/02\/PAPA_DSC_4894_M-768x1024.jpg\" alt=\"\" class=\"wp-image-610\" srcset=\"https:\/\/galyarabok.drk.hu\/wp-content\/uploads\/2021\/02\/PAPA_DSC_4894_M-768x1024.jpg 768w, https:\/\/galyarabok.drk.hu\/wp-content\/uploads\/2021\/02\/PAPA_DSC_4894_M-225x300.jpg 225w, https:\/\/galyarabok.drk.hu\/wp-content\/uploads\/2021\/02\/PAPA_DSC_4894_M-1152x1536.jpg 1152w, https:\/\/galyarabok.drk.hu\/wp-content\/uploads\/2021\/02\/PAPA_DSC_4894_M-600x800.jpg 600w, https:\/\/galyarabok.drk.hu\/wp-content\/uploads\/2021\/02\/PAPA_DSC_4894_M.jpg 1536w\" sizes=\"auto, (max-width: 768px) 100vw, 768px\" \/><\/a><\/figure>\n\n\n\n<figure class=\"wp-block-image size-large\"><a href=\"https:\/\/galyarabok.drk.hu\/wp-content\/uploads\/2021\/02\/PAPA_DSC_4916_M.jpg\"><img loading=\"lazy\" decoding=\"async\" width=\"1024\" height=\"768\" data-id=\"611\" src=\"https:\/\/galyarabok.drk.hu\/wp-content\/uploads\/2021\/02\/PAPA_DSC_4916_M-1024x768.jpg\" alt=\"\" class=\"wp-image-611\" srcset=\"https:\/\/galyarabok.drk.hu\/wp-content\/uploads\/2021\/02\/PAPA_DSC_4916_M-1024x768.jpg 1024w, https:\/\/galyarabok.drk.hu\/wp-content\/uploads\/2021\/02\/PAPA_DSC_4916_M-300x225.jpg 300w, https:\/\/galyarabok.drk.hu\/wp-content\/uploads\/2021\/02\/PAPA_DSC_4916_M-768x576.jpg 768w, https:\/\/galyarabok.drk.hu\/wp-content\/uploads\/2021\/02\/PAPA_DSC_4916_M-1536x1152.jpg 1536w, https:\/\/galyarabok.drk.hu\/wp-content\/uploads\/2021\/02\/PAPA_DSC_4916_M-1067x800.jpg 1067w, https:\/\/galyarabok.drk.hu\/wp-content\/uploads\/2021\/02\/PAPA_DSC_4916_M.jpg 2048w\" sizes=\"auto, (max-width: 1024px) 100vw, 1024px\" \/><\/a><\/figure>\n\n\n\n<figure class=\"wp-block-image size-large\"><a href=\"https:\/\/galyarabok.drk.hu\/wp-content\/uploads\/2021\/02\/PAPA_DSC_4921_M.jpg\"><img loading=\"lazy\" decoding=\"async\" width=\"1024\" height=\"768\" data-id=\"612\" src=\"https:\/\/galyarabok.drk.hu\/wp-content\/uploads\/2021\/02\/PAPA_DSC_4921_M-1024x768.jpg\" alt=\"\" class=\"wp-image-612\" srcset=\"https:\/\/galyarabok.drk.hu\/wp-content\/uploads\/2021\/02\/PAPA_DSC_4921_M-1024x768.jpg 1024w, https:\/\/galyarabok.drk.hu\/wp-content\/uploads\/2021\/02\/PAPA_DSC_4921_M-300x225.jpg 300w, https:\/\/galyarabok.drk.hu\/wp-content\/uploads\/2021\/02\/PAPA_DSC_4921_M-768x576.jpg 768w, https:\/\/galyarabok.drk.hu\/wp-content\/uploads\/2021\/02\/PAPA_DSC_4921_M-1536x1152.jpg 1536w, https:\/\/galyarabok.drk.hu\/wp-content\/uploads\/2021\/02\/PAPA_DSC_4921_M-1067x800.jpg 1067w, https:\/\/galyarabok.drk.hu\/wp-content\/uploads\/2021\/02\/PAPA_DSC_4921_M.jpg 2048w\" sizes=\"auto, (max-width: 1024px) 100vw, 1024px\" \/><\/a><\/figure>\n\n\n\n<figure class=\"wp-block-image size-large\"><a href=\"https:\/\/galyarabok.drk.hu\/wp-content\/uploads\/2021\/02\/Papa_engraving_after_Hufnagel_1617_colorized-scaled.jpg\"><img loading=\"lazy\" decoding=\"async\" width=\"1024\" height=\"693\" data-id=\"1125\" src=\"https:\/\/galyarabok.drk.hu\/wp-content\/uploads\/2021\/02\/Papa_engraving_after_Hufnagel_1617_colorized-1024x693.jpg\" alt=\"\" class=\"wp-image-1125\" srcset=\"https:\/\/galyarabok.drk.hu\/wp-content\/uploads\/2021\/02\/Papa_engraving_after_Hufnagel_1617_colorized-1024x693.jpg 1024w, https:\/\/galyarabok.drk.hu\/wp-content\/uploads\/2021\/02\/Papa_engraving_after_Hufnagel_1617_colorized-300x203.jpg 300w, https:\/\/galyarabok.drk.hu\/wp-content\/uploads\/2021\/02\/Papa_engraving_after_Hufnagel_1617_colorized-768x520.jpg 768w, https:\/\/galyarabok.drk.hu\/wp-content\/uploads\/2021\/02\/Papa_engraving_after_Hufnagel_1617_colorized-1536x1039.jpg 1536w, https:\/\/galyarabok.drk.hu\/wp-content\/uploads\/2021\/02\/Papa_engraving_after_Hufnagel_1617_colorized-2048x1386.jpg 2048w, https:\/\/galyarabok.drk.hu\/wp-content\/uploads\/2021\/02\/Papa_engraving_after_Hufnagel_1617_colorized-1182x800.jpg 1182w\" sizes=\"auto, (max-width: 1024px) 100vw, 1024px\" \/><\/a><figcaption class=\"wp-element-caption\">https:\/\/commons.wikimedia.org\/wiki\/File:P%C3%A1pa_engraving_after_Hufnagel_1617_colorized.jpg (2021. 02. 03.)<\/figcaption><\/figure>\n<\/figure>\n\n\n\n<p><\/p>\n","protected":false},"excerpt":{"rendered":"<p>(P\u00e1pai egyh\u00e1zmegye, DTREK) \u2013 iskolav\u00e1ros Kocsi Cserg\u0151 B\u00e1lint p\u00e1pai reform\u00e1tus rektor katedr\u00e1ja. S\u00e9llyei M. Istv\u00e1n (1627 \u2013 P\u00e1pa, 1692. okt.) [&hellip;]<\/p>\n","protected":false},"author":1,"featured_media":1486,"parent":0,"menu_order":0,"comment_status":"closed","ping_status":"closed","template":"","meta":{"footnotes":""},"categories":[60,39,8,11,46,33],"tags":[],"class_list":["post-603","page","type-page","status-publish","has-post-thumbnail","hentry","category-emlekhelyek","category-iskolavarosok","category-staciok","category-turazok","category-emlekturak","category-kelyhek"],"translation":{"provider":"WPGlobus","version":"3.0.2","language":"gb","enabled_languages":["hu","gb"],"languages":{"hu":{"title":true,"content":true,"excerpt":false},"gb":{"title":false,"content":false,"excerpt":false}}},"yoast_head":"<!-- This site is optimized with the Yoast SEO plugin v27.2 - https:\/\/yoast.com\/product\/yoast-seo-wordpress\/ -->\n<title>P\u00e1pa<\/title>\n<meta name=\"robots\" content=\"index, follow, max-snippet:-1, max-image-preview:large, max-video-preview:-1\" \/>\n<link rel=\"canonical\" href=\"https:\/\/galyarabok.drk.hu\/papa\/\" \/>\n<meta property=\"og:locale\" content=\"en_GB\" \/>\n<meta property=\"og:type\" content=\"article\" \/>\n<meta property=\"og:title\" content=\"P\u00e1pa\" \/>\n<meta property=\"og:url\" content=\"https:\/\/galyarabok.drk.hu\/papa\/\" \/>\n<meta property=\"og:site_name\" content=\"Galley slave memorial road\" \/>\n<meta property=\"article:publisher\" content=\"https:\/\/www.facebook.com\/profile.php?id=61567825314709\" \/>\n<meta property=\"article:modified_time\" content=\"2024-10-24T14:25:45+00:00\" \/>\n<meta property=\"og:image\" content=\"https:\/\/galyarabok.drk.hu\/wp-content\/uploads\/2024\/10\/07_01_07_Papa.jpg\" \/>\n\t<meta property=\"og:image:width\" content=\"1139\" \/>\n\t<meta property=\"og:image:height\" content=\"1018\" \/>\n\t<meta property=\"og:image:type\" content=\"image\/jpeg\" \/>\n<meta name=\"twitter:card\" content=\"summary_large_image\" \/>\n<meta name=\"twitter:label1\" content=\"Est. reading time\" \/>\n\t<meta name=\"twitter:data1\" content=\"1 minute\" \/>\n<script type=\"application\/ld+json\" class=\"yoast-schema-graph\">{\"@context\":\"https:\/\/schema.org\",\"@graph\":[{\"@type\":\"WebPage\",\"@id\":\"https:\/\/galyarabok.drk.hu\/papa\/\",\"url\":\"https:\/\/galyarabok.drk.hu\/papa\/\",\"name\":\"P\u00e1pa\",\"isPartOf\":{\"@id\":\"https:\/\/galyarabok.drk.hu\/#website\"},\"primaryImageOfPage\":{\"@id\":\"https:\/\/galyarabok.drk.hu\/papa\/#primaryimage\"},\"image\":{\"@id\":\"https:\/\/galyarabok.drk.hu\/papa\/#primaryimage\"},\"thumbnailUrl\":\"https:\/\/galyarabok.drk.hu\/wp-content\/uploads\/2024\/10\/07_01_07_Papa.jpg\",\"datePublished\":\"2021-02-01T22:44:51+00:00\",\"dateModified\":\"2024-10-24T14:25:45+00:00\",\"breadcrumb\":{\"@id\":\"https:\/\/galyarabok.drk.hu\/papa\/#breadcrumb\"},\"inLanguage\":\"en-GB\",\"potentialAction\":[{\"@type\":\"ReadAction\",\"target\":[\"https:\/\/galyarabok.drk.hu\/papa\/\"]}]},{\"@type\":\"ImageObject\",\"inLanguage\":\"en-GB\",\"@id\":\"https:\/\/galyarabok.drk.hu\/papa\/#primaryimage\",\"url\":\"https:\/\/galyarabok.drk.hu\/wp-content\/uploads\/2024\/10\/07_01_07_Papa.jpg\",\"contentUrl\":\"https:\/\/galyarabok.drk.hu\/wp-content\/uploads\/2024\/10\/07_01_07_Papa.jpg\",\"width\":1139,\"height\":1018},{\"@type\":\"BreadcrumbList\",\"@id\":\"https:\/\/galyarabok.drk.hu\/papa\/#breadcrumb\",\"itemListElement\":[{\"@type\":\"ListItem\",\"position\":1,\"name\":\"Kezd\u0151lap\",\"item\":\"https:\/\/galyarabok.drk.hu\/\"},{\"@type\":\"ListItem\",\"position\":2,\"name\":\"P\u00e1pa\"}]},{\"@type\":\"WebSite\",\"@id\":\"https:\/\/galyarabok.drk.hu\/#website\",\"url\":\"https:\/\/galyarabok.drk.hu\/\",\"name\":\"G\u00e1lyarab-eml\u00e9k\u00fat\",\"description\":\"The remembrance of the Hungarian protestant galley slaves. Made and can be visited from the 350th anniversary of the galley slavery (2024)\",\"publisher\":{\"@id\":\"https:\/\/galyarabok.drk.hu\/#organization\"},\"potentialAction\":[{\"@type\":\"SearchAction\",\"target\":{\"@type\":\"EntryPoint\",\"urlTemplate\":\"https:\/\/galyarabok.drk.hu\/?s={search_term_string}\"},\"query-input\":{\"@type\":\"PropertyValueSpecification\",\"valueRequired\":true,\"valueName\":\"search_term_string\"}}],\"inLanguage\":\"en-GB\"},{\"@type\":\"Organization\",\"@id\":\"https:\/\/galyarabok.drk.hu\/#organization\",\"name\":\"G\u00e1lyarab-eml\u00e9k\u00fat\",\"url\":\"https:\/\/galyarabok.drk.hu\/\",\"logo\":{\"@type\":\"ImageObject\",\"inLanguage\":\"en-GB\",\"@id\":\"https:\/\/galyarabok.drk.hu\/#\/schema\/logo\/image\/\",\"url\":\"https:\/\/galyarabok.drk.hu\/wp-content\/uploads\/2021\/02\/cropped-galya-kor-arny-vilagos.png\",\"contentUrl\":\"https:\/\/galyarabok.drk.hu\/wp-content\/uploads\/2021\/02\/cropped-galya-kor-arny-vilagos.png\",\"width\":102,\"height\":100,\"caption\":\"G\u00e1lyarab-eml\u00e9k\u00fat\"},\"image\":{\"@id\":\"https:\/\/galyarabok.drk.hu\/#\/schema\/logo\/image\/\"},\"sameAs\":[\"https:\/\/www.facebook.com\/profile.php?id=61567825314709\"]}]}<\/script>\n<!-- \/ Yoast SEO plugin. -->","yoast_head_json":{"title":"P\u00e1pa","robots":{"index":"index","follow":"follow","max-snippet":"max-snippet:-1","max-image-preview":"max-image-preview:large","max-video-preview":"max-video-preview:-1"},"canonical":"https:\/\/galyarabok.drk.hu\/papa\/","og_locale":"en_GB","og_type":"article","og_title":"P\u00e1pa","og_url":"https:\/\/galyarabok.drk.hu\/papa\/","og_site_name":"Galley slave memorial road","article_publisher":"https:\/\/www.facebook.com\/profile.php?id=61567825314709","article_modified_time":"2024-10-24T14:25:45+00:00","og_image":[{"width":1139,"height":1018,"url":"https:\/\/galyarabok.drk.hu\/wp-content\/uploads\/2024\/10\/07_01_07_Papa.jpg","type":"image\/jpeg"}],"twitter_card":"summary_large_image","twitter_misc":{"Est. reading time":"1 minute"},"schema":{"@context":"https:\/\/schema.org","@graph":[{"@type":"WebPage","@id":"https:\/\/galyarabok.drk.hu\/papa\/","url":"https:\/\/galyarabok.drk.hu\/papa\/","name":"P\u00e1pa","isPartOf":{"@id":"https:\/\/galyarabok.drk.hu\/#website"},"primaryImageOfPage":{"@id":"https:\/\/galyarabok.drk.hu\/papa\/#primaryimage"},"image":{"@id":"https:\/\/galyarabok.drk.hu\/papa\/#primaryimage"},"thumbnailUrl":"https:\/\/galyarabok.drk.hu\/wp-content\/uploads\/2024\/10\/07_01_07_Papa.jpg","datePublished":"2021-02-01T22:44:51+00:00","dateModified":"2024-10-24T14:25:45+00:00","breadcrumb":{"@id":"https:\/\/galyarabok.drk.hu\/papa\/#breadcrumb"},"inLanguage":"en-GB","potentialAction":[{"@type":"ReadAction","target":["https:\/\/galyarabok.drk.hu\/papa\/"]}]},{"@type":"ImageObject","inLanguage":"en-GB","@id":"https:\/\/galyarabok.drk.hu\/papa\/#primaryimage","url":"https:\/\/galyarabok.drk.hu\/wp-content\/uploads\/2024\/10\/07_01_07_Papa.jpg","contentUrl":"https:\/\/galyarabok.drk.hu\/wp-content\/uploads\/2024\/10\/07_01_07_Papa.jpg","width":1139,"height":1018},{"@type":"BreadcrumbList","@id":"https:\/\/galyarabok.drk.hu\/papa\/#breadcrumb","itemListElement":[{"@type":"ListItem","position":1,"name":"Kezd\u0151lap","item":"https:\/\/galyarabok.drk.hu\/"},{"@type":"ListItem","position":2,"name":"P\u00e1pa"}]},{"@type":"WebSite","@id":"https:\/\/galyarabok.drk.hu\/#website","url":"https:\/\/galyarabok.drk.hu\/","name":"G\u00e1lyarab-eml\u00e9k\u00fat","description":"The remembrance of the Hungarian protestant galley slaves. Made and can be visited from the 350th anniversary of the galley slavery (2024)","publisher":{"@id":"https:\/\/galyarabok.drk.hu\/#organization"},"potentialAction":[{"@type":"SearchAction","target":{"@type":"EntryPoint","urlTemplate":"https:\/\/galyarabok.drk.hu\/?s={search_term_string}"},"query-input":{"@type":"PropertyValueSpecification","valueRequired":true,"valueName":"search_term_string"}}],"inLanguage":"en-GB"},{"@type":"Organization","@id":"https:\/\/galyarabok.drk.hu\/#organization","name":"G\u00e1lyarab-eml\u00e9k\u00fat","url":"https:\/\/galyarabok.drk.hu\/","logo":{"@type":"ImageObject","inLanguage":"en-GB","@id":"https:\/\/galyarabok.drk.hu\/#\/schema\/logo\/image\/","url":"https:\/\/galyarabok.drk.hu\/wp-content\/uploads\/2021\/02\/cropped-galya-kor-arny-vilagos.png","contentUrl":"https:\/\/galyarabok.drk.hu\/wp-content\/uploads\/2021\/02\/cropped-galya-kor-arny-vilagos.png","width":102,"height":100,"caption":"G\u00e1lyarab-eml\u00e9k\u00fat"},"image":{"@id":"https:\/\/galyarabok.drk.hu\/#\/schema\/logo\/image\/"},"sameAs":["https:\/\/www.facebook.com\/profile.php?id=61567825314709"]}]}},"_links":{"self":[{"href":"https:\/\/galyarabok.drk.hu\/gb\/wp-json\/wp\/v2\/pages\/603","targetHints":{"allow":["GET"]}}],"collection":[{"href":"https:\/\/galyarabok.drk.hu\/gb\/wp-json\/wp\/v2\/pages"}],"about":[{"href":"https:\/\/galyarabok.drk.hu\/gb\/wp-json\/wp\/v2\/types\/page"}],"author":[{"embeddable":true,"href":"https:\/\/galyarabok.drk.hu\/gb\/wp-json\/wp\/v2\/users\/1"}],"replies":[{"embeddable":true,"href":"https:\/\/galyarabok.drk.hu\/gb\/wp-json\/wp\/v2\/comments?post=603"}],"version-history":[{"count":8,"href":"https:\/\/galyarabok.drk.hu\/gb\/wp-json\/wp\/v2\/pages\/603\/revisions"}],"predecessor-version":[{"id":1509,"href":"https:\/\/galyarabok.drk.hu\/gb\/wp-json\/wp\/v2\/pages\/603\/revisions\/1509"}],"wp:featuredmedia":[{"embeddable":true,"href":"https:\/\/galyarabok.drk.hu\/gb\/wp-json\/wp\/v2\/media\/1486"}],"wp:attachment":[{"href":"https:\/\/galyarabok.drk.hu\/gb\/wp-json\/wp\/v2\/media?parent=603"}],"wp:term":[{"taxonomy":"category","embeddable":true,"href":"https:\/\/galyarabok.drk.hu\/gb\/wp-json\/wp\/v2\/categories?post=603"},{"taxonomy":"post_tag","embeddable":true,"href":"https:\/\/galyarabok.drk.hu\/gb\/wp-json\/wp\/v2\/tags?post=603"}],"curies":[{"name":"wp","href":"https:\/\/api.w.org\/{rel}","templated":true}]}}