{"id":587,"date":"2021-02-01T22:35:55","date_gmt":"2021-02-01T22:35:55","guid":{"rendered":"http:\/\/chuckie.hu\/wp\/?page_id=587"},"modified":"2021-02-03T15:37:33","modified_gmt":"2021-02-03T15:37:33","slug":"neszmely","status":"publish","type":"page","link":"https:\/\/galyarabok.drk.hu\/gb\/neszmely\/","title":{"rendered":"Neszm\u00e9ly"},"content":{"rendered":"\n<p>(Tatai egyh\u00e1zmegye, DTREK) \u2013 <strong><a href=\"https:\/\/galyarabok.drk.hu\/gb\/szomodi-b-janos\/\" data-internallinksmanager029f6b8e52c=\"151\" title=\"Szom\u00f3di B. J\u00e1nos\">Szom\u00f3di<\/a> J\u00e1nos<\/strong> szendi ref. lelk\u00e9sz szolg\u00e1lati helye (1658\u201364, 1682 k\u00f6r\u00fcl).<\/p>\n\n\n\n<p><strong>Eml\u00e9khely t\u00edpusa<\/strong>: nincs<\/p>\n","protected":false},"excerpt":{"rendered":"<p>(Tatai egyh\u00e1zmegye, DTREK) \u2013 Szom\u00f3di J\u00e1nos szendi ref. lelk\u00e9sz szolg\u00e1lati helye (1658\u201364, 1682 k\u00f6r\u00fcl). Eml\u00e9khely t\u00edpusa: nincs<\/p>\n","protected":false},"author":1,"featured_media":0,"parent":0,"menu_order":0,"comment_status":"closed","ping_status":"closed","template":"","meta":{"footnotes":""},"categories":[60],"tags":[],"class_list":["post-587","page","type-page","status-publish","hentry","category-emlekhelyek"],"translation":{"provider":"WPGlobus","version":"3.0.2","language":"gb","enabled_languages":["hu","gb"],"languages":{"hu":{"title":true,"content":true,"excerpt":false},"gb":{"title":false,"content":false,"excerpt":false}}},"yoast_head":"<!-- This site is optimized with the Yoast SEO plugin v27.2 - https:\/\/yoast.com\/product\/yoast-seo-wordpress\/ -->\n<title>Neszm\u00e9ly<\/title>\n<meta name=\"robots\" content=\"index, follow, max-snippet:-1, max-image-preview:large, max-video-preview:-1\" \/>\n<link rel=\"canonical\" href=\"https:\/\/galyarabok.drk.hu\/neszmely\/\" \/>\n<meta property=\"og:locale\" content=\"en_GB\" \/>\n<meta property=\"og:type\" content=\"article\" \/>\n<meta property=\"og:title\" content=\"Neszm\u00e9ly\" \/>\n<meta property=\"og:url\" content=\"https:\/\/galyarabok.drk.hu\/neszmely\/\" \/>\n<meta property=\"og:site_name\" content=\"Galley slave memorial road\" \/>\n<meta property=\"article:publisher\" content=\"https:\/\/www.facebook.com\/profile.php?id=61567825314709\" \/>\n<meta property=\"article:modified_time\" content=\"2021-02-03T15:37:33+00:00\" \/>\n<meta property=\"og:image\" content=\"https:\/\/galyarabok.drk.hu\/wp-content\/uploads\/2021\/02\/cropped-galya-kor-arny-vilagos-1.png\" \/>\n\t<meta property=\"og:image:width\" content=\"512\" \/>\n\t<meta property=\"og:image:height\" content=\"512\" \/>\n\t<meta property=\"og:image:type\" content=\"image\/png\" \/>\n<meta name=\"twitter:card\" content=\"summary_large_image\" \/>\n<script type=\"application\/ld+json\" class=\"yoast-schema-graph\">{\"@context\":\"https:\/\/schema.org\",\"@graph\":[{\"@type\":\"WebPage\",\"@id\":\"https:\/\/galyarabok.drk.hu\/neszmely\/\",\"url\":\"https:\/\/galyarabok.drk.hu\/neszmely\/\",\"name\":\"Neszm\u00e9ly\",\"isPartOf\":{\"@id\":\"https:\/\/galyarabok.drk.hu\/#website\"},\"datePublished\":\"2021-02-01T22:35:55+00:00\",\"dateModified\":\"2021-02-03T15:37:33+00:00\",\"breadcrumb\":{\"@id\":\"https:\/\/galyarabok.drk.hu\/neszmely\/#breadcrumb\"},\"inLanguage\":\"en-GB\",\"potentialAction\":[{\"@type\":\"ReadAction\",\"target\":[\"https:\/\/galyarabok.drk.hu\/neszmely\/\"]}]},{\"@type\":\"BreadcrumbList\",\"@id\":\"https:\/\/galyarabok.drk.hu\/neszmely\/#breadcrumb\",\"itemListElement\":[{\"@type\":\"ListItem\",\"position\":1,\"name\":\"Kezd\u0151lap\",\"item\":\"https:\/\/galyarabok.drk.hu\/\"},{\"@type\":\"ListItem\",\"position\":2,\"name\":\"Neszm\u00e9ly\"}]},{\"@type\":\"WebSite\",\"@id\":\"https:\/\/galyarabok.drk.hu\/#website\",\"url\":\"https:\/\/galyarabok.drk.hu\/\",\"name\":\"G\u00e1lyarab-eml\u00e9k\u00fat\",\"description\":\"The remembrance of the Hungarian protestant galley slaves. Made and can be visited from the 350th anniversary of the galley slavery (2024)\",\"publisher\":{\"@id\":\"https:\/\/galyarabok.drk.hu\/#organization\"},\"potentialAction\":[{\"@type\":\"SearchAction\",\"target\":{\"@type\":\"EntryPoint\",\"urlTemplate\":\"https:\/\/galyarabok.drk.hu\/?s={search_term_string}\"},\"query-input\":{\"@type\":\"PropertyValueSpecification\",\"valueRequired\":true,\"valueName\":\"search_term_string\"}}],\"inLanguage\":\"en-GB\"},{\"@type\":\"Organization\",\"@id\":\"https:\/\/galyarabok.drk.hu\/#organization\",\"name\":\"G\u00e1lyarab-eml\u00e9k\u00fat\",\"url\":\"https:\/\/galyarabok.drk.hu\/\",\"logo\":{\"@type\":\"ImageObject\",\"inLanguage\":\"en-GB\",\"@id\":\"https:\/\/galyarabok.drk.hu\/#\/schema\/logo\/image\/\",\"url\":\"https:\/\/galyarabok.drk.hu\/wp-content\/uploads\/2021\/02\/cropped-galya-kor-arny-vilagos.png\",\"contentUrl\":\"https:\/\/galyarabok.drk.hu\/wp-content\/uploads\/2021\/02\/cropped-galya-kor-arny-vilagos.png\",\"width\":102,\"height\":100,\"caption\":\"G\u00e1lyarab-eml\u00e9k\u00fat\"},\"image\":{\"@id\":\"https:\/\/galyarabok.drk.hu\/#\/schema\/logo\/image\/\"},\"sameAs\":[\"https:\/\/www.facebook.com\/profile.php?id=61567825314709\"]}]}<\/script>\n<!-- \/ Yoast SEO plugin. -->","yoast_head_json":{"title":"Neszm\u00e9ly","robots":{"index":"index","follow":"follow","max-snippet":"max-snippet:-1","max-image-preview":"max-image-preview:large","max-video-preview":"max-video-preview:-1"},"canonical":"https:\/\/galyarabok.drk.hu\/neszmely\/","og_locale":"en_GB","og_type":"article","og_title":"Neszm\u00e9ly","og_url":"https:\/\/galyarabok.drk.hu\/neszmely\/","og_site_name":"Galley slave memorial road","article_publisher":"https:\/\/www.facebook.com\/profile.php?id=61567825314709","article_modified_time":"2021-02-03T15:37:33+00:00","og_image":[{"width":512,"height":512,"url":"https:\/\/galyarabok.drk.hu\/wp-content\/uploads\/2021\/02\/cropped-galya-kor-arny-vilagos-1.png","type":"image\/png"}],"twitter_card":"summary_large_image","schema":{"@context":"https:\/\/schema.org","@graph":[{"@type":"WebPage","@id":"https:\/\/galyarabok.drk.hu\/neszmely\/","url":"https:\/\/galyarabok.drk.hu\/neszmely\/","name":"Neszm\u00e9ly","isPartOf":{"@id":"https:\/\/galyarabok.drk.hu\/#website"},"datePublished":"2021-02-01T22:35:55+00:00","dateModified":"2021-02-03T15:37:33+00:00","breadcrumb":{"@id":"https:\/\/galyarabok.drk.hu\/neszmely\/#breadcrumb"},"inLanguage":"en-GB","potentialAction":[{"@type":"ReadAction","target":["https:\/\/galyarabok.drk.hu\/neszmely\/"]}]},{"@type":"BreadcrumbList","@id":"https:\/\/galyarabok.drk.hu\/neszmely\/#breadcrumb","itemListElement":[{"@type":"ListItem","position":1,"name":"Kezd\u0151lap","item":"https:\/\/galyarabok.drk.hu\/"},{"@type":"ListItem","position":2,"name":"Neszm\u00e9ly"}]},{"@type":"WebSite","@id":"https:\/\/galyarabok.drk.hu\/#website","url":"https:\/\/galyarabok.drk.hu\/","name":"G\u00e1lyarab-eml\u00e9k\u00fat","description":"The remembrance of the Hungarian protestant galley slaves. Made and can be visited from the 350th anniversary of the galley slavery (2024)","publisher":{"@id":"https:\/\/galyarabok.drk.hu\/#organization"},"potentialAction":[{"@type":"SearchAction","target":{"@type":"EntryPoint","urlTemplate":"https:\/\/galyarabok.drk.hu\/?s={search_term_string}"},"query-input":{"@type":"PropertyValueSpecification","valueRequired":true,"valueName":"search_term_string"}}],"inLanguage":"en-GB"},{"@type":"Organization","@id":"https:\/\/galyarabok.drk.hu\/#organization","name":"G\u00e1lyarab-eml\u00e9k\u00fat","url":"https:\/\/galyarabok.drk.hu\/","logo":{"@type":"ImageObject","inLanguage":"en-GB","@id":"https:\/\/galyarabok.drk.hu\/#\/schema\/logo\/image\/","url":"https:\/\/galyarabok.drk.hu\/wp-content\/uploads\/2021\/02\/cropped-galya-kor-arny-vilagos.png","contentUrl":"https:\/\/galyarabok.drk.hu\/wp-content\/uploads\/2021\/02\/cropped-galya-kor-arny-vilagos.png","width":102,"height":100,"caption":"G\u00e1lyarab-eml\u00e9k\u00fat"},"image":{"@id":"https:\/\/galyarabok.drk.hu\/#\/schema\/logo\/image\/"},"sameAs":["https:\/\/www.facebook.com\/profile.php?id=61567825314709"]}]}},"_links":{"self":[{"href":"https:\/\/galyarabok.drk.hu\/gb\/wp-json\/wp\/v2\/pages\/587","targetHints":{"allow":["GET"]}}],"collection":[{"href":"https:\/\/galyarabok.drk.hu\/gb\/wp-json\/wp\/v2\/pages"}],"about":[{"href":"https:\/\/galyarabok.drk.hu\/gb\/wp-json\/wp\/v2\/types\/page"}],"author":[{"embeddable":true,"href":"https:\/\/galyarabok.drk.hu\/gb\/wp-json\/wp\/v2\/users\/1"}],"replies":[{"embeddable":true,"href":"https:\/\/galyarabok.drk.hu\/gb\/wp-json\/wp\/v2\/comments?post=587"}],"version-history":[{"count":4,"href":"https:\/\/galyarabok.drk.hu\/gb\/wp-json\/wp\/v2\/pages\/587\/revisions"}],"predecessor-version":[{"id":1048,"href":"https:\/\/galyarabok.drk.hu\/gb\/wp-json\/wp\/v2\/pages\/587\/revisions\/1048"}],"wp:attachment":[{"href":"https:\/\/galyarabok.drk.hu\/gb\/wp-json\/wp\/v2\/media?parent=587"}],"wp:term":[{"taxonomy":"category","embeddable":true,"href":"https:\/\/galyarabok.drk.hu\/gb\/wp-json\/wp\/v2\/categories?post=587"},{"taxonomy":"post_tag","embeddable":true,"href":"https:\/\/galyarabok.drk.hu\/gb\/wp-json\/wp\/v2\/tags?post=587"}],"curies":[{"name":"wp","href":"https:\/\/api.w.org\/{rel}","templated":true}]}}