{"id":532,"date":"2021-02-01T22:13:26","date_gmt":"2021-02-01T22:13:26","guid":{"rendered":"http:\/\/chuckie.hu\/wp\/?page_id=532"},"modified":"2021-02-03T15:50:06","modified_gmt":"2021-02-03T15:50:06","slug":"miskolc-avas","status":"publish","type":"page","link":"https:\/\/galyarabok.drk.hu\/gb\/miskolc-avas\/","title":{"rendered":"Miskolc-Avas"},"content":{"rendered":"\n<p>(Borsod-G\u00f6m\u00f6ri egyh\u00e1zmegye, TIREK) \u2013 <strong><a href=\"https:\/\/galyarabok.drk.hu\/gb\/harsanyi-moricz-istvan\/\" data-internallinksmanager029f6b8e52c=\"43\" title=\"Hars\u00e1nyi M\u00f3ricz Istv\u00e1n\">Hars\u00e1nyi M\u00f3ricz Istv\u00e1n<\/a><\/strong>, <strong><a href=\"https:\/\/galyarabok.drk.hu\/gb\/kopeczi-haller-balazs-vazul\/\" data-internallinksmanager029f6b8e52c=\"132\" title=\"K\u00f6peczi Haller Bal\u00e1zs \/ Vazul\">K\u00f6peczi Haller Bal\u00e1zs<\/a><\/strong> \u00e9s <strong><a href=\"https:\/\/galyarabok.drk.hu\/gb\/kaposi-s-istvan\/\" data-internallinksmanager029f6b8e52c=\"48\" title=\"Kaposi S. Istv\u00e1n\">Kaposi S. Istv\u00e1n<\/a><\/strong> reform\u00e1tus lelk\u00e9szek szolg\u00e1lati helye.<\/p>\n\n\n\n<p><strong>Eml\u00e9khely t\u00edpusa:<\/strong><\/p>\n\n\n\n<ul class=\"wp-block-list\"><li>eml\u00e9kt\u00e1bla, Avasi templombels\u0151 (1982), egy\u00fctt: <strong>Hars\u00e1nyi M\u00f3ricz Istv\u00e1n <\/strong>1660-61, <strong>K\u00f6peczi Haller Bal\u00e1zs<\/strong> 1679-83, <strong>Kaposi S. Istv\u00e1n<\/strong> 1678-81,<\/li><li>Vasas t\u00fara\u00fatvonal (3.)<\/li><\/ul>\n\n\n\n<figure class=\"wp-block-gallery columns-4 is-cropped wp-block-gallery-1 is-layout-flex wp-block-gallery-is-layout-flex\"><ul class=\"blocks-gallery-grid\"><li class=\"blocks-gallery-item\"><figure><a href=\"http:\/\/chuckie.hu\/wp\/wp-content\/uploads\/2021\/02\/MISKOLC_AVAS_DSC_3944_M.jpg\"><img loading=\"lazy\" decoding=\"async\" width=\"1024\" height=\"768\" src=\"http:\/\/chuckie.hu\/wp\/wp-content\/uploads\/2021\/02\/MISKOLC_AVAS_DSC_3944_M-1024x768.jpg\" alt=\"\" data-id=\"533\" data-full-url=\"http:\/\/chuckie.hu\/wp\/wp-content\/uploads\/2021\/02\/MISKOLC_AVAS_DSC_3944_M.jpg\" data-link=\"http:\/\/chuckie.hu\/wp\/?attachment_id=533\" class=\"wp-image-533\" srcset=\"https:\/\/galyarabok.drk.hu\/wp-content\/uploads\/2021\/02\/MISKOLC_AVAS_DSC_3944_M-1024x768.jpg 1024w, https:\/\/galyarabok.drk.hu\/wp-content\/uploads\/2021\/02\/MISKOLC_AVAS_DSC_3944_M-300x225.jpg 300w, https:\/\/galyarabok.drk.hu\/wp-content\/uploads\/2021\/02\/MISKOLC_AVAS_DSC_3944_M-768x576.jpg 768w, https:\/\/galyarabok.drk.hu\/wp-content\/uploads\/2021\/02\/MISKOLC_AVAS_DSC_3944_M-1536x1152.jpg 1536w, https:\/\/galyarabok.drk.hu\/wp-content\/uploads\/2021\/02\/MISKOLC_AVAS_DSC_3944_M-1067x800.jpg 1067w, https:\/\/galyarabok.drk.hu\/wp-content\/uploads\/2021\/02\/MISKOLC_AVAS_DSC_3944_M.jpg 2048w\" sizes=\"auto, (max-width: 1024px) 100vw, 1024px\" \/><\/a><\/figure><\/li><li class=\"blocks-gallery-item\"><figure><a href=\"http:\/\/chuckie.hu\/wp\/wp-content\/uploads\/2021\/02\/MISKOLC_AVAS_DSC_3945_M-scaled.jpg\"><img loading=\"lazy\" decoding=\"async\" width=\"768\" height=\"1024\" src=\"http:\/\/chuckie.hu\/wp\/wp-content\/uploads\/2021\/02\/MISKOLC_AVAS_DSC_3945_M-768x1024.jpg\" alt=\"\" data-id=\"534\" data-full-url=\"http:\/\/chuckie.hu\/wp\/wp-content\/uploads\/2021\/02\/MISKOLC_AVAS_DSC_3945_M-scaled.jpg\" data-link=\"http:\/\/chuckie.hu\/wp\/?attachment_id=534\" class=\"wp-image-534\" srcset=\"https:\/\/galyarabok.drk.hu\/wp-content\/uploads\/2021\/02\/MISKOLC_AVAS_DSC_3945_M-768x1024.jpg 768w, https:\/\/galyarabok.drk.hu\/wp-content\/uploads\/2021\/02\/MISKOLC_AVAS_DSC_3945_M-225x300.jpg 225w, https:\/\/galyarabok.drk.hu\/wp-content\/uploads\/2021\/02\/MISKOLC_AVAS_DSC_3945_M-1152x1536.jpg 1152w, https:\/\/galyarabok.drk.hu\/wp-content\/uploads\/2021\/02\/MISKOLC_AVAS_DSC_3945_M-1536x2048.jpg 1536w, https:\/\/galyarabok.drk.hu\/wp-content\/uploads\/2021\/02\/MISKOLC_AVAS_DSC_3945_M-600x800.jpg 600w, https:\/\/galyarabok.drk.hu\/wp-content\/uploads\/2021\/02\/MISKOLC_AVAS_DSC_3945_M-scaled.jpg 1920w\" sizes=\"auto, (max-width: 768px) 100vw, 768px\" \/><\/a><\/figure><\/li><li class=\"blocks-gallery-item\"><figure><a href=\"http:\/\/chuckie.hu\/wp\/wp-content\/uploads\/2021\/02\/MISKOLC_AVAS_DSC_3950_M.jpg\"><img loading=\"lazy\" decoding=\"async\" width=\"1024\" height=\"768\" src=\"http:\/\/chuckie.hu\/wp\/wp-content\/uploads\/2021\/02\/MISKOLC_AVAS_DSC_3950_M-1024x768.jpg\" alt=\"\" data-id=\"535\" data-full-url=\"http:\/\/chuckie.hu\/wp\/wp-content\/uploads\/2021\/02\/MISKOLC_AVAS_DSC_3950_M.jpg\" data-link=\"http:\/\/chuckie.hu\/wp\/?attachment_id=535\" class=\"wp-image-535\" srcset=\"https:\/\/galyarabok.drk.hu\/wp-content\/uploads\/2021\/02\/MISKOLC_AVAS_DSC_3950_M-1024x768.jpg 1024w, https:\/\/galyarabok.drk.hu\/wp-content\/uploads\/2021\/02\/MISKOLC_AVAS_DSC_3950_M-300x225.jpg 300w, https:\/\/galyarabok.drk.hu\/wp-content\/uploads\/2021\/02\/MISKOLC_AVAS_DSC_3950_M-768x576.jpg 768w, https:\/\/galyarabok.drk.hu\/wp-content\/uploads\/2021\/02\/MISKOLC_AVAS_DSC_3950_M-1536x1152.jpg 1536w, https:\/\/galyarabok.drk.hu\/wp-content\/uploads\/2021\/02\/MISKOLC_AVAS_DSC_3950_M-1067x800.jpg 1067w, https:\/\/galyarabok.drk.hu\/wp-content\/uploads\/2021\/02\/MISKOLC_AVAS_DSC_3950_M.jpg 2048w\" sizes=\"auto, (max-width: 1024px) 100vw, 1024px\" \/><\/a><\/figure><\/li><li class=\"blocks-gallery-item\"><figure><a href=\"http:\/\/chuckie.hu\/wp\/wp-content\/uploads\/2021\/02\/MISKOLC_AVAS_DSC_3956_M.jpg\"><img loading=\"lazy\" decoding=\"async\" width=\"768\" height=\"1024\" src=\"http:\/\/chuckie.hu\/wp\/wp-content\/uploads\/2021\/02\/MISKOLC_AVAS_DSC_3956_M-768x1024.jpg\" alt=\"\" data-id=\"536\" data-full-url=\"http:\/\/chuckie.hu\/wp\/wp-content\/uploads\/2021\/02\/MISKOLC_AVAS_DSC_3956_M.jpg\" data-link=\"http:\/\/chuckie.hu\/wp\/?attachment_id=536\" class=\"wp-image-536\" srcset=\"https:\/\/galyarabok.drk.hu\/wp-content\/uploads\/2021\/02\/MISKOLC_AVAS_DSC_3956_M-768x1024.jpg 768w, https:\/\/galyarabok.drk.hu\/wp-content\/uploads\/2021\/02\/MISKOLC_AVAS_DSC_3956_M-225x300.jpg 225w, https:\/\/galyarabok.drk.hu\/wp-content\/uploads\/2021\/02\/MISKOLC_AVAS_DSC_3956_M-1152x1536.jpg 1152w, https:\/\/galyarabok.drk.hu\/wp-content\/uploads\/2021\/02\/MISKOLC_AVAS_DSC_3956_M-600x800.jpg 600w, https:\/\/galyarabok.drk.hu\/wp-content\/uploads\/2021\/02\/MISKOLC_AVAS_DSC_3956_M.jpg 1536w\" sizes=\"auto, (max-width: 768px) 100vw, 768px\" \/><\/a><\/figure><\/li><li class=\"blocks-gallery-item\"><figure><a href=\"http:\/\/chuckie.hu\/wp\/wp-content\/uploads\/2021\/02\/MISKOLC_AVAS_DSC_3963_M.jpg\"><img loading=\"lazy\" decoding=\"async\" width=\"1024\" height=\"768\" src=\"http:\/\/chuckie.hu\/wp\/wp-content\/uploads\/2021\/02\/MISKOLC_AVAS_DSC_3963_M-1024x768.jpg\" alt=\"\" data-id=\"537\" data-full-url=\"http:\/\/chuckie.hu\/wp\/wp-content\/uploads\/2021\/02\/MISKOLC_AVAS_DSC_3963_M.jpg\" data-link=\"http:\/\/chuckie.hu\/wp\/?attachment_id=537\" class=\"wp-image-537\" srcset=\"https:\/\/galyarabok.drk.hu\/wp-content\/uploads\/2021\/02\/MISKOLC_AVAS_DSC_3963_M-1024x768.jpg 1024w, https:\/\/galyarabok.drk.hu\/wp-content\/uploads\/2021\/02\/MISKOLC_AVAS_DSC_3963_M-300x225.jpg 300w, https:\/\/galyarabok.drk.hu\/wp-content\/uploads\/2021\/02\/MISKOLC_AVAS_DSC_3963_M-768x576.jpg 768w, https:\/\/galyarabok.drk.hu\/wp-content\/uploads\/2021\/02\/MISKOLC_AVAS_DSC_3963_M-1536x1152.jpg 1536w, https:\/\/galyarabok.drk.hu\/wp-content\/uploads\/2021\/02\/MISKOLC_AVAS_DSC_3963_M-1067x800.jpg 1067w, https:\/\/galyarabok.drk.hu\/wp-content\/uploads\/2021\/02\/MISKOLC_AVAS_DSC_3963_M.jpg 2048w\" sizes=\"auto, (max-width: 1024px) 100vw, 1024px\" \/><\/a><\/figure><\/li><li class=\"blocks-gallery-item\"><figure><a href=\"http:\/\/chuckie.hu\/wp\/wp-content\/uploads\/2021\/02\/MISKOLC_AVAS_DSC_3965_M.jpg\"><img loading=\"lazy\" decoding=\"async\" width=\"768\" height=\"1024\" src=\"http:\/\/chuckie.hu\/wp\/wp-content\/uploads\/2021\/02\/MISKOLC_AVAS_DSC_3965_M-768x1024.jpg\" alt=\"\" data-id=\"538\" data-full-url=\"http:\/\/chuckie.hu\/wp\/wp-content\/uploads\/2021\/02\/MISKOLC_AVAS_DSC_3965_M.jpg\" data-link=\"http:\/\/chuckie.hu\/wp\/?attachment_id=538\" class=\"wp-image-538\" srcset=\"https:\/\/galyarabok.drk.hu\/wp-content\/uploads\/2021\/02\/MISKOLC_AVAS_DSC_3965_M-768x1024.jpg 768w, https:\/\/galyarabok.drk.hu\/wp-content\/uploads\/2021\/02\/MISKOLC_AVAS_DSC_3965_M-225x300.jpg 225w, https:\/\/galyarabok.drk.hu\/wp-content\/uploads\/2021\/02\/MISKOLC_AVAS_DSC_3965_M-1152x1536.jpg 1152w, https:\/\/galyarabok.drk.hu\/wp-content\/uploads\/2021\/02\/MISKOLC_AVAS_DSC_3965_M-600x800.jpg 600w, https:\/\/galyarabok.drk.hu\/wp-content\/uploads\/2021\/02\/MISKOLC_AVAS_DSC_3965_M.jpg 1536w\" sizes=\"auto, (max-width: 768px) 100vw, 768px\" \/><\/a><\/figure><\/li><\/ul><\/figure>\n","protected":false},"excerpt":{"rendered":"<p>(Borsod-G\u00f6m\u00f6ri egyh\u00e1zmegye, TIREK) \u2013 Hars\u00e1nyi M\u00f3ricz Istv\u00e1n, K\u00f6peczi Haller Bal\u00e1zs \u00e9s Kaposi S. Istv\u00e1n reform\u00e1tus lelk\u00e9szek szolg\u00e1lati helye. Eml\u00e9khely t\u00edpusa: [&hellip;]<\/p>\n","protected":false},"author":1,"featured_media":535,"parent":0,"menu_order":0,"comment_status":"closed","ping_status":"closed","template":"","meta":{"footnotes":""},"categories":[60],"tags":[],"class_list":["post-532","page","type-page","status-publish","has-post-thumbnail","hentry","category-emlekhelyek"],"translation":{"provider":"WPGlobus","version":"3.0.2","language":"gb","enabled_languages":["hu","gb"],"languages":{"hu":{"title":true,"content":true,"excerpt":false},"gb":{"title":false,"content":false,"excerpt":false}}},"yoast_head":"<!-- This site is optimized with the Yoast SEO plugin v27.2 - https:\/\/yoast.com\/product\/yoast-seo-wordpress\/ -->\n<title>Miskolc-Avas<\/title>\n<meta name=\"robots\" content=\"index, follow, max-snippet:-1, max-image-preview:large, max-video-preview:-1\" \/>\n<link rel=\"canonical\" href=\"https:\/\/galyarabok.drk.hu\/miskolc-avas\/\" \/>\n<meta property=\"og:locale\" content=\"en_GB\" \/>\n<meta property=\"og:type\" content=\"article\" \/>\n<meta property=\"og:title\" content=\"Miskolc-Avas\" \/>\n<meta property=\"og:url\" content=\"https:\/\/galyarabok.drk.hu\/miskolc-avas\/\" \/>\n<meta property=\"og:site_name\" content=\"Galley slave memorial road\" \/>\n<meta property=\"article:publisher\" content=\"https:\/\/www.facebook.com\/profile.php?id=61567825314709\" \/>\n<meta property=\"article:modified_time\" content=\"2021-02-03T15:50:06+00:00\" \/>\n<meta property=\"og:image\" content=\"https:\/\/galyarabok.drk.hu\/wp-content\/uploads\/2021\/02\/MISKOLC_AVAS_DSC_3950_M.jpg\" \/>\n\t<meta property=\"og:image:width\" content=\"2048\" \/>\n\t<meta property=\"og:image:height\" content=\"1536\" \/>\n\t<meta property=\"og:image:type\" content=\"image\/jpeg\" \/>\n<meta name=\"twitter:card\" content=\"summary_large_image\" \/>\n<script type=\"application\/ld+json\" class=\"yoast-schema-graph\">{\"@context\":\"https:\/\/schema.org\",\"@graph\":[{\"@type\":\"WebPage\",\"@id\":\"https:\/\/galyarabok.drk.hu\/miskolc-avas\/\",\"url\":\"https:\/\/galyarabok.drk.hu\/miskolc-avas\/\",\"name\":\"Miskolc-Avas\",\"isPartOf\":{\"@id\":\"https:\/\/galyarabok.drk.hu\/#website\"},\"primaryImageOfPage\":{\"@id\":\"https:\/\/galyarabok.drk.hu\/miskolc-avas\/#primaryimage\"},\"image\":{\"@id\":\"https:\/\/galyarabok.drk.hu\/miskolc-avas\/#primaryimage\"},\"thumbnailUrl\":\"https:\/\/galyarabok.drk.hu\/wp-content\/uploads\/2021\/02\/MISKOLC_AVAS_DSC_3950_M.jpg\",\"datePublished\":\"2021-02-01T22:13:26+00:00\",\"dateModified\":\"2021-02-03T15:50:06+00:00\",\"breadcrumb\":{\"@id\":\"https:\/\/galyarabok.drk.hu\/miskolc-avas\/#breadcrumb\"},\"inLanguage\":\"en-GB\",\"potentialAction\":[{\"@type\":\"ReadAction\",\"target\":[\"https:\/\/galyarabok.drk.hu\/miskolc-avas\/\"]}]},{\"@type\":\"ImageObject\",\"inLanguage\":\"en-GB\",\"@id\":\"https:\/\/galyarabok.drk.hu\/miskolc-avas\/#primaryimage\",\"url\":\"https:\/\/galyarabok.drk.hu\/wp-content\/uploads\/2021\/02\/MISKOLC_AVAS_DSC_3950_M.jpg\",\"contentUrl\":\"https:\/\/galyarabok.drk.hu\/wp-content\/uploads\/2021\/02\/MISKOLC_AVAS_DSC_3950_M.jpg\",\"width\":2048,\"height\":1536,\"caption\":\"Miskolc-Avas\"},{\"@type\":\"BreadcrumbList\",\"@id\":\"https:\/\/galyarabok.drk.hu\/miskolc-avas\/#breadcrumb\",\"itemListElement\":[{\"@type\":\"ListItem\",\"position\":1,\"name\":\"Kezd\u0151lap\",\"item\":\"https:\/\/galyarabok.drk.hu\/\"},{\"@type\":\"ListItem\",\"position\":2,\"name\":\"Miskolc-Avas\"}]},{\"@type\":\"WebSite\",\"@id\":\"https:\/\/galyarabok.drk.hu\/#website\",\"url\":\"https:\/\/galyarabok.drk.hu\/\",\"name\":\"G\u00e1lyarab-eml\u00e9k\u00fat\",\"description\":\"The remembrance of the Hungarian protestant galley slaves. Made and can be visited from the 350th anniversary of the galley slavery (2024)\",\"publisher\":{\"@id\":\"https:\/\/galyarabok.drk.hu\/#organization\"},\"potentialAction\":[{\"@type\":\"SearchAction\",\"target\":{\"@type\":\"EntryPoint\",\"urlTemplate\":\"https:\/\/galyarabok.drk.hu\/?s={search_term_string}\"},\"query-input\":{\"@type\":\"PropertyValueSpecification\",\"valueRequired\":true,\"valueName\":\"search_term_string\"}}],\"inLanguage\":\"en-GB\"},{\"@type\":\"Organization\",\"@id\":\"https:\/\/galyarabok.drk.hu\/#organization\",\"name\":\"G\u00e1lyarab-eml\u00e9k\u00fat\",\"url\":\"https:\/\/galyarabok.drk.hu\/\",\"logo\":{\"@type\":\"ImageObject\",\"inLanguage\":\"en-GB\",\"@id\":\"https:\/\/galyarabok.drk.hu\/#\/schema\/logo\/image\/\",\"url\":\"https:\/\/galyarabok.drk.hu\/wp-content\/uploads\/2021\/02\/cropped-galya-kor-arny-vilagos.png\",\"contentUrl\":\"https:\/\/galyarabok.drk.hu\/wp-content\/uploads\/2021\/02\/cropped-galya-kor-arny-vilagos.png\",\"width\":102,\"height\":100,\"caption\":\"G\u00e1lyarab-eml\u00e9k\u00fat\"},\"image\":{\"@id\":\"https:\/\/galyarabok.drk.hu\/#\/schema\/logo\/image\/\"},\"sameAs\":[\"https:\/\/www.facebook.com\/profile.php?id=61567825314709\"]}]}<\/script>\n<!-- \/ Yoast SEO plugin. -->","yoast_head_json":{"title":"Miskolc-Avas","robots":{"index":"index","follow":"follow","max-snippet":"max-snippet:-1","max-image-preview":"max-image-preview:large","max-video-preview":"max-video-preview:-1"},"canonical":"https:\/\/galyarabok.drk.hu\/miskolc-avas\/","og_locale":"en_GB","og_type":"article","og_title":"Miskolc-Avas","og_url":"https:\/\/galyarabok.drk.hu\/miskolc-avas\/","og_site_name":"Galley slave memorial road","article_publisher":"https:\/\/www.facebook.com\/profile.php?id=61567825314709","article_modified_time":"2021-02-03T15:50:06+00:00","og_image":[{"width":2048,"height":1536,"url":"https:\/\/galyarabok.drk.hu\/wp-content\/uploads\/2021\/02\/MISKOLC_AVAS_DSC_3950_M.jpg","type":"image\/jpeg"}],"twitter_card":"summary_large_image","schema":{"@context":"https:\/\/schema.org","@graph":[{"@type":"WebPage","@id":"https:\/\/galyarabok.drk.hu\/miskolc-avas\/","url":"https:\/\/galyarabok.drk.hu\/miskolc-avas\/","name":"Miskolc-Avas","isPartOf":{"@id":"https:\/\/galyarabok.drk.hu\/#website"},"primaryImageOfPage":{"@id":"https:\/\/galyarabok.drk.hu\/miskolc-avas\/#primaryimage"},"image":{"@id":"https:\/\/galyarabok.drk.hu\/miskolc-avas\/#primaryimage"},"thumbnailUrl":"https:\/\/galyarabok.drk.hu\/wp-content\/uploads\/2021\/02\/MISKOLC_AVAS_DSC_3950_M.jpg","datePublished":"2021-02-01T22:13:26+00:00","dateModified":"2021-02-03T15:50:06+00:00","breadcrumb":{"@id":"https:\/\/galyarabok.drk.hu\/miskolc-avas\/#breadcrumb"},"inLanguage":"en-GB","potentialAction":[{"@type":"ReadAction","target":["https:\/\/galyarabok.drk.hu\/miskolc-avas\/"]}]},{"@type":"ImageObject","inLanguage":"en-GB","@id":"https:\/\/galyarabok.drk.hu\/miskolc-avas\/#primaryimage","url":"https:\/\/galyarabok.drk.hu\/wp-content\/uploads\/2021\/02\/MISKOLC_AVAS_DSC_3950_M.jpg","contentUrl":"https:\/\/galyarabok.drk.hu\/wp-content\/uploads\/2021\/02\/MISKOLC_AVAS_DSC_3950_M.jpg","width":2048,"height":1536,"caption":"Miskolc-Avas"},{"@type":"BreadcrumbList","@id":"https:\/\/galyarabok.drk.hu\/miskolc-avas\/#breadcrumb","itemListElement":[{"@type":"ListItem","position":1,"name":"Kezd\u0151lap","item":"https:\/\/galyarabok.drk.hu\/"},{"@type":"ListItem","position":2,"name":"Miskolc-Avas"}]},{"@type":"WebSite","@id":"https:\/\/galyarabok.drk.hu\/#website","url":"https:\/\/galyarabok.drk.hu\/","name":"G\u00e1lyarab-eml\u00e9k\u00fat","description":"The remembrance of the Hungarian protestant galley slaves. Made and can be visited from the 350th anniversary of the galley slavery (2024)","publisher":{"@id":"https:\/\/galyarabok.drk.hu\/#organization"},"potentialAction":[{"@type":"SearchAction","target":{"@type":"EntryPoint","urlTemplate":"https:\/\/galyarabok.drk.hu\/?s={search_term_string}"},"query-input":{"@type":"PropertyValueSpecification","valueRequired":true,"valueName":"search_term_string"}}],"inLanguage":"en-GB"},{"@type":"Organization","@id":"https:\/\/galyarabok.drk.hu\/#organization","name":"G\u00e1lyarab-eml\u00e9k\u00fat","url":"https:\/\/galyarabok.drk.hu\/","logo":{"@type":"ImageObject","inLanguage":"en-GB","@id":"https:\/\/galyarabok.drk.hu\/#\/schema\/logo\/image\/","url":"https:\/\/galyarabok.drk.hu\/wp-content\/uploads\/2021\/02\/cropped-galya-kor-arny-vilagos.png","contentUrl":"https:\/\/galyarabok.drk.hu\/wp-content\/uploads\/2021\/02\/cropped-galya-kor-arny-vilagos.png","width":102,"height":100,"caption":"G\u00e1lyarab-eml\u00e9k\u00fat"},"image":{"@id":"https:\/\/galyarabok.drk.hu\/#\/schema\/logo\/image\/"},"sameAs":["https:\/\/www.facebook.com\/profile.php?id=61567825314709"]}]}},"_links":{"self":[{"href":"https:\/\/galyarabok.drk.hu\/gb\/wp-json\/wp\/v2\/pages\/532","targetHints":{"allow":["GET"]}}],"collection":[{"href":"https:\/\/galyarabok.drk.hu\/gb\/wp-json\/wp\/v2\/pages"}],"about":[{"href":"https:\/\/galyarabok.drk.hu\/gb\/wp-json\/wp\/v2\/types\/page"}],"author":[{"embeddable":true,"href":"https:\/\/galyarabok.drk.hu\/gb\/wp-json\/wp\/v2\/users\/1"}],"replies":[{"embeddable":true,"href":"https:\/\/galyarabok.drk.hu\/gb\/wp-json\/wp\/v2\/comments?post=532"}],"version-history":[{"count":3,"href":"https:\/\/galyarabok.drk.hu\/gb\/wp-json\/wp\/v2\/pages\/532\/revisions"}],"predecessor-version":[{"id":1078,"href":"https:\/\/galyarabok.drk.hu\/gb\/wp-json\/wp\/v2\/pages\/532\/revisions\/1078"}],"wp:featuredmedia":[{"embeddable":true,"href":"https:\/\/galyarabok.drk.hu\/gb\/wp-json\/wp\/v2\/media\/535"}],"wp:attachment":[{"href":"https:\/\/galyarabok.drk.hu\/gb\/wp-json\/wp\/v2\/media?parent=532"}],"wp:term":[{"taxonomy":"category","embeddable":true,"href":"https:\/\/galyarabok.drk.hu\/gb\/wp-json\/wp\/v2\/categories?post=532"},{"taxonomy":"post_tag","embeddable":true,"href":"https:\/\/galyarabok.drk.hu\/gb\/wp-json\/wp\/v2\/tags?post=532"}],"curies":[{"name":"wp","href":"https:\/\/api.w.org\/{rel}","templated":true}]}}