{"id":508,"date":"2021-02-01T22:02:28","date_gmt":"2021-02-01T22:02:28","guid":{"rendered":"http:\/\/chuckie.hu\/wp\/?page_id=508"},"modified":"2021-02-03T15:47:54","modified_gmt":"2021-02-03T15:47:54","slug":"lipotvar","status":"publish","type":"page","link":"https:\/\/galyarabok.drk.hu\/gb\/lipotvar\/","title":{"rendered":"Lip\u00f3tv\u00e1r"},"content":{"rendered":"\n<p><strong>Eml\u00e9khely t\u00edpusa:<\/strong> nincs<\/p>\n\n\n\n<p><strong>Itt raboskodtak:<\/strong><\/p>\n\n\n\n<ul class=\"wp-block-list\"><li><strong><a href=\"https:\/\/galyarabok.drk.hu\/gb\/alistali-k-gyorgy\/\" data-internallinksmanager029f6b8e52c=\"35\" title=\"Alist\u00e1li K. Gy\u00f6rgy\">Alist\u00e1li K. Gy\u00f6rgy<\/a><\/strong> (7 h\u00f3nap &#8211; 1675. m\u00e1rc. 18.)<\/li><li><strong><a href=\"https:\/\/galyarabok.drk.hu\/gb\/batorkeszi-istvan\/\" data-internallinksmanager029f6b8e52c=\"36\" title=\"B\u00e1torkeszi Istv\u00e1n\">B\u00e1torkeszi Istv\u00e1n<\/a><\/strong>, <strong><a href=\"https:\/\/galyarabok.drk.hu\/gb\/fuleki-istvan\/\" data-internallinksmanager029f6b8e52c=\"41\" title=\"F\u00fcleki Istv\u00e1n\">F\u00fcleki Istv\u00e1n<\/a><\/strong>, <strong><a href=\"https:\/\/galyarabok.drk.hu\/gb\/harsanyi-moricz-istvan\/\" data-internallinksmanager029f6b8e52c=\"43\" title=\"Hars\u00e1nyi M\u00f3ricz Istv\u00e1n\">Hars\u00e1nyi M\u00f3ricz Istv\u00e1n<\/a><\/strong> (10 h\u00f3nap)<\/li><li><strong><a href=\"https:\/\/galyarabok.drk.hu\/gb\/jablonczai-pethes-janos\/\" data-internallinksmanager029f6b8e52c=\"45\" title=\"Jablonczai Pethes J\u00e1nos\">Jablonczai Petes J\u00e1nos<\/a><\/strong> (Lip\u00f3tv\u00e1r \u00e9s Nagyszombat, 1674. j\u00fan. 17. &#8211; 1675. m\u00e1rc. 18.)<\/li><li><strong><a href=\"https:\/\/galyarabok.drk.hu\/gb\/kalnai-t-peter\/\" data-internallinksmanager029f6b8e52c=\"47\" title=\"K\u00e1lnai T. P\u00e9ter\">K\u00e1lnai T. P\u00e9ter<\/a><\/strong> (1674. j\u00fan. 5. \u2013 1675. m\u00e1rc. 18.)<\/li><li><strong><a href=\"https:\/\/galyarabok.drk.hu\/gb\/kaposi-s-istvan\/\" data-internallinksmanager029f6b8e52c=\"48\" title=\"Kaposi S. Istv\u00e1n\">Kaposi S. Istv\u00e1n<\/a><\/strong>, <strong><a href=\"https:\/\/galyarabok.drk.hu\/gb\/karasznai-mihaly\/\" data-internallinksmanager029f6b8e52c=\"49\" title=\"Karasznai Mih\u00e1ly\">Karasznai Mih\u00e1ly<\/a><\/strong>, <strong><a href=\"https:\/\/galyarabok.drk.hu\/gb\/kocsi-csergo-balint\/\" data-internallinksmanager029f6b8e52c=\"50\" title=\"Kocsi Cserg\u0151 B\u00e1lint\">Kocsi Cserg\u0151 B\u00e1lint<\/a><\/strong> (1674. m\u00e1j. 7.-1675. m\u00e1rc. 18.)<\/li><li><strong><a href=\"https:\/\/galyarabok.drk.hu\/gb\/komaromi-sullye-istvan\/\" data-internallinksmanager029f6b8e52c=\"51\" title=\"Kom\u00e1romi S\u00fcllye Istv\u00e1n\">Kom\u00e1romi S\u00fcllye Istv\u00e1n<\/a><\/strong> (1674. m\u00e1j. 9. \u2013 1675. m\u00e1rc. 18.)<\/li><li><strong><a href=\"https:\/\/galyarabok.drk.hu\/gb\/korodi-p-janos\/\" data-internallinksmanager029f6b8e52c=\"52\" title=\"K\u00f3r\u00f3di P. J\u00e1nos\">K\u00f3r\u00f3di P. J\u00e1nos<\/a><\/strong>, <strong><a href=\"https:\/\/galyarabok.drk.hu\/gb\/kopeczi-haller-balazs-vazul\/\" data-internallinksmanager029f6b8e52c=\"132\" title=\"K\u00f6peczi Haller Bal\u00e1zs \/ Vazul\">K\u00f6peczi Haller Bal\u00e1zs \/ Vazul<\/a><\/strong> (-1675. m\u00e1rc. 18.)<\/li><li><strong><a href=\"https:\/\/galyarabok.drk.hu\/gb\/kormendi-k-gyorgy\/\" data-internallinksmanager029f6b8e52c=\"133\" title=\"K\u00f6rmendi K. Gy\u00f6rgy\">K\u00f6rmendi K. Gy\u00f6rgy<\/a><\/strong> (1674. j\u00fan. 6. \u2013 1675. m\u00e1rc. 18.)<\/li><li><strong><a href=\"https:\/\/galyarabok.drk.hu\/gb\/miskolczi-bodnar-mihaly\/\" data-internallinksmanager029f6b8e52c=\"135\" title=\"Miskolczi Bodn\u00e1r Mih\u00e1ly\">Miskolczi Bodn\u00e1r Mih\u00e1ly<\/a><\/strong>, <strong><a href=\"https:\/\/galyarabok.drk.hu\/gb\/otrokocsi-foris-ferenc\/\" data-internallinksmanager029f6b8e52c=\"138\" title=\"Otrokocsi F\u00f3ris Ferenc\">Otrokocsi F\u00f3ris Ferenc<\/a><\/strong>, <strong><a href=\"https:\/\/galyarabok.drk.hu\/gb\/sajoszentpeteri-marton\/\" data-internallinksmanager029f6b8e52c=\"140\" title=\"Saj\u00f3szentp\u00e9teri M\u00e1rton\">Saj\u00f3szentp\u00e9teri M\u00e1rton<\/a><\/strong>, <strong><a href=\"https:\/\/galyarabok.drk.hu\/gb\/sellyei-m-istvan\/\" data-internallinksmanager029f6b8e52c=\"141\" title=\"S\u00e9llyei M. Istv\u00e1n\">S\u00e9llyei M. Istv\u00e1n<\/a><\/strong>, <strong><a href=\"https:\/\/galyarabok.drk.hu\/gb\/simonyi-peter\/\" data-internallinksmanager029f6b8e52c=\"142\" title=\"Simonyi P\u00e9ter\">Simonyi P\u00e9ter<\/a><\/strong>, <strong><a href=\"https:\/\/galyarabok.drk.hu\/gb\/szaloczi-b-mihaly\/\" data-internallinksmanager029f6b8e52c=\"143\" title=\"Szal\u00f3czi B. Mih\u00e1ly\">Szal\u00f3czi B. Mih\u00e1ly<\/a><\/strong> (10 h\u00f3nap)<\/li><li><strong><a href=\"https:\/\/galyarabok.drk.hu\/gb\/szecsei-b-janos\/\" data-internallinksmanager029f6b8e52c=\"144\" title=\"Szecsei B. J\u00e1nos\">Szecsei B. J\u00e1nos<\/a><\/strong>, <strong><a href=\"https:\/\/galyarabok.drk.hu\/gb\/szilvasi-istvan\/\" data-internallinksmanager029f6b8e52c=\"149\" title=\"Szilv\u00e1si Istv\u00e1n\">Szilv\u00e1si Istv\u00e1n<\/a><\/strong>, <strong><a href=\"https:\/\/galyarabok.drk.hu\/gb\/szodoi-balogh-andras\/\" data-internallinksmanager029f6b8e52c=\"150\" title=\"Szod\u00f3i Balogh Andr\u00e1s\">Szod\u00f3i Balogh Andr\u00e1s<\/a><\/strong>, <strong><a href=\"https:\/\/galyarabok.drk.hu\/gb\/szomodi-b-janos\/\" data-internallinksmanager029f6b8e52c=\"151\" title=\"Szom\u00f3di B. J\u00e1nos\">Szom\u00f3di B. J\u00e1nos<\/a><\/strong> (35 f\u0151, &#8211; 1675. m\u00e1rc. 18.)<\/li><li><strong><a href=\"https:\/\/galyarabok.drk.hu\/gb\/ujvari-janos\/\" data-internallinksmanager029f6b8e52c=\"154\" title=\"\u00dajv\u00e1ri J\u00e1nos\">\u00dajv\u00e1ri J\u00e1nos<\/a><\/strong> (-1675. m\u00e1rc. 18.)<\/li><\/ul>\n\n\n\n<figure class=\"wp-block-gallery columns-1 is-cropped wp-block-gallery-1 is-layout-flex wp-block-gallery-is-layout-flex\"><ul class=\"blocks-gallery-grid\"><li class=\"blocks-gallery-item\"><figure><a href=\"http:\/\/chuckie.hu\/wp\/wp-content\/uploads\/2021\/02\/LIPOTVAR_Lipotvar_M.jpg\"><img loading=\"lazy\" decoding=\"async\" width=\"300\" height=\"225\" src=\"http:\/\/chuckie.hu\/wp\/wp-content\/uploads\/2021\/02\/LIPOTVAR_Lipotvar_M-300x225.jpg\" alt=\"\" data-id=\"509\" data-full-url=\"http:\/\/chuckie.hu\/wp\/wp-content\/uploads\/2021\/02\/LIPOTVAR_Lipotvar_M.jpg\" data-link=\"http:\/\/chuckie.hu\/wp\/?attachment_id=509\" class=\"wp-image-509\" srcset=\"https:\/\/galyarabok.drk.hu\/wp-content\/uploads\/2021\/02\/LIPOTVAR_Lipotvar_M-300x225.jpg 300w, https:\/\/galyarabok.drk.hu\/wp-content\/uploads\/2021\/02\/LIPOTVAR_Lipotvar_M-1024x769.jpg 1024w, https:\/\/galyarabok.drk.hu\/wp-content\/uploads\/2021\/02\/LIPOTVAR_Lipotvar_M-768x576.jpg 768w, https:\/\/galyarabok.drk.hu\/wp-content\/uploads\/2021\/02\/LIPOTVAR_Lipotvar_M-1536x1153.jpg 1536w, https:\/\/galyarabok.drk.hu\/wp-content\/uploads\/2021\/02\/LIPOTVAR_Lipotvar_M-1066x800.jpg 1066w, https:\/\/galyarabok.drk.hu\/wp-content\/uploads\/2021\/02\/LIPOTVAR_Lipotvar_M.jpg 2048w\" sizes=\"auto, (max-width: 300px) 100vw, 300px\" \/><\/a><\/figure><\/li><\/ul><\/figure>\n","protected":false},"excerpt":{"rendered":"<p>Eml\u00e9khely t\u00edpusa: nincs Itt raboskodtak: Alist\u00e1li K. Gy\u00f6rgy (7 h\u00f3nap &#8211; 1675. m\u00e1rc. 18.) B\u00e1torkeszi Istv\u00e1n, F\u00fcleki Istv\u00e1n, Hars\u00e1nyi M\u00f3ricz [&hellip;]<\/p>\n","protected":false},"author":1,"featured_media":509,"parent":0,"menu_order":0,"comment_status":"closed","ping_status":"closed","template":"","meta":{"footnotes":""},"categories":[37,60,8],"tags":[],"class_list":["post-508","page","type-page","status-publish","has-post-thumbnail","hentry","category-bortonok","category-emlekhelyek","category-staciok"],"translation":{"provider":"WPGlobus","version":"3.0.2","language":"gb","enabled_languages":["hu","gb"],"languages":{"hu":{"title":true,"content":true,"excerpt":false},"gb":{"title":false,"content":false,"excerpt":false}}},"yoast_head":"<!-- This site is optimized with the Yoast SEO plugin v27.2 - https:\/\/yoast.com\/product\/yoast-seo-wordpress\/ -->\n<title>Lip\u00f3tv\u00e1r<\/title>\n<meta name=\"robots\" content=\"index, follow, max-snippet:-1, max-image-preview:large, max-video-preview:-1\" \/>\n<link rel=\"canonical\" href=\"https:\/\/galyarabok.drk.hu\/lipotvar\/\" \/>\n<meta property=\"og:locale\" content=\"en_GB\" \/>\n<meta property=\"og:type\" content=\"article\" \/>\n<meta property=\"og:title\" content=\"Lip\u00f3tv\u00e1r\" \/>\n<meta property=\"og:url\" content=\"https:\/\/galyarabok.drk.hu\/lipotvar\/\" \/>\n<meta property=\"og:site_name\" content=\"Galley slave memorial road\" \/>\n<meta property=\"article:publisher\" content=\"https:\/\/www.facebook.com\/profile.php?id=61567825314709\" \/>\n<meta property=\"article:modified_time\" content=\"2021-02-03T15:47:54+00:00\" \/>\n<meta property=\"og:image\" content=\"https:\/\/galyarabok.drk.hu\/wp-content\/uploads\/2021\/02\/LIPOTVAR_Lipotvar_M.jpg\" \/>\n\t<meta property=\"og:image:width\" content=\"2048\" \/>\n\t<meta property=\"og:image:height\" content=\"1537\" \/>\n\t<meta property=\"og:image:type\" content=\"image\/jpeg\" \/>\n<meta name=\"twitter:card\" content=\"summary_large_image\" \/>\n<meta name=\"twitter:label1\" content=\"Est. reading time\" \/>\n\t<meta name=\"twitter:data1\" content=\"1 minute\" \/>\n<script type=\"application\/ld+json\" class=\"yoast-schema-graph\">{\"@context\":\"https:\/\/schema.org\",\"@graph\":[{\"@type\":\"WebPage\",\"@id\":\"https:\/\/galyarabok.drk.hu\/lipotvar\/\",\"url\":\"https:\/\/galyarabok.drk.hu\/lipotvar\/\",\"name\":\"Lip\u00f3tv\u00e1r\",\"isPartOf\":{\"@id\":\"https:\/\/galyarabok.drk.hu\/#website\"},\"primaryImageOfPage\":{\"@id\":\"https:\/\/galyarabok.drk.hu\/lipotvar\/#primaryimage\"},\"image\":{\"@id\":\"https:\/\/galyarabok.drk.hu\/lipotvar\/#primaryimage\"},\"thumbnailUrl\":\"https:\/\/galyarabok.drk.hu\/wp-content\/uploads\/2021\/02\/LIPOTVAR_Lipotvar_M.jpg\",\"datePublished\":\"2021-02-01T22:02:28+00:00\",\"dateModified\":\"2021-02-03T15:47:54+00:00\",\"breadcrumb\":{\"@id\":\"https:\/\/galyarabok.drk.hu\/lipotvar\/#breadcrumb\"},\"inLanguage\":\"en-GB\",\"potentialAction\":[{\"@type\":\"ReadAction\",\"target\":[\"https:\/\/galyarabok.drk.hu\/lipotvar\/\"]}]},{\"@type\":\"ImageObject\",\"inLanguage\":\"en-GB\",\"@id\":\"https:\/\/galyarabok.drk.hu\/lipotvar\/#primaryimage\",\"url\":\"https:\/\/galyarabok.drk.hu\/wp-content\/uploads\/2021\/02\/LIPOTVAR_Lipotvar_M.jpg\",\"contentUrl\":\"https:\/\/galyarabok.drk.hu\/wp-content\/uploads\/2021\/02\/LIPOTVAR_Lipotvar_M.jpg\",\"width\":2048,\"height\":1537},{\"@type\":\"BreadcrumbList\",\"@id\":\"https:\/\/galyarabok.drk.hu\/lipotvar\/#breadcrumb\",\"itemListElement\":[{\"@type\":\"ListItem\",\"position\":1,\"name\":\"Kezd\u0151lap\",\"item\":\"https:\/\/galyarabok.drk.hu\/\"},{\"@type\":\"ListItem\",\"position\":2,\"name\":\"Lip\u00f3tv\u00e1r\"}]},{\"@type\":\"WebSite\",\"@id\":\"https:\/\/galyarabok.drk.hu\/#website\",\"url\":\"https:\/\/galyarabok.drk.hu\/\",\"name\":\"G\u00e1lyarab-eml\u00e9k\u00fat\",\"description\":\"The remembrance of the Hungarian protestant galley slaves. Made and can be visited from the 350th anniversary of the galley slavery (2024)\",\"publisher\":{\"@id\":\"https:\/\/galyarabok.drk.hu\/#organization\"},\"potentialAction\":[{\"@type\":\"SearchAction\",\"target\":{\"@type\":\"EntryPoint\",\"urlTemplate\":\"https:\/\/galyarabok.drk.hu\/?s={search_term_string}\"},\"query-input\":{\"@type\":\"PropertyValueSpecification\",\"valueRequired\":true,\"valueName\":\"search_term_string\"}}],\"inLanguage\":\"en-GB\"},{\"@type\":\"Organization\",\"@id\":\"https:\/\/galyarabok.drk.hu\/#organization\",\"name\":\"G\u00e1lyarab-eml\u00e9k\u00fat\",\"url\":\"https:\/\/galyarabok.drk.hu\/\",\"logo\":{\"@type\":\"ImageObject\",\"inLanguage\":\"en-GB\",\"@id\":\"https:\/\/galyarabok.drk.hu\/#\/schema\/logo\/image\/\",\"url\":\"https:\/\/galyarabok.drk.hu\/wp-content\/uploads\/2021\/02\/cropped-galya-kor-arny-vilagos.png\",\"contentUrl\":\"https:\/\/galyarabok.drk.hu\/wp-content\/uploads\/2021\/02\/cropped-galya-kor-arny-vilagos.png\",\"width\":102,\"height\":100,\"caption\":\"G\u00e1lyarab-eml\u00e9k\u00fat\"},\"image\":{\"@id\":\"https:\/\/galyarabok.drk.hu\/#\/schema\/logo\/image\/\"},\"sameAs\":[\"https:\/\/www.facebook.com\/profile.php?id=61567825314709\"]}]}<\/script>\n<!-- \/ Yoast SEO plugin. -->","yoast_head_json":{"title":"Lip\u00f3tv\u00e1r","robots":{"index":"index","follow":"follow","max-snippet":"max-snippet:-1","max-image-preview":"max-image-preview:large","max-video-preview":"max-video-preview:-1"},"canonical":"https:\/\/galyarabok.drk.hu\/lipotvar\/","og_locale":"en_GB","og_type":"article","og_title":"Lip\u00f3tv\u00e1r","og_url":"https:\/\/galyarabok.drk.hu\/lipotvar\/","og_site_name":"Galley slave memorial road","article_publisher":"https:\/\/www.facebook.com\/profile.php?id=61567825314709","article_modified_time":"2021-02-03T15:47:54+00:00","og_image":[{"width":2048,"height":1537,"url":"https:\/\/galyarabok.drk.hu\/wp-content\/uploads\/2021\/02\/LIPOTVAR_Lipotvar_M.jpg","type":"image\/jpeg"}],"twitter_card":"summary_large_image","twitter_misc":{"Est. reading time":"1 minute"},"schema":{"@context":"https:\/\/schema.org","@graph":[{"@type":"WebPage","@id":"https:\/\/galyarabok.drk.hu\/lipotvar\/","url":"https:\/\/galyarabok.drk.hu\/lipotvar\/","name":"Lip\u00f3tv\u00e1r","isPartOf":{"@id":"https:\/\/galyarabok.drk.hu\/#website"},"primaryImageOfPage":{"@id":"https:\/\/galyarabok.drk.hu\/lipotvar\/#primaryimage"},"image":{"@id":"https:\/\/galyarabok.drk.hu\/lipotvar\/#primaryimage"},"thumbnailUrl":"https:\/\/galyarabok.drk.hu\/wp-content\/uploads\/2021\/02\/LIPOTVAR_Lipotvar_M.jpg","datePublished":"2021-02-01T22:02:28+00:00","dateModified":"2021-02-03T15:47:54+00:00","breadcrumb":{"@id":"https:\/\/galyarabok.drk.hu\/lipotvar\/#breadcrumb"},"inLanguage":"en-GB","potentialAction":[{"@type":"ReadAction","target":["https:\/\/galyarabok.drk.hu\/lipotvar\/"]}]},{"@type":"ImageObject","inLanguage":"en-GB","@id":"https:\/\/galyarabok.drk.hu\/lipotvar\/#primaryimage","url":"https:\/\/galyarabok.drk.hu\/wp-content\/uploads\/2021\/02\/LIPOTVAR_Lipotvar_M.jpg","contentUrl":"https:\/\/galyarabok.drk.hu\/wp-content\/uploads\/2021\/02\/LIPOTVAR_Lipotvar_M.jpg","width":2048,"height":1537},{"@type":"BreadcrumbList","@id":"https:\/\/galyarabok.drk.hu\/lipotvar\/#breadcrumb","itemListElement":[{"@type":"ListItem","position":1,"name":"Kezd\u0151lap","item":"https:\/\/galyarabok.drk.hu\/"},{"@type":"ListItem","position":2,"name":"Lip\u00f3tv\u00e1r"}]},{"@type":"WebSite","@id":"https:\/\/galyarabok.drk.hu\/#website","url":"https:\/\/galyarabok.drk.hu\/","name":"G\u00e1lyarab-eml\u00e9k\u00fat","description":"The remembrance of the Hungarian protestant galley slaves. Made and can be visited from the 350th anniversary of the galley slavery (2024)","publisher":{"@id":"https:\/\/galyarabok.drk.hu\/#organization"},"potentialAction":[{"@type":"SearchAction","target":{"@type":"EntryPoint","urlTemplate":"https:\/\/galyarabok.drk.hu\/?s={search_term_string}"},"query-input":{"@type":"PropertyValueSpecification","valueRequired":true,"valueName":"search_term_string"}}],"inLanguage":"en-GB"},{"@type":"Organization","@id":"https:\/\/galyarabok.drk.hu\/#organization","name":"G\u00e1lyarab-eml\u00e9k\u00fat","url":"https:\/\/galyarabok.drk.hu\/","logo":{"@type":"ImageObject","inLanguage":"en-GB","@id":"https:\/\/galyarabok.drk.hu\/#\/schema\/logo\/image\/","url":"https:\/\/galyarabok.drk.hu\/wp-content\/uploads\/2021\/02\/cropped-galya-kor-arny-vilagos.png","contentUrl":"https:\/\/galyarabok.drk.hu\/wp-content\/uploads\/2021\/02\/cropped-galya-kor-arny-vilagos.png","width":102,"height":100,"caption":"G\u00e1lyarab-eml\u00e9k\u00fat"},"image":{"@id":"https:\/\/galyarabok.drk.hu\/#\/schema\/logo\/image\/"},"sameAs":["https:\/\/www.facebook.com\/profile.php?id=61567825314709"]}]}},"_links":{"self":[{"href":"https:\/\/galyarabok.drk.hu\/gb\/wp-json\/wp\/v2\/pages\/508","targetHints":{"allow":["GET"]}}],"collection":[{"href":"https:\/\/galyarabok.drk.hu\/gb\/wp-json\/wp\/v2\/pages"}],"about":[{"href":"https:\/\/galyarabok.drk.hu\/gb\/wp-json\/wp\/v2\/types\/page"}],"author":[{"embeddable":true,"href":"https:\/\/galyarabok.drk.hu\/gb\/wp-json\/wp\/v2\/users\/1"}],"replies":[{"embeddable":true,"href":"https:\/\/galyarabok.drk.hu\/gb\/wp-json\/wp\/v2\/comments?post=508"}],"version-history":[{"count":2,"href":"https:\/\/galyarabok.drk.hu\/gb\/wp-json\/wp\/v2\/pages\/508\/revisions"}],"predecessor-version":[{"id":1073,"href":"https:\/\/galyarabok.drk.hu\/gb\/wp-json\/wp\/v2\/pages\/508\/revisions\/1073"}],"wp:featuredmedia":[{"embeddable":true,"href":"https:\/\/galyarabok.drk.hu\/gb\/wp-json\/wp\/v2\/media\/509"}],"wp:attachment":[{"href":"https:\/\/galyarabok.drk.hu\/gb\/wp-json\/wp\/v2\/media?parent=508"}],"wp:term":[{"taxonomy":"category","embeddable":true,"href":"https:\/\/galyarabok.drk.hu\/gb\/wp-json\/wp\/v2\/categories?post=508"},{"taxonomy":"post_tag","embeddable":true,"href":"https:\/\/galyarabok.drk.hu\/gb\/wp-json\/wp\/v2\/tags?post=508"}],"curies":[{"name":"wp","href":"https:\/\/api.w.org\/{rel}","templated":true}]}}