{"id":457,"date":"2021-02-01T21:31:19","date_gmt":"2021-02-01T21:31:19","guid":{"rendered":"http:\/\/chuckie.hu\/wp\/?page_id=457"},"modified":"2021-02-03T17:00:47","modified_gmt":"2021-02-03T17:00:47","slug":"komarom","status":"publish","type":"page","link":"https:\/\/galyarabok.drk.hu\/gb\/komarom\/","title":{"rendered":"Kom\u00e1rom"},"content":{"rendered":"\n<p>(Tatai egyh\u00e1zmegye, DTREK)<\/p>\n\n\n\n<figure class=\"wp-block-gallery columns-2 is-cropped wp-block-gallery-1 is-layout-flex wp-block-gallery-is-layout-flex\"><ul class=\"blocks-gallery-grid\"><li class=\"blocks-gallery-item\"><figure><a href=\"http:\/\/chuckie.hu\/wp\/wp-content\/uploads\/2021\/02\/Comorra.jpg\"><img loading=\"lazy\" decoding=\"async\" width=\"1024\" height=\"814\" src=\"http:\/\/chuckie.hu\/wp\/wp-content\/uploads\/2021\/02\/Comorra-1024x814.jpg\" alt=\"\" data-id=\"1122\" data-full-url=\"http:\/\/chuckie.hu\/wp\/wp-content\/uploads\/2021\/02\/Comorra.jpg\" data-link=\"http:\/\/chuckie.hu\/wp\/komarom\/comorra\/\" class=\"wp-image-1122\" srcset=\"https:\/\/galyarabok.drk.hu\/wp-content\/uploads\/2021\/02\/Comorra-1024x814.jpg 1024w, https:\/\/galyarabok.drk.hu\/wp-content\/uploads\/2021\/02\/Comorra-300x238.jpg 300w, https:\/\/galyarabok.drk.hu\/wp-content\/uploads\/2021\/02\/Comorra-768x610.jpg 768w, https:\/\/galyarabok.drk.hu\/wp-content\/uploads\/2021\/02\/Comorra-1536x1220.jpg 1536w, https:\/\/galyarabok.drk.hu\/wp-content\/uploads\/2021\/02\/Comorra-2048x1627.jpg 2048w, https:\/\/galyarabok.drk.hu\/wp-content\/uploads\/2021\/02\/Comorra-1007x800.jpg 1007w\" sizes=\"auto, (max-width: 1024px) 100vw, 1024px\" \/><\/a><figcaption class=\"blocks-gallery-item__caption\">https:\/\/commons.wikimedia.org\/wiki\/File:Comorra.jpg (2021. 02. 03.)<\/figcaption><\/figure><\/li><li class=\"blocks-gallery-item\"><figure><a href=\"http:\/\/chuckie.hu\/wp\/wp-content\/uploads\/2021\/02\/KOMAROM_DSC_4457_M-300x225.jpg\"><img loading=\"lazy\" decoding=\"async\" width=\"300\" height=\"225\" src=\"http:\/\/chuckie.hu\/wp\/wp-content\/uploads\/2021\/02\/KOMAROM_DSC_4457_M-300x225.jpg\" alt=\"\" data-id=\"458\" data-link=\"http:\/\/chuckie.hu\/wp\/?attachment_id=458\" class=\"wp-image-458\" srcset=\"https:\/\/galyarabok.drk.hu\/wp-content\/uploads\/2021\/02\/KOMAROM_DSC_4457_M-300x225.jpg 300w, https:\/\/galyarabok.drk.hu\/wp-content\/uploads\/2021\/02\/KOMAROM_DSC_4457_M-1024x768.jpg 1024w, https:\/\/galyarabok.drk.hu\/wp-content\/uploads\/2021\/02\/KOMAROM_DSC_4457_M-768x576.jpg 768w, https:\/\/galyarabok.drk.hu\/wp-content\/uploads\/2021\/02\/KOMAROM_DSC_4457_M-1536x1152.jpg 1536w, https:\/\/galyarabok.drk.hu\/wp-content\/uploads\/2021\/02\/KOMAROM_DSC_4457_M-1067x800.jpg 1067w, https:\/\/galyarabok.drk.hu\/wp-content\/uploads\/2021\/02\/KOMAROM_DSC_4457_M.jpg 2048w\" sizes=\"auto, (max-width: 300px) 100vw, 300px\" \/><\/a><\/figure><\/li><\/ul><\/figure>\n\n\n\n<p><\/p>\n\n\n\n<p>*<strong>bor\u00edt\u00f3k\u00e9p<\/strong>: <em>&#8220;Kom\u00e1rom k\u00e9tosztat\u00fa fel\u00fcln\u00e9zeti k\u00e9pe. Sz\u00ednezett r\u00e9zmetszet. A Georg Hoefnagel: Civitates Orbis Terrarum 5. k\u00f6tet, Braun and Hogenberg 1572-1617&#8221;<\/em>;<em> <\/em><span style=\"text-decoration: underline;\">internetes forr\u00e1s<\/span>: https:\/\/commons.wikimedia.org\/wiki\/File:Comorra.jpg (2021. 02. 03.)<\/p>\n","protected":false},"excerpt":{"rendered":"<p>(Tatai egyh\u00e1zmegye, DTREK) *bor\u00edt\u00f3k\u00e9p: &#8220;Kom\u00e1rom k\u00e9tosztat\u00fa fel\u00fcln\u00e9zeti k\u00e9pe. Sz\u00ednezett r\u00e9zmetszet. A Georg Hoefnagel: Civitates Orbis Terrarum 5. k\u00f6tet, Braun and [&hellip;]<\/p>\n","protected":false},"author":1,"featured_media":1122,"parent":0,"menu_order":0,"comment_status":"closed","ping_status":"closed","template":"","meta":{"footnotes":""},"categories":[60],"tags":[],"class_list":["post-457","page","type-page","status-publish","has-post-thumbnail","hentry","category-emlekhelyek"],"translation":{"provider":"WPGlobus","version":"3.0.2","language":"gb","enabled_languages":["hu","gb"],"languages":{"hu":{"title":true,"content":true,"excerpt":false},"gb":{"title":false,"content":false,"excerpt":false}}},"yoast_head":"<!-- This site is optimized with the Yoast SEO plugin v27.2 - https:\/\/yoast.com\/product\/yoast-seo-wordpress\/ -->\n<title>Kom\u00e1rom<\/title>\n<meta name=\"robots\" content=\"index, follow, max-snippet:-1, max-image-preview:large, max-video-preview:-1\" \/>\n<link rel=\"canonical\" href=\"https:\/\/galyarabok.drk.hu\/komarom\/\" \/>\n<meta property=\"og:locale\" content=\"en_GB\" \/>\n<meta property=\"og:type\" content=\"article\" \/>\n<meta property=\"og:title\" content=\"Kom\u00e1rom\" \/>\n<meta property=\"og:url\" content=\"https:\/\/galyarabok.drk.hu\/komarom\/\" \/>\n<meta property=\"og:site_name\" content=\"Galley slave memorial road\" \/>\n<meta property=\"article:publisher\" content=\"https:\/\/www.facebook.com\/profile.php?id=61567825314709\" \/>\n<meta property=\"article:modified_time\" content=\"2021-02-03T17:00:47+00:00\" \/>\n<meta property=\"og:image\" content=\"https:\/\/galyarabok.drk.hu\/wp-content\/uploads\/2021\/02\/Comorra-1024x814.jpg\" \/>\n\t<meta property=\"og:image:width\" content=\"1024\" \/>\n\t<meta property=\"og:image:height\" content=\"814\" \/>\n\t<meta property=\"og:image:type\" content=\"image\/jpeg\" \/>\n<meta name=\"twitter:card\" content=\"summary_large_image\" \/>\n<script type=\"application\/ld+json\" class=\"yoast-schema-graph\">{\"@context\":\"https:\/\/schema.org\",\"@graph\":[{\"@type\":\"WebPage\",\"@id\":\"https:\/\/galyarabok.drk.hu\/komarom\/\",\"url\":\"https:\/\/galyarabok.drk.hu\/komarom\/\",\"name\":\"Kom\u00e1rom\",\"isPartOf\":{\"@id\":\"https:\/\/galyarabok.drk.hu\/#website\"},\"primaryImageOfPage\":{\"@id\":\"https:\/\/galyarabok.drk.hu\/komarom\/#primaryimage\"},\"image\":{\"@id\":\"https:\/\/galyarabok.drk.hu\/komarom\/#primaryimage\"},\"thumbnailUrl\":\"https:\/\/galyarabok.drk.hu\/wp-content\/uploads\/2021\/02\/Comorra.jpg\",\"datePublished\":\"2021-02-01T21:31:19+00:00\",\"dateModified\":\"2021-02-03T17:00:47+00:00\",\"breadcrumb\":{\"@id\":\"https:\/\/galyarabok.drk.hu\/komarom\/#breadcrumb\"},\"inLanguage\":\"en-GB\",\"potentialAction\":[{\"@type\":\"ReadAction\",\"target\":[\"https:\/\/galyarabok.drk.hu\/komarom\/\"]}]},{\"@type\":\"ImageObject\",\"inLanguage\":\"en-GB\",\"@id\":\"https:\/\/galyarabok.drk.hu\/komarom\/#primaryimage\",\"url\":\"https:\/\/galyarabok.drk.hu\/wp-content\/uploads\/2021\/02\/Comorra.jpg\",\"contentUrl\":\"https:\/\/galyarabok.drk.hu\/wp-content\/uploads\/2021\/02\/Comorra.jpg\",\"width\":2400,\"height\":1907},{\"@type\":\"BreadcrumbList\",\"@id\":\"https:\/\/galyarabok.drk.hu\/komarom\/#breadcrumb\",\"itemListElement\":[{\"@type\":\"ListItem\",\"position\":1,\"name\":\"Kezd\u0151lap\",\"item\":\"https:\/\/galyarabok.drk.hu\/\"},{\"@type\":\"ListItem\",\"position\":2,\"name\":\"Kom\u00e1rom\"}]},{\"@type\":\"WebSite\",\"@id\":\"https:\/\/galyarabok.drk.hu\/#website\",\"url\":\"https:\/\/galyarabok.drk.hu\/\",\"name\":\"G\u00e1lyarab-eml\u00e9k\u00fat\",\"description\":\"The remembrance of the Hungarian protestant galley slaves. Made and can be visited from the 350th anniversary of the galley slavery (2024)\",\"publisher\":{\"@id\":\"https:\/\/galyarabok.drk.hu\/#organization\"},\"potentialAction\":[{\"@type\":\"SearchAction\",\"target\":{\"@type\":\"EntryPoint\",\"urlTemplate\":\"https:\/\/galyarabok.drk.hu\/?s={search_term_string}\"},\"query-input\":{\"@type\":\"PropertyValueSpecification\",\"valueRequired\":true,\"valueName\":\"search_term_string\"}}],\"inLanguage\":\"en-GB\"},{\"@type\":\"Organization\",\"@id\":\"https:\/\/galyarabok.drk.hu\/#organization\",\"name\":\"G\u00e1lyarab-eml\u00e9k\u00fat\",\"url\":\"https:\/\/galyarabok.drk.hu\/\",\"logo\":{\"@type\":\"ImageObject\",\"inLanguage\":\"en-GB\",\"@id\":\"https:\/\/galyarabok.drk.hu\/#\/schema\/logo\/image\/\",\"url\":\"https:\/\/galyarabok.drk.hu\/wp-content\/uploads\/2021\/02\/cropped-galya-kor-arny-vilagos.png\",\"contentUrl\":\"https:\/\/galyarabok.drk.hu\/wp-content\/uploads\/2021\/02\/cropped-galya-kor-arny-vilagos.png\",\"width\":102,\"height\":100,\"caption\":\"G\u00e1lyarab-eml\u00e9k\u00fat\"},\"image\":{\"@id\":\"https:\/\/galyarabok.drk.hu\/#\/schema\/logo\/image\/\"},\"sameAs\":[\"https:\/\/www.facebook.com\/profile.php?id=61567825314709\"]}]}<\/script>\n<!-- \/ Yoast SEO plugin. -->","yoast_head_json":{"title":"Kom\u00e1rom","robots":{"index":"index","follow":"follow","max-snippet":"max-snippet:-1","max-image-preview":"max-image-preview:large","max-video-preview":"max-video-preview:-1"},"canonical":"https:\/\/galyarabok.drk.hu\/komarom\/","og_locale":"en_GB","og_type":"article","og_title":"Kom\u00e1rom","og_url":"https:\/\/galyarabok.drk.hu\/komarom\/","og_site_name":"Galley slave memorial road","article_publisher":"https:\/\/www.facebook.com\/profile.php?id=61567825314709","article_modified_time":"2021-02-03T17:00:47+00:00","og_image":[{"width":1024,"height":814,"url":"https:\/\/galyarabok.drk.hu\/wp-content\/uploads\/2021\/02\/Comorra-1024x814.jpg","type":"image\/jpeg"}],"twitter_card":"summary_large_image","schema":{"@context":"https:\/\/schema.org","@graph":[{"@type":"WebPage","@id":"https:\/\/galyarabok.drk.hu\/komarom\/","url":"https:\/\/galyarabok.drk.hu\/komarom\/","name":"Kom\u00e1rom","isPartOf":{"@id":"https:\/\/galyarabok.drk.hu\/#website"},"primaryImageOfPage":{"@id":"https:\/\/galyarabok.drk.hu\/komarom\/#primaryimage"},"image":{"@id":"https:\/\/galyarabok.drk.hu\/komarom\/#primaryimage"},"thumbnailUrl":"https:\/\/galyarabok.drk.hu\/wp-content\/uploads\/2021\/02\/Comorra.jpg","datePublished":"2021-02-01T21:31:19+00:00","dateModified":"2021-02-03T17:00:47+00:00","breadcrumb":{"@id":"https:\/\/galyarabok.drk.hu\/komarom\/#breadcrumb"},"inLanguage":"en-GB","potentialAction":[{"@type":"ReadAction","target":["https:\/\/galyarabok.drk.hu\/komarom\/"]}]},{"@type":"ImageObject","inLanguage":"en-GB","@id":"https:\/\/galyarabok.drk.hu\/komarom\/#primaryimage","url":"https:\/\/galyarabok.drk.hu\/wp-content\/uploads\/2021\/02\/Comorra.jpg","contentUrl":"https:\/\/galyarabok.drk.hu\/wp-content\/uploads\/2021\/02\/Comorra.jpg","width":2400,"height":1907},{"@type":"BreadcrumbList","@id":"https:\/\/galyarabok.drk.hu\/komarom\/#breadcrumb","itemListElement":[{"@type":"ListItem","position":1,"name":"Kezd\u0151lap","item":"https:\/\/galyarabok.drk.hu\/"},{"@type":"ListItem","position":2,"name":"Kom\u00e1rom"}]},{"@type":"WebSite","@id":"https:\/\/galyarabok.drk.hu\/#website","url":"https:\/\/galyarabok.drk.hu\/","name":"G\u00e1lyarab-eml\u00e9k\u00fat","description":"The remembrance of the Hungarian protestant galley slaves. Made and can be visited from the 350th anniversary of the galley slavery (2024)","publisher":{"@id":"https:\/\/galyarabok.drk.hu\/#organization"},"potentialAction":[{"@type":"SearchAction","target":{"@type":"EntryPoint","urlTemplate":"https:\/\/galyarabok.drk.hu\/?s={search_term_string}"},"query-input":{"@type":"PropertyValueSpecification","valueRequired":true,"valueName":"search_term_string"}}],"inLanguage":"en-GB"},{"@type":"Organization","@id":"https:\/\/galyarabok.drk.hu\/#organization","name":"G\u00e1lyarab-eml\u00e9k\u00fat","url":"https:\/\/galyarabok.drk.hu\/","logo":{"@type":"ImageObject","inLanguage":"en-GB","@id":"https:\/\/galyarabok.drk.hu\/#\/schema\/logo\/image\/","url":"https:\/\/galyarabok.drk.hu\/wp-content\/uploads\/2021\/02\/cropped-galya-kor-arny-vilagos.png","contentUrl":"https:\/\/galyarabok.drk.hu\/wp-content\/uploads\/2021\/02\/cropped-galya-kor-arny-vilagos.png","width":102,"height":100,"caption":"G\u00e1lyarab-eml\u00e9k\u00fat"},"image":{"@id":"https:\/\/galyarabok.drk.hu\/#\/schema\/logo\/image\/"},"sameAs":["https:\/\/www.facebook.com\/profile.php?id=61567825314709"]}]}},"_links":{"self":[{"href":"https:\/\/galyarabok.drk.hu\/gb\/wp-json\/wp\/v2\/pages\/457","targetHints":{"allow":["GET"]}}],"collection":[{"href":"https:\/\/galyarabok.drk.hu\/gb\/wp-json\/wp\/v2\/pages"}],"about":[{"href":"https:\/\/galyarabok.drk.hu\/gb\/wp-json\/wp\/v2\/types\/page"}],"author":[{"embeddable":true,"href":"https:\/\/galyarabok.drk.hu\/gb\/wp-json\/wp\/v2\/users\/1"}],"replies":[{"embeddable":true,"href":"https:\/\/galyarabok.drk.hu\/gb\/wp-json\/wp\/v2\/comments?post=457"}],"version-history":[{"count":3,"href":"https:\/\/galyarabok.drk.hu\/gb\/wp-json\/wp\/v2\/pages\/457\/revisions"}],"predecessor-version":[{"id":1136,"href":"https:\/\/galyarabok.drk.hu\/gb\/wp-json\/wp\/v2\/pages\/457\/revisions\/1136"}],"wp:featuredmedia":[{"embeddable":true,"href":"https:\/\/galyarabok.drk.hu\/gb\/wp-json\/wp\/v2\/media\/1122"}],"wp:attachment":[{"href":"https:\/\/galyarabok.drk.hu\/gb\/wp-json\/wp\/v2\/media?parent=457"}],"wp:term":[{"taxonomy":"category","embeddable":true,"href":"https:\/\/galyarabok.drk.hu\/gb\/wp-json\/wp\/v2\/categories?post=457"},{"taxonomy":"post_tag","embeddable":true,"href":"https:\/\/galyarabok.drk.hu\/gb\/wp-json\/wp\/v2\/tags?post=457"}],"curies":[{"name":"wp","href":"https:\/\/api.w.org\/{rel}","templated":true}]}}