{"id":454,"date":"2021-02-01T21:29:11","date_gmt":"2021-02-01T21:29:11","guid":{"rendered":"http:\/\/chuckie.hu\/wp\/?page_id=454"},"modified":"2024-11-14T10:31:06","modified_gmt":"2024-11-14T10:31:06","slug":"kocs","status":"publish","type":"page","link":"https:\/\/galyarabok.drk.hu\/gb\/kocs\/","title":{"rendered":"Kocs"},"content":{"rendered":"\n<p>(Tatai egyh\u00e1zmegye, DTREK) \u2013 <strong><a href=\"https:\/\/galyarabok.drk.hu\/gb\/kocsi-csergo-balint\/\" data-internallinksmanager029f6b8e52c=\"50\" title=\"Kocsi Cserg\u0151 B\u00e1lint\">Kocsi Cserg\u0151 B\u00e1lint<\/a><\/strong> p\u00e1pai reform\u00e1tus lelk\u00e9sz, rektor sz\u00e1rmaz\u00e1si helye. <strong><a href=\"https:\/\/galyarabok.drk.hu\/gb\/szilvasi-istvan\/\" data-internallinksmanager029f6b8e52c=\"149\" title=\"Szilv\u00e1si Istv\u00e1n\">Szilv\u00e1si Istv\u00e1n<\/a><\/strong> (1668 ut\u00e1n) \u00e9s <strong><a href=\"https:\/\/galyarabok.drk.hu\/gb\/csuzi-cseh-jakab\/\" data-internallinksmanager029f6b8e52c=\"39\" title=\"Cs\u00fazi Cseh Jakab\">Cs\u00fazi Cseh Jakab<\/a><\/strong> (1679-81) ref. lelk\u00e9sz szolg\u00e1lati helye.<\/p>\n\n\n\n<p><strong>Eml\u00e9khely t\u00edpusa:<\/strong><\/p>\n\n\n\n<ul class=\"wp-block-list\">\n<li>t\u00fara\u00fatvonal (<a href=\"https:\/\/galyarabok.drk.hu\/gb\/acs\/\" data-internallinksmanager029f6b8e52c=\"3\" title=\"\u00c1cs\">\u00c1cs<\/a>, <a href=\"https:\/\/galyarabok.drk.hu\/gb\/szony\/\" data-internallinksmanager029f6b8e52c=\"119\" title=\"Sz\u0151ny\">Sz\u0151ny<\/a>, <a href=\"https:\/\/galyarabok.drk.hu\/gb\/csaszar\/\" data-internallinksmanager029f6b8e52c=\"17\" title=\"Cs\u00e1sz\u00e1r\">Cs\u00e1sz\u00e1r<\/a>, <a href=\"https:\/\/galyarabok.drk.hu\/gb\/szakszend\/\" data-internallinksmanager029f6b8e52c=\"113\" title=\"Sz\u00e1kszend\">Sz\u00e1kszend<\/a>, Kocs, szerv. (Dar\u00e1nyin\u00e9 Csonka Val\u00e9ria),<\/li>\n\n\n\n<li>Vasas t\u00fara\u00fatvonal (17.),<\/li>\n\n\n\n<li>eml\u00e9kpark, templomn\u00e1l (2011)<\/li>\n<\/ul>\n\n\n\n<div class=\"wp-block-group\"><div class=\"wp-block-group__inner-container is-layout-constrained wp-block-group-is-layout-constrained\">\n<figure class=\"wp-block-gallery has-nested-images columns-default is-cropped wp-block-gallery-1 is-layout-flex wp-block-gallery-is-layout-flex\">\n<figure class=\"wp-block-image size-large\"><a href=\"https:\/\/galyarabok.drk.hu\/wp-content\/uploads\/2024\/10\/07_01_03_KOCS_DSC_4510_M.jpg\"><img loading=\"lazy\" decoding=\"async\" width=\"768\" height=\"1024\" data-id=\"1483\" src=\"https:\/\/galyarabok.drk.hu\/wp-content\/uploads\/2024\/10\/07_01_03_KOCS_DSC_4510_M-768x1024.jpg\" alt=\"\" class=\"wp-image-1483\" srcset=\"https:\/\/galyarabok.drk.hu\/wp-content\/uploads\/2024\/10\/07_01_03_KOCS_DSC_4510_M-768x1024.jpg 768w, https:\/\/galyarabok.drk.hu\/wp-content\/uploads\/2024\/10\/07_01_03_KOCS_DSC_4510_M-225x300.jpg 225w, https:\/\/galyarabok.drk.hu\/wp-content\/uploads\/2024\/10\/07_01_03_KOCS_DSC_4510_M-1152x1536.jpg 1152w, https:\/\/galyarabok.drk.hu\/wp-content\/uploads\/2024\/10\/07_01_03_KOCS_DSC_4510_M-600x800.jpg 600w, https:\/\/galyarabok.drk.hu\/wp-content\/uploads\/2024\/10\/07_01_03_KOCS_DSC_4510_M.jpg 1536w\" sizes=\"auto, (max-width: 768px) 100vw, 768px\" \/><\/a><\/figure>\n\n\n\n<figure class=\"wp-block-image size-large\"><a href=\"https:\/\/galyarabok.drk.hu\/wp-content\/uploads\/2024\/10\/Kocsi-kehely_1679_jav-scaled.jpg\"><img loading=\"lazy\" decoding=\"async\" width=\"458\" height=\"1024\" data-id=\"1384\" src=\"https:\/\/galyarabok.drk.hu\/wp-content\/uploads\/2024\/10\/Kocsi-kehely_1679_jav-458x1024.jpg\" alt=\"\" class=\"wp-image-1384\" srcset=\"https:\/\/galyarabok.drk.hu\/wp-content\/uploads\/2024\/10\/Kocsi-kehely_1679_jav-458x1024.jpg 458w, https:\/\/galyarabok.drk.hu\/wp-content\/uploads\/2024\/10\/Kocsi-kehely_1679_jav-134x300.jpg 134w, https:\/\/galyarabok.drk.hu\/wp-content\/uploads\/2024\/10\/Kocsi-kehely_1679_jav-768x1718.jpg 768w, https:\/\/galyarabok.drk.hu\/wp-content\/uploads\/2024\/10\/Kocsi-kehely_1679_jav-687x1536.jpg 687w, https:\/\/galyarabok.drk.hu\/wp-content\/uploads\/2024\/10\/Kocsi-kehely_1679_jav-916x2048.jpg 916w, https:\/\/galyarabok.drk.hu\/wp-content\/uploads\/2024\/10\/Kocsi-kehely_1679_jav-358x800.jpg 358w, https:\/\/galyarabok.drk.hu\/wp-content\/uploads\/2024\/10\/Kocsi-kehely_1679_jav-scaled.jpg 1145w\" sizes=\"auto, (max-width: 458px) 100vw, 458px\" \/><\/a><\/figure>\n\n\n\n<figure class=\"wp-block-image size-large\"><a href=\"https:\/\/galyarabok.drk.hu\/wp-content\/uploads\/2021\/02\/KOCS_DSC_4505_M.jpg\"><img loading=\"lazy\" decoding=\"async\" width=\"1024\" height=\"769\" data-id=\"455\" src=\"https:\/\/galyarabok.drk.hu\/wp-content\/uploads\/2021\/02\/KOCS_DSC_4505_M-1024x769.jpg\" alt=\"Kocs\" class=\"wp-image-455\" srcset=\"https:\/\/galyarabok.drk.hu\/wp-content\/uploads\/2021\/02\/KOCS_DSC_4505_M-1024x769.jpg 1024w, https:\/\/galyarabok.drk.hu\/wp-content\/uploads\/2021\/02\/KOCS_DSC_4505_M-300x225.jpg 300w, https:\/\/galyarabok.drk.hu\/wp-content\/uploads\/2021\/02\/KOCS_DSC_4505_M-768x576.jpg 768w, https:\/\/galyarabok.drk.hu\/wp-content\/uploads\/2021\/02\/KOCS_DSC_4505_M-1536x1153.jpg 1536w, https:\/\/galyarabok.drk.hu\/wp-content\/uploads\/2021\/02\/KOCS_DSC_4505_M-1066x800.jpg 1066w, https:\/\/galyarabok.drk.hu\/wp-content\/uploads\/2021\/02\/KOCS_DSC_4505_M.jpg 2048w\" sizes=\"auto, (max-width: 1024px) 100vw, 1024px\" \/><\/a><figcaption class=\"wp-element-caption\">Kocsi Cserg\u0151 B\u00e1lint eml\u00e9kt\u00e1bla<\/figcaption><\/figure>\n<\/figure>\n<\/div><\/div>\n","protected":false},"excerpt":{"rendered":"<p>(Tatai egyh\u00e1zmegye, DTREK) \u2013 Kocsi Cserg\u0151 B\u00e1lint p\u00e1pai reform\u00e1tus lelk\u00e9sz, rektor sz\u00e1rmaz\u00e1si helye. Szilv\u00e1si Istv\u00e1n (1668 ut\u00e1n) \u00e9s Cs\u00fazi Cseh [&hellip;]<\/p>\n","protected":false},"author":1,"featured_media":455,"parent":0,"menu_order":0,"comment_status":"closed","ping_status":"closed","template":"","meta":{"footnotes":""},"categories":[60,11,46,33],"tags":[],"class_list":["post-454","page","type-page","status-publish","has-post-thumbnail","hentry","category-emlekhelyek","category-turazok","category-emlekturak","category-kelyhek"],"translation":{"provider":"WPGlobus","version":"3.0.2","language":"gb","enabled_languages":["hu","gb"],"languages":{"hu":{"title":true,"content":true,"excerpt":false},"gb":{"title":false,"content":false,"excerpt":false}}},"yoast_head":"<!-- This site is optimized with the Yoast SEO plugin v27.2 - https:\/\/yoast.com\/product\/yoast-seo-wordpress\/ -->\n<title>Kocs<\/title>\n<meta name=\"robots\" content=\"index, follow, max-snippet:-1, max-image-preview:large, max-video-preview:-1\" \/>\n<link rel=\"canonical\" href=\"https:\/\/galyarabok.drk.hu\/kocs\/\" \/>\n<meta property=\"og:locale\" content=\"en_GB\" \/>\n<meta property=\"og:type\" content=\"article\" \/>\n<meta property=\"og:title\" content=\"Kocs\" \/>\n<meta property=\"og:url\" content=\"https:\/\/galyarabok.drk.hu\/kocs\/\" \/>\n<meta property=\"og:site_name\" content=\"Galley slave memorial road\" \/>\n<meta property=\"article:publisher\" content=\"https:\/\/www.facebook.com\/profile.php?id=61567825314709\" \/>\n<meta property=\"article:modified_time\" content=\"2024-11-14T10:31:06+00:00\" \/>\n<meta property=\"og:image\" content=\"https:\/\/galyarabok.drk.hu\/wp-content\/uploads\/2021\/02\/KOCS_DSC_4505_M.jpg\" \/>\n\t<meta property=\"og:image:width\" content=\"2048\" \/>\n\t<meta property=\"og:image:height\" content=\"1537\" \/>\n\t<meta property=\"og:image:type\" content=\"image\/jpeg\" \/>\n<meta name=\"twitter:card\" content=\"summary_large_image\" \/>\n<meta name=\"twitter:label1\" content=\"Est. reading time\" \/>\n\t<meta name=\"twitter:data1\" content=\"2 minutes\" \/>\n<script type=\"application\/ld+json\" class=\"yoast-schema-graph\">{\"@context\":\"https:\/\/schema.org\",\"@graph\":[{\"@type\":\"WebPage\",\"@id\":\"https:\/\/galyarabok.drk.hu\/kocs\/\",\"url\":\"https:\/\/galyarabok.drk.hu\/kocs\/\",\"name\":\"Kocs\",\"isPartOf\":{\"@id\":\"https:\/\/galyarabok.drk.hu\/#website\"},\"primaryImageOfPage\":{\"@id\":\"https:\/\/galyarabok.drk.hu\/kocs\/#primaryimage\"},\"image\":{\"@id\":\"https:\/\/galyarabok.drk.hu\/kocs\/#primaryimage\"},\"thumbnailUrl\":\"https:\/\/galyarabok.drk.hu\/wp-content\/uploads\/2021\/02\/KOCS_DSC_4505_M.jpg\",\"datePublished\":\"2021-02-01T21:29:11+00:00\",\"dateModified\":\"2024-11-14T10:31:06+00:00\",\"description\":\"Memorial places\",\"breadcrumb\":{\"@id\":\"https:\/\/galyarabok.drk.hu\/kocs\/#breadcrumb\"},\"inLanguage\":\"en-GB\",\"potentialAction\":[{\"@type\":\"ReadAction\",\"target\":[\"https:\/\/galyarabok.drk.hu\/kocs\/\"]}]},{\"@type\":\"ImageObject\",\"inLanguage\":\"en-GB\",\"@id\":\"https:\/\/galyarabok.drk.hu\/kocs\/#primaryimage\",\"url\":\"https:\/\/galyarabok.drk.hu\/wp-content\/uploads\/2021\/02\/KOCS_DSC_4505_M.jpg\",\"contentUrl\":\"https:\/\/galyarabok.drk.hu\/wp-content\/uploads\/2021\/02\/KOCS_DSC_4505_M.jpg\",\"width\":2048,\"height\":1537,\"caption\":\"Kocsi Cserg\u0151 B\u00e1lint eml\u00e9kt\u00e1bla\"},{\"@type\":\"BreadcrumbList\",\"@id\":\"https:\/\/galyarabok.drk.hu\/kocs\/#breadcrumb\",\"itemListElement\":[{\"@type\":\"ListItem\",\"position\":1,\"name\":\"Kezd\u0151lap\",\"item\":\"https:\/\/galyarabok.drk.hu\/\"},{\"@type\":\"ListItem\",\"position\":2,\"name\":\"Kocs\"}]},{\"@type\":\"WebSite\",\"@id\":\"https:\/\/galyarabok.drk.hu\/#website\",\"url\":\"https:\/\/galyarabok.drk.hu\/\",\"name\":\"G\u00e1lyarab-eml\u00e9k\u00fat\",\"description\":\"The remembrance of the Hungarian protestant galley slaves. Made and can be visited from the 350th anniversary of the galley slavery (2024)\",\"publisher\":{\"@id\":\"https:\/\/galyarabok.drk.hu\/#organization\"},\"potentialAction\":[{\"@type\":\"SearchAction\",\"target\":{\"@type\":\"EntryPoint\",\"urlTemplate\":\"https:\/\/galyarabok.drk.hu\/?s={search_term_string}\"},\"query-input\":{\"@type\":\"PropertyValueSpecification\",\"valueRequired\":true,\"valueName\":\"search_term_string\"}}],\"inLanguage\":\"en-GB\"},{\"@type\":\"Organization\",\"@id\":\"https:\/\/galyarabok.drk.hu\/#organization\",\"name\":\"G\u00e1lyarab-eml\u00e9k\u00fat\",\"url\":\"https:\/\/galyarabok.drk.hu\/\",\"logo\":{\"@type\":\"ImageObject\",\"inLanguage\":\"en-GB\",\"@id\":\"https:\/\/galyarabok.drk.hu\/#\/schema\/logo\/image\/\",\"url\":\"https:\/\/galyarabok.drk.hu\/wp-content\/uploads\/2021\/02\/cropped-galya-kor-arny-vilagos.png\",\"contentUrl\":\"https:\/\/galyarabok.drk.hu\/wp-content\/uploads\/2021\/02\/cropped-galya-kor-arny-vilagos.png\",\"width\":102,\"height\":100,\"caption\":\"G\u00e1lyarab-eml\u00e9k\u00fat\"},\"image\":{\"@id\":\"https:\/\/galyarabok.drk.hu\/#\/schema\/logo\/image\/\"},\"sameAs\":[\"https:\/\/www.facebook.com\/profile.php?id=61567825314709\"]}]}<\/script>\n<!-- \/ Yoast SEO plugin. -->","yoast_head_json":{"title":"Kocs","robots":{"index":"index","follow":"follow","max-snippet":"max-snippet:-1","max-image-preview":"max-image-preview:large","max-video-preview":"max-video-preview:-1"},"canonical":"https:\/\/galyarabok.drk.hu\/kocs\/","og_locale":"en_GB","og_type":"article","og_title":"Kocs","og_url":"https:\/\/galyarabok.drk.hu\/kocs\/","og_site_name":"Galley slave memorial road","article_publisher":"https:\/\/www.facebook.com\/profile.php?id=61567825314709","article_modified_time":"2024-11-14T10:31:06+00:00","og_image":[{"width":2048,"height":1537,"url":"https:\/\/galyarabok.drk.hu\/wp-content\/uploads\/2021\/02\/KOCS_DSC_4505_M.jpg","type":"image\/jpeg"}],"twitter_card":"summary_large_image","twitter_misc":{"Est. reading time":"2 minutes"},"schema":{"@context":"https:\/\/schema.org","@graph":[{"@type":"WebPage","@id":"https:\/\/galyarabok.drk.hu\/kocs\/","url":"https:\/\/galyarabok.drk.hu\/kocs\/","name":"Kocs","isPartOf":{"@id":"https:\/\/galyarabok.drk.hu\/#website"},"primaryImageOfPage":{"@id":"https:\/\/galyarabok.drk.hu\/kocs\/#primaryimage"},"image":{"@id":"https:\/\/galyarabok.drk.hu\/kocs\/#primaryimage"},"thumbnailUrl":"https:\/\/galyarabok.drk.hu\/wp-content\/uploads\/2021\/02\/KOCS_DSC_4505_M.jpg","datePublished":"2021-02-01T21:29:11+00:00","dateModified":"2024-11-14T10:31:06+00:00","description":"Memorial places","breadcrumb":{"@id":"https:\/\/galyarabok.drk.hu\/kocs\/#breadcrumb"},"inLanguage":"en-GB","potentialAction":[{"@type":"ReadAction","target":["https:\/\/galyarabok.drk.hu\/kocs\/"]}]},{"@type":"ImageObject","inLanguage":"en-GB","@id":"https:\/\/galyarabok.drk.hu\/kocs\/#primaryimage","url":"https:\/\/galyarabok.drk.hu\/wp-content\/uploads\/2021\/02\/KOCS_DSC_4505_M.jpg","contentUrl":"https:\/\/galyarabok.drk.hu\/wp-content\/uploads\/2021\/02\/KOCS_DSC_4505_M.jpg","width":2048,"height":1537,"caption":"Kocsi Cserg\u0151 B\u00e1lint eml\u00e9kt\u00e1bla"},{"@type":"BreadcrumbList","@id":"https:\/\/galyarabok.drk.hu\/kocs\/#breadcrumb","itemListElement":[{"@type":"ListItem","position":1,"name":"Kezd\u0151lap","item":"https:\/\/galyarabok.drk.hu\/"},{"@type":"ListItem","position":2,"name":"Kocs"}]},{"@type":"WebSite","@id":"https:\/\/galyarabok.drk.hu\/#website","url":"https:\/\/galyarabok.drk.hu\/","name":"G\u00e1lyarab-eml\u00e9k\u00fat","description":"The remembrance of the Hungarian protestant galley slaves. Made and can be visited from the 350th anniversary of the galley slavery (2024)","publisher":{"@id":"https:\/\/galyarabok.drk.hu\/#organization"},"potentialAction":[{"@type":"SearchAction","target":{"@type":"EntryPoint","urlTemplate":"https:\/\/galyarabok.drk.hu\/?s={search_term_string}"},"query-input":{"@type":"PropertyValueSpecification","valueRequired":true,"valueName":"search_term_string"}}],"inLanguage":"en-GB"},{"@type":"Organization","@id":"https:\/\/galyarabok.drk.hu\/#organization","name":"G\u00e1lyarab-eml\u00e9k\u00fat","url":"https:\/\/galyarabok.drk.hu\/","logo":{"@type":"ImageObject","inLanguage":"en-GB","@id":"https:\/\/galyarabok.drk.hu\/#\/schema\/logo\/image\/","url":"https:\/\/galyarabok.drk.hu\/wp-content\/uploads\/2021\/02\/cropped-galya-kor-arny-vilagos.png","contentUrl":"https:\/\/galyarabok.drk.hu\/wp-content\/uploads\/2021\/02\/cropped-galya-kor-arny-vilagos.png","width":102,"height":100,"caption":"G\u00e1lyarab-eml\u00e9k\u00fat"},"image":{"@id":"https:\/\/galyarabok.drk.hu\/#\/schema\/logo\/image\/"},"sameAs":["https:\/\/www.facebook.com\/profile.php?id=61567825314709"]}]}},"_links":{"self":[{"href":"https:\/\/galyarabok.drk.hu\/gb\/wp-json\/wp\/v2\/pages\/454","targetHints":{"allow":["GET"]}}],"collection":[{"href":"https:\/\/galyarabok.drk.hu\/gb\/wp-json\/wp\/v2\/pages"}],"about":[{"href":"https:\/\/galyarabok.drk.hu\/gb\/wp-json\/wp\/v2\/types\/page"}],"author":[{"embeddable":true,"href":"https:\/\/galyarabok.drk.hu\/gb\/wp-json\/wp\/v2\/users\/1"}],"replies":[{"embeddable":true,"href":"https:\/\/galyarabok.drk.hu\/gb\/wp-json\/wp\/v2\/comments?post=454"}],"version-history":[{"count":7,"href":"https:\/\/galyarabok.drk.hu\/gb\/wp-json\/wp\/v2\/pages\/454\/revisions"}],"predecessor-version":[{"id":1578,"href":"https:\/\/galyarabok.drk.hu\/gb\/wp-json\/wp\/v2\/pages\/454\/revisions\/1578"}],"wp:featuredmedia":[{"embeddable":true,"href":"https:\/\/galyarabok.drk.hu\/gb\/wp-json\/wp\/v2\/media\/455"}],"wp:attachment":[{"href":"https:\/\/galyarabok.drk.hu\/gb\/wp-json\/wp\/v2\/media?parent=454"}],"wp:term":[{"taxonomy":"category","embeddable":true,"href":"https:\/\/galyarabok.drk.hu\/gb\/wp-json\/wp\/v2\/categories?post=454"},{"taxonomy":"post_tag","embeddable":true,"href":"https:\/\/galyarabok.drk.hu\/gb\/wp-json\/wp\/v2\/tags?post=454"}],"curies":[{"name":"wp","href":"https:\/\/api.w.org\/{rel}","templated":true}]}}