{"id":247,"date":"2021-02-01T13:20:23","date_gmt":"2021-02-01T13:20:23","guid":{"rendered":"http:\/\/chuckie.hu\/wp\/?page_id=247"},"modified":"2024-10-12T08:50:03","modified_gmt":"2024-10-12T08:50:03","slug":"kocsi-csergo-balint","status":"publish","type":"page","link":"https:\/\/galyarabok.drk.hu\/gb\/kocsi-csergo-balint\/","title":{"rendered":"Kocsi Cserg\u0151 B\u00e1lint"},"content":{"rendered":"\n<p>p\u00e1pai reform\u00e1tus rektor (DTREK, P\u00e1pai em.)<\/p>\n\n\n\n<p>Symb. Jer 16,19<\/p>\n\n\n\n<p><strong>Sz\u00e1rmaz\u00e1s, iskola:<\/strong><\/p>\n\n\n\n<ul class=\"wp-block-list\"><li><a href=\"https:\/\/galyarabok.drk.hu\/gb\/kocs\/\" data-internallinksmanager029f6b8e52c=\"65\" title=\"Kocs\">Kocs<\/a>, Tatai em., DTREK (Dar\u00e1nyin\u00e9 Csonka Val\u00e9ria);<\/li><li><a href=\"https:\/\/galyarabok.drk.hu\/gb\/debrecen\/\" data-internallinksmanager029f6b8e52c=\"22\" title=\"Debrecen\">Debrecen<\/a> 1664. m\u00e1j. 1670-71. m\u00e1j<\/li><\/ul>\n\n\n\n<p><strong>Peregrin\u00e1ci\u00f3:<\/strong><\/p>\n\n\n\n<ul class=\"wp-block-list\"><li>Sv\u00e1jc (Basel, G) 1677<\/li><\/ul>\n\n\n\n<p><strong>Szolg\u00e1lati hely:<\/strong><\/p>\n\n\n\n<ul class=\"wp-block-list\"><li><span style=\"text-decoration: underline;\">rektor<\/span>: <a href=\"https:\/\/galyarabok.drk.hu\/gb\/munkacs\/\" data-internallinksmanager029f6b8e52c=\"81\" title=\"Munk\u00e1cs\">Munk\u00e1cs<\/a> 1670, <a href=\"https:\/\/galyarabok.drk.hu\/gb\/papa\/\" data-internallinksmanager029f6b8e52c=\"98\" title=\"P\u00e1pa\">P\u00e1pa<\/a> 1671-74, 1678-83, 1693-95<\/li><li><span style=\"text-decoration: underline;\">lelkip\u00e1sztor<\/span>: <a href=\"https:\/\/galyarabok.drk.hu\/gb\/mezoors\/\" data-internallinksmanager029f6b8e52c=\"77\" title=\"Mez\u0151\u00f6rs\">Mez\u0151\u00f6rs<\/a> 1683-87, (<a href=\"https:\/\/galyarabok.drk.hu\/gb\/gyor\/\" data-internallinksmanager029f6b8e52c=\"32\" title=\"Gy\u0151r\">Gy\u0151r<\/a> 1687-88), <a href=\"https:\/\/galyarabok.drk.hu\/gb\/lepseny\/\" data-internallinksmanager029f6b8e52c=\"72\" title=\"Leps\u00e9ny\">Leps\u00e9ny<\/a> 1688-93, <a href=\"https:\/\/galyarabok.drk.hu\/gb\/lazi\/\" data-internallinksmanager029f6b8e52c=\"71\" title=\"L\u00e1zi\">L\u00e1zi<\/a> 1695-96, P\u00e1zm\u00e1nd 1698-99, <a href=\"https:\/\/galyarabok.drk.hu\/gb\/hosszupalyi\/\" data-internallinksmanager029f6b8e52c=\"57\" title=\"Hossz\u00fap\u00e1lyi\">Hossz\u00fap\u00e1lyi<\/a><\/li><\/ul>\n\n\n\n<p><strong>Fogs\u00e1g:<\/strong><\/p>\n\n\n\n<ul class=\"wp-block-list\"><li><a href=\"https:\/\/galyarabok.drk.hu\/gb\/pozsony\/\" data-internallinksmanager029f6b8e52c=\"100\" title=\"Pozsony\">Pozsony<\/a>, (Nagyszombat)<\/li><li><a href=\"https:\/\/galyarabok.drk.hu\/gb\/lipotvar\/\" data-internallinksmanager029f6b8e52c=\"74\" title=\"Lip\u00f3tv\u00e1r\">Lip\u00f3tv\u00e1r<\/a> (1674. m\u00e1j. 7.-1675. m\u00e1rc. 18.)<\/li><li>(Trieszt, Pescara)<\/li><li>N\u00e1poly (1675. m\u00e1j. 7.-)<\/li><\/ul>\n\n\n\n<p><strong>K\u00fclf\u00f6ldi tart\u00f3zkod\u00e1s:<\/strong><\/p>\n\n\n\n<ul class=\"wp-block-list\"><li>Velence<\/li><li>Z\u00fcrich (JH. Hottinger)<\/li><li>Basel<\/li><\/ul>\n\n\n\n<p><strong>Eml\u00e9khely:<\/strong><\/p>\n\n\n\n<ul class=\"wp-block-list\"><li>P\u00e1pa, eml\u00e9kt\u00e1bla, Reform\u00e1tus Gimn\u00e1zium k\u00fclsej\u00e9n (1978)<br>szobor (1990)<\/li><li>Kocs, eml\u00e9kpark, templomn\u00e1l (2011)<\/li><li>Hossz\u00fap\u00e1lyi, templom b. (??)<\/li><\/ul>\n\n\n\n<p><strong>Eml\u00e9kezete:<\/strong><\/p>\n\n\n\n<ul class=\"wp-block-list\"><li>Kocs, t\u00fara\u00fatvonal (szerv. Dar\u00e1nyin\u00e9 lp., Vasas SC: 17),<\/li><li>P\u00e1pa, t\u00fara\u00fatvonal (szerv. Dar\u00e1nyin\u00e9 lp., Vasas SC: 5),<\/li><\/ul>\n\n\n\n<ul class=\"wp-block-list\"><li>csal\u00e1dja (ZovLex), fia Z\u00fc \u00f6szt.<\/li><\/ul>\n","protected":false},"excerpt":{"rendered":"<p>p\u00e1pai reform\u00e1tus rektor (DTREK, P\u00e1pai em.) Symb. Jer 16,19 Sz\u00e1rmaz\u00e1s, iskola: Kocs, Tatai em., DTREK (Dar\u00e1nyin\u00e9 Csonka Val\u00e9ria); Debrecen 1664. [&hellip;]<\/p>\n","protected":false},"author":1,"featured_media":0,"parent":0,"menu_order":0,"comment_status":"closed","ping_status":"closed","template":"","meta":{"footnotes":""},"categories":[61],"tags":[],"class_list":["post-247","page","type-page","status-publish","hentry","category-nevek"],"translation":{"provider":"WPGlobus","version":"3.0.2","language":"gb","enabled_languages":["hu","gb"],"languages":{"hu":{"title":true,"content":true,"excerpt":false},"gb":{"title":false,"content":false,"excerpt":false}}},"yoast_head":"<!-- This site is optimized with the Yoast SEO plugin v27.2 - https:\/\/yoast.com\/product\/yoast-seo-wordpress\/ -->\n<title>Kocsi Cserg\u0151 B\u00e1lint<\/title>\n<meta name=\"robots\" content=\"index, follow, max-snippet:-1, max-image-preview:large, max-video-preview:-1\" \/>\n<link rel=\"canonical\" href=\"https:\/\/galyarabok.drk.hu\/kocsi-csergo-balint\/\" \/>\n<meta property=\"og:locale\" content=\"en_GB\" \/>\n<meta property=\"og:type\" content=\"article\" \/>\n<meta property=\"og:title\" content=\"Kocsi Cserg\u0151 B\u00e1lint\" \/>\n<meta property=\"og:url\" content=\"https:\/\/galyarabok.drk.hu\/kocsi-csergo-balint\/\" \/>\n<meta property=\"og:site_name\" content=\"Galley slave memorial road\" \/>\n<meta property=\"article:publisher\" content=\"https:\/\/www.facebook.com\/profile.php?id=61567825314709\" \/>\n<meta property=\"article:modified_time\" content=\"2024-10-12T08:50:03+00:00\" \/>\n<meta property=\"og:image\" content=\"https:\/\/galyarabok.drk.hu\/wp-content\/uploads\/2021\/02\/cropped-galya-kor-arny-vilagos-1.png\" \/>\n\t<meta property=\"og:image:width\" content=\"512\" \/>\n\t<meta property=\"og:image:height\" content=\"512\" \/>\n\t<meta property=\"og:image:type\" content=\"image\/png\" \/>\n<meta name=\"twitter:card\" content=\"summary_large_image\" \/>\n<meta name=\"twitter:label1\" content=\"Est. reading time\" \/>\n\t<meta name=\"twitter:data1\" content=\"1 minute\" \/>\n<script type=\"application\/ld+json\" class=\"yoast-schema-graph\">{\"@context\":\"https:\/\/schema.org\",\"@graph\":[{\"@type\":\"WebPage\",\"@id\":\"https:\/\/galyarabok.drk.hu\/kocsi-csergo-balint\/\",\"url\":\"https:\/\/galyarabok.drk.hu\/kocsi-csergo-balint\/\",\"name\":\"Kocsi Cserg\u0151 B\u00e1lint\",\"isPartOf\":{\"@id\":\"https:\/\/galyarabok.drk.hu\/#website\"},\"datePublished\":\"2021-02-01T13:20:23+00:00\",\"dateModified\":\"2024-10-12T08:50:03+00:00\",\"breadcrumb\":{\"@id\":\"https:\/\/galyarabok.drk.hu\/kocsi-csergo-balint\/#breadcrumb\"},\"inLanguage\":\"en-GB\",\"potentialAction\":[{\"@type\":\"ReadAction\",\"target\":[\"https:\/\/galyarabok.drk.hu\/kocsi-csergo-balint\/\"]}]},{\"@type\":\"BreadcrumbList\",\"@id\":\"https:\/\/galyarabok.drk.hu\/kocsi-csergo-balint\/#breadcrumb\",\"itemListElement\":[{\"@type\":\"ListItem\",\"position\":1,\"name\":\"Kezd\u0151lap\",\"item\":\"https:\/\/galyarabok.drk.hu\/\"},{\"@type\":\"ListItem\",\"position\":2,\"name\":\"Kocsi Cserg\u0151 B\u00e1lint\"}]},{\"@type\":\"WebSite\",\"@id\":\"https:\/\/galyarabok.drk.hu\/#website\",\"url\":\"https:\/\/galyarabok.drk.hu\/\",\"name\":\"G\u00e1lyarab-eml\u00e9k\u00fat\",\"description\":\"The remembrance of the Hungarian protestant galley slaves. Made and can be visited from the 350th anniversary of the galley slavery (2024)\",\"publisher\":{\"@id\":\"https:\/\/galyarabok.drk.hu\/#organization\"},\"potentialAction\":[{\"@type\":\"SearchAction\",\"target\":{\"@type\":\"EntryPoint\",\"urlTemplate\":\"https:\/\/galyarabok.drk.hu\/?s={search_term_string}\"},\"query-input\":{\"@type\":\"PropertyValueSpecification\",\"valueRequired\":true,\"valueName\":\"search_term_string\"}}],\"inLanguage\":\"en-GB\"},{\"@type\":\"Organization\",\"@id\":\"https:\/\/galyarabok.drk.hu\/#organization\",\"name\":\"G\u00e1lyarab-eml\u00e9k\u00fat\",\"url\":\"https:\/\/galyarabok.drk.hu\/\",\"logo\":{\"@type\":\"ImageObject\",\"inLanguage\":\"en-GB\",\"@id\":\"https:\/\/galyarabok.drk.hu\/#\/schema\/logo\/image\/\",\"url\":\"https:\/\/galyarabok.drk.hu\/wp-content\/uploads\/2021\/02\/cropped-galya-kor-arny-vilagos.png\",\"contentUrl\":\"https:\/\/galyarabok.drk.hu\/wp-content\/uploads\/2021\/02\/cropped-galya-kor-arny-vilagos.png\",\"width\":102,\"height\":100,\"caption\":\"G\u00e1lyarab-eml\u00e9k\u00fat\"},\"image\":{\"@id\":\"https:\/\/galyarabok.drk.hu\/#\/schema\/logo\/image\/\"},\"sameAs\":[\"https:\/\/www.facebook.com\/profile.php?id=61567825314709\"]}]}<\/script>\n<!-- \/ Yoast SEO plugin. -->","yoast_head_json":{"title":"Kocsi Cserg\u0151 B\u00e1lint","robots":{"index":"index","follow":"follow","max-snippet":"max-snippet:-1","max-image-preview":"max-image-preview:large","max-video-preview":"max-video-preview:-1"},"canonical":"https:\/\/galyarabok.drk.hu\/kocsi-csergo-balint\/","og_locale":"en_GB","og_type":"article","og_title":"Kocsi Cserg\u0151 B\u00e1lint","og_url":"https:\/\/galyarabok.drk.hu\/kocsi-csergo-balint\/","og_site_name":"Galley slave memorial road","article_publisher":"https:\/\/www.facebook.com\/profile.php?id=61567825314709","article_modified_time":"2024-10-12T08:50:03+00:00","og_image":[{"width":512,"height":512,"url":"https:\/\/galyarabok.drk.hu\/wp-content\/uploads\/2021\/02\/cropped-galya-kor-arny-vilagos-1.png","type":"image\/png"}],"twitter_card":"summary_large_image","twitter_misc":{"Est. reading time":"1 minute"},"schema":{"@context":"https:\/\/schema.org","@graph":[{"@type":"WebPage","@id":"https:\/\/galyarabok.drk.hu\/kocsi-csergo-balint\/","url":"https:\/\/galyarabok.drk.hu\/kocsi-csergo-balint\/","name":"Kocsi Cserg\u0151 B\u00e1lint","isPartOf":{"@id":"https:\/\/galyarabok.drk.hu\/#website"},"datePublished":"2021-02-01T13:20:23+00:00","dateModified":"2024-10-12T08:50:03+00:00","breadcrumb":{"@id":"https:\/\/galyarabok.drk.hu\/kocsi-csergo-balint\/#breadcrumb"},"inLanguage":"en-GB","potentialAction":[{"@type":"ReadAction","target":["https:\/\/galyarabok.drk.hu\/kocsi-csergo-balint\/"]}]},{"@type":"BreadcrumbList","@id":"https:\/\/galyarabok.drk.hu\/kocsi-csergo-balint\/#breadcrumb","itemListElement":[{"@type":"ListItem","position":1,"name":"Kezd\u0151lap","item":"https:\/\/galyarabok.drk.hu\/"},{"@type":"ListItem","position":2,"name":"Kocsi Cserg\u0151 B\u00e1lint"}]},{"@type":"WebSite","@id":"https:\/\/galyarabok.drk.hu\/#website","url":"https:\/\/galyarabok.drk.hu\/","name":"G\u00e1lyarab-eml\u00e9k\u00fat","description":"The remembrance of the Hungarian protestant galley slaves. Made and can be visited from the 350th anniversary of the galley slavery (2024)","publisher":{"@id":"https:\/\/galyarabok.drk.hu\/#organization"},"potentialAction":[{"@type":"SearchAction","target":{"@type":"EntryPoint","urlTemplate":"https:\/\/galyarabok.drk.hu\/?s={search_term_string}"},"query-input":{"@type":"PropertyValueSpecification","valueRequired":true,"valueName":"search_term_string"}}],"inLanguage":"en-GB"},{"@type":"Organization","@id":"https:\/\/galyarabok.drk.hu\/#organization","name":"G\u00e1lyarab-eml\u00e9k\u00fat","url":"https:\/\/galyarabok.drk.hu\/","logo":{"@type":"ImageObject","inLanguage":"en-GB","@id":"https:\/\/galyarabok.drk.hu\/#\/schema\/logo\/image\/","url":"https:\/\/galyarabok.drk.hu\/wp-content\/uploads\/2021\/02\/cropped-galya-kor-arny-vilagos.png","contentUrl":"https:\/\/galyarabok.drk.hu\/wp-content\/uploads\/2021\/02\/cropped-galya-kor-arny-vilagos.png","width":102,"height":100,"caption":"G\u00e1lyarab-eml\u00e9k\u00fat"},"image":{"@id":"https:\/\/galyarabok.drk.hu\/#\/schema\/logo\/image\/"},"sameAs":["https:\/\/www.facebook.com\/profile.php?id=61567825314709"]}]}},"_links":{"self":[{"href":"https:\/\/galyarabok.drk.hu\/gb\/wp-json\/wp\/v2\/pages\/247","targetHints":{"allow":["GET"]}}],"collection":[{"href":"https:\/\/galyarabok.drk.hu\/gb\/wp-json\/wp\/v2\/pages"}],"about":[{"href":"https:\/\/galyarabok.drk.hu\/gb\/wp-json\/wp\/v2\/types\/page"}],"author":[{"embeddable":true,"href":"https:\/\/galyarabok.drk.hu\/gb\/wp-json\/wp\/v2\/users\/1"}],"replies":[{"embeddable":true,"href":"https:\/\/galyarabok.drk.hu\/gb\/wp-json\/wp\/v2\/comments?post=247"}],"version-history":[{"count":2,"href":"https:\/\/galyarabok.drk.hu\/gb\/wp-json\/wp\/v2\/pages\/247\/revisions"}],"predecessor-version":[{"id":842,"href":"https:\/\/galyarabok.drk.hu\/gb\/wp-json\/wp\/v2\/pages\/247\/revisions\/842"}],"wp:attachment":[{"href":"https:\/\/galyarabok.drk.hu\/gb\/wp-json\/wp\/v2\/media?parent=247"}],"wp:term":[{"taxonomy":"category","embeddable":true,"href":"https:\/\/galyarabok.drk.hu\/gb\/wp-json\/wp\/v2\/categories?post=247"},{"taxonomy":"post_tag","embeddable":true,"href":"https:\/\/galyarabok.drk.hu\/gb\/wp-json\/wp\/v2\/tags?post=247"}],"curies":[{"name":"wp","href":"https:\/\/api.w.org\/{rel}","templated":true}]}}