{"id":225,"date":"2021-02-01T12:54:49","date_gmt":"2021-02-01T12:54:49","guid":{"rendered":"http:\/\/chuckie.hu\/wp\/?page_id=225"},"modified":"2024-10-12T08:52:07","modified_gmt":"2024-10-12T08:52:07","slug":"csuzi-cseh-jakab","status":"publish","type":"page","link":"https:\/\/galyarabok.drk.hu\/gb\/csuzi-cseh-jakab\/","title":{"rendered":"Cs\u00fazi Cseh Jakab"},"content":{"rendered":"\n<p>losonci ref. lelk\u00e9sz (SZRKE, G\u00f6m. em.),<\/p>\n\n\n\n<p>SSTD 1665, esp 1670-72, ogy. pr\u00e9d. 1681, Dt. p\u00fc. 1693-95<\/p>\n\n\n\n<p><strong>Sz\u00e1rmaz\u00e1s, iskola:<\/strong><\/p>\n\n\n\n<ul class=\"wp-block-list\"><li>Cs\u00faz, Kom\u00e1romi em.(SZRKE);<\/li><li><a href=\"https:\/\/galyarabok.drk.hu\/gb\/papa\/\" data-internallinksmanager029f6b8e52c=\"98\" title=\"P\u00e1pa\">P\u00e1pa<\/a> 1656-58k, <a href=\"https:\/\/galyarabok.drk.hu\/gb\/sarospatak\/\" data-internallinksmanager029f6b8e52c=\"107\" title=\"S\u00e1rospatak\">S\u00e1rospatak<\/a> 1658-61, senior<\/li><\/ul>\n\n\n\n<p><strong>Peregrin\u00e1ci\u00f3:<\/strong><\/p>\n\n\n\n<ul class=\"wp-block-list\"><li>No. (Heid.) 1663<\/li><li>Hollandia (F) 1663<\/li><li>(G) 1664<\/li><li>(U) 1665<\/li><\/ul>\n\n\n\n<p><strong>Szolg\u00e1lati hely:<\/strong><\/p>\n\n\n\n<ul class=\"wp-block-list\"><li><span style=\"text-decoration: underline;\">rektor:<\/span> <a href=\"https:\/\/galyarabok.drk.hu\/gb\/kecskemet\/\" data-internallinksmanager029f6b8e52c=\"62\" title=\"Kecskem\u00e9t\">Kecskem\u00e9t<\/a> 1661-63<br><a href=\"https:\/\/galyarabok.drk.hu\/gb\/komarom\/\" data-internallinksmanager029f6b8e52c=\"66\" title=\"Kom\u00e1rom\">Kom\u00e1rom<\/a> 1665-66<\/li><li><span style=\"text-decoration: underline;\">lelkip\u00e1sztor:<\/span> Kom\u00e1rom 1666-72, 1682-83, <a href=\"https:\/\/galyarabok.drk.hu\/gb\/losonc\/\" data-internallinksmanager029f6b8e52c=\"75\" title=\"Losonc\">Losonc<\/a> 1673-79, 1683, <a href=\"https:\/\/galyarabok.drk.hu\/gb\/kocs\/\" data-internallinksmanager029f6b8e52c=\"65\" title=\"Kocs\">Kocs<\/a> 1679-81, <a href=\"https:\/\/galyarabok.drk.hu\/gb\/debrecen\/\" data-internallinksmanager029f6b8e52c=\"22\" title=\"Debrecen\">Debrecen<\/a> 1681-82, 1683-86, <a href=\"https:\/\/galyarabok.drk.hu\/gb\/szony\/\" data-internallinksmanager029f6b8e52c=\"119\" title=\"Sz\u0151ny\">Sz\u0151ny<\/a> 1686-92, P\u00e1pa 1692-95<\/li><\/ul>\n\n\n\n<p><strong>Fogs\u00e1g:<\/strong><\/p>\n\n\n\n<ul class=\"wp-block-list\"><li><a href=\"https:\/\/galyarabok.drk.hu\/gb\/pozsony\/\" data-internallinksmanager029f6b8e52c=\"100\" title=\"Pozsony\">Pozsony<\/a><\/li><li><a href=\"https:\/\/galyarabok.drk.hu\/gb\/sarvar\/\" data-internallinksmanager029f6b8e52c=\"108\" title=\"S\u00e1rv\u00e1r\">S\u00e1rv\u00e1r<\/a><\/li><li>Trieszt (1675. j\u00fal. 30.)<\/li><\/ul>\n\n\n\n<p><strong>K\u00fclf\u00f6ldi tart\u00f3zkod\u00e1s:<\/strong><\/p>\n\n\n\n<ul class=\"wp-block-list\"><li>Velence<\/li><li>B\u00e9cs<\/li><\/ul>\n\n\n\n<p><strong>Eml\u00e9khely:<\/strong><\/p>\n\n\n\n<ul class=\"wp-block-list\"><li>nincs<\/li><\/ul>\n\n\n\n<p><strong>Eml\u00e9kezete:<\/strong><\/p>\n\n\n\n<ul class=\"wp-block-list\"><li>k\u00f6sz\u00f6n\u0151levele (Z\u00fcrich) copy<\/li><li>fia Z\u00fc \u00f6szt.<\/li><li>\u00e1roni csal\u00e1d: pl. Cs\u00fazi Cseh J\u00e1nos orvos<\/li><li>irod. m\u0171vei<\/li><\/ul>\n","protected":false},"excerpt":{"rendered":"<p>losonci ref. lelk\u00e9sz (SZRKE, G\u00f6m. em.), SSTD 1665, esp 1670-72, ogy. pr\u00e9d. 1681, Dt. p\u00fc. 1693-95 Sz\u00e1rmaz\u00e1s, iskola: Cs\u00faz, Kom\u00e1romi [&hellip;]<\/p>\n","protected":false},"author":1,"featured_media":0,"parent":0,"menu_order":0,"comment_status":"closed","ping_status":"closed","template":"","meta":{"footnotes":""},"categories":[61],"tags":[],"class_list":["post-225","page","type-page","status-publish","hentry","category-nevek"],"translation":{"provider":"WPGlobus","version":"3.0.2","language":"gb","enabled_languages":["hu","gb"],"languages":{"hu":{"title":true,"content":true,"excerpt":false},"gb":{"title":false,"content":false,"excerpt":false}}},"yoast_head":"<!-- This site is optimized with the Yoast SEO plugin v27.2 - https:\/\/yoast.com\/product\/yoast-seo-wordpress\/ -->\n<title>Cs\u00fazi Cseh Jakab<\/title>\n<meta name=\"robots\" content=\"index, follow, max-snippet:-1, max-image-preview:large, max-video-preview:-1\" \/>\n<link rel=\"canonical\" href=\"https:\/\/galyarabok.drk.hu\/csuzi-cseh-jakab\/\" \/>\n<meta property=\"og:locale\" content=\"en_GB\" \/>\n<meta property=\"og:type\" content=\"article\" \/>\n<meta property=\"og:title\" content=\"Cs\u00fazi Cseh Jakab\" \/>\n<meta property=\"og:url\" content=\"https:\/\/galyarabok.drk.hu\/csuzi-cseh-jakab\/\" \/>\n<meta property=\"og:site_name\" content=\"Galley slave memorial road\" \/>\n<meta property=\"article:publisher\" content=\"https:\/\/www.facebook.com\/profile.php?id=61567825314709\" \/>\n<meta property=\"article:modified_time\" content=\"2024-10-12T08:52:07+00:00\" \/>\n<meta property=\"og:image\" content=\"https:\/\/galyarabok.drk.hu\/wp-content\/uploads\/2021\/02\/cropped-galya-kor-arny-vilagos-1.png\" \/>\n\t<meta property=\"og:image:width\" content=\"512\" \/>\n\t<meta property=\"og:image:height\" content=\"512\" \/>\n\t<meta property=\"og:image:type\" content=\"image\/png\" \/>\n<meta name=\"twitter:card\" content=\"summary_large_image\" \/>\n<meta name=\"twitter:label1\" content=\"Est. reading time\" \/>\n\t<meta name=\"twitter:data1\" content=\"1 minute\" \/>\n<script type=\"application\/ld+json\" class=\"yoast-schema-graph\">{\"@context\":\"https:\/\/schema.org\",\"@graph\":[{\"@type\":\"WebPage\",\"@id\":\"https:\/\/galyarabok.drk.hu\/csuzi-cseh-jakab\/\",\"url\":\"https:\/\/galyarabok.drk.hu\/csuzi-cseh-jakab\/\",\"name\":\"Cs\u00fazi Cseh Jakab\",\"isPartOf\":{\"@id\":\"https:\/\/galyarabok.drk.hu\/#website\"},\"datePublished\":\"2021-02-01T12:54:49+00:00\",\"dateModified\":\"2024-10-12T08:52:07+00:00\",\"breadcrumb\":{\"@id\":\"https:\/\/galyarabok.drk.hu\/csuzi-cseh-jakab\/#breadcrumb\"},\"inLanguage\":\"en-GB\",\"potentialAction\":[{\"@type\":\"ReadAction\",\"target\":[\"https:\/\/galyarabok.drk.hu\/csuzi-cseh-jakab\/\"]}]},{\"@type\":\"BreadcrumbList\",\"@id\":\"https:\/\/galyarabok.drk.hu\/csuzi-cseh-jakab\/#breadcrumb\",\"itemListElement\":[{\"@type\":\"ListItem\",\"position\":1,\"name\":\"Kezd\u0151lap\",\"item\":\"https:\/\/galyarabok.drk.hu\/\"},{\"@type\":\"ListItem\",\"position\":2,\"name\":\"Cs\u00fazi Cseh Jakab\"}]},{\"@type\":\"WebSite\",\"@id\":\"https:\/\/galyarabok.drk.hu\/#website\",\"url\":\"https:\/\/galyarabok.drk.hu\/\",\"name\":\"G\u00e1lyarab-eml\u00e9k\u00fat\",\"description\":\"The remembrance of the Hungarian protestant galley slaves. Made and can be visited from the 350th anniversary of the galley slavery (2024)\",\"publisher\":{\"@id\":\"https:\/\/galyarabok.drk.hu\/#organization\"},\"potentialAction\":[{\"@type\":\"SearchAction\",\"target\":{\"@type\":\"EntryPoint\",\"urlTemplate\":\"https:\/\/galyarabok.drk.hu\/?s={search_term_string}\"},\"query-input\":{\"@type\":\"PropertyValueSpecification\",\"valueRequired\":true,\"valueName\":\"search_term_string\"}}],\"inLanguage\":\"en-GB\"},{\"@type\":\"Organization\",\"@id\":\"https:\/\/galyarabok.drk.hu\/#organization\",\"name\":\"G\u00e1lyarab-eml\u00e9k\u00fat\",\"url\":\"https:\/\/galyarabok.drk.hu\/\",\"logo\":{\"@type\":\"ImageObject\",\"inLanguage\":\"en-GB\",\"@id\":\"https:\/\/galyarabok.drk.hu\/#\/schema\/logo\/image\/\",\"url\":\"https:\/\/galyarabok.drk.hu\/wp-content\/uploads\/2021\/02\/cropped-galya-kor-arny-vilagos.png\",\"contentUrl\":\"https:\/\/galyarabok.drk.hu\/wp-content\/uploads\/2021\/02\/cropped-galya-kor-arny-vilagos.png\",\"width\":102,\"height\":100,\"caption\":\"G\u00e1lyarab-eml\u00e9k\u00fat\"},\"image\":{\"@id\":\"https:\/\/galyarabok.drk.hu\/#\/schema\/logo\/image\/\"},\"sameAs\":[\"https:\/\/www.facebook.com\/profile.php?id=61567825314709\"]}]}<\/script>\n<!-- \/ Yoast SEO plugin. -->","yoast_head_json":{"title":"Cs\u00fazi Cseh Jakab","robots":{"index":"index","follow":"follow","max-snippet":"max-snippet:-1","max-image-preview":"max-image-preview:large","max-video-preview":"max-video-preview:-1"},"canonical":"https:\/\/galyarabok.drk.hu\/csuzi-cseh-jakab\/","og_locale":"en_GB","og_type":"article","og_title":"Cs\u00fazi Cseh Jakab","og_url":"https:\/\/galyarabok.drk.hu\/csuzi-cseh-jakab\/","og_site_name":"Galley slave memorial road","article_publisher":"https:\/\/www.facebook.com\/profile.php?id=61567825314709","article_modified_time":"2024-10-12T08:52:07+00:00","og_image":[{"width":512,"height":512,"url":"https:\/\/galyarabok.drk.hu\/wp-content\/uploads\/2021\/02\/cropped-galya-kor-arny-vilagos-1.png","type":"image\/png"}],"twitter_card":"summary_large_image","twitter_misc":{"Est. reading time":"1 minute"},"schema":{"@context":"https:\/\/schema.org","@graph":[{"@type":"WebPage","@id":"https:\/\/galyarabok.drk.hu\/csuzi-cseh-jakab\/","url":"https:\/\/galyarabok.drk.hu\/csuzi-cseh-jakab\/","name":"Cs\u00fazi Cseh Jakab","isPartOf":{"@id":"https:\/\/galyarabok.drk.hu\/#website"},"datePublished":"2021-02-01T12:54:49+00:00","dateModified":"2024-10-12T08:52:07+00:00","breadcrumb":{"@id":"https:\/\/galyarabok.drk.hu\/csuzi-cseh-jakab\/#breadcrumb"},"inLanguage":"en-GB","potentialAction":[{"@type":"ReadAction","target":["https:\/\/galyarabok.drk.hu\/csuzi-cseh-jakab\/"]}]},{"@type":"BreadcrumbList","@id":"https:\/\/galyarabok.drk.hu\/csuzi-cseh-jakab\/#breadcrumb","itemListElement":[{"@type":"ListItem","position":1,"name":"Kezd\u0151lap","item":"https:\/\/galyarabok.drk.hu\/"},{"@type":"ListItem","position":2,"name":"Cs\u00fazi Cseh Jakab"}]},{"@type":"WebSite","@id":"https:\/\/galyarabok.drk.hu\/#website","url":"https:\/\/galyarabok.drk.hu\/","name":"G\u00e1lyarab-eml\u00e9k\u00fat","description":"The remembrance of the Hungarian protestant galley slaves. Made and can be visited from the 350th anniversary of the galley slavery (2024)","publisher":{"@id":"https:\/\/galyarabok.drk.hu\/#organization"},"potentialAction":[{"@type":"SearchAction","target":{"@type":"EntryPoint","urlTemplate":"https:\/\/galyarabok.drk.hu\/?s={search_term_string}"},"query-input":{"@type":"PropertyValueSpecification","valueRequired":true,"valueName":"search_term_string"}}],"inLanguage":"en-GB"},{"@type":"Organization","@id":"https:\/\/galyarabok.drk.hu\/#organization","name":"G\u00e1lyarab-eml\u00e9k\u00fat","url":"https:\/\/galyarabok.drk.hu\/","logo":{"@type":"ImageObject","inLanguage":"en-GB","@id":"https:\/\/galyarabok.drk.hu\/#\/schema\/logo\/image\/","url":"https:\/\/galyarabok.drk.hu\/wp-content\/uploads\/2021\/02\/cropped-galya-kor-arny-vilagos.png","contentUrl":"https:\/\/galyarabok.drk.hu\/wp-content\/uploads\/2021\/02\/cropped-galya-kor-arny-vilagos.png","width":102,"height":100,"caption":"G\u00e1lyarab-eml\u00e9k\u00fat"},"image":{"@id":"https:\/\/galyarabok.drk.hu\/#\/schema\/logo\/image\/"},"sameAs":["https:\/\/www.facebook.com\/profile.php?id=61567825314709"]}]}},"_links":{"self":[{"href":"https:\/\/galyarabok.drk.hu\/gb\/wp-json\/wp\/v2\/pages\/225","targetHints":{"allow":["GET"]}}],"collection":[{"href":"https:\/\/galyarabok.drk.hu\/gb\/wp-json\/wp\/v2\/pages"}],"about":[{"href":"https:\/\/galyarabok.drk.hu\/gb\/wp-json\/wp\/v2\/types\/page"}],"author":[{"embeddable":true,"href":"https:\/\/galyarabok.drk.hu\/gb\/wp-json\/wp\/v2\/users\/1"}],"replies":[{"embeddable":true,"href":"https:\/\/galyarabok.drk.hu\/gb\/wp-json\/wp\/v2\/comments?post=225"}],"version-history":[{"count":3,"href":"https:\/\/galyarabok.drk.hu\/gb\/wp-json\/wp\/v2\/pages\/225\/revisions"}],"predecessor-version":[{"id":847,"href":"https:\/\/galyarabok.drk.hu\/gb\/wp-json\/wp\/v2\/pages\/225\/revisions\/847"}],"wp:attachment":[{"href":"https:\/\/galyarabok.drk.hu\/gb\/wp-json\/wp\/v2\/media?parent=225"}],"wp:term":[{"taxonomy":"category","embeddable":true,"href":"https:\/\/galyarabok.drk.hu\/gb\/wp-json\/wp\/v2\/categories?post=225"},{"taxonomy":"post_tag","embeddable":true,"href":"https:\/\/galyarabok.drk.hu\/gb\/wp-json\/wp\/v2\/tags?post=225"}],"curies":[{"name":"wp","href":"https:\/\/api.w.org\/{rel}","templated":true}]}}