{"id":217,"date":"2021-02-01T12:43:37","date_gmt":"2021-02-01T12:43:37","guid":{"rendered":"http:\/\/chuckie.hu\/wp\/?page_id=217"},"modified":"2024-10-12T08:53:11","modified_gmt":"2024-10-12T08:53:11","slug":"batorkeszi-istvan","status":"publish","type":"page","link":"https:\/\/galyarabok.drk.hu\/gb\/batorkeszi-istvan\/","title":{"rendered":"B\u00e1torkeszi Istv\u00e1n"},"content":{"rendered":"\n<p>veszpr\u00e9mi ref. lelk\u00e9sz (DTREK, Veszpr\u00e9mi em.)<\/p>\n\n\n\n<p><strong>Sz\u00e1rmaz\u00e1s, iskola:<\/strong><\/p>\n\n\n\n<ul class=\"wp-block-list\"><li><a href=\"https:\/\/galyarabok.drk.hu\/gb\/batorkeszi\/\" data-internallinksmanager029f6b8e52c=\"6\" title=\"B\u00e1torkeszi\">B\u00e1torkeszi<\/a>, Kom\u00e1romi em., SZRKE;<\/li><li><a href=\"https:\/\/galyarabok.drk.hu\/gb\/papa\/\" data-internallinksmanager029f6b8e52c=\"98\" title=\"P\u00e1pa\">P\u00e1pa<\/a> (1656-58k); <a href=\"https:\/\/galyarabok.drk.hu\/gb\/sarospatak\/\" data-internallinksmanager029f6b8e52c=\"107\" title=\"S\u00e1rospatak\">S\u00e1rospatak<\/a> 1661<\/li><\/ul>\n\n\n\n<p><strong>Peregrin\u00e1ci\u00f3:<\/strong><\/p>\n\n\n\n<p>Hollandia-Anglia (L), (1676-77)<\/p>\n\n\n\n<p><strong>Szolg\u00e1lati hely:<\/strong><\/p>\n\n\n\n<ul class=\"wp-block-list\"><li><span style=\"text-decoration: underline;\">rektor:<\/span> P\u00e1pa (1663-66)<\/li><li><span style=\"text-decoration: underline;\">lelkip\u00e1sztor:<\/span> <a href=\"https:\/\/galyarabok.drk.hu\/gb\/veszprem\/\" data-internallinksmanager029f6b8e52c=\"129\" title=\"Veszpr\u00e9m\">Veszpr\u00e9m<\/a> (1669-80), <a href=\"https:\/\/galyarabok.drk.hu\/gb\/tihany\/\" data-internallinksmanager029f6b8e52c=\"123\" title=\"Tihany\">Tihany<\/a> (1680-92)<\/li><\/ul>\n\n\n\n<p><strong>Fogs\u00e1g:<\/strong><\/p>\n\n\n\n<ul class=\"wp-block-list\"><li><a href=\"https:\/\/galyarabok.drk.hu\/gb\/pozsony\/\" data-internallinksmanager029f6b8e52c=\"100\" title=\"Pozsony\">Pozsony<\/a><\/li><li>Berencs<\/li><li><a href=\"https:\/\/galyarabok.drk.hu\/gb\/lipotvar\/\" data-internallinksmanager029f6b8e52c=\"74\" title=\"Lip\u00f3tv\u00e1r\">Lip\u00f3tv\u00e1r<\/a><\/li><li>Trieszt<\/li><li>N\u00e1poly<\/li><li>Szic\u00edlia<\/li><\/ul>\n\n\n\n<p><strong>K\u00fclf\u00f6ldi tart\u00f3zkod\u00e1s:<\/strong><\/p>\n\n\n\n<ul class=\"wp-block-list\"><li>Velence<\/li><li>Z\u00fcrich<\/li><li>Hollandia<\/li><li>Anglia<\/li><\/ul>\n\n\n\n<p><strong>Eml\u00e9khely:<\/strong><\/p>\n\n\n\n<ul class=\"wp-block-list\"><li>B\u00e1torkeszi, eml\u00e9kt\u00e1bla, z\u00e1szl\u00f3, templomels\u0151 (2006)<\/li><\/ul>\n\n\n\n<p><strong>Eml\u00e9kezete:<\/strong><\/p>\n\n\n\n<ul class=\"wp-block-list\"><li>B\u00e1torkeszi, B. I. Napok (2006-, szerv. Czinke Zsolt lp.); <\/li><li>Veszpr\u00e9m, t\u00fara\u00fatvonal (Vasas SC: 6); <\/li><li>Aranyszelence (PEIL 1873), poss. Kom\u00e1romi J\u00f3zsef (lesz\u00e1rm.)<\/li><\/ul>\n","protected":false},"excerpt":{"rendered":"<p>veszpr\u00e9mi ref. lelk\u00e9sz (DTREK, Veszpr\u00e9mi em.) Sz\u00e1rmaz\u00e1s, iskola: B\u00e1torkeszi, Kom\u00e1romi em., SZRKE; P\u00e1pa (1656-58k); S\u00e1rospatak 1661 Peregrin\u00e1ci\u00f3: Hollandia-Anglia (L), (1676-77) [&hellip;]<\/p>\n","protected":false},"author":1,"featured_media":0,"parent":0,"menu_order":0,"comment_status":"closed","ping_status":"closed","template":"","meta":{"footnotes":""},"categories":[61],"tags":[],"class_list":["post-217","page","type-page","status-publish","hentry","category-nevek"],"translation":{"provider":"WPGlobus","version":"3.0.2","language":"gb","enabled_languages":["hu","gb"],"languages":{"hu":{"title":true,"content":true,"excerpt":false},"gb":{"title":false,"content":false,"excerpt":false}}},"yoast_head":"<!-- This site is optimized with the Yoast SEO plugin v27.2 - https:\/\/yoast.com\/product\/yoast-seo-wordpress\/ -->\n<title>B\u00e1torkeszi Istv\u00e1n<\/title>\n<meta name=\"robots\" content=\"index, follow, max-snippet:-1, max-image-preview:large, max-video-preview:-1\" \/>\n<link rel=\"canonical\" href=\"https:\/\/galyarabok.drk.hu\/batorkeszi-istvan\/\" \/>\n<meta property=\"og:locale\" content=\"en_GB\" \/>\n<meta property=\"og:type\" content=\"article\" \/>\n<meta property=\"og:title\" content=\"B\u00e1torkeszi Istv\u00e1n\" \/>\n<meta property=\"og:url\" content=\"https:\/\/galyarabok.drk.hu\/batorkeszi-istvan\/\" \/>\n<meta property=\"og:site_name\" content=\"Galley slave memorial road\" \/>\n<meta property=\"article:publisher\" content=\"https:\/\/www.facebook.com\/profile.php?id=61567825314709\" \/>\n<meta property=\"article:modified_time\" content=\"2024-10-12T08:53:11+00:00\" \/>\n<meta property=\"og:image\" content=\"https:\/\/galyarabok.drk.hu\/wp-content\/uploads\/2021\/02\/cropped-galya-kor-arny-vilagos-1.png\" \/>\n\t<meta property=\"og:image:width\" content=\"512\" \/>\n\t<meta property=\"og:image:height\" content=\"512\" \/>\n\t<meta property=\"og:image:type\" content=\"image\/png\" \/>\n<meta name=\"twitter:card\" content=\"summary_large_image\" \/>\n<script type=\"application\/ld+json\" class=\"yoast-schema-graph\">{\"@context\":\"https:\/\/schema.org\",\"@graph\":[{\"@type\":\"WebPage\",\"@id\":\"https:\/\/galyarabok.drk.hu\/batorkeszi-istvan\/\",\"url\":\"https:\/\/galyarabok.drk.hu\/batorkeszi-istvan\/\",\"name\":\"B\u00e1torkeszi Istv\u00e1n\",\"isPartOf\":{\"@id\":\"https:\/\/galyarabok.drk.hu\/#website\"},\"datePublished\":\"2021-02-01T12:43:37+00:00\",\"dateModified\":\"2024-10-12T08:53:11+00:00\",\"breadcrumb\":{\"@id\":\"https:\/\/galyarabok.drk.hu\/batorkeszi-istvan\/#breadcrumb\"},\"inLanguage\":\"en-GB\",\"potentialAction\":[{\"@type\":\"ReadAction\",\"target\":[\"https:\/\/galyarabok.drk.hu\/batorkeszi-istvan\/\"]}]},{\"@type\":\"BreadcrumbList\",\"@id\":\"https:\/\/galyarabok.drk.hu\/batorkeszi-istvan\/#breadcrumb\",\"itemListElement\":[{\"@type\":\"ListItem\",\"position\":1,\"name\":\"Kezd\u0151lap\",\"item\":\"https:\/\/galyarabok.drk.hu\/\"},{\"@type\":\"ListItem\",\"position\":2,\"name\":\"B\u00e1torkeszi Istv\u00e1n\"}]},{\"@type\":\"WebSite\",\"@id\":\"https:\/\/galyarabok.drk.hu\/#website\",\"url\":\"https:\/\/galyarabok.drk.hu\/\",\"name\":\"G\u00e1lyarab-eml\u00e9k\u00fat\",\"description\":\"The remembrance of the Hungarian protestant galley slaves. Made and can be visited from the 350th anniversary of the galley slavery (2024)\",\"publisher\":{\"@id\":\"https:\/\/galyarabok.drk.hu\/#organization\"},\"potentialAction\":[{\"@type\":\"SearchAction\",\"target\":{\"@type\":\"EntryPoint\",\"urlTemplate\":\"https:\/\/galyarabok.drk.hu\/?s={search_term_string}\"},\"query-input\":{\"@type\":\"PropertyValueSpecification\",\"valueRequired\":true,\"valueName\":\"search_term_string\"}}],\"inLanguage\":\"en-GB\"},{\"@type\":\"Organization\",\"@id\":\"https:\/\/galyarabok.drk.hu\/#organization\",\"name\":\"G\u00e1lyarab-eml\u00e9k\u00fat\",\"url\":\"https:\/\/galyarabok.drk.hu\/\",\"logo\":{\"@type\":\"ImageObject\",\"inLanguage\":\"en-GB\",\"@id\":\"https:\/\/galyarabok.drk.hu\/#\/schema\/logo\/image\/\",\"url\":\"https:\/\/galyarabok.drk.hu\/wp-content\/uploads\/2021\/02\/cropped-galya-kor-arny-vilagos.png\",\"contentUrl\":\"https:\/\/galyarabok.drk.hu\/wp-content\/uploads\/2021\/02\/cropped-galya-kor-arny-vilagos.png\",\"width\":102,\"height\":100,\"caption\":\"G\u00e1lyarab-eml\u00e9k\u00fat\"},\"image\":{\"@id\":\"https:\/\/galyarabok.drk.hu\/#\/schema\/logo\/image\/\"},\"sameAs\":[\"https:\/\/www.facebook.com\/profile.php?id=61567825314709\"]}]}<\/script>\n<!-- \/ Yoast SEO plugin. -->","yoast_head_json":{"title":"B\u00e1torkeszi Istv\u00e1n","robots":{"index":"index","follow":"follow","max-snippet":"max-snippet:-1","max-image-preview":"max-image-preview:large","max-video-preview":"max-video-preview:-1"},"canonical":"https:\/\/galyarabok.drk.hu\/batorkeszi-istvan\/","og_locale":"en_GB","og_type":"article","og_title":"B\u00e1torkeszi Istv\u00e1n","og_url":"https:\/\/galyarabok.drk.hu\/batorkeszi-istvan\/","og_site_name":"Galley slave memorial road","article_publisher":"https:\/\/www.facebook.com\/profile.php?id=61567825314709","article_modified_time":"2024-10-12T08:53:11+00:00","og_image":[{"width":512,"height":512,"url":"https:\/\/galyarabok.drk.hu\/wp-content\/uploads\/2021\/02\/cropped-galya-kor-arny-vilagos-1.png","type":"image\/png"}],"twitter_card":"summary_large_image","schema":{"@context":"https:\/\/schema.org","@graph":[{"@type":"WebPage","@id":"https:\/\/galyarabok.drk.hu\/batorkeszi-istvan\/","url":"https:\/\/galyarabok.drk.hu\/batorkeszi-istvan\/","name":"B\u00e1torkeszi Istv\u00e1n","isPartOf":{"@id":"https:\/\/galyarabok.drk.hu\/#website"},"datePublished":"2021-02-01T12:43:37+00:00","dateModified":"2024-10-12T08:53:11+00:00","breadcrumb":{"@id":"https:\/\/galyarabok.drk.hu\/batorkeszi-istvan\/#breadcrumb"},"inLanguage":"en-GB","potentialAction":[{"@type":"ReadAction","target":["https:\/\/galyarabok.drk.hu\/batorkeszi-istvan\/"]}]},{"@type":"BreadcrumbList","@id":"https:\/\/galyarabok.drk.hu\/batorkeszi-istvan\/#breadcrumb","itemListElement":[{"@type":"ListItem","position":1,"name":"Kezd\u0151lap","item":"https:\/\/galyarabok.drk.hu\/"},{"@type":"ListItem","position":2,"name":"B\u00e1torkeszi Istv\u00e1n"}]},{"@type":"WebSite","@id":"https:\/\/galyarabok.drk.hu\/#website","url":"https:\/\/galyarabok.drk.hu\/","name":"G\u00e1lyarab-eml\u00e9k\u00fat","description":"The remembrance of the Hungarian protestant galley slaves. Made and can be visited from the 350th anniversary of the galley slavery (2024)","publisher":{"@id":"https:\/\/galyarabok.drk.hu\/#organization"},"potentialAction":[{"@type":"SearchAction","target":{"@type":"EntryPoint","urlTemplate":"https:\/\/galyarabok.drk.hu\/?s={search_term_string}"},"query-input":{"@type":"PropertyValueSpecification","valueRequired":true,"valueName":"search_term_string"}}],"inLanguage":"en-GB"},{"@type":"Organization","@id":"https:\/\/galyarabok.drk.hu\/#organization","name":"G\u00e1lyarab-eml\u00e9k\u00fat","url":"https:\/\/galyarabok.drk.hu\/","logo":{"@type":"ImageObject","inLanguage":"en-GB","@id":"https:\/\/galyarabok.drk.hu\/#\/schema\/logo\/image\/","url":"https:\/\/galyarabok.drk.hu\/wp-content\/uploads\/2021\/02\/cropped-galya-kor-arny-vilagos.png","contentUrl":"https:\/\/galyarabok.drk.hu\/wp-content\/uploads\/2021\/02\/cropped-galya-kor-arny-vilagos.png","width":102,"height":100,"caption":"G\u00e1lyarab-eml\u00e9k\u00fat"},"image":{"@id":"https:\/\/galyarabok.drk.hu\/#\/schema\/logo\/image\/"},"sameAs":["https:\/\/www.facebook.com\/profile.php?id=61567825314709"]}]}},"_links":{"self":[{"href":"https:\/\/galyarabok.drk.hu\/gb\/wp-json\/wp\/v2\/pages\/217","targetHints":{"allow":["GET"]}}],"collection":[{"href":"https:\/\/galyarabok.drk.hu\/gb\/wp-json\/wp\/v2\/pages"}],"about":[{"href":"https:\/\/galyarabok.drk.hu\/gb\/wp-json\/wp\/v2\/types\/page"}],"author":[{"embeddable":true,"href":"https:\/\/galyarabok.drk.hu\/gb\/wp-json\/wp\/v2\/users\/1"}],"replies":[{"embeddable":true,"href":"https:\/\/galyarabok.drk.hu\/gb\/wp-json\/wp\/v2\/comments?post=217"}],"version-history":[{"count":2,"href":"https:\/\/galyarabok.drk.hu\/gb\/wp-json\/wp\/v2\/pages\/217\/revisions"}],"predecessor-version":[{"id":822,"href":"https:\/\/galyarabok.drk.hu\/gb\/wp-json\/wp\/v2\/pages\/217\/revisions\/822"}],"wp:attachment":[{"href":"https:\/\/galyarabok.drk.hu\/gb\/wp-json\/wp\/v2\/media?parent=217"}],"wp:term":[{"taxonomy":"category","embeddable":true,"href":"https:\/\/galyarabok.drk.hu\/gb\/wp-json\/wp\/v2\/categories?post=217"},{"taxonomy":"post_tag","embeddable":true,"href":"https:\/\/galyarabok.drk.hu\/gb\/wp-json\/wp\/v2\/tags?post=217"}],"curies":[{"name":"wp","href":"https:\/\/api.w.org\/{rel}","templated":true}]}}