{"id":175,"date":"2021-01-31T21:19:21","date_gmt":"2021-01-31T21:19:21","guid":{"rendered":"http:\/\/chuckie.hu\/wp\/?page_id=175"},"modified":"2024-10-24T13:04:47","modified_gmt":"2024-10-24T13:04:47","slug":"debrecen","status":"publish","type":"page","link":"https:\/\/galyarabok.drk.hu\/gb\/debrecen\/","title":{"rendered":"Debrecen"},"content":{"rendered":"\n<p>(Debreceni egyh\u00e1zmegye, TTRE) \u2013 iskolav\u00e1ros<\/p>\n\n\n\n<p><strong><a href=\"https:\/\/galyarabok.drk.hu\/gb\/csuzi-cseh-jakab\/\" data-internallinksmanager029f6b8e52c=\"39\" title=\"Cs\u00fazi Cseh Jakab\">Cs\u00fazi Cseh Jakab<\/a><\/strong> losonci ref. lelk\u00e9sz szolg\u00e1lati helye (1681-82, 1683-86).<\/p>\n\n\n\n<p><strong>Eml\u00e9khely t\u00edpusa:<\/strong><\/p>\n\n\n\n<ul class=\"wp-block-list\">\n<li>obeliszk (\u00f6zv. Hegyi Mih\u00e1lyn\u00e9 adom.), eml\u00e9kkert (1895),<\/li>\n\n\n\n<li>Vasas t\u00fara\u00fatvonal (4.)<\/li>\n<\/ul>\n\n\n\n<p><strong>Itt tanultak:<\/strong><\/p>\n\n\n\n<ul class=\"wp-block-list\">\n<li><strong><a href=\"https:\/\/galyarabok.drk.hu\/gb\/beregszaszi-k-istvan\/\" data-internallinksmanager029f6b8e52c=\"37\" title=\"Beregsz\u00e1szi K. Istv\u00e1n\">Beregsz\u00e1szi K. Istv\u00e1n<\/a><\/strong> (1648-1651)<\/li>\n\n\n\n<li><strong><a href=\"https:\/\/galyarabok.drk.hu\/gb\/harsanyi-moricz-istvan\/\" data-internallinksmanager029f6b8e52c=\"43\" title=\"Hars\u00e1nyi M\u00f3ricz Istv\u00e1n\">Hars\u00e1nyi M\u00f3ricz Istv\u00e1n<\/a><\/strong> (1651)<\/li>\n\n\n\n<li><strong><a href=\"https:\/\/galyarabok.drk.hu\/gb\/jablonczai-pethes-janos\/\" data-internallinksmanager029f6b8e52c=\"45\" title=\"Jablonczai Pethes J\u00e1nos\">Jablonczai Petes J\u00e1nos<\/a><\/strong> (1660-1665)<\/li>\n\n\n\n<li><strong><a href=\"https:\/\/galyarabok.drk.hu\/gb\/kaposi-s-istvan\/\" data-internallinksmanager029f6b8e52c=\"48\" title=\"Kaposi S. Istv\u00e1n\">Kaposi S. Istv\u00e1n<\/a><\/strong> (1651)<\/li>\n\n\n\n<li><strong><a href=\"https:\/\/galyarabok.drk.hu\/gb\/kocsi-csergo-balint\/\" data-internallinksmanager029f6b8e52c=\"50\" title=\"Kocsi Cserg\u0151 B\u00e1lint\">Kocsi Cserg\u0151 B\u00e1lint<\/a><\/strong> (1664. m\u00e1j., 1670-71. m\u00e1j.)<\/li>\n\n\n\n<li><strong><a href=\"https:\/\/galyarabok.drk.hu\/gb\/komaromi-sullye-istvan\/\" data-internallinksmanager029f6b8e52c=\"51\" title=\"Kom\u00e1romi S\u00fcllye Istv\u00e1n\">Kom\u00e1romi S\u00fcllye Istv\u00e1n<\/a><\/strong>? (1640 (K. I.), 1649?)<\/li>\n\n\n\n<li><strong><a href=\"https:\/\/galyarabok.drk.hu\/gb\/kopeczi-haller-balazs-vazul\/\" data-internallinksmanager029f6b8e52c=\"132\" title=\"K\u00f6peczi Haller Bal\u00e1zs \/ Vazul\">K\u00f6peczi Haller Bal\u00e1zs \/ Vazul<\/a><\/strong> (1659)<\/li>\n\n\n\n<li><strong><a href=\"https:\/\/galyarabok.drk.hu\/gb\/nemeti-gyorgy\/\" data-internallinksmanager029f6b8e52c=\"136\" title=\"N\u00e9meti Gy\u00f6rgy\">N\u00e9meti Gy\u00f6rgy<\/a><\/strong>? (1630, 1640, 1641, 1646)<\/li>\n\n\n\n<li><strong><a href=\"https:\/\/galyarabok.drk.hu\/gb\/rimaszombati-kijes-janos\/\" data-internallinksmanager029f6b8e52c=\"139\" title=\"Rimaszombati Kijes J\u00e1nos\">Rimaszombati Kijes J\u00e1nos<\/a><\/strong>? (1653, 1672)<\/li>\n\n\n\n<li><strong><a href=\"https:\/\/galyarabok.drk.hu\/gb\/szendrei-marton\/\" data-internallinksmanager029f6b8e52c=\"146\" title=\"Szendrei M\u00e1rton\">Szendrei M\u00e1rton<\/a><\/strong>? (1644)<\/li>\n\n\n\n<li><strong><a href=\"https:\/\/galyarabok.drk.hu\/gb\/szentkiralyi-andras\/\" data-internallinksmanager029f6b8e52c=\"147\" title=\"Szentkir\u00e1lyi Andr\u00e1s\">Szentkir\u00e1lyi Andr\u00e1s<\/a><\/strong>? (1652)<\/li>\n\n\n\n<li><strong><a href=\"https:\/\/galyarabok.drk.hu\/gb\/szilvasi-istvan\/\" data-internallinksmanager029f6b8e52c=\"149\" title=\"Szilv\u00e1si Istv\u00e1n\">Szilv\u00e1si Istv\u00e1n<\/a><\/strong> (1644)<\/li>\n\n\n\n<li><strong><a href=\"https:\/\/galyarabok.drk.hu\/gb\/tatai-pap-samuel\/\" data-internallinksmanager029f6b8e52c=\"152\" title=\"Tatai Pap S\u00e1muel\">Tatai Pap S\u00e1muel<\/a><\/strong>? (1657-58)<\/li>\n\n\n\n<li><strong><a href=\"https:\/\/galyarabok.drk.hu\/gb\/ujvari-janos\/\" data-internallinksmanager029f6b8e52c=\"154\" title=\"\u00dajv\u00e1ri J\u00e1nos\">\u00dajv\u00e1ri J\u00e1nos<\/a><\/strong> (1650?, 1668)<\/li>\n<\/ul>\n\n\n\n<p><\/p>\n\n\n\n<figure class=\"wp-block-gallery has-nested-images columns-default is-cropped wp-block-gallery-1 is-layout-flex wp-block-gallery-is-layout-flex\">\n<figure class=\"wp-block-image size-large\"><a href=\"https:\/\/galyarabok.drk.hu\/wp-content\/uploads\/2021\/02\/DEBRECEN_Db-1_M.jpg\"><img loading=\"lazy\" decoding=\"async\" width=\"768\" height=\"1024\" data-id=\"350\" src=\"https:\/\/galyarabok.drk.hu\/wp-content\/uploads\/2021\/02\/DEBRECEN_Db-1_M-768x1024.jpg\" alt=\"Debrecen\" class=\"wp-image-350\" srcset=\"https:\/\/galyarabok.drk.hu\/wp-content\/uploads\/2021\/02\/DEBRECEN_Db-1_M-768x1024.jpg 768w, https:\/\/galyarabok.drk.hu\/wp-content\/uploads\/2021\/02\/DEBRECEN_Db-1_M-225x300.jpg 225w, https:\/\/galyarabok.drk.hu\/wp-content\/uploads\/2021\/02\/DEBRECEN_Db-1_M-1152x1536.jpg 1152w, https:\/\/galyarabok.drk.hu\/wp-content\/uploads\/2021\/02\/DEBRECEN_Db-1_M-600x800.jpg 600w, https:\/\/galyarabok.drk.hu\/wp-content\/uploads\/2021\/02\/DEBRECEN_Db-1_M.jpg 1536w\" sizes=\"auto, (max-width: 768px) 100vw, 768px\" \/><\/a><\/figure>\n\n\n\n<figure class=\"wp-block-image size-large\"><a href=\"https:\/\/galyarabok.drk.hu\/wp-content\/uploads\/2021\/02\/DEBRECEN_IMG_20190801_190241_0064_M.jpg\"><img loading=\"lazy\" decoding=\"async\" width=\"1024\" height=\"768\" data-id=\"351\" src=\"https:\/\/galyarabok.drk.hu\/wp-content\/uploads\/2021\/02\/DEBRECEN_IMG_20190801_190241_0064_M-1024x768.jpg\" alt=\"\" class=\"wp-image-351\" srcset=\"https:\/\/galyarabok.drk.hu\/wp-content\/uploads\/2021\/02\/DEBRECEN_IMG_20190801_190241_0064_M-1024x768.jpg 1024w, https:\/\/galyarabok.drk.hu\/wp-content\/uploads\/2021\/02\/DEBRECEN_IMG_20190801_190241_0064_M-300x225.jpg 300w, https:\/\/galyarabok.drk.hu\/wp-content\/uploads\/2021\/02\/DEBRECEN_IMG_20190801_190241_0064_M-768x576.jpg 768w, https:\/\/galyarabok.drk.hu\/wp-content\/uploads\/2021\/02\/DEBRECEN_IMG_20190801_190241_0064_M-1536x1152.jpg 1536w, https:\/\/galyarabok.drk.hu\/wp-content\/uploads\/2021\/02\/DEBRECEN_IMG_20190801_190241_0064_M-1067x800.jpg 1067w, https:\/\/galyarabok.drk.hu\/wp-content\/uploads\/2021\/02\/DEBRECEN_IMG_20190801_190241_0064_M.jpg 2048w\" sizes=\"auto, (max-width: 1024px) 100vw, 1024px\" \/><\/a><figcaption class=\"wp-element-caption\">Reform\u00e1tus Nagytemplom<\/figcaption><\/figure>\n\n\n\n<figure class=\"wp-block-image size-large\"><a href=\"https:\/\/galyarabok.drk.hu\/wp-content\/uploads\/2021\/02\/DEBRECEN_IMG_20191023_172740_0082_M.jpg\"><img loading=\"lazy\" decoding=\"async\" width=\"1024\" height=\"768\" data-id=\"352\" src=\"https:\/\/galyarabok.drk.hu\/wp-content\/uploads\/2021\/02\/DEBRECEN_IMG_20191023_172740_0082_M-1024x768.jpg\" alt=\"\" class=\"wp-image-352\" srcset=\"https:\/\/galyarabok.drk.hu\/wp-content\/uploads\/2021\/02\/DEBRECEN_IMG_20191023_172740_0082_M-1024x768.jpg 1024w, https:\/\/galyarabok.drk.hu\/wp-content\/uploads\/2021\/02\/DEBRECEN_IMG_20191023_172740_0082_M-300x225.jpg 300w, https:\/\/galyarabok.drk.hu\/wp-content\/uploads\/2021\/02\/DEBRECEN_IMG_20191023_172740_0082_M-768x576.jpg 768w, https:\/\/galyarabok.drk.hu\/wp-content\/uploads\/2021\/02\/DEBRECEN_IMG_20191023_172740_0082_M-1536x1152.jpg 1536w, https:\/\/galyarabok.drk.hu\/wp-content\/uploads\/2021\/02\/DEBRECEN_IMG_20191023_172740_0082_M-1067x800.jpg 1067w, https:\/\/galyarabok.drk.hu\/wp-content\/uploads\/2021\/02\/DEBRECEN_IMG_20191023_172740_0082_M.jpg 2048w\" sizes=\"auto, (max-width: 1024px) 100vw, 1024px\" \/><\/a><figcaption class=\"wp-element-caption\">Koll\u00e9gium napjainkban<\/figcaption><\/figure>\n\n\n\n<figure class=\"wp-block-image size-large\"><a href=\"https:\/\/galyarabok.drk.hu\/wp-content\/uploads\/2024\/10\/Debrecen-Okollegium-k-Iskolak-scaled.jpg\"><img loading=\"lazy\" decoding=\"async\" width=\"1024\" height=\"384\" data-id=\"1477\" src=\"https:\/\/galyarabok.drk.hu\/wp-content\/uploads\/2024\/10\/Debrecen-Okollegium-k-Iskolak-1024x384.jpg\" alt=\"\" class=\"wp-image-1477\" srcset=\"https:\/\/galyarabok.drk.hu\/wp-content\/uploads\/2024\/10\/Debrecen-Okollegium-k-Iskolak-1024x384.jpg 1024w, https:\/\/galyarabok.drk.hu\/wp-content\/uploads\/2024\/10\/Debrecen-Okollegium-k-Iskolak-300x113.jpg 300w, https:\/\/galyarabok.drk.hu\/wp-content\/uploads\/2024\/10\/Debrecen-Okollegium-k-Iskolak-768x288.jpg 768w, https:\/\/galyarabok.drk.hu\/wp-content\/uploads\/2024\/10\/Debrecen-Okollegium-k-Iskolak-1536x576.jpg 1536w, https:\/\/galyarabok.drk.hu\/wp-content\/uploads\/2024\/10\/Debrecen-Okollegium-k-Iskolak-2048x768.jpg 2048w, https:\/\/galyarabok.drk.hu\/wp-content\/uploads\/2024\/10\/Debrecen-Okollegium-k-Iskolak-1200x450.jpg 1200w\" sizes=\"auto, (max-width: 1024px) 100vw, 1024px\" \/><\/a><figcaption class=\"wp-element-caption\">Debrecen \u00d3koll\u00e9gium<\/figcaption><\/figure>\n<\/figure>\n","protected":false},"excerpt":{"rendered":"<p>(Debreceni egyh\u00e1zmegye, TTRE) \u2013 iskolav\u00e1ros Cs\u00fazi Cseh Jakab losonci ref. lelk\u00e9sz szolg\u00e1lati helye (1681-82, 1683-86). Eml\u00e9khely t\u00edpusa: Itt tanultak:<\/p>\n","protected":false},"author":1,"featured_media":1477,"parent":0,"menu_order":0,"comment_status":"closed","ping_status":"closed","template":"","meta":{"footnotes":""},"categories":[60,39,8,11,46],"tags":[],"class_list":["post-175","page","type-page","status-publish","has-post-thumbnail","hentry","category-emlekhelyek","category-iskolavarosok","category-staciok","category-turazok","category-emlekturak"],"translation":{"provider":"WPGlobus","version":"3.0.2","language":"gb","enabled_languages":["hu","gb"],"languages":{"hu":{"title":true,"content":true,"excerpt":false},"gb":{"title":false,"content":false,"excerpt":false}}},"yoast_head":"<!-- This site is optimized with the Yoast SEO plugin v27.2 - https:\/\/yoast.com\/product\/yoast-seo-wordpress\/ -->\n<title>Debrecen<\/title>\n<meta name=\"robots\" content=\"index, follow, max-snippet:-1, max-image-preview:large, max-video-preview:-1\" \/>\n<link rel=\"canonical\" href=\"https:\/\/galyarabok.drk.hu\/debrecen\/\" \/>\n<meta property=\"og:locale\" content=\"en_GB\" \/>\n<meta property=\"og:type\" content=\"article\" \/>\n<meta property=\"og:title\" content=\"Debrecen\" \/>\n<meta property=\"og:url\" content=\"https:\/\/galyarabok.drk.hu\/debrecen\/\" \/>\n<meta property=\"og:site_name\" content=\"Galley slave memorial road\" \/>\n<meta property=\"article:publisher\" content=\"https:\/\/www.facebook.com\/profile.php?id=61567825314709\" \/>\n<meta property=\"article:modified_time\" content=\"2024-10-24T13:04:47+00:00\" \/>\n<meta property=\"og:image\" content=\"https:\/\/galyarabok.drk.hu\/wp-content\/uploads\/2024\/10\/Debrecen-Okollegium-k-Iskolak-scaled.jpg\" \/>\n\t<meta property=\"og:image:width\" content=\"2560\" \/>\n\t<meta property=\"og:image:height\" content=\"960\" \/>\n\t<meta property=\"og:image:type\" content=\"image\/jpeg\" \/>\n<meta name=\"twitter:card\" content=\"summary_large_image\" \/>\n<meta name=\"twitter:label1\" content=\"Est. reading time\" \/>\n\t<meta name=\"twitter:data1\" content=\"1 minute\" \/>\n<script type=\"application\/ld+json\" class=\"yoast-schema-graph\">{\"@context\":\"https:\/\/schema.org\",\"@graph\":[{\"@type\":\"WebPage\",\"@id\":\"https:\/\/galyarabok.drk.hu\/debrecen\/\",\"url\":\"https:\/\/galyarabok.drk.hu\/debrecen\/\",\"name\":\"Debrecen\",\"isPartOf\":{\"@id\":\"https:\/\/galyarabok.drk.hu\/#website\"},\"primaryImageOfPage\":{\"@id\":\"https:\/\/galyarabok.drk.hu\/debrecen\/#primaryimage\"},\"image\":{\"@id\":\"https:\/\/galyarabok.drk.hu\/debrecen\/#primaryimage\"},\"thumbnailUrl\":\"https:\/\/galyarabok.drk.hu\/wp-content\/uploads\/2024\/10\/Debrecen-Okollegium-k-Iskolak-scaled.jpg\",\"datePublished\":\"2021-01-31T21:19:21+00:00\",\"dateModified\":\"2024-10-24T13:04:47+00:00\",\"breadcrumb\":{\"@id\":\"https:\/\/galyarabok.drk.hu\/debrecen\/#breadcrumb\"},\"inLanguage\":\"en-GB\",\"potentialAction\":[{\"@type\":\"ReadAction\",\"target\":[\"https:\/\/galyarabok.drk.hu\/debrecen\/\"]}]},{\"@type\":\"ImageObject\",\"inLanguage\":\"en-GB\",\"@id\":\"https:\/\/galyarabok.drk.hu\/debrecen\/#primaryimage\",\"url\":\"https:\/\/galyarabok.drk.hu\/wp-content\/uploads\/2024\/10\/Debrecen-Okollegium-k-Iskolak-scaled.jpg\",\"contentUrl\":\"https:\/\/galyarabok.drk.hu\/wp-content\/uploads\/2024\/10\/Debrecen-Okollegium-k-Iskolak-scaled.jpg\",\"width\":2560,\"height\":960,\"caption\":\"Debrecen \u00d3koll\u00e9gium\"},{\"@type\":\"BreadcrumbList\",\"@id\":\"https:\/\/galyarabok.drk.hu\/debrecen\/#breadcrumb\",\"itemListElement\":[{\"@type\":\"ListItem\",\"position\":1,\"name\":\"Kezd\u0151lap\",\"item\":\"https:\/\/galyarabok.drk.hu\/\"},{\"@type\":\"ListItem\",\"position\":2,\"name\":\"Debrecen\"}]},{\"@type\":\"WebSite\",\"@id\":\"https:\/\/galyarabok.drk.hu\/#website\",\"url\":\"https:\/\/galyarabok.drk.hu\/\",\"name\":\"G\u00e1lyarab-eml\u00e9k\u00fat\",\"description\":\"The remembrance of the Hungarian protestant galley slaves. Made and can be visited from the 350th anniversary of the galley slavery (2024)\",\"publisher\":{\"@id\":\"https:\/\/galyarabok.drk.hu\/#organization\"},\"potentialAction\":[{\"@type\":\"SearchAction\",\"target\":{\"@type\":\"EntryPoint\",\"urlTemplate\":\"https:\/\/galyarabok.drk.hu\/?s={search_term_string}\"},\"query-input\":{\"@type\":\"PropertyValueSpecification\",\"valueRequired\":true,\"valueName\":\"search_term_string\"}}],\"inLanguage\":\"en-GB\"},{\"@type\":\"Organization\",\"@id\":\"https:\/\/galyarabok.drk.hu\/#organization\",\"name\":\"G\u00e1lyarab-eml\u00e9k\u00fat\",\"url\":\"https:\/\/galyarabok.drk.hu\/\",\"logo\":{\"@type\":\"ImageObject\",\"inLanguage\":\"en-GB\",\"@id\":\"https:\/\/galyarabok.drk.hu\/#\/schema\/logo\/image\/\",\"url\":\"https:\/\/galyarabok.drk.hu\/wp-content\/uploads\/2021\/02\/cropped-galya-kor-arny-vilagos.png\",\"contentUrl\":\"https:\/\/galyarabok.drk.hu\/wp-content\/uploads\/2021\/02\/cropped-galya-kor-arny-vilagos.png\",\"width\":102,\"height\":100,\"caption\":\"G\u00e1lyarab-eml\u00e9k\u00fat\"},\"image\":{\"@id\":\"https:\/\/galyarabok.drk.hu\/#\/schema\/logo\/image\/\"},\"sameAs\":[\"https:\/\/www.facebook.com\/profile.php?id=61567825314709\"]}]}<\/script>\n<!-- \/ Yoast SEO plugin. -->","yoast_head_json":{"title":"Debrecen","robots":{"index":"index","follow":"follow","max-snippet":"max-snippet:-1","max-image-preview":"max-image-preview:large","max-video-preview":"max-video-preview:-1"},"canonical":"https:\/\/galyarabok.drk.hu\/debrecen\/","og_locale":"en_GB","og_type":"article","og_title":"Debrecen","og_url":"https:\/\/galyarabok.drk.hu\/debrecen\/","og_site_name":"Galley slave memorial road","article_publisher":"https:\/\/www.facebook.com\/profile.php?id=61567825314709","article_modified_time":"2024-10-24T13:04:47+00:00","og_image":[{"width":2560,"height":960,"url":"https:\/\/galyarabok.drk.hu\/wp-content\/uploads\/2024\/10\/Debrecen-Okollegium-k-Iskolak-scaled.jpg","type":"image\/jpeg"}],"twitter_card":"summary_large_image","twitter_misc":{"Est. reading time":"1 minute"},"schema":{"@context":"https:\/\/schema.org","@graph":[{"@type":"WebPage","@id":"https:\/\/galyarabok.drk.hu\/debrecen\/","url":"https:\/\/galyarabok.drk.hu\/debrecen\/","name":"Debrecen","isPartOf":{"@id":"https:\/\/galyarabok.drk.hu\/#website"},"primaryImageOfPage":{"@id":"https:\/\/galyarabok.drk.hu\/debrecen\/#primaryimage"},"image":{"@id":"https:\/\/galyarabok.drk.hu\/debrecen\/#primaryimage"},"thumbnailUrl":"https:\/\/galyarabok.drk.hu\/wp-content\/uploads\/2024\/10\/Debrecen-Okollegium-k-Iskolak-scaled.jpg","datePublished":"2021-01-31T21:19:21+00:00","dateModified":"2024-10-24T13:04:47+00:00","breadcrumb":{"@id":"https:\/\/galyarabok.drk.hu\/debrecen\/#breadcrumb"},"inLanguage":"en-GB","potentialAction":[{"@type":"ReadAction","target":["https:\/\/galyarabok.drk.hu\/debrecen\/"]}]},{"@type":"ImageObject","inLanguage":"en-GB","@id":"https:\/\/galyarabok.drk.hu\/debrecen\/#primaryimage","url":"https:\/\/galyarabok.drk.hu\/wp-content\/uploads\/2024\/10\/Debrecen-Okollegium-k-Iskolak-scaled.jpg","contentUrl":"https:\/\/galyarabok.drk.hu\/wp-content\/uploads\/2024\/10\/Debrecen-Okollegium-k-Iskolak-scaled.jpg","width":2560,"height":960,"caption":"Debrecen \u00d3koll\u00e9gium"},{"@type":"BreadcrumbList","@id":"https:\/\/galyarabok.drk.hu\/debrecen\/#breadcrumb","itemListElement":[{"@type":"ListItem","position":1,"name":"Kezd\u0151lap","item":"https:\/\/galyarabok.drk.hu\/"},{"@type":"ListItem","position":2,"name":"Debrecen"}]},{"@type":"WebSite","@id":"https:\/\/galyarabok.drk.hu\/#website","url":"https:\/\/galyarabok.drk.hu\/","name":"G\u00e1lyarab-eml\u00e9k\u00fat","description":"The remembrance of the Hungarian protestant galley slaves. Made and can be visited from the 350th anniversary of the galley slavery (2024)","publisher":{"@id":"https:\/\/galyarabok.drk.hu\/#organization"},"potentialAction":[{"@type":"SearchAction","target":{"@type":"EntryPoint","urlTemplate":"https:\/\/galyarabok.drk.hu\/?s={search_term_string}"},"query-input":{"@type":"PropertyValueSpecification","valueRequired":true,"valueName":"search_term_string"}}],"inLanguage":"en-GB"},{"@type":"Organization","@id":"https:\/\/galyarabok.drk.hu\/#organization","name":"G\u00e1lyarab-eml\u00e9k\u00fat","url":"https:\/\/galyarabok.drk.hu\/","logo":{"@type":"ImageObject","inLanguage":"en-GB","@id":"https:\/\/galyarabok.drk.hu\/#\/schema\/logo\/image\/","url":"https:\/\/galyarabok.drk.hu\/wp-content\/uploads\/2021\/02\/cropped-galya-kor-arny-vilagos.png","contentUrl":"https:\/\/galyarabok.drk.hu\/wp-content\/uploads\/2021\/02\/cropped-galya-kor-arny-vilagos.png","width":102,"height":100,"caption":"G\u00e1lyarab-eml\u00e9k\u00fat"},"image":{"@id":"https:\/\/galyarabok.drk.hu\/#\/schema\/logo\/image\/"},"sameAs":["https:\/\/www.facebook.com\/profile.php?id=61567825314709"]}]}},"_links":{"self":[{"href":"https:\/\/galyarabok.drk.hu\/gb\/wp-json\/wp\/v2\/pages\/175","targetHints":{"allow":["GET"]}}],"collection":[{"href":"https:\/\/galyarabok.drk.hu\/gb\/wp-json\/wp\/v2\/pages"}],"about":[{"href":"https:\/\/galyarabok.drk.hu\/gb\/wp-json\/wp\/v2\/types\/page"}],"author":[{"embeddable":true,"href":"https:\/\/galyarabok.drk.hu\/gb\/wp-json\/wp\/v2\/users\/1"}],"replies":[{"embeddable":true,"href":"https:\/\/galyarabok.drk.hu\/gb\/wp-json\/wp\/v2\/comments?post=175"}],"version-history":[{"count":11,"href":"https:\/\/galyarabok.drk.hu\/gb\/wp-json\/wp\/v2\/pages\/175\/revisions"}],"predecessor-version":[{"id":1479,"href":"https:\/\/galyarabok.drk.hu\/gb\/wp-json\/wp\/v2\/pages\/175\/revisions\/1479"}],"wp:featuredmedia":[{"embeddable":true,"href":"https:\/\/galyarabok.drk.hu\/gb\/wp-json\/wp\/v2\/media\/1477"}],"wp:attachment":[{"href":"https:\/\/galyarabok.drk.hu\/gb\/wp-json\/wp\/v2\/media?parent=175"}],"wp:term":[{"taxonomy":"category","embeddable":true,"href":"https:\/\/galyarabok.drk.hu\/gb\/wp-json\/wp\/v2\/categories?post=175"},{"taxonomy":"post_tag","embeddable":true,"href":"https:\/\/galyarabok.drk.hu\/gb\/wp-json\/wp\/v2\/tags?post=175"}],"curies":[{"name":"wp","href":"https:\/\/api.w.org\/{rel}","templated":true}]}}