{"id":156,"date":"2021-01-31T21:08:17","date_gmt":"2021-01-31T21:08:17","guid":{"rendered":"http:\/\/chuckie.hu\/wp\/?page_id=156"},"modified":"2021-02-03T16:36:10","modified_gmt":"2021-02-03T16:36:10","slug":"budapest-rakoscsaba","status":"publish","type":"page","link":"https:\/\/galyarabok.drk.hu\/gb\/budapest-rakoscsaba\/","title":{"rendered":"Budapest-R\u00e1koscsaba"},"content":{"rendered":"\n<p>(Budapest-\u00c9szaki egyh\u00e1zmegye, DMREK) \u2013 egy\u00e9b eml\u00e9khely<\/p>\n\n\n\n<p><strong>Eml\u00e9khely t\u00edpusa:<\/strong><\/p>\n\n\n\n<ul class=\"wp-block-list\"><li>bronz relief eml\u00e9kt\u00e1bla, templomk\u00fcls\u0151 (2004)<\/li><\/ul>\n\n\n\n<figure class=\"wp-block-gallery columns-4 is-cropped wp-block-gallery-1 is-layout-flex wp-block-gallery-is-layout-flex\"><ul class=\"blocks-gallery-grid\"><li class=\"blocks-gallery-item\"><figure><a href=\"http:\/\/chuckie.hu\/wp\/wp-content\/uploads\/2021\/02\/BUDAPEST-RAKOSCSABA_DSC_5115_M.jpg\"><img loading=\"lazy\" decoding=\"async\" width=\"768\" height=\"1024\" src=\"http:\/\/chuckie.hu\/wp\/wp-content\/uploads\/2021\/02\/BUDAPEST-RAKOSCSABA_DSC_5115_M-768x1024.jpg\" alt=\"\" data-id=\"328\" data-full-url=\"http:\/\/chuckie.hu\/wp\/wp-content\/uploads\/2021\/02\/BUDAPEST-RAKOSCSABA_DSC_5115_M.jpg\" data-link=\"http:\/\/chuckie.hu\/wp\/budapest-rakoscsaba\/budapest-rakoscsaba_dsc_5115_m\/\" class=\"wp-image-328\" srcset=\"https:\/\/galyarabok.drk.hu\/wp-content\/uploads\/2021\/02\/BUDAPEST-RAKOSCSABA_DSC_5115_M-768x1024.jpg 768w, https:\/\/galyarabok.drk.hu\/wp-content\/uploads\/2021\/02\/BUDAPEST-RAKOSCSABA_DSC_5115_M-225x300.jpg 225w, https:\/\/galyarabok.drk.hu\/wp-content\/uploads\/2021\/02\/BUDAPEST-RAKOSCSABA_DSC_5115_M-1152x1536.jpg 1152w, https:\/\/galyarabok.drk.hu\/wp-content\/uploads\/2021\/02\/BUDAPEST-RAKOSCSABA_DSC_5115_M-600x800.jpg 600w, https:\/\/galyarabok.drk.hu\/wp-content\/uploads\/2021\/02\/BUDAPEST-RAKOSCSABA_DSC_5115_M.jpg 1536w\" sizes=\"auto, (max-width: 768px) 100vw, 768px\" \/><\/a><\/figure><\/li><li class=\"blocks-gallery-item\"><figure><a href=\"http:\/\/chuckie.hu\/wp\/wp-content\/uploads\/2021\/02\/BUDAPEST-RAKOSCSABA_DSC_5117_M.jpg\"><img loading=\"lazy\" decoding=\"async\" width=\"768\" height=\"1024\" src=\"http:\/\/chuckie.hu\/wp\/wp-content\/uploads\/2021\/02\/BUDAPEST-RAKOSCSABA_DSC_5117_M-768x1024.jpg\" alt=\"\" data-id=\"329\" data-full-url=\"http:\/\/chuckie.hu\/wp\/wp-content\/uploads\/2021\/02\/BUDAPEST-RAKOSCSABA_DSC_5117_M.jpg\" data-link=\"http:\/\/chuckie.hu\/wp\/budapest-rakoscsaba\/budapest-rakoscsaba_dsc_5117_m\/\" class=\"wp-image-329\" srcset=\"https:\/\/galyarabok.drk.hu\/wp-content\/uploads\/2021\/02\/BUDAPEST-RAKOSCSABA_DSC_5117_M-768x1024.jpg 768w, https:\/\/galyarabok.drk.hu\/wp-content\/uploads\/2021\/02\/BUDAPEST-RAKOSCSABA_DSC_5117_M-225x300.jpg 225w, https:\/\/galyarabok.drk.hu\/wp-content\/uploads\/2021\/02\/BUDAPEST-RAKOSCSABA_DSC_5117_M-1152x1536.jpg 1152w, https:\/\/galyarabok.drk.hu\/wp-content\/uploads\/2021\/02\/BUDAPEST-RAKOSCSABA_DSC_5117_M-600x800.jpg 600w, https:\/\/galyarabok.drk.hu\/wp-content\/uploads\/2021\/02\/BUDAPEST-RAKOSCSABA_DSC_5117_M.jpg 1536w\" sizes=\"auto, (max-width: 768px) 100vw, 768px\" \/><\/a><\/figure><\/li><li class=\"blocks-gallery-item\"><figure><a href=\"http:\/\/chuckie.hu\/wp\/wp-content\/uploads\/2021\/02\/BUDAPEST-RAKOSCSABA_DSC_5124_M.jpg\"><img loading=\"lazy\" decoding=\"async\" width=\"768\" height=\"1024\" src=\"http:\/\/chuckie.hu\/wp\/wp-content\/uploads\/2021\/02\/BUDAPEST-RAKOSCSABA_DSC_5124_M-768x1024.jpg\" alt=\"\" data-id=\"330\" data-full-url=\"http:\/\/chuckie.hu\/wp\/wp-content\/uploads\/2021\/02\/BUDAPEST-RAKOSCSABA_DSC_5124_M.jpg\" data-link=\"http:\/\/chuckie.hu\/wp\/budapest-rakoscsaba\/budapest-rakoscsaba_dsc_5124_m\/\" class=\"wp-image-330\" srcset=\"https:\/\/galyarabok.drk.hu\/wp-content\/uploads\/2021\/02\/BUDAPEST-RAKOSCSABA_DSC_5124_M-768x1024.jpg 768w, https:\/\/galyarabok.drk.hu\/wp-content\/uploads\/2021\/02\/BUDAPEST-RAKOSCSABA_DSC_5124_M-225x300.jpg 225w, https:\/\/galyarabok.drk.hu\/wp-content\/uploads\/2021\/02\/BUDAPEST-RAKOSCSABA_DSC_5124_M-1152x1536.jpg 1152w, https:\/\/galyarabok.drk.hu\/wp-content\/uploads\/2021\/02\/BUDAPEST-RAKOSCSABA_DSC_5124_M-600x800.jpg 600w, https:\/\/galyarabok.drk.hu\/wp-content\/uploads\/2021\/02\/BUDAPEST-RAKOSCSABA_DSC_5124_M.jpg 1536w\" sizes=\"auto, (max-width: 768px) 100vw, 768px\" \/><\/a><\/figure><\/li><li class=\"blocks-gallery-item\"><figure><a href=\"http:\/\/chuckie.hu\/wp\/wp-content\/uploads\/2021\/02\/BUDAPEST-RAKOSCSABA_DSC_5126_M.jpg\"><img loading=\"lazy\" decoding=\"async\" width=\"768\" height=\"1024\" src=\"http:\/\/chuckie.hu\/wp\/wp-content\/uploads\/2021\/02\/BUDAPEST-RAKOSCSABA_DSC_5126_M-768x1024.jpg\" alt=\"\" data-id=\"331\" data-full-url=\"http:\/\/chuckie.hu\/wp\/wp-content\/uploads\/2021\/02\/BUDAPEST-RAKOSCSABA_DSC_5126_M.jpg\" data-link=\"http:\/\/chuckie.hu\/wp\/budapest-rakoscsaba\/budapest-rakoscsaba_dsc_5126_m\/\" class=\"wp-image-331\" srcset=\"https:\/\/galyarabok.drk.hu\/wp-content\/uploads\/2021\/02\/BUDAPEST-RAKOSCSABA_DSC_5126_M-768x1024.jpg 768w, https:\/\/galyarabok.drk.hu\/wp-content\/uploads\/2021\/02\/BUDAPEST-RAKOSCSABA_DSC_5126_M-225x300.jpg 225w, https:\/\/galyarabok.drk.hu\/wp-content\/uploads\/2021\/02\/BUDAPEST-RAKOSCSABA_DSC_5126_M-1152x1536.jpg 1152w, https:\/\/galyarabok.drk.hu\/wp-content\/uploads\/2021\/02\/BUDAPEST-RAKOSCSABA_DSC_5126_M-600x800.jpg 600w, https:\/\/galyarabok.drk.hu\/wp-content\/uploads\/2021\/02\/BUDAPEST-RAKOSCSABA_DSC_5126_M.jpg 1536w\" sizes=\"auto, (max-width: 768px) 100vw, 768px\" \/><\/a><\/figure><\/li><\/ul><\/figure>\n","protected":false},"excerpt":{"rendered":"<p>(Budapest-\u00c9szaki egyh\u00e1zmegye, DMREK) \u2013 egy\u00e9b eml\u00e9khely Eml\u00e9khely t\u00edpusa: bronz relief eml\u00e9kt\u00e1bla, templomk\u00fcls\u0151 (2004)<\/p>\n","protected":false},"author":1,"featured_media":0,"parent":0,"menu_order":0,"comment_status":"closed","ping_status":"closed","template":"","meta":{"footnotes":""},"categories":[60],"tags":[],"class_list":["post-156","page","type-page","status-publish","hentry","category-emlekhelyek"],"translation":{"provider":"WPGlobus","version":"3.0.2","language":"gb","enabled_languages":["hu","gb"],"languages":{"hu":{"title":true,"content":true,"excerpt":false},"gb":{"title":false,"content":false,"excerpt":false}}},"yoast_head":"<!-- This site is optimized with the Yoast SEO plugin v27.2 - https:\/\/yoast.com\/product\/yoast-seo-wordpress\/ -->\n<title>Budapest-R\u00e1koscsaba<\/title>\n<meta name=\"robots\" content=\"index, follow, max-snippet:-1, max-image-preview:large, max-video-preview:-1\" \/>\n<link rel=\"canonical\" href=\"https:\/\/galyarabok.drk.hu\/budapest-rakoscsaba\/\" \/>\n<meta property=\"og:locale\" content=\"en_GB\" \/>\n<meta property=\"og:type\" content=\"article\" \/>\n<meta property=\"og:title\" content=\"Budapest-R\u00e1koscsaba\" \/>\n<meta property=\"og:url\" content=\"https:\/\/galyarabok.drk.hu\/budapest-rakoscsaba\/\" \/>\n<meta property=\"og:site_name\" content=\"Galley slave memorial road\" \/>\n<meta property=\"article:publisher\" content=\"https:\/\/www.facebook.com\/profile.php?id=61567825314709\" \/>\n<meta property=\"article:modified_time\" content=\"2021-02-03T16:36:10+00:00\" \/>\n<meta property=\"og:image\" content=\"https:\/\/galyarabok.drk.hu\/wp-content\/uploads\/2021\/02\/BUDAPEST-RAKOSCSABA_DSC_5115_M.jpg\" \/>\n\t<meta property=\"og:image:width\" content=\"1536\" \/>\n\t<meta property=\"og:image:height\" content=\"2048\" \/>\n\t<meta property=\"og:image:type\" content=\"image\/jpeg\" \/>\n<meta name=\"twitter:card\" content=\"summary_large_image\" \/>\n<script type=\"application\/ld+json\" class=\"yoast-schema-graph\">{\"@context\":\"https:\/\/schema.org\",\"@graph\":[{\"@type\":\"WebPage\",\"@id\":\"https:\/\/galyarabok.drk.hu\/budapest-rakoscsaba\/\",\"url\":\"https:\/\/galyarabok.drk.hu\/budapest-rakoscsaba\/\",\"name\":\"Budapest-R\u00e1koscsaba\",\"isPartOf\":{\"@id\":\"https:\/\/galyarabok.drk.hu\/#website\"},\"primaryImageOfPage\":{\"@id\":\"https:\/\/galyarabok.drk.hu\/budapest-rakoscsaba\/#primaryimage\"},\"image\":{\"@id\":\"https:\/\/galyarabok.drk.hu\/budapest-rakoscsaba\/#primaryimage\"},\"thumbnailUrl\":\"http:\/\/chuckie.hu\/wp\/wp-content\/uploads\/2021\/02\/BUDAPEST-RAKOSCSABA_DSC_5115_M-768x1024.jpg\",\"datePublished\":\"2021-01-31T21:08:17+00:00\",\"dateModified\":\"2021-02-03T16:36:10+00:00\",\"breadcrumb\":{\"@id\":\"https:\/\/galyarabok.drk.hu\/budapest-rakoscsaba\/#breadcrumb\"},\"inLanguage\":\"en-GB\",\"potentialAction\":[{\"@type\":\"ReadAction\",\"target\":[\"https:\/\/galyarabok.drk.hu\/budapest-rakoscsaba\/\"]}]},{\"@type\":\"ImageObject\",\"inLanguage\":\"en-GB\",\"@id\":\"https:\/\/galyarabok.drk.hu\/budapest-rakoscsaba\/#primaryimage\",\"url\":\"http:\/\/chuckie.hu\/wp\/wp-content\/uploads\/2021\/02\/BUDAPEST-RAKOSCSABA_DSC_5115_M-768x1024.jpg\",\"contentUrl\":\"http:\/\/chuckie.hu\/wp\/wp-content\/uploads\/2021\/02\/BUDAPEST-RAKOSCSABA_DSC_5115_M-768x1024.jpg\"},{\"@type\":\"BreadcrumbList\",\"@id\":\"https:\/\/galyarabok.drk.hu\/budapest-rakoscsaba\/#breadcrumb\",\"itemListElement\":[{\"@type\":\"ListItem\",\"position\":1,\"name\":\"Kezd\u0151lap\",\"item\":\"https:\/\/galyarabok.drk.hu\/\"},{\"@type\":\"ListItem\",\"position\":2,\"name\":\"Budapest-R\u00e1koscsaba\"}]},{\"@type\":\"WebSite\",\"@id\":\"https:\/\/galyarabok.drk.hu\/#website\",\"url\":\"https:\/\/galyarabok.drk.hu\/\",\"name\":\"G\u00e1lyarab-eml\u00e9k\u00fat\",\"description\":\"The remembrance of the Hungarian protestant galley slaves. Made and can be visited from the 350th anniversary of the galley slavery (2024)\",\"publisher\":{\"@id\":\"https:\/\/galyarabok.drk.hu\/#organization\"},\"potentialAction\":[{\"@type\":\"SearchAction\",\"target\":{\"@type\":\"EntryPoint\",\"urlTemplate\":\"https:\/\/galyarabok.drk.hu\/?s={search_term_string}\"},\"query-input\":{\"@type\":\"PropertyValueSpecification\",\"valueRequired\":true,\"valueName\":\"search_term_string\"}}],\"inLanguage\":\"en-GB\"},{\"@type\":\"Organization\",\"@id\":\"https:\/\/galyarabok.drk.hu\/#organization\",\"name\":\"G\u00e1lyarab-eml\u00e9k\u00fat\",\"url\":\"https:\/\/galyarabok.drk.hu\/\",\"logo\":{\"@type\":\"ImageObject\",\"inLanguage\":\"en-GB\",\"@id\":\"https:\/\/galyarabok.drk.hu\/#\/schema\/logo\/image\/\",\"url\":\"https:\/\/galyarabok.drk.hu\/wp-content\/uploads\/2021\/02\/cropped-galya-kor-arny-vilagos.png\",\"contentUrl\":\"https:\/\/galyarabok.drk.hu\/wp-content\/uploads\/2021\/02\/cropped-galya-kor-arny-vilagos.png\",\"width\":102,\"height\":100,\"caption\":\"G\u00e1lyarab-eml\u00e9k\u00fat\"},\"image\":{\"@id\":\"https:\/\/galyarabok.drk.hu\/#\/schema\/logo\/image\/\"},\"sameAs\":[\"https:\/\/www.facebook.com\/profile.php?id=61567825314709\"]}]}<\/script>\n<!-- \/ Yoast SEO plugin. -->","yoast_head_json":{"title":"Budapest-R\u00e1koscsaba","robots":{"index":"index","follow":"follow","max-snippet":"max-snippet:-1","max-image-preview":"max-image-preview:large","max-video-preview":"max-video-preview:-1"},"canonical":"https:\/\/galyarabok.drk.hu\/budapest-rakoscsaba\/","og_locale":"en_GB","og_type":"article","og_title":"Budapest-R\u00e1koscsaba","og_url":"https:\/\/galyarabok.drk.hu\/budapest-rakoscsaba\/","og_site_name":"Galley slave memorial road","article_publisher":"https:\/\/www.facebook.com\/profile.php?id=61567825314709","article_modified_time":"2021-02-03T16:36:10+00:00","og_image":[{"width":1536,"height":2048,"url":"https:\/\/galyarabok.drk.hu\/wp-content\/uploads\/2021\/02\/BUDAPEST-RAKOSCSABA_DSC_5115_M.jpg","type":"image\/jpeg"}],"twitter_card":"summary_large_image","schema":{"@context":"https:\/\/schema.org","@graph":[{"@type":"WebPage","@id":"https:\/\/galyarabok.drk.hu\/budapest-rakoscsaba\/","url":"https:\/\/galyarabok.drk.hu\/budapest-rakoscsaba\/","name":"Budapest-R\u00e1koscsaba","isPartOf":{"@id":"https:\/\/galyarabok.drk.hu\/#website"},"primaryImageOfPage":{"@id":"https:\/\/galyarabok.drk.hu\/budapest-rakoscsaba\/#primaryimage"},"image":{"@id":"https:\/\/galyarabok.drk.hu\/budapest-rakoscsaba\/#primaryimage"},"thumbnailUrl":"http:\/\/chuckie.hu\/wp\/wp-content\/uploads\/2021\/02\/BUDAPEST-RAKOSCSABA_DSC_5115_M-768x1024.jpg","datePublished":"2021-01-31T21:08:17+00:00","dateModified":"2021-02-03T16:36:10+00:00","breadcrumb":{"@id":"https:\/\/galyarabok.drk.hu\/budapest-rakoscsaba\/#breadcrumb"},"inLanguage":"en-GB","potentialAction":[{"@type":"ReadAction","target":["https:\/\/galyarabok.drk.hu\/budapest-rakoscsaba\/"]}]},{"@type":"ImageObject","inLanguage":"en-GB","@id":"https:\/\/galyarabok.drk.hu\/budapest-rakoscsaba\/#primaryimage","url":"http:\/\/chuckie.hu\/wp\/wp-content\/uploads\/2021\/02\/BUDAPEST-RAKOSCSABA_DSC_5115_M-768x1024.jpg","contentUrl":"http:\/\/chuckie.hu\/wp\/wp-content\/uploads\/2021\/02\/BUDAPEST-RAKOSCSABA_DSC_5115_M-768x1024.jpg"},{"@type":"BreadcrumbList","@id":"https:\/\/galyarabok.drk.hu\/budapest-rakoscsaba\/#breadcrumb","itemListElement":[{"@type":"ListItem","position":1,"name":"Kezd\u0151lap","item":"https:\/\/galyarabok.drk.hu\/"},{"@type":"ListItem","position":2,"name":"Budapest-R\u00e1koscsaba"}]},{"@type":"WebSite","@id":"https:\/\/galyarabok.drk.hu\/#website","url":"https:\/\/galyarabok.drk.hu\/","name":"G\u00e1lyarab-eml\u00e9k\u00fat","description":"The remembrance of the Hungarian protestant galley slaves. Made and can be visited from the 350th anniversary of the galley slavery (2024)","publisher":{"@id":"https:\/\/galyarabok.drk.hu\/#organization"},"potentialAction":[{"@type":"SearchAction","target":{"@type":"EntryPoint","urlTemplate":"https:\/\/galyarabok.drk.hu\/?s={search_term_string}"},"query-input":{"@type":"PropertyValueSpecification","valueRequired":true,"valueName":"search_term_string"}}],"inLanguage":"en-GB"},{"@type":"Organization","@id":"https:\/\/galyarabok.drk.hu\/#organization","name":"G\u00e1lyarab-eml\u00e9k\u00fat","url":"https:\/\/galyarabok.drk.hu\/","logo":{"@type":"ImageObject","inLanguage":"en-GB","@id":"https:\/\/galyarabok.drk.hu\/#\/schema\/logo\/image\/","url":"https:\/\/galyarabok.drk.hu\/wp-content\/uploads\/2021\/02\/cropped-galya-kor-arny-vilagos.png","contentUrl":"https:\/\/galyarabok.drk.hu\/wp-content\/uploads\/2021\/02\/cropped-galya-kor-arny-vilagos.png","width":102,"height":100,"caption":"G\u00e1lyarab-eml\u00e9k\u00fat"},"image":{"@id":"https:\/\/galyarabok.drk.hu\/#\/schema\/logo\/image\/"},"sameAs":["https:\/\/www.facebook.com\/profile.php?id=61567825314709"]}]}},"_links":{"self":[{"href":"https:\/\/galyarabok.drk.hu\/gb\/wp-json\/wp\/v2\/pages\/156","targetHints":{"allow":["GET"]}}],"collection":[{"href":"https:\/\/galyarabok.drk.hu\/gb\/wp-json\/wp\/v2\/pages"}],"about":[{"href":"https:\/\/galyarabok.drk.hu\/gb\/wp-json\/wp\/v2\/types\/page"}],"author":[{"embeddable":true,"href":"https:\/\/galyarabok.drk.hu\/gb\/wp-json\/wp\/v2\/users\/1"}],"replies":[{"embeddable":true,"href":"https:\/\/galyarabok.drk.hu\/gb\/wp-json\/wp\/v2\/comments?post=156"}],"version-history":[{"count":5,"href":"https:\/\/galyarabok.drk.hu\/gb\/wp-json\/wp\/v2\/pages\/156\/revisions"}],"predecessor-version":[{"id":1115,"href":"https:\/\/galyarabok.drk.hu\/gb\/wp-json\/wp\/v2\/pages\/156\/revisions\/1115"}],"wp:attachment":[{"href":"https:\/\/galyarabok.drk.hu\/gb\/wp-json\/wp\/v2\/media?parent=156"}],"wp:term":[{"taxonomy":"category","embeddable":true,"href":"https:\/\/galyarabok.drk.hu\/gb\/wp-json\/wp\/v2\/categories?post=156"},{"taxonomy":"post_tag","embeddable":true,"href":"https:\/\/galyarabok.drk.hu\/gb\/wp-json\/wp\/v2\/tags?post=156"}],"curies":[{"name":"wp","href":"https:\/\/api.w.org\/{rel}","templated":true}]}}