{"id":1521,"date":"2024-10-17T14:51:53","date_gmt":"2024-10-17T14:51:53","guid":{"rendered":"https:\/\/galyarabok.drk.hu\/?page_id=1521"},"modified":"2024-10-28T19:56:29","modified_gmt":"2024-10-28T19:56:29","slug":"galyarabok-emlekezete-1-karoli-gaspar-reformatus-egyetem-2021","status":"publish","type":"page","link":"https:\/\/galyarabok.drk.hu\/gb\/galyarabok-emlekezete-1-karoli-gaspar-reformatus-egyetem-2021\/","title":{"rendered":"G\u00e1lyarabok eml\u00e9kezete 6."},"content":{"rendered":"\n<p>P\u00e1p\u00e1n j\u00e1rtunk, ifj. M\u00e1rkus Mih\u00e1ly vend\u00e9gek\u00e9nt, aki bemutatta a tan\u00e1ri szoba g\u00e1lyarabos grafik\u00e1it, \u00e9s sz\u00f3lt az eml\u00e9kezet \u00e9s kultusz t\u00e9m\u00e1j\u00e1r\u00f3l <a href=\"https:\/\/galyarabok.drk.hu\/gb\/papa\/\" data-internallinksmanager029f6b8e52c=\"98\" title=\"P\u00e1pa\">P\u00e1pa<\/a> reform\u00e1tusai kapcs\u00e1n.<\/p>\n","protected":false},"excerpt":{"rendered":"<p>P\u00e1p\u00e1n j\u00e1rtunk, ifj. M\u00e1rkus Mih\u00e1ly vend\u00e9gek\u00e9nt, aki bemutatta a tan\u00e1ri szoba g\u00e1lyarabos grafik\u00e1it, \u00e9s sz\u00f3lt az eml\u00e9kezet \u00e9s kultusz t\u00e9m\u00e1j\u00e1r\u00f3l [&hellip;]<\/p>\n","protected":false},"author":1,"featured_media":1396,"parent":0,"menu_order":0,"comment_status":"closed","ping_status":"closed","template":"","meta":{"footnotes":""},"categories":[30],"tags":[],"class_list":["post-1521","page","type-page","status-publish","has-post-thumbnail","hentry","category-interjuk-dokfilmek"],"translation":{"provider":"WPGlobus","version":"3.0.2","language":"gb","enabled_languages":["hu","gb"],"languages":{"hu":{"title":true,"content":true,"excerpt":false},"gb":{"title":false,"content":false,"excerpt":false}}},"yoast_head":"<!-- This site is optimized with the Yoast SEO plugin v27.2 - https:\/\/yoast.com\/product\/yoast-seo-wordpress\/ -->\n<title>G\u00e1lyarabok eml\u00e9kezete 6.<\/title>\n<meta name=\"robots\" content=\"index, follow, max-snippet:-1, max-image-preview:large, max-video-preview:-1\" \/>\n<link rel=\"canonical\" href=\"https:\/\/galyarabok.drk.hu\/galyarabok-emlekezete-1-karoli-gaspar-reformatus-egyetem-2021\/\" \/>\n<meta property=\"og:locale\" content=\"en_GB\" \/>\n<meta property=\"og:type\" content=\"article\" \/>\n<meta property=\"og:title\" content=\"G\u00e1lyarabok eml\u00e9kezete 6.\" \/>\n<meta property=\"og:url\" content=\"https:\/\/galyarabok.drk.hu\/galyarabok-emlekezete-1-karoli-gaspar-reformatus-egyetem-2021\/\" \/>\n<meta property=\"og:site_name\" content=\"Galley slave memorial road\" \/>\n<meta property=\"article:publisher\" content=\"https:\/\/www.facebook.com\/profile.php?id=61567825314709\" \/>\n<meta property=\"article:modified_time\" content=\"2024-10-28T19:56:29+00:00\" \/>\n<meta property=\"og:image\" content=\"https:\/\/galyarabok.drk.hu\/wp-content\/uploads\/2024\/10\/Kort-en-waarachtig-verhaal.png\" \/>\n\t<meta property=\"og:image:width\" content=\"540\" \/>\n\t<meta property=\"og:image:height\" content=\"389\" \/>\n\t<meta property=\"og:image:type\" content=\"image\/png\" \/>\n<meta name=\"twitter:card\" content=\"summary_large_image\" \/>\n<meta name=\"twitter:label1\" content=\"Est. reading time\" \/>\n\t<meta name=\"twitter:data1\" content=\"1 minute\" \/>\n<script type=\"application\/ld+json\" class=\"yoast-schema-graph\">{\"@context\":\"https:\/\/schema.org\",\"@graph\":[{\"@type\":\"WebPage\",\"@id\":\"https:\/\/galyarabok.drk.hu\/galyarabok-emlekezete-1-karoli-gaspar-reformatus-egyetem-2021\/\",\"url\":\"https:\/\/galyarabok.drk.hu\/galyarabok-emlekezete-1-karoli-gaspar-reformatus-egyetem-2021\/\",\"name\":\"G\u00e1lyarabok eml\u00e9kezete 6.\",\"isPartOf\":{\"@id\":\"https:\/\/galyarabok.drk.hu\/#website\"},\"primaryImageOfPage\":{\"@id\":\"https:\/\/galyarabok.drk.hu\/galyarabok-emlekezete-1-karoli-gaspar-reformatus-egyetem-2021\/#primaryimage\"},\"image\":{\"@id\":\"https:\/\/galyarabok.drk.hu\/galyarabok-emlekezete-1-karoli-gaspar-reformatus-egyetem-2021\/#primaryimage\"},\"thumbnailUrl\":\"https:\/\/galyarabok.drk.hu\/wp-content\/uploads\/2024\/10\/Kort-en-waarachtig-verhaal.png\",\"datePublished\":\"2024-10-17T14:51:53+00:00\",\"dateModified\":\"2024-10-28T19:56:29+00:00\",\"description\":\"Interviews, documentary films\",\"breadcrumb\":{\"@id\":\"https:\/\/galyarabok.drk.hu\/galyarabok-emlekezete-1-karoli-gaspar-reformatus-egyetem-2021\/#breadcrumb\"},\"inLanguage\":\"en-GB\",\"potentialAction\":[{\"@type\":\"ReadAction\",\"target\":[\"https:\/\/galyarabok.drk.hu\/galyarabok-emlekezete-1-karoli-gaspar-reformatus-egyetem-2021\/\"]}]},{\"@type\":\"ImageObject\",\"inLanguage\":\"en-GB\",\"@id\":\"https:\/\/galyarabok.drk.hu\/galyarabok-emlekezete-1-karoli-gaspar-reformatus-egyetem-2021\/#primaryimage\",\"url\":\"https:\/\/galyarabok.drk.hu\/wp-content\/uploads\/2024\/10\/Kort-en-waarachtig-verhaal.png\",\"contentUrl\":\"https:\/\/galyarabok.drk.hu\/wp-content\/uploads\/2024\/10\/Kort-en-waarachtig-verhaal.png\",\"width\":540,\"height\":389},{\"@type\":\"BreadcrumbList\",\"@id\":\"https:\/\/galyarabok.drk.hu\/galyarabok-emlekezete-1-karoli-gaspar-reformatus-egyetem-2021\/#breadcrumb\",\"itemListElement\":[{\"@type\":\"ListItem\",\"position\":1,\"name\":\"Kezd\u0151lap\",\"item\":\"https:\/\/galyarabok.drk.hu\/\"},{\"@type\":\"ListItem\",\"position\":2,\"name\":\"G\u00e1lyarabok eml\u00e9kezete 6.\"}]},{\"@type\":\"WebSite\",\"@id\":\"https:\/\/galyarabok.drk.hu\/#website\",\"url\":\"https:\/\/galyarabok.drk.hu\/\",\"name\":\"G\u00e1lyarab-eml\u00e9k\u00fat\",\"description\":\"The remembrance of the Hungarian protestant galley slaves. Made and can be visited from the 350th anniversary of the galley slavery (2024)\",\"publisher\":{\"@id\":\"https:\/\/galyarabok.drk.hu\/#organization\"},\"potentialAction\":[{\"@type\":\"SearchAction\",\"target\":{\"@type\":\"EntryPoint\",\"urlTemplate\":\"https:\/\/galyarabok.drk.hu\/?s={search_term_string}\"},\"query-input\":{\"@type\":\"PropertyValueSpecification\",\"valueRequired\":true,\"valueName\":\"search_term_string\"}}],\"inLanguage\":\"en-GB\"},{\"@type\":\"Organization\",\"@id\":\"https:\/\/galyarabok.drk.hu\/#organization\",\"name\":\"G\u00e1lyarab-eml\u00e9k\u00fat\",\"url\":\"https:\/\/galyarabok.drk.hu\/\",\"logo\":{\"@type\":\"ImageObject\",\"inLanguage\":\"en-GB\",\"@id\":\"https:\/\/galyarabok.drk.hu\/#\/schema\/logo\/image\/\",\"url\":\"https:\/\/galyarabok.drk.hu\/wp-content\/uploads\/2021\/02\/cropped-galya-kor-arny-vilagos.png\",\"contentUrl\":\"https:\/\/galyarabok.drk.hu\/wp-content\/uploads\/2021\/02\/cropped-galya-kor-arny-vilagos.png\",\"width\":102,\"height\":100,\"caption\":\"G\u00e1lyarab-eml\u00e9k\u00fat\"},\"image\":{\"@id\":\"https:\/\/galyarabok.drk.hu\/#\/schema\/logo\/image\/\"},\"sameAs\":[\"https:\/\/www.facebook.com\/profile.php?id=61567825314709\"]}]}<\/script>\n<!-- \/ Yoast SEO plugin. -->","yoast_head_json":{"title":"G\u00e1lyarabok eml\u00e9kezete 6.","robots":{"index":"index","follow":"follow","max-snippet":"max-snippet:-1","max-image-preview":"max-image-preview:large","max-video-preview":"max-video-preview:-1"},"canonical":"https:\/\/galyarabok.drk.hu\/galyarabok-emlekezete-1-karoli-gaspar-reformatus-egyetem-2021\/","og_locale":"en_GB","og_type":"article","og_title":"G\u00e1lyarabok eml\u00e9kezete 6.","og_url":"https:\/\/galyarabok.drk.hu\/galyarabok-emlekezete-1-karoli-gaspar-reformatus-egyetem-2021\/","og_site_name":"Galley slave memorial road","article_publisher":"https:\/\/www.facebook.com\/profile.php?id=61567825314709","article_modified_time":"2024-10-28T19:56:29+00:00","og_image":[{"width":540,"height":389,"url":"https:\/\/galyarabok.drk.hu\/wp-content\/uploads\/2024\/10\/Kort-en-waarachtig-verhaal.png","type":"image\/png"}],"twitter_card":"summary_large_image","twitter_misc":{"Est. reading time":"1 minute"},"schema":{"@context":"https:\/\/schema.org","@graph":[{"@type":"WebPage","@id":"https:\/\/galyarabok.drk.hu\/galyarabok-emlekezete-1-karoli-gaspar-reformatus-egyetem-2021\/","url":"https:\/\/galyarabok.drk.hu\/galyarabok-emlekezete-1-karoli-gaspar-reformatus-egyetem-2021\/","name":"G\u00e1lyarabok eml\u00e9kezete 6.","isPartOf":{"@id":"https:\/\/galyarabok.drk.hu\/#website"},"primaryImageOfPage":{"@id":"https:\/\/galyarabok.drk.hu\/galyarabok-emlekezete-1-karoli-gaspar-reformatus-egyetem-2021\/#primaryimage"},"image":{"@id":"https:\/\/galyarabok.drk.hu\/galyarabok-emlekezete-1-karoli-gaspar-reformatus-egyetem-2021\/#primaryimage"},"thumbnailUrl":"https:\/\/galyarabok.drk.hu\/wp-content\/uploads\/2024\/10\/Kort-en-waarachtig-verhaal.png","datePublished":"2024-10-17T14:51:53+00:00","dateModified":"2024-10-28T19:56:29+00:00","description":"Interviews, documentary films","breadcrumb":{"@id":"https:\/\/galyarabok.drk.hu\/galyarabok-emlekezete-1-karoli-gaspar-reformatus-egyetem-2021\/#breadcrumb"},"inLanguage":"en-GB","potentialAction":[{"@type":"ReadAction","target":["https:\/\/galyarabok.drk.hu\/galyarabok-emlekezete-1-karoli-gaspar-reformatus-egyetem-2021\/"]}]},{"@type":"ImageObject","inLanguage":"en-GB","@id":"https:\/\/galyarabok.drk.hu\/galyarabok-emlekezete-1-karoli-gaspar-reformatus-egyetem-2021\/#primaryimage","url":"https:\/\/galyarabok.drk.hu\/wp-content\/uploads\/2024\/10\/Kort-en-waarachtig-verhaal.png","contentUrl":"https:\/\/galyarabok.drk.hu\/wp-content\/uploads\/2024\/10\/Kort-en-waarachtig-verhaal.png","width":540,"height":389},{"@type":"BreadcrumbList","@id":"https:\/\/galyarabok.drk.hu\/galyarabok-emlekezete-1-karoli-gaspar-reformatus-egyetem-2021\/#breadcrumb","itemListElement":[{"@type":"ListItem","position":1,"name":"Kezd\u0151lap","item":"https:\/\/galyarabok.drk.hu\/"},{"@type":"ListItem","position":2,"name":"G\u00e1lyarabok eml\u00e9kezete 6."}]},{"@type":"WebSite","@id":"https:\/\/galyarabok.drk.hu\/#website","url":"https:\/\/galyarabok.drk.hu\/","name":"G\u00e1lyarab-eml\u00e9k\u00fat","description":"The remembrance of the Hungarian protestant galley slaves. Made and can be visited from the 350th anniversary of the galley slavery (2024)","publisher":{"@id":"https:\/\/galyarabok.drk.hu\/#organization"},"potentialAction":[{"@type":"SearchAction","target":{"@type":"EntryPoint","urlTemplate":"https:\/\/galyarabok.drk.hu\/?s={search_term_string}"},"query-input":{"@type":"PropertyValueSpecification","valueRequired":true,"valueName":"search_term_string"}}],"inLanguage":"en-GB"},{"@type":"Organization","@id":"https:\/\/galyarabok.drk.hu\/#organization","name":"G\u00e1lyarab-eml\u00e9k\u00fat","url":"https:\/\/galyarabok.drk.hu\/","logo":{"@type":"ImageObject","inLanguage":"en-GB","@id":"https:\/\/galyarabok.drk.hu\/#\/schema\/logo\/image\/","url":"https:\/\/galyarabok.drk.hu\/wp-content\/uploads\/2021\/02\/cropped-galya-kor-arny-vilagos.png","contentUrl":"https:\/\/galyarabok.drk.hu\/wp-content\/uploads\/2021\/02\/cropped-galya-kor-arny-vilagos.png","width":102,"height":100,"caption":"G\u00e1lyarab-eml\u00e9k\u00fat"},"image":{"@id":"https:\/\/galyarabok.drk.hu\/#\/schema\/logo\/image\/"},"sameAs":["https:\/\/www.facebook.com\/profile.php?id=61567825314709"]}]}},"_links":{"self":[{"href":"https:\/\/galyarabok.drk.hu\/gb\/wp-json\/wp\/v2\/pages\/1521","targetHints":{"allow":["GET"]}}],"collection":[{"href":"https:\/\/galyarabok.drk.hu\/gb\/wp-json\/wp\/v2\/pages"}],"about":[{"href":"https:\/\/galyarabok.drk.hu\/gb\/wp-json\/wp\/v2\/types\/page"}],"author":[{"embeddable":true,"href":"https:\/\/galyarabok.drk.hu\/gb\/wp-json\/wp\/v2\/users\/1"}],"replies":[{"embeddable":true,"href":"https:\/\/galyarabok.drk.hu\/gb\/wp-json\/wp\/v2\/comments?post=1521"}],"version-history":[{"count":2,"href":"https:\/\/galyarabok.drk.hu\/gb\/wp-json\/wp\/v2\/pages\/1521\/revisions"}],"predecessor-version":[{"id":1557,"href":"https:\/\/galyarabok.drk.hu\/gb\/wp-json\/wp\/v2\/pages\/1521\/revisions\/1557"}],"wp:featuredmedia":[{"embeddable":true,"href":"https:\/\/galyarabok.drk.hu\/gb\/wp-json\/wp\/v2\/media\/1396"}],"wp:attachment":[{"href":"https:\/\/galyarabok.drk.hu\/gb\/wp-json\/wp\/v2\/media?parent=1521"}],"wp:term":[{"taxonomy":"category","embeddable":true,"href":"https:\/\/galyarabok.drk.hu\/gb\/wp-json\/wp\/v2\/categories?post=1521"},{"taxonomy":"post_tag","embeddable":true,"href":"https:\/\/galyarabok.drk.hu\/gb\/wp-json\/wp\/v2\/tags?post=1521"}],"curies":[{"name":"wp","href":"https:\/\/api.w.org\/{rel}","templated":true}]}}