{"id":1516,"date":"2024-10-24T14:48:34","date_gmt":"2024-10-24T14:48:34","guid":{"rendered":"https:\/\/galyarabok.drk.hu\/?page_id=1516"},"modified":"2024-10-24T20:42:56","modified_gmt":"2024-10-24T20:42:56","slug":"magyar-emlekhelyek","status":"publish","type":"page","link":"https:\/\/galyarabok.drk.hu\/gb\/magyar-emlekhelyek\/","title":{"rendered":"Magyar eml\u00e9khelyek"},"content":{"rendered":"\n<figure class=\"wp-block-gallery has-nested-images columns-default is-cropped wp-block-gallery-1 is-layout-flex wp-block-gallery-is-layout-flex\">\n<figure class=\"wp-block-image size-large\"><a href=\"https:\/\/galyarabok.drk.hu\/wp-content\/uploads\/2021\/02\/KRASZNAMIHALYFALVA_Krasznamfv-2_M.jpg\"><img loading=\"lazy\" decoding=\"async\" width=\"1024\" height=\"768\" data-id=\"471\" src=\"https:\/\/galyarabok.drk.hu\/wp-content\/uploads\/2021\/02\/KRASZNAMIHALYFALVA_Krasznamfv-2_M-1024x768.jpg\" alt=\"Krasznamih\u00e1lyfalva\" class=\"wp-image-471\" srcset=\"https:\/\/galyarabok.drk.hu\/wp-content\/uploads\/2021\/02\/KRASZNAMIHALYFALVA_Krasznamfv-2_M-1024x768.jpg 1024w, https:\/\/galyarabok.drk.hu\/wp-content\/uploads\/2021\/02\/KRASZNAMIHALYFALVA_Krasznamfv-2_M-300x225.jpg 300w, https:\/\/galyarabok.drk.hu\/wp-content\/uploads\/2021\/02\/KRASZNAMIHALYFALVA_Krasznamfv-2_M-768x576.jpg 768w, https:\/\/galyarabok.drk.hu\/wp-content\/uploads\/2021\/02\/KRASZNAMIHALYFALVA_Krasznamfv-2_M-1536x1152.jpg 1536w, https:\/\/galyarabok.drk.hu\/wp-content\/uploads\/2021\/02\/KRASZNAMIHALYFALVA_Krasznamfv-2_M-1067x800.jpg 1067w, https:\/\/galyarabok.drk.hu\/wp-content\/uploads\/2021\/02\/KRASZNAMIHALYFALVA_Krasznamfv-2_M.jpg 2048w\" sizes=\"auto, (max-width: 1024px) 100vw, 1024px\" \/><\/a><figcaption class=\"wp-element-caption\">Eml\u00e9kt\u00e1bla (<a href=\"https:\/\/galyarabok.drk.hu\/gb\/krasznamihalyfalva\/\" data-internallinksmanager029f6b8e52c=\"70\" title=\"Krasznamih\u00e1lyfalva\">Krasznamih\u00e1lyfalva<\/a>)<\/figcaption><\/figure>\n\n\n\n<figure class=\"wp-block-image size-large\"><a href=\"https:\/\/galyarabok.drk.hu\/wp-content\/uploads\/2021\/02\/KRASZNAMIHALYFALVA_Krasznamfv-3_M.jpg\"><img loading=\"lazy\" decoding=\"async\" width=\"1024\" height=\"768\" data-id=\"472\" src=\"https:\/\/galyarabok.drk.hu\/wp-content\/uploads\/2021\/02\/KRASZNAMIHALYFALVA_Krasznamfv-3_M-1024x768.jpg\" alt=\"\" class=\"wp-image-472\" srcset=\"https:\/\/galyarabok.drk.hu\/wp-content\/uploads\/2021\/02\/KRASZNAMIHALYFALVA_Krasznamfv-3_M-1024x768.jpg 1024w, https:\/\/galyarabok.drk.hu\/wp-content\/uploads\/2021\/02\/KRASZNAMIHALYFALVA_Krasznamfv-3_M-300x225.jpg 300w, https:\/\/galyarabok.drk.hu\/wp-content\/uploads\/2021\/02\/KRASZNAMIHALYFALVA_Krasznamfv-3_M-768x576.jpg 768w, https:\/\/galyarabok.drk.hu\/wp-content\/uploads\/2021\/02\/KRASZNAMIHALYFALVA_Krasznamfv-3_M-1536x1152.jpg 1536w, https:\/\/galyarabok.drk.hu\/wp-content\/uploads\/2021\/02\/KRASZNAMIHALYFALVA_Krasznamfv-3_M-1067x800.jpg 1067w, https:\/\/galyarabok.drk.hu\/wp-content\/uploads\/2021\/02\/KRASZNAMIHALYFALVA_Krasznamfv-3_M.jpg 2048w\" sizes=\"auto, (max-width: 1024px) 100vw, 1024px\" \/><\/a><figcaption class=\"wp-element-caption\">M.A. de Ruyter Ifj\u00fas\u00e1gi Kereszty\u00e9n K\u00f6zpont (Krasznamih\u00e1lyfalva)<\/figcaption><\/figure>\n\n\n\n<figure class=\"wp-block-image size-large\"><a href=\"https:\/\/galyarabok.drk.hu\/wp-content\/uploads\/2021\/02\/NAGYKAPOS_DSC_5329_M.jpg\"><img loading=\"lazy\" decoding=\"async\" width=\"1024\" height=\"768\" data-id=\"552\" src=\"https:\/\/galyarabok.drk.hu\/wp-content\/uploads\/2021\/02\/NAGYKAPOS_DSC_5329_M-1024x768.jpg\" alt=\"\" class=\"wp-image-552\" srcset=\"https:\/\/galyarabok.drk.hu\/wp-content\/uploads\/2021\/02\/NAGYKAPOS_DSC_5329_M-1024x768.jpg 1024w, https:\/\/galyarabok.drk.hu\/wp-content\/uploads\/2021\/02\/NAGYKAPOS_DSC_5329_M-300x225.jpg 300w, https:\/\/galyarabok.drk.hu\/wp-content\/uploads\/2021\/02\/NAGYKAPOS_DSC_5329_M-768x576.jpg 768w, https:\/\/galyarabok.drk.hu\/wp-content\/uploads\/2021\/02\/NAGYKAPOS_DSC_5329_M-1536x1152.jpg 1536w, https:\/\/galyarabok.drk.hu\/wp-content\/uploads\/2021\/02\/NAGYKAPOS_DSC_5329_M-1067x800.jpg 1067w, https:\/\/galyarabok.drk.hu\/wp-content\/uploads\/2021\/02\/NAGYKAPOS_DSC_5329_M.jpg 2048w\" sizes=\"auto, (max-width: 1024px) 100vw, 1024px\" \/><\/a><figcaption class=\"wp-element-caption\"><a href=\"https:\/\/galyarabok.drk.hu\/gb\/nagykapos\/\" data-internallinksmanager029f6b8e52c=\"84\" title=\"Nagykapos\">Nagykapos<\/a> (eml\u00e9kt\u00e1bla)<\/figcaption><\/figure>\n\n\n\n<figure class=\"wp-block-image size-large\"><a href=\"https:\/\/galyarabok.drk.hu\/wp-content\/uploads\/2024\/10\/NAGYKAPOS_DSC_5341_M-MAGYAR-EML.jpg\"><img loading=\"lazy\" decoding=\"async\" width=\"768\" height=\"1024\" data-id=\"1518\" src=\"https:\/\/galyarabok.drk.hu\/wp-content\/uploads\/2024\/10\/NAGYKAPOS_DSC_5341_M-MAGYAR-EML-768x1024.jpg\" alt=\"\" class=\"wp-image-1518\" srcset=\"https:\/\/galyarabok.drk.hu\/wp-content\/uploads\/2024\/10\/NAGYKAPOS_DSC_5341_M-MAGYAR-EML-768x1024.jpg 768w, https:\/\/galyarabok.drk.hu\/wp-content\/uploads\/2024\/10\/NAGYKAPOS_DSC_5341_M-MAGYAR-EML-225x300.jpg 225w, https:\/\/galyarabok.drk.hu\/wp-content\/uploads\/2024\/10\/NAGYKAPOS_DSC_5341_M-MAGYAR-EML-1152x1536.jpg 1152w, https:\/\/galyarabok.drk.hu\/wp-content\/uploads\/2024\/10\/NAGYKAPOS_DSC_5341_M-MAGYAR-EML-600x800.jpg 600w, https:\/\/galyarabok.drk.hu\/wp-content\/uploads\/2024\/10\/NAGYKAPOS_DSC_5341_M-MAGYAR-EML.jpg 1536w\" sizes=\"auto, (max-width: 768px) 100vw, 768px\" \/><\/a><figcaption class=\"wp-element-caption\">Nagykapos<\/figcaption><\/figure>\n\n\n\n<figure class=\"wp-block-image size-large\"><a href=\"https:\/\/galyarabok.drk.hu\/wp-content\/uploads\/2024\/10\/NAGYKAPOS_nkapos01_M-MAGYAR-EML.jpg\"><img loading=\"lazy\" decoding=\"async\" width=\"1024\" height=\"768\" data-id=\"1519\" src=\"https:\/\/galyarabok.drk.hu\/wp-content\/uploads\/2024\/10\/NAGYKAPOS_nkapos01_M-MAGYAR-EML-1024x768.jpg\" alt=\"\" class=\"wp-image-1519\" srcset=\"https:\/\/galyarabok.drk.hu\/wp-content\/uploads\/2024\/10\/NAGYKAPOS_nkapos01_M-MAGYAR-EML-1024x768.jpg 1024w, https:\/\/galyarabok.drk.hu\/wp-content\/uploads\/2024\/10\/NAGYKAPOS_nkapos01_M-MAGYAR-EML-300x225.jpg 300w, https:\/\/galyarabok.drk.hu\/wp-content\/uploads\/2024\/10\/NAGYKAPOS_nkapos01_M-MAGYAR-EML-768x576.jpg 768w, https:\/\/galyarabok.drk.hu\/wp-content\/uploads\/2024\/10\/NAGYKAPOS_nkapos01_M-MAGYAR-EML-1536x1151.jpg 1536w, https:\/\/galyarabok.drk.hu\/wp-content\/uploads\/2024\/10\/NAGYKAPOS_nkapos01_M-MAGYAR-EML-1067x800.jpg 1067w, https:\/\/galyarabok.drk.hu\/wp-content\/uploads\/2024\/10\/NAGYKAPOS_nkapos01_M-MAGYAR-EML.jpg 2048w\" sizes=\"auto, (max-width: 1024px) 100vw, 1024px\" \/><\/a><figcaption class=\"wp-element-caption\">Nagykapos<\/figcaption><\/figure>\n\n\n\n<figure class=\"wp-block-image size-large\"><a href=\"https:\/\/galyarabok.drk.hu\/wp-content\/uploads\/2024\/10\/Tany_Ruyter-haz.jpg\"><img loading=\"lazy\" decoding=\"async\" width=\"640\" height=\"480\" data-id=\"1428\" src=\"https:\/\/galyarabok.drk.hu\/wp-content\/uploads\/2024\/10\/Tany_Ruyter-haz.jpg\" alt=\"\" class=\"wp-image-1428\" srcset=\"https:\/\/galyarabok.drk.hu\/wp-content\/uploads\/2024\/10\/Tany_Ruyter-haz.jpg 640w, https:\/\/galyarabok.drk.hu\/wp-content\/uploads\/2024\/10\/Tany_Ruyter-haz-300x225.jpg 300w\" sizes=\"auto, (max-width: 640px) 100vw, 640px\" \/><\/a><figcaption class=\"wp-element-caption\">Ruyter-h\u00e1z<\/figcaption><\/figure>\n\n\n\n<figure class=\"wp-block-image size-large\"><a href=\"https:\/\/galyarabok.drk.hu\/wp-content\/uploads\/2021\/02\/MENCSHELY_DSC_4927_M.jpg\"><img loading=\"lazy\" decoding=\"async\" width=\"768\" height=\"1024\" data-id=\"864\" src=\"https:\/\/galyarabok.drk.hu\/wp-content\/uploads\/2021\/02\/MENCSHELY_DSC_4927_M-768x1024.jpg\" alt=\"\" class=\"wp-image-864\" srcset=\"https:\/\/galyarabok.drk.hu\/wp-content\/uploads\/2021\/02\/MENCSHELY_DSC_4927_M-768x1024.jpg 768w, https:\/\/galyarabok.drk.hu\/wp-content\/uploads\/2021\/02\/MENCSHELY_DSC_4927_M-225x300.jpg 225w, https:\/\/galyarabok.drk.hu\/wp-content\/uploads\/2021\/02\/MENCSHELY_DSC_4927_M-1152x1536.jpg 1152w, https:\/\/galyarabok.drk.hu\/wp-content\/uploads\/2021\/02\/MENCSHELY_DSC_4927_M-600x800.jpg 600w, https:\/\/galyarabok.drk.hu\/wp-content\/uploads\/2021\/02\/MENCSHELY_DSC_4927_M.jpg 1536w\" sizes=\"auto, (max-width: 768px) 100vw, 768px\" \/><\/a><figcaption class=\"wp-element-caption\">Zs\u00e9denyi Istv\u00e1n kopjafa (Mencshely, 1997)<\/figcaption><\/figure>\n<\/figure>\n","protected":false},"excerpt":{"rendered":"","protected":false},"author":1,"featured_media":552,"parent":0,"menu_order":0,"comment_status":"closed","ping_status":"closed","template":"","meta":{"footnotes":""},"categories":[],"tags":[],"class_list":["post-1516","page","type-page","status-publish","has-post-thumbnail","hentry"],"translation":{"provider":"WPGlobus","version":"3.0.2","language":"gb","enabled_languages":["hu","gb"],"languages":{"hu":{"title":true,"content":true,"excerpt":false},"gb":{"title":false,"content":false,"excerpt":false}}},"yoast_head":"<!-- This site is optimized with the Yoast SEO plugin v27.2 - https:\/\/yoast.com\/product\/yoast-seo-wordpress\/ -->\n<title>Magyar eml\u00e9khelyek<\/title>\n<meta name=\"robots\" content=\"index, follow, max-snippet:-1, max-image-preview:large, max-video-preview:-1\" \/>\n<link rel=\"canonical\" href=\"https:\/\/galyarabok.drk.hu\/magyar-emlekhelyek\/\" \/>\n<meta property=\"og:locale\" content=\"en_GB\" \/>\n<meta property=\"og:type\" content=\"article\" \/>\n<meta property=\"og:title\" content=\"Magyar eml\u00e9khelyek\" \/>\n<meta property=\"og:url\" content=\"https:\/\/galyarabok.drk.hu\/magyar-emlekhelyek\/\" \/>\n<meta property=\"og:site_name\" content=\"Galley slave memorial road\" \/>\n<meta property=\"article:publisher\" content=\"https:\/\/www.facebook.com\/profile.php?id=61567825314709\" \/>\n<meta property=\"article:modified_time\" content=\"2024-10-24T20:42:56+00:00\" \/>\n<meta property=\"og:image\" content=\"https:\/\/galyarabok.drk.hu\/wp-content\/uploads\/2021\/02\/NAGYKAPOS_DSC_5329_M.jpg\" \/>\n\t<meta property=\"og:image:width\" content=\"2048\" \/>\n\t<meta property=\"og:image:height\" content=\"1536\" \/>\n\t<meta property=\"og:image:type\" content=\"image\/jpeg\" \/>\n<meta name=\"twitter:card\" content=\"summary_large_image\" \/>\n<script type=\"application\/ld+json\" class=\"yoast-schema-graph\">{\"@context\":\"https:\/\/schema.org\",\"@graph\":[{\"@type\":\"WebPage\",\"@id\":\"https:\/\/galyarabok.drk.hu\/magyar-emlekhelyek\/\",\"url\":\"https:\/\/galyarabok.drk.hu\/magyar-emlekhelyek\/\",\"name\":\"Magyar eml\u00e9khelyek\",\"isPartOf\":{\"@id\":\"https:\/\/galyarabok.drk.hu\/#website\"},\"primaryImageOfPage\":{\"@id\":\"https:\/\/galyarabok.drk.hu\/magyar-emlekhelyek\/#primaryimage\"},\"image\":{\"@id\":\"https:\/\/galyarabok.drk.hu\/magyar-emlekhelyek\/#primaryimage\"},\"thumbnailUrl\":\"https:\/\/galyarabok.drk.hu\/wp-content\/uploads\/2021\/02\/NAGYKAPOS_DSC_5329_M.jpg\",\"datePublished\":\"2024-10-24T14:48:34+00:00\",\"dateModified\":\"2024-10-24T20:42:56+00:00\",\"breadcrumb\":{\"@id\":\"https:\/\/galyarabok.drk.hu\/magyar-emlekhelyek\/#breadcrumb\"},\"inLanguage\":\"en-GB\",\"potentialAction\":[{\"@type\":\"ReadAction\",\"target\":[\"https:\/\/galyarabok.drk.hu\/magyar-emlekhelyek\/\"]}]},{\"@type\":\"ImageObject\",\"inLanguage\":\"en-GB\",\"@id\":\"https:\/\/galyarabok.drk.hu\/magyar-emlekhelyek\/#primaryimage\",\"url\":\"https:\/\/galyarabok.drk.hu\/wp-content\/uploads\/2021\/02\/NAGYKAPOS_DSC_5329_M.jpg\",\"contentUrl\":\"https:\/\/galyarabok.drk.hu\/wp-content\/uploads\/2021\/02\/NAGYKAPOS_DSC_5329_M.jpg\",\"width\":2048,\"height\":1536,\"caption\":\"Nagykapos (eml\u00e9kt\u00e1bla)\"},{\"@type\":\"BreadcrumbList\",\"@id\":\"https:\/\/galyarabok.drk.hu\/magyar-emlekhelyek\/#breadcrumb\",\"itemListElement\":[{\"@type\":\"ListItem\",\"position\":1,\"name\":\"Kezd\u0151lap\",\"item\":\"https:\/\/galyarabok.drk.hu\/\"},{\"@type\":\"ListItem\",\"position\":2,\"name\":\"Magyar eml\u00e9khelyek\"}]},{\"@type\":\"WebSite\",\"@id\":\"https:\/\/galyarabok.drk.hu\/#website\",\"url\":\"https:\/\/galyarabok.drk.hu\/\",\"name\":\"G\u00e1lyarab-eml\u00e9k\u00fat\",\"description\":\"The remembrance of the Hungarian protestant galley slaves. Made and can be visited from the 350th anniversary of the galley slavery (2024)\",\"publisher\":{\"@id\":\"https:\/\/galyarabok.drk.hu\/#organization\"},\"potentialAction\":[{\"@type\":\"SearchAction\",\"target\":{\"@type\":\"EntryPoint\",\"urlTemplate\":\"https:\/\/galyarabok.drk.hu\/?s={search_term_string}\"},\"query-input\":{\"@type\":\"PropertyValueSpecification\",\"valueRequired\":true,\"valueName\":\"search_term_string\"}}],\"inLanguage\":\"en-GB\"},{\"@type\":\"Organization\",\"@id\":\"https:\/\/galyarabok.drk.hu\/#organization\",\"name\":\"G\u00e1lyarab-eml\u00e9k\u00fat\",\"url\":\"https:\/\/galyarabok.drk.hu\/\",\"logo\":{\"@type\":\"ImageObject\",\"inLanguage\":\"en-GB\",\"@id\":\"https:\/\/galyarabok.drk.hu\/#\/schema\/logo\/image\/\",\"url\":\"https:\/\/galyarabok.drk.hu\/wp-content\/uploads\/2021\/02\/cropped-galya-kor-arny-vilagos.png\",\"contentUrl\":\"https:\/\/galyarabok.drk.hu\/wp-content\/uploads\/2021\/02\/cropped-galya-kor-arny-vilagos.png\",\"width\":102,\"height\":100,\"caption\":\"G\u00e1lyarab-eml\u00e9k\u00fat\"},\"image\":{\"@id\":\"https:\/\/galyarabok.drk.hu\/#\/schema\/logo\/image\/\"},\"sameAs\":[\"https:\/\/www.facebook.com\/profile.php?id=61567825314709\"]}]}<\/script>\n<!-- \/ Yoast SEO plugin. -->","yoast_head_json":{"title":"Magyar eml\u00e9khelyek","robots":{"index":"index","follow":"follow","max-snippet":"max-snippet:-1","max-image-preview":"max-image-preview:large","max-video-preview":"max-video-preview:-1"},"canonical":"https:\/\/galyarabok.drk.hu\/magyar-emlekhelyek\/","og_locale":"en_GB","og_type":"article","og_title":"Magyar eml\u00e9khelyek","og_url":"https:\/\/galyarabok.drk.hu\/magyar-emlekhelyek\/","og_site_name":"Galley slave memorial road","article_publisher":"https:\/\/www.facebook.com\/profile.php?id=61567825314709","article_modified_time":"2024-10-24T20:42:56+00:00","og_image":[{"width":2048,"height":1536,"url":"https:\/\/galyarabok.drk.hu\/wp-content\/uploads\/2021\/02\/NAGYKAPOS_DSC_5329_M.jpg","type":"image\/jpeg"}],"twitter_card":"summary_large_image","schema":{"@context":"https:\/\/schema.org","@graph":[{"@type":"WebPage","@id":"https:\/\/galyarabok.drk.hu\/magyar-emlekhelyek\/","url":"https:\/\/galyarabok.drk.hu\/magyar-emlekhelyek\/","name":"Magyar eml\u00e9khelyek","isPartOf":{"@id":"https:\/\/galyarabok.drk.hu\/#website"},"primaryImageOfPage":{"@id":"https:\/\/galyarabok.drk.hu\/magyar-emlekhelyek\/#primaryimage"},"image":{"@id":"https:\/\/galyarabok.drk.hu\/magyar-emlekhelyek\/#primaryimage"},"thumbnailUrl":"https:\/\/galyarabok.drk.hu\/wp-content\/uploads\/2021\/02\/NAGYKAPOS_DSC_5329_M.jpg","datePublished":"2024-10-24T14:48:34+00:00","dateModified":"2024-10-24T20:42:56+00:00","breadcrumb":{"@id":"https:\/\/galyarabok.drk.hu\/magyar-emlekhelyek\/#breadcrumb"},"inLanguage":"en-GB","potentialAction":[{"@type":"ReadAction","target":["https:\/\/galyarabok.drk.hu\/magyar-emlekhelyek\/"]}]},{"@type":"ImageObject","inLanguage":"en-GB","@id":"https:\/\/galyarabok.drk.hu\/magyar-emlekhelyek\/#primaryimage","url":"https:\/\/galyarabok.drk.hu\/wp-content\/uploads\/2021\/02\/NAGYKAPOS_DSC_5329_M.jpg","contentUrl":"https:\/\/galyarabok.drk.hu\/wp-content\/uploads\/2021\/02\/NAGYKAPOS_DSC_5329_M.jpg","width":2048,"height":1536,"caption":"Nagykapos (eml\u00e9kt\u00e1bla)"},{"@type":"BreadcrumbList","@id":"https:\/\/galyarabok.drk.hu\/magyar-emlekhelyek\/#breadcrumb","itemListElement":[{"@type":"ListItem","position":1,"name":"Kezd\u0151lap","item":"https:\/\/galyarabok.drk.hu\/"},{"@type":"ListItem","position":2,"name":"Magyar eml\u00e9khelyek"}]},{"@type":"WebSite","@id":"https:\/\/galyarabok.drk.hu\/#website","url":"https:\/\/galyarabok.drk.hu\/","name":"G\u00e1lyarab-eml\u00e9k\u00fat","description":"The remembrance of the Hungarian protestant galley slaves. Made and can be visited from the 350th anniversary of the galley slavery (2024)","publisher":{"@id":"https:\/\/galyarabok.drk.hu\/#organization"},"potentialAction":[{"@type":"SearchAction","target":{"@type":"EntryPoint","urlTemplate":"https:\/\/galyarabok.drk.hu\/?s={search_term_string}"},"query-input":{"@type":"PropertyValueSpecification","valueRequired":true,"valueName":"search_term_string"}}],"inLanguage":"en-GB"},{"@type":"Organization","@id":"https:\/\/galyarabok.drk.hu\/#organization","name":"G\u00e1lyarab-eml\u00e9k\u00fat","url":"https:\/\/galyarabok.drk.hu\/","logo":{"@type":"ImageObject","inLanguage":"en-GB","@id":"https:\/\/galyarabok.drk.hu\/#\/schema\/logo\/image\/","url":"https:\/\/galyarabok.drk.hu\/wp-content\/uploads\/2021\/02\/cropped-galya-kor-arny-vilagos.png","contentUrl":"https:\/\/galyarabok.drk.hu\/wp-content\/uploads\/2021\/02\/cropped-galya-kor-arny-vilagos.png","width":102,"height":100,"caption":"G\u00e1lyarab-eml\u00e9k\u00fat"},"image":{"@id":"https:\/\/galyarabok.drk.hu\/#\/schema\/logo\/image\/"},"sameAs":["https:\/\/www.facebook.com\/profile.php?id=61567825314709"]}]}},"_links":{"self":[{"href":"https:\/\/galyarabok.drk.hu\/gb\/wp-json\/wp\/v2\/pages\/1516","targetHints":{"allow":["GET"]}}],"collection":[{"href":"https:\/\/galyarabok.drk.hu\/gb\/wp-json\/wp\/v2\/pages"}],"about":[{"href":"https:\/\/galyarabok.drk.hu\/gb\/wp-json\/wp\/v2\/types\/page"}],"author":[{"embeddable":true,"href":"https:\/\/galyarabok.drk.hu\/gb\/wp-json\/wp\/v2\/users\/1"}],"replies":[{"embeddable":true,"href":"https:\/\/galyarabok.drk.hu\/gb\/wp-json\/wp\/v2\/comments?post=1516"}],"version-history":[{"count":2,"href":"https:\/\/galyarabok.drk.hu\/gb\/wp-json\/wp\/v2\/pages\/1516\/revisions"}],"predecessor-version":[{"id":1550,"href":"https:\/\/galyarabok.drk.hu\/gb\/wp-json\/wp\/v2\/pages\/1516\/revisions\/1550"}],"wp:featuredmedia":[{"embeddable":true,"href":"https:\/\/galyarabok.drk.hu\/gb\/wp-json\/wp\/v2\/media\/552"}],"wp:attachment":[{"href":"https:\/\/galyarabok.drk.hu\/gb\/wp-json\/wp\/v2\/media?parent=1516"}],"wp:term":[{"taxonomy":"category","embeddable":true,"href":"https:\/\/galyarabok.drk.hu\/gb\/wp-json\/wp\/v2\/categories?post=1516"},{"taxonomy":"post_tag","embeddable":true,"href":"https:\/\/galyarabok.drk.hu\/gb\/wp-json\/wp\/v2\/tags?post=1516"}],"curies":[{"name":"wp","href":"https:\/\/api.w.org\/{rel}","templated":true}]}}