{"id":1457,"date":"2024-10-24T12:48:14","date_gmt":"2024-10-24T12:48:14","guid":{"rendered":"https:\/\/galyarabok.drk.hu\/?page_id=1457"},"modified":"2024-11-14T09:45:25","modified_gmt":"2024-11-14T09:45:25","slug":"bortonok","status":"publish","type":"page","link":"https:\/\/galyarabok.drk.hu\/gb\/bortonok\/","title":{"rendered":"B\u00f6rt\u00f6n\u00f6k"},"content":{"rendered":"\n<figure class=\"wp-block-gallery has-nested-images columns-default is-cropped wp-block-gallery-1 is-layout-flex wp-block-gallery-is-layout-flex\">\n<figure class=\"wp-block-image size-large\"><a href=\"https:\/\/galyarabok.drk.hu\/wp-content\/uploads\/2024\/10\/02_02_03_BERENCSVARALJA_Berencsi4_M.jpg\"><img loading=\"lazy\" decoding=\"async\" width=\"768\" height=\"1024\" data-id=\"1444\" src=\"https:\/\/galyarabok.drk.hu\/wp-content\/uploads\/2024\/10\/02_02_03_BERENCSVARALJA_Berencsi4_M-768x1024.jpg\" alt=\"\" class=\"wp-image-1444\" srcset=\"https:\/\/galyarabok.drk.hu\/wp-content\/uploads\/2024\/10\/02_02_03_BERENCSVARALJA_Berencsi4_M-768x1024.jpg 768w, https:\/\/galyarabok.drk.hu\/wp-content\/uploads\/2024\/10\/02_02_03_BERENCSVARALJA_Berencsi4_M-225x300.jpg 225w, https:\/\/galyarabok.drk.hu\/wp-content\/uploads\/2024\/10\/02_02_03_BERENCSVARALJA_Berencsi4_M-1152x1536.jpg 1152w, https:\/\/galyarabok.drk.hu\/wp-content\/uploads\/2024\/10\/02_02_03_BERENCSVARALJA_Berencsi4_M-600x800.jpg 600w, https:\/\/galyarabok.drk.hu\/wp-content\/uploads\/2024\/10\/02_02_03_BERENCSVARALJA_Berencsi4_M.jpg 1536w\" sizes=\"auto, (max-width: 768px) 100vw, 768px\" \/><\/a><figcaption class=\"wp-element-caption\"><a href=\"https:\/\/galyarabok.drk.hu\/gb\/berencsvaralja\/\" data-internallinksmanager029f6b8e52c=\"8\" title=\"Berencsv\u00e1ralja\">Berencsv\u00e1ralja<\/a> (Podbran\u010d)<\/figcaption><\/figure>\n\n\n\n<figure class=\"wp-block-image size-large\"><a href=\"https:\/\/galyarabok.drk.hu\/wp-content\/uploads\/2024\/10\/Bozsok_kastely.jpg\"><img loading=\"lazy\" decoding=\"async\" width=\"250\" height=\"188\" data-id=\"1461\" src=\"https:\/\/galyarabok.drk.hu\/wp-content\/uploads\/2024\/10\/Bozsok_kastely.jpg\" alt=\"\" class=\"wp-image-1461\"\/><\/a><figcaption class=\"wp-element-caption\"><a href=\"https:\/\/galyarabok.drk.hu\/gb\/bozsok\/\" data-internallinksmanager029f6b8e52c=\"12\" title=\"Bozsok\">Bozsok<\/a> \/ Poschendorf &#8211; Batthy\u00e1nyi-kast\u00e9ly<\/figcaption><\/figure>\n\n\n\n<figure class=\"wp-block-image size-large\"><img loading=\"lazy\" decoding=\"async\" width=\"250\" height=\"166\" data-id=\"1462\" src=\"https:\/\/galyarabok.drk.hu\/wp-content\/uploads\/2024\/10\/Kastiel_Malinovo.jpg\" alt=\"\" class=\"wp-image-1462\"\/><figcaption class=\"wp-element-caption\">\u00c9berh\u00e1rd \/ Malinovo &#8211; Szelepcs\u00e9nyi \u00e9rsek kast\u00e9lya<\/figcaption><\/figure>\n\n\n\n<figure class=\"wp-block-image size-large\"><a href=\"https:\/\/galyarabok.drk.hu\/wp-content\/uploads\/2024\/10\/Kapuvar_-_Wiki.jpg\"><img loading=\"lazy\" decoding=\"async\" width=\"1024\" height=\"724\" data-id=\"1464\" src=\"https:\/\/galyarabok.drk.hu\/wp-content\/uploads\/2024\/10\/Kapuvar_-_Wiki-1024x724.jpg\" alt=\"\" class=\"wp-image-1464\" srcset=\"https:\/\/galyarabok.drk.hu\/wp-content\/uploads\/2024\/10\/Kapuvar_-_Wiki-1024x724.jpg 1024w, https:\/\/galyarabok.drk.hu\/wp-content\/uploads\/2024\/10\/Kapuvar_-_Wiki-300x212.jpg 300w, https:\/\/galyarabok.drk.hu\/wp-content\/uploads\/2024\/10\/Kapuvar_-_Wiki-768x543.jpg 768w, https:\/\/galyarabok.drk.hu\/wp-content\/uploads\/2024\/10\/Kapuvar_-_Wiki.jpg 1035w\" sizes=\"auto, (max-width: 1024px) 100vw, 1024px\" \/><\/a><figcaption class=\"wp-element-caption\"><a href=\"https:\/\/galyarabok.drk.hu\/gb\/kapuvar\/\" data-internallinksmanager029f6b8e52c=\"59\" title=\"Kapuv\u00e1r\">Kapuv\u00e1r<\/a> &#8211; Esterh\u00e1zy-kast\u00e9ly<\/figcaption><\/figure>\n\n\n\n<figure class=\"wp-block-image size-large\"><a href=\"https:\/\/galyarabok.drk.hu\/wp-content\/uploads\/2024\/10\/02_02_05_LIPOTVAR_Lipotvar_M-1.jpg\"><img loading=\"lazy\" decoding=\"async\" width=\"1024\" height=\"769\" data-id=\"1459\" src=\"https:\/\/galyarabok.drk.hu\/wp-content\/uploads\/2024\/10\/02_02_05_LIPOTVAR_Lipotvar_M-1-1024x769.jpg\" alt=\"\" class=\"wp-image-1459\" srcset=\"https:\/\/galyarabok.drk.hu\/wp-content\/uploads\/2024\/10\/02_02_05_LIPOTVAR_Lipotvar_M-1-1024x769.jpg 1024w, https:\/\/galyarabok.drk.hu\/wp-content\/uploads\/2024\/10\/02_02_05_LIPOTVAR_Lipotvar_M-1-300x225.jpg 300w, https:\/\/galyarabok.drk.hu\/wp-content\/uploads\/2024\/10\/02_02_05_LIPOTVAR_Lipotvar_M-1-768x576.jpg 768w, https:\/\/galyarabok.drk.hu\/wp-content\/uploads\/2024\/10\/02_02_05_LIPOTVAR_Lipotvar_M-1-1536x1153.jpg 1536w, https:\/\/galyarabok.drk.hu\/wp-content\/uploads\/2024\/10\/02_02_05_LIPOTVAR_Lipotvar_M-1-1066x800.jpg 1066w, https:\/\/galyarabok.drk.hu\/wp-content\/uploads\/2024\/10\/02_02_05_LIPOTVAR_Lipotvar_M-1.jpg 2048w\" sizes=\"auto, (max-width: 1024px) 100vw, 1024px\" \/><\/a><figcaption class=\"wp-element-caption\"><a href=\"https:\/\/galyarabok.drk.hu\/gb\/lipotvar\/\" data-internallinksmanager029f6b8e52c=\"74\" title=\"Lip\u00f3tv\u00e1r\">Lip\u00f3tv\u00e1r<\/a> \/ Leopoldstadt \/ Leopoldov &#8211; 1669 \u00f3ta er\u0151d \u00e9s b\u00f6rt\u00f6n<\/figcaption><\/figure>\n\n\n\n<figure class=\"wp-block-image size-large\"><a href=\"https:\/\/galyarabok.drk.hu\/wp-content\/uploads\/2024\/10\/Pozsonyi-ref.-templom.jpg\"><img loading=\"lazy\" decoding=\"async\" width=\"646\" height=\"1024\" data-id=\"1460\" src=\"https:\/\/galyarabok.drk.hu\/wp-content\/uploads\/2024\/10\/Pozsonyi-ref.-templom-646x1024.jpg\" alt=\"\" class=\"wp-image-1460\" srcset=\"https:\/\/galyarabok.drk.hu\/wp-content\/uploads\/2024\/10\/Pozsonyi-ref.-templom-646x1024.jpg 646w, https:\/\/galyarabok.drk.hu\/wp-content\/uploads\/2024\/10\/Pozsonyi-ref.-templom-189x300.jpg 189w, https:\/\/galyarabok.drk.hu\/wp-content\/uploads\/2024\/10\/Pozsonyi-ref.-templom-768x1218.jpg 768w, https:\/\/galyarabok.drk.hu\/wp-content\/uploads\/2024\/10\/Pozsonyi-ref.-templom-969x1536.jpg 969w, https:\/\/galyarabok.drk.hu\/wp-content\/uploads\/2024\/10\/Pozsonyi-ref.-templom-505x800.jpg 505w, https:\/\/galyarabok.drk.hu\/wp-content\/uploads\/2024\/10\/Pozsonyi-ref.-templom.jpg 1008w\" sizes=\"auto, (max-width: 646px) 100vw, 646px\" \/><\/a><figcaption class=\"wp-element-caption\"><a href=\"https:\/\/galyarabok.drk.hu\/gb\/pozsony\/\" data-internallinksmanager029f6b8e52c=\"100\" title=\"Pozsony\">Pozsony<\/a> &#8211; az egykori S\u00f3kamara \u00e9p\u00fclet\u00e9ben raboskodtak a pr\u00e9dik\u00e1torok, aminek a telk\u00e9n 1913-ban fel\u00e9p\u00fclt a reform\u00e1tusok temploma<\/figcaption><\/figure>\n\n\n\n<figure class=\"wp-block-image size-large\"><a href=\"https:\/\/galyarabok.drk.hu\/wp-content\/uploads\/2024\/10\/02_02_07_SARVAR_DSC_5052-Sarvar_M.jpg\"><img loading=\"lazy\" decoding=\"async\" width=\"1024\" height=\"768\" data-id=\"1447\" src=\"https:\/\/galyarabok.drk.hu\/wp-content\/uploads\/2024\/10\/02_02_07_SARVAR_DSC_5052-Sarvar_M-1024x768.jpg\" alt=\"\" class=\"wp-image-1447\" srcset=\"https:\/\/galyarabok.drk.hu\/wp-content\/uploads\/2024\/10\/02_02_07_SARVAR_DSC_5052-Sarvar_M-1024x768.jpg 1024w, https:\/\/galyarabok.drk.hu\/wp-content\/uploads\/2024\/10\/02_02_07_SARVAR_DSC_5052-Sarvar_M-300x225.jpg 300w, https:\/\/galyarabok.drk.hu\/wp-content\/uploads\/2024\/10\/02_02_07_SARVAR_DSC_5052-Sarvar_M-768x576.jpg 768w, https:\/\/galyarabok.drk.hu\/wp-content\/uploads\/2024\/10\/02_02_07_SARVAR_DSC_5052-Sarvar_M-1536x1152.jpg 1536w, https:\/\/galyarabok.drk.hu\/wp-content\/uploads\/2024\/10\/02_02_07_SARVAR_DSC_5052-Sarvar_M-1067x800.jpg 1067w, https:\/\/galyarabok.drk.hu\/wp-content\/uploads\/2024\/10\/02_02_07_SARVAR_DSC_5052-Sarvar_M.jpg 2048w\" sizes=\"auto, (max-width: 1024px) 100vw, 1024px\" \/><\/a><figcaption class=\"wp-element-caption\"><a href=\"https:\/\/galyarabok.drk.hu\/gb\/sarvar\/\" data-internallinksmanager029f6b8e52c=\"108\" title=\"S\u00e1rv\u00e1r\">S\u00e1rv\u00e1r<\/a> &#8211; N\u00e1dasdy-v\u00e1rkast\u00e9ly<\/figcaption><\/figure>\n<\/figure>\n","protected":false},"excerpt":{"rendered":"","protected":false},"author":1,"featured_media":1459,"parent":0,"menu_order":0,"comment_status":"closed","ping_status":"closed","template":"","meta":{"footnotes":""},"categories":[],"tags":[],"class_list":["post-1457","page","type-page","status-publish","has-post-thumbnail","hentry"],"translation":{"provider":"WPGlobus","version":"3.0.2","language":"gb","enabled_languages":["hu","gb"],"languages":{"hu":{"title":true,"content":true,"excerpt":false},"gb":{"title":false,"content":false,"excerpt":false}}},"yoast_head":"<!-- This site is optimized with the Yoast SEO plugin v27.2 - https:\/\/yoast.com\/product\/yoast-seo-wordpress\/ -->\n<title>B\u00f6rt\u00f6n\u00f6k<\/title>\n<meta name=\"robots\" content=\"index, follow, max-snippet:-1, max-image-preview:large, max-video-preview:-1\" \/>\n<link rel=\"canonical\" href=\"https:\/\/galyarabok.drk.hu\/bortonok\/\" \/>\n<meta property=\"og:locale\" content=\"en_GB\" \/>\n<meta property=\"og:type\" content=\"article\" \/>\n<meta property=\"og:title\" content=\"B\u00f6rt\u00f6n\u00f6k\" \/>\n<meta property=\"og:url\" content=\"https:\/\/galyarabok.drk.hu\/bortonok\/\" \/>\n<meta property=\"og:site_name\" content=\"Galley slave memorial road\" \/>\n<meta property=\"article:publisher\" content=\"https:\/\/www.facebook.com\/profile.php?id=61567825314709\" \/>\n<meta property=\"article:modified_time\" content=\"2024-11-14T09:45:25+00:00\" \/>\n<meta property=\"og:image\" content=\"https:\/\/galyarabok.drk.hu\/wp-content\/uploads\/2024\/10\/02_02_05_LIPOTVAR_Lipotvar_M-1.jpg\" \/>\n\t<meta property=\"og:image:width\" content=\"2048\" \/>\n\t<meta property=\"og:image:height\" content=\"1537\" \/>\n\t<meta property=\"og:image:type\" content=\"image\/jpeg\" \/>\n<meta name=\"twitter:card\" content=\"summary_large_image\" \/>\n<meta name=\"twitter:label1\" content=\"Est. reading time\" \/>\n\t<meta name=\"twitter:data1\" content=\"2 minutes\" \/>\n<script type=\"application\/ld+json\" class=\"yoast-schema-graph\">{\"@context\":\"https:\/\/schema.org\",\"@graph\":[{\"@type\":\"WebPage\",\"@id\":\"https:\/\/galyarabok.drk.hu\/bortonok\/\",\"url\":\"https:\/\/galyarabok.drk.hu\/bortonok\/\",\"name\":\"B\u00f6rt\u00f6n\u00f6k\",\"isPartOf\":{\"@id\":\"https:\/\/galyarabok.drk.hu\/#website\"},\"primaryImageOfPage\":{\"@id\":\"https:\/\/galyarabok.drk.hu\/bortonok\/#primaryimage\"},\"image\":{\"@id\":\"https:\/\/galyarabok.drk.hu\/bortonok\/#primaryimage\"},\"thumbnailUrl\":\"https:\/\/galyarabok.drk.hu\/wp-content\/uploads\/2024\/10\/02_02_05_LIPOTVAR_Lipotvar_M-1.jpg\",\"datePublished\":\"2024-10-24T12:48:14+00:00\",\"dateModified\":\"2024-11-14T09:45:25+00:00\",\"breadcrumb\":{\"@id\":\"https:\/\/galyarabok.drk.hu\/bortonok\/#breadcrumb\"},\"inLanguage\":\"en-GB\",\"potentialAction\":[{\"@type\":\"ReadAction\",\"target\":[\"https:\/\/galyarabok.drk.hu\/bortonok\/\"]}]},{\"@type\":\"ImageObject\",\"inLanguage\":\"en-GB\",\"@id\":\"https:\/\/galyarabok.drk.hu\/bortonok\/#primaryimage\",\"url\":\"https:\/\/galyarabok.drk.hu\/wp-content\/uploads\/2024\/10\/02_02_05_LIPOTVAR_Lipotvar_M-1.jpg\",\"contentUrl\":\"https:\/\/galyarabok.drk.hu\/wp-content\/uploads\/2024\/10\/02_02_05_LIPOTVAR_Lipotvar_M-1.jpg\",\"width\":2048,\"height\":1537,\"caption\":\"Lip\u00f3tv\u00e1r \/ Leopoldstadt \/ Leopoldov - 1669 \u00f3ta er\u0151d \u00e9s b\u00f6rt\u00f6n\"},{\"@type\":\"BreadcrumbList\",\"@id\":\"https:\/\/galyarabok.drk.hu\/bortonok\/#breadcrumb\",\"itemListElement\":[{\"@type\":\"ListItem\",\"position\":1,\"name\":\"Kezd\u0151lap\",\"item\":\"https:\/\/galyarabok.drk.hu\/\"},{\"@type\":\"ListItem\",\"position\":2,\"name\":\"B\u00f6rt\u00f6n\u00f6k\"}]},{\"@type\":\"WebSite\",\"@id\":\"https:\/\/galyarabok.drk.hu\/#website\",\"url\":\"https:\/\/galyarabok.drk.hu\/\",\"name\":\"G\u00e1lyarab-eml\u00e9k\u00fat\",\"description\":\"The remembrance of the Hungarian protestant galley slaves. Made and can be visited from the 350th anniversary of the galley slavery (2024)\",\"publisher\":{\"@id\":\"https:\/\/galyarabok.drk.hu\/#organization\"},\"potentialAction\":[{\"@type\":\"SearchAction\",\"target\":{\"@type\":\"EntryPoint\",\"urlTemplate\":\"https:\/\/galyarabok.drk.hu\/?s={search_term_string}\"},\"query-input\":{\"@type\":\"PropertyValueSpecification\",\"valueRequired\":true,\"valueName\":\"search_term_string\"}}],\"inLanguage\":\"en-GB\"},{\"@type\":\"Organization\",\"@id\":\"https:\/\/galyarabok.drk.hu\/#organization\",\"name\":\"G\u00e1lyarab-eml\u00e9k\u00fat\",\"url\":\"https:\/\/galyarabok.drk.hu\/\",\"logo\":{\"@type\":\"ImageObject\",\"inLanguage\":\"en-GB\",\"@id\":\"https:\/\/galyarabok.drk.hu\/#\/schema\/logo\/image\/\",\"url\":\"https:\/\/galyarabok.drk.hu\/wp-content\/uploads\/2021\/02\/cropped-galya-kor-arny-vilagos.png\",\"contentUrl\":\"https:\/\/galyarabok.drk.hu\/wp-content\/uploads\/2021\/02\/cropped-galya-kor-arny-vilagos.png\",\"width\":102,\"height\":100,\"caption\":\"G\u00e1lyarab-eml\u00e9k\u00fat\"},\"image\":{\"@id\":\"https:\/\/galyarabok.drk.hu\/#\/schema\/logo\/image\/\"},\"sameAs\":[\"https:\/\/www.facebook.com\/profile.php?id=61567825314709\"]}]}<\/script>\n<!-- \/ Yoast SEO plugin. -->","yoast_head_json":{"title":"B\u00f6rt\u00f6n\u00f6k","robots":{"index":"index","follow":"follow","max-snippet":"max-snippet:-1","max-image-preview":"max-image-preview:large","max-video-preview":"max-video-preview:-1"},"canonical":"https:\/\/galyarabok.drk.hu\/bortonok\/","og_locale":"en_GB","og_type":"article","og_title":"B\u00f6rt\u00f6n\u00f6k","og_url":"https:\/\/galyarabok.drk.hu\/bortonok\/","og_site_name":"Galley slave memorial road","article_publisher":"https:\/\/www.facebook.com\/profile.php?id=61567825314709","article_modified_time":"2024-11-14T09:45:25+00:00","og_image":[{"width":2048,"height":1537,"url":"https:\/\/galyarabok.drk.hu\/wp-content\/uploads\/2024\/10\/02_02_05_LIPOTVAR_Lipotvar_M-1.jpg","type":"image\/jpeg"}],"twitter_card":"summary_large_image","twitter_misc":{"Est. reading time":"2 minutes"},"schema":{"@context":"https:\/\/schema.org","@graph":[{"@type":"WebPage","@id":"https:\/\/galyarabok.drk.hu\/bortonok\/","url":"https:\/\/galyarabok.drk.hu\/bortonok\/","name":"B\u00f6rt\u00f6n\u00f6k","isPartOf":{"@id":"https:\/\/galyarabok.drk.hu\/#website"},"primaryImageOfPage":{"@id":"https:\/\/galyarabok.drk.hu\/bortonok\/#primaryimage"},"image":{"@id":"https:\/\/galyarabok.drk.hu\/bortonok\/#primaryimage"},"thumbnailUrl":"https:\/\/galyarabok.drk.hu\/wp-content\/uploads\/2024\/10\/02_02_05_LIPOTVAR_Lipotvar_M-1.jpg","datePublished":"2024-10-24T12:48:14+00:00","dateModified":"2024-11-14T09:45:25+00:00","breadcrumb":{"@id":"https:\/\/galyarabok.drk.hu\/bortonok\/#breadcrumb"},"inLanguage":"en-GB","potentialAction":[{"@type":"ReadAction","target":["https:\/\/galyarabok.drk.hu\/bortonok\/"]}]},{"@type":"ImageObject","inLanguage":"en-GB","@id":"https:\/\/galyarabok.drk.hu\/bortonok\/#primaryimage","url":"https:\/\/galyarabok.drk.hu\/wp-content\/uploads\/2024\/10\/02_02_05_LIPOTVAR_Lipotvar_M-1.jpg","contentUrl":"https:\/\/galyarabok.drk.hu\/wp-content\/uploads\/2024\/10\/02_02_05_LIPOTVAR_Lipotvar_M-1.jpg","width":2048,"height":1537,"caption":"Lip\u00f3tv\u00e1r \/ Leopoldstadt \/ Leopoldov - 1669 \u00f3ta er\u0151d \u00e9s b\u00f6rt\u00f6n"},{"@type":"BreadcrumbList","@id":"https:\/\/galyarabok.drk.hu\/bortonok\/#breadcrumb","itemListElement":[{"@type":"ListItem","position":1,"name":"Kezd\u0151lap","item":"https:\/\/galyarabok.drk.hu\/"},{"@type":"ListItem","position":2,"name":"B\u00f6rt\u00f6n\u00f6k"}]},{"@type":"WebSite","@id":"https:\/\/galyarabok.drk.hu\/#website","url":"https:\/\/galyarabok.drk.hu\/","name":"G\u00e1lyarab-eml\u00e9k\u00fat","description":"The remembrance of the Hungarian protestant galley slaves. Made and can be visited from the 350th anniversary of the galley slavery (2024)","publisher":{"@id":"https:\/\/galyarabok.drk.hu\/#organization"},"potentialAction":[{"@type":"SearchAction","target":{"@type":"EntryPoint","urlTemplate":"https:\/\/galyarabok.drk.hu\/?s={search_term_string}"},"query-input":{"@type":"PropertyValueSpecification","valueRequired":true,"valueName":"search_term_string"}}],"inLanguage":"en-GB"},{"@type":"Organization","@id":"https:\/\/galyarabok.drk.hu\/#organization","name":"G\u00e1lyarab-eml\u00e9k\u00fat","url":"https:\/\/galyarabok.drk.hu\/","logo":{"@type":"ImageObject","inLanguage":"en-GB","@id":"https:\/\/galyarabok.drk.hu\/#\/schema\/logo\/image\/","url":"https:\/\/galyarabok.drk.hu\/wp-content\/uploads\/2021\/02\/cropped-galya-kor-arny-vilagos.png","contentUrl":"https:\/\/galyarabok.drk.hu\/wp-content\/uploads\/2021\/02\/cropped-galya-kor-arny-vilagos.png","width":102,"height":100,"caption":"G\u00e1lyarab-eml\u00e9k\u00fat"},"image":{"@id":"https:\/\/galyarabok.drk.hu\/#\/schema\/logo\/image\/"},"sameAs":["https:\/\/www.facebook.com\/profile.php?id=61567825314709"]}]}},"_links":{"self":[{"href":"https:\/\/galyarabok.drk.hu\/gb\/wp-json\/wp\/v2\/pages\/1457","targetHints":{"allow":["GET"]}}],"collection":[{"href":"https:\/\/galyarabok.drk.hu\/gb\/wp-json\/wp\/v2\/pages"}],"about":[{"href":"https:\/\/galyarabok.drk.hu\/gb\/wp-json\/wp\/v2\/types\/page"}],"author":[{"embeddable":true,"href":"https:\/\/galyarabok.drk.hu\/gb\/wp-json\/wp\/v2\/users\/1"}],"replies":[{"embeddable":true,"href":"https:\/\/galyarabok.drk.hu\/gb\/wp-json\/wp\/v2\/comments?post=1457"}],"version-history":[{"count":4,"href":"https:\/\/galyarabok.drk.hu\/gb\/wp-json\/wp\/v2\/pages\/1457\/revisions"}],"predecessor-version":[{"id":1567,"href":"https:\/\/galyarabok.drk.hu\/gb\/wp-json\/wp\/v2\/pages\/1457\/revisions\/1567"}],"wp:featuredmedia":[{"embeddable":true,"href":"https:\/\/galyarabok.drk.hu\/gb\/wp-json\/wp\/v2\/media\/1459"}],"wp:attachment":[{"href":"https:\/\/galyarabok.drk.hu\/gb\/wp-json\/wp\/v2\/media?parent=1457"}],"wp:term":[{"taxonomy":"category","embeddable":true,"href":"https:\/\/galyarabok.drk.hu\/gb\/wp-json\/wp\/v2\/categories?post=1457"},{"taxonomy":"post_tag","embeddable":true,"href":"https:\/\/galyarabok.drk.hu\/gb\/wp-json\/wp\/v2\/tags?post=1457"}],"curies":[{"name":"wp","href":"https:\/\/api.w.org\/{rel}","templated":true}]}}