{"id":1440,"date":"2024-10-24T08:43:45","date_gmt":"2024-10-24T08:43:45","guid":{"rendered":"https:\/\/galyarabok.drk.hu\/?page_id=1440"},"modified":"2024-11-14T09:44:13","modified_gmt":"2024-11-14T09:44:13","slug":"kulfoldon","status":"publish","type":"page","link":"https:\/\/galyarabok.drk.hu\/gb\/kulfoldon\/","title":{"rendered":"K\u00fclf\u00f6ld\u00f6n"},"content":{"rendered":"\n<figure class=\"wp-block-gallery has-nested-images columns-default is-cropped wp-block-gallery-1 is-layout-flex wp-block-gallery-is-layout-flex\">\n<figure class=\"wp-block-image size-large\"><a href=\"https:\/\/galyarabok.drk.hu\/wp-content\/uploads\/2024\/10\/02_05_03_Amsterdam.jpg\"><img loading=\"lazy\" decoding=\"async\" width=\"1024\" height=\"810\" data-id=\"1498\" src=\"https:\/\/galyarabok.drk.hu\/wp-content\/uploads\/2024\/10\/02_05_03_Amsterdam-1024x810.jpg\" alt=\"\" class=\"wp-image-1498\" srcset=\"https:\/\/galyarabok.drk.hu\/wp-content\/uploads\/2024\/10\/02_05_03_Amsterdam-1024x810.jpg 1024w, https:\/\/galyarabok.drk.hu\/wp-content\/uploads\/2024\/10\/02_05_03_Amsterdam-300x237.jpg 300w, https:\/\/galyarabok.drk.hu\/wp-content\/uploads\/2024\/10\/02_05_03_Amsterdam-768x608.jpg 768w, https:\/\/galyarabok.drk.hu\/wp-content\/uploads\/2024\/10\/02_05_03_Amsterdam-1536x1215.jpg 1536w, https:\/\/galyarabok.drk.hu\/wp-content\/uploads\/2024\/10\/02_05_03_Amsterdam-1011x800.jpg 1011w, https:\/\/galyarabok.drk.hu\/wp-content\/uploads\/2024\/10\/02_05_03_Amsterdam.jpg 1782w\" sizes=\"auto, (max-width: 1024px) 100vw, 1024px\" \/><\/a><figcaption class=\"wp-element-caption\">Amsterdam<\/figcaption><\/figure>\n\n\n\n<figure class=\"wp-block-image size-large\"><a href=\"https:\/\/galyarabok.drk.hu\/wp-content\/uploads\/2024\/10\/02_04_04_Herrliberger_Bern.jpg\"><img loading=\"lazy\" decoding=\"async\" width=\"1024\" height=\"701\" data-id=\"1495\" src=\"https:\/\/galyarabok.drk.hu\/wp-content\/uploads\/2024\/10\/02_04_04_Herrliberger_Bern-1024x701.jpg\" alt=\"\" class=\"wp-image-1495\" srcset=\"https:\/\/galyarabok.drk.hu\/wp-content\/uploads\/2024\/10\/02_04_04_Herrliberger_Bern-1024x701.jpg 1024w, https:\/\/galyarabok.drk.hu\/wp-content\/uploads\/2024\/10\/02_04_04_Herrliberger_Bern-300x206.jpg 300w, https:\/\/galyarabok.drk.hu\/wp-content\/uploads\/2024\/10\/02_04_04_Herrliberger_Bern-768x526.jpg 768w, https:\/\/galyarabok.drk.hu\/wp-content\/uploads\/2024\/10\/02_04_04_Herrliberger_Bern-1536x1052.jpg 1536w, https:\/\/galyarabok.drk.hu\/wp-content\/uploads\/2024\/10\/02_04_04_Herrliberger_Bern-1168x800.jpg 1168w, https:\/\/galyarabok.drk.hu\/wp-content\/uploads\/2024\/10\/02_04_04_Herrliberger_Bern.jpg 2000w\" sizes=\"auto, (max-width: 1024px) 100vw, 1024px\" \/><\/a><figcaption class=\"wp-element-caption\">Bern<\/figcaption><\/figure>\n\n\n\n<figure class=\"wp-block-image size-large\"><a href=\"https:\/\/galyarabok.drk.hu\/wp-content\/uploads\/2024\/10\/02_03_01_CHIETI-masolat.jpg\"><img loading=\"lazy\" decoding=\"async\" width=\"626\" height=\"490\" data-id=\"1448\" src=\"https:\/\/galyarabok.drk.hu\/wp-content\/uploads\/2024\/10\/02_03_01_CHIETI-masolat.jpg\" alt=\"\" class=\"wp-image-1448\" srcset=\"https:\/\/galyarabok.drk.hu\/wp-content\/uploads\/2024\/10\/02_03_01_CHIETI-masolat.jpg 626w, https:\/\/galyarabok.drk.hu\/wp-content\/uploads\/2024\/10\/02_03_01_CHIETI-masolat-300x235.jpg 300w\" sizes=\"auto, (max-width: 626px) 100vw, 626px\" \/><\/a><figcaption class=\"wp-element-caption\">Chieti<\/figcaption><\/figure>\n\n\n\n<figure class=\"wp-block-image size-large\"><a href=\"https:\/\/galyarabok.drk.hu\/wp-content\/uploads\/2024\/10\/02_04_03_Genf.jpg\"><img loading=\"lazy\" decoding=\"async\" width=\"1024\" height=\"681\" data-id=\"1496\" src=\"https:\/\/galyarabok.drk.hu\/wp-content\/uploads\/2024\/10\/02_04_03_Genf-1024x681.jpg\" alt=\"\" class=\"wp-image-1496\" srcset=\"https:\/\/galyarabok.drk.hu\/wp-content\/uploads\/2024\/10\/02_04_03_Genf-1024x681.jpg 1024w, https:\/\/galyarabok.drk.hu\/wp-content\/uploads\/2024\/10\/02_04_03_Genf-300x200.jpg 300w, https:\/\/galyarabok.drk.hu\/wp-content\/uploads\/2024\/10\/02_04_03_Genf-768x511.jpg 768w, https:\/\/galyarabok.drk.hu\/wp-content\/uploads\/2024\/10\/02_04_03_Genf-1200x798.jpg 1200w, https:\/\/galyarabok.drk.hu\/wp-content\/uploads\/2024\/10\/02_04_03_Genf.jpg 1344w\" sizes=\"auto, (max-width: 1024px) 100vw, 1024px\" \/><\/a><figcaption class=\"wp-element-caption\">Genf<\/figcaption><\/figure>\n\n\n\n<figure class=\"wp-block-image size-large\"><a href=\"https:\/\/galyarabok.drk.hu\/wp-content\/uploads\/2024\/10\/02_05_03_Haga.jpg\"><img loading=\"lazy\" decoding=\"async\" width=\"1024\" height=\"980\" data-id=\"1493\" src=\"https:\/\/galyarabok.drk.hu\/wp-content\/uploads\/2024\/10\/02_05_03_Haga-1024x980.jpg\" alt=\"\" class=\"wp-image-1493\" srcset=\"https:\/\/galyarabok.drk.hu\/wp-content\/uploads\/2024\/10\/02_05_03_Haga-1024x980.jpg 1024w, https:\/\/galyarabok.drk.hu\/wp-content\/uploads\/2024\/10\/02_05_03_Haga-300x287.jpg 300w, https:\/\/galyarabok.drk.hu\/wp-content\/uploads\/2024\/10\/02_05_03_Haga-768x735.jpg 768w, https:\/\/galyarabok.drk.hu\/wp-content\/uploads\/2024\/10\/02_05_03_Haga-836x800.jpg 836w, https:\/\/galyarabok.drk.hu\/wp-content\/uploads\/2024\/10\/02_05_03_Haga.jpg 1363w\" sizes=\"auto, (max-width: 1024px) 100vw, 1024px\" \/><\/a><figcaption class=\"wp-element-caption\">H\u00e1ga<\/figcaption><\/figure>\n\n\n\n<figure class=\"wp-block-image size-large\"><a href=\"https:\/\/galyarabok.drk.hu\/wp-content\/uploads\/2024\/10\/02_06_02_Heidelberger.jpg\"><img loading=\"lazy\" decoding=\"async\" width=\"1024\" height=\"788\" data-id=\"1492\" src=\"https:\/\/galyarabok.drk.hu\/wp-content\/uploads\/2024\/10\/02_06_02_Heidelberger-1024x788.jpg\" alt=\"\" class=\"wp-image-1492\" srcset=\"https:\/\/galyarabok.drk.hu\/wp-content\/uploads\/2024\/10\/02_06_02_Heidelberger-1024x788.jpg 1024w, https:\/\/galyarabok.drk.hu\/wp-content\/uploads\/2024\/10\/02_06_02_Heidelberger-300x231.jpg 300w, https:\/\/galyarabok.drk.hu\/wp-content\/uploads\/2024\/10\/02_06_02_Heidelberger-768x591.jpg 768w, https:\/\/galyarabok.drk.hu\/wp-content\/uploads\/2024\/10\/02_06_02_Heidelberger-1039x800.jpg 1039w, https:\/\/galyarabok.drk.hu\/wp-content\/uploads\/2024\/10\/02_06_02_Heidelberger.jpg 1134w\" sizes=\"auto, (max-width: 1024px) 100vw, 1024px\" \/><\/a><figcaption class=\"wp-element-caption\">Heidelberg<\/figcaption><\/figure>\n\n\n\n<figure class=\"wp-block-image size-large\"><a href=\"https:\/\/galyarabok.drk.hu\/wp-content\/uploads\/2024\/10\/02_06_01_Koppenhaga.jpg\"><img loading=\"lazy\" decoding=\"async\" width=\"1024\" height=\"679\" data-id=\"1494\" src=\"https:\/\/galyarabok.drk.hu\/wp-content\/uploads\/2024\/10\/02_06_01_Koppenhaga-1024x679.jpg\" alt=\"\" class=\"wp-image-1494\" srcset=\"https:\/\/galyarabok.drk.hu\/wp-content\/uploads\/2024\/10\/02_06_01_Koppenhaga-1024x679.jpg 1024w, https:\/\/galyarabok.drk.hu\/wp-content\/uploads\/2024\/10\/02_06_01_Koppenhaga-300x199.jpg 300w, https:\/\/galyarabok.drk.hu\/wp-content\/uploads\/2024\/10\/02_06_01_Koppenhaga-768x509.jpg 768w, https:\/\/galyarabok.drk.hu\/wp-content\/uploads\/2024\/10\/02_06_01_Koppenhaga.jpg 1113w\" sizes=\"auto, (max-width: 1024px) 100vw, 1024px\" \/><\/a><figcaption class=\"wp-element-caption\">Koppenh\u00e1ga<\/figcaption><\/figure>\n\n\n\n<figure class=\"wp-block-image size-large\"><a href=\"https:\/\/galyarabok.drk.hu\/wp-content\/uploads\/2024\/10\/02_05_01_LEIDEN.jpg\"><img loading=\"lazy\" decoding=\"async\" width=\"1024\" height=\"866\" data-id=\"1491\" src=\"https:\/\/galyarabok.drk.hu\/wp-content\/uploads\/2024\/10\/02_05_01_LEIDEN-1024x866.jpg\" alt=\"\" class=\"wp-image-1491\" srcset=\"https:\/\/galyarabok.drk.hu\/wp-content\/uploads\/2024\/10\/02_05_01_LEIDEN-1024x866.jpg 1024w, https:\/\/galyarabok.drk.hu\/wp-content\/uploads\/2024\/10\/02_05_01_LEIDEN-300x254.jpg 300w, https:\/\/galyarabok.drk.hu\/wp-content\/uploads\/2024\/10\/02_05_01_LEIDEN-768x650.jpg 768w, https:\/\/galyarabok.drk.hu\/wp-content\/uploads\/2024\/10\/02_05_01_LEIDEN-946x800.jpg 946w, https:\/\/galyarabok.drk.hu\/wp-content\/uploads\/2024\/10\/02_05_01_LEIDEN.jpg 1200w\" sizes=\"auto, (max-width: 1024px) 100vw, 1024px\" \/><\/a><figcaption class=\"wp-element-caption\">Leiden<\/figcaption><\/figure>\n\n\n\n<figure class=\"wp-block-image size-large\"><a href=\"https:\/\/galyarabok.drk.hu\/wp-content\/uploads\/2024\/10\/02_07_LONDON-masolat-scaled.jpg\"><img loading=\"lazy\" decoding=\"async\" width=\"1024\" height=\"1024\" data-id=\"1442\" src=\"https:\/\/galyarabok.drk.hu\/wp-content\/uploads\/2024\/10\/02_07_LONDON-masolat-1024x1024.jpg\" alt=\"\" class=\"wp-image-1442\" srcset=\"https:\/\/galyarabok.drk.hu\/wp-content\/uploads\/2024\/10\/02_07_LONDON-masolat-1024x1024.jpg 1024w, https:\/\/galyarabok.drk.hu\/wp-content\/uploads\/2024\/10\/02_07_LONDON-masolat-300x300.jpg 300w, https:\/\/galyarabok.drk.hu\/wp-content\/uploads\/2024\/10\/02_07_LONDON-masolat-150x150.jpg 150w, https:\/\/galyarabok.drk.hu\/wp-content\/uploads\/2024\/10\/02_07_LONDON-masolat-768x768.jpg 768w, https:\/\/galyarabok.drk.hu\/wp-content\/uploads\/2024\/10\/02_07_LONDON-masolat-1536x1536.jpg 1536w, https:\/\/galyarabok.drk.hu\/wp-content\/uploads\/2024\/10\/02_07_LONDON-masolat-2048x2048.jpg 2048w, https:\/\/galyarabok.drk.hu\/wp-content\/uploads\/2024\/10\/02_07_LONDON-masolat-800x800.jpg 800w\" sizes=\"auto, (max-width: 1024px) 100vw, 1024px\" \/><\/a><figcaption class=\"wp-element-caption\">London<\/figcaption><\/figure>\n\n\n\n<figure class=\"wp-block-image size-large\"><a href=\"https:\/\/galyarabok.drk.hu\/wp-content\/uploads\/2024\/10\/Veduta-della-citta-e-del-porto-di-Napoli.jpg\"><img loading=\"lazy\" decoding=\"async\" width=\"960\" height=\"587\" data-id=\"1451\" src=\"https:\/\/galyarabok.drk.hu\/wp-content\/uploads\/2024\/10\/Veduta-della-citta-e-del-porto-di-Napoli.jpg\" alt=\"\" class=\"wp-image-1451\" srcset=\"https:\/\/galyarabok.drk.hu\/wp-content\/uploads\/2024\/10\/Veduta-della-citta-e-del-porto-di-Napoli.jpg 960w, https:\/\/galyarabok.drk.hu\/wp-content\/uploads\/2024\/10\/Veduta-della-citta-e-del-porto-di-Napoli-300x183.jpg 300w, https:\/\/galyarabok.drk.hu\/wp-content\/uploads\/2024\/10\/Veduta-della-citta-e-del-porto-di-Napoli-768x470.jpg 768w\" sizes=\"auto, (max-width: 960px) 100vw, 960px\" \/><\/a><figcaption class=\"wp-element-caption\">N\u00e1poly<\/figcaption><\/figure>\n\n\n\n<figure class=\"wp-block-image size-large\"><a href=\"https:\/\/galyarabok.drk.hu\/wp-content\/uploads\/2024\/10\/02_03_05_Map_of_trieszt_15th_century.jpg\"><img loading=\"lazy\" decoding=\"async\" width=\"975\" height=\"692\" data-id=\"1490\" src=\"https:\/\/galyarabok.drk.hu\/wp-content\/uploads\/2024\/10\/02_03_05_Map_of_trieszt_15th_century.jpg\" alt=\"Trieszt\" class=\"wp-image-1490\" srcset=\"https:\/\/galyarabok.drk.hu\/wp-content\/uploads\/2024\/10\/02_03_05_Map_of_trieszt_15th_century.jpg 975w, https:\/\/galyarabok.drk.hu\/wp-content\/uploads\/2024\/10\/02_03_05_Map_of_trieszt_15th_century-300x213.jpg 300w, https:\/\/galyarabok.drk.hu\/wp-content\/uploads\/2024\/10\/02_03_05_Map_of_trieszt_15th_century-768x545.jpg 768w\" sizes=\"auto, (max-width: 975px) 100vw, 975px\" \/><\/a><figcaption class=\"wp-element-caption\">Trieszt<\/figcaption><\/figure>\n\n\n\n<figure class=\"wp-block-image size-large\"><a href=\"https:\/\/galyarabok.drk.hu\/wp-content\/uploads\/2024\/10\/02_05_02_Utrecht.jpg\"><img loading=\"lazy\" decoding=\"async\" width=\"1024\" height=\"699\" data-id=\"1449\" src=\"https:\/\/galyarabok.drk.hu\/wp-content\/uploads\/2024\/10\/02_05_02_Utrecht-1024x699.jpg\" alt=\"\" class=\"wp-image-1449\" srcset=\"https:\/\/galyarabok.drk.hu\/wp-content\/uploads\/2024\/10\/02_05_02_Utrecht-1024x699.jpg 1024w, https:\/\/galyarabok.drk.hu\/wp-content\/uploads\/2024\/10\/02_05_02_Utrecht-300x205.jpg 300w, https:\/\/galyarabok.drk.hu\/wp-content\/uploads\/2024\/10\/02_05_02_Utrecht-768x524.jpg 768w, https:\/\/galyarabok.drk.hu\/wp-content\/uploads\/2024\/10\/02_05_02_Utrecht-1172x800.jpg 1172w, https:\/\/galyarabok.drk.hu\/wp-content\/uploads\/2024\/10\/02_05_02_Utrecht.jpg 1239w\" sizes=\"auto, (max-width: 1024px) 100vw, 1024px\" \/><\/a><figcaption class=\"wp-element-caption\">Utrecht<\/figcaption><\/figure>\n\n\n\n<figure class=\"wp-block-image size-large\"><a href=\"https:\/\/galyarabok.drk.hu\/wp-content\/uploads\/2024\/10\/02_02_05_LIPOTVAR_Lipotvar_M.jpg\"><img loading=\"lazy\" decoding=\"async\" width=\"1024\" height=\"769\" data-id=\"1446\" src=\"https:\/\/galyarabok.drk.hu\/wp-content\/uploads\/2024\/10\/02_02_05_LIPOTVAR_Lipotvar_M-1024x769.jpg\" alt=\"\" class=\"wp-image-1446\" srcset=\"https:\/\/galyarabok.drk.hu\/wp-content\/uploads\/2024\/10\/02_02_05_LIPOTVAR_Lipotvar_M-1024x769.jpg 1024w, https:\/\/galyarabok.drk.hu\/wp-content\/uploads\/2024\/10\/02_02_05_LIPOTVAR_Lipotvar_M-300x225.jpg 300w, https:\/\/galyarabok.drk.hu\/wp-content\/uploads\/2024\/10\/02_02_05_LIPOTVAR_Lipotvar_M-768x576.jpg 768w, https:\/\/galyarabok.drk.hu\/wp-content\/uploads\/2024\/10\/02_02_05_LIPOTVAR_Lipotvar_M-1536x1153.jpg 1536w, https:\/\/galyarabok.drk.hu\/wp-content\/uploads\/2024\/10\/02_02_05_LIPOTVAR_Lipotvar_M-1066x800.jpg 1066w, https:\/\/galyarabok.drk.hu\/wp-content\/uploads\/2024\/10\/02_02_05_LIPOTVAR_Lipotvar_M.jpg 2048w\" sizes=\"auto, (max-width: 1024px) 100vw, 1024px\" \/><\/a><figcaption class=\"wp-element-caption\">\u00dajv\u00e1roska\/Leopoldov (r\u00e9gen: <a href=\"https:\/\/galyarabok.drk.hu\/gb\/lipotvar\/\" data-internallinksmanager029f6b8e52c=\"74\" title=\"Lip\u00f3tv\u00e1r\">Lip\u00f3tv\u00e1r<\/a>)<\/figcaption><\/figure>\n\n\n\n<figure class=\"wp-block-image size-large\"><a href=\"https:\/\/galyarabok.drk.hu\/wp-content\/uploads\/2024\/10\/Velence.jpg\"><img loading=\"lazy\" decoding=\"async\" width=\"1024\" height=\"711\" data-id=\"1452\" src=\"https:\/\/galyarabok.drk.hu\/wp-content\/uploads\/2024\/10\/Velence-1024x711.jpg\" alt=\"\" class=\"wp-image-1452\" srcset=\"https:\/\/galyarabok.drk.hu\/wp-content\/uploads\/2024\/10\/Velence-1024x711.jpg 1024w, https:\/\/galyarabok.drk.hu\/wp-content\/uploads\/2024\/10\/Velence-300x208.jpg 300w, https:\/\/galyarabok.drk.hu\/wp-content\/uploads\/2024\/10\/Velence-768x534.jpg 768w, https:\/\/galyarabok.drk.hu\/wp-content\/uploads\/2024\/10\/Velence-1151x800.jpg 1151w, https:\/\/galyarabok.drk.hu\/wp-content\/uploads\/2024\/10\/Velence.jpg 1327w\" sizes=\"auto, (max-width: 1024px) 100vw, 1024px\" \/><\/a><figcaption class=\"wp-element-caption\">Velence<\/figcaption><\/figure>\n\n\n\n<figure class=\"wp-block-image size-large\"><a href=\"https:\/\/galyarabok.drk.hu\/wp-content\/uploads\/2024\/10\/02_06_03_Wittenberg-1536.jpg\"><img loading=\"lazy\" decoding=\"async\" width=\"1024\" height=\"489\" data-id=\"1489\" src=\"https:\/\/galyarabok.drk.hu\/wp-content\/uploads\/2024\/10\/02_06_03_Wittenberg-1536-1024x489.jpg\" alt=\"\" class=\"wp-image-1489\" srcset=\"https:\/\/galyarabok.drk.hu\/wp-content\/uploads\/2024\/10\/02_06_03_Wittenberg-1536-1024x489.jpg 1024w, https:\/\/galyarabok.drk.hu\/wp-content\/uploads\/2024\/10\/02_06_03_Wittenberg-1536-300x143.jpg 300w, https:\/\/galyarabok.drk.hu\/wp-content\/uploads\/2024\/10\/02_06_03_Wittenberg-1536-768x367.jpg 768w, https:\/\/galyarabok.drk.hu\/wp-content\/uploads\/2024\/10\/02_06_03_Wittenberg-1536-1536x733.jpg 1536w, https:\/\/galyarabok.drk.hu\/wp-content\/uploads\/2024\/10\/02_06_03_Wittenberg-1536-1200x573.jpg 1200w, https:\/\/galyarabok.drk.hu\/wp-content\/uploads\/2024\/10\/02_06_03_Wittenberg-1536.jpg 1600w\" sizes=\"auto, (max-width: 1024px) 100vw, 1024px\" \/><\/a><figcaption class=\"wp-element-caption\">Wittenberg<\/figcaption><\/figure>\n\n\n\n<figure class=\"wp-block-image size-large\"><a href=\"https:\/\/galyarabok.drk.hu\/wp-content\/uploads\/2024\/10\/02_04_01_0Zurych_Turicum-scaled.jpg\"><img loading=\"lazy\" decoding=\"async\" width=\"1024\" height=\"777\" data-id=\"1443\" src=\"https:\/\/galyarabok.drk.hu\/wp-content\/uploads\/2024\/10\/02_04_01_0Zurych_Turicum-1024x777.jpg\" alt=\"\" class=\"wp-image-1443\" srcset=\"https:\/\/galyarabok.drk.hu\/wp-content\/uploads\/2024\/10\/02_04_01_0Zurych_Turicum-1024x777.jpg 1024w, https:\/\/galyarabok.drk.hu\/wp-content\/uploads\/2024\/10\/02_04_01_0Zurych_Turicum-300x228.jpg 300w, https:\/\/galyarabok.drk.hu\/wp-content\/uploads\/2024\/10\/02_04_01_0Zurych_Turicum-768x583.jpg 768w, https:\/\/galyarabok.drk.hu\/wp-content\/uploads\/2024\/10\/02_04_01_0Zurych_Turicum-1536x1166.jpg 1536w, https:\/\/galyarabok.drk.hu\/wp-content\/uploads\/2024\/10\/02_04_01_0Zurych_Turicum-2048x1555.jpg 2048w, https:\/\/galyarabok.drk.hu\/wp-content\/uploads\/2024\/10\/02_04_01_0Zurych_Turicum-1054x800.jpg 1054w\" sizes=\"auto, (max-width: 1024px) 100vw, 1024px\" \/><\/a><figcaption class=\"wp-element-caption\">Z\u00fcrich<\/figcaption><\/figure>\n<\/figure>\n","protected":false},"excerpt":{"rendered":"","protected":false},"author":1,"featured_media":1443,"parent":0,"menu_order":0,"comment_status":"closed","ping_status":"closed","template":"","meta":{"footnotes":""},"categories":[],"tags":[],"class_list":["post-1440","page","type-page","status-publish","has-post-thumbnail","hentry"],"translation":{"provider":"WPGlobus","version":"3.0.2","language":"gb","enabled_languages":["hu","gb"],"languages":{"hu":{"title":true,"content":true,"excerpt":false},"gb":{"title":false,"content":false,"excerpt":false}}},"yoast_head":"<!-- This site is optimized with the Yoast SEO plugin v27.2 - https:\/\/yoast.com\/product\/yoast-seo-wordpress\/ -->\n<title>K\u00fclf\u00f6ld\u00f6n<\/title>\n<meta name=\"robots\" content=\"index, follow, max-snippet:-1, max-image-preview:large, max-video-preview:-1\" \/>\n<link rel=\"canonical\" href=\"https:\/\/galyarabok.drk.hu\/kulfoldon\/\" \/>\n<meta property=\"og:locale\" content=\"en_GB\" \/>\n<meta property=\"og:type\" content=\"article\" \/>\n<meta property=\"og:title\" content=\"K\u00fclf\u00f6ld\u00f6n\" \/>\n<meta property=\"og:url\" content=\"https:\/\/galyarabok.drk.hu\/kulfoldon\/\" \/>\n<meta property=\"og:site_name\" content=\"Galley slave memorial road\" \/>\n<meta property=\"article:publisher\" content=\"https:\/\/www.facebook.com\/profile.php?id=61567825314709\" \/>\n<meta property=\"article:modified_time\" content=\"2024-11-14T09:44:13+00:00\" \/>\n<meta property=\"og:image\" content=\"https:\/\/galyarabok.drk.hu\/wp-content\/uploads\/2024\/10\/02_04_01_0Zurych_Turicum-scaled.jpg\" \/>\n\t<meta property=\"og:image:width\" content=\"2560\" \/>\n\t<meta property=\"og:image:height\" content=\"1943\" \/>\n\t<meta property=\"og:image:type\" content=\"image\/jpeg\" \/>\n<meta name=\"twitter:card\" content=\"summary_large_image\" \/>\n<meta name=\"twitter:label1\" content=\"Est. reading time\" \/>\n\t<meta name=\"twitter:data1\" content=\"4 minutes\" \/>\n<script type=\"application\/ld+json\" class=\"yoast-schema-graph\">{\"@context\":\"https:\/\/schema.org\",\"@graph\":[{\"@type\":\"WebPage\",\"@id\":\"https:\/\/galyarabok.drk.hu\/kulfoldon\/\",\"url\":\"https:\/\/galyarabok.drk.hu\/kulfoldon\/\",\"name\":\"K\u00fclf\u00f6ld\u00f6n\",\"isPartOf\":{\"@id\":\"https:\/\/galyarabok.drk.hu\/#website\"},\"primaryImageOfPage\":{\"@id\":\"https:\/\/galyarabok.drk.hu\/kulfoldon\/#primaryimage\"},\"image\":{\"@id\":\"https:\/\/galyarabok.drk.hu\/kulfoldon\/#primaryimage\"},\"thumbnailUrl\":\"https:\/\/galyarabok.drk.hu\/wp-content\/uploads\/2024\/10\/02_04_01_0Zurych_Turicum-scaled.jpg\",\"datePublished\":\"2024-10-24T08:43:45+00:00\",\"dateModified\":\"2024-11-14T09:44:13+00:00\",\"breadcrumb\":{\"@id\":\"https:\/\/galyarabok.drk.hu\/kulfoldon\/#breadcrumb\"},\"inLanguage\":\"en-GB\",\"potentialAction\":[{\"@type\":\"ReadAction\",\"target\":[\"https:\/\/galyarabok.drk.hu\/kulfoldon\/\"]}]},{\"@type\":\"ImageObject\",\"inLanguage\":\"en-GB\",\"@id\":\"https:\/\/galyarabok.drk.hu\/kulfoldon\/#primaryimage\",\"url\":\"https:\/\/galyarabok.drk.hu\/wp-content\/uploads\/2024\/10\/02_04_01_0Zurych_Turicum-scaled.jpg\",\"contentUrl\":\"https:\/\/galyarabok.drk.hu\/wp-content\/uploads\/2024\/10\/02_04_01_0Zurych_Turicum-scaled.jpg\",\"width\":2560,\"height\":1943,\"caption\":\"Z\u00fcrich\"},{\"@type\":\"BreadcrumbList\",\"@id\":\"https:\/\/galyarabok.drk.hu\/kulfoldon\/#breadcrumb\",\"itemListElement\":[{\"@type\":\"ListItem\",\"position\":1,\"name\":\"Kezd\u0151lap\",\"item\":\"https:\/\/galyarabok.drk.hu\/\"},{\"@type\":\"ListItem\",\"position\":2,\"name\":\"K\u00fclf\u00f6ld\u00f6n\"}]},{\"@type\":\"WebSite\",\"@id\":\"https:\/\/galyarabok.drk.hu\/#website\",\"url\":\"https:\/\/galyarabok.drk.hu\/\",\"name\":\"G\u00e1lyarab-eml\u00e9k\u00fat\",\"description\":\"The remembrance of the Hungarian protestant galley slaves. Made and can be visited from the 350th anniversary of the galley slavery (2024)\",\"publisher\":{\"@id\":\"https:\/\/galyarabok.drk.hu\/#organization\"},\"potentialAction\":[{\"@type\":\"SearchAction\",\"target\":{\"@type\":\"EntryPoint\",\"urlTemplate\":\"https:\/\/galyarabok.drk.hu\/?s={search_term_string}\"},\"query-input\":{\"@type\":\"PropertyValueSpecification\",\"valueRequired\":true,\"valueName\":\"search_term_string\"}}],\"inLanguage\":\"en-GB\"},{\"@type\":\"Organization\",\"@id\":\"https:\/\/galyarabok.drk.hu\/#organization\",\"name\":\"G\u00e1lyarab-eml\u00e9k\u00fat\",\"url\":\"https:\/\/galyarabok.drk.hu\/\",\"logo\":{\"@type\":\"ImageObject\",\"inLanguage\":\"en-GB\",\"@id\":\"https:\/\/galyarabok.drk.hu\/#\/schema\/logo\/image\/\",\"url\":\"https:\/\/galyarabok.drk.hu\/wp-content\/uploads\/2021\/02\/cropped-galya-kor-arny-vilagos.png\",\"contentUrl\":\"https:\/\/galyarabok.drk.hu\/wp-content\/uploads\/2021\/02\/cropped-galya-kor-arny-vilagos.png\",\"width\":102,\"height\":100,\"caption\":\"G\u00e1lyarab-eml\u00e9k\u00fat\"},\"image\":{\"@id\":\"https:\/\/galyarabok.drk.hu\/#\/schema\/logo\/image\/\"},\"sameAs\":[\"https:\/\/www.facebook.com\/profile.php?id=61567825314709\"]}]}<\/script>\n<!-- \/ Yoast SEO plugin. -->","yoast_head_json":{"title":"K\u00fclf\u00f6ld\u00f6n","robots":{"index":"index","follow":"follow","max-snippet":"max-snippet:-1","max-image-preview":"max-image-preview:large","max-video-preview":"max-video-preview:-1"},"canonical":"https:\/\/galyarabok.drk.hu\/kulfoldon\/","og_locale":"en_GB","og_type":"article","og_title":"K\u00fclf\u00f6ld\u00f6n","og_url":"https:\/\/galyarabok.drk.hu\/kulfoldon\/","og_site_name":"Galley slave memorial road","article_publisher":"https:\/\/www.facebook.com\/profile.php?id=61567825314709","article_modified_time":"2024-11-14T09:44:13+00:00","og_image":[{"width":2560,"height":1943,"url":"https:\/\/galyarabok.drk.hu\/wp-content\/uploads\/2024\/10\/02_04_01_0Zurych_Turicum-scaled.jpg","type":"image\/jpeg"}],"twitter_card":"summary_large_image","twitter_misc":{"Est. reading time":"4 minutes"},"schema":{"@context":"https:\/\/schema.org","@graph":[{"@type":"WebPage","@id":"https:\/\/galyarabok.drk.hu\/kulfoldon\/","url":"https:\/\/galyarabok.drk.hu\/kulfoldon\/","name":"K\u00fclf\u00f6ld\u00f6n","isPartOf":{"@id":"https:\/\/galyarabok.drk.hu\/#website"},"primaryImageOfPage":{"@id":"https:\/\/galyarabok.drk.hu\/kulfoldon\/#primaryimage"},"image":{"@id":"https:\/\/galyarabok.drk.hu\/kulfoldon\/#primaryimage"},"thumbnailUrl":"https:\/\/galyarabok.drk.hu\/wp-content\/uploads\/2024\/10\/02_04_01_0Zurych_Turicum-scaled.jpg","datePublished":"2024-10-24T08:43:45+00:00","dateModified":"2024-11-14T09:44:13+00:00","breadcrumb":{"@id":"https:\/\/galyarabok.drk.hu\/kulfoldon\/#breadcrumb"},"inLanguage":"en-GB","potentialAction":[{"@type":"ReadAction","target":["https:\/\/galyarabok.drk.hu\/kulfoldon\/"]}]},{"@type":"ImageObject","inLanguage":"en-GB","@id":"https:\/\/galyarabok.drk.hu\/kulfoldon\/#primaryimage","url":"https:\/\/galyarabok.drk.hu\/wp-content\/uploads\/2024\/10\/02_04_01_0Zurych_Turicum-scaled.jpg","contentUrl":"https:\/\/galyarabok.drk.hu\/wp-content\/uploads\/2024\/10\/02_04_01_0Zurych_Turicum-scaled.jpg","width":2560,"height":1943,"caption":"Z\u00fcrich"},{"@type":"BreadcrumbList","@id":"https:\/\/galyarabok.drk.hu\/kulfoldon\/#breadcrumb","itemListElement":[{"@type":"ListItem","position":1,"name":"Kezd\u0151lap","item":"https:\/\/galyarabok.drk.hu\/"},{"@type":"ListItem","position":2,"name":"K\u00fclf\u00f6ld\u00f6n"}]},{"@type":"WebSite","@id":"https:\/\/galyarabok.drk.hu\/#website","url":"https:\/\/galyarabok.drk.hu\/","name":"G\u00e1lyarab-eml\u00e9k\u00fat","description":"The remembrance of the Hungarian protestant galley slaves. Made and can be visited from the 350th anniversary of the galley slavery (2024)","publisher":{"@id":"https:\/\/galyarabok.drk.hu\/#organization"},"potentialAction":[{"@type":"SearchAction","target":{"@type":"EntryPoint","urlTemplate":"https:\/\/galyarabok.drk.hu\/?s={search_term_string}"},"query-input":{"@type":"PropertyValueSpecification","valueRequired":true,"valueName":"search_term_string"}}],"inLanguage":"en-GB"},{"@type":"Organization","@id":"https:\/\/galyarabok.drk.hu\/#organization","name":"G\u00e1lyarab-eml\u00e9k\u00fat","url":"https:\/\/galyarabok.drk.hu\/","logo":{"@type":"ImageObject","inLanguage":"en-GB","@id":"https:\/\/galyarabok.drk.hu\/#\/schema\/logo\/image\/","url":"https:\/\/galyarabok.drk.hu\/wp-content\/uploads\/2021\/02\/cropped-galya-kor-arny-vilagos.png","contentUrl":"https:\/\/galyarabok.drk.hu\/wp-content\/uploads\/2021\/02\/cropped-galya-kor-arny-vilagos.png","width":102,"height":100,"caption":"G\u00e1lyarab-eml\u00e9k\u00fat"},"image":{"@id":"https:\/\/galyarabok.drk.hu\/#\/schema\/logo\/image\/"},"sameAs":["https:\/\/www.facebook.com\/profile.php?id=61567825314709"]}]}},"_links":{"self":[{"href":"https:\/\/galyarabok.drk.hu\/gb\/wp-json\/wp\/v2\/pages\/1440","targetHints":{"allow":["GET"]}}],"collection":[{"href":"https:\/\/galyarabok.drk.hu\/gb\/wp-json\/wp\/v2\/pages"}],"about":[{"href":"https:\/\/galyarabok.drk.hu\/gb\/wp-json\/wp\/v2\/types\/page"}],"author":[{"embeddable":true,"href":"https:\/\/galyarabok.drk.hu\/gb\/wp-json\/wp\/v2\/users\/1"}],"replies":[{"embeddable":true,"href":"https:\/\/galyarabok.drk.hu\/gb\/wp-json\/wp\/v2\/comments?post=1440"}],"version-history":[{"count":4,"href":"https:\/\/galyarabok.drk.hu\/gb\/wp-json\/wp\/v2\/pages\/1440\/revisions"}],"predecessor-version":[{"id":1566,"href":"https:\/\/galyarabok.drk.hu\/gb\/wp-json\/wp\/v2\/pages\/1440\/revisions\/1566"}],"wp:featuredmedia":[{"embeddable":true,"href":"https:\/\/galyarabok.drk.hu\/gb\/wp-json\/wp\/v2\/media\/1443"}],"wp:attachment":[{"href":"https:\/\/galyarabok.drk.hu\/gb\/wp-json\/wp\/v2\/media?parent=1440"}],"wp:term":[{"taxonomy":"category","embeddable":true,"href":"https:\/\/galyarabok.drk.hu\/gb\/wp-json\/wp\/v2\/categories?post=1440"},{"taxonomy":"post_tag","embeddable":true,"href":"https:\/\/galyarabok.drk.hu\/gb\/wp-json\/wp\/v2\/tags?post=1440"}],"curies":[{"name":"wp","href":"https:\/\/api.w.org\/{rel}","templated":true}]}}