{"id":1418,"date":"2024-10-24T07:56:36","date_gmt":"2024-10-24T07:56:36","guid":{"rendered":"https:\/\/galyarabok.drk.hu\/?page_id=1418"},"modified":"2024-10-24T20:41:47","modified_gmt":"2024-10-24T20:41:47","slug":"plasztika","status":"publish","type":"page","link":"https:\/\/galyarabok.drk.hu\/gb\/plasztika\/","title":{"rendered":"Plasztika"},"content":{"rendered":"\n<figure class=\"wp-block-gallery has-nested-images columns-default is-cropped wp-block-gallery-1 is-layout-flex wp-block-gallery-is-layout-flex\">\n<figure class=\"wp-block-image size-large\"><a href=\"https:\/\/galyarabok.drk.hu\/wp-content\/uploads\/2021\/02\/BUDAPEST-RAKOSCSABA_DSC_5115_M.jpg\"><img loading=\"lazy\" decoding=\"async\" width=\"768\" height=\"1024\" data-id=\"328\" src=\"https:\/\/galyarabok.drk.hu\/wp-content\/uploads\/2021\/02\/BUDAPEST-RAKOSCSABA_DSC_5115_M-768x1024.jpg\" alt=\"\" class=\"wp-image-328\" srcset=\"https:\/\/galyarabok.drk.hu\/wp-content\/uploads\/2021\/02\/BUDAPEST-RAKOSCSABA_DSC_5115_M-768x1024.jpg 768w, https:\/\/galyarabok.drk.hu\/wp-content\/uploads\/2021\/02\/BUDAPEST-RAKOSCSABA_DSC_5115_M-225x300.jpg 225w, https:\/\/galyarabok.drk.hu\/wp-content\/uploads\/2021\/02\/BUDAPEST-RAKOSCSABA_DSC_5115_M-1152x1536.jpg 1152w, https:\/\/galyarabok.drk.hu\/wp-content\/uploads\/2021\/02\/BUDAPEST-RAKOSCSABA_DSC_5115_M-600x800.jpg 600w, https:\/\/galyarabok.drk.hu\/wp-content\/uploads\/2021\/02\/BUDAPEST-RAKOSCSABA_DSC_5115_M.jpg 1536w\" sizes=\"auto, (max-width: 768px) 100vw, 768px\" \/><\/a><figcaption class=\"wp-element-caption\">A g\u00e1lyarabok eml\u00e9k\u00e9re, bronz domborm\u0171 (R\u00e1koscsaba, 2001)<\/figcaption><\/figure>\n\n\n\n<figure class=\"wp-block-image size-large\"><a href=\"https:\/\/galyarabok.drk.hu\/wp-content\/uploads\/2024\/10\/A_alyarabok_emlekere-KisRoz.jpg\"><img loading=\"lazy\" decoding=\"async\" width=\"864\" height=\"860\" data-id=\"1420\" src=\"https:\/\/galyarabok.drk.hu\/wp-content\/uploads\/2024\/10\/A_alyarabok_emlekere-KisRoz.jpg\" alt=\"https:\/\/papaimediacentrum.hu\/A_galyarabok_emlekere\/\" class=\"wp-image-1420\" srcset=\"https:\/\/galyarabok.drk.hu\/wp-content\/uploads\/2024\/10\/A_alyarabok_emlekere-KisRoz.jpg 864w, https:\/\/galyarabok.drk.hu\/wp-content\/uploads\/2024\/10\/A_alyarabok_emlekere-KisRoz-300x300.jpg 300w, https:\/\/galyarabok.drk.hu\/wp-content\/uploads\/2024\/10\/A_alyarabok_emlekere-KisRoz-150x150.jpg 150w, https:\/\/galyarabok.drk.hu\/wp-content\/uploads\/2024\/10\/A_alyarabok_emlekere-KisRoz-768x764.jpg 768w, https:\/\/galyarabok.drk.hu\/wp-content\/uploads\/2024\/10\/A_alyarabok_emlekere-KisRoz-804x800.jpg 804w\" sizes=\"auto, (max-width: 864px) 100vw, 864px\" \/><\/a><figcaption class=\"wp-element-caption\">A g\u00e1lyarabok eml\u00e9k\u00e9re, ker\u00e1miat\u00e1l (Kiss Ro\u00f3z Ilona, <a href=\"https:\/\/galyarabok.drk.hu\/gb\/papa\/\" data-internallinksmanager029f6b8e52c=\"98\" title=\"P\u00e1pa\">P\u00e1pa<\/a>)<\/figcaption><\/figure>\n\n\n\n<figure class=\"wp-block-image size-large\"><a href=\"https:\/\/galyarabok.drk.hu\/wp-content\/uploads\/2021\/02\/VESZPREM_DSC_4946_M.jpg\"><img loading=\"lazy\" decoding=\"async\" width=\"1024\" height=\"768\" data-id=\"743\" src=\"https:\/\/galyarabok.drk.hu\/wp-content\/uploads\/2021\/02\/VESZPREM_DSC_4946_M-1024x768.jpg\" alt=\"Veszpr\u00e9m\" class=\"wp-image-743\" srcset=\"https:\/\/galyarabok.drk.hu\/wp-content\/uploads\/2021\/02\/VESZPREM_DSC_4946_M-1024x768.jpg 1024w, https:\/\/galyarabok.drk.hu\/wp-content\/uploads\/2021\/02\/VESZPREM_DSC_4946_M-300x225.jpg 300w, https:\/\/galyarabok.drk.hu\/wp-content\/uploads\/2021\/02\/VESZPREM_DSC_4946_M-768x576.jpg 768w, https:\/\/galyarabok.drk.hu\/wp-content\/uploads\/2021\/02\/VESZPREM_DSC_4946_M-1536x1152.jpg 1536w, https:\/\/galyarabok.drk.hu\/wp-content\/uploads\/2021\/02\/VESZPREM_DSC_4946_M-1067x800.jpg 1067w, https:\/\/galyarabok.drk.hu\/wp-content\/uploads\/2021\/02\/VESZPREM_DSC_4946_M.jpg 2048w\" sizes=\"auto, (max-width: 1024px) 100vw, 1024px\" \/><\/a><figcaption class=\"wp-element-caption\">G\u00e1lyarab eml\u00e9kharang (1930k, <a href=\"https:\/\/galyarabok.drk.hu\/gb\/veszprem\/\" data-internallinksmanager029f6b8e52c=\"129\" title=\"Veszpr\u00e9m\">Veszpr\u00e9m<\/a>) <\/figcaption><\/figure>\n\n\n\n<figure class=\"wp-block-image size-large\"><a href=\"https:\/\/galyarabok.drk.hu\/wp-content\/uploads\/2021\/02\/KESZTHELY_DSC_5100_M.jpg\"><img loading=\"lazy\" decoding=\"async\" width=\"1024\" height=\"768\" data-id=\"449\" src=\"https:\/\/galyarabok.drk.hu\/wp-content\/uploads\/2021\/02\/KESZTHELY_DSC_5100_M-1024x768.jpg\" alt=\"\" class=\"wp-image-449\" srcset=\"https:\/\/galyarabok.drk.hu\/wp-content\/uploads\/2021\/02\/KESZTHELY_DSC_5100_M-1024x768.jpg 1024w, https:\/\/galyarabok.drk.hu\/wp-content\/uploads\/2021\/02\/KESZTHELY_DSC_5100_M-300x225.jpg 300w, https:\/\/galyarabok.drk.hu\/wp-content\/uploads\/2021\/02\/KESZTHELY_DSC_5100_M-768x576.jpg 768w, https:\/\/galyarabok.drk.hu\/wp-content\/uploads\/2021\/02\/KESZTHELY_DSC_5100_M-1536x1152.jpg 1536w, https:\/\/galyarabok.drk.hu\/wp-content\/uploads\/2021\/02\/KESZTHELY_DSC_5100_M-1067x800.jpg 1067w, https:\/\/galyarabok.drk.hu\/wp-content\/uploads\/2021\/02\/KESZTHELY_DSC_5100_M.jpg 2048w\" sizes=\"auto, (max-width: 1024px) 100vw, 1024px\" \/><\/a><figcaption class=\"wp-element-caption\">G\u00e1lyarab eml\u00e9kharang (1932, <a href=\"https:\/\/galyarabok.drk.hu\/gb\/keszthely\/\" data-internallinksmanager029f6b8e52c=\"64\" title=\"Keszthely\">Keszthely<\/a>)<\/figcaption><\/figure>\n\n\n\n<figure class=\"wp-block-image size-large\"><a href=\"https:\/\/galyarabok.drk.hu\/wp-content\/uploads\/2024\/10\/KCSB_szobor.jpg\"><img loading=\"lazy\" decoding=\"async\" width=\"273\" height=\"273\" data-id=\"1419\" src=\"https:\/\/galyarabok.drk.hu\/wp-content\/uploads\/2024\/10\/KCSB_szobor.jpg\" alt=\"\" class=\"wp-image-1419\" srcset=\"https:\/\/galyarabok.drk.hu\/wp-content\/uploads\/2024\/10\/KCSB_szobor.jpg 273w, https:\/\/galyarabok.drk.hu\/wp-content\/uploads\/2024\/10\/KCSB_szobor-150x150.jpg 150w\" sizes=\"auto, (max-width: 273px) 100vw, 273px\" \/><\/a><figcaption class=\"wp-element-caption\"><a href=\"https:\/\/galyarabok.drk.hu\/gb\/kocsi-csergo-balint\/\" data-internallinksmanager029f6b8e52c=\"50\" title=\"Kocsi Cserg\u0151 B\u00e1lint\">Kocsi Cserg\u0151 B\u00e1lint<\/a>, bronz szobor (Somogyi J\u00f3zsef, 1990, P\u00e1pa)<\/figcaption><\/figure>\n\n\n\n<figure class=\"wp-block-image size-large\"><a href=\"https:\/\/galyarabok.drk.hu\/wp-content\/uploads\/2021\/02\/ACS_DSC_4825_M.jpg\"><img loading=\"lazy\" decoding=\"async\" width=\"1024\" height=\"768\" data-id=\"288\" src=\"https:\/\/galyarabok.drk.hu\/wp-content\/uploads\/2021\/02\/ACS_DSC_4825_M-1024x768.jpg\" alt=\"\u00c1cs\" class=\"wp-image-288\" srcset=\"https:\/\/galyarabok.drk.hu\/wp-content\/uploads\/2021\/02\/ACS_DSC_4825_M-1024x768.jpg 1024w, https:\/\/galyarabok.drk.hu\/wp-content\/uploads\/2021\/02\/ACS_DSC_4825_M-300x225.jpg 300w, https:\/\/galyarabok.drk.hu\/wp-content\/uploads\/2021\/02\/ACS_DSC_4825_M-768x576.jpg 768w, https:\/\/galyarabok.drk.hu\/wp-content\/uploads\/2021\/02\/ACS_DSC_4825_M-1536x1152.jpg 1536w, https:\/\/galyarabok.drk.hu\/wp-content\/uploads\/2021\/02\/ACS_DSC_4825_M-1067x800.jpg 1067w, https:\/\/galyarabok.drk.hu\/wp-content\/uploads\/2021\/02\/ACS_DSC_4825_M.jpg 2048w\" sizes=\"auto, (max-width: 1024px) 100vw, 1024px\" \/><\/a><figcaption class=\"wp-element-caption\">Kom\u00e1romi S\u00fclye Istv\u00e1n-eml\u00e9kharang (<a href=\"https:\/\/galyarabok.drk.hu\/gb\/acs\/\" data-internallinksmanager029f6b8e52c=\"3\" title=\"\u00c1cs\">\u00c1cs<\/a>, 1975)<\/figcaption><\/figure>\n\n\n\n<figure class=\"wp-block-image size-large\"><a href=\"https:\/\/galyarabok.drk.hu\/wp-content\/uploads\/2021\/02\/PAPA_DSC_4865_M.jpg\"><img loading=\"lazy\" decoding=\"async\" width=\"1024\" height=\"768\" data-id=\"605\" src=\"https:\/\/galyarabok.drk.hu\/wp-content\/uploads\/2021\/02\/PAPA_DSC_4865_M-1024x768.jpg\" alt=\"P\u00e1pa\" class=\"wp-image-605\" srcset=\"https:\/\/galyarabok.drk.hu\/wp-content\/uploads\/2021\/02\/PAPA_DSC_4865_M-1024x768.jpg 1024w, https:\/\/galyarabok.drk.hu\/wp-content\/uploads\/2021\/02\/PAPA_DSC_4865_M-300x225.jpg 300w, https:\/\/galyarabok.drk.hu\/wp-content\/uploads\/2021\/02\/PAPA_DSC_4865_M-768x576.jpg 768w, https:\/\/galyarabok.drk.hu\/wp-content\/uploads\/2021\/02\/PAPA_DSC_4865_M-1536x1152.jpg 1536w, https:\/\/galyarabok.drk.hu\/wp-content\/uploads\/2021\/02\/PAPA_DSC_4865_M-1067x800.jpg 1067w, https:\/\/galyarabok.drk.hu\/wp-content\/uploads\/2021\/02\/PAPA_DSC_4865_M.jpg 2048w\" sizes=\"auto, (max-width: 1024px) 100vw, 1024px\" \/><\/a><figcaption class=\"wp-element-caption\"><a href=\"https:\/\/galyarabok.drk.hu\/gb\/sellyei-m-istvan\/\" data-internallinksmanager029f6b8e52c=\"141\" title=\"S\u00e9llyei M. Istv\u00e1n\">S\u00e9llyei<\/a> Istv\u00e1n \u00e9s Kocsi Cserg\u0151 B\u00e1lint, bronz domborm\u0171 (Mikus S\u00e1ndor, 1978, P\u00e1pa)<\/figcaption><\/figure>\n<\/figure>\n","protected":false},"excerpt":{"rendered":"","protected":false},"author":1,"featured_media":605,"parent":0,"menu_order":0,"comment_status":"closed","ping_status":"closed","template":"","meta":{"footnotes":""},"categories":[],"tags":[],"class_list":["post-1418","page","type-page","status-publish","has-post-thumbnail","hentry"],"translation":{"provider":"WPGlobus","version":"3.0.2","language":"gb","enabled_languages":["hu","gb"],"languages":{"hu":{"title":true,"content":true,"excerpt":false},"gb":{"title":false,"content":false,"excerpt":false}}},"yoast_head":"<!-- This site is optimized with the Yoast SEO plugin v27.2 - https:\/\/yoast.com\/product\/yoast-seo-wordpress\/ -->\n<title>Plasztika<\/title>\n<meta name=\"robots\" content=\"index, follow, max-snippet:-1, max-image-preview:large, max-video-preview:-1\" \/>\n<link rel=\"canonical\" href=\"https:\/\/galyarabok.drk.hu\/plasztika\/\" \/>\n<meta property=\"og:locale\" content=\"en_GB\" \/>\n<meta property=\"og:type\" content=\"article\" \/>\n<meta property=\"og:title\" content=\"Plasztika\" \/>\n<meta property=\"og:url\" content=\"https:\/\/galyarabok.drk.hu\/plasztika\/\" \/>\n<meta property=\"og:site_name\" content=\"Galley slave memorial road\" \/>\n<meta property=\"article:publisher\" content=\"https:\/\/www.facebook.com\/profile.php?id=61567825314709\" \/>\n<meta property=\"article:modified_time\" content=\"2024-10-24T20:41:47+00:00\" \/>\n<meta property=\"og:image\" content=\"https:\/\/galyarabok.drk.hu\/wp-content\/uploads\/2021\/02\/PAPA_DSC_4865_M.jpg\" \/>\n\t<meta property=\"og:image:width\" content=\"2048\" \/>\n\t<meta property=\"og:image:height\" content=\"1536\" \/>\n\t<meta property=\"og:image:type\" content=\"image\/jpeg\" \/>\n<meta name=\"twitter:card\" content=\"summary_large_image\" \/>\n<script type=\"application\/ld+json\" class=\"yoast-schema-graph\">{\"@context\":\"https:\/\/schema.org\",\"@graph\":[{\"@type\":\"WebPage\",\"@id\":\"https:\/\/galyarabok.drk.hu\/plasztika\/\",\"url\":\"https:\/\/galyarabok.drk.hu\/plasztika\/\",\"name\":\"Plasztika\",\"isPartOf\":{\"@id\":\"https:\/\/galyarabok.drk.hu\/#website\"},\"primaryImageOfPage\":{\"@id\":\"https:\/\/galyarabok.drk.hu\/plasztika\/#primaryimage\"},\"image\":{\"@id\":\"https:\/\/galyarabok.drk.hu\/plasztika\/#primaryimage\"},\"thumbnailUrl\":\"https:\/\/galyarabok.drk.hu\/wp-content\/uploads\/2021\/02\/PAPA_DSC_4865_M.jpg\",\"datePublished\":\"2024-10-24T07:56:36+00:00\",\"dateModified\":\"2024-10-24T20:41:47+00:00\",\"breadcrumb\":{\"@id\":\"https:\/\/galyarabok.drk.hu\/plasztika\/#breadcrumb\"},\"inLanguage\":\"en-GB\",\"potentialAction\":[{\"@type\":\"ReadAction\",\"target\":[\"https:\/\/galyarabok.drk.hu\/plasztika\/\"]}]},{\"@type\":\"ImageObject\",\"inLanguage\":\"en-GB\",\"@id\":\"https:\/\/galyarabok.drk.hu\/plasztika\/#primaryimage\",\"url\":\"https:\/\/galyarabok.drk.hu\/wp-content\/uploads\/2021\/02\/PAPA_DSC_4865_M.jpg\",\"contentUrl\":\"https:\/\/galyarabok.drk.hu\/wp-content\/uploads\/2021\/02\/PAPA_DSC_4865_M.jpg\",\"width\":2048,\"height\":1536,\"caption\":\"S\u00e9llyei Istv\u00e1n \u00e9s Kocsi Cserg\u0151 B\u00e1lint, bronz domborm\u0171 (Mikus S\u00e1ndor, 1978, P\u00e1pa)\"},{\"@type\":\"BreadcrumbList\",\"@id\":\"https:\/\/galyarabok.drk.hu\/plasztika\/#breadcrumb\",\"itemListElement\":[{\"@type\":\"ListItem\",\"position\":1,\"name\":\"Kezd\u0151lap\",\"item\":\"https:\/\/galyarabok.drk.hu\/\"},{\"@type\":\"ListItem\",\"position\":2,\"name\":\"Plasztika\"}]},{\"@type\":\"WebSite\",\"@id\":\"https:\/\/galyarabok.drk.hu\/#website\",\"url\":\"https:\/\/galyarabok.drk.hu\/\",\"name\":\"G\u00e1lyarab-eml\u00e9k\u00fat\",\"description\":\"The remembrance of the Hungarian protestant galley slaves. Made and can be visited from the 350th anniversary of the galley slavery (2024)\",\"publisher\":{\"@id\":\"https:\/\/galyarabok.drk.hu\/#organization\"},\"potentialAction\":[{\"@type\":\"SearchAction\",\"target\":{\"@type\":\"EntryPoint\",\"urlTemplate\":\"https:\/\/galyarabok.drk.hu\/?s={search_term_string}\"},\"query-input\":{\"@type\":\"PropertyValueSpecification\",\"valueRequired\":true,\"valueName\":\"search_term_string\"}}],\"inLanguage\":\"en-GB\"},{\"@type\":\"Organization\",\"@id\":\"https:\/\/galyarabok.drk.hu\/#organization\",\"name\":\"G\u00e1lyarab-eml\u00e9k\u00fat\",\"url\":\"https:\/\/galyarabok.drk.hu\/\",\"logo\":{\"@type\":\"ImageObject\",\"inLanguage\":\"en-GB\",\"@id\":\"https:\/\/galyarabok.drk.hu\/#\/schema\/logo\/image\/\",\"url\":\"https:\/\/galyarabok.drk.hu\/wp-content\/uploads\/2021\/02\/cropped-galya-kor-arny-vilagos.png\",\"contentUrl\":\"https:\/\/galyarabok.drk.hu\/wp-content\/uploads\/2021\/02\/cropped-galya-kor-arny-vilagos.png\",\"width\":102,\"height\":100,\"caption\":\"G\u00e1lyarab-eml\u00e9k\u00fat\"},\"image\":{\"@id\":\"https:\/\/galyarabok.drk.hu\/#\/schema\/logo\/image\/\"},\"sameAs\":[\"https:\/\/www.facebook.com\/profile.php?id=61567825314709\"]}]}<\/script>\n<!-- \/ Yoast SEO plugin. -->","yoast_head_json":{"title":"Plasztika","robots":{"index":"index","follow":"follow","max-snippet":"max-snippet:-1","max-image-preview":"max-image-preview:large","max-video-preview":"max-video-preview:-1"},"canonical":"https:\/\/galyarabok.drk.hu\/plasztika\/","og_locale":"en_GB","og_type":"article","og_title":"Plasztika","og_url":"https:\/\/galyarabok.drk.hu\/plasztika\/","og_site_name":"Galley slave memorial road","article_publisher":"https:\/\/www.facebook.com\/profile.php?id=61567825314709","article_modified_time":"2024-10-24T20:41:47+00:00","og_image":[{"width":2048,"height":1536,"url":"https:\/\/galyarabok.drk.hu\/wp-content\/uploads\/2021\/02\/PAPA_DSC_4865_M.jpg","type":"image\/jpeg"}],"twitter_card":"summary_large_image","schema":{"@context":"https:\/\/schema.org","@graph":[{"@type":"WebPage","@id":"https:\/\/galyarabok.drk.hu\/plasztika\/","url":"https:\/\/galyarabok.drk.hu\/plasztika\/","name":"Plasztika","isPartOf":{"@id":"https:\/\/galyarabok.drk.hu\/#website"},"primaryImageOfPage":{"@id":"https:\/\/galyarabok.drk.hu\/plasztika\/#primaryimage"},"image":{"@id":"https:\/\/galyarabok.drk.hu\/plasztika\/#primaryimage"},"thumbnailUrl":"https:\/\/galyarabok.drk.hu\/wp-content\/uploads\/2021\/02\/PAPA_DSC_4865_M.jpg","datePublished":"2024-10-24T07:56:36+00:00","dateModified":"2024-10-24T20:41:47+00:00","breadcrumb":{"@id":"https:\/\/galyarabok.drk.hu\/plasztika\/#breadcrumb"},"inLanguage":"en-GB","potentialAction":[{"@type":"ReadAction","target":["https:\/\/galyarabok.drk.hu\/plasztika\/"]}]},{"@type":"ImageObject","inLanguage":"en-GB","@id":"https:\/\/galyarabok.drk.hu\/plasztika\/#primaryimage","url":"https:\/\/galyarabok.drk.hu\/wp-content\/uploads\/2021\/02\/PAPA_DSC_4865_M.jpg","contentUrl":"https:\/\/galyarabok.drk.hu\/wp-content\/uploads\/2021\/02\/PAPA_DSC_4865_M.jpg","width":2048,"height":1536,"caption":"S\u00e9llyei Istv\u00e1n \u00e9s Kocsi Cserg\u0151 B\u00e1lint, bronz domborm\u0171 (Mikus S\u00e1ndor, 1978, P\u00e1pa)"},{"@type":"BreadcrumbList","@id":"https:\/\/galyarabok.drk.hu\/plasztika\/#breadcrumb","itemListElement":[{"@type":"ListItem","position":1,"name":"Kezd\u0151lap","item":"https:\/\/galyarabok.drk.hu\/"},{"@type":"ListItem","position":2,"name":"Plasztika"}]},{"@type":"WebSite","@id":"https:\/\/galyarabok.drk.hu\/#website","url":"https:\/\/galyarabok.drk.hu\/","name":"G\u00e1lyarab-eml\u00e9k\u00fat","description":"The remembrance of the Hungarian protestant galley slaves. Made and can be visited from the 350th anniversary of the galley slavery (2024)","publisher":{"@id":"https:\/\/galyarabok.drk.hu\/#organization"},"potentialAction":[{"@type":"SearchAction","target":{"@type":"EntryPoint","urlTemplate":"https:\/\/galyarabok.drk.hu\/?s={search_term_string}"},"query-input":{"@type":"PropertyValueSpecification","valueRequired":true,"valueName":"search_term_string"}}],"inLanguage":"en-GB"},{"@type":"Organization","@id":"https:\/\/galyarabok.drk.hu\/#organization","name":"G\u00e1lyarab-eml\u00e9k\u00fat","url":"https:\/\/galyarabok.drk.hu\/","logo":{"@type":"ImageObject","inLanguage":"en-GB","@id":"https:\/\/galyarabok.drk.hu\/#\/schema\/logo\/image\/","url":"https:\/\/galyarabok.drk.hu\/wp-content\/uploads\/2021\/02\/cropped-galya-kor-arny-vilagos.png","contentUrl":"https:\/\/galyarabok.drk.hu\/wp-content\/uploads\/2021\/02\/cropped-galya-kor-arny-vilagos.png","width":102,"height":100,"caption":"G\u00e1lyarab-eml\u00e9k\u00fat"},"image":{"@id":"https:\/\/galyarabok.drk.hu\/#\/schema\/logo\/image\/"},"sameAs":["https:\/\/www.facebook.com\/profile.php?id=61567825314709"]}]}},"_links":{"self":[{"href":"https:\/\/galyarabok.drk.hu\/gb\/wp-json\/wp\/v2\/pages\/1418","targetHints":{"allow":["GET"]}}],"collection":[{"href":"https:\/\/galyarabok.drk.hu\/gb\/wp-json\/wp\/v2\/pages"}],"about":[{"href":"https:\/\/galyarabok.drk.hu\/gb\/wp-json\/wp\/v2\/types\/page"}],"author":[{"embeddable":true,"href":"https:\/\/galyarabok.drk.hu\/gb\/wp-json\/wp\/v2\/users\/1"}],"replies":[{"embeddable":true,"href":"https:\/\/galyarabok.drk.hu\/gb\/wp-json\/wp\/v2\/comments?post=1418"}],"version-history":[{"count":2,"href":"https:\/\/galyarabok.drk.hu\/gb\/wp-json\/wp\/v2\/pages\/1418\/revisions"}],"predecessor-version":[{"id":1549,"href":"https:\/\/galyarabok.drk.hu\/gb\/wp-json\/wp\/v2\/pages\/1418\/revisions\/1549"}],"wp:featuredmedia":[{"embeddable":true,"href":"https:\/\/galyarabok.drk.hu\/gb\/wp-json\/wp\/v2\/media\/605"}],"wp:attachment":[{"href":"https:\/\/galyarabok.drk.hu\/gb\/wp-json\/wp\/v2\/media?parent=1418"}],"wp:term":[{"taxonomy":"category","embeddable":true,"href":"https:\/\/galyarabok.drk.hu\/gb\/wp-json\/wp\/v2\/categories?post=1418"},{"taxonomy":"post_tag","embeddable":true,"href":"https:\/\/galyarabok.drk.hu\/gb\/wp-json\/wp\/v2\/tags?post=1418"}],"curies":[{"name":"wp","href":"https:\/\/api.w.org\/{rel}","templated":true}]}}