{"id":1413,"date":"2024-10-24T07:34:05","date_gmt":"2024-10-24T07:34:05","guid":{"rendered":"https:\/\/galyarabok.drk.hu\/?page_id=1413"},"modified":"2024-10-24T20:38:59","modified_gmt":"2024-10-24T20:38:59","slug":"fa","status":"publish","type":"page","link":"https:\/\/galyarabok.drk.hu\/gb\/fa\/","title":{"rendered":"Fa"},"content":{"rendered":"\n<figure class=\"wp-block-gallery has-nested-images columns-default is-cropped wp-block-gallery-1 is-layout-flex wp-block-gallery-is-layout-flex\">\n<figure class=\"wp-block-image size-large\"><a href=\"https:\/\/galyarabok.drk.hu\/wp-content\/uploads\/2021\/02\/ACS_DSC_4809-Acs.jpg\"><img loading=\"lazy\" decoding=\"async\" width=\"768\" height=\"1024\" data-id=\"287\" src=\"https:\/\/galyarabok.drk.hu\/wp-content\/uploads\/2021\/02\/ACS_DSC_4809-Acs-768x1024.jpg\" alt=\"\u00c1cs\" class=\"wp-image-287\" srcset=\"https:\/\/galyarabok.drk.hu\/wp-content\/uploads\/2021\/02\/ACS_DSC_4809-Acs-768x1024.jpg 768w, https:\/\/galyarabok.drk.hu\/wp-content\/uploads\/2021\/02\/ACS_DSC_4809-Acs-225x300.jpg 225w, https:\/\/galyarabok.drk.hu\/wp-content\/uploads\/2021\/02\/ACS_DSC_4809-Acs-1152x1536.jpg 1152w, https:\/\/galyarabok.drk.hu\/wp-content\/uploads\/2021\/02\/ACS_DSC_4809-Acs-600x800.jpg 600w, https:\/\/galyarabok.drk.hu\/wp-content\/uploads\/2021\/02\/ACS_DSC_4809-Acs.jpg 1536w\" sizes=\"auto, (max-width: 768px) 100vw, 768px\" \/><\/a><figcaption class=\"wp-element-caption\"><a href=\"https:\/\/galyarabok.drk.hu\/gb\/acs\/\" data-internallinksmanager029f6b8e52c=\"3\" title=\"\u00c1cs\">\u00c1cs<\/a><\/figcaption><\/figure>\n\n\n\n<figure class=\"wp-block-image size-large\"><a href=\"https:\/\/galyarabok.drk.hu\/wp-content\/uploads\/2021\/02\/BAJANSENYE_DSC_4989_M.jpg\"><img loading=\"lazy\" decoding=\"async\" width=\"768\" height=\"1024\" data-id=\"294\" src=\"https:\/\/galyarabok.drk.hu\/wp-content\/uploads\/2021\/02\/BAJANSENYE_DSC_4989_M-768x1024.jpg\" alt=\"Baj\u00e1nsenye\" class=\"wp-image-294\" srcset=\"https:\/\/galyarabok.drk.hu\/wp-content\/uploads\/2021\/02\/BAJANSENYE_DSC_4989_M-768x1024.jpg 768w, https:\/\/galyarabok.drk.hu\/wp-content\/uploads\/2021\/02\/BAJANSENYE_DSC_4989_M-225x300.jpg 225w, https:\/\/galyarabok.drk.hu\/wp-content\/uploads\/2021\/02\/BAJANSENYE_DSC_4989_M-1152x1536.jpg 1152w, https:\/\/galyarabok.drk.hu\/wp-content\/uploads\/2021\/02\/BAJANSENYE_DSC_4989_M-600x800.jpg 600w, https:\/\/galyarabok.drk.hu\/wp-content\/uploads\/2021\/02\/BAJANSENYE_DSC_4989_M.jpg 1536w\" sizes=\"auto, (max-width: 768px) 100vw, 768px\" \/><\/a><figcaption class=\"wp-element-caption\"><a href=\"https:\/\/galyarabok.drk.hu\/gb\/bajansenye\/\" data-internallinksmanager029f6b8e52c=\"5\" title=\"Baj\u00e1nsenye\">Baj\u00e1nsenye<\/a><\/figcaption><\/figure>\n\n\n\n<figure class=\"wp-block-image size-large\"><a href=\"https:\/\/galyarabok.drk.hu\/wp-content\/uploads\/2021\/02\/GYORSAG_DSC_4650-Gyorsag_M.jpg\"><img loading=\"lazy\" decoding=\"async\" width=\"768\" height=\"1024\" data-id=\"386\" src=\"https:\/\/galyarabok.drk.hu\/wp-content\/uploads\/2021\/02\/GYORSAG_DSC_4650-Gyorsag_M-768x1024.jpg\" alt=\"Gy\u0151rs\u00e1g\" class=\"wp-image-386\" srcset=\"https:\/\/galyarabok.drk.hu\/wp-content\/uploads\/2021\/02\/GYORSAG_DSC_4650-Gyorsag_M-768x1024.jpg 768w, https:\/\/galyarabok.drk.hu\/wp-content\/uploads\/2021\/02\/GYORSAG_DSC_4650-Gyorsag_M-225x300.jpg 225w, https:\/\/galyarabok.drk.hu\/wp-content\/uploads\/2021\/02\/GYORSAG_DSC_4650-Gyorsag_M-1152x1536.jpg 1152w, https:\/\/galyarabok.drk.hu\/wp-content\/uploads\/2021\/02\/GYORSAG_DSC_4650-Gyorsag_M-600x800.jpg 600w, https:\/\/galyarabok.drk.hu\/wp-content\/uploads\/2021\/02\/GYORSAG_DSC_4650-Gyorsag_M.jpg 1536w\" sizes=\"auto, (max-width: 768px) 100vw, 768px\" \/><\/a><figcaption class=\"wp-element-caption\"><a href=\"https:\/\/galyarabok.drk.hu\/gb\/gyorsag\/\" data-internallinksmanager029f6b8e52c=\"33\" title=\"Gy\u0151rs\u00e1g\">Gy\u0151rs\u00e1g<\/a><\/figcaption><\/figure>\n\n\n\n<figure class=\"wp-block-image size-large\"><a href=\"https:\/\/galyarabok.drk.hu\/wp-content\/uploads\/2021\/02\/KOVECSES_DSC_4273_M.jpg\"><img loading=\"lazy\" decoding=\"async\" width=\"768\" height=\"1024\" data-id=\"467\" src=\"https:\/\/galyarabok.drk.hu\/wp-content\/uploads\/2021\/02\/KOVECSES_DSC_4273_M-768x1024.jpg\" alt=\"\" class=\"wp-image-467\" srcset=\"https:\/\/galyarabok.drk.hu\/wp-content\/uploads\/2021\/02\/KOVECSES_DSC_4273_M-768x1024.jpg 768w, https:\/\/galyarabok.drk.hu\/wp-content\/uploads\/2021\/02\/KOVECSES_DSC_4273_M-225x300.jpg 225w, https:\/\/galyarabok.drk.hu\/wp-content\/uploads\/2021\/02\/KOVECSES_DSC_4273_M-1152x1536.jpg 1152w, https:\/\/galyarabok.drk.hu\/wp-content\/uploads\/2021\/02\/KOVECSES_DSC_4273_M-600x800.jpg 600w, https:\/\/galyarabok.drk.hu\/wp-content\/uploads\/2021\/02\/KOVECSES_DSC_4273_M.jpg 1536w\" sizes=\"auto, (max-width: 768px) 100vw, 768px\" \/><\/a><figcaption class=\"wp-element-caption\"><a href=\"https:\/\/galyarabok.drk.hu\/gb\/kovecses\/\" data-internallinksmanager029f6b8e52c=\"69\" title=\"K\u00f6vecses\">K\u00f6vecses<\/a> (2017)<\/figcaption><\/figure>\n\n\n\n<figure class=\"wp-block-image size-large\"><a href=\"https:\/\/galyarabok.drk.hu\/wp-content\/uploads\/2021\/02\/KOVECSES_DSC_4271_m.jpg\"><img loading=\"lazy\" decoding=\"async\" width=\"768\" height=\"1024\" data-id=\"466\" src=\"https:\/\/galyarabok.drk.hu\/wp-content\/uploads\/2021\/02\/KOVECSES_DSC_4271_m-768x1024.jpg\" alt=\"\" class=\"wp-image-466\" srcset=\"https:\/\/galyarabok.drk.hu\/wp-content\/uploads\/2021\/02\/KOVECSES_DSC_4271_m-768x1024.jpg 768w, https:\/\/galyarabok.drk.hu\/wp-content\/uploads\/2021\/02\/KOVECSES_DSC_4271_m-225x300.jpg 225w, https:\/\/galyarabok.drk.hu\/wp-content\/uploads\/2021\/02\/KOVECSES_DSC_4271_m-1152x1536.jpg 1152w, https:\/\/galyarabok.drk.hu\/wp-content\/uploads\/2021\/02\/KOVECSES_DSC_4271_m-600x800.jpg 600w, https:\/\/galyarabok.drk.hu\/wp-content\/uploads\/2021\/02\/KOVECSES_DSC_4271_m.jpg 1536w\" sizes=\"auto, (max-width: 768px) 100vw, 768px\" \/><\/a><figcaption class=\"wp-element-caption\">K\u00f6vecses (2017)<\/figcaption><\/figure>\n\n\n\n<figure class=\"wp-block-image size-large\"><a href=\"https:\/\/galyarabok.drk.hu\/wp-content\/uploads\/2021\/02\/LEVA_DSC_4673_M.jpg\"><img loading=\"lazy\" decoding=\"async\" width=\"768\" height=\"1024\" data-id=\"488\" src=\"https:\/\/galyarabok.drk.hu\/wp-content\/uploads\/2021\/02\/LEVA_DSC_4673_M-768x1024.jpg\" alt=\"\" class=\"wp-image-488\" srcset=\"https:\/\/galyarabok.drk.hu\/wp-content\/uploads\/2021\/02\/LEVA_DSC_4673_M-768x1024.jpg 768w, https:\/\/galyarabok.drk.hu\/wp-content\/uploads\/2021\/02\/LEVA_DSC_4673_M-225x300.jpg 225w, https:\/\/galyarabok.drk.hu\/wp-content\/uploads\/2021\/02\/LEVA_DSC_4673_M-1152x1536.jpg 1152w, https:\/\/galyarabok.drk.hu\/wp-content\/uploads\/2021\/02\/LEVA_DSC_4673_M-600x800.jpg 600w, https:\/\/galyarabok.drk.hu\/wp-content\/uploads\/2021\/02\/LEVA_DSC_4673_M.jpg 1536w\" sizes=\"auto, (max-width: 768px) 100vw, 768px\" \/><\/a><figcaption class=\"wp-element-caption\"><a href=\"https:\/\/galyarabok.drk.hu\/gb\/leva\/\" data-internallinksmanager029f6b8e52c=\"73\" title=\"L\u00e9va\">L\u00e9va<\/a><\/figcaption><\/figure>\n\n\n\n<figure class=\"wp-block-image size-large\"><a href=\"https:\/\/galyarabok.drk.hu\/wp-content\/uploads\/2021\/02\/MEZOORS_DSC_4616_M.jpg\"><img loading=\"lazy\" decoding=\"async\" width=\"768\" height=\"1024\" data-id=\"523\" src=\"https:\/\/galyarabok.drk.hu\/wp-content\/uploads\/2021\/02\/MEZOORS_DSC_4616_M-768x1024.jpg\" alt=\"Mez\u0151\u00f6rs\" class=\"wp-image-523\" srcset=\"https:\/\/galyarabok.drk.hu\/wp-content\/uploads\/2021\/02\/MEZOORS_DSC_4616_M-768x1024.jpg 768w, https:\/\/galyarabok.drk.hu\/wp-content\/uploads\/2021\/02\/MEZOORS_DSC_4616_M-225x300.jpg 225w, https:\/\/galyarabok.drk.hu\/wp-content\/uploads\/2021\/02\/MEZOORS_DSC_4616_M-1152x1536.jpg 1152w, https:\/\/galyarabok.drk.hu\/wp-content\/uploads\/2021\/02\/MEZOORS_DSC_4616_M-600x800.jpg 600w, https:\/\/galyarabok.drk.hu\/wp-content\/uploads\/2021\/02\/MEZOORS_DSC_4616_M.jpg 1536w\" sizes=\"auto, (max-width: 768px) 100vw, 768px\" \/><\/a><figcaption class=\"wp-element-caption\"><a href=\"https:\/\/galyarabok.drk.hu\/gb\/mezoors\/\" data-internallinksmanager029f6b8e52c=\"77\" title=\"Mez\u0151\u00f6rs\">Mez\u0151\u00f6rs<\/a><\/figcaption><\/figure>\n\n\n\n<figure class=\"wp-block-image size-large\"><a href=\"https:\/\/galyarabok.drk.hu\/wp-content\/uploads\/2021\/02\/NAGYKAPOS_DSC_5337_M.jpg\"><img loading=\"lazy\" decoding=\"async\" width=\"768\" height=\"1024\" data-id=\"553\" src=\"https:\/\/galyarabok.drk.hu\/wp-content\/uploads\/2021\/02\/NAGYKAPOS_DSC_5337_M-768x1024.jpg\" alt=\"Nagykapos\" class=\"wp-image-553\" srcset=\"https:\/\/galyarabok.drk.hu\/wp-content\/uploads\/2021\/02\/NAGYKAPOS_DSC_5337_M-768x1024.jpg 768w, https:\/\/galyarabok.drk.hu\/wp-content\/uploads\/2021\/02\/NAGYKAPOS_DSC_5337_M-225x300.jpg 225w, https:\/\/galyarabok.drk.hu\/wp-content\/uploads\/2021\/02\/NAGYKAPOS_DSC_5337_M-1152x1536.jpg 1152w, https:\/\/galyarabok.drk.hu\/wp-content\/uploads\/2021\/02\/NAGYKAPOS_DSC_5337_M-600x800.jpg 600w, https:\/\/galyarabok.drk.hu\/wp-content\/uploads\/2021\/02\/NAGYKAPOS_DSC_5337_M.jpg 1536w\" sizes=\"auto, (max-width: 768px) 100vw, 768px\" \/><\/a><figcaption class=\"wp-element-caption\"><a href=\"https:\/\/galyarabok.drk.hu\/gb\/nagykapos\/\" data-internallinksmanager029f6b8e52c=\"84\" title=\"Nagykapos\">Nagykapos<\/a><\/figcaption><\/figure>\n<\/figure>\n","protected":false},"excerpt":{"rendered":"","protected":false},"author":1,"featured_media":294,"parent":0,"menu_order":0,"comment_status":"closed","ping_status":"closed","template":"","meta":{"footnotes":""},"categories":[],"tags":[],"class_list":["post-1413","page","type-page","status-publish","has-post-thumbnail","hentry"],"translation":{"provider":"WPGlobus","version":"3.0.2","language":"gb","enabled_languages":["hu","gb"],"languages":{"hu":{"title":true,"content":true,"excerpt":false},"gb":{"title":false,"content":false,"excerpt":false}}},"yoast_head":"<!-- This site is optimized with the Yoast SEO plugin v27.2 - https:\/\/yoast.com\/product\/yoast-seo-wordpress\/ -->\n<title>Fa<\/title>\n<meta name=\"robots\" content=\"index, follow, max-snippet:-1, max-image-preview:large, max-video-preview:-1\" \/>\n<link rel=\"canonical\" href=\"https:\/\/galyarabok.drk.hu\/fa\/\" \/>\n<meta property=\"og:locale\" content=\"en_GB\" \/>\n<meta property=\"og:type\" content=\"article\" \/>\n<meta property=\"og:title\" content=\"Fa\" \/>\n<meta property=\"og:url\" content=\"https:\/\/galyarabok.drk.hu\/fa\/\" \/>\n<meta property=\"og:site_name\" content=\"Galley slave memorial road\" \/>\n<meta property=\"article:publisher\" content=\"https:\/\/www.facebook.com\/profile.php?id=61567825314709\" \/>\n<meta property=\"article:modified_time\" content=\"2024-10-24T20:38:59+00:00\" \/>\n<meta property=\"og:image\" content=\"https:\/\/galyarabok.drk.hu\/wp-content\/uploads\/2021\/02\/BAJANSENYE_DSC_4989_M.jpg\" \/>\n\t<meta property=\"og:image:width\" content=\"1536\" \/>\n\t<meta property=\"og:image:height\" content=\"2048\" \/>\n\t<meta property=\"og:image:type\" content=\"image\/jpeg\" \/>\n<meta name=\"twitter:card\" content=\"summary_large_image\" \/>\n<script type=\"application\/ld+json\" class=\"yoast-schema-graph\">{\"@context\":\"https:\/\/schema.org\",\"@graph\":[{\"@type\":\"WebPage\",\"@id\":\"https:\/\/galyarabok.drk.hu\/fa\/\",\"url\":\"https:\/\/galyarabok.drk.hu\/fa\/\",\"name\":\"Fa\",\"isPartOf\":{\"@id\":\"https:\/\/galyarabok.drk.hu\/#website\"},\"primaryImageOfPage\":{\"@id\":\"https:\/\/galyarabok.drk.hu\/fa\/#primaryimage\"},\"image\":{\"@id\":\"https:\/\/galyarabok.drk.hu\/fa\/#primaryimage\"},\"thumbnailUrl\":\"https:\/\/galyarabok.drk.hu\/wp-content\/uploads\/2021\/02\/BAJANSENYE_DSC_4989_M.jpg\",\"datePublished\":\"2024-10-24T07:34:05+00:00\",\"dateModified\":\"2024-10-24T20:38:59+00:00\",\"breadcrumb\":{\"@id\":\"https:\/\/galyarabok.drk.hu\/fa\/#breadcrumb\"},\"inLanguage\":\"en-GB\",\"potentialAction\":[{\"@type\":\"ReadAction\",\"target\":[\"https:\/\/galyarabok.drk.hu\/fa\/\"]}]},{\"@type\":\"ImageObject\",\"inLanguage\":\"en-GB\",\"@id\":\"https:\/\/galyarabok.drk.hu\/fa\/#primaryimage\",\"url\":\"https:\/\/galyarabok.drk.hu\/wp-content\/uploads\/2021\/02\/BAJANSENYE_DSC_4989_M.jpg\",\"contentUrl\":\"https:\/\/galyarabok.drk.hu\/wp-content\/uploads\/2021\/02\/BAJANSENYE_DSC_4989_M.jpg\",\"width\":1536,\"height\":2048,\"caption\":\"Baj\u00e1nsenye\"},{\"@type\":\"BreadcrumbList\",\"@id\":\"https:\/\/galyarabok.drk.hu\/fa\/#breadcrumb\",\"itemListElement\":[{\"@type\":\"ListItem\",\"position\":1,\"name\":\"Kezd\u0151lap\",\"item\":\"https:\/\/galyarabok.drk.hu\/\"},{\"@type\":\"ListItem\",\"position\":2,\"name\":\"Fa\"}]},{\"@type\":\"WebSite\",\"@id\":\"https:\/\/galyarabok.drk.hu\/#website\",\"url\":\"https:\/\/galyarabok.drk.hu\/\",\"name\":\"G\u00e1lyarab-eml\u00e9k\u00fat\",\"description\":\"The remembrance of the Hungarian protestant galley slaves. Made and can be visited from the 350th anniversary of the galley slavery (2024)\",\"publisher\":{\"@id\":\"https:\/\/galyarabok.drk.hu\/#organization\"},\"potentialAction\":[{\"@type\":\"SearchAction\",\"target\":{\"@type\":\"EntryPoint\",\"urlTemplate\":\"https:\/\/galyarabok.drk.hu\/?s={search_term_string}\"},\"query-input\":{\"@type\":\"PropertyValueSpecification\",\"valueRequired\":true,\"valueName\":\"search_term_string\"}}],\"inLanguage\":\"en-GB\"},{\"@type\":\"Organization\",\"@id\":\"https:\/\/galyarabok.drk.hu\/#organization\",\"name\":\"G\u00e1lyarab-eml\u00e9k\u00fat\",\"url\":\"https:\/\/galyarabok.drk.hu\/\",\"logo\":{\"@type\":\"ImageObject\",\"inLanguage\":\"en-GB\",\"@id\":\"https:\/\/galyarabok.drk.hu\/#\/schema\/logo\/image\/\",\"url\":\"https:\/\/galyarabok.drk.hu\/wp-content\/uploads\/2021\/02\/cropped-galya-kor-arny-vilagos.png\",\"contentUrl\":\"https:\/\/galyarabok.drk.hu\/wp-content\/uploads\/2021\/02\/cropped-galya-kor-arny-vilagos.png\",\"width\":102,\"height\":100,\"caption\":\"G\u00e1lyarab-eml\u00e9k\u00fat\"},\"image\":{\"@id\":\"https:\/\/galyarabok.drk.hu\/#\/schema\/logo\/image\/\"},\"sameAs\":[\"https:\/\/www.facebook.com\/profile.php?id=61567825314709\"]}]}<\/script>\n<!-- \/ Yoast SEO plugin. -->","yoast_head_json":{"title":"Fa","robots":{"index":"index","follow":"follow","max-snippet":"max-snippet:-1","max-image-preview":"max-image-preview:large","max-video-preview":"max-video-preview:-1"},"canonical":"https:\/\/galyarabok.drk.hu\/fa\/","og_locale":"en_GB","og_type":"article","og_title":"Fa","og_url":"https:\/\/galyarabok.drk.hu\/fa\/","og_site_name":"Galley slave memorial road","article_publisher":"https:\/\/www.facebook.com\/profile.php?id=61567825314709","article_modified_time":"2024-10-24T20:38:59+00:00","og_image":[{"width":1536,"height":2048,"url":"https:\/\/galyarabok.drk.hu\/wp-content\/uploads\/2021\/02\/BAJANSENYE_DSC_4989_M.jpg","type":"image\/jpeg"}],"twitter_card":"summary_large_image","schema":{"@context":"https:\/\/schema.org","@graph":[{"@type":"WebPage","@id":"https:\/\/galyarabok.drk.hu\/fa\/","url":"https:\/\/galyarabok.drk.hu\/fa\/","name":"Fa","isPartOf":{"@id":"https:\/\/galyarabok.drk.hu\/#website"},"primaryImageOfPage":{"@id":"https:\/\/galyarabok.drk.hu\/fa\/#primaryimage"},"image":{"@id":"https:\/\/galyarabok.drk.hu\/fa\/#primaryimage"},"thumbnailUrl":"https:\/\/galyarabok.drk.hu\/wp-content\/uploads\/2021\/02\/BAJANSENYE_DSC_4989_M.jpg","datePublished":"2024-10-24T07:34:05+00:00","dateModified":"2024-10-24T20:38:59+00:00","breadcrumb":{"@id":"https:\/\/galyarabok.drk.hu\/fa\/#breadcrumb"},"inLanguage":"en-GB","potentialAction":[{"@type":"ReadAction","target":["https:\/\/galyarabok.drk.hu\/fa\/"]}]},{"@type":"ImageObject","inLanguage":"en-GB","@id":"https:\/\/galyarabok.drk.hu\/fa\/#primaryimage","url":"https:\/\/galyarabok.drk.hu\/wp-content\/uploads\/2021\/02\/BAJANSENYE_DSC_4989_M.jpg","contentUrl":"https:\/\/galyarabok.drk.hu\/wp-content\/uploads\/2021\/02\/BAJANSENYE_DSC_4989_M.jpg","width":1536,"height":2048,"caption":"Baj\u00e1nsenye"},{"@type":"BreadcrumbList","@id":"https:\/\/galyarabok.drk.hu\/fa\/#breadcrumb","itemListElement":[{"@type":"ListItem","position":1,"name":"Kezd\u0151lap","item":"https:\/\/galyarabok.drk.hu\/"},{"@type":"ListItem","position":2,"name":"Fa"}]},{"@type":"WebSite","@id":"https:\/\/galyarabok.drk.hu\/#website","url":"https:\/\/galyarabok.drk.hu\/","name":"G\u00e1lyarab-eml\u00e9k\u00fat","description":"The remembrance of the Hungarian protestant galley slaves. Made and can be visited from the 350th anniversary of the galley slavery (2024)","publisher":{"@id":"https:\/\/galyarabok.drk.hu\/#organization"},"potentialAction":[{"@type":"SearchAction","target":{"@type":"EntryPoint","urlTemplate":"https:\/\/galyarabok.drk.hu\/?s={search_term_string}"},"query-input":{"@type":"PropertyValueSpecification","valueRequired":true,"valueName":"search_term_string"}}],"inLanguage":"en-GB"},{"@type":"Organization","@id":"https:\/\/galyarabok.drk.hu\/#organization","name":"G\u00e1lyarab-eml\u00e9k\u00fat","url":"https:\/\/galyarabok.drk.hu\/","logo":{"@type":"ImageObject","inLanguage":"en-GB","@id":"https:\/\/galyarabok.drk.hu\/#\/schema\/logo\/image\/","url":"https:\/\/galyarabok.drk.hu\/wp-content\/uploads\/2021\/02\/cropped-galya-kor-arny-vilagos.png","contentUrl":"https:\/\/galyarabok.drk.hu\/wp-content\/uploads\/2021\/02\/cropped-galya-kor-arny-vilagos.png","width":102,"height":100,"caption":"G\u00e1lyarab-eml\u00e9k\u00fat"},"image":{"@id":"https:\/\/galyarabok.drk.hu\/#\/schema\/logo\/image\/"},"sameAs":["https:\/\/www.facebook.com\/profile.php?id=61567825314709"]}]}},"_links":{"self":[{"href":"https:\/\/galyarabok.drk.hu\/gb\/wp-json\/wp\/v2\/pages\/1413","targetHints":{"allow":["GET"]}}],"collection":[{"href":"https:\/\/galyarabok.drk.hu\/gb\/wp-json\/wp\/v2\/pages"}],"about":[{"href":"https:\/\/galyarabok.drk.hu\/gb\/wp-json\/wp\/v2\/types\/page"}],"author":[{"embeddable":true,"href":"https:\/\/galyarabok.drk.hu\/gb\/wp-json\/wp\/v2\/users\/1"}],"replies":[{"embeddable":true,"href":"https:\/\/galyarabok.drk.hu\/gb\/wp-json\/wp\/v2\/comments?post=1413"}],"version-history":[{"count":3,"href":"https:\/\/galyarabok.drk.hu\/gb\/wp-json\/wp\/v2\/pages\/1413\/revisions"}],"predecessor-version":[{"id":1546,"href":"https:\/\/galyarabok.drk.hu\/gb\/wp-json\/wp\/v2\/pages\/1413\/revisions\/1546"}],"wp:featuredmedia":[{"embeddable":true,"href":"https:\/\/galyarabok.drk.hu\/gb\/wp-json\/wp\/v2\/media\/294"}],"wp:attachment":[{"href":"https:\/\/galyarabok.drk.hu\/gb\/wp-json\/wp\/v2\/media?parent=1413"}],"wp:term":[{"taxonomy":"category","embeddable":true,"href":"https:\/\/galyarabok.drk.hu\/gb\/wp-json\/wp\/v2\/categories?post=1413"},{"taxonomy":"post_tag","embeddable":true,"href":"https:\/\/galyarabok.drk.hu\/gb\/wp-json\/wp\/v2\/tags?post=1413"}],"curies":[{"name":"wp","href":"https:\/\/api.w.org\/{rel}","templated":true}]}}