{"id":1399,"date":"2024-10-22T15:53:26","date_gmt":"2024-10-22T15:53:26","guid":{"rendered":"https:\/\/galyarabok.drk.hu\/?page_id=1399"},"modified":"2024-10-24T20:35:59","modified_gmt":"2024-10-24T20:35:59","slug":"emleklapok","status":"publish","type":"page","link":"https:\/\/galyarabok.drk.hu\/gb\/emleklapok\/","title":{"rendered":"Eml\u00e9klapok"},"content":{"rendered":"\n<figure class=\"wp-block-gallery has-nested-images columns-default is-cropped wp-block-gallery-1 is-layout-flex wp-block-gallery-is-layout-flex\">\n<figure class=\"wp-block-image size-large\"><a href=\"https:\/\/galyarabok.drk.hu\/wp-content\/uploads\/2024\/10\/Acsi-emleklap-scaled.jpg\"><img loading=\"lazy\" decoding=\"async\" width=\"768\" height=\"1024\" data-id=\"1394\" src=\"https:\/\/galyarabok.drk.hu\/wp-content\/uploads\/2024\/10\/Acsi-emleklap-768x1024.jpg\" alt=\"\" class=\"wp-image-1394\" srcset=\"https:\/\/galyarabok.drk.hu\/wp-content\/uploads\/2024\/10\/Acsi-emleklap-768x1024.jpg 768w, https:\/\/galyarabok.drk.hu\/wp-content\/uploads\/2024\/10\/Acsi-emleklap-225x300.jpg 225w, https:\/\/galyarabok.drk.hu\/wp-content\/uploads\/2024\/10\/Acsi-emleklap-1152x1536.jpg 1152w, https:\/\/galyarabok.drk.hu\/wp-content\/uploads\/2024\/10\/Acsi-emleklap-1536x2048.jpg 1536w, https:\/\/galyarabok.drk.hu\/wp-content\/uploads\/2024\/10\/Acsi-emleklap-600x800.jpg 600w, https:\/\/galyarabok.drk.hu\/wp-content\/uploads\/2024\/10\/Acsi-emleklap-scaled.jpg 1920w\" sizes=\"auto, (max-width: 768px) 100vw, 768px\" \/><\/a><figcaption class=\"wp-element-caption\"><a href=\"https:\/\/galyarabok.drk.hu\/gb\/acs\/\" data-internallinksmanager029f6b8e52c=\"3\" title=\"\u00c1cs\">\u00c1cs<\/a><\/figcaption><\/figure>\n\n\n\n<figure class=\"wp-block-image size-large\"><a href=\"https:\/\/galyarabok.drk.hu\/wp-content\/uploads\/2024\/10\/Unnepi-nyilatkozat-scaled.jpg\"><img loading=\"lazy\" decoding=\"async\" width=\"683\" height=\"1024\" data-id=\"1397\" src=\"https:\/\/galyarabok.drk.hu\/wp-content\/uploads\/2024\/10\/Unnepi-nyilatkozat-683x1024.jpg\" alt=\"\" class=\"wp-image-1397\" srcset=\"https:\/\/galyarabok.drk.hu\/wp-content\/uploads\/2024\/10\/Unnepi-nyilatkozat-683x1024.jpg 683w, https:\/\/galyarabok.drk.hu\/wp-content\/uploads\/2024\/10\/Unnepi-nyilatkozat-200x300.jpg 200w, https:\/\/galyarabok.drk.hu\/wp-content\/uploads\/2024\/10\/Unnepi-nyilatkozat-768x1151.jpg 768w, https:\/\/galyarabok.drk.hu\/wp-content\/uploads\/2024\/10\/Unnepi-nyilatkozat-1025x1536.jpg 1025w, https:\/\/galyarabok.drk.hu\/wp-content\/uploads\/2024\/10\/Unnepi-nyilatkozat-1367x2048.jpg 1367w, https:\/\/galyarabok.drk.hu\/wp-content\/uploads\/2024\/10\/Unnepi-nyilatkozat-534x800.jpg 534w, https:\/\/galyarabok.drk.hu\/wp-content\/uploads\/2024\/10\/Unnepi-nyilatkozat-scaled.jpg 1708w\" sizes=\"auto, (max-width: 683px) 100vw, 683px\" \/><\/a><figcaption class=\"wp-element-caption\"><a href=\"https:\/\/galyarabok.drk.hu\/gb\/czegledi-peter\/\" data-internallinksmanager029f6b8e52c=\"38\" title=\"Czegl\u00e9di P\u00e9ter\">Czegl\u00e9di P\u00e9ter<\/a> Ref. Gimn\u00e1zium &#8211; \u00dcnnepi nyilatkozat (<a href=\"https:\/\/galyarabok.drk.hu\/gb\/leva\/\" data-internallinksmanager029f6b8e52c=\"73\" title=\"L\u00e9va\">L\u00e9va<\/a>)<\/figcaption><\/figure>\n\n\n\n<figure class=\"wp-block-image size-large\"><a href=\"https:\/\/galyarabok.drk.hu\/wp-content\/uploads\/2024\/10\/6.sz-2.jpg\"><img loading=\"lazy\" decoding=\"async\" width=\"710\" height=\"1024\" data-id=\"1393\" src=\"https:\/\/galyarabok.drk.hu\/wp-content\/uploads\/2024\/10\/6.sz-2-710x1024.jpg\" alt=\"\" class=\"wp-image-1393\" srcset=\"https:\/\/galyarabok.drk.hu\/wp-content\/uploads\/2024\/10\/6.sz-2-710x1024.jpg 710w, https:\/\/galyarabok.drk.hu\/wp-content\/uploads\/2024\/10\/6.sz-2-208x300.jpg 208w, https:\/\/galyarabok.drk.hu\/wp-content\/uploads\/2024\/10\/6.sz-2-768x1107.jpg 768w, https:\/\/galyarabok.drk.hu\/wp-content\/uploads\/2024\/10\/6.sz-2-1065x1536.jpg 1065w, https:\/\/galyarabok.drk.hu\/wp-content\/uploads\/2024\/10\/6.sz-2-555x800.jpg 555w, https:\/\/galyarabok.drk.hu\/wp-content\/uploads\/2024\/10\/6.sz-2.jpg 1075w\" sizes=\"auto, (max-width: 710px) 100vw, 710px\" \/><\/a><figcaption class=\"wp-element-caption\"><a href=\"https:\/\/galyarabok.drk.hu\/gb\/rimaszecs\/\" data-internallinksmanager029f6b8e52c=\"103\" title=\"Rimasz\u00e9cs\">Rimasz\u00e9cs<\/a><\/figcaption><\/figure>\n\n\n\n<figure class=\"wp-block-image size-large\"><a href=\"https:\/\/galyarabok.drk.hu\/wp-content\/uploads\/2024\/10\/Van-Poot-1684.png\"><img loading=\"lazy\" decoding=\"async\" width=\"629\" height=\"831\" data-id=\"1395\" src=\"https:\/\/galyarabok.drk.hu\/wp-content\/uploads\/2024\/10\/Van-Poot-1684.png\" alt=\"\" class=\"wp-image-1395\" srcset=\"https:\/\/galyarabok.drk.hu\/wp-content\/uploads\/2024\/10\/Van-Poot-1684.png 629w, https:\/\/galyarabok.drk.hu\/wp-content\/uploads\/2024\/10\/Van-Poot-1684-227x300.png 227w, https:\/\/galyarabok.drk.hu\/wp-content\/uploads\/2024\/10\/Van-Poot-1684-606x800.png 606w\" sizes=\"auto, (max-width: 629px) 100vw, 629px\" \/><\/a><\/figure>\n\n\n\n<figure class=\"wp-block-image size-large\"><a href=\"https:\/\/galyarabok.drk.hu\/wp-content\/uploads\/2024\/10\/Kort-en-waarachtig-verhaal.png\"><img loading=\"lazy\" decoding=\"async\" width=\"540\" height=\"389\" data-id=\"1396\" src=\"https:\/\/galyarabok.drk.hu\/wp-content\/uploads\/2024\/10\/Kort-en-waarachtig-verhaal.png\" alt=\"\" class=\"wp-image-1396\" srcset=\"https:\/\/galyarabok.drk.hu\/wp-content\/uploads\/2024\/10\/Kort-en-waarachtig-verhaal.png 540w, https:\/\/galyarabok.drk.hu\/wp-content\/uploads\/2024\/10\/Kort-en-waarachtig-verhaal-300x216.png 300w\" sizes=\"auto, (max-width: 540px) 100vw, 540px\" \/><\/a><\/figure>\n<\/figure>\n","protected":false},"excerpt":{"rendered":"","protected":false},"author":1,"featured_media":0,"parent":0,"menu_order":0,"comment_status":"closed","ping_status":"closed","template":"","meta":{"footnotes":""},"categories":[],"tags":[],"class_list":["post-1399","page","type-page","status-publish","hentry"],"translation":{"provider":"WPGlobus","version":"3.0.2","language":"gb","enabled_languages":["hu","gb"],"languages":{"hu":{"title":true,"content":true,"excerpt":false},"gb":{"title":false,"content":false,"excerpt":false}}},"yoast_head":"<!-- This site is optimized with the Yoast SEO plugin v27.2 - https:\/\/yoast.com\/product\/yoast-seo-wordpress\/ -->\n<title>Eml\u00e9klapok<\/title>\n<meta name=\"robots\" content=\"index, follow, max-snippet:-1, max-image-preview:large, max-video-preview:-1\" \/>\n<link rel=\"canonical\" href=\"https:\/\/galyarabok.drk.hu\/emleklapok\/\" \/>\n<meta property=\"og:locale\" content=\"en_GB\" \/>\n<meta property=\"og:type\" content=\"article\" \/>\n<meta property=\"og:title\" content=\"Eml\u00e9klapok\" \/>\n<meta property=\"og:url\" content=\"https:\/\/galyarabok.drk.hu\/emleklapok\/\" \/>\n<meta property=\"og:site_name\" content=\"Galley slave memorial road\" \/>\n<meta property=\"article:publisher\" content=\"https:\/\/www.facebook.com\/profile.php?id=61567825314709\" \/>\n<meta property=\"article:modified_time\" content=\"2024-10-24T20:35:59+00:00\" \/>\n<meta property=\"og:image\" content=\"https:\/\/galyarabok.drk.hu\/wp-content\/uploads\/2024\/10\/Acsi-emleklap-scaled.jpg\" \/>\n\t<meta property=\"og:image:width\" content=\"1920\" \/>\n\t<meta property=\"og:image:height\" content=\"2560\" \/>\n\t<meta property=\"og:image:type\" content=\"image\/jpeg\" \/>\n<meta name=\"twitter:card\" content=\"summary_large_image\" \/>\n<script type=\"application\/ld+json\" class=\"yoast-schema-graph\">{\"@context\":\"https:\/\/schema.org\",\"@graph\":[{\"@type\":\"WebPage\",\"@id\":\"https:\/\/galyarabok.drk.hu\/emleklapok\/\",\"url\":\"https:\/\/galyarabok.drk.hu\/emleklapok\/\",\"name\":\"Eml\u00e9klapok\",\"isPartOf\":{\"@id\":\"https:\/\/galyarabok.drk.hu\/#website\"},\"primaryImageOfPage\":{\"@id\":\"https:\/\/galyarabok.drk.hu\/emleklapok\/#primaryimage\"},\"image\":{\"@id\":\"https:\/\/galyarabok.drk.hu\/emleklapok\/#primaryimage\"},\"thumbnailUrl\":\"https:\/\/galyarabok.drk.hu\/wp-content\/uploads\/2024\/10\/Acsi-emleklap-768x1024.jpg\",\"datePublished\":\"2024-10-22T15:53:26+00:00\",\"dateModified\":\"2024-10-24T20:35:59+00:00\",\"breadcrumb\":{\"@id\":\"https:\/\/galyarabok.drk.hu\/emleklapok\/#breadcrumb\"},\"inLanguage\":\"en-GB\",\"potentialAction\":[{\"@type\":\"ReadAction\",\"target\":[\"https:\/\/galyarabok.drk.hu\/emleklapok\/\"]}]},{\"@type\":\"ImageObject\",\"inLanguage\":\"en-GB\",\"@id\":\"https:\/\/galyarabok.drk.hu\/emleklapok\/#primaryimage\",\"url\":\"https:\/\/galyarabok.drk.hu\/wp-content\/uploads\/2024\/10\/Acsi-emleklap-768x1024.jpg\",\"contentUrl\":\"https:\/\/galyarabok.drk.hu\/wp-content\/uploads\/2024\/10\/Acsi-emleklap-768x1024.jpg\"},{\"@type\":\"BreadcrumbList\",\"@id\":\"https:\/\/galyarabok.drk.hu\/emleklapok\/#breadcrumb\",\"itemListElement\":[{\"@type\":\"ListItem\",\"position\":1,\"name\":\"Kezd\u0151lap\",\"item\":\"https:\/\/galyarabok.drk.hu\/\"},{\"@type\":\"ListItem\",\"position\":2,\"name\":\"Eml\u00e9klapok\"}]},{\"@type\":\"WebSite\",\"@id\":\"https:\/\/galyarabok.drk.hu\/#website\",\"url\":\"https:\/\/galyarabok.drk.hu\/\",\"name\":\"G\u00e1lyarab-eml\u00e9k\u00fat\",\"description\":\"The remembrance of the Hungarian protestant galley slaves. Made and can be visited from the 350th anniversary of the galley slavery (2024)\",\"publisher\":{\"@id\":\"https:\/\/galyarabok.drk.hu\/#organization\"},\"potentialAction\":[{\"@type\":\"SearchAction\",\"target\":{\"@type\":\"EntryPoint\",\"urlTemplate\":\"https:\/\/galyarabok.drk.hu\/?s={search_term_string}\"},\"query-input\":{\"@type\":\"PropertyValueSpecification\",\"valueRequired\":true,\"valueName\":\"search_term_string\"}}],\"inLanguage\":\"en-GB\"},{\"@type\":\"Organization\",\"@id\":\"https:\/\/galyarabok.drk.hu\/#organization\",\"name\":\"G\u00e1lyarab-eml\u00e9k\u00fat\",\"url\":\"https:\/\/galyarabok.drk.hu\/\",\"logo\":{\"@type\":\"ImageObject\",\"inLanguage\":\"en-GB\",\"@id\":\"https:\/\/galyarabok.drk.hu\/#\/schema\/logo\/image\/\",\"url\":\"https:\/\/galyarabok.drk.hu\/wp-content\/uploads\/2021\/02\/cropped-galya-kor-arny-vilagos.png\",\"contentUrl\":\"https:\/\/galyarabok.drk.hu\/wp-content\/uploads\/2021\/02\/cropped-galya-kor-arny-vilagos.png\",\"width\":102,\"height\":100,\"caption\":\"G\u00e1lyarab-eml\u00e9k\u00fat\"},\"image\":{\"@id\":\"https:\/\/galyarabok.drk.hu\/#\/schema\/logo\/image\/\"},\"sameAs\":[\"https:\/\/www.facebook.com\/profile.php?id=61567825314709\"]}]}<\/script>\n<!-- \/ Yoast SEO plugin. -->","yoast_head_json":{"title":"Eml\u00e9klapok","robots":{"index":"index","follow":"follow","max-snippet":"max-snippet:-1","max-image-preview":"max-image-preview:large","max-video-preview":"max-video-preview:-1"},"canonical":"https:\/\/galyarabok.drk.hu\/emleklapok\/","og_locale":"en_GB","og_type":"article","og_title":"Eml\u00e9klapok","og_url":"https:\/\/galyarabok.drk.hu\/emleklapok\/","og_site_name":"Galley slave memorial road","article_publisher":"https:\/\/www.facebook.com\/profile.php?id=61567825314709","article_modified_time":"2024-10-24T20:35:59+00:00","og_image":[{"width":1920,"height":2560,"url":"https:\/\/galyarabok.drk.hu\/wp-content\/uploads\/2024\/10\/Acsi-emleklap-scaled.jpg","type":"image\/jpeg"}],"twitter_card":"summary_large_image","schema":{"@context":"https:\/\/schema.org","@graph":[{"@type":"WebPage","@id":"https:\/\/galyarabok.drk.hu\/emleklapok\/","url":"https:\/\/galyarabok.drk.hu\/emleklapok\/","name":"Eml\u00e9klapok","isPartOf":{"@id":"https:\/\/galyarabok.drk.hu\/#website"},"primaryImageOfPage":{"@id":"https:\/\/galyarabok.drk.hu\/emleklapok\/#primaryimage"},"image":{"@id":"https:\/\/galyarabok.drk.hu\/emleklapok\/#primaryimage"},"thumbnailUrl":"https:\/\/galyarabok.drk.hu\/wp-content\/uploads\/2024\/10\/Acsi-emleklap-768x1024.jpg","datePublished":"2024-10-22T15:53:26+00:00","dateModified":"2024-10-24T20:35:59+00:00","breadcrumb":{"@id":"https:\/\/galyarabok.drk.hu\/emleklapok\/#breadcrumb"},"inLanguage":"en-GB","potentialAction":[{"@type":"ReadAction","target":["https:\/\/galyarabok.drk.hu\/emleklapok\/"]}]},{"@type":"ImageObject","inLanguage":"en-GB","@id":"https:\/\/galyarabok.drk.hu\/emleklapok\/#primaryimage","url":"https:\/\/galyarabok.drk.hu\/wp-content\/uploads\/2024\/10\/Acsi-emleklap-768x1024.jpg","contentUrl":"https:\/\/galyarabok.drk.hu\/wp-content\/uploads\/2024\/10\/Acsi-emleklap-768x1024.jpg"},{"@type":"BreadcrumbList","@id":"https:\/\/galyarabok.drk.hu\/emleklapok\/#breadcrumb","itemListElement":[{"@type":"ListItem","position":1,"name":"Kezd\u0151lap","item":"https:\/\/galyarabok.drk.hu\/"},{"@type":"ListItem","position":2,"name":"Eml\u00e9klapok"}]},{"@type":"WebSite","@id":"https:\/\/galyarabok.drk.hu\/#website","url":"https:\/\/galyarabok.drk.hu\/","name":"G\u00e1lyarab-eml\u00e9k\u00fat","description":"The remembrance of the Hungarian protestant galley slaves. Made and can be visited from the 350th anniversary of the galley slavery (2024)","publisher":{"@id":"https:\/\/galyarabok.drk.hu\/#organization"},"potentialAction":[{"@type":"SearchAction","target":{"@type":"EntryPoint","urlTemplate":"https:\/\/galyarabok.drk.hu\/?s={search_term_string}"},"query-input":{"@type":"PropertyValueSpecification","valueRequired":true,"valueName":"search_term_string"}}],"inLanguage":"en-GB"},{"@type":"Organization","@id":"https:\/\/galyarabok.drk.hu\/#organization","name":"G\u00e1lyarab-eml\u00e9k\u00fat","url":"https:\/\/galyarabok.drk.hu\/","logo":{"@type":"ImageObject","inLanguage":"en-GB","@id":"https:\/\/galyarabok.drk.hu\/#\/schema\/logo\/image\/","url":"https:\/\/galyarabok.drk.hu\/wp-content\/uploads\/2021\/02\/cropped-galya-kor-arny-vilagos.png","contentUrl":"https:\/\/galyarabok.drk.hu\/wp-content\/uploads\/2021\/02\/cropped-galya-kor-arny-vilagos.png","width":102,"height":100,"caption":"G\u00e1lyarab-eml\u00e9k\u00fat"},"image":{"@id":"https:\/\/galyarabok.drk.hu\/#\/schema\/logo\/image\/"},"sameAs":["https:\/\/www.facebook.com\/profile.php?id=61567825314709"]}]}},"_links":{"self":[{"href":"https:\/\/galyarabok.drk.hu\/gb\/wp-json\/wp\/v2\/pages\/1399","targetHints":{"allow":["GET"]}}],"collection":[{"href":"https:\/\/galyarabok.drk.hu\/gb\/wp-json\/wp\/v2\/pages"}],"about":[{"href":"https:\/\/galyarabok.drk.hu\/gb\/wp-json\/wp\/v2\/types\/page"}],"author":[{"embeddable":true,"href":"https:\/\/galyarabok.drk.hu\/gb\/wp-json\/wp\/v2\/users\/1"}],"replies":[{"embeddable":true,"href":"https:\/\/galyarabok.drk.hu\/gb\/wp-json\/wp\/v2\/comments?post=1399"}],"version-history":[{"count":3,"href":"https:\/\/galyarabok.drk.hu\/gb\/wp-json\/wp\/v2\/pages\/1399\/revisions"}],"predecessor-version":[{"id":1542,"href":"https:\/\/galyarabok.drk.hu\/gb\/wp-json\/wp\/v2\/pages\/1399\/revisions\/1542"}],"wp:attachment":[{"href":"https:\/\/galyarabok.drk.hu\/gb\/wp-json\/wp\/v2\/media?parent=1399"}],"wp:term":[{"taxonomy":"category","embeddable":true,"href":"https:\/\/galyarabok.drk.hu\/gb\/wp-json\/wp\/v2\/categories?post=1399"},{"taxonomy":"post_tag","embeddable":true,"href":"https:\/\/galyarabok.drk.hu\/gb\/wp-json\/wp\/v2\/tags?post=1399"}],"curies":[{"name":"wp","href":"https:\/\/api.w.org\/{rel}","templated":true}]}}