{"id":1333,"date":"2024-10-18T08:54:01","date_gmt":"2024-10-18T08:54:01","guid":{"rendered":"https:\/\/galyarabok.drk.hu\/?page_id=1333"},"modified":"2024-10-18T08:54:02","modified_gmt":"2024-10-18T08:54:02","slug":"en-vajon-kepes-lettem-volna-ra-galyarabok-emlekezete-5-resz","status":"publish","type":"page","link":"https:\/\/galyarabok.drk.hu\/gb\/en-vajon-kepes-lettem-volna-ra-galyarabok-emlekezete-5-resz\/","title":{"rendered":"\u201e\u00c9n vajon k\u00e9pes lettem volna r\u00e1?\u201d \u2013 g\u00e1lyarabok eml\u00e9kezete 5. r\u00e9sz"},"content":{"rendered":"\n<blockquote class=\"wp-block-quote is-layout-flow wp-block-quote-is-layout-flow\">\n<p>&#8220;<a href=\"https:\/\/galyarabok.drk.hu\/gb\/kocsi-csergo-balint\/\" data-internallinksmanager029f6b8e52c=\"50\" title=\"Kocsi Cserg\u0151 B\u00e1lint\">Kocsi Cserg\u0151 B\u00e1lint<\/a> a p\u00e1pai oskola rektora volt, amikor a pozsonyi v\u00e9szt\u00f6rv\u00e9nysz\u00e9k el\u00e9 id\u00e9zt\u00e9k, majd 1674-ben g\u00e1lyarabs\u00e1gra hurcolt\u00e1k. Szab\u00f3 El\u0151d tatai reform\u00e1tus lelk\u00e9sz kiemelked\u0151nek tartja, ahogy Kocsi Cserg\u0151 visszaeml\u00e9kez\u00e9seiben szenved\u00e9seir\u0151l \u00edrt. A f\u0151 \u00fczenet, hogy \u0151 \u00e9s t\u00e1rsai J\u00e9zus Krisztus\u00e9rt v\u00e1llalt\u00e1k a szenved\u00e9st. \u201eFel szoktam tenni magamnak a k\u00e9rd\u00e9st: \u00e9n vajon k\u00e9pes lettem volna r\u00e1?\u201d \u2013 t\u00f6preng Szab\u00f3 El\u0151d a hit\u00fck\u00e9rt a g\u00e1lyarabs\u00e1got is v\u00e1llal\u00f3 pr\u00e9dik\u00e1torok sors\u00e1n.<br><br>Szenci Sz\u00e1ki J\u00e1nost is Pozsonyba id\u00e9zt\u00e9k, \u00e1m \u0151 hite megtagad\u00e1sa helyett a sz\u00e1m\u0171zet\u00e9st v\u00e1lasztotta. Csal\u00e1dja ugyanis megszenvedte az \u00fcld\u00f6z\u00e9st. A <a href=\"https:\/\/galyarabok.drk.hu\/gb\/komarom\/\" data-internallinksmanager029f6b8e52c=\"66\" title=\"Kom\u00e1rom\">Kom\u00e1rom<\/a> k\u00f6zel\u00e9ben tal\u00e1lhat\u00f3 Ekelen szolg\u00e1l\u00f3 lelk\u00e9sz fi\u00e1t, Sz\u00e1ki J\u00e1nost egy koncepci\u00f3s perben el\u00edt\u00e9lt\u00e9k \u00e9s 1672-ben kegyetlen k\u00ednz\u00e1sokat k\u00f6vet\u0151en kiv\u00e9gezt\u00e9k.&#8221;<\/p>\n\n\n\n<p><a href=\"https:\/\/portal.kre.hu\/index.php\/1744-en-vajon-kepes-lettem-volna-ra-galyarabok-emlekezete-5-resz.html\">https:\/\/portal.kre.hu\/index.php\/1744-en-vajon-kepes-lettem-volna-ra-galyarabok-emlekezete-5-resz.html<\/a> (2024.10.18.)<\/p>\n\n\n\n<figure class=\"wp-block-embed is-type-video is-provider-youtube wp-block-embed-youtube wp-embed-aspect-16-9 wp-has-aspect-ratio\"><div class=\"wp-block-embed__wrapper\">\n<iframe loading=\"lazy\" title=\"Besz\u00e9lget\u00e9s Szab\u00f3 El\u0151ddel a g\u00e1lyarabokr\u00f3l\" width=\"500\" height=\"281\" src=\"https:\/\/www.youtube.com\/embed\/CRgt-K9tsBo?feature=oembed\" frameborder=\"0\" allow=\"accelerometer; autoplay; clipboard-write; encrypted-media; gyroscope; picture-in-picture; web-share\" referrerpolicy=\"strict-origin-when-cross-origin\" allowfullscreen><\/iframe>\n<\/div><\/figure>\n<\/blockquote>\n","protected":false},"excerpt":{"rendered":"","protected":false},"author":1,"featured_media":1334,"parent":0,"menu_order":0,"comment_status":"closed","ping_status":"closed","template":"","meta":{"footnotes":""},"categories":[30],"tags":[],"class_list":["post-1333","page","type-page","status-publish","has-post-thumbnail","hentry","category-interjuk-dokfilmek"],"translation":{"provider":"WPGlobus","version":"3.0.2","language":"gb","enabled_languages":["hu","gb"],"languages":{"hu":{"title":true,"content":true,"excerpt":false},"gb":{"title":false,"content":false,"excerpt":false}}},"yoast_head":"<!-- This site is optimized with the Yoast SEO plugin v27.2 - https:\/\/yoast.com\/product\/yoast-seo-wordpress\/ -->\n<title>\u201e\u00c9n vajon k\u00e9pes lettem volna r\u00e1?\u201d \u2013 g\u00e1lyarabok eml\u00e9kezete 5. r\u00e9sz<\/title>\n<meta name=\"robots\" content=\"index, follow, max-snippet:-1, max-image-preview:large, max-video-preview:-1\" \/>\n<link rel=\"canonical\" href=\"https:\/\/galyarabok.drk.hu\/en-vajon-kepes-lettem-volna-ra-galyarabok-emlekezete-5-resz\/\" \/>\n<meta property=\"og:locale\" content=\"en_GB\" \/>\n<meta property=\"og:type\" content=\"article\" \/>\n<meta property=\"og:title\" content=\"\u201e\u00c9n vajon k\u00e9pes lettem volna r\u00e1?\u201d \u2013 g\u00e1lyarabok eml\u00e9kezete 5. r\u00e9sz\" \/>\n<meta property=\"og:url\" content=\"https:\/\/galyarabok.drk.hu\/en-vajon-kepes-lettem-volna-ra-galyarabok-emlekezete-5-resz\/\" \/>\n<meta property=\"og:site_name\" content=\"Galley slave memorial road\" \/>\n<meta property=\"article:publisher\" content=\"https:\/\/www.facebook.com\/profile.php?id=61567825314709\" \/>\n<meta property=\"article:modified_time\" content=\"2024-10-18T08:54:02+00:00\" \/>\n<meta property=\"og:image\" content=\"https:\/\/galyarabok.drk.hu\/wp-content\/uploads\/2024\/10\/kocsi_csergo_szobor.jpg\" \/>\n\t<meta property=\"og:image:width\" content=\"1273\" \/>\n\t<meta property=\"og:image:height\" content=\"718\" \/>\n\t<meta property=\"og:image:type\" content=\"image\/jpeg\" \/>\n<meta name=\"twitter:card\" content=\"summary_large_image\" \/>\n<meta name=\"twitter:label1\" content=\"Est. reading time\" \/>\n\t<meta name=\"twitter:data1\" content=\"1 minute\" \/>\n<script type=\"application\/ld+json\" class=\"yoast-schema-graph\">{\"@context\":\"https:\/\/schema.org\",\"@graph\":[{\"@type\":\"WebPage\",\"@id\":\"https:\/\/galyarabok.drk.hu\/en-vajon-kepes-lettem-volna-ra-galyarabok-emlekezete-5-resz\/\",\"url\":\"https:\/\/galyarabok.drk.hu\/en-vajon-kepes-lettem-volna-ra-galyarabok-emlekezete-5-resz\/\",\"name\":\"\u201e\u00c9n vajon k\u00e9pes lettem volna r\u00e1?\u201d \u2013 g\u00e1lyarabok eml\u00e9kezete 5. r\u00e9sz\",\"isPartOf\":{\"@id\":\"https:\/\/galyarabok.drk.hu\/#website\"},\"primaryImageOfPage\":{\"@id\":\"https:\/\/galyarabok.drk.hu\/en-vajon-kepes-lettem-volna-ra-galyarabok-emlekezete-5-resz\/#primaryimage\"},\"image\":{\"@id\":\"https:\/\/galyarabok.drk.hu\/en-vajon-kepes-lettem-volna-ra-galyarabok-emlekezete-5-resz\/#primaryimage\"},\"thumbnailUrl\":\"https:\/\/galyarabok.drk.hu\/wp-content\/uploads\/2024\/10\/kocsi_csergo_szobor.jpg\",\"datePublished\":\"2024-10-18T08:54:01+00:00\",\"dateModified\":\"2024-10-18T08:54:02+00:00\",\"breadcrumb\":{\"@id\":\"https:\/\/galyarabok.drk.hu\/en-vajon-kepes-lettem-volna-ra-galyarabok-emlekezete-5-resz\/#breadcrumb\"},\"inLanguage\":\"en-GB\",\"potentialAction\":[{\"@type\":\"ReadAction\",\"target\":[\"https:\/\/galyarabok.drk.hu\/en-vajon-kepes-lettem-volna-ra-galyarabok-emlekezete-5-resz\/\"]}]},{\"@type\":\"ImageObject\",\"inLanguage\":\"en-GB\",\"@id\":\"https:\/\/galyarabok.drk.hu\/en-vajon-kepes-lettem-volna-ra-galyarabok-emlekezete-5-resz\/#primaryimage\",\"url\":\"https:\/\/galyarabok.drk.hu\/wp-content\/uploads\/2024\/10\/kocsi_csergo_szobor.jpg\",\"contentUrl\":\"https:\/\/galyarabok.drk.hu\/wp-content\/uploads\/2024\/10\/kocsi_csergo_szobor.jpg\",\"width\":1273,\"height\":718},{\"@type\":\"BreadcrumbList\",\"@id\":\"https:\/\/galyarabok.drk.hu\/en-vajon-kepes-lettem-volna-ra-galyarabok-emlekezete-5-resz\/#breadcrumb\",\"itemListElement\":[{\"@type\":\"ListItem\",\"position\":1,\"name\":\"Kezd\u0151lap\",\"item\":\"https:\/\/galyarabok.drk.hu\/\"},{\"@type\":\"ListItem\",\"position\":2,\"name\":\"\u201e\u00c9n vajon k\u00e9pes lettem volna r\u00e1?\u201d \u2013 g\u00e1lyarabok eml\u00e9kezete 5. r\u00e9sz\"}]},{\"@type\":\"WebSite\",\"@id\":\"https:\/\/galyarabok.drk.hu\/#website\",\"url\":\"https:\/\/galyarabok.drk.hu\/\",\"name\":\"G\u00e1lyarab-eml\u00e9k\u00fat\",\"description\":\"The remembrance of the Hungarian protestant galley slaves. Made and can be visited from the 350th anniversary of the galley slavery (2024)\",\"publisher\":{\"@id\":\"https:\/\/galyarabok.drk.hu\/#organization\"},\"potentialAction\":[{\"@type\":\"SearchAction\",\"target\":{\"@type\":\"EntryPoint\",\"urlTemplate\":\"https:\/\/galyarabok.drk.hu\/?s={search_term_string}\"},\"query-input\":{\"@type\":\"PropertyValueSpecification\",\"valueRequired\":true,\"valueName\":\"search_term_string\"}}],\"inLanguage\":\"en-GB\"},{\"@type\":\"Organization\",\"@id\":\"https:\/\/galyarabok.drk.hu\/#organization\",\"name\":\"G\u00e1lyarab-eml\u00e9k\u00fat\",\"url\":\"https:\/\/galyarabok.drk.hu\/\",\"logo\":{\"@type\":\"ImageObject\",\"inLanguage\":\"en-GB\",\"@id\":\"https:\/\/galyarabok.drk.hu\/#\/schema\/logo\/image\/\",\"url\":\"https:\/\/galyarabok.drk.hu\/wp-content\/uploads\/2021\/02\/cropped-galya-kor-arny-vilagos.png\",\"contentUrl\":\"https:\/\/galyarabok.drk.hu\/wp-content\/uploads\/2021\/02\/cropped-galya-kor-arny-vilagos.png\",\"width\":102,\"height\":100,\"caption\":\"G\u00e1lyarab-eml\u00e9k\u00fat\"},\"image\":{\"@id\":\"https:\/\/galyarabok.drk.hu\/#\/schema\/logo\/image\/\"},\"sameAs\":[\"https:\/\/www.facebook.com\/profile.php?id=61567825314709\"]}]}<\/script>\n<!-- \/ Yoast SEO plugin. -->","yoast_head_json":{"title":"\u201e\u00c9n vajon k\u00e9pes lettem volna r\u00e1?\u201d \u2013 g\u00e1lyarabok eml\u00e9kezete 5. r\u00e9sz","robots":{"index":"index","follow":"follow","max-snippet":"max-snippet:-1","max-image-preview":"max-image-preview:large","max-video-preview":"max-video-preview:-1"},"canonical":"https:\/\/galyarabok.drk.hu\/en-vajon-kepes-lettem-volna-ra-galyarabok-emlekezete-5-resz\/","og_locale":"en_GB","og_type":"article","og_title":"\u201e\u00c9n vajon k\u00e9pes lettem volna r\u00e1?\u201d \u2013 g\u00e1lyarabok eml\u00e9kezete 5. r\u00e9sz","og_url":"https:\/\/galyarabok.drk.hu\/en-vajon-kepes-lettem-volna-ra-galyarabok-emlekezete-5-resz\/","og_site_name":"Galley slave memorial road","article_publisher":"https:\/\/www.facebook.com\/profile.php?id=61567825314709","article_modified_time":"2024-10-18T08:54:02+00:00","og_image":[{"width":1273,"height":718,"url":"https:\/\/galyarabok.drk.hu\/wp-content\/uploads\/2024\/10\/kocsi_csergo_szobor.jpg","type":"image\/jpeg"}],"twitter_card":"summary_large_image","twitter_misc":{"Est. reading time":"1 minute"},"schema":{"@context":"https:\/\/schema.org","@graph":[{"@type":"WebPage","@id":"https:\/\/galyarabok.drk.hu\/en-vajon-kepes-lettem-volna-ra-galyarabok-emlekezete-5-resz\/","url":"https:\/\/galyarabok.drk.hu\/en-vajon-kepes-lettem-volna-ra-galyarabok-emlekezete-5-resz\/","name":"\u201e\u00c9n vajon k\u00e9pes lettem volna r\u00e1?\u201d \u2013 g\u00e1lyarabok eml\u00e9kezete 5. r\u00e9sz","isPartOf":{"@id":"https:\/\/galyarabok.drk.hu\/#website"},"primaryImageOfPage":{"@id":"https:\/\/galyarabok.drk.hu\/en-vajon-kepes-lettem-volna-ra-galyarabok-emlekezete-5-resz\/#primaryimage"},"image":{"@id":"https:\/\/galyarabok.drk.hu\/en-vajon-kepes-lettem-volna-ra-galyarabok-emlekezete-5-resz\/#primaryimage"},"thumbnailUrl":"https:\/\/galyarabok.drk.hu\/wp-content\/uploads\/2024\/10\/kocsi_csergo_szobor.jpg","datePublished":"2024-10-18T08:54:01+00:00","dateModified":"2024-10-18T08:54:02+00:00","breadcrumb":{"@id":"https:\/\/galyarabok.drk.hu\/en-vajon-kepes-lettem-volna-ra-galyarabok-emlekezete-5-resz\/#breadcrumb"},"inLanguage":"en-GB","potentialAction":[{"@type":"ReadAction","target":["https:\/\/galyarabok.drk.hu\/en-vajon-kepes-lettem-volna-ra-galyarabok-emlekezete-5-resz\/"]}]},{"@type":"ImageObject","inLanguage":"en-GB","@id":"https:\/\/galyarabok.drk.hu\/en-vajon-kepes-lettem-volna-ra-galyarabok-emlekezete-5-resz\/#primaryimage","url":"https:\/\/galyarabok.drk.hu\/wp-content\/uploads\/2024\/10\/kocsi_csergo_szobor.jpg","contentUrl":"https:\/\/galyarabok.drk.hu\/wp-content\/uploads\/2024\/10\/kocsi_csergo_szobor.jpg","width":1273,"height":718},{"@type":"BreadcrumbList","@id":"https:\/\/galyarabok.drk.hu\/en-vajon-kepes-lettem-volna-ra-galyarabok-emlekezete-5-resz\/#breadcrumb","itemListElement":[{"@type":"ListItem","position":1,"name":"Kezd\u0151lap","item":"https:\/\/galyarabok.drk.hu\/"},{"@type":"ListItem","position":2,"name":"\u201e\u00c9n vajon k\u00e9pes lettem volna r\u00e1?\u201d \u2013 g\u00e1lyarabok eml\u00e9kezete 5. r\u00e9sz"}]},{"@type":"WebSite","@id":"https:\/\/galyarabok.drk.hu\/#website","url":"https:\/\/galyarabok.drk.hu\/","name":"G\u00e1lyarab-eml\u00e9k\u00fat","description":"The remembrance of the Hungarian protestant galley slaves. Made and can be visited from the 350th anniversary of the galley slavery (2024)","publisher":{"@id":"https:\/\/galyarabok.drk.hu\/#organization"},"potentialAction":[{"@type":"SearchAction","target":{"@type":"EntryPoint","urlTemplate":"https:\/\/galyarabok.drk.hu\/?s={search_term_string}"},"query-input":{"@type":"PropertyValueSpecification","valueRequired":true,"valueName":"search_term_string"}}],"inLanguage":"en-GB"},{"@type":"Organization","@id":"https:\/\/galyarabok.drk.hu\/#organization","name":"G\u00e1lyarab-eml\u00e9k\u00fat","url":"https:\/\/galyarabok.drk.hu\/","logo":{"@type":"ImageObject","inLanguage":"en-GB","@id":"https:\/\/galyarabok.drk.hu\/#\/schema\/logo\/image\/","url":"https:\/\/galyarabok.drk.hu\/wp-content\/uploads\/2021\/02\/cropped-galya-kor-arny-vilagos.png","contentUrl":"https:\/\/galyarabok.drk.hu\/wp-content\/uploads\/2021\/02\/cropped-galya-kor-arny-vilagos.png","width":102,"height":100,"caption":"G\u00e1lyarab-eml\u00e9k\u00fat"},"image":{"@id":"https:\/\/galyarabok.drk.hu\/#\/schema\/logo\/image\/"},"sameAs":["https:\/\/www.facebook.com\/profile.php?id=61567825314709"]}]}},"_links":{"self":[{"href":"https:\/\/galyarabok.drk.hu\/gb\/wp-json\/wp\/v2\/pages\/1333","targetHints":{"allow":["GET"]}}],"collection":[{"href":"https:\/\/galyarabok.drk.hu\/gb\/wp-json\/wp\/v2\/pages"}],"about":[{"href":"https:\/\/galyarabok.drk.hu\/gb\/wp-json\/wp\/v2\/types\/page"}],"author":[{"embeddable":true,"href":"https:\/\/galyarabok.drk.hu\/gb\/wp-json\/wp\/v2\/users\/1"}],"replies":[{"embeddable":true,"href":"https:\/\/galyarabok.drk.hu\/gb\/wp-json\/wp\/v2\/comments?post=1333"}],"version-history":[{"count":1,"href":"https:\/\/galyarabok.drk.hu\/gb\/wp-json\/wp\/v2\/pages\/1333\/revisions"}],"predecessor-version":[{"id":1335,"href":"https:\/\/galyarabok.drk.hu\/gb\/wp-json\/wp\/v2\/pages\/1333\/revisions\/1335"}],"wp:featuredmedia":[{"embeddable":true,"href":"https:\/\/galyarabok.drk.hu\/gb\/wp-json\/wp\/v2\/media\/1334"}],"wp:attachment":[{"href":"https:\/\/galyarabok.drk.hu\/gb\/wp-json\/wp\/v2\/media?parent=1333"}],"wp:term":[{"taxonomy":"category","embeddable":true,"href":"https:\/\/galyarabok.drk.hu\/gb\/wp-json\/wp\/v2\/categories?post=1333"},{"taxonomy":"post_tag","embeddable":true,"href":"https:\/\/galyarabok.drk.hu\/gb\/wp-json\/wp\/v2\/tags?post=1333"}],"curies":[{"name":"wp","href":"https:\/\/api.w.org\/{rel}","templated":true}]}}