{"id":1328,"date":"2024-10-18T08:45:37","date_gmt":"2024-10-18T08:45:37","guid":{"rendered":"https:\/\/galyarabok.drk.hu\/?page_id=1328"},"modified":"2024-10-18T08:45:37","modified_gmt":"2024-10-18T08:45:37","slug":"amikor-a-papa-fejet-hajtott-az-aldozatok-elott-galyarabok-emlekezete-4-resz","status":"publish","type":"page","link":"https:\/\/galyarabok.drk.hu\/gb\/amikor-a-papa-fejet-hajtott-az-aldozatok-elott-galyarabok-emlekezete-4-resz\/","title":{"rendered":"Amikor a p\u00e1pa fejet hajtott az \u00e1ldozatok el\u0151tt \u2013 g\u00e1lyarabok eml\u00e9kezete 4. r\u00e9sz"},"content":{"rendered":"\n<blockquote class=\"wp-block-quote is-layout-flow wp-block-quote-is-layout-flow\">\n<p>&#8220;II. J\u00e1nos P\u00e1l <a href=\"https:\/\/galyarabok.drk.hu\/gb\/papa\/\" data-internallinksmanager029f6b8e52c=\"98\" title=\"P\u00e1pa\">p\u00e1pa<\/a> \u00e9ppen harminc \u00e9vvel ezel\u0151tt, 1991 nyar\u00e1n j\u00e1rt el\u0151sz\u00f6r Magyarorsz\u00e1gon. L\u00e1togat\u00e1s\u00e1nak egyik legnagyobb visszhangot keltett gesztusa volt, amikor az augusztus 18-\u00e1n, a debreceni reform\u00e1tus nagytemplomban tartott \u00f6kumenikus szertart\u00e1s ut\u00e1n megkoszor\u00fazta a g\u00e1lyarab pr\u00e9dik\u00e1torok eml\u00e9km\u0171v\u00e9t. A hit\u00fck miatt 1674-ben a pozsonyi v\u00e9szt\u00f6rv\u00e9nysz\u00e9ken el\u00edt\u00e9lt, majd g\u00e1lyarabs\u00e1gra hurcolt reform\u00e1tus lelk\u00e9szek oszlop\u00e1t 1895-ben avatt\u00e1k fel.<br><br>Dr. M\u00e1rkus Mih\u00e1ly a p\u00e1pal\u00e1togat\u00e1s idej\u00e9n a Dun\u00e1nt\u00fali Reform\u00e1tus Egyh\u00e1zker\u00fclet p\u00fcsp\u00f6ke \u00e9s a Zsinat lelk\u00e9szi aleln\u00f6ke volt \u2013 e min\u0151s\u00e9g\u00e9ben vett r\u00e9szt a II. J\u00e1nos P\u00e1l debreceni l\u00e1togat\u00e1s\u00e1nak el\u0151k\u00e9sz\u00edt\u00e9s\u00e9ben. Felid\u00e9zi, hogy a p\u00e1pa m\u00e1r fiatal pap kor\u00e1ban j\u00e1rt Debrecenben, fiatal h\u00edveivel biciklit\u00far\u00e1n volt Magyarorsz\u00e1gon. Az utols\u00f3 pillanatig akadtak bizonytalans\u00e1gok a programban, de v\u00e9g\u00fcl megt\u00f6rt\u00e9nt a t\u00f6rt\u00e9nelmi f\u0151hajt\u00e1s.&#8221;<\/p>\n<\/blockquote>\n\n\n\n<p><a href=\"https:\/\/portal.kre.hu\/index.php\/1692-amikor-a-papa-fejet-hajtott-az-aldozatok-elott-galyarabok-emlekezete-4-resz\">https:\/\/portal.kre.hu\/index.php\/1692-amikor-a-papa-fejet-hajtott-az-aldozatok-elott-galyarabok-emlekezete-4-resz<\/a> (2024.10.18.)<\/p>\n\n\n\n<figure class=\"wp-block-embed is-type-video is-provider-youtube wp-block-embed-youtube wp-embed-aspect-16-9 wp-has-aspect-ratio\"><div class=\"wp-block-embed__wrapper\">\n<iframe loading=\"lazy\" title=\"Besz\u00e9lget\u00e9s M\u00e1rkus Mih\u00e1llyal arr\u00f3l, amikor II. J\u00e1nos P\u00e1l p\u00e1pa megkoszor\u00fazta a g\u00e1lyarab eml\u00e9km\u0171vet\" width=\"500\" height=\"281\" src=\"https:\/\/www.youtube.com\/embed\/y72_SGawsWE?feature=oembed\" frameborder=\"0\" allow=\"accelerometer; autoplay; clipboard-write; encrypted-media; gyroscope; picture-in-picture; web-share\" referrerpolicy=\"strict-origin-when-cross-origin\" allowfullscreen><\/iframe>\n<\/div><\/figure>\n","protected":false},"excerpt":{"rendered":"<p>&#8220;II. J\u00e1nos P\u00e1l p\u00e1pa \u00e9ppen harminc \u00e9vvel ezel\u0151tt, 1991 nyar\u00e1n j\u00e1rt el\u0151sz\u00f6r Magyarorsz\u00e1gon. L\u00e1togat\u00e1s\u00e1nak egyik legnagyobb visszhangot keltett gesztusa volt, [&hellip;]<\/p>\n","protected":false},"author":1,"featured_media":350,"parent":0,"menu_order":0,"comment_status":"closed","ping_status":"closed","template":"","meta":{"footnotes":""},"categories":[30],"tags":[],"class_list":["post-1328","page","type-page","status-publish","has-post-thumbnail","hentry","category-interjuk-dokfilmek"],"translation":{"provider":"WPGlobus","version":"3.0.2","language":"gb","enabled_languages":["hu","gb"],"languages":{"hu":{"title":true,"content":true,"excerpt":false},"gb":{"title":false,"content":false,"excerpt":false}}},"yoast_head":"<!-- This site is optimized with the Yoast SEO plugin v27.2 - https:\/\/yoast.com\/product\/yoast-seo-wordpress\/ -->\n<title>Amikor a p\u00e1pa fejet hajtott az \u00e1ldozatok el\u0151tt \u2013 g\u00e1lyarabok eml\u00e9kezete 4. r\u00e9sz<\/title>\n<meta name=\"robots\" content=\"index, follow, max-snippet:-1, max-image-preview:large, max-video-preview:-1\" \/>\n<link rel=\"canonical\" href=\"https:\/\/galyarabok.drk.hu\/amikor-a-papa-fejet-hajtott-az-aldozatok-elott-galyarabok-emlekezete-4-resz\/\" \/>\n<meta property=\"og:locale\" content=\"en_GB\" \/>\n<meta property=\"og:type\" content=\"article\" \/>\n<meta property=\"og:title\" content=\"Amikor a p\u00e1pa fejet hajtott az \u00e1ldozatok el\u0151tt \u2013 g\u00e1lyarabok eml\u00e9kezete 4. r\u00e9sz\" \/>\n<meta property=\"og:url\" content=\"https:\/\/galyarabok.drk.hu\/amikor-a-papa-fejet-hajtott-az-aldozatok-elott-galyarabok-emlekezete-4-resz\/\" \/>\n<meta property=\"og:site_name\" content=\"Galley slave memorial road\" \/>\n<meta property=\"article:publisher\" content=\"https:\/\/www.facebook.com\/profile.php?id=61567825314709\" \/>\n<meta property=\"og:image\" content=\"https:\/\/galyarabok.drk.hu\/wp-content\/uploads\/2021\/02\/DEBRECEN_Db-1_M.jpg\" \/>\n\t<meta property=\"og:image:width\" content=\"1536\" \/>\n\t<meta property=\"og:image:height\" content=\"2048\" \/>\n\t<meta property=\"og:image:type\" content=\"image\/jpeg\" \/>\n<meta name=\"twitter:card\" content=\"summary_large_image\" \/>\n<meta name=\"twitter:label1\" content=\"Est. reading time\" \/>\n\t<meta name=\"twitter:data1\" content=\"1 minute\" \/>\n<script type=\"application\/ld+json\" class=\"yoast-schema-graph\">{\"@context\":\"https:\/\/schema.org\",\"@graph\":[{\"@type\":\"WebPage\",\"@id\":\"https:\/\/galyarabok.drk.hu\/amikor-a-papa-fejet-hajtott-az-aldozatok-elott-galyarabok-emlekezete-4-resz\/\",\"url\":\"https:\/\/galyarabok.drk.hu\/amikor-a-papa-fejet-hajtott-az-aldozatok-elott-galyarabok-emlekezete-4-resz\/\",\"name\":\"Amikor a p\u00e1pa fejet hajtott az \u00e1ldozatok el\u0151tt \u2013 g\u00e1lyarabok eml\u00e9kezete 4. r\u00e9sz\",\"isPartOf\":{\"@id\":\"https:\/\/galyarabok.drk.hu\/#website\"},\"primaryImageOfPage\":{\"@id\":\"https:\/\/galyarabok.drk.hu\/amikor-a-papa-fejet-hajtott-az-aldozatok-elott-galyarabok-emlekezete-4-resz\/#primaryimage\"},\"image\":{\"@id\":\"https:\/\/galyarabok.drk.hu\/amikor-a-papa-fejet-hajtott-az-aldozatok-elott-galyarabok-emlekezete-4-resz\/#primaryimage\"},\"thumbnailUrl\":\"https:\/\/galyarabok.drk.hu\/wp-content\/uploads\/2021\/02\/DEBRECEN_Db-1_M.jpg\",\"datePublished\":\"2024-10-18T08:45:37+00:00\",\"breadcrumb\":{\"@id\":\"https:\/\/galyarabok.drk.hu\/amikor-a-papa-fejet-hajtott-az-aldozatok-elott-galyarabok-emlekezete-4-resz\/#breadcrumb\"},\"inLanguage\":\"en-GB\",\"potentialAction\":[{\"@type\":\"ReadAction\",\"target\":[\"https:\/\/galyarabok.drk.hu\/amikor-a-papa-fejet-hajtott-az-aldozatok-elott-galyarabok-emlekezete-4-resz\/\"]}]},{\"@type\":\"ImageObject\",\"inLanguage\":\"en-GB\",\"@id\":\"https:\/\/galyarabok.drk.hu\/amikor-a-papa-fejet-hajtott-az-aldozatok-elott-galyarabok-emlekezete-4-resz\/#primaryimage\",\"url\":\"https:\/\/galyarabok.drk.hu\/wp-content\/uploads\/2021\/02\/DEBRECEN_Db-1_M.jpg\",\"contentUrl\":\"https:\/\/galyarabok.drk.hu\/wp-content\/uploads\/2021\/02\/DEBRECEN_Db-1_M.jpg\",\"width\":1536,\"height\":2048,\"caption\":\"Debrecen\"},{\"@type\":\"BreadcrumbList\",\"@id\":\"https:\/\/galyarabok.drk.hu\/amikor-a-papa-fejet-hajtott-az-aldozatok-elott-galyarabok-emlekezete-4-resz\/#breadcrumb\",\"itemListElement\":[{\"@type\":\"ListItem\",\"position\":1,\"name\":\"Kezd\u0151lap\",\"item\":\"https:\/\/galyarabok.drk.hu\/\"},{\"@type\":\"ListItem\",\"position\":2,\"name\":\"Amikor a p\u00e1pa fejet hajtott az \u00e1ldozatok el\u0151tt \u2013 g\u00e1lyarabok eml\u00e9kezete 4. r\u00e9sz\"}]},{\"@type\":\"WebSite\",\"@id\":\"https:\/\/galyarabok.drk.hu\/#website\",\"url\":\"https:\/\/galyarabok.drk.hu\/\",\"name\":\"G\u00e1lyarab-eml\u00e9k\u00fat\",\"description\":\"The remembrance of the Hungarian protestant galley slaves. Made and can be visited from the 350th anniversary of the galley slavery (2024)\",\"publisher\":{\"@id\":\"https:\/\/galyarabok.drk.hu\/#organization\"},\"potentialAction\":[{\"@type\":\"SearchAction\",\"target\":{\"@type\":\"EntryPoint\",\"urlTemplate\":\"https:\/\/galyarabok.drk.hu\/?s={search_term_string}\"},\"query-input\":{\"@type\":\"PropertyValueSpecification\",\"valueRequired\":true,\"valueName\":\"search_term_string\"}}],\"inLanguage\":\"en-GB\"},{\"@type\":\"Organization\",\"@id\":\"https:\/\/galyarabok.drk.hu\/#organization\",\"name\":\"G\u00e1lyarab-eml\u00e9k\u00fat\",\"url\":\"https:\/\/galyarabok.drk.hu\/\",\"logo\":{\"@type\":\"ImageObject\",\"inLanguage\":\"en-GB\",\"@id\":\"https:\/\/galyarabok.drk.hu\/#\/schema\/logo\/image\/\",\"url\":\"https:\/\/galyarabok.drk.hu\/wp-content\/uploads\/2021\/02\/cropped-galya-kor-arny-vilagos.png\",\"contentUrl\":\"https:\/\/galyarabok.drk.hu\/wp-content\/uploads\/2021\/02\/cropped-galya-kor-arny-vilagos.png\",\"width\":102,\"height\":100,\"caption\":\"G\u00e1lyarab-eml\u00e9k\u00fat\"},\"image\":{\"@id\":\"https:\/\/galyarabok.drk.hu\/#\/schema\/logo\/image\/\"},\"sameAs\":[\"https:\/\/www.facebook.com\/profile.php?id=61567825314709\"]}]}<\/script>\n<!-- \/ Yoast SEO plugin. -->","yoast_head_json":{"title":"Amikor a p\u00e1pa fejet hajtott az \u00e1ldozatok el\u0151tt \u2013 g\u00e1lyarabok eml\u00e9kezete 4. r\u00e9sz","robots":{"index":"index","follow":"follow","max-snippet":"max-snippet:-1","max-image-preview":"max-image-preview:large","max-video-preview":"max-video-preview:-1"},"canonical":"https:\/\/galyarabok.drk.hu\/amikor-a-papa-fejet-hajtott-az-aldozatok-elott-galyarabok-emlekezete-4-resz\/","og_locale":"en_GB","og_type":"article","og_title":"Amikor a p\u00e1pa fejet hajtott az \u00e1ldozatok el\u0151tt \u2013 g\u00e1lyarabok eml\u00e9kezete 4. r\u00e9sz","og_url":"https:\/\/galyarabok.drk.hu\/amikor-a-papa-fejet-hajtott-az-aldozatok-elott-galyarabok-emlekezete-4-resz\/","og_site_name":"Galley slave memorial road","article_publisher":"https:\/\/www.facebook.com\/profile.php?id=61567825314709","og_image":[{"width":1536,"height":2048,"url":"https:\/\/galyarabok.drk.hu\/wp-content\/uploads\/2021\/02\/DEBRECEN_Db-1_M.jpg","type":"image\/jpeg"}],"twitter_card":"summary_large_image","twitter_misc":{"Est. reading time":"1 minute"},"schema":{"@context":"https:\/\/schema.org","@graph":[{"@type":"WebPage","@id":"https:\/\/galyarabok.drk.hu\/amikor-a-papa-fejet-hajtott-az-aldozatok-elott-galyarabok-emlekezete-4-resz\/","url":"https:\/\/galyarabok.drk.hu\/amikor-a-papa-fejet-hajtott-az-aldozatok-elott-galyarabok-emlekezete-4-resz\/","name":"Amikor a p\u00e1pa fejet hajtott az \u00e1ldozatok el\u0151tt \u2013 g\u00e1lyarabok eml\u00e9kezete 4. r\u00e9sz","isPartOf":{"@id":"https:\/\/galyarabok.drk.hu\/#website"},"primaryImageOfPage":{"@id":"https:\/\/galyarabok.drk.hu\/amikor-a-papa-fejet-hajtott-az-aldozatok-elott-galyarabok-emlekezete-4-resz\/#primaryimage"},"image":{"@id":"https:\/\/galyarabok.drk.hu\/amikor-a-papa-fejet-hajtott-az-aldozatok-elott-galyarabok-emlekezete-4-resz\/#primaryimage"},"thumbnailUrl":"https:\/\/galyarabok.drk.hu\/wp-content\/uploads\/2021\/02\/DEBRECEN_Db-1_M.jpg","datePublished":"2024-10-18T08:45:37+00:00","breadcrumb":{"@id":"https:\/\/galyarabok.drk.hu\/amikor-a-papa-fejet-hajtott-az-aldozatok-elott-galyarabok-emlekezete-4-resz\/#breadcrumb"},"inLanguage":"en-GB","potentialAction":[{"@type":"ReadAction","target":["https:\/\/galyarabok.drk.hu\/amikor-a-papa-fejet-hajtott-az-aldozatok-elott-galyarabok-emlekezete-4-resz\/"]}]},{"@type":"ImageObject","inLanguage":"en-GB","@id":"https:\/\/galyarabok.drk.hu\/amikor-a-papa-fejet-hajtott-az-aldozatok-elott-galyarabok-emlekezete-4-resz\/#primaryimage","url":"https:\/\/galyarabok.drk.hu\/wp-content\/uploads\/2021\/02\/DEBRECEN_Db-1_M.jpg","contentUrl":"https:\/\/galyarabok.drk.hu\/wp-content\/uploads\/2021\/02\/DEBRECEN_Db-1_M.jpg","width":1536,"height":2048,"caption":"Debrecen"},{"@type":"BreadcrumbList","@id":"https:\/\/galyarabok.drk.hu\/amikor-a-papa-fejet-hajtott-az-aldozatok-elott-galyarabok-emlekezete-4-resz\/#breadcrumb","itemListElement":[{"@type":"ListItem","position":1,"name":"Kezd\u0151lap","item":"https:\/\/galyarabok.drk.hu\/"},{"@type":"ListItem","position":2,"name":"Amikor a p\u00e1pa fejet hajtott az \u00e1ldozatok el\u0151tt \u2013 g\u00e1lyarabok eml\u00e9kezete 4. r\u00e9sz"}]},{"@type":"WebSite","@id":"https:\/\/galyarabok.drk.hu\/#website","url":"https:\/\/galyarabok.drk.hu\/","name":"G\u00e1lyarab-eml\u00e9k\u00fat","description":"The remembrance of the Hungarian protestant galley slaves. Made and can be visited from the 350th anniversary of the galley slavery (2024)","publisher":{"@id":"https:\/\/galyarabok.drk.hu\/#organization"},"potentialAction":[{"@type":"SearchAction","target":{"@type":"EntryPoint","urlTemplate":"https:\/\/galyarabok.drk.hu\/?s={search_term_string}"},"query-input":{"@type":"PropertyValueSpecification","valueRequired":true,"valueName":"search_term_string"}}],"inLanguage":"en-GB"},{"@type":"Organization","@id":"https:\/\/galyarabok.drk.hu\/#organization","name":"G\u00e1lyarab-eml\u00e9k\u00fat","url":"https:\/\/galyarabok.drk.hu\/","logo":{"@type":"ImageObject","inLanguage":"en-GB","@id":"https:\/\/galyarabok.drk.hu\/#\/schema\/logo\/image\/","url":"https:\/\/galyarabok.drk.hu\/wp-content\/uploads\/2021\/02\/cropped-galya-kor-arny-vilagos.png","contentUrl":"https:\/\/galyarabok.drk.hu\/wp-content\/uploads\/2021\/02\/cropped-galya-kor-arny-vilagos.png","width":102,"height":100,"caption":"G\u00e1lyarab-eml\u00e9k\u00fat"},"image":{"@id":"https:\/\/galyarabok.drk.hu\/#\/schema\/logo\/image\/"},"sameAs":["https:\/\/www.facebook.com\/profile.php?id=61567825314709"]}]}},"_links":{"self":[{"href":"https:\/\/galyarabok.drk.hu\/gb\/wp-json\/wp\/v2\/pages\/1328","targetHints":{"allow":["GET"]}}],"collection":[{"href":"https:\/\/galyarabok.drk.hu\/gb\/wp-json\/wp\/v2\/pages"}],"about":[{"href":"https:\/\/galyarabok.drk.hu\/gb\/wp-json\/wp\/v2\/types\/page"}],"author":[{"embeddable":true,"href":"https:\/\/galyarabok.drk.hu\/gb\/wp-json\/wp\/v2\/users\/1"}],"replies":[{"embeddable":true,"href":"https:\/\/galyarabok.drk.hu\/gb\/wp-json\/wp\/v2\/comments?post=1328"}],"version-history":[{"count":1,"href":"https:\/\/galyarabok.drk.hu\/gb\/wp-json\/wp\/v2\/pages\/1328\/revisions"}],"predecessor-version":[{"id":1329,"href":"https:\/\/galyarabok.drk.hu\/gb\/wp-json\/wp\/v2\/pages\/1328\/revisions\/1329"}],"wp:featuredmedia":[{"embeddable":true,"href":"https:\/\/galyarabok.drk.hu\/gb\/wp-json\/wp\/v2\/media\/350"}],"wp:attachment":[{"href":"https:\/\/galyarabok.drk.hu\/gb\/wp-json\/wp\/v2\/media?parent=1328"}],"wp:term":[{"taxonomy":"category","embeddable":true,"href":"https:\/\/galyarabok.drk.hu\/gb\/wp-json\/wp\/v2\/categories?post=1328"},{"taxonomy":"post_tag","embeddable":true,"href":"https:\/\/galyarabok.drk.hu\/gb\/wp-json\/wp\/v2\/tags?post=1328"}],"curies":[{"name":"wp","href":"https:\/\/api.w.org\/{rel}","templated":true}]}}