{"id":1325,"date":"2024-10-18T08:42:54","date_gmt":"2024-10-18T08:42:54","guid":{"rendered":"https:\/\/galyarabok.drk.hu\/?page_id=1325"},"modified":"2024-10-18T08:42:54","modified_gmt":"2024-10-18T08:42:54","slug":"negyven-predikator-negyven-harsfa-galyarabok-emlekezete-3-resz","status":"publish","type":"page","link":"https:\/\/galyarabok.drk.hu\/gb\/negyven-predikator-negyven-harsfa-galyarabok-emlekezete-3-resz\/","title":{"rendered":"Negyven pr\u00e9dik\u00e1tor, negyven h\u00e1rsfa \u2013 g\u00e1lyarabok eml\u00e9kezete 3. r\u00e9sz"},"content":{"rendered":"\n<blockquote class=\"wp-block-quote is-layout-flow wp-block-quote-is-layout-flow\">\n<p>&#8220;A <a href=\"https:\/\/galyarabok.drk.hu\/gb\/komarom\/\" data-internallinksmanager029f6b8e52c=\"66\" title=\"Kom\u00e1rom\">Kom\u00e1rom<\/a>-Esztergom megyei <a href=\"https:\/\/galyarabok.drk.hu\/gb\/kocs\/\" data-internallinksmanager029f6b8e52c=\"65\" title=\"Kocs\">Kocs<\/a> k\u00f6zs\u00e9gben tal\u00e1lhat\u00f3 eml\u00e9kparkban negyven h\u00e1rsfa \u0151rzi az 1674-ben hit\u00fck\u00e9rt g\u00e1lyarabs\u00e1gba hurcolt negyven pr\u00e9dik\u00e1tor eml\u00e9k\u00e9t. \u201eAz \u00e9l\u0151 n\u00f6v\u00e9nyek jelzik, hogy \u0151k tov\u00e1bb \u00e9lnek\u201d \u2013 mondja Roboz P\u00e9ter lelkip\u00e1sztor a m\u00e1rt\u00edrok helyben elevenen \u00e9l\u0151 eml\u00e9kezet\u00e9r\u0151l. Kocs arr\u00f3l nevezetes t\u00f6bbek k\u00f6z\u00f6tt, hogy a faluban sz\u00fcletett az egyik g\u00e1lyarabs\u00e1gra hurcolt lelk\u00e9sz-tan\u00e1r, <a href=\"https:\/\/galyarabok.drk.hu\/gb\/kocsi-csergo-balint\/\" data-internallinksmanager029f6b8e52c=\"50\" title=\"Kocsi Cserg\u0151 B\u00e1lint\">Kocsi Cserg\u0151 B\u00e1lint<\/a>.<br><br>A gy\u00fclekezet m\u00e1ig \u0151rzi egy 1679-es tan\u00e9vnyit\u00f3 besz\u00e9d\u00e9t \u00e9s olyan kelyhet, amelyb\u0151l m\u00e9g Kocsi Cserg\u0151 B\u00e1lint is \u00farvacsor\u00e1zhatott. Ezt az \u00f6r\u00f6ks\u00e9get viszi tov\u00e1bb a k\u00f6z\u00f6ss\u00e9g: jelk\u00e9pes pillanat volt, amikor 2017-ben, a reform\u00e1ci\u00f3 \u00f6tsz\u00e1zadik \u00e9vfordul\u00f3j\u00e1n a kocsi reform\u00e1tusok a templomukban\u00a0tal\u00e1lhat\u00f3\u00a0 Kocsi Cserg\u0151 B\u00e1lint-eml\u00e9kt\u00e1bl\u00e1t d\u00edsz\u00edt\u0151 bab\u00e9rkoszor\u00fat dobt\u00e1k a N\u00e1polyi-\u00f6b\u00f6lbe \u2013 oda, ahol annak idej\u00e9n a negyven pr\u00e9dik\u00e1tor megkezdte keserves g\u00e1lyarabs\u00e1g\u00e1t.&#8221;<\/p>\n<\/blockquote>\n\n\n\n<p><a href=\"https:\/\/portal.kre.hu\/index.php\/negyven-predikator-negyven-harsfa-galyarabok-emlekezete-3-resz\">https:\/\/portal.kre.hu\/index.php\/negyven-predikator-negyven-harsfa-galyarabok-emlekezete-3-resz<\/a> (2024.10.18.)<\/p>\n\n\n\n<figure class=\"wp-block-embed is-type-video is-provider-youtube wp-block-embed-youtube wp-embed-aspect-16-9 wp-has-aspect-ratio\"><div class=\"wp-block-embed__wrapper\">\n<iframe loading=\"lazy\" title=\"Kocson j\u00e1rtunk, Roboz P\u00e9ter lelk\u00e9sz besz\u00e9l Kocsi Cserg\u0151 B\u00e1lintr\u00f3l\" width=\"500\" height=\"281\" src=\"https:\/\/www.youtube.com\/embed\/IisjnSXTobA?feature=oembed\" frameborder=\"0\" allow=\"accelerometer; autoplay; clipboard-write; encrypted-media; gyroscope; picture-in-picture; web-share\" referrerpolicy=\"strict-origin-when-cross-origin\" allowfullscreen><\/iframe>\n<\/div><\/figure>\n","protected":false},"excerpt":{"rendered":"<p>&#8220;A Kom\u00e1rom-Esztergom megyei Kocs k\u00f6zs\u00e9gben tal\u00e1lhat\u00f3 eml\u00e9kparkban negyven h\u00e1rsfa \u0151rzi az 1674-ben hit\u00fck\u00e9rt g\u00e1lyarabs\u00e1gba hurcolt negyven pr\u00e9dik\u00e1tor eml\u00e9k\u00e9t. \u201eAz \u00e9l\u0151 [&hellip;]<\/p>\n","protected":false},"author":1,"featured_media":1326,"parent":0,"menu_order":0,"comment_status":"closed","ping_status":"closed","template":"","meta":{"footnotes":""},"categories":[30],"tags":[],"class_list":["post-1325","page","type-page","status-publish","has-post-thumbnail","hentry","category-interjuk-dokfilmek"],"translation":{"provider":"WPGlobus","version":"3.0.2","language":"gb","enabled_languages":["hu","gb"],"languages":{"hu":{"title":true,"content":true,"excerpt":false},"gb":{"title":false,"content":false,"excerpt":false}}},"yoast_head":"<!-- This site is optimized with the Yoast SEO plugin v27.2 - https:\/\/yoast.com\/product\/yoast-seo-wordpress\/ -->\n<title>Negyven pr\u00e9dik\u00e1tor, negyven h\u00e1rsfa \u2013 g\u00e1lyarabok eml\u00e9kezete 3. r\u00e9sz<\/title>\n<meta name=\"robots\" content=\"index, follow, max-snippet:-1, max-image-preview:large, max-video-preview:-1\" \/>\n<link rel=\"canonical\" href=\"https:\/\/galyarabok.drk.hu\/negyven-predikator-negyven-harsfa-galyarabok-emlekezete-3-resz\/\" \/>\n<meta property=\"og:locale\" content=\"en_GB\" \/>\n<meta property=\"og:type\" content=\"article\" \/>\n<meta property=\"og:title\" content=\"Negyven pr\u00e9dik\u00e1tor, negyven h\u00e1rsfa \u2013 g\u00e1lyarabok eml\u00e9kezete 3. r\u00e9sz\" \/>\n<meta property=\"og:url\" content=\"https:\/\/galyarabok.drk.hu\/negyven-predikator-negyven-harsfa-galyarabok-emlekezete-3-resz\/\" \/>\n<meta property=\"og:site_name\" content=\"Galley slave memorial road\" \/>\n<meta property=\"article:publisher\" content=\"https:\/\/www.facebook.com\/profile.php?id=61567825314709\" \/>\n<meta property=\"og:image\" content=\"https:\/\/galyarabok.drk.hu\/wp-content\/uploads\/2024\/10\/kocsis-galyarabok-tudomanyos-hirbox-kep-01.jpg\" \/>\n\t<meta property=\"og:image:width\" content=\"270\" \/>\n\t<meta property=\"og:image:height\" content=\"183\" \/>\n\t<meta property=\"og:image:type\" content=\"image\/jpeg\" \/>\n<meta name=\"twitter:card\" content=\"summary_large_image\" \/>\n<meta name=\"twitter:label1\" content=\"Est. reading time\" \/>\n\t<meta name=\"twitter:data1\" content=\"1 minute\" \/>\n<script type=\"application\/ld+json\" class=\"yoast-schema-graph\">{\"@context\":\"https:\/\/schema.org\",\"@graph\":[{\"@type\":\"WebPage\",\"@id\":\"https:\/\/galyarabok.drk.hu\/negyven-predikator-negyven-harsfa-galyarabok-emlekezete-3-resz\/\",\"url\":\"https:\/\/galyarabok.drk.hu\/negyven-predikator-negyven-harsfa-galyarabok-emlekezete-3-resz\/\",\"name\":\"Negyven pr\u00e9dik\u00e1tor, negyven h\u00e1rsfa \u2013 g\u00e1lyarabok eml\u00e9kezete 3. r\u00e9sz\",\"isPartOf\":{\"@id\":\"https:\/\/galyarabok.drk.hu\/#website\"},\"primaryImageOfPage\":{\"@id\":\"https:\/\/galyarabok.drk.hu\/negyven-predikator-negyven-harsfa-galyarabok-emlekezete-3-resz\/#primaryimage\"},\"image\":{\"@id\":\"https:\/\/galyarabok.drk.hu\/negyven-predikator-negyven-harsfa-galyarabok-emlekezete-3-resz\/#primaryimage\"},\"thumbnailUrl\":\"https:\/\/galyarabok.drk.hu\/wp-content\/uploads\/2024\/10\/kocsis-galyarabok-tudomanyos-hirbox-kep-01.jpg\",\"datePublished\":\"2024-10-18T08:42:54+00:00\",\"breadcrumb\":{\"@id\":\"https:\/\/galyarabok.drk.hu\/negyven-predikator-negyven-harsfa-galyarabok-emlekezete-3-resz\/#breadcrumb\"},\"inLanguage\":\"en-GB\",\"potentialAction\":[{\"@type\":\"ReadAction\",\"target\":[\"https:\/\/galyarabok.drk.hu\/negyven-predikator-negyven-harsfa-galyarabok-emlekezete-3-resz\/\"]}]},{\"@type\":\"ImageObject\",\"inLanguage\":\"en-GB\",\"@id\":\"https:\/\/galyarabok.drk.hu\/negyven-predikator-negyven-harsfa-galyarabok-emlekezete-3-resz\/#primaryimage\",\"url\":\"https:\/\/galyarabok.drk.hu\/wp-content\/uploads\/2024\/10\/kocsis-galyarabok-tudomanyos-hirbox-kep-01.jpg\",\"contentUrl\":\"https:\/\/galyarabok.drk.hu\/wp-content\/uploads\/2024\/10\/kocsis-galyarabok-tudomanyos-hirbox-kep-01.jpg\",\"width\":270,\"height\":183},{\"@type\":\"BreadcrumbList\",\"@id\":\"https:\/\/galyarabok.drk.hu\/negyven-predikator-negyven-harsfa-galyarabok-emlekezete-3-resz\/#breadcrumb\",\"itemListElement\":[{\"@type\":\"ListItem\",\"position\":1,\"name\":\"Kezd\u0151lap\",\"item\":\"https:\/\/galyarabok.drk.hu\/\"},{\"@type\":\"ListItem\",\"position\":2,\"name\":\"Negyven pr\u00e9dik\u00e1tor, negyven h\u00e1rsfa \u2013 g\u00e1lyarabok eml\u00e9kezete 3. r\u00e9sz\"}]},{\"@type\":\"WebSite\",\"@id\":\"https:\/\/galyarabok.drk.hu\/#website\",\"url\":\"https:\/\/galyarabok.drk.hu\/\",\"name\":\"G\u00e1lyarab-eml\u00e9k\u00fat\",\"description\":\"The remembrance of the Hungarian protestant galley slaves. Made and can be visited from the 350th anniversary of the galley slavery (2024)\",\"publisher\":{\"@id\":\"https:\/\/galyarabok.drk.hu\/#organization\"},\"potentialAction\":[{\"@type\":\"SearchAction\",\"target\":{\"@type\":\"EntryPoint\",\"urlTemplate\":\"https:\/\/galyarabok.drk.hu\/?s={search_term_string}\"},\"query-input\":{\"@type\":\"PropertyValueSpecification\",\"valueRequired\":true,\"valueName\":\"search_term_string\"}}],\"inLanguage\":\"en-GB\"},{\"@type\":\"Organization\",\"@id\":\"https:\/\/galyarabok.drk.hu\/#organization\",\"name\":\"G\u00e1lyarab-eml\u00e9k\u00fat\",\"url\":\"https:\/\/galyarabok.drk.hu\/\",\"logo\":{\"@type\":\"ImageObject\",\"inLanguage\":\"en-GB\",\"@id\":\"https:\/\/galyarabok.drk.hu\/#\/schema\/logo\/image\/\",\"url\":\"https:\/\/galyarabok.drk.hu\/wp-content\/uploads\/2021\/02\/cropped-galya-kor-arny-vilagos.png\",\"contentUrl\":\"https:\/\/galyarabok.drk.hu\/wp-content\/uploads\/2021\/02\/cropped-galya-kor-arny-vilagos.png\",\"width\":102,\"height\":100,\"caption\":\"G\u00e1lyarab-eml\u00e9k\u00fat\"},\"image\":{\"@id\":\"https:\/\/galyarabok.drk.hu\/#\/schema\/logo\/image\/\"},\"sameAs\":[\"https:\/\/www.facebook.com\/profile.php?id=61567825314709\"]}]}<\/script>\n<!-- \/ Yoast SEO plugin. -->","yoast_head_json":{"title":"Negyven pr\u00e9dik\u00e1tor, negyven h\u00e1rsfa \u2013 g\u00e1lyarabok eml\u00e9kezete 3. r\u00e9sz","robots":{"index":"index","follow":"follow","max-snippet":"max-snippet:-1","max-image-preview":"max-image-preview:large","max-video-preview":"max-video-preview:-1"},"canonical":"https:\/\/galyarabok.drk.hu\/negyven-predikator-negyven-harsfa-galyarabok-emlekezete-3-resz\/","og_locale":"en_GB","og_type":"article","og_title":"Negyven pr\u00e9dik\u00e1tor, negyven h\u00e1rsfa \u2013 g\u00e1lyarabok eml\u00e9kezete 3. r\u00e9sz","og_url":"https:\/\/galyarabok.drk.hu\/negyven-predikator-negyven-harsfa-galyarabok-emlekezete-3-resz\/","og_site_name":"Galley slave memorial road","article_publisher":"https:\/\/www.facebook.com\/profile.php?id=61567825314709","og_image":[{"width":270,"height":183,"url":"https:\/\/galyarabok.drk.hu\/wp-content\/uploads\/2024\/10\/kocsis-galyarabok-tudomanyos-hirbox-kep-01.jpg","type":"image\/jpeg"}],"twitter_card":"summary_large_image","twitter_misc":{"Est. reading time":"1 minute"},"schema":{"@context":"https:\/\/schema.org","@graph":[{"@type":"WebPage","@id":"https:\/\/galyarabok.drk.hu\/negyven-predikator-negyven-harsfa-galyarabok-emlekezete-3-resz\/","url":"https:\/\/galyarabok.drk.hu\/negyven-predikator-negyven-harsfa-galyarabok-emlekezete-3-resz\/","name":"Negyven pr\u00e9dik\u00e1tor, negyven h\u00e1rsfa \u2013 g\u00e1lyarabok eml\u00e9kezete 3. r\u00e9sz","isPartOf":{"@id":"https:\/\/galyarabok.drk.hu\/#website"},"primaryImageOfPage":{"@id":"https:\/\/galyarabok.drk.hu\/negyven-predikator-negyven-harsfa-galyarabok-emlekezete-3-resz\/#primaryimage"},"image":{"@id":"https:\/\/galyarabok.drk.hu\/negyven-predikator-negyven-harsfa-galyarabok-emlekezete-3-resz\/#primaryimage"},"thumbnailUrl":"https:\/\/galyarabok.drk.hu\/wp-content\/uploads\/2024\/10\/kocsis-galyarabok-tudomanyos-hirbox-kep-01.jpg","datePublished":"2024-10-18T08:42:54+00:00","breadcrumb":{"@id":"https:\/\/galyarabok.drk.hu\/negyven-predikator-negyven-harsfa-galyarabok-emlekezete-3-resz\/#breadcrumb"},"inLanguage":"en-GB","potentialAction":[{"@type":"ReadAction","target":["https:\/\/galyarabok.drk.hu\/negyven-predikator-negyven-harsfa-galyarabok-emlekezete-3-resz\/"]}]},{"@type":"ImageObject","inLanguage":"en-GB","@id":"https:\/\/galyarabok.drk.hu\/negyven-predikator-negyven-harsfa-galyarabok-emlekezete-3-resz\/#primaryimage","url":"https:\/\/galyarabok.drk.hu\/wp-content\/uploads\/2024\/10\/kocsis-galyarabok-tudomanyos-hirbox-kep-01.jpg","contentUrl":"https:\/\/galyarabok.drk.hu\/wp-content\/uploads\/2024\/10\/kocsis-galyarabok-tudomanyos-hirbox-kep-01.jpg","width":270,"height":183},{"@type":"BreadcrumbList","@id":"https:\/\/galyarabok.drk.hu\/negyven-predikator-negyven-harsfa-galyarabok-emlekezete-3-resz\/#breadcrumb","itemListElement":[{"@type":"ListItem","position":1,"name":"Kezd\u0151lap","item":"https:\/\/galyarabok.drk.hu\/"},{"@type":"ListItem","position":2,"name":"Negyven pr\u00e9dik\u00e1tor, negyven h\u00e1rsfa \u2013 g\u00e1lyarabok eml\u00e9kezete 3. r\u00e9sz"}]},{"@type":"WebSite","@id":"https:\/\/galyarabok.drk.hu\/#website","url":"https:\/\/galyarabok.drk.hu\/","name":"G\u00e1lyarab-eml\u00e9k\u00fat","description":"The remembrance of the Hungarian protestant galley slaves. Made and can be visited from the 350th anniversary of the galley slavery (2024)","publisher":{"@id":"https:\/\/galyarabok.drk.hu\/#organization"},"potentialAction":[{"@type":"SearchAction","target":{"@type":"EntryPoint","urlTemplate":"https:\/\/galyarabok.drk.hu\/?s={search_term_string}"},"query-input":{"@type":"PropertyValueSpecification","valueRequired":true,"valueName":"search_term_string"}}],"inLanguage":"en-GB"},{"@type":"Organization","@id":"https:\/\/galyarabok.drk.hu\/#organization","name":"G\u00e1lyarab-eml\u00e9k\u00fat","url":"https:\/\/galyarabok.drk.hu\/","logo":{"@type":"ImageObject","inLanguage":"en-GB","@id":"https:\/\/galyarabok.drk.hu\/#\/schema\/logo\/image\/","url":"https:\/\/galyarabok.drk.hu\/wp-content\/uploads\/2021\/02\/cropped-galya-kor-arny-vilagos.png","contentUrl":"https:\/\/galyarabok.drk.hu\/wp-content\/uploads\/2021\/02\/cropped-galya-kor-arny-vilagos.png","width":102,"height":100,"caption":"G\u00e1lyarab-eml\u00e9k\u00fat"},"image":{"@id":"https:\/\/galyarabok.drk.hu\/#\/schema\/logo\/image\/"},"sameAs":["https:\/\/www.facebook.com\/profile.php?id=61567825314709"]}]}},"_links":{"self":[{"href":"https:\/\/galyarabok.drk.hu\/gb\/wp-json\/wp\/v2\/pages\/1325","targetHints":{"allow":["GET"]}}],"collection":[{"href":"https:\/\/galyarabok.drk.hu\/gb\/wp-json\/wp\/v2\/pages"}],"about":[{"href":"https:\/\/galyarabok.drk.hu\/gb\/wp-json\/wp\/v2\/types\/page"}],"author":[{"embeddable":true,"href":"https:\/\/galyarabok.drk.hu\/gb\/wp-json\/wp\/v2\/users\/1"}],"replies":[{"embeddable":true,"href":"https:\/\/galyarabok.drk.hu\/gb\/wp-json\/wp\/v2\/comments?post=1325"}],"version-history":[{"count":1,"href":"https:\/\/galyarabok.drk.hu\/gb\/wp-json\/wp\/v2\/pages\/1325\/revisions"}],"predecessor-version":[{"id":1327,"href":"https:\/\/galyarabok.drk.hu\/gb\/wp-json\/wp\/v2\/pages\/1325\/revisions\/1327"}],"wp:featuredmedia":[{"embeddable":true,"href":"https:\/\/galyarabok.drk.hu\/gb\/wp-json\/wp\/v2\/media\/1326"}],"wp:attachment":[{"href":"https:\/\/galyarabok.drk.hu\/gb\/wp-json\/wp\/v2\/media?parent=1325"}],"wp:term":[{"taxonomy":"category","embeddable":true,"href":"https:\/\/galyarabok.drk.hu\/gb\/wp-json\/wp\/v2\/categories?post=1325"},{"taxonomy":"post_tag","embeddable":true,"href":"https:\/\/galyarabok.drk.hu\/gb\/wp-json\/wp\/v2\/tags?post=1325"}],"curies":[{"name":"wp","href":"https:\/\/api.w.org\/{rel}","templated":true}]}}