{"id":1320,"date":"2024-10-16T08:28:44","date_gmt":"2024-10-16T08:28:44","guid":{"rendered":"https:\/\/galyarabok.drk.hu\/?page_id=1320"},"modified":"2024-10-24T14:53:19","modified_gmt":"2024-10-24T14:53:19","slug":"az-igazak-emlekezete-aldott-emlekezes-a-protestans-galyarab-predikatorokra","status":"publish","type":"page","link":"https:\/\/galyarabok.drk.hu\/gb\/az-igazak-emlekezete-aldott-emlekezes-a-protestans-galyarab-predikatorokra\/","title":{"rendered":"\u201eAz igazak eml\u00e9kezete \u00e1ldott\u201d \u2013 eml\u00e9kez\u00e9s a protest\u00e1ns g\u00e1lyarab pr\u00e9dik\u00e1torokra"},"content":{"rendered":"\n<blockquote class=\"wp-block-quote is-layout-flow wp-block-quote-is-layout-flow\">\n<p>&#8220;Fab\u00f3k Julianna nyugd\u00edjask\u00e9nt kezdte szervezni az 1674-ben Pozsonyban hit\u00fck miatt g\u00e1lyarabs\u00e1gra \u00edt\u00e9lt protest\u00e1ns pr\u00e9dik\u00e1torok el\u0151tt tisztelg\u0151 teljes\u00edtm\u00e9nyt\u00far\u00e1kat. A m\u00e1rt\u00edrokkal kapcsolatos magyarorsz\u00e1gi eml\u00e9khelyeket felkeres\u0151k gesztusukkal a reform\u00e1tuss\u00e1g egyik legf\u00e1j\u00f3bb eml\u00e9k\u00e9t id\u00e9zt\u00e9k meg: k\u00f6zel 350 \u00e9vvel ezel\u0151tt negyvenk\u00e9t, hit\u00e9t megtagadni nem hajland\u00f3 lelk\u00e9szt \u00e9s tan\u00edt\u00f3t \u00edt\u00e9lt\u00e9k g\u00e1lyarabs\u00e1gra \u00e9s hurcoltak N\u00e1polyba. A t\u00fal\u00e9l\u0151ket v\u00e9g\u00fcl a holland Michiel de Ruyter admir\u00e1lis szabad\u00edtotta ki 1676. febru\u00e1r 11-\u00e9n.<br><br>Az \u00e9vsz\u00e1zadok folyam\u00e1n a g\u00e1lyarabs\u00e1g a reform\u00e1tus \u00f6nazonoss\u00e1g egyik legtart\u00f3sabb szimb\u00f3luma lett,\u00a0 amely ma is alkalmas a region\u00e1lis \u00e9s lok\u00e1lis reform\u00e1tus k\u00f6z\u00f6ss\u00e9gek, gy\u00fclekezetek identit\u00e1s\u00e1nak, kultur\u00e1lis-egyh\u00e1zi \u00e9nk\u00e9p\u00e9nek meger\u0151s\u00edt\u00e9s\u00e9re.<br><br>A Reform\u00e1ci\u00f3 \u00d6r\u00f6ks\u00e9ge M\u0171hely fontos c\u00e9lja, hogy ismeretterjeszt\u0151 tartalmak el\u0151\u00e1ll\u00edt\u00e1s\u00e1val, sz\u00e9lesk\u00f6r\u0171 megismertet\u00e9s\u00e9vel er\u0151s\u00edtse a K\u00e1roli G\u00e1sp\u00e1r Reform\u00e1tus Egyetem egyh\u00e1zi karakter\u00e9t. Ennek keret\u00e9ben k\u00e9sz\u00edtj\u00fck a g\u00e1lyarabok eml\u00e9kezet\u00e9r\u00f3l sz\u00f3l\u00f3 honlapot, amelyet 2021-ben tervez\u00fcnk bemutatni. A Fekete \u00c1gnes \u00e1ltal Fab\u00f3k Juliann\u00e1val k\u00e9sz\u00edtett vide\u00f3 \u00edzel\u00edt\u0151t ad azokb\u00f3l a kisfilmekb\u0151l, amelyek a honlapon a g\u00e1lyarab pr\u00e9dik\u00e1torok t\u00f6rt\u00e9net\u00e9t eleven\u00edtik fel.&#8221;<\/p>\n<\/blockquote>\n\n\n\n<p><a href=\"https:\/\/portal.kre.hu\/index.php\/az-igazak-emlekezete-aldott-emlekezes-a-protestans-galyarab-predikatorokra\">https:\/\/portal.kre.hu\/index.php\/az-igazak-emlekezete-aldott-emlekezes-a-protestans-galyarab-predikatorokra<\/a> (2024.10.18.)<\/p>\n\n\n\n<figure class=\"wp-block-embed is-type-video is-provider-youtube wp-block-embed-youtube wp-embed-aspect-16-9 wp-has-aspect-ratio\"><div class=\"wp-block-embed__wrapper\">\n<iframe loading=\"lazy\" title=\"G\u00e1lyarabok eml\u00e9kezete, 1.  r\u00e9sz\" width=\"500\" height=\"281\" src=\"https:\/\/www.youtube.com\/embed\/_mXd42AdMdI?feature=oembed\" frameborder=\"0\" allow=\"accelerometer; autoplay; clipboard-write; encrypted-media; gyroscope; picture-in-picture; web-share\" referrerpolicy=\"strict-origin-when-cross-origin\" allowfullscreen><\/iframe>\n<\/div><\/figure>\n","protected":false},"excerpt":{"rendered":"<p>&#8220;Fab\u00f3k Julianna nyugd\u00edjask\u00e9nt kezdte szervezni az 1674-ben Pozsonyban hit\u00fck miatt g\u00e1lyarabs\u00e1gra \u00edt\u00e9lt protest\u00e1ns pr\u00e9dik\u00e1torok el\u0151tt tisztelg\u0151 teljes\u00edtm\u00e9nyt\u00far\u00e1kat. A m\u00e1rt\u00edrokkal kapcsolatos [&hellip;]<\/p>\n","protected":false},"author":1,"featured_media":617,"parent":0,"menu_order":0,"comment_status":"closed","ping_status":"closed","template":"","meta":{"footnotes":""},"categories":[30],"tags":[],"class_list":["post-1320","page","type-page","status-publish","has-post-thumbnail","hentry","category-interjuk-dokfilmek"],"translation":{"provider":"WPGlobus","version":"3.0.2","language":"gb","enabled_languages":["hu","gb"],"languages":{"hu":{"title":true,"content":true,"excerpt":false},"gb":{"title":false,"content":false,"excerpt":false}}},"yoast_head":"<!-- This site is optimized with the Yoast SEO plugin v27.2 - https:\/\/yoast.com\/product\/yoast-seo-wordpress\/ -->\n<title>\u201eAz igazak eml\u00e9kezete \u00e1ldott\u201d \u2013 eml\u00e9kez\u00e9s a protest\u00e1ns g\u00e1lyarab pr\u00e9dik\u00e1torokra<\/title>\n<meta name=\"robots\" content=\"index, follow, max-snippet:-1, max-image-preview:large, max-video-preview:-1\" \/>\n<link rel=\"canonical\" href=\"https:\/\/galyarabok.drk.hu\/az-igazak-emlekezete-aldott-emlekezes-a-protestans-galyarab-predikatorokra\/\" \/>\n<meta property=\"og:locale\" content=\"en_GB\" \/>\n<meta property=\"og:type\" content=\"article\" \/>\n<meta property=\"og:title\" content=\"\u201eAz igazak eml\u00e9kezete \u00e1ldott\u201d \u2013 eml\u00e9kez\u00e9s a protest\u00e1ns g\u00e1lyarab pr\u00e9dik\u00e1torokra\" \/>\n<meta property=\"og:url\" content=\"https:\/\/galyarabok.drk.hu\/az-igazak-emlekezete-aldott-emlekezes-a-protestans-galyarab-predikatorokra\/\" \/>\n<meta property=\"og:site_name\" content=\"Galley slave memorial road\" \/>\n<meta property=\"article:publisher\" content=\"https:\/\/www.facebook.com\/profile.php?id=61567825314709\" \/>\n<meta property=\"article:modified_time\" content=\"2024-10-24T14:53:19+00:00\" \/>\n<meta property=\"og:image\" content=\"https:\/\/galyarabok.drk.hu\/wp-content\/uploads\/2021\/02\/POZSONY_Pozsonyi-ajto_M.jpg\" \/>\n\t<meta property=\"og:image:width\" content=\"1536\" \/>\n\t<meta property=\"og:image:height\" content=\"2048\" \/>\n\t<meta property=\"og:image:type\" content=\"image\/jpeg\" \/>\n<meta name=\"twitter:card\" content=\"summary_large_image\" \/>\n<meta name=\"twitter:label1\" content=\"Est. reading time\" \/>\n\t<meta name=\"twitter:data1\" content=\"1 minute\" \/>\n<script type=\"application\/ld+json\" class=\"yoast-schema-graph\">{\"@context\":\"https:\/\/schema.org\",\"@graph\":[{\"@type\":\"WebPage\",\"@id\":\"https:\/\/galyarabok.drk.hu\/az-igazak-emlekezete-aldott-emlekezes-a-protestans-galyarab-predikatorokra\/\",\"url\":\"https:\/\/galyarabok.drk.hu\/az-igazak-emlekezete-aldott-emlekezes-a-protestans-galyarab-predikatorokra\/\",\"name\":\"\u201eAz igazak eml\u00e9kezete \u00e1ldott\u201d \u2013 eml\u00e9kez\u00e9s a protest\u00e1ns g\u00e1lyarab pr\u00e9dik\u00e1torokra\",\"isPartOf\":{\"@id\":\"https:\/\/galyarabok.drk.hu\/#website\"},\"primaryImageOfPage\":{\"@id\":\"https:\/\/galyarabok.drk.hu\/az-igazak-emlekezete-aldott-emlekezes-a-protestans-galyarab-predikatorokra\/#primaryimage\"},\"image\":{\"@id\":\"https:\/\/galyarabok.drk.hu\/az-igazak-emlekezete-aldott-emlekezes-a-protestans-galyarab-predikatorokra\/#primaryimage\"},\"thumbnailUrl\":\"https:\/\/galyarabok.drk.hu\/wp-content\/uploads\/2021\/02\/POZSONY_Pozsonyi-ajto_M.jpg\",\"datePublished\":\"2024-10-16T08:28:44+00:00\",\"dateModified\":\"2024-10-24T14:53:19+00:00\",\"breadcrumb\":{\"@id\":\"https:\/\/galyarabok.drk.hu\/az-igazak-emlekezete-aldott-emlekezes-a-protestans-galyarab-predikatorokra\/#breadcrumb\"},\"inLanguage\":\"en-GB\",\"potentialAction\":[{\"@type\":\"ReadAction\",\"target\":[\"https:\/\/galyarabok.drk.hu\/az-igazak-emlekezete-aldott-emlekezes-a-protestans-galyarab-predikatorokra\/\"]}]},{\"@type\":\"ImageObject\",\"inLanguage\":\"en-GB\",\"@id\":\"https:\/\/galyarabok.drk.hu\/az-igazak-emlekezete-aldott-emlekezes-a-protestans-galyarab-predikatorokra\/#primaryimage\",\"url\":\"https:\/\/galyarabok.drk.hu\/wp-content\/uploads\/2021\/02\/POZSONY_Pozsonyi-ajto_M.jpg\",\"contentUrl\":\"https:\/\/galyarabok.drk.hu\/wp-content\/uploads\/2021\/02\/POZSONY_Pozsonyi-ajto_M.jpg\",\"width\":1536,\"height\":2048},{\"@type\":\"BreadcrumbList\",\"@id\":\"https:\/\/galyarabok.drk.hu\/az-igazak-emlekezete-aldott-emlekezes-a-protestans-galyarab-predikatorokra\/#breadcrumb\",\"itemListElement\":[{\"@type\":\"ListItem\",\"position\":1,\"name\":\"Kezd\u0151lap\",\"item\":\"https:\/\/galyarabok.drk.hu\/\"},{\"@type\":\"ListItem\",\"position\":2,\"name\":\"\u201eAz igazak eml\u00e9kezete \u00e1ldott\u201d \u2013 eml\u00e9kez\u00e9s a protest\u00e1ns g\u00e1lyarab pr\u00e9dik\u00e1torokra\"}]},{\"@type\":\"WebSite\",\"@id\":\"https:\/\/galyarabok.drk.hu\/#website\",\"url\":\"https:\/\/galyarabok.drk.hu\/\",\"name\":\"G\u00e1lyarab-eml\u00e9k\u00fat\",\"description\":\"The remembrance of the Hungarian protestant galley slaves. Made and can be visited from the 350th anniversary of the galley slavery (2024)\",\"publisher\":{\"@id\":\"https:\/\/galyarabok.drk.hu\/#organization\"},\"potentialAction\":[{\"@type\":\"SearchAction\",\"target\":{\"@type\":\"EntryPoint\",\"urlTemplate\":\"https:\/\/galyarabok.drk.hu\/?s={search_term_string}\"},\"query-input\":{\"@type\":\"PropertyValueSpecification\",\"valueRequired\":true,\"valueName\":\"search_term_string\"}}],\"inLanguage\":\"en-GB\"},{\"@type\":\"Organization\",\"@id\":\"https:\/\/galyarabok.drk.hu\/#organization\",\"name\":\"G\u00e1lyarab-eml\u00e9k\u00fat\",\"url\":\"https:\/\/galyarabok.drk.hu\/\",\"logo\":{\"@type\":\"ImageObject\",\"inLanguage\":\"en-GB\",\"@id\":\"https:\/\/galyarabok.drk.hu\/#\/schema\/logo\/image\/\",\"url\":\"https:\/\/galyarabok.drk.hu\/wp-content\/uploads\/2021\/02\/cropped-galya-kor-arny-vilagos.png\",\"contentUrl\":\"https:\/\/galyarabok.drk.hu\/wp-content\/uploads\/2021\/02\/cropped-galya-kor-arny-vilagos.png\",\"width\":102,\"height\":100,\"caption\":\"G\u00e1lyarab-eml\u00e9k\u00fat\"},\"image\":{\"@id\":\"https:\/\/galyarabok.drk.hu\/#\/schema\/logo\/image\/\"},\"sameAs\":[\"https:\/\/www.facebook.com\/profile.php?id=61567825314709\"]}]}<\/script>\n<!-- \/ Yoast SEO plugin. -->","yoast_head_json":{"title":"\u201eAz igazak eml\u00e9kezete \u00e1ldott\u201d \u2013 eml\u00e9kez\u00e9s a protest\u00e1ns g\u00e1lyarab pr\u00e9dik\u00e1torokra","robots":{"index":"index","follow":"follow","max-snippet":"max-snippet:-1","max-image-preview":"max-image-preview:large","max-video-preview":"max-video-preview:-1"},"canonical":"https:\/\/galyarabok.drk.hu\/az-igazak-emlekezete-aldott-emlekezes-a-protestans-galyarab-predikatorokra\/","og_locale":"en_GB","og_type":"article","og_title":"\u201eAz igazak eml\u00e9kezete \u00e1ldott\u201d \u2013 eml\u00e9kez\u00e9s a protest\u00e1ns g\u00e1lyarab pr\u00e9dik\u00e1torokra","og_url":"https:\/\/galyarabok.drk.hu\/az-igazak-emlekezete-aldott-emlekezes-a-protestans-galyarab-predikatorokra\/","og_site_name":"Galley slave memorial road","article_publisher":"https:\/\/www.facebook.com\/profile.php?id=61567825314709","article_modified_time":"2024-10-24T14:53:19+00:00","og_image":[{"width":1536,"height":2048,"url":"https:\/\/galyarabok.drk.hu\/wp-content\/uploads\/2021\/02\/POZSONY_Pozsonyi-ajto_M.jpg","type":"image\/jpeg"}],"twitter_card":"summary_large_image","twitter_misc":{"Est. reading time":"1 minute"},"schema":{"@context":"https:\/\/schema.org","@graph":[{"@type":"WebPage","@id":"https:\/\/galyarabok.drk.hu\/az-igazak-emlekezete-aldott-emlekezes-a-protestans-galyarab-predikatorokra\/","url":"https:\/\/galyarabok.drk.hu\/az-igazak-emlekezete-aldott-emlekezes-a-protestans-galyarab-predikatorokra\/","name":"\u201eAz igazak eml\u00e9kezete \u00e1ldott\u201d \u2013 eml\u00e9kez\u00e9s a protest\u00e1ns g\u00e1lyarab pr\u00e9dik\u00e1torokra","isPartOf":{"@id":"https:\/\/galyarabok.drk.hu\/#website"},"primaryImageOfPage":{"@id":"https:\/\/galyarabok.drk.hu\/az-igazak-emlekezete-aldott-emlekezes-a-protestans-galyarab-predikatorokra\/#primaryimage"},"image":{"@id":"https:\/\/galyarabok.drk.hu\/az-igazak-emlekezete-aldott-emlekezes-a-protestans-galyarab-predikatorokra\/#primaryimage"},"thumbnailUrl":"https:\/\/galyarabok.drk.hu\/wp-content\/uploads\/2021\/02\/POZSONY_Pozsonyi-ajto_M.jpg","datePublished":"2024-10-16T08:28:44+00:00","dateModified":"2024-10-24T14:53:19+00:00","breadcrumb":{"@id":"https:\/\/galyarabok.drk.hu\/az-igazak-emlekezete-aldott-emlekezes-a-protestans-galyarab-predikatorokra\/#breadcrumb"},"inLanguage":"en-GB","potentialAction":[{"@type":"ReadAction","target":["https:\/\/galyarabok.drk.hu\/az-igazak-emlekezete-aldott-emlekezes-a-protestans-galyarab-predikatorokra\/"]}]},{"@type":"ImageObject","inLanguage":"en-GB","@id":"https:\/\/galyarabok.drk.hu\/az-igazak-emlekezete-aldott-emlekezes-a-protestans-galyarab-predikatorokra\/#primaryimage","url":"https:\/\/galyarabok.drk.hu\/wp-content\/uploads\/2021\/02\/POZSONY_Pozsonyi-ajto_M.jpg","contentUrl":"https:\/\/galyarabok.drk.hu\/wp-content\/uploads\/2021\/02\/POZSONY_Pozsonyi-ajto_M.jpg","width":1536,"height":2048},{"@type":"BreadcrumbList","@id":"https:\/\/galyarabok.drk.hu\/az-igazak-emlekezete-aldott-emlekezes-a-protestans-galyarab-predikatorokra\/#breadcrumb","itemListElement":[{"@type":"ListItem","position":1,"name":"Kezd\u0151lap","item":"https:\/\/galyarabok.drk.hu\/"},{"@type":"ListItem","position":2,"name":"\u201eAz igazak eml\u00e9kezete \u00e1ldott\u201d \u2013 eml\u00e9kez\u00e9s a protest\u00e1ns g\u00e1lyarab pr\u00e9dik\u00e1torokra"}]},{"@type":"WebSite","@id":"https:\/\/galyarabok.drk.hu\/#website","url":"https:\/\/galyarabok.drk.hu\/","name":"G\u00e1lyarab-eml\u00e9k\u00fat","description":"The remembrance of the Hungarian protestant galley slaves. Made and can be visited from the 350th anniversary of the galley slavery (2024)","publisher":{"@id":"https:\/\/galyarabok.drk.hu\/#organization"},"potentialAction":[{"@type":"SearchAction","target":{"@type":"EntryPoint","urlTemplate":"https:\/\/galyarabok.drk.hu\/?s={search_term_string}"},"query-input":{"@type":"PropertyValueSpecification","valueRequired":true,"valueName":"search_term_string"}}],"inLanguage":"en-GB"},{"@type":"Organization","@id":"https:\/\/galyarabok.drk.hu\/#organization","name":"G\u00e1lyarab-eml\u00e9k\u00fat","url":"https:\/\/galyarabok.drk.hu\/","logo":{"@type":"ImageObject","inLanguage":"en-GB","@id":"https:\/\/galyarabok.drk.hu\/#\/schema\/logo\/image\/","url":"https:\/\/galyarabok.drk.hu\/wp-content\/uploads\/2021\/02\/cropped-galya-kor-arny-vilagos.png","contentUrl":"https:\/\/galyarabok.drk.hu\/wp-content\/uploads\/2021\/02\/cropped-galya-kor-arny-vilagos.png","width":102,"height":100,"caption":"G\u00e1lyarab-eml\u00e9k\u00fat"},"image":{"@id":"https:\/\/galyarabok.drk.hu\/#\/schema\/logo\/image\/"},"sameAs":["https:\/\/www.facebook.com\/profile.php?id=61567825314709"]}]}},"_links":{"self":[{"href":"https:\/\/galyarabok.drk.hu\/gb\/wp-json\/wp\/v2\/pages\/1320","targetHints":{"allow":["GET"]}}],"collection":[{"href":"https:\/\/galyarabok.drk.hu\/gb\/wp-json\/wp\/v2\/pages"}],"about":[{"href":"https:\/\/galyarabok.drk.hu\/gb\/wp-json\/wp\/v2\/types\/page"}],"author":[{"embeddable":true,"href":"https:\/\/galyarabok.drk.hu\/gb\/wp-json\/wp\/v2\/users\/1"}],"replies":[{"embeddable":true,"href":"https:\/\/galyarabok.drk.hu\/gb\/wp-json\/wp\/v2\/comments?post=1320"}],"version-history":[{"count":1,"href":"https:\/\/galyarabok.drk.hu\/gb\/wp-json\/wp\/v2\/pages\/1320\/revisions"}],"predecessor-version":[{"id":1321,"href":"https:\/\/galyarabok.drk.hu\/gb\/wp-json\/wp\/v2\/pages\/1320\/revisions\/1321"}],"wp:featuredmedia":[{"embeddable":true,"href":"https:\/\/galyarabok.drk.hu\/gb\/wp-json\/wp\/v2\/media\/617"}],"wp:attachment":[{"href":"https:\/\/galyarabok.drk.hu\/gb\/wp-json\/wp\/v2\/media?parent=1320"}],"wp:term":[{"taxonomy":"category","embeddable":true,"href":"https:\/\/galyarabok.drk.hu\/gb\/wp-json\/wp\/v2\/categories?post=1320"},{"taxonomy":"post_tag","embeddable":true,"href":"https:\/\/galyarabok.drk.hu\/gb\/wp-json\/wp\/v2\/tags?post=1320"}],"curies":[{"name":"wp","href":"https:\/\/api.w.org\/{rel}","templated":true}]}}