{"id":1312,"date":"2024-10-15T17:51:49","date_gmt":"2024-10-15T17:51:49","guid":{"rendered":"https:\/\/galyarabok.drk.hu\/?page_id=1312"},"modified":"2024-11-14T09:41:56","modified_gmt":"2024-11-14T09:41:56","slug":"turazok","status":"publish","type":"page","link":"https:\/\/galyarabok.drk.hu\/gb\/turazok\/","title":{"rendered":"T\u00far\u00e1z\u00f3k"},"content":{"rendered":"\n<ul class=\"wp-block-list\">\n<li><strong>id. R\u00e9v\u00e9sz Imre<\/strong> (1826\u20131881):\n\t<ul>\n\t<li>\u201eZ\u00fcrichben mereng a reform\u00e1ci\u00f3 nagy eml\u00e9kein s a magyar g\u00e1lyaraboknak a v\u00e1rosi k\u00f6nyvt\u00e1rban \u0151rz\u00f6tt reliqui\u00e1in (\u2026). A sv\u00e1jci hat\u00e1rt\u00f3l gyalog megy Mil\u00e1n\u00f3ig, Velenc\u00e9t\u0151l Triestig haj\u00f3n, onnan r\u00e9szben szint\u00e9n gyalogszerrel t\u00e9rt meg a gy\u00f6ny\u00f6r\u0171 hegyi t\u00e1jakon \u00e1t B\u00e9csbe, lelk\u00e9t, <em>a magyar g\u00e1lyarabok ez egykori k\u00e1lv\u00e1ria-utj\u00e1n<\/em>, minden\u00f6tt a re\u00e1jok val\u00f3 eml\u00e9kez\u00e9s tisztit\u00f3 \u00e9s er\u0151sit\u0151 \u00e1rj\u00e1ban f\u00fcr\u00f6sztve.\u201d<\/li>\n\t<li>\u201eVelenc\u00e9ben \u201ele\u00fcltem a tengerpartra, el-elmerengtem az \u00e1rap\u00e1lyon, vagy a\u2019 hull\u00e1mokon (\u2026) vajon nem ott j\u00e1rok-e \u00e9n most hol k\u00e9t \u00e9vsz\u00e1zaddal ezel\u0151tt a\u2019 g\u00e1lyarabs\u00e1gt\u00f3l megszabadult L\u00e1nyi Gy\u00f6rgy egy stiriai zar\u00e1ndokkal \u00e9nekelgetett, \u00e9lelm\u00e9t igy keresv\u00e9n? (\u2026) Vajjon nem \u00e9pen azon szigetre sz\u00e1ll-e mereng\u0151 tekintetem, mellyre hajdan <a href=\"https:\/\/galyarabok.drk.hu\/kallai-istvan\/\" data-internallinksmanager029f6b8e52c=\"46\" title=\"K\u00e1llai Istv\u00e1n\">K\u00e1llai Istv\u00e1n<\/a>, egy, a szenved\u0151 magyar reform\u00e1tus predik\u00e1torok k\u00f6z\u00fcl (\u2026) sirba temettetett?\u201d<\/li>\n\t<\/ul>\n<\/li>\n<li><strong>Balogh Elem\u00e9r<\/strong> (1866\u20131938):\n\t<ul class=\"wp-block-list\">\n\t<li>\u201e1896-t\u00f3l gyalog j\u00e1rta be azokat a vid\u00e9keket \u00e9s utakat, amelyeken g\u00e1lyarabjainkat N\u00e1polyba hurcolt\u00e1k\u201d (<em>Reform\u00e1tus Egyh\u00e1z \u00e9s Iskola<\/em>, 1938. \u00e1pr. 30.)\n\t<figure class=\"wp-block-image size-medium\"><a href=\"https:\/\/galyarabok.drk.hu\/wp-content\/uploads\/2024\/10\/Balogh-Elemer-TURAZOKNAK.jpg\" data-slb-active=\"1\" data-slb-asset=\"1831782600\" data-slb-internal=\"0\" data-slb-group=\"1312\"><img fetchpriority=\"high\" decoding=\"async\" width=\"300\" height=\"189\" src=\"https:\/\/galyarabok.drk.hu\/wp-content\/uploads\/2024\/10\/Balogh-Elemer-TURAZOKNAK-300x189.jpg\" alt=\"\" class=\"wp-image-1523\" srcset=\"https:\/\/galyarabok.drk.hu\/wp-content\/uploads\/2024\/10\/Balogh-Elemer-TURAZOKNAK-300x189.jpg 300w, https:\/\/galyarabok.drk.hu\/wp-content\/uploads\/2024\/10\/Balogh-Elemer-TURAZOKNAK-1024x646.jpg 1024w, https:\/\/galyarabok.drk.hu\/wp-content\/uploads\/2024\/10\/Balogh-Elemer-TURAZOKNAK-768x484.jpg 768w, https:\/\/galyarabok.drk.hu\/wp-content\/uploads\/2024\/10\/Balogh-Elemer-TURAZOKNAK.jpg 1200w\" sizes=\"(max-width: 300px) 100vw, 300px\" \/><\/a><figure><\/li>\n\t<\/ul>\n<\/li>\n<li><strong>Fab\u00f3k Julianna<\/strong> (Vasas SC) t\u00fara\u00fatvonala &#8211; <a href=\"https:\/\/portal.kre.hu\/index.php\/az-igazak-emlekezete-aldott-emlekezes-a-protestans-galyarab-predikatorokra\">https:\/\/portal.kre.hu\/index.php\/az-igazak-emlekezete-aldott-emlekezes-a-protestans-galyarab-predikatorokra<\/a><\/li>\n<li><strong>Kardos P\u00e9ter<\/strong> felvid\u00e9ki eml\u00e9kt\u00far\u00e1ja &#8211; <a href=\"https:\/\/reformatus.hu\/reformatus-egyseg\/hirek\/huseguk-vilagito-szovetnek\/\">https:\/\/reformatus.hu\/reformatus-egyseg\/hirek\/huseguk-vilagito-szovetnek\/<\/a><\/li>\n<li><strong>R\u00e1kos Lor\u00e1nt<\/strong>, 2022. aug. 31. N\u00e1poly kik\u00f6t\u0151j\u00e9ben\n<div>\n<figure class=\"wp-block-image size-medium is-resized\" style=\"float:left;\"><a href=\"https:\/\/galyarabok.drk.hu\/wp-content\/uploads\/2024\/11\/5528933679706234399-225x300.jpg\"><img loading=\"lazy\" decoding=\"async\" width=\"225\" height=\"300\" src=\"https:\/\/galyarabok.drk.hu\/wp-content\/uploads\/2024\/11\/5528933679706234399-225x300.jpg\" alt=\"\" class=\"wp-image-1559\" style=\"aspect-ratio:3\/4;object-fit:cover;width:180px\" srcset=\"https:\/\/galyarabok.drk.hu\/wp-content\/uploads\/2024\/11\/5528933679706234399-225x300.jpg 225w, https:\/\/galyarabok.drk.hu\/wp-content\/uploads\/2024\/11\/5528933679706234399-768x1024.jpg 768w, https:\/\/galyarabok.drk.hu\/wp-content\/uploads\/2024\/11\/5528933679706234399-1152x1536.jpg 1152w, https:\/\/galyarabok.drk.hu\/wp-content\/uploads\/2024\/11\/5528933679706234399-600x800.jpg 600w, https:\/\/galyarabok.drk.hu\/wp-content\/uploads\/2024\/11\/5528933679706234399.jpg 1200w\" sizes=\"auto, (max-width: 225px) 100vw, 225px\" \/><\/a><\/figure>\n<figure class=\"wp-block-image size-medium is-resized\" style=\"float:left; margin-left:10px\"><a href=\"https:\/\/galyarabok.drk.hu\/wp-content\/uploads\/2024\/11\/5528933679706234399-225x300.jpg\"><img loading=\"lazy\" decoding=\"async\" width=\"229\" height=\"300\" src=\"https:\/\/galyarabok.drk.hu\/wp-content\/uploads\/2024\/11\/4760999529310207631-229x300.jpg\" alt=\"\" class=\"wp-image-1560\" style=\"aspect-ratio:3\/4;object-fit:cover;width:180px\" srcset=\"https:\/\/galyarabok.drk.hu\/wp-content\/uploads\/2024\/11\/4760999529310207631-229x300.jpg 229w, https:\/\/galyarabok.drk.hu\/wp-content\/uploads\/2024\/11\/4760999529310207631-781x1024.jpg 781w, https:\/\/galyarabok.drk.hu\/wp-content\/uploads\/2024\/11\/4760999529310207631-768x1006.jpg 768w, https:\/\/galyarabok.drk.hu\/wp-content\/uploads\/2024\/11\/4760999529310207631-1172x1536.jpg 1172w, https:\/\/galyarabok.drk.hu\/wp-content\/uploads\/2024\/11\/4760999529310207631-611x800.jpg 611w, https:\/\/galyarabok.drk.hu\/wp-content\/uploads\/2024\/11\/4760999529310207631.jpg 1221w\" sizes=\"auto, (max-width: 229px) 100vw, 229px\" \/><\/a><\/figure>\n<\/div>\n<\/li>\n<li style=\"clear:both;\"><strong>Sz\u0171cs M. S\u00e1ndor<\/strong>, 2022 nyar\u00e1n, Zubogyt\u00f3l N\u00e1polyig stoppal\n<figure class=\"wp-block-image size-medium is-resized\"><a href=\"https:\/\/galyarabok.drk.hu\/wp-content\/uploads\/2024\/11\/Stoppal-a-Galyarabok-nyomaban-Csorba-Davidnak-page-001.jpg\"><img loading=\"lazy\" decoding=\"async\" width=\"232\" height=\"300\" src=\"https:\/\/galyarabok.drk.hu\/wp-content\/uploads\/2024\/11\/Stoppal-a-Galyarabok-nyomaban-Csorba-Davidnak-page-001-232x300.jpg\" alt=\"\" class=\"wp-image-1561\" style=\"width:340px\" srcset=\"https:\/\/galyarabok.drk.hu\/wp-content\/uploads\/2024\/11\/Stoppal-a-Galyarabok-nyomaban-Csorba-Davidnak-page-001-232x300.jpg 232w, https:\/\/galyarabok.drk.hu\/wp-content\/uploads\/2024\/11\/Stoppal-a-Galyarabok-nyomaban-Csorba-Davidnak-page-001-791x1024.jpg 791w, https:\/\/galyarabok.drk.hu\/wp-content\/uploads\/2024\/11\/Stoppal-a-Galyarabok-nyomaban-Csorba-Davidnak-page-001-768x994.jpg 768w, https:\/\/galyarabok.drk.hu\/wp-content\/uploads\/2024\/11\/Stoppal-a-Galyarabok-nyomaban-Csorba-Davidnak-page-001-1187x1536.jpg 1187w, https:\/\/galyarabok.drk.hu\/wp-content\/uploads\/2024\/11\/Stoppal-a-Galyarabok-nyomaban-Csorba-Davidnak-page-001-618x800.jpg 618w, https:\/\/galyarabok.drk.hu\/wp-content\/uploads\/2024\/11\/Stoppal-a-Galyarabok-nyomaban-Csorba-Davidnak-page-001.jpg 1275w\" sizes=\"auto, (max-width: 232px) 100vw, 232px\" \/><\/a><\/figure>\n<\/li>\n<\/ul>\n","protected":false},"excerpt":{"rendered":"<p>id. R\u00e9v\u00e9sz Imre (1826\u20131881): \u201eZ\u00fcrichben mereng a reform\u00e1ci\u00f3 nagy eml\u00e9kein s a magyar g\u00e1lyaraboknak a v\u00e1rosi k\u00f6nyvt\u00e1rban \u0151rz\u00f6tt reliqui\u00e1in (\u2026). [&hellip;]<\/p>\n","protected":false},"author":1,"featured_media":1559,"parent":0,"menu_order":0,"comment_status":"closed","ping_status":"closed","template":"","meta":{"footnotes":""},"categories":[],"tags":[],"class_list":["post-1312","page","type-page","status-publish","has-post-thumbnail","hentry"],"translation":{"provider":"WPGlobus","version":"3.0.2","language":"gb","enabled_languages":["hu","gb"],"languages":{"hu":{"title":true,"content":true,"excerpt":false},"gb":{"title":false,"content":false,"excerpt":false}}},"yoast_head":"<!-- This site is optimized with the Yoast SEO plugin v27.2 - https:\/\/yoast.com\/product\/yoast-seo-wordpress\/ -->\n<title>T\u00far\u00e1z\u00f3k<\/title>\n<meta name=\"robots\" content=\"index, follow, max-snippet:-1, max-image-preview:large, max-video-preview:-1\" \/>\n<link rel=\"canonical\" href=\"https:\/\/galyarabok.drk.hu\/turazok\/\" \/>\n<meta property=\"og:locale\" content=\"en_GB\" \/>\n<meta property=\"og:type\" content=\"article\" \/>\n<meta property=\"og:title\" content=\"T\u00far\u00e1z\u00f3k\" \/>\n<meta property=\"og:url\" content=\"https:\/\/galyarabok.drk.hu\/turazok\/\" \/>\n<meta property=\"og:site_name\" content=\"Galley slave memorial road\" \/>\n<meta property=\"article:publisher\" content=\"https:\/\/www.facebook.com\/profile.php?id=61567825314709\" \/>\n<meta property=\"article:modified_time\" content=\"2024-11-14T09:41:56+00:00\" \/>\n<meta property=\"og:image\" content=\"https:\/\/galyarabok.drk.hu\/wp-content\/uploads\/2024\/11\/5528933679706234399.jpg\" \/>\n\t<meta property=\"og:image:width\" content=\"1200\" \/>\n\t<meta property=\"og:image:height\" content=\"1600\" \/>\n\t<meta property=\"og:image:type\" content=\"image\/jpeg\" \/>\n<meta name=\"twitter:card\" content=\"summary_large_image\" \/>\n<meta name=\"twitter:label1\" content=\"Est. reading time\" \/>\n\t<meta name=\"twitter:data1\" content=\"2 minutes\" \/>\n<script type=\"application\/ld+json\" class=\"yoast-schema-graph\">{\"@context\":\"https:\/\/schema.org\",\"@graph\":[{\"@type\":\"WebPage\",\"@id\":\"https:\/\/galyarabok.drk.hu\/turazok\/\",\"url\":\"https:\/\/galyarabok.drk.hu\/turazok\/\",\"name\":\"T\u00far\u00e1z\u00f3k\",\"isPartOf\":{\"@id\":\"https:\/\/galyarabok.drk.hu\/#website\"},\"primaryImageOfPage\":{\"@id\":\"https:\/\/galyarabok.drk.hu\/turazok\/#primaryimage\"},\"image\":{\"@id\":\"https:\/\/galyarabok.drk.hu\/turazok\/#primaryimage\"},\"thumbnailUrl\":\"https:\/\/galyarabok.drk.hu\/wp-content\/uploads\/2024\/11\/5528933679706234399.jpg\",\"datePublished\":\"2024-10-15T17:51:49+00:00\",\"dateModified\":\"2024-11-14T09:41:56+00:00\",\"breadcrumb\":{\"@id\":\"https:\/\/galyarabok.drk.hu\/turazok\/#breadcrumb\"},\"inLanguage\":\"en-GB\",\"potentialAction\":[{\"@type\":\"ReadAction\",\"target\":[\"https:\/\/galyarabok.drk.hu\/turazok\/\"]}]},{\"@type\":\"ImageObject\",\"inLanguage\":\"en-GB\",\"@id\":\"https:\/\/galyarabok.drk.hu\/turazok\/#primaryimage\",\"url\":\"https:\/\/galyarabok.drk.hu\/wp-content\/uploads\/2024\/11\/5528933679706234399.jpg\",\"contentUrl\":\"https:\/\/galyarabok.drk.hu\/wp-content\/uploads\/2024\/11\/5528933679706234399.jpg\",\"width\":1200,\"height\":1600},{\"@type\":\"BreadcrumbList\",\"@id\":\"https:\/\/galyarabok.drk.hu\/turazok\/#breadcrumb\",\"itemListElement\":[{\"@type\":\"ListItem\",\"position\":1,\"name\":\"Kezd\u0151lap\",\"item\":\"https:\/\/galyarabok.drk.hu\/\"},{\"@type\":\"ListItem\",\"position\":2,\"name\":\"T\u00far\u00e1z\u00f3k\"}]},{\"@type\":\"WebSite\",\"@id\":\"https:\/\/galyarabok.drk.hu\/#website\",\"url\":\"https:\/\/galyarabok.drk.hu\/\",\"name\":\"G\u00e1lyarab-eml\u00e9k\u00fat\",\"description\":\"The remembrance of the Hungarian protestant galley slaves. Made and can be visited from the 350th anniversary of the galley slavery (2024)\",\"publisher\":{\"@id\":\"https:\/\/galyarabok.drk.hu\/#organization\"},\"potentialAction\":[{\"@type\":\"SearchAction\",\"target\":{\"@type\":\"EntryPoint\",\"urlTemplate\":\"https:\/\/galyarabok.drk.hu\/?s={search_term_string}\"},\"query-input\":{\"@type\":\"PropertyValueSpecification\",\"valueRequired\":true,\"valueName\":\"search_term_string\"}}],\"inLanguage\":\"en-GB\"},{\"@type\":\"Organization\",\"@id\":\"https:\/\/galyarabok.drk.hu\/#organization\",\"name\":\"G\u00e1lyarab-eml\u00e9k\u00fat\",\"url\":\"https:\/\/galyarabok.drk.hu\/\",\"logo\":{\"@type\":\"ImageObject\",\"inLanguage\":\"en-GB\",\"@id\":\"https:\/\/galyarabok.drk.hu\/#\/schema\/logo\/image\/\",\"url\":\"https:\/\/galyarabok.drk.hu\/wp-content\/uploads\/2021\/02\/cropped-galya-kor-arny-vilagos.png\",\"contentUrl\":\"https:\/\/galyarabok.drk.hu\/wp-content\/uploads\/2021\/02\/cropped-galya-kor-arny-vilagos.png\",\"width\":102,\"height\":100,\"caption\":\"G\u00e1lyarab-eml\u00e9k\u00fat\"},\"image\":{\"@id\":\"https:\/\/galyarabok.drk.hu\/#\/schema\/logo\/image\/\"},\"sameAs\":[\"https:\/\/www.facebook.com\/profile.php?id=61567825314709\"]}]}<\/script>\n<!-- \/ Yoast SEO plugin. -->","yoast_head_json":{"title":"T\u00far\u00e1z\u00f3k","robots":{"index":"index","follow":"follow","max-snippet":"max-snippet:-1","max-image-preview":"max-image-preview:large","max-video-preview":"max-video-preview:-1"},"canonical":"https:\/\/galyarabok.drk.hu\/turazok\/","og_locale":"en_GB","og_type":"article","og_title":"T\u00far\u00e1z\u00f3k","og_url":"https:\/\/galyarabok.drk.hu\/turazok\/","og_site_name":"Galley slave memorial road","article_publisher":"https:\/\/www.facebook.com\/profile.php?id=61567825314709","article_modified_time":"2024-11-14T09:41:56+00:00","og_image":[{"width":1200,"height":1600,"url":"https:\/\/galyarabok.drk.hu\/wp-content\/uploads\/2024\/11\/5528933679706234399.jpg","type":"image\/jpeg"}],"twitter_card":"summary_large_image","twitter_misc":{"Est. reading time":"2 minutes"},"schema":{"@context":"https:\/\/schema.org","@graph":[{"@type":"WebPage","@id":"https:\/\/galyarabok.drk.hu\/turazok\/","url":"https:\/\/galyarabok.drk.hu\/turazok\/","name":"T\u00far\u00e1z\u00f3k","isPartOf":{"@id":"https:\/\/galyarabok.drk.hu\/#website"},"primaryImageOfPage":{"@id":"https:\/\/galyarabok.drk.hu\/turazok\/#primaryimage"},"image":{"@id":"https:\/\/galyarabok.drk.hu\/turazok\/#primaryimage"},"thumbnailUrl":"https:\/\/galyarabok.drk.hu\/wp-content\/uploads\/2024\/11\/5528933679706234399.jpg","datePublished":"2024-10-15T17:51:49+00:00","dateModified":"2024-11-14T09:41:56+00:00","breadcrumb":{"@id":"https:\/\/galyarabok.drk.hu\/turazok\/#breadcrumb"},"inLanguage":"en-GB","potentialAction":[{"@type":"ReadAction","target":["https:\/\/galyarabok.drk.hu\/turazok\/"]}]},{"@type":"ImageObject","inLanguage":"en-GB","@id":"https:\/\/galyarabok.drk.hu\/turazok\/#primaryimage","url":"https:\/\/galyarabok.drk.hu\/wp-content\/uploads\/2024\/11\/5528933679706234399.jpg","contentUrl":"https:\/\/galyarabok.drk.hu\/wp-content\/uploads\/2024\/11\/5528933679706234399.jpg","width":1200,"height":1600},{"@type":"BreadcrumbList","@id":"https:\/\/galyarabok.drk.hu\/turazok\/#breadcrumb","itemListElement":[{"@type":"ListItem","position":1,"name":"Kezd\u0151lap","item":"https:\/\/galyarabok.drk.hu\/"},{"@type":"ListItem","position":2,"name":"T\u00far\u00e1z\u00f3k"}]},{"@type":"WebSite","@id":"https:\/\/galyarabok.drk.hu\/#website","url":"https:\/\/galyarabok.drk.hu\/","name":"G\u00e1lyarab-eml\u00e9k\u00fat","description":"The remembrance of the Hungarian protestant galley slaves. Made and can be visited from the 350th anniversary of the galley slavery (2024)","publisher":{"@id":"https:\/\/galyarabok.drk.hu\/#organization"},"potentialAction":[{"@type":"SearchAction","target":{"@type":"EntryPoint","urlTemplate":"https:\/\/galyarabok.drk.hu\/?s={search_term_string}"},"query-input":{"@type":"PropertyValueSpecification","valueRequired":true,"valueName":"search_term_string"}}],"inLanguage":"en-GB"},{"@type":"Organization","@id":"https:\/\/galyarabok.drk.hu\/#organization","name":"G\u00e1lyarab-eml\u00e9k\u00fat","url":"https:\/\/galyarabok.drk.hu\/","logo":{"@type":"ImageObject","inLanguage":"en-GB","@id":"https:\/\/galyarabok.drk.hu\/#\/schema\/logo\/image\/","url":"https:\/\/galyarabok.drk.hu\/wp-content\/uploads\/2021\/02\/cropped-galya-kor-arny-vilagos.png","contentUrl":"https:\/\/galyarabok.drk.hu\/wp-content\/uploads\/2021\/02\/cropped-galya-kor-arny-vilagos.png","width":102,"height":100,"caption":"G\u00e1lyarab-eml\u00e9k\u00fat"},"image":{"@id":"https:\/\/galyarabok.drk.hu\/#\/schema\/logo\/image\/"},"sameAs":["https:\/\/www.facebook.com\/profile.php?id=61567825314709"]}]}},"_links":{"self":[{"href":"https:\/\/galyarabok.drk.hu\/gb\/wp-json\/wp\/v2\/pages\/1312","targetHints":{"allow":["GET"]}}],"collection":[{"href":"https:\/\/galyarabok.drk.hu\/gb\/wp-json\/wp\/v2\/pages"}],"about":[{"href":"https:\/\/galyarabok.drk.hu\/gb\/wp-json\/wp\/v2\/types\/page"}],"author":[{"embeddable":true,"href":"https:\/\/galyarabok.drk.hu\/gb\/wp-json\/wp\/v2\/users\/1"}],"replies":[{"embeddable":true,"href":"https:\/\/galyarabok.drk.hu\/gb\/wp-json\/wp\/v2\/comments?post=1312"}],"version-history":[{"count":8,"href":"https:\/\/galyarabok.drk.hu\/gb\/wp-json\/wp\/v2\/pages\/1312\/revisions"}],"predecessor-version":[{"id":1565,"href":"https:\/\/galyarabok.drk.hu\/gb\/wp-json\/wp\/v2\/pages\/1312\/revisions\/1565"}],"wp:featuredmedia":[{"embeddable":true,"href":"https:\/\/galyarabok.drk.hu\/gb\/wp-json\/wp\/v2\/media\/1559"}],"wp:attachment":[{"href":"https:\/\/galyarabok.drk.hu\/gb\/wp-json\/wp\/v2\/media?parent=1312"}],"wp:term":[{"taxonomy":"category","embeddable":true,"href":"https:\/\/galyarabok.drk.hu\/gb\/wp-json\/wp\/v2\/categories?post=1312"},{"taxonomy":"post_tag","embeddable":true,"href":"https:\/\/galyarabok.drk.hu\/gb\/wp-json\/wp\/v2\/tags?post=1312"}],"curies":[{"name":"wp","href":"https:\/\/api.w.org\/{rel}","templated":true}]}}