{"id":1310,"date":"2024-10-15T17:44:03","date_gmt":"2024-10-15T17:44:03","guid":{"rendered":"https:\/\/galyarabok.drk.hu\/?page_id=1310"},"modified":"2024-10-15T17:44:03","modified_gmt":"2024-10-15T17:44:03","slug":"regi-forrasok-nyomaban","status":"publish","type":"page","link":"https:\/\/galyarabok.drk.hu\/gb\/regi-forrasok-nyomaban\/","title":{"rendered":"R\u00e9gi forr\u00e1sok nyom\u00e1ban"},"content":{"rendered":"\n<ul class=\"wp-block-list\">\n<li>Johann Caspar M\u00f6rikofer: <em>Geschichte der evangelischen Fl\u00fcchtlinge in der Schweiz<\/em>, Leipzig, Hirzel, 1876.<\/li>\n\n\n\n<li>Balogh Elem\u00e9r, <em>Az evangy\u00e9liom v\u00e9rtan\u00fai<\/em>, <a href=\"https:\/\/galyarabok.drk.hu\/gb\/pozsony\/\" data-internallinksmanager029f6b8e52c=\"100\" title=\"Pozsony\">Pozsony<\/a>, Wigand, 1900.<\/li>\n\n\n\n<li>Thury Etele, <em>Adatok a magyar protest\u00e1ns g\u00e1lyarab lelk\u00e9szek t\u00f6rt\u00e9net\u00e9hez<\/em>, Bp., Athenaeum, 1912.<\/li>\n\n\n\n<li>Mikl\u00f3s \u00d6d\u00f6n: <em>A magyar g\u00e1lyarab lelk\u00e9szek lev\u00e9lt\u00e1ra<\/em>, Lev\u00e9lt\u00e1ri K\u00f6zlem\u00e9nyek 17(1939), 277\u2013279.<\/li>\n\n\n\n<li>Bujt\u00e1s L\u00e1szl\u00f3 Zsigmond: <em>A pozsonyi v\u00e9szt\u00f6rv\u00e9nysz\u00e9kr\u0151l \u00e9s a g\u00e1lyarabs\u00e1gr\u00f3l sz\u00f3l\u00f3, magyar szerz\u0151kt\u0151l sz\u00e1rmaz\u00f3 sz\u00f6vegek sorsa 17\u201318. sz\u00e1zadi holland kiadv\u00e1nyokban<\/em>, K\u00f6nyv \u00e9s K\u00f6nyvt\u00e1r, 25(2003), 115\u2013157. <a href=\"https:\/\/dea.lib.unideb.hu\/dea\/bitstream\/handle\/2437\/164075\/KK_2003.pdf\">https:\/\/dea.lib.unideb.hu\/dea\/bitstream\/handle\/2437\/164075\/KK_2003.pdf<\/a><\/li>\n\n\n\n<li>Csorba D\u00e1vid: <em>A g\u00e1lyarabkultusz t\u00f6redezett eml\u00e9ke<\/em>, 2017, <a href=\"https:\/\/real.mtak.hu\/64081\/1\/Csorba_D_Galyarab_kultusz2_doc_LJ.pdf\">https:\/\/real.mtak.hu\/64081\/1\/Csorba_D_Galyarab_kultusz2_doc_LJ.pdf<\/a><\/li>\n<\/ul>\n","protected":false},"excerpt":{"rendered":"","protected":false},"author":1,"featured_media":0,"parent":0,"menu_order":0,"comment_status":"closed","ping_status":"closed","template":"","meta":{"footnotes":""},"categories":[],"tags":[],"class_list":["post-1310","page","type-page","status-publish","hentry"],"translation":{"provider":"WPGlobus","version":"3.0.2","language":"gb","enabled_languages":["hu","gb"],"languages":{"hu":{"title":true,"content":true,"excerpt":false},"gb":{"title":false,"content":false,"excerpt":false}}},"yoast_head":"<!-- This site is optimized with the Yoast SEO plugin v27.2 - https:\/\/yoast.com\/product\/yoast-seo-wordpress\/ -->\n<title>R\u00e9gi forr\u00e1sok nyom\u00e1ban<\/title>\n<meta name=\"robots\" content=\"index, follow, max-snippet:-1, max-image-preview:large, max-video-preview:-1\" \/>\n<link rel=\"canonical\" href=\"https:\/\/galyarabok.drk.hu\/regi-forrasok-nyomaban\/\" \/>\n<meta property=\"og:locale\" content=\"en_GB\" \/>\n<meta property=\"og:type\" content=\"article\" \/>\n<meta property=\"og:title\" content=\"R\u00e9gi forr\u00e1sok nyom\u00e1ban\" \/>\n<meta property=\"og:url\" content=\"https:\/\/galyarabok.drk.hu\/regi-forrasok-nyomaban\/\" \/>\n<meta property=\"og:site_name\" content=\"Galley slave memorial road\" \/>\n<meta property=\"article:publisher\" content=\"https:\/\/www.facebook.com\/profile.php?id=61567825314709\" \/>\n<meta property=\"og:image\" content=\"https:\/\/galyarabok.drk.hu\/wp-content\/uploads\/2021\/02\/cropped-galya-kor-arny-vilagos-1.png\" \/>\n\t<meta property=\"og:image:width\" content=\"512\" \/>\n\t<meta property=\"og:image:height\" content=\"512\" \/>\n\t<meta property=\"og:image:type\" content=\"image\/png\" \/>\n<meta name=\"twitter:card\" content=\"summary_large_image\" \/>\n<meta name=\"twitter:label1\" content=\"Est. reading time\" \/>\n\t<meta name=\"twitter:data1\" content=\"1 minute\" \/>\n<script type=\"application\/ld+json\" class=\"yoast-schema-graph\">{\"@context\":\"https:\/\/schema.org\",\"@graph\":[{\"@type\":\"WebPage\",\"@id\":\"https:\/\/galyarabok.drk.hu\/regi-forrasok-nyomaban\/\",\"url\":\"https:\/\/galyarabok.drk.hu\/regi-forrasok-nyomaban\/\",\"name\":\"R\u00e9gi forr\u00e1sok nyom\u00e1ban\",\"isPartOf\":{\"@id\":\"https:\/\/galyarabok.drk.hu\/#website\"},\"datePublished\":\"2024-10-15T17:44:03+00:00\",\"breadcrumb\":{\"@id\":\"https:\/\/galyarabok.drk.hu\/regi-forrasok-nyomaban\/#breadcrumb\"},\"inLanguage\":\"en-GB\",\"potentialAction\":[{\"@type\":\"ReadAction\",\"target\":[\"https:\/\/galyarabok.drk.hu\/regi-forrasok-nyomaban\/\"]}]},{\"@type\":\"BreadcrumbList\",\"@id\":\"https:\/\/galyarabok.drk.hu\/regi-forrasok-nyomaban\/#breadcrumb\",\"itemListElement\":[{\"@type\":\"ListItem\",\"position\":1,\"name\":\"Kezd\u0151lap\",\"item\":\"https:\/\/galyarabok.drk.hu\/\"},{\"@type\":\"ListItem\",\"position\":2,\"name\":\"R\u00e9gi forr\u00e1sok nyom\u00e1ban\"}]},{\"@type\":\"WebSite\",\"@id\":\"https:\/\/galyarabok.drk.hu\/#website\",\"url\":\"https:\/\/galyarabok.drk.hu\/\",\"name\":\"G\u00e1lyarab-eml\u00e9k\u00fat\",\"description\":\"The remembrance of the Hungarian protestant galley slaves. Made and can be visited from the 350th anniversary of the galley slavery (2024)\",\"publisher\":{\"@id\":\"https:\/\/galyarabok.drk.hu\/#organization\"},\"potentialAction\":[{\"@type\":\"SearchAction\",\"target\":{\"@type\":\"EntryPoint\",\"urlTemplate\":\"https:\/\/galyarabok.drk.hu\/?s={search_term_string}\"},\"query-input\":{\"@type\":\"PropertyValueSpecification\",\"valueRequired\":true,\"valueName\":\"search_term_string\"}}],\"inLanguage\":\"en-GB\"},{\"@type\":\"Organization\",\"@id\":\"https:\/\/galyarabok.drk.hu\/#organization\",\"name\":\"G\u00e1lyarab-eml\u00e9k\u00fat\",\"url\":\"https:\/\/galyarabok.drk.hu\/\",\"logo\":{\"@type\":\"ImageObject\",\"inLanguage\":\"en-GB\",\"@id\":\"https:\/\/galyarabok.drk.hu\/#\/schema\/logo\/image\/\",\"url\":\"https:\/\/galyarabok.drk.hu\/wp-content\/uploads\/2021\/02\/cropped-galya-kor-arny-vilagos.png\",\"contentUrl\":\"https:\/\/galyarabok.drk.hu\/wp-content\/uploads\/2021\/02\/cropped-galya-kor-arny-vilagos.png\",\"width\":102,\"height\":100,\"caption\":\"G\u00e1lyarab-eml\u00e9k\u00fat\"},\"image\":{\"@id\":\"https:\/\/galyarabok.drk.hu\/#\/schema\/logo\/image\/\"},\"sameAs\":[\"https:\/\/www.facebook.com\/profile.php?id=61567825314709\"]}]}<\/script>\n<!-- \/ Yoast SEO plugin. -->","yoast_head_json":{"title":"R\u00e9gi forr\u00e1sok nyom\u00e1ban","robots":{"index":"index","follow":"follow","max-snippet":"max-snippet:-1","max-image-preview":"max-image-preview:large","max-video-preview":"max-video-preview:-1"},"canonical":"https:\/\/galyarabok.drk.hu\/regi-forrasok-nyomaban\/","og_locale":"en_GB","og_type":"article","og_title":"R\u00e9gi forr\u00e1sok nyom\u00e1ban","og_url":"https:\/\/galyarabok.drk.hu\/regi-forrasok-nyomaban\/","og_site_name":"Galley slave memorial road","article_publisher":"https:\/\/www.facebook.com\/profile.php?id=61567825314709","og_image":[{"width":512,"height":512,"url":"https:\/\/galyarabok.drk.hu\/wp-content\/uploads\/2021\/02\/cropped-galya-kor-arny-vilagos-1.png","type":"image\/png"}],"twitter_card":"summary_large_image","twitter_misc":{"Est. reading time":"1 minute"},"schema":{"@context":"https:\/\/schema.org","@graph":[{"@type":"WebPage","@id":"https:\/\/galyarabok.drk.hu\/regi-forrasok-nyomaban\/","url":"https:\/\/galyarabok.drk.hu\/regi-forrasok-nyomaban\/","name":"R\u00e9gi forr\u00e1sok nyom\u00e1ban","isPartOf":{"@id":"https:\/\/galyarabok.drk.hu\/#website"},"datePublished":"2024-10-15T17:44:03+00:00","breadcrumb":{"@id":"https:\/\/galyarabok.drk.hu\/regi-forrasok-nyomaban\/#breadcrumb"},"inLanguage":"en-GB","potentialAction":[{"@type":"ReadAction","target":["https:\/\/galyarabok.drk.hu\/regi-forrasok-nyomaban\/"]}]},{"@type":"BreadcrumbList","@id":"https:\/\/galyarabok.drk.hu\/regi-forrasok-nyomaban\/#breadcrumb","itemListElement":[{"@type":"ListItem","position":1,"name":"Kezd\u0151lap","item":"https:\/\/galyarabok.drk.hu\/"},{"@type":"ListItem","position":2,"name":"R\u00e9gi forr\u00e1sok nyom\u00e1ban"}]},{"@type":"WebSite","@id":"https:\/\/galyarabok.drk.hu\/#website","url":"https:\/\/galyarabok.drk.hu\/","name":"G\u00e1lyarab-eml\u00e9k\u00fat","description":"The remembrance of the Hungarian protestant galley slaves. Made and can be visited from the 350th anniversary of the galley slavery (2024)","publisher":{"@id":"https:\/\/galyarabok.drk.hu\/#organization"},"potentialAction":[{"@type":"SearchAction","target":{"@type":"EntryPoint","urlTemplate":"https:\/\/galyarabok.drk.hu\/?s={search_term_string}"},"query-input":{"@type":"PropertyValueSpecification","valueRequired":true,"valueName":"search_term_string"}}],"inLanguage":"en-GB"},{"@type":"Organization","@id":"https:\/\/galyarabok.drk.hu\/#organization","name":"G\u00e1lyarab-eml\u00e9k\u00fat","url":"https:\/\/galyarabok.drk.hu\/","logo":{"@type":"ImageObject","inLanguage":"en-GB","@id":"https:\/\/galyarabok.drk.hu\/#\/schema\/logo\/image\/","url":"https:\/\/galyarabok.drk.hu\/wp-content\/uploads\/2021\/02\/cropped-galya-kor-arny-vilagos.png","contentUrl":"https:\/\/galyarabok.drk.hu\/wp-content\/uploads\/2021\/02\/cropped-galya-kor-arny-vilagos.png","width":102,"height":100,"caption":"G\u00e1lyarab-eml\u00e9k\u00fat"},"image":{"@id":"https:\/\/galyarabok.drk.hu\/#\/schema\/logo\/image\/"},"sameAs":["https:\/\/www.facebook.com\/profile.php?id=61567825314709"]}]}},"_links":{"self":[{"href":"https:\/\/galyarabok.drk.hu\/gb\/wp-json\/wp\/v2\/pages\/1310","targetHints":{"allow":["GET"]}}],"collection":[{"href":"https:\/\/galyarabok.drk.hu\/gb\/wp-json\/wp\/v2\/pages"}],"about":[{"href":"https:\/\/galyarabok.drk.hu\/gb\/wp-json\/wp\/v2\/types\/page"}],"author":[{"embeddable":true,"href":"https:\/\/galyarabok.drk.hu\/gb\/wp-json\/wp\/v2\/users\/1"}],"replies":[{"embeddable":true,"href":"https:\/\/galyarabok.drk.hu\/gb\/wp-json\/wp\/v2\/comments?post=1310"}],"version-history":[{"count":1,"href":"https:\/\/galyarabok.drk.hu\/gb\/wp-json\/wp\/v2\/pages\/1310\/revisions"}],"predecessor-version":[{"id":1311,"href":"https:\/\/galyarabok.drk.hu\/gb\/wp-json\/wp\/v2\/pages\/1310\/revisions\/1311"}],"wp:attachment":[{"href":"https:\/\/galyarabok.drk.hu\/gb\/wp-json\/wp\/v2\/media?parent=1310"}],"wp:term":[{"taxonomy":"category","embeddable":true,"href":"https:\/\/galyarabok.drk.hu\/gb\/wp-json\/wp\/v2\/categories?post=1310"},{"taxonomy":"post_tag","embeddable":true,"href":"https:\/\/galyarabok.drk.hu\/gb\/wp-json\/wp\/v2\/tags?post=1310"}],"curies":[{"name":"wp","href":"https:\/\/api.w.org\/{rel}","templated":true}]}}