{"id":1306,"date":"2024-10-15T17:37:17","date_gmt":"2024-10-15T17:37:17","guid":{"rendered":"https:\/\/galyarabok.drk.hu\/?page_id=1306"},"modified":"2024-10-24T19:12:59","modified_gmt":"2024-10-24T19:12:59","slug":"emlekbeszedek","status":"publish","type":"page","link":"https:\/\/galyarabok.drk.hu\/gb\/emlekbeszedek\/","title":{"rendered":"Eml\u00e9kbesz\u00e9dek"},"content":{"rendered":"<ul>\n<li>K\u00e9tsz\u00e1zados eml\u00e9k\u00fcnnep\u00e9ly, a n\u00e1polyi g\u00e1lyarabs\u00e1gb\u00f3l kiszabadult hitvall\u00f3 \u0151seink eml\u00e9k\u00e9re. <em>K\u00f6zl\u00f6ny<\/em> [debr. koll. theol. ifj. lap], 1876. febr. 11. sz.<\/li>\n<li><em style=\"font-size: revert; color: initial;\">A S\u00e1rospataki Ref. F\u0151iskol\u00e1ban a g\u00e1lyarabok kiszabadul\u00e1s\u00e1nak eml\u00e9k\u00fcnnep\u00e9n, 1926. febr. h\u00f3 11-\u00e9n tartott el\u0151ad\u00e1sok<\/em><span style=\"font-size: revert; color: initial;\">, <a href=\"https:\/\/galyarabok.drk.hu\/gb\/sarospatak\/\" data-internallinksmanager029f6b8e52c=\"107\" title=\"S\u00e1rospatak\">S\u00e1rospatak<\/a>, Reform\u00e1tus f\u0151iskolai nyomda, 1926. Marton J\u00e1nos: G\u00e1lyarabok eml\u00e9k\u00fcnnep\u00e9n, 3\u201318; <a href=\"https:\/\/galyarabok.drk.hu\/gb\/harsanyi-moricz-istvan\/\" data-internallinksmanager029f6b8e52c=\"43\" title=\"Hars\u00e1nyi M\u00f3ricz Istv\u00e1n\">Hars\u00e1nyi<\/a> Istv\u00e1n: A g\u00e1lyarabok \u00e9s a s\u00e1rospataki f\u0151iskola, 19\u201338.<\/span><\/li>\n<li>id. R\u00e9v\u00e9sz Imre: K\u00e1lvin \u00e9s a g\u00e1lyarabok, 1936, in U\u0151: <em style=\"font-size: revert; color: initial;\">Tegnap \u00e9s ma \u00e9s \u00f6r\u00f6kk\u00e9<\/em><span style=\"font-size: revert; color: initial;\">, Bp., Coetus Theologorum, 1944, 123\u2013126.<\/span><\/li>\n<li>Ravasz L\u00e1szl\u00f3: A g\u00e1lyarabok, in U\u0151: <em style=\"font-size: revert; color: initial;\">Tudom, kinek hittem<\/em><span style=\"font-size: revert; color: initial;\">, Budapest, 1927, 71. = <\/span><em style=\"font-size: revert; color: initial;\">Magyar reform\u00e1tus \u00f6nismereti olvas\u00f3k\u00f6nyv<\/em><span style=\"font-size: revert; color: initial;\">, szerk. N\u00e9meth P\u00e1l, Bp., K\u00e1lvin kiad\u00f3, 1997. &#8211; <\/span><a style=\"font-size: revert;\" href=\"https:\/\/megvanirva.hu\/ravasz-laszlo-a-galyarabok\/\">https:\/\/megvanirva.hu\/ravasz-laszlo-a-galyarabok\/<\/a><\/li>\n<li>B\u00f6lcskei Guszt\u00e1v: Nem f\u00e9l\u00fcnk: \u00dcnnepi istentisztelet a g\u00e1lyarabok kiszabad\u00edt\u00e1s\u00e1nak 325 \u00e9ves \u00e9vfordul\u00f3j\u00e1n a debreceni Nagytemplomban, 2001. febru\u00e1r 11-\u00e9n, <em style=\"font-size: revert; color: initial;\">Reform\u00e1tus Tisz\u00e1nt\u00fal<\/em><span style=\"font-size: revert; color: initial;\">, 2001\/1, 2.<\/span><\/li>\n<li>Fekete K\u00e1roly: Z\u00e1r\u00f3\u00e1h\u00edtat a g\u00e1lyarabok \u00fcnnep\u00e9n, <em style=\"font-size: revert; color: initial;\">Reform\u00e1tus Tisz\u00e1nt\u00fal<\/em><span style=\"font-size: revert; color: initial;\">, 2001\/1, 8\u20139.<\/span><\/li>\n<li>Ga\u00e1l Botond: \u201eL\u00e9gyen az\u00e9rt dics\u00e9retes eml\u00e9kezete Ruyter Mih\u00e1lynak a magyarok el\u0151tt!\u201d: G\u00e1lyarab hith\u0151seinkr\u0151l, Nagytemplomi Gy\u00fclekezeti \u00e9let (2001\/12), 5<em style=\"font-size: revert; color: initial;\">\u2013<\/em><span style=\"font-size: revert; color: initial;\">8.<\/span><\/li>\n<li>Bar\u00e1th B\u00e9la Levente: Eml\u00e9kbesz\u00e9d a g\u00e1lyarabok eml\u00e9km\u0171v\u00e9n\u00e9l tartott koszor\u00faz\u00e1son, in Kov\u00e1cs, Gergely; S\u00e1gi, Endre (szerk.), <em style=\"font-size: revert; color: initial;\">A Debreceni Reform\u00e1tus Koll\u00e9gium Gimn\u00e1zium\u00e1nak \u00e9vk\u00f6nyve a 2000\/01 \u00e9s a 2001\/02. tan\u00e9vr\u0151l<\/em><span style=\"font-size: revert; color: initial;\">, <a href=\"https:\/\/galyarabok.drk.hu\/gb\/debrecen\/\" data-internallinksmanager029f6b8e52c=\"22\" title=\"Debrecen\">Debrecen<\/a>, Debreceni Reform\u00e1tus Koll\u00e9gium Gimn\u00e1ziuma, 2002, 82\u201383.<\/span><\/li>\n<li>Bereczki Lajos: \u201eAz \u00e9n legf\u00e9nyesebb diadalom.\u201d 325 \u00e9ve szabadultak meg a protest\u00e1ns g\u00e1lyarab pr\u00e9dik\u00e1torok, <em style=\"font-size: revert; color: initial;\">M\u00falt \u2013 Jelen \u2013 J\u00f6v\u0151<\/em><span style=\"font-size: revert; color: initial;\">, 2002, 53<\/span><em style=\"font-size: revert; color: initial;\">\u2013<\/em><span style=\"font-size: revert; color: initial;\">64.<\/span><\/li>\n<li>Fekete K\u00e1roly: Eml\u00e9kez\u00e9s a G\u00e1lyarabok Eml\u00e9km\u0171v\u00e9n\u00e9l, <em style=\"font-size: revert; color: initial;\">Reform\u00e1tus Tisz\u00e1nt\u00fal<\/em><span style=\"font-size: revert; color: initial;\">, 2006\/4\u20135, 6\u20137.<\/span><\/li>\n<li>Gy\u0151ri L. J\u00e1nos: A g\u00e1lyarabok debreceni eml\u00e9koszlopa mint az eml\u00e9kez\u00e9s helye a Reform\u00e1tus Koll\u00e9gium 20. sz\u00e1zadi \u00fcnnepl\u00e9si gyakorlat\u00e1ban, Medi\u00e1rium 14(2020\/1-3), 6-23.<\/li>\n<li>Hafenscher K\u00e1roly: Avat\u00f3besz\u00e9d \u2013 G\u00e1lyarab Eml\u00e9km\u0171, in Hafenscher, K\u00e1roly; Gyim\u00f3thy, Lilla; Luk\u00e1ch, Krisztina; Birk\u00e1s, Antal; Fekete, L\u00e1szl\u00f3 (szerk.), <em style=\"font-size: revert; color: initial;\">Reform\u00e1ci\u00f3 500 \u2013 egy nemzet \u00fcnnepe: A meg\u00fajul\u00e1s lend\u00fclet\u00e9ben<\/em><span style=\"font-size: revert; color: initial;\">, Budapest, Magyarorsz\u00e1g: Reform\u00e1ci\u00f3 Eml\u00e9kbizotts\u00e1g, 2018, 74<\/span><em style=\"font-size: revert; color: initial;\">\u2013<\/em><span style=\"font-size: revert; color: initial;\">76.<\/span><\/li>\n<\/ul>\n","protected":false},"excerpt":{"rendered":"<p>K\u00e9tsz\u00e1zados eml\u00e9k\u00fcnnep\u00e9ly, a n\u00e1polyi g\u00e1lyarabs\u00e1gb\u00f3l kiszabadult hitvall\u00f3 \u0151seink eml\u00e9k\u00e9re. K\u00f6zl\u00f6ny [debr. koll. theol. ifj. lap], 1876. febr. 11. sz. A [&hellip;]<\/p>\n","protected":false},"author":1,"featured_media":0,"parent":0,"menu_order":0,"comment_status":"closed","ping_status":"closed","template":"","meta":{"footnotes":""},"categories":[],"tags":[],"class_list":["post-1306","page","type-page","status-publish","hentry"],"translation":{"provider":"WPGlobus","version":"3.0.2","language":"gb","enabled_languages":["hu","gb"],"languages":{"hu":{"title":true,"content":true,"excerpt":false},"gb":{"title":false,"content":false,"excerpt":false}}},"yoast_head":"<!-- This site is optimized with the Yoast SEO plugin v27.2 - https:\/\/yoast.com\/product\/yoast-seo-wordpress\/ -->\n<title>Eml\u00e9kbesz\u00e9dek<\/title>\n<meta name=\"robots\" content=\"index, follow, max-snippet:-1, max-image-preview:large, max-video-preview:-1\" \/>\n<link rel=\"canonical\" href=\"https:\/\/galyarabok.drk.hu\/emlekbeszedek\/\" \/>\n<meta property=\"og:locale\" content=\"en_GB\" \/>\n<meta property=\"og:type\" content=\"article\" \/>\n<meta property=\"og:title\" content=\"Eml\u00e9kbesz\u00e9dek\" \/>\n<meta property=\"og:url\" content=\"https:\/\/galyarabok.drk.hu\/emlekbeszedek\/\" \/>\n<meta property=\"og:site_name\" content=\"Galley slave memorial road\" \/>\n<meta property=\"article:publisher\" content=\"https:\/\/www.facebook.com\/profile.php?id=61567825314709\" \/>\n<meta property=\"article:modified_time\" content=\"2024-10-24T19:12:59+00:00\" \/>\n<meta property=\"og:image\" content=\"https:\/\/galyarabok.drk.hu\/wp-content\/uploads\/2021\/02\/cropped-galya-kor-arny-vilagos-1.png\" \/>\n\t<meta property=\"og:image:width\" content=\"512\" \/>\n\t<meta property=\"og:image:height\" content=\"512\" \/>\n\t<meta property=\"og:image:type\" content=\"image\/png\" \/>\n<meta name=\"twitter:card\" content=\"summary_large_image\" \/>\n<meta name=\"twitter:label1\" content=\"Est. reading time\" \/>\n\t<meta name=\"twitter:data1\" content=\"2 minutes\" \/>\n<script type=\"application\/ld+json\" class=\"yoast-schema-graph\">{\"@context\":\"https:\/\/schema.org\",\"@graph\":[{\"@type\":\"WebPage\",\"@id\":\"https:\/\/galyarabok.drk.hu\/emlekbeszedek\/\",\"url\":\"https:\/\/galyarabok.drk.hu\/emlekbeszedek\/\",\"name\":\"Eml\u00e9kbesz\u00e9dek\",\"isPartOf\":{\"@id\":\"https:\/\/galyarabok.drk.hu\/#website\"},\"datePublished\":\"2024-10-15T17:37:17+00:00\",\"dateModified\":\"2024-10-24T19:12:59+00:00\",\"breadcrumb\":{\"@id\":\"https:\/\/galyarabok.drk.hu\/emlekbeszedek\/#breadcrumb\"},\"inLanguage\":\"en-GB\",\"potentialAction\":[{\"@type\":\"ReadAction\",\"target\":[\"https:\/\/galyarabok.drk.hu\/emlekbeszedek\/\"]}]},{\"@type\":\"BreadcrumbList\",\"@id\":\"https:\/\/galyarabok.drk.hu\/emlekbeszedek\/#breadcrumb\",\"itemListElement\":[{\"@type\":\"ListItem\",\"position\":1,\"name\":\"Kezd\u0151lap\",\"item\":\"https:\/\/galyarabok.drk.hu\/\"},{\"@type\":\"ListItem\",\"position\":2,\"name\":\"Eml\u00e9kbesz\u00e9dek\"}]},{\"@type\":\"WebSite\",\"@id\":\"https:\/\/galyarabok.drk.hu\/#website\",\"url\":\"https:\/\/galyarabok.drk.hu\/\",\"name\":\"G\u00e1lyarab-eml\u00e9k\u00fat\",\"description\":\"The remembrance of the Hungarian protestant galley slaves. Made and can be visited from the 350th anniversary of the galley slavery (2024)\",\"publisher\":{\"@id\":\"https:\/\/galyarabok.drk.hu\/#organization\"},\"potentialAction\":[{\"@type\":\"SearchAction\",\"target\":{\"@type\":\"EntryPoint\",\"urlTemplate\":\"https:\/\/galyarabok.drk.hu\/?s={search_term_string}\"},\"query-input\":{\"@type\":\"PropertyValueSpecification\",\"valueRequired\":true,\"valueName\":\"search_term_string\"}}],\"inLanguage\":\"en-GB\"},{\"@type\":\"Organization\",\"@id\":\"https:\/\/galyarabok.drk.hu\/#organization\",\"name\":\"G\u00e1lyarab-eml\u00e9k\u00fat\",\"url\":\"https:\/\/galyarabok.drk.hu\/\",\"logo\":{\"@type\":\"ImageObject\",\"inLanguage\":\"en-GB\",\"@id\":\"https:\/\/galyarabok.drk.hu\/#\/schema\/logo\/image\/\",\"url\":\"https:\/\/galyarabok.drk.hu\/wp-content\/uploads\/2021\/02\/cropped-galya-kor-arny-vilagos.png\",\"contentUrl\":\"https:\/\/galyarabok.drk.hu\/wp-content\/uploads\/2021\/02\/cropped-galya-kor-arny-vilagos.png\",\"width\":102,\"height\":100,\"caption\":\"G\u00e1lyarab-eml\u00e9k\u00fat\"},\"image\":{\"@id\":\"https:\/\/galyarabok.drk.hu\/#\/schema\/logo\/image\/\"},\"sameAs\":[\"https:\/\/www.facebook.com\/profile.php?id=61567825314709\"]}]}<\/script>\n<!-- \/ Yoast SEO plugin. -->","yoast_head_json":{"title":"Eml\u00e9kbesz\u00e9dek","robots":{"index":"index","follow":"follow","max-snippet":"max-snippet:-1","max-image-preview":"max-image-preview:large","max-video-preview":"max-video-preview:-1"},"canonical":"https:\/\/galyarabok.drk.hu\/emlekbeszedek\/","og_locale":"en_GB","og_type":"article","og_title":"Eml\u00e9kbesz\u00e9dek","og_url":"https:\/\/galyarabok.drk.hu\/emlekbeszedek\/","og_site_name":"Galley slave memorial road","article_publisher":"https:\/\/www.facebook.com\/profile.php?id=61567825314709","article_modified_time":"2024-10-24T19:12:59+00:00","og_image":[{"width":512,"height":512,"url":"https:\/\/galyarabok.drk.hu\/wp-content\/uploads\/2021\/02\/cropped-galya-kor-arny-vilagos-1.png","type":"image\/png"}],"twitter_card":"summary_large_image","twitter_misc":{"Est. reading time":"2 minutes"},"schema":{"@context":"https:\/\/schema.org","@graph":[{"@type":"WebPage","@id":"https:\/\/galyarabok.drk.hu\/emlekbeszedek\/","url":"https:\/\/galyarabok.drk.hu\/emlekbeszedek\/","name":"Eml\u00e9kbesz\u00e9dek","isPartOf":{"@id":"https:\/\/galyarabok.drk.hu\/#website"},"datePublished":"2024-10-15T17:37:17+00:00","dateModified":"2024-10-24T19:12:59+00:00","breadcrumb":{"@id":"https:\/\/galyarabok.drk.hu\/emlekbeszedek\/#breadcrumb"},"inLanguage":"en-GB","potentialAction":[{"@type":"ReadAction","target":["https:\/\/galyarabok.drk.hu\/emlekbeszedek\/"]}]},{"@type":"BreadcrumbList","@id":"https:\/\/galyarabok.drk.hu\/emlekbeszedek\/#breadcrumb","itemListElement":[{"@type":"ListItem","position":1,"name":"Kezd\u0151lap","item":"https:\/\/galyarabok.drk.hu\/"},{"@type":"ListItem","position":2,"name":"Eml\u00e9kbesz\u00e9dek"}]},{"@type":"WebSite","@id":"https:\/\/galyarabok.drk.hu\/#website","url":"https:\/\/galyarabok.drk.hu\/","name":"G\u00e1lyarab-eml\u00e9k\u00fat","description":"The remembrance of the Hungarian protestant galley slaves. Made and can be visited from the 350th anniversary of the galley slavery (2024)","publisher":{"@id":"https:\/\/galyarabok.drk.hu\/#organization"},"potentialAction":[{"@type":"SearchAction","target":{"@type":"EntryPoint","urlTemplate":"https:\/\/galyarabok.drk.hu\/?s={search_term_string}"},"query-input":{"@type":"PropertyValueSpecification","valueRequired":true,"valueName":"search_term_string"}}],"inLanguage":"en-GB"},{"@type":"Organization","@id":"https:\/\/galyarabok.drk.hu\/#organization","name":"G\u00e1lyarab-eml\u00e9k\u00fat","url":"https:\/\/galyarabok.drk.hu\/","logo":{"@type":"ImageObject","inLanguage":"en-GB","@id":"https:\/\/galyarabok.drk.hu\/#\/schema\/logo\/image\/","url":"https:\/\/galyarabok.drk.hu\/wp-content\/uploads\/2021\/02\/cropped-galya-kor-arny-vilagos.png","contentUrl":"https:\/\/galyarabok.drk.hu\/wp-content\/uploads\/2021\/02\/cropped-galya-kor-arny-vilagos.png","width":102,"height":100,"caption":"G\u00e1lyarab-eml\u00e9k\u00fat"},"image":{"@id":"https:\/\/galyarabok.drk.hu\/#\/schema\/logo\/image\/"},"sameAs":["https:\/\/www.facebook.com\/profile.php?id=61567825314709"]}]}},"_links":{"self":[{"href":"https:\/\/galyarabok.drk.hu\/gb\/wp-json\/wp\/v2\/pages\/1306","targetHints":{"allow":["GET"]}}],"collection":[{"href":"https:\/\/galyarabok.drk.hu\/gb\/wp-json\/wp\/v2\/pages"}],"about":[{"href":"https:\/\/galyarabok.drk.hu\/gb\/wp-json\/wp\/v2\/types\/page"}],"author":[{"embeddable":true,"href":"https:\/\/galyarabok.drk.hu\/gb\/wp-json\/wp\/v2\/users\/1"}],"replies":[{"embeddable":true,"href":"https:\/\/galyarabok.drk.hu\/gb\/wp-json\/wp\/v2\/comments?post=1306"}],"version-history":[{"count":2,"href":"https:\/\/galyarabok.drk.hu\/gb\/wp-json\/wp\/v2\/pages\/1306\/revisions"}],"predecessor-version":[{"id":1533,"href":"https:\/\/galyarabok.drk.hu\/gb\/wp-json\/wp\/v2\/pages\/1306\/revisions\/1533"}],"wp:attachment":[{"href":"https:\/\/galyarabok.drk.hu\/gb\/wp-json\/wp\/v2\/media?parent=1306"}],"wp:term":[{"taxonomy":"category","embeddable":true,"href":"https:\/\/galyarabok.drk.hu\/gb\/wp-json\/wp\/v2\/categories?post=1306"},{"taxonomy":"post_tag","embeddable":true,"href":"https:\/\/galyarabok.drk.hu\/gb\/wp-json\/wp\/v2\/tags?post=1306"}],"curies":[{"name":"wp","href":"https:\/\/api.w.org\/{rel}","templated":true}]}}