{"id":1290,"date":"2024-10-15T17:04:17","date_gmt":"2024-10-15T17:04:17","guid":{"rendered":"https:\/\/galyarabok.drk.hu\/?page_id=1290"},"modified":"2024-10-24T14:38:24","modified_gmt":"2024-10-24T14:38:24","slug":"otrokocsi-foris-ferenc-furor-bestiae","status":"publish","type":"page","link":"https:\/\/galyarabok.drk.hu\/gb\/otrokocsi-foris-ferenc-furor-bestiae\/","title":{"rendered":"Otrokocsi F\u00f3ris Ferenc: Furor bestiae"},"content":{"rendered":"\n<ul class=\"wp-block-list\">\n<li>holland ford\u00edt\u00e1sban: A. van Poot (ed.): <em>Naauwkeurig verhaal van de vervolginge aangerecht tegens de euangelise leeraaren in Hungarien<\/em>, Amsterdam, Hoorn, 1684.<br><a href=\"https:\/\/library.hungaricana.hu\/hu\/view\/RMK_I_1313b\/?pg=0&amp;layout=s\">https:\/\/library.hungaricana.hu\/hu\/view\/RMK_I_1313b\/?pg=0&amp;layout=s<\/a><\/li>\n\n\n\n<li>latin kiad\u00e1s, magyar ford\u00edt\u00e1ssal: <a href=\"https:\/\/galyarabok.drk.hu\/gb\/otrokocsi-foris-ferenc\/\" data-internallinksmanager029f6b8e52c=\"138\" title=\"Otrokocsi F\u00f3ris Ferenc\">Otrokocsi<\/a> Foris Ferenc: <em>Fenevad d\u00fch\u00f6ng\u00e9se Magyarorsz\u00e1gon a J\u00e9zus Krisztusr\u00f3l bizonys\u00e1gtev\u0151k ellen s azoknak\u2026 v\u00e1rt szabadul\u00e1sa<\/em>, ford., kiad. Herpay G\u00e1bor, el\u0151sz\u00f3: Csikesz S\u00e1ndor, <a href=\"https:\/\/galyarabok.drk.hu\/gb\/debrecen\/\" data-internallinksmanager029f6b8e52c=\"22\" title=\"Debrecen\">Debrecen<\/a>, Sylvester, 1933 (Az Orsz\u00e1gos Reform\u00e1tus Lelk\u00e9szegyes\u00fclet K\u00f6nyvkiad\u00f3i Alapj\u00e1nak kiadv\u00e1nyai. 3. Magyar reform\u00e1ci\u00f3 k\u00f6nyvt\u00e1ra, 1)<\/li>\n<\/ul>\n","protected":false},"excerpt":{"rendered":"","protected":false},"author":1,"featured_media":0,"parent":0,"menu_order":0,"comment_status":"closed","ping_status":"closed","template":"","meta":{"footnotes":""},"categories":[53],"tags":[],"class_list":["post-1290","page","type-page","status-publish","hentry","category-irasaik"],"translation":{"provider":"WPGlobus","version":"3.0.2","language":"gb","enabled_languages":["hu","gb"],"languages":{"hu":{"title":true,"content":true,"excerpt":false},"gb":{"title":false,"content":false,"excerpt":false}}},"yoast_head":"<!-- This site is optimized with the Yoast SEO plugin v27.2 - https:\/\/yoast.com\/product\/yoast-seo-wordpress\/ -->\n<title>Otrokocsi F\u00f3ris Ferenc: Furor bestiae<\/title>\n<meta name=\"robots\" content=\"index, follow, max-snippet:-1, max-image-preview:large, max-video-preview:-1\" \/>\n<link rel=\"canonical\" href=\"https:\/\/galyarabok.drk.hu\/otrokocsi-foris-ferenc-furor-bestiae\/\" \/>\n<meta property=\"og:locale\" content=\"en_GB\" \/>\n<meta property=\"og:type\" content=\"article\" \/>\n<meta property=\"og:title\" content=\"Otrokocsi F\u00f3ris Ferenc: Furor bestiae\" \/>\n<meta property=\"og:url\" content=\"https:\/\/galyarabok.drk.hu\/otrokocsi-foris-ferenc-furor-bestiae\/\" \/>\n<meta property=\"og:site_name\" content=\"Galley slave memorial road\" \/>\n<meta property=\"article:publisher\" content=\"https:\/\/www.facebook.com\/profile.php?id=61567825314709\" \/>\n<meta property=\"article:modified_time\" content=\"2024-10-24T14:38:24+00:00\" \/>\n<meta property=\"og:image\" content=\"https:\/\/galyarabok.drk.hu\/wp-content\/uploads\/2021\/02\/cropped-galya-kor-arny-vilagos-1.png\" \/>\n\t<meta property=\"og:image:width\" content=\"512\" \/>\n\t<meta property=\"og:image:height\" content=\"512\" \/>\n\t<meta property=\"og:image:type\" content=\"image\/png\" \/>\n<meta name=\"twitter:card\" content=\"summary_large_image\" \/>\n<meta name=\"twitter:label1\" content=\"Est. reading time\" \/>\n\t<meta name=\"twitter:data1\" content=\"1 minute\" \/>\n<script type=\"application\/ld+json\" class=\"yoast-schema-graph\">{\"@context\":\"https:\/\/schema.org\",\"@graph\":[{\"@type\":\"WebPage\",\"@id\":\"https:\/\/galyarabok.drk.hu\/otrokocsi-foris-ferenc-furor-bestiae\/\",\"url\":\"https:\/\/galyarabok.drk.hu\/otrokocsi-foris-ferenc-furor-bestiae\/\",\"name\":\"Otrokocsi F\u00f3ris Ferenc: Furor bestiae\",\"isPartOf\":{\"@id\":\"https:\/\/galyarabok.drk.hu\/#website\"},\"datePublished\":\"2024-10-15T17:04:17+00:00\",\"dateModified\":\"2024-10-24T14:38:24+00:00\",\"breadcrumb\":{\"@id\":\"https:\/\/galyarabok.drk.hu\/otrokocsi-foris-ferenc-furor-bestiae\/#breadcrumb\"},\"inLanguage\":\"en-GB\",\"potentialAction\":[{\"@type\":\"ReadAction\",\"target\":[\"https:\/\/galyarabok.drk.hu\/otrokocsi-foris-ferenc-furor-bestiae\/\"]}]},{\"@type\":\"BreadcrumbList\",\"@id\":\"https:\/\/galyarabok.drk.hu\/otrokocsi-foris-ferenc-furor-bestiae\/#breadcrumb\",\"itemListElement\":[{\"@type\":\"ListItem\",\"position\":1,\"name\":\"Kezd\u0151lap\",\"item\":\"https:\/\/galyarabok.drk.hu\/\"},{\"@type\":\"ListItem\",\"position\":2,\"name\":\"Otrokocsi F\u00f3ris Ferenc: Furor bestiae\"}]},{\"@type\":\"WebSite\",\"@id\":\"https:\/\/galyarabok.drk.hu\/#website\",\"url\":\"https:\/\/galyarabok.drk.hu\/\",\"name\":\"G\u00e1lyarab-eml\u00e9k\u00fat\",\"description\":\"The remembrance of the Hungarian protestant galley slaves. Made and can be visited from the 350th anniversary of the galley slavery (2024)\",\"publisher\":{\"@id\":\"https:\/\/galyarabok.drk.hu\/#organization\"},\"potentialAction\":[{\"@type\":\"SearchAction\",\"target\":{\"@type\":\"EntryPoint\",\"urlTemplate\":\"https:\/\/galyarabok.drk.hu\/?s={search_term_string}\"},\"query-input\":{\"@type\":\"PropertyValueSpecification\",\"valueRequired\":true,\"valueName\":\"search_term_string\"}}],\"inLanguage\":\"en-GB\"},{\"@type\":\"Organization\",\"@id\":\"https:\/\/galyarabok.drk.hu\/#organization\",\"name\":\"G\u00e1lyarab-eml\u00e9k\u00fat\",\"url\":\"https:\/\/galyarabok.drk.hu\/\",\"logo\":{\"@type\":\"ImageObject\",\"inLanguage\":\"en-GB\",\"@id\":\"https:\/\/galyarabok.drk.hu\/#\/schema\/logo\/image\/\",\"url\":\"https:\/\/galyarabok.drk.hu\/wp-content\/uploads\/2021\/02\/cropped-galya-kor-arny-vilagos.png\",\"contentUrl\":\"https:\/\/galyarabok.drk.hu\/wp-content\/uploads\/2021\/02\/cropped-galya-kor-arny-vilagos.png\",\"width\":102,\"height\":100,\"caption\":\"G\u00e1lyarab-eml\u00e9k\u00fat\"},\"image\":{\"@id\":\"https:\/\/galyarabok.drk.hu\/#\/schema\/logo\/image\/\"},\"sameAs\":[\"https:\/\/www.facebook.com\/profile.php?id=61567825314709\"]}]}<\/script>\n<!-- \/ Yoast SEO plugin. -->","yoast_head_json":{"title":"Otrokocsi F\u00f3ris Ferenc: Furor bestiae","robots":{"index":"index","follow":"follow","max-snippet":"max-snippet:-1","max-image-preview":"max-image-preview:large","max-video-preview":"max-video-preview:-1"},"canonical":"https:\/\/galyarabok.drk.hu\/otrokocsi-foris-ferenc-furor-bestiae\/","og_locale":"en_GB","og_type":"article","og_title":"Otrokocsi F\u00f3ris Ferenc: Furor bestiae","og_url":"https:\/\/galyarabok.drk.hu\/otrokocsi-foris-ferenc-furor-bestiae\/","og_site_name":"Galley slave memorial road","article_publisher":"https:\/\/www.facebook.com\/profile.php?id=61567825314709","article_modified_time":"2024-10-24T14:38:24+00:00","og_image":[{"width":512,"height":512,"url":"https:\/\/galyarabok.drk.hu\/wp-content\/uploads\/2021\/02\/cropped-galya-kor-arny-vilagos-1.png","type":"image\/png"}],"twitter_card":"summary_large_image","twitter_misc":{"Est. reading time":"1 minute"},"schema":{"@context":"https:\/\/schema.org","@graph":[{"@type":"WebPage","@id":"https:\/\/galyarabok.drk.hu\/otrokocsi-foris-ferenc-furor-bestiae\/","url":"https:\/\/galyarabok.drk.hu\/otrokocsi-foris-ferenc-furor-bestiae\/","name":"Otrokocsi F\u00f3ris Ferenc: Furor bestiae","isPartOf":{"@id":"https:\/\/galyarabok.drk.hu\/#website"},"datePublished":"2024-10-15T17:04:17+00:00","dateModified":"2024-10-24T14:38:24+00:00","breadcrumb":{"@id":"https:\/\/galyarabok.drk.hu\/otrokocsi-foris-ferenc-furor-bestiae\/#breadcrumb"},"inLanguage":"en-GB","potentialAction":[{"@type":"ReadAction","target":["https:\/\/galyarabok.drk.hu\/otrokocsi-foris-ferenc-furor-bestiae\/"]}]},{"@type":"BreadcrumbList","@id":"https:\/\/galyarabok.drk.hu\/otrokocsi-foris-ferenc-furor-bestiae\/#breadcrumb","itemListElement":[{"@type":"ListItem","position":1,"name":"Kezd\u0151lap","item":"https:\/\/galyarabok.drk.hu\/"},{"@type":"ListItem","position":2,"name":"Otrokocsi F\u00f3ris Ferenc: Furor bestiae"}]},{"@type":"WebSite","@id":"https:\/\/galyarabok.drk.hu\/#website","url":"https:\/\/galyarabok.drk.hu\/","name":"G\u00e1lyarab-eml\u00e9k\u00fat","description":"The remembrance of the Hungarian protestant galley slaves. Made and can be visited from the 350th anniversary of the galley slavery (2024)","publisher":{"@id":"https:\/\/galyarabok.drk.hu\/#organization"},"potentialAction":[{"@type":"SearchAction","target":{"@type":"EntryPoint","urlTemplate":"https:\/\/galyarabok.drk.hu\/?s={search_term_string}"},"query-input":{"@type":"PropertyValueSpecification","valueRequired":true,"valueName":"search_term_string"}}],"inLanguage":"en-GB"},{"@type":"Organization","@id":"https:\/\/galyarabok.drk.hu\/#organization","name":"G\u00e1lyarab-eml\u00e9k\u00fat","url":"https:\/\/galyarabok.drk.hu\/","logo":{"@type":"ImageObject","inLanguage":"en-GB","@id":"https:\/\/galyarabok.drk.hu\/#\/schema\/logo\/image\/","url":"https:\/\/galyarabok.drk.hu\/wp-content\/uploads\/2021\/02\/cropped-galya-kor-arny-vilagos.png","contentUrl":"https:\/\/galyarabok.drk.hu\/wp-content\/uploads\/2021\/02\/cropped-galya-kor-arny-vilagos.png","width":102,"height":100,"caption":"G\u00e1lyarab-eml\u00e9k\u00fat"},"image":{"@id":"https:\/\/galyarabok.drk.hu\/#\/schema\/logo\/image\/"},"sameAs":["https:\/\/www.facebook.com\/profile.php?id=61567825314709"]}]}},"_links":{"self":[{"href":"https:\/\/galyarabok.drk.hu\/gb\/wp-json\/wp\/v2\/pages\/1290","targetHints":{"allow":["GET"]}}],"collection":[{"href":"https:\/\/galyarabok.drk.hu\/gb\/wp-json\/wp\/v2\/pages"}],"about":[{"href":"https:\/\/galyarabok.drk.hu\/gb\/wp-json\/wp\/v2\/types\/page"}],"author":[{"embeddable":true,"href":"https:\/\/galyarabok.drk.hu\/gb\/wp-json\/wp\/v2\/users\/1"}],"replies":[{"embeddable":true,"href":"https:\/\/galyarabok.drk.hu\/gb\/wp-json\/wp\/v2\/comments?post=1290"}],"version-history":[{"count":3,"href":"https:\/\/galyarabok.drk.hu\/gb\/wp-json\/wp\/v2\/pages\/1290\/revisions"}],"predecessor-version":[{"id":1514,"href":"https:\/\/galyarabok.drk.hu\/gb\/wp-json\/wp\/v2\/pages\/1290\/revisions\/1514"}],"wp:attachment":[{"href":"https:\/\/galyarabok.drk.hu\/gb\/wp-json\/wp\/v2\/media?parent=1290"}],"wp:term":[{"taxonomy":"category","embeddable":true,"href":"https:\/\/galyarabok.drk.hu\/gb\/wp-json\/wp\/v2\/categories?post=1290"},{"taxonomy":"post_tag","embeddable":true,"href":"https:\/\/galyarabok.drk.hu\/gb\/wp-json\/wp\/v2\/tags?post=1290"}],"curies":[{"name":"wp","href":"https:\/\/api.w.org\/{rel}","templated":true}]}}