{"id":1275,"date":"2024-10-12T11:55:00","date_gmt":"2024-10-12T11:55:00","guid":{"rendered":"https:\/\/galyarabok.drk.hu\/?page_id=1275"},"modified":"2024-10-24T20:03:09","modified_gmt":"2024-10-24T20:03:09","slug":"rethy-agnes","status":"publish","type":"page","link":"https:\/\/galyarabok.drk.hu\/gb\/rethy-agnes\/","title":{"rendered":"R\u00e9thy \u00c1gnes"},"content":{"rendered":"\n<p>K\u00fcl\u00f6nleges alkalom volt, amikor R\u00e9thy \u00c1gnes \u00e9s Ruyter admir\u00e1lis ut\u00f3da, Frits de Ruyter de Wildt 2016-ban Budapesten tal\u00e1lkozhattak. <a href=\"https:\/\/www.parokia.hu\/v\/a-talalkozas\/\">https:\/\/www.parokia.hu\/v\/a-talalkozas\/<\/a>; <a href=\"https:\/\/tirek.hu\/hirek\/altalanos\/mint-liliom-a-tovisek-kozt\/\">https:\/\/tirek.hu\/hirek\/altalanos\/mint-liliom-a-tovisek-kozt\/<\/a><\/p>\n\n\n\n<blockquote class=\"wp-block-quote is-layout-flow wp-block-quote-is-layout-flow\">\n<ul class=\"wp-block-list\">\n<li>Hihetetlen \u00e9rz\u00e9s volt szem\u00e9lyesen tal\u00e1lkozni valakivel, akinek az \u0151s\u00f6m az \u00e9let\u00e9t k\u00f6sz\u00f6nheti. Ha nem lett volna az admir\u00e1lis, \u00e9n sem \u00e1llhatn\u00e9k most itt. Gyerekkorom \u00f3ta j\u00f3l ismerem Michiel de Ruyter admir\u00e1lis \u00e9s a magyar lelk\u00e9szek t\u00f6rt\u00e9net\u00e9t, \u00e9s most, napra pontosan 340 \u00e9vvel azut\u00e1n, hogy felszabad\u00edtotta a g\u00e1lyarabs\u00e1gra \u00edt\u00e9lt lelk\u00e9szeket, itt \u00e1llunk az admir\u00e1lis csal\u00e1dj\u00e1nak egyik k\u00e9pvisel\u0151j\u00e9vel. Olyan ez, mintha visszautazn\u00e1nk az id\u0151ben, \u00e9s egy kicsit mi is a t\u00f6rt\u00e9nelem r\u00e9sz\u00e9v\u00e9 v\u00e1ln\u00e1nk.<\/li>\n\n\n\n<li>A mai vil\u00e1gban k\u00fcl\u00f6n\u00f6sen fontos, hogy tov\u00e1bbadjuk a csal\u00e1di, szellemi \u00f6r\u00f6ks\u00e9get, eml\u00e9keket. Csal\u00e1dunk t\u00f6rt\u00e9nete egy pici morzs\u00e1ja a t\u00f6rt\u00e9nelemnek, de \u00fagy hiszem, b\u00e1rhogyan v\u00e1ltozik is a t\u00e1rsadalom, mindig kell valamilyen folytonoss\u00e1gnak lennie.<\/li>\n<\/ul>\n<\/blockquote>\n\n\n\n<figure class=\"wp-block-image size-large\"><img loading=\"lazy\" decoding=\"async\" width=\"1024\" height=\"718\" src=\"https:\/\/galyarabok.drk.hu\/wp-content\/uploads\/2024\/10\/08_02-HALAS-UTODOK-RETHY-A-ES-RUYTER-UTODA-1024x718.jpg\" alt=\"\" class=\"wp-image-1529\" srcset=\"https:\/\/galyarabok.drk.hu\/wp-content\/uploads\/2024\/10\/08_02-HALAS-UTODOK-RETHY-A-ES-RUYTER-UTODA-1024x718.jpg 1024w, https:\/\/galyarabok.drk.hu\/wp-content\/uploads\/2024\/10\/08_02-HALAS-UTODOK-RETHY-A-ES-RUYTER-UTODA-300x210.jpg 300w, https:\/\/galyarabok.drk.hu\/wp-content\/uploads\/2024\/10\/08_02-HALAS-UTODOK-RETHY-A-ES-RUYTER-UTODA-768x538.jpg 768w, https:\/\/galyarabok.drk.hu\/wp-content\/uploads\/2024\/10\/08_02-HALAS-UTODOK-RETHY-A-ES-RUYTER-UTODA-1141x800.jpg 1141w, https:\/\/galyarabok.drk.hu\/wp-content\/uploads\/2024\/10\/08_02-HALAS-UTODOK-RETHY-A-ES-RUYTER-UTODA.jpg 1335w\" sizes=\"auto, (max-width: 1024px) 100vw, 1024px\" \/><\/figure>\n","protected":false},"excerpt":{"rendered":"<p>K\u00fcl\u00f6nleges alkalom volt, amikor R\u00e9thy \u00c1gnes \u00e9s Ruyter admir\u00e1lis ut\u00f3da, Frits de Ruyter de Wildt 2016-ban Budapesten tal\u00e1lkozhattak. https:\/\/www.parokia.hu\/v\/a-talalkozas\/; https:\/\/tirek.hu\/hirek\/altalanos\/mint-liliom-a-tovisek-kozt\/<\/p>\n","protected":false},"author":1,"featured_media":1529,"parent":0,"menu_order":0,"comment_status":"closed","ping_status":"closed","template":"","meta":{"footnotes":""},"categories":[40],"tags":[],"class_list":["post-1275","page","type-page","status-publish","has-post-thumbnail","hentry","category-halas-utodok"],"translation":{"provider":"WPGlobus","version":"3.0.2","language":"gb","enabled_languages":["hu","gb"],"languages":{"hu":{"title":true,"content":true,"excerpt":false},"gb":{"title":false,"content":false,"excerpt":false}}},"yoast_head":"<!-- This site is optimized with the Yoast SEO plugin v27.2 - https:\/\/yoast.com\/product\/yoast-seo-wordpress\/ -->\n<title>R\u00e9thy \u00c1gnes<\/title>\n<meta name=\"robots\" content=\"index, follow, max-snippet:-1, max-image-preview:large, max-video-preview:-1\" \/>\n<link rel=\"canonical\" href=\"https:\/\/galyarabok.drk.hu\/rethy-agnes\/\" \/>\n<meta property=\"og:locale\" content=\"en_GB\" \/>\n<meta property=\"og:type\" content=\"article\" \/>\n<meta property=\"og:title\" content=\"R\u00e9thy \u00c1gnes\" \/>\n<meta property=\"og:url\" content=\"https:\/\/galyarabok.drk.hu\/rethy-agnes\/\" \/>\n<meta property=\"og:site_name\" content=\"Galley slave memorial road\" \/>\n<meta property=\"article:publisher\" content=\"https:\/\/www.facebook.com\/profile.php?id=61567825314709\" \/>\n<meta property=\"article:modified_time\" content=\"2024-10-24T20:03:09+00:00\" \/>\n<meta property=\"og:image\" content=\"https:\/\/galyarabok.drk.hu\/wp-content\/uploads\/2024\/10\/08_02-HALAS-UTODOK-RETHY-A-ES-RUYTER-UTODA.jpg\" \/>\n\t<meta property=\"og:image:width\" content=\"1335\" \/>\n\t<meta property=\"og:image:height\" content=\"936\" \/>\n\t<meta property=\"og:image:type\" content=\"image\/jpeg\" \/>\n<meta name=\"twitter:card\" content=\"summary_large_image\" \/>\n<meta name=\"twitter:label1\" content=\"Est. reading time\" \/>\n\t<meta name=\"twitter:data1\" content=\"1 minute\" \/>\n<script type=\"application\/ld+json\" class=\"yoast-schema-graph\">{\"@context\":\"https:\/\/schema.org\",\"@graph\":[{\"@type\":\"WebPage\",\"@id\":\"https:\/\/galyarabok.drk.hu\/rethy-agnes\/\",\"url\":\"https:\/\/galyarabok.drk.hu\/rethy-agnes\/\",\"name\":\"R\u00e9thy \u00c1gnes\",\"isPartOf\":{\"@id\":\"https:\/\/galyarabok.drk.hu\/#website\"},\"primaryImageOfPage\":{\"@id\":\"https:\/\/galyarabok.drk.hu\/rethy-agnes\/#primaryimage\"},\"image\":{\"@id\":\"https:\/\/galyarabok.drk.hu\/rethy-agnes\/#primaryimage\"},\"thumbnailUrl\":\"https:\/\/galyarabok.drk.hu\/wp-content\/uploads\/2024\/10\/08_02-HALAS-UTODOK-RETHY-A-ES-RUYTER-UTODA.jpg\",\"datePublished\":\"2024-10-12T11:55:00+00:00\",\"dateModified\":\"2024-10-24T20:03:09+00:00\",\"breadcrumb\":{\"@id\":\"https:\/\/galyarabok.drk.hu\/rethy-agnes\/#breadcrumb\"},\"inLanguage\":\"en-GB\",\"potentialAction\":[{\"@type\":\"ReadAction\",\"target\":[\"https:\/\/galyarabok.drk.hu\/rethy-agnes\/\"]}]},{\"@type\":\"ImageObject\",\"inLanguage\":\"en-GB\",\"@id\":\"https:\/\/galyarabok.drk.hu\/rethy-agnes\/#primaryimage\",\"url\":\"https:\/\/galyarabok.drk.hu\/wp-content\/uploads\/2024\/10\/08_02-HALAS-UTODOK-RETHY-A-ES-RUYTER-UTODA.jpg\",\"contentUrl\":\"https:\/\/galyarabok.drk.hu\/wp-content\/uploads\/2024\/10\/08_02-HALAS-UTODOK-RETHY-A-ES-RUYTER-UTODA.jpg\",\"width\":1335,\"height\":936},{\"@type\":\"BreadcrumbList\",\"@id\":\"https:\/\/galyarabok.drk.hu\/rethy-agnes\/#breadcrumb\",\"itemListElement\":[{\"@type\":\"ListItem\",\"position\":1,\"name\":\"Kezd\u0151lap\",\"item\":\"https:\/\/galyarabok.drk.hu\/\"},{\"@type\":\"ListItem\",\"position\":2,\"name\":\"R\u00e9thy \u00c1gnes\"}]},{\"@type\":\"WebSite\",\"@id\":\"https:\/\/galyarabok.drk.hu\/#website\",\"url\":\"https:\/\/galyarabok.drk.hu\/\",\"name\":\"G\u00e1lyarab-eml\u00e9k\u00fat\",\"description\":\"The remembrance of the Hungarian protestant galley slaves. Made and can be visited from the 350th anniversary of the galley slavery (2024)\",\"publisher\":{\"@id\":\"https:\/\/galyarabok.drk.hu\/#organization\"},\"potentialAction\":[{\"@type\":\"SearchAction\",\"target\":{\"@type\":\"EntryPoint\",\"urlTemplate\":\"https:\/\/galyarabok.drk.hu\/?s={search_term_string}\"},\"query-input\":{\"@type\":\"PropertyValueSpecification\",\"valueRequired\":true,\"valueName\":\"search_term_string\"}}],\"inLanguage\":\"en-GB\"},{\"@type\":\"Organization\",\"@id\":\"https:\/\/galyarabok.drk.hu\/#organization\",\"name\":\"G\u00e1lyarab-eml\u00e9k\u00fat\",\"url\":\"https:\/\/galyarabok.drk.hu\/\",\"logo\":{\"@type\":\"ImageObject\",\"inLanguage\":\"en-GB\",\"@id\":\"https:\/\/galyarabok.drk.hu\/#\/schema\/logo\/image\/\",\"url\":\"https:\/\/galyarabok.drk.hu\/wp-content\/uploads\/2021\/02\/cropped-galya-kor-arny-vilagos.png\",\"contentUrl\":\"https:\/\/galyarabok.drk.hu\/wp-content\/uploads\/2021\/02\/cropped-galya-kor-arny-vilagos.png\",\"width\":102,\"height\":100,\"caption\":\"G\u00e1lyarab-eml\u00e9k\u00fat\"},\"image\":{\"@id\":\"https:\/\/galyarabok.drk.hu\/#\/schema\/logo\/image\/\"},\"sameAs\":[\"https:\/\/www.facebook.com\/profile.php?id=61567825314709\"]}]}<\/script>\n<!-- \/ Yoast SEO plugin. -->","yoast_head_json":{"title":"R\u00e9thy \u00c1gnes","robots":{"index":"index","follow":"follow","max-snippet":"max-snippet:-1","max-image-preview":"max-image-preview:large","max-video-preview":"max-video-preview:-1"},"canonical":"https:\/\/galyarabok.drk.hu\/rethy-agnes\/","og_locale":"en_GB","og_type":"article","og_title":"R\u00e9thy \u00c1gnes","og_url":"https:\/\/galyarabok.drk.hu\/rethy-agnes\/","og_site_name":"Galley slave memorial road","article_publisher":"https:\/\/www.facebook.com\/profile.php?id=61567825314709","article_modified_time":"2024-10-24T20:03:09+00:00","og_image":[{"width":1335,"height":936,"url":"https:\/\/galyarabok.drk.hu\/wp-content\/uploads\/2024\/10\/08_02-HALAS-UTODOK-RETHY-A-ES-RUYTER-UTODA.jpg","type":"image\/jpeg"}],"twitter_card":"summary_large_image","twitter_misc":{"Est. reading time":"1 minute"},"schema":{"@context":"https:\/\/schema.org","@graph":[{"@type":"WebPage","@id":"https:\/\/galyarabok.drk.hu\/rethy-agnes\/","url":"https:\/\/galyarabok.drk.hu\/rethy-agnes\/","name":"R\u00e9thy \u00c1gnes","isPartOf":{"@id":"https:\/\/galyarabok.drk.hu\/#website"},"primaryImageOfPage":{"@id":"https:\/\/galyarabok.drk.hu\/rethy-agnes\/#primaryimage"},"image":{"@id":"https:\/\/galyarabok.drk.hu\/rethy-agnes\/#primaryimage"},"thumbnailUrl":"https:\/\/galyarabok.drk.hu\/wp-content\/uploads\/2024\/10\/08_02-HALAS-UTODOK-RETHY-A-ES-RUYTER-UTODA.jpg","datePublished":"2024-10-12T11:55:00+00:00","dateModified":"2024-10-24T20:03:09+00:00","breadcrumb":{"@id":"https:\/\/galyarabok.drk.hu\/rethy-agnes\/#breadcrumb"},"inLanguage":"en-GB","potentialAction":[{"@type":"ReadAction","target":["https:\/\/galyarabok.drk.hu\/rethy-agnes\/"]}]},{"@type":"ImageObject","inLanguage":"en-GB","@id":"https:\/\/galyarabok.drk.hu\/rethy-agnes\/#primaryimage","url":"https:\/\/galyarabok.drk.hu\/wp-content\/uploads\/2024\/10\/08_02-HALAS-UTODOK-RETHY-A-ES-RUYTER-UTODA.jpg","contentUrl":"https:\/\/galyarabok.drk.hu\/wp-content\/uploads\/2024\/10\/08_02-HALAS-UTODOK-RETHY-A-ES-RUYTER-UTODA.jpg","width":1335,"height":936},{"@type":"BreadcrumbList","@id":"https:\/\/galyarabok.drk.hu\/rethy-agnes\/#breadcrumb","itemListElement":[{"@type":"ListItem","position":1,"name":"Kezd\u0151lap","item":"https:\/\/galyarabok.drk.hu\/"},{"@type":"ListItem","position":2,"name":"R\u00e9thy \u00c1gnes"}]},{"@type":"WebSite","@id":"https:\/\/galyarabok.drk.hu\/#website","url":"https:\/\/galyarabok.drk.hu\/","name":"G\u00e1lyarab-eml\u00e9k\u00fat","description":"The remembrance of the Hungarian protestant galley slaves. Made and can be visited from the 350th anniversary of the galley slavery (2024)","publisher":{"@id":"https:\/\/galyarabok.drk.hu\/#organization"},"potentialAction":[{"@type":"SearchAction","target":{"@type":"EntryPoint","urlTemplate":"https:\/\/galyarabok.drk.hu\/?s={search_term_string}"},"query-input":{"@type":"PropertyValueSpecification","valueRequired":true,"valueName":"search_term_string"}}],"inLanguage":"en-GB"},{"@type":"Organization","@id":"https:\/\/galyarabok.drk.hu\/#organization","name":"G\u00e1lyarab-eml\u00e9k\u00fat","url":"https:\/\/galyarabok.drk.hu\/","logo":{"@type":"ImageObject","inLanguage":"en-GB","@id":"https:\/\/galyarabok.drk.hu\/#\/schema\/logo\/image\/","url":"https:\/\/galyarabok.drk.hu\/wp-content\/uploads\/2021\/02\/cropped-galya-kor-arny-vilagos.png","contentUrl":"https:\/\/galyarabok.drk.hu\/wp-content\/uploads\/2021\/02\/cropped-galya-kor-arny-vilagos.png","width":102,"height":100,"caption":"G\u00e1lyarab-eml\u00e9k\u00fat"},"image":{"@id":"https:\/\/galyarabok.drk.hu\/#\/schema\/logo\/image\/"},"sameAs":["https:\/\/www.facebook.com\/profile.php?id=61567825314709"]}]}},"_links":{"self":[{"href":"https:\/\/galyarabok.drk.hu\/gb\/wp-json\/wp\/v2\/pages\/1275","targetHints":{"allow":["GET"]}}],"collection":[{"href":"https:\/\/galyarabok.drk.hu\/gb\/wp-json\/wp\/v2\/pages"}],"about":[{"href":"https:\/\/galyarabok.drk.hu\/gb\/wp-json\/wp\/v2\/types\/page"}],"author":[{"embeddable":true,"href":"https:\/\/galyarabok.drk.hu\/gb\/wp-json\/wp\/v2\/users\/1"}],"replies":[{"embeddable":true,"href":"https:\/\/galyarabok.drk.hu\/gb\/wp-json\/wp\/v2\/comments?post=1275"}],"version-history":[{"count":2,"href":"https:\/\/galyarabok.drk.hu\/gb\/wp-json\/wp\/v2\/pages\/1275\/revisions"}],"predecessor-version":[{"id":1531,"href":"https:\/\/galyarabok.drk.hu\/gb\/wp-json\/wp\/v2\/pages\/1275\/revisions\/1531"}],"wp:featuredmedia":[{"embeddable":true,"href":"https:\/\/galyarabok.drk.hu\/gb\/wp-json\/wp\/v2\/media\/1529"}],"wp:attachment":[{"href":"https:\/\/galyarabok.drk.hu\/gb\/wp-json\/wp\/v2\/media?parent=1275"}],"wp:term":[{"taxonomy":"category","embeddable":true,"href":"https:\/\/galyarabok.drk.hu\/gb\/wp-json\/wp\/v2\/categories?post=1275"},{"taxonomy":"post_tag","embeddable":true,"href":"https:\/\/galyarabok.drk.hu\/gb\/wp-json\/wp\/v2\/tags?post=1275"}],"curies":[{"name":"wp","href":"https:\/\/api.w.org\/{rel}","templated":true}]}}