{"id":1273,"date":"2024-10-12T11:56:00","date_gmt":"2024-10-12T11:56:00","guid":{"rendered":"https:\/\/galyarabok.drk.hu\/?page_id=1273"},"modified":"2024-10-24T20:03:56","modified_gmt":"2024-10-24T20:03:56","slug":"szabo-magda","status":"publish","type":"page","link":"https:\/\/galyarabok.drk.hu\/gb\/szabo-magda\/","title":{"rendered":"dr. Szab\u00f3 Magda"},"content":{"rendered":"\n<figure style=\"margin-right: 40px;width: 242px;float: left;\" class=\"wp-block-image size-full\"><a href=\"https:\/\/galyarabok.drk.hu\/wp-content\/uploads\/2024\/10\/Jablonczay_1847-edited.jpg\"><img loading=\"lazy\" decoding=\"async\" width=\"648\" height=\"802\" src=\"https:\/\/galyarabok.drk.hu\/wp-content\/uploads\/2024\/10\/Jablonczay_1847-edited.jpg\" style=\"width:242px\" alt=\"\" class=\"wp-image-1364\" srcset=\"https:\/\/galyarabok.drk.hu\/wp-content\/uploads\/2024\/10\/Jablonczay_1847-edited.jpg 648w, https:\/\/galyarabok.drk.hu\/wp-content\/uploads\/2024\/10\/Jablonczay_1847-edited-242x300.jpg 242w, https:\/\/galyarabok.drk.hu\/wp-content\/uploads\/2024\/10\/Jablonczay_1847-edited-646x800.jpg 646w\" sizes=\"auto, (max-width: 648px) 100vw, 648px\" \/><\/a><figcaption class=\"wp-element-caption\">Kiss B\u00e1lint: <a href=\"https:\/\/galyarabok.drk.hu\/gb\/jablonczai-pethes-janos\/\" data-internallinksmanager029f6b8e52c=\"45\" title=\"Jablonczai Pethes J\u00e1nos\">Jablonczai<\/a> Pethes J\u00e1nos le\u00e1ny\u00e1t\u00f3l b\u00facs\u00fazik a leopoldv\u00e1ri t\u00f6ml\u00f6c ablak\u00e1n\u00e1l 1674-ben (1847) c. festm\u00e9nye<\/figcaption><\/figure>\n\n<p>R\u00e9szletek Szab\u00f3 Magda: <em>\u00d3k\u00fat<\/em> (1970) c\u00edm\u0171 m\u0171v\u00e9b\u0151l<br><a href=\"https:\/\/konyvtar.dia.hu\/html\/muvek\/SZABO\/szabo00003_kv.html\">https:\/\/konyvtar.dia.hu\/html\/muvek\/SZABO\/szabo00003_kv.html<\/a><\/p>\n\n\n\n<blockquote class=\"wp-block-quote is-layout-flow wp-block-quote-is-layout-flow\">\n<ul class=\"wp-block-list\">\n<li>\u201eAz Eml\u00e9kkertben gyakran megpihent\u00fcnk, a buzog\u00e1nyos Bocskai fejedelem, a g\u00e1lyarabok oszlopa \u00e9s egy titokzatos kors\u00f3s eml\u00e9km\u0171 k\u00f6z\u00f6tti ter\u00fcleten bolyongtam, egyik k\u00fcl\u00f6n\u00f6ss\u00e9gt\u0151l a m\u00e1sikig. A bronzfejedelem f\u00f6ldig \u00e9r\u0151 ruh\u00e1j\u00e1n, nagyszer\u0171 buzog\u00e1ny\u00e1n \u00e9pp\u00fagy elt\u0171n\u0151dtem, mint a vasg\u00e1ly\u00e1n a g\u00e1lyarabok oszlop\u00e1n, amely \u0151s\u00f6m nev\u00e9t is meg\u00f6r\u00f6k\u00edtette.\u201d;<\/li>\n\n\n\n<li>\u201eA Jablonczayak, akikt\u0151l sz\u00e1rmazott (any\u00e1m), reform\u00e1tusok voltak a reform\u00e1ci\u00f3 kezdete \u00f3ta, s g\u00e1lyarab-m\u00e1rt\u00edrt is adtak a magyar protestantizmusnak\u201d;<\/li>\n\n\n\n<li>\u201evolt valamikor egy olyan pap \u0151s\u00f6m, akit semmi fenyeget\u00e9ssel nem lehetett r\u00e1venni arra, hogy m\u00e1st higgyen, mint aminek az igazs\u00e1g\u00e1r\u00f3l meg volt gy\u0151z\u0151dve, \u00e9s annak \u00e9rdek\u00e9ben, hogy meg\u0151rizhesse a meggy\u0151z\u0151d\u00e9s\u00e9t, v\u00e1llalta, hogy mint egy k\u00f6z\u00f6ns\u00e9ges b\u0171n\u00f6z\u0151t, elhurcolj\u00e1k az otthon\u00e1b\u00f3l, elszak\u00edts\u00e1k a csal\u00e1dj\u00e1t\u00f3l, l\u00e1ncot verjenek a bok\u00e1j\u00e1ra, s azt\u00e1n \u00e9vekig ott himb\u00e1l\u00f3dzott nyomorult, tengert addig sose l\u00e1tott teste az \u00f3ce\u00e1non, \u00fct\u00f6tt\u00e9k, vert\u00e9k, k\u00ednozt\u00e1k, \u0151 meg evezett odal\u00e1ncolva a g\u00e1lyapadra, \u00e9s zsolt\u00e1rokat \u00e9nekelt, \u00e9s bizony\u00e1ra ott halt volna meg, ha ki nem v\u00e1ltja v\u00e1lts\u00e1gd\u00edjjal valami holland admir\u00e1lis\u201d;<br><br><\/li>\n\n\n\n<li>\u201eNem kellett sok id\u0151, hogy meg\u00e9rezzem, hogy \u0151 volt a legszabadabb rokonom, ez a szigor\u00fa pr\u00e9dik\u00e1tor, akinek csak azt kellett volna mondania, hogy nem hiszi m\u00e1r, amiben hitt, \u00e9s megmaradhat az otthon\u00e1ban, a szerettei k\u00f6z\u00f6tt, m\u00e9g <a href=\"https:\/\/galyarabok.drk.hu\/gb\/baj\/\" data-internallinksmanager029f6b8e52c=\"4\" title=\"Baj\">baj<\/a> sem \u00e9ri, csak \u00e9ppen nem mondta, mert tiszt\u00e1ban volt vele, hogy nincs az a tengerz\u00fag\u00e1s, ami leb\u00edrhatja az ember belsej\u00e9ben sz\u00f3l\u00f3 hangot, \u00e9s mit sz\u00e1m\u00edt deport\u00e1l\u00e1s \u00e9s fogs\u00e1g \u00e9s bilincs \u00e9s elveszett otthon vagy csal\u00e1d, vagy ak\u00e1r az elvesztett \u00e9let is, mind l\u00e9nyegesen egyszer\u0171bben elfogadhat\u00f3, mint amikor az ember megtagadja \u00e9s elveszti \u00f6nmag\u00e1t.\u201d<\/li>\n\n\n\n<li>\u201eAhogy bel\u00e9ptem, r\u00e1esett pillant\u00e1som a csal\u00e1di festm\u00e9nyek k\u00f6z\u00f6tt arra a k\u00e9pre, amit\u0151l mindig olyan szomor\u00fa lettem, amir\u0151l ahogy lehetett, elford\u00edtottam a pillant\u00e1somat addig a napig. \u00c1lltam az ajt\u00f3ban, szemben a festm\u00e9nnyel, \u00e9s telegy\u0171lt a szemem k\u00f6nnyel, mert vil\u00e1gos volt, hogy az arc, amely a r\u00e1cson \u00e1t kin\u00e9z, \u0151s\u00f6met \u00e1br\u00e1zolja, s a l\u00e1ny, aki arc\u00e1t kend\u0151vel fedi, az \u0151 l\u00e1nya, aki most b\u00facs\u00fazik az apj\u00e1t\u00f3l, mert az\u00e9rt m\u00e1r j\u00f6nnek is szeg\u00e9ny\u00e9rt, r\u00e1verik a l\u00e1ncot, viszik ki az orsz\u00e1gb\u00f3l, \u00e9s azt\u00e1n evez-evez, hajnalt\u00f3l napestig.<\/li>\n\n\n\n<li>M\u00e9rt mondt\u00e1k, hogy nem tudj\u00e1k, milyen volt, hogy nem maradt r\u00f3la k\u00e9p? Hiszen itt van, csak a nagy-nagyn\u00e9ni \u0151rzi, persze valami joga van hozz\u00e1, \u0151 is Jablonczay l\u00e1ny, nagyap\u00e1m testv\u00e9re, lehet, hogy nem mondt\u00e1k meg any\u00e1mnak, az\u00e9rt nem tud r\u00f3la?<\/li>\n\n\n\n<li>Lelkendezve k\u00f6z\u00f6ltem a sz\u00fcleimmel, hogy megvan az \u0151s, n\u00e9zz\u00e9k csak meg, ott l\u00f3g a nagy-nagyn\u00e9ni szalonj\u00e1ban, ap\u00e1m azt felelte, a festm\u00e9ny sokkal k\u00e9s\u0151bbi, a szabads\u00e1gharc ut\u00e1n k\u00e9sz\u00fclt, val\u00f3ban olyan n\u00e9ven ismeretes, hogy <em>A g\u00e1lyarab b\u00facs\u00faja<\/em>, de semmi k\u00f6ze nincs nemhogy a mi \u0151s\u00fcnkh\u00f6z, a g\u00e1lyarabokhoz sem:<\/li>\n\n\n\n<li>ez a k\u00e9p jelk\u00e9pezte az \u00fcres otthonokban \u2013 ahonnan az osztr\u00e1kok b\u00f6rt\u00f6nbe hurcolt\u00e1k a szabads\u00e1gharc buk\u00e1sa ut\u00e1n az ap\u00e1t vagy fi\u00fat \u2013 azt a csal\u00e1dtagot, akit beb\u00f6rt\u00f6n\u00f6ztek. Sok p\u00e9ld\u00e1ny van bel\u0151le, divatos festm\u00e9ny volt valamikor.\u201d<\/li>\n<\/ul>\n<\/blockquote>\n","protected":false},"excerpt":{"rendered":"<p>Kiss B\u00e1lint: Jablonczai Pethes J\u00e1nos le\u00e1ny\u00e1t\u00f3l b\u00facs\u00fazik a leopoldv\u00e1ri t\u00f6ml\u00f6c ablak\u00e1n\u00e1l 1674-ben (1847) c. festm\u00e9nye R\u00e9szletek Szab\u00f3 Magda: \u00d3k\u00fat (1970) [&hellip;]<\/p>\n","protected":false},"author":1,"featured_media":1364,"parent":0,"menu_order":0,"comment_status":"closed","ping_status":"closed","template":"","meta":{"footnotes":""},"categories":[40],"tags":[],"class_list":["post-1273","page","type-page","status-publish","has-post-thumbnail","hentry","category-halas-utodok"],"translation":{"provider":"WPGlobus","version":"3.0.2","language":"gb","enabled_languages":["hu","gb"],"languages":{"hu":{"title":true,"content":true,"excerpt":false},"gb":{"title":false,"content":false,"excerpt":false}}},"yoast_head":"<!-- This site is optimized with the Yoast SEO plugin v27.2 - https:\/\/yoast.com\/product\/yoast-seo-wordpress\/ -->\n<title>dr. Szab\u00f3 Magda<\/title>\n<meta name=\"robots\" content=\"index, follow, max-snippet:-1, max-image-preview:large, max-video-preview:-1\" \/>\n<link rel=\"canonical\" href=\"https:\/\/galyarabok.drk.hu\/szabo-magda\/\" \/>\n<meta property=\"og:locale\" content=\"en_GB\" \/>\n<meta property=\"og:type\" content=\"article\" \/>\n<meta property=\"og:title\" content=\"dr. Szab\u00f3 Magda\" \/>\n<meta property=\"og:url\" content=\"https:\/\/galyarabok.drk.hu\/szabo-magda\/\" \/>\n<meta property=\"og:site_name\" content=\"Galley slave memorial road\" \/>\n<meta property=\"article:publisher\" content=\"https:\/\/www.facebook.com\/profile.php?id=61567825314709\" \/>\n<meta property=\"article:modified_time\" content=\"2024-10-24T20:03:56+00:00\" \/>\n<meta property=\"og:image\" content=\"https:\/\/galyarabok.drk.hu\/wp-content\/uploads\/2024\/10\/Jablonczay_1847-edited.jpg\" \/>\n\t<meta property=\"og:image:width\" content=\"648\" \/>\n\t<meta property=\"og:image:height\" content=\"802\" \/>\n\t<meta property=\"og:image:type\" content=\"image\/jpeg\" \/>\n<meta name=\"twitter:card\" content=\"summary_large_image\" \/>\n<meta name=\"twitter:label1\" content=\"Est. reading time\" \/>\n\t<meta name=\"twitter:data1\" content=\"3 minutes\" \/>\n<script type=\"application\/ld+json\" class=\"yoast-schema-graph\">{\"@context\":\"https:\/\/schema.org\",\"@graph\":[{\"@type\":\"WebPage\",\"@id\":\"https:\/\/galyarabok.drk.hu\/szabo-magda\/\",\"url\":\"https:\/\/galyarabok.drk.hu\/szabo-magda\/\",\"name\":\"dr. Szab\u00f3 Magda\",\"isPartOf\":{\"@id\":\"https:\/\/galyarabok.drk.hu\/#website\"},\"primaryImageOfPage\":{\"@id\":\"https:\/\/galyarabok.drk.hu\/szabo-magda\/#primaryimage\"},\"image\":{\"@id\":\"https:\/\/galyarabok.drk.hu\/szabo-magda\/#primaryimage\"},\"thumbnailUrl\":\"https:\/\/galyarabok.drk.hu\/wp-content\/uploads\/2024\/10\/Jablonczay_1847-edited.jpg\",\"datePublished\":\"2024-10-12T11:56:00+00:00\",\"dateModified\":\"2024-10-24T20:03:56+00:00\",\"breadcrumb\":{\"@id\":\"https:\/\/galyarabok.drk.hu\/szabo-magda\/#breadcrumb\"},\"inLanguage\":\"en-GB\",\"potentialAction\":[{\"@type\":\"ReadAction\",\"target\":[\"https:\/\/galyarabok.drk.hu\/szabo-magda\/\"]}]},{\"@type\":\"ImageObject\",\"inLanguage\":\"en-GB\",\"@id\":\"https:\/\/galyarabok.drk.hu\/szabo-magda\/#primaryimage\",\"url\":\"https:\/\/galyarabok.drk.hu\/wp-content\/uploads\/2024\/10\/Jablonczay_1847-edited.jpg\",\"contentUrl\":\"https:\/\/galyarabok.drk.hu\/wp-content\/uploads\/2024\/10\/Jablonczay_1847-edited.jpg\",\"width\":648,\"height\":802},{\"@type\":\"BreadcrumbList\",\"@id\":\"https:\/\/galyarabok.drk.hu\/szabo-magda\/#breadcrumb\",\"itemListElement\":[{\"@type\":\"ListItem\",\"position\":1,\"name\":\"Kezd\u0151lap\",\"item\":\"https:\/\/galyarabok.drk.hu\/\"},{\"@type\":\"ListItem\",\"position\":2,\"name\":\"dr. Szab\u00f3 Magda\"}]},{\"@type\":\"WebSite\",\"@id\":\"https:\/\/galyarabok.drk.hu\/#website\",\"url\":\"https:\/\/galyarabok.drk.hu\/\",\"name\":\"G\u00e1lyarab-eml\u00e9k\u00fat\",\"description\":\"The remembrance of the Hungarian protestant galley slaves. Made and can be visited from the 350th anniversary of the galley slavery (2024)\",\"publisher\":{\"@id\":\"https:\/\/galyarabok.drk.hu\/#organization\"},\"potentialAction\":[{\"@type\":\"SearchAction\",\"target\":{\"@type\":\"EntryPoint\",\"urlTemplate\":\"https:\/\/galyarabok.drk.hu\/?s={search_term_string}\"},\"query-input\":{\"@type\":\"PropertyValueSpecification\",\"valueRequired\":true,\"valueName\":\"search_term_string\"}}],\"inLanguage\":\"en-GB\"},{\"@type\":\"Organization\",\"@id\":\"https:\/\/galyarabok.drk.hu\/#organization\",\"name\":\"G\u00e1lyarab-eml\u00e9k\u00fat\",\"url\":\"https:\/\/galyarabok.drk.hu\/\",\"logo\":{\"@type\":\"ImageObject\",\"inLanguage\":\"en-GB\",\"@id\":\"https:\/\/galyarabok.drk.hu\/#\/schema\/logo\/image\/\",\"url\":\"https:\/\/galyarabok.drk.hu\/wp-content\/uploads\/2021\/02\/cropped-galya-kor-arny-vilagos.png\",\"contentUrl\":\"https:\/\/galyarabok.drk.hu\/wp-content\/uploads\/2021\/02\/cropped-galya-kor-arny-vilagos.png\",\"width\":102,\"height\":100,\"caption\":\"G\u00e1lyarab-eml\u00e9k\u00fat\"},\"image\":{\"@id\":\"https:\/\/galyarabok.drk.hu\/#\/schema\/logo\/image\/\"},\"sameAs\":[\"https:\/\/www.facebook.com\/profile.php?id=61567825314709\"]}]}<\/script>\n<!-- \/ Yoast SEO plugin. -->","yoast_head_json":{"title":"dr. Szab\u00f3 Magda","robots":{"index":"index","follow":"follow","max-snippet":"max-snippet:-1","max-image-preview":"max-image-preview:large","max-video-preview":"max-video-preview:-1"},"canonical":"https:\/\/galyarabok.drk.hu\/szabo-magda\/","og_locale":"en_GB","og_type":"article","og_title":"dr. Szab\u00f3 Magda","og_url":"https:\/\/galyarabok.drk.hu\/szabo-magda\/","og_site_name":"Galley slave memorial road","article_publisher":"https:\/\/www.facebook.com\/profile.php?id=61567825314709","article_modified_time":"2024-10-24T20:03:56+00:00","og_image":[{"width":648,"height":802,"url":"https:\/\/galyarabok.drk.hu\/wp-content\/uploads\/2024\/10\/Jablonczay_1847-edited.jpg","type":"image\/jpeg"}],"twitter_card":"summary_large_image","twitter_misc":{"Est. reading time":"3 minutes"},"schema":{"@context":"https:\/\/schema.org","@graph":[{"@type":"WebPage","@id":"https:\/\/galyarabok.drk.hu\/szabo-magda\/","url":"https:\/\/galyarabok.drk.hu\/szabo-magda\/","name":"dr. Szab\u00f3 Magda","isPartOf":{"@id":"https:\/\/galyarabok.drk.hu\/#website"},"primaryImageOfPage":{"@id":"https:\/\/galyarabok.drk.hu\/szabo-magda\/#primaryimage"},"image":{"@id":"https:\/\/galyarabok.drk.hu\/szabo-magda\/#primaryimage"},"thumbnailUrl":"https:\/\/galyarabok.drk.hu\/wp-content\/uploads\/2024\/10\/Jablonczay_1847-edited.jpg","datePublished":"2024-10-12T11:56:00+00:00","dateModified":"2024-10-24T20:03:56+00:00","breadcrumb":{"@id":"https:\/\/galyarabok.drk.hu\/szabo-magda\/#breadcrumb"},"inLanguage":"en-GB","potentialAction":[{"@type":"ReadAction","target":["https:\/\/galyarabok.drk.hu\/szabo-magda\/"]}]},{"@type":"ImageObject","inLanguage":"en-GB","@id":"https:\/\/galyarabok.drk.hu\/szabo-magda\/#primaryimage","url":"https:\/\/galyarabok.drk.hu\/wp-content\/uploads\/2024\/10\/Jablonczay_1847-edited.jpg","contentUrl":"https:\/\/galyarabok.drk.hu\/wp-content\/uploads\/2024\/10\/Jablonczay_1847-edited.jpg","width":648,"height":802},{"@type":"BreadcrumbList","@id":"https:\/\/galyarabok.drk.hu\/szabo-magda\/#breadcrumb","itemListElement":[{"@type":"ListItem","position":1,"name":"Kezd\u0151lap","item":"https:\/\/galyarabok.drk.hu\/"},{"@type":"ListItem","position":2,"name":"dr. Szab\u00f3 Magda"}]},{"@type":"WebSite","@id":"https:\/\/galyarabok.drk.hu\/#website","url":"https:\/\/galyarabok.drk.hu\/","name":"G\u00e1lyarab-eml\u00e9k\u00fat","description":"The remembrance of the Hungarian protestant galley slaves. Made and can be visited from the 350th anniversary of the galley slavery (2024)","publisher":{"@id":"https:\/\/galyarabok.drk.hu\/#organization"},"potentialAction":[{"@type":"SearchAction","target":{"@type":"EntryPoint","urlTemplate":"https:\/\/galyarabok.drk.hu\/?s={search_term_string}"},"query-input":{"@type":"PropertyValueSpecification","valueRequired":true,"valueName":"search_term_string"}}],"inLanguage":"en-GB"},{"@type":"Organization","@id":"https:\/\/galyarabok.drk.hu\/#organization","name":"G\u00e1lyarab-eml\u00e9k\u00fat","url":"https:\/\/galyarabok.drk.hu\/","logo":{"@type":"ImageObject","inLanguage":"en-GB","@id":"https:\/\/galyarabok.drk.hu\/#\/schema\/logo\/image\/","url":"https:\/\/galyarabok.drk.hu\/wp-content\/uploads\/2021\/02\/cropped-galya-kor-arny-vilagos.png","contentUrl":"https:\/\/galyarabok.drk.hu\/wp-content\/uploads\/2021\/02\/cropped-galya-kor-arny-vilagos.png","width":102,"height":100,"caption":"G\u00e1lyarab-eml\u00e9k\u00fat"},"image":{"@id":"https:\/\/galyarabok.drk.hu\/#\/schema\/logo\/image\/"},"sameAs":["https:\/\/www.facebook.com\/profile.php?id=61567825314709"]}]}},"_links":{"self":[{"href":"https:\/\/galyarabok.drk.hu\/gb\/wp-json\/wp\/v2\/pages\/1273","targetHints":{"allow":["GET"]}}],"collection":[{"href":"https:\/\/galyarabok.drk.hu\/gb\/wp-json\/wp\/v2\/pages"}],"about":[{"href":"https:\/\/galyarabok.drk.hu\/gb\/wp-json\/wp\/v2\/types\/page"}],"author":[{"embeddable":true,"href":"https:\/\/galyarabok.drk.hu\/gb\/wp-json\/wp\/v2\/users\/1"}],"replies":[{"embeddable":true,"href":"https:\/\/galyarabok.drk.hu\/gb\/wp-json\/wp\/v2\/comments?post=1273"}],"version-history":[{"count":13,"href":"https:\/\/galyarabok.drk.hu\/gb\/wp-json\/wp\/v2\/pages\/1273\/revisions"}],"predecessor-version":[{"id":1507,"href":"https:\/\/galyarabok.drk.hu\/gb\/wp-json\/wp\/v2\/pages\/1273\/revisions\/1507"}],"wp:featuredmedia":[{"embeddable":true,"href":"https:\/\/galyarabok.drk.hu\/gb\/wp-json\/wp\/v2\/media\/1364"}],"wp:attachment":[{"href":"https:\/\/galyarabok.drk.hu\/gb\/wp-json\/wp\/v2\/media?parent=1273"}],"wp:term":[{"taxonomy":"category","embeddable":true,"href":"https:\/\/galyarabok.drk.hu\/gb\/wp-json\/wp\/v2\/categories?post=1273"},{"taxonomy":"post_tag","embeddable":true,"href":"https:\/\/galyarabok.drk.hu\/gb\/wp-json\/wp\/v2\/tags?post=1273"}],"curies":[{"name":"wp","href":"https:\/\/api.w.org\/{rel}","templated":true}]}}