{"id":1271,"date":"2024-10-12T11:55:00","date_gmt":"2024-10-12T11:55:00","guid":{"rendered":"https:\/\/galyarabok.drk.hu\/?page_id=1271"},"modified":"2024-10-24T20:03:31","modified_gmt":"2024-10-24T20:03:31","slug":"dr-gaal-botond","status":"publish","type":"page","link":"https:\/\/galyarabok.drk.hu\/gb\/dr-gaal-botond\/","title":{"rendered":"Ga\u00e1l Botond"},"content":{"rendered":"\n<blockquote class=\"wp-block-quote is-layout-flow wp-block-quote-is-layout-flow\"><div class=\"wp-block-image\">\n<figure class=\"alignleft size-full is-resized\"><a href=\"https:\/\/galyarabok.drk.hu\/wp-content\/uploads\/2024\/10\/Czegledi-Peter-2016.jpg\"><img loading=\"lazy\" decoding=\"async\" width=\"609\" height=\"450\" src=\"https:\/\/galyarabok.drk.hu\/wp-content\/uploads\/2024\/10\/Czegledi-Peter-2016.jpg\" alt=\"\" class=\"wp-image-1387\" style=\"width:267px;height:auto\" srcset=\"https:\/\/galyarabok.drk.hu\/wp-content\/uploads\/2024\/10\/Czegledi-Peter-2016.jpg 609w, https:\/\/galyarabok.drk.hu\/wp-content\/uploads\/2024\/10\/Czegledi-Peter-2016-300x222.jpg 300w\" sizes=\"auto, (max-width: 609px) 100vw, 609px\" \/><\/a><figcaption class=\"wp-element-caption\">Az eml\u00e9kt\u00e1bl\u00e1t a Czegl\u00e9dy csal\u00e1d nev\u00e9ben dr. Czegl\u00e9dy P\u00e1l \u00e9s dr. Czegl\u00e9dy M\u00e1ria, a g\u00e1lyarab pr\u00e9dik\u00e1tor lesz\u00e1rmazottjai leplezt\u00e9k le.<\/figcaption><\/figure>\n<\/div><\/blockquote>\n\n\n\n<blockquote class=\"wp-block-quote is-layout-flow wp-block-quote-is-layout-flow\">\n<p>Kedves Gy\u00fclekezet, amikor eml\u00e9kt\u00e1bl\u00e1t k\u00e9sz\u00fcl\u00fcnk leleplezni, esz\u00fcnkbe juthat K\u00e1ny\u00e1di S\u00e1ndornak egy m\u00e1sik eml\u00e9kt\u00e1bla avat\u00e1sa kapcs\u00e1n sz\u00fcletett verse: <em>\u201eA vil\u00e1gnak olyan sz\u00f6geletin \u00e9l\u00fcnk, Ahol csak holtunkban adj\u00e1k ki a b\u00e9r\u00fcnk!\u201d <\/em>(K\u0151kopors\u00f3). Bizony, most kiadjuk a mi hith\u0151seink b\u00e9r\u00e9t, \u00e9s elmondjuk: g\u00e1lyarabjaink hitvall\u00f3 b\u00e1tors\u00e1ga, szil\u00e1rd hite \u00e9s haz\u00e1juk szeretete imm\u00e1r \u00e1trajzolta a mi lelki arcunkat is. Ezeket a jegyeket valamik\u00e9ppen mi is magunkon hordozzuk. Ott viselj\u00fck, amikor \u0151seink biblikusan hitvall\u00e1sos magatart\u00e1s\u00e1t f\u00f6lv\u00e1llaljuk, amikor megvalljuk magyars\u00e1gunkat, \u00e9s nem hagyjuk el a sz\u00fcl\u0151 f\u00f6ld\u00fcnket, vagy amikor komor id\u0151k gonosz indulatainak emberei \u00f6nazonoss\u00e1gunk megtagad\u00e1s\u00e1ra akarnak k\u00e9nyszer\u00edteni, s amikor minden lehetetlennek l\u00e1tszik, \u00e9s ha m\u00e9g az \u00e1llampolg\u00e1rs\u00e1gunkt\u00f3l is megfosztanak benn\u00fcnket, mint a l\u00e9vai gy\u00fclekezet lelkip\u00e1sztor\u00e1t, akkor is kitartunk a lelkiismeret\u00fcnk ki\u00e1lt\u00e1sa mellett, mik\u00e9nt azt a g\u00e1lyarab \u0151seink tett\u00e9k: mert <em>\u201et\u00f6viseken \u00e1t vezet az \u00fat a r\u00f3zs\u00e1khoz!\u201d<\/em> \u2013 amint <a href=\"https:\/\/galyarabok.drk.hu\/gb\/czegledi-peter\/\" data-internallinksmanager029f6b8e52c=\"38\" title=\"Czegl\u00e9di P\u00e9ter\">Czegl\u00e9di P\u00e9ter<\/a> test\u00e1mentuma sz\u00e9pen kifejezi.<\/p>\n\n\n\n<p><a href=\"https:\/\/confessio.reformatus.hu\/v\/eltetetett-nekik-az-igazsag-koronaja\">https:\/\/confessio.reformatus.hu\/v\/eltetetett-nekik-az-igazsag-koronaja<\/a><\/p>\n<\/blockquote>\n","protected":false},"excerpt":{"rendered":"<p>Kedves Gy\u00fclekezet, amikor eml\u00e9kt\u00e1bl\u00e1t k\u00e9sz\u00fcl\u00fcnk leleplezni, esz\u00fcnkbe juthat K\u00e1ny\u00e1di S\u00e1ndornak egy m\u00e1sik eml\u00e9kt\u00e1bla avat\u00e1sa kapcs\u00e1n sz\u00fcletett verse: \u201eA vil\u00e1gnak olyan [&hellip;]<\/p>\n","protected":false},"author":1,"featured_media":1387,"parent":0,"menu_order":0,"comment_status":"closed","ping_status":"closed","template":"","meta":{"footnotes":""},"categories":[40],"tags":[],"class_list":["post-1271","page","type-page","status-publish","has-post-thumbnail","hentry","category-halas-utodok"],"translation":{"provider":"WPGlobus","version":"3.0.2","language":"gb","enabled_languages":["hu","gb"],"languages":{"hu":{"title":true,"content":true,"excerpt":false},"gb":{"title":false,"content":false,"excerpt":false}}},"yoast_head":"<!-- This site is optimized with the Yoast SEO plugin v27.2 - https:\/\/yoast.com\/product\/yoast-seo-wordpress\/ -->\n<title>Ga\u00e1l Botond<\/title>\n<meta name=\"robots\" content=\"index, follow, max-snippet:-1, max-image-preview:large, max-video-preview:-1\" \/>\n<link rel=\"canonical\" href=\"https:\/\/galyarabok.drk.hu\/dr-gaal-botond\/\" \/>\n<meta property=\"og:locale\" content=\"en_GB\" \/>\n<meta property=\"og:type\" content=\"article\" \/>\n<meta property=\"og:title\" content=\"Ga\u00e1l Botond\" \/>\n<meta property=\"og:url\" content=\"https:\/\/galyarabok.drk.hu\/dr-gaal-botond\/\" \/>\n<meta property=\"og:site_name\" content=\"Galley slave memorial road\" \/>\n<meta property=\"article:publisher\" content=\"https:\/\/www.facebook.com\/profile.php?id=61567825314709\" \/>\n<meta property=\"article:modified_time\" content=\"2024-10-24T20:03:31+00:00\" \/>\n<meta property=\"og:image\" content=\"https:\/\/galyarabok.drk.hu\/wp-content\/uploads\/2024\/10\/Czegledi-Peter-2016.jpg\" \/>\n\t<meta property=\"og:image:width\" content=\"609\" \/>\n\t<meta property=\"og:image:height\" content=\"450\" \/>\n\t<meta property=\"og:image:type\" content=\"image\/jpeg\" \/>\n<meta name=\"twitter:card\" content=\"summary_large_image\" \/>\n<meta name=\"twitter:label1\" content=\"Est. reading time\" \/>\n\t<meta name=\"twitter:data1\" content=\"1 minute\" \/>\n<script type=\"application\/ld+json\" class=\"yoast-schema-graph\">{\"@context\":\"https:\/\/schema.org\",\"@graph\":[{\"@type\":\"WebPage\",\"@id\":\"https:\/\/galyarabok.drk.hu\/dr-gaal-botond\/\",\"url\":\"https:\/\/galyarabok.drk.hu\/dr-gaal-botond\/\",\"name\":\"Ga\u00e1l Botond\",\"isPartOf\":{\"@id\":\"https:\/\/galyarabok.drk.hu\/#website\"},\"primaryImageOfPage\":{\"@id\":\"https:\/\/galyarabok.drk.hu\/dr-gaal-botond\/#primaryimage\"},\"image\":{\"@id\":\"https:\/\/galyarabok.drk.hu\/dr-gaal-botond\/#primaryimage\"},\"thumbnailUrl\":\"https:\/\/galyarabok.drk.hu\/wp-content\/uploads\/2024\/10\/Czegledi-Peter-2016.jpg\",\"datePublished\":\"2024-10-12T11:55:00+00:00\",\"dateModified\":\"2024-10-24T20:03:31+00:00\",\"breadcrumb\":{\"@id\":\"https:\/\/galyarabok.drk.hu\/dr-gaal-botond\/#breadcrumb\"},\"inLanguage\":\"en-GB\",\"potentialAction\":[{\"@type\":\"ReadAction\",\"target\":[\"https:\/\/galyarabok.drk.hu\/dr-gaal-botond\/\"]}]},{\"@type\":\"ImageObject\",\"inLanguage\":\"en-GB\",\"@id\":\"https:\/\/galyarabok.drk.hu\/dr-gaal-botond\/#primaryimage\",\"url\":\"https:\/\/galyarabok.drk.hu\/wp-content\/uploads\/2024\/10\/Czegledi-Peter-2016.jpg\",\"contentUrl\":\"https:\/\/galyarabok.drk.hu\/wp-content\/uploads\/2024\/10\/Czegledi-Peter-2016.jpg\",\"width\":609,\"height\":450,\"caption\":\"Az eml\u00e9kt\u00e1bl\u00e1t a Czegl\u00e9dy csal\u00e1d nev\u00e9ben dr. Czegl\u00e9dy P\u00e1l \u00e9s dr. Czegl\u00e9dy M\u00e1ria, a g\u00e1lyarab pr\u00e9dik\u00e1tor lesz\u00e1rmazottjai leplezt\u00e9k le.\"},{\"@type\":\"BreadcrumbList\",\"@id\":\"https:\/\/galyarabok.drk.hu\/dr-gaal-botond\/#breadcrumb\",\"itemListElement\":[{\"@type\":\"ListItem\",\"position\":1,\"name\":\"Kezd\u0151lap\",\"item\":\"https:\/\/galyarabok.drk.hu\/\"},{\"@type\":\"ListItem\",\"position\":2,\"name\":\"Ga\u00e1l Botond\"}]},{\"@type\":\"WebSite\",\"@id\":\"https:\/\/galyarabok.drk.hu\/#website\",\"url\":\"https:\/\/galyarabok.drk.hu\/\",\"name\":\"G\u00e1lyarab-eml\u00e9k\u00fat\",\"description\":\"The remembrance of the Hungarian protestant galley slaves. Made and can be visited from the 350th anniversary of the galley slavery (2024)\",\"publisher\":{\"@id\":\"https:\/\/galyarabok.drk.hu\/#organization\"},\"potentialAction\":[{\"@type\":\"SearchAction\",\"target\":{\"@type\":\"EntryPoint\",\"urlTemplate\":\"https:\/\/galyarabok.drk.hu\/?s={search_term_string}\"},\"query-input\":{\"@type\":\"PropertyValueSpecification\",\"valueRequired\":true,\"valueName\":\"search_term_string\"}}],\"inLanguage\":\"en-GB\"},{\"@type\":\"Organization\",\"@id\":\"https:\/\/galyarabok.drk.hu\/#organization\",\"name\":\"G\u00e1lyarab-eml\u00e9k\u00fat\",\"url\":\"https:\/\/galyarabok.drk.hu\/\",\"logo\":{\"@type\":\"ImageObject\",\"inLanguage\":\"en-GB\",\"@id\":\"https:\/\/galyarabok.drk.hu\/#\/schema\/logo\/image\/\",\"url\":\"https:\/\/galyarabok.drk.hu\/wp-content\/uploads\/2021\/02\/cropped-galya-kor-arny-vilagos.png\",\"contentUrl\":\"https:\/\/galyarabok.drk.hu\/wp-content\/uploads\/2021\/02\/cropped-galya-kor-arny-vilagos.png\",\"width\":102,\"height\":100,\"caption\":\"G\u00e1lyarab-eml\u00e9k\u00fat\"},\"image\":{\"@id\":\"https:\/\/galyarabok.drk.hu\/#\/schema\/logo\/image\/\"},\"sameAs\":[\"https:\/\/www.facebook.com\/profile.php?id=61567825314709\"]}]}<\/script>\n<!-- \/ Yoast SEO plugin. -->","yoast_head_json":{"title":"Ga\u00e1l Botond","robots":{"index":"index","follow":"follow","max-snippet":"max-snippet:-1","max-image-preview":"max-image-preview:large","max-video-preview":"max-video-preview:-1"},"canonical":"https:\/\/galyarabok.drk.hu\/dr-gaal-botond\/","og_locale":"en_GB","og_type":"article","og_title":"Ga\u00e1l Botond","og_url":"https:\/\/galyarabok.drk.hu\/dr-gaal-botond\/","og_site_name":"Galley slave memorial road","article_publisher":"https:\/\/www.facebook.com\/profile.php?id=61567825314709","article_modified_time":"2024-10-24T20:03:31+00:00","og_image":[{"width":609,"height":450,"url":"https:\/\/galyarabok.drk.hu\/wp-content\/uploads\/2024\/10\/Czegledi-Peter-2016.jpg","type":"image\/jpeg"}],"twitter_card":"summary_large_image","twitter_misc":{"Est. reading time":"1 minute"},"schema":{"@context":"https:\/\/schema.org","@graph":[{"@type":"WebPage","@id":"https:\/\/galyarabok.drk.hu\/dr-gaal-botond\/","url":"https:\/\/galyarabok.drk.hu\/dr-gaal-botond\/","name":"Ga\u00e1l Botond","isPartOf":{"@id":"https:\/\/galyarabok.drk.hu\/#website"},"primaryImageOfPage":{"@id":"https:\/\/galyarabok.drk.hu\/dr-gaal-botond\/#primaryimage"},"image":{"@id":"https:\/\/galyarabok.drk.hu\/dr-gaal-botond\/#primaryimage"},"thumbnailUrl":"https:\/\/galyarabok.drk.hu\/wp-content\/uploads\/2024\/10\/Czegledi-Peter-2016.jpg","datePublished":"2024-10-12T11:55:00+00:00","dateModified":"2024-10-24T20:03:31+00:00","breadcrumb":{"@id":"https:\/\/galyarabok.drk.hu\/dr-gaal-botond\/#breadcrumb"},"inLanguage":"en-GB","potentialAction":[{"@type":"ReadAction","target":["https:\/\/galyarabok.drk.hu\/dr-gaal-botond\/"]}]},{"@type":"ImageObject","inLanguage":"en-GB","@id":"https:\/\/galyarabok.drk.hu\/dr-gaal-botond\/#primaryimage","url":"https:\/\/galyarabok.drk.hu\/wp-content\/uploads\/2024\/10\/Czegledi-Peter-2016.jpg","contentUrl":"https:\/\/galyarabok.drk.hu\/wp-content\/uploads\/2024\/10\/Czegledi-Peter-2016.jpg","width":609,"height":450,"caption":"Az eml\u00e9kt\u00e1bl\u00e1t a Czegl\u00e9dy csal\u00e1d nev\u00e9ben dr. Czegl\u00e9dy P\u00e1l \u00e9s dr. Czegl\u00e9dy M\u00e1ria, a g\u00e1lyarab pr\u00e9dik\u00e1tor lesz\u00e1rmazottjai leplezt\u00e9k le."},{"@type":"BreadcrumbList","@id":"https:\/\/galyarabok.drk.hu\/dr-gaal-botond\/#breadcrumb","itemListElement":[{"@type":"ListItem","position":1,"name":"Kezd\u0151lap","item":"https:\/\/galyarabok.drk.hu\/"},{"@type":"ListItem","position":2,"name":"Ga\u00e1l Botond"}]},{"@type":"WebSite","@id":"https:\/\/galyarabok.drk.hu\/#website","url":"https:\/\/galyarabok.drk.hu\/","name":"G\u00e1lyarab-eml\u00e9k\u00fat","description":"The remembrance of the Hungarian protestant galley slaves. Made and can be visited from the 350th anniversary of the galley slavery (2024)","publisher":{"@id":"https:\/\/galyarabok.drk.hu\/#organization"},"potentialAction":[{"@type":"SearchAction","target":{"@type":"EntryPoint","urlTemplate":"https:\/\/galyarabok.drk.hu\/?s={search_term_string}"},"query-input":{"@type":"PropertyValueSpecification","valueRequired":true,"valueName":"search_term_string"}}],"inLanguage":"en-GB"},{"@type":"Organization","@id":"https:\/\/galyarabok.drk.hu\/#organization","name":"G\u00e1lyarab-eml\u00e9k\u00fat","url":"https:\/\/galyarabok.drk.hu\/","logo":{"@type":"ImageObject","inLanguage":"en-GB","@id":"https:\/\/galyarabok.drk.hu\/#\/schema\/logo\/image\/","url":"https:\/\/galyarabok.drk.hu\/wp-content\/uploads\/2021\/02\/cropped-galya-kor-arny-vilagos.png","contentUrl":"https:\/\/galyarabok.drk.hu\/wp-content\/uploads\/2021\/02\/cropped-galya-kor-arny-vilagos.png","width":102,"height":100,"caption":"G\u00e1lyarab-eml\u00e9k\u00fat"},"image":{"@id":"https:\/\/galyarabok.drk.hu\/#\/schema\/logo\/image\/"},"sameAs":["https:\/\/www.facebook.com\/profile.php?id=61567825314709"]}]}},"_links":{"self":[{"href":"https:\/\/galyarabok.drk.hu\/gb\/wp-json\/wp\/v2\/pages\/1271","targetHints":{"allow":["GET"]}}],"collection":[{"href":"https:\/\/galyarabok.drk.hu\/gb\/wp-json\/wp\/v2\/pages"}],"about":[{"href":"https:\/\/galyarabok.drk.hu\/gb\/wp-json\/wp\/v2\/types\/page"}],"author":[{"embeddable":true,"href":"https:\/\/galyarabok.drk.hu\/gb\/wp-json\/wp\/v2\/users\/1"}],"replies":[{"embeddable":true,"href":"https:\/\/galyarabok.drk.hu\/gb\/wp-json\/wp\/v2\/comments?post=1271"}],"version-history":[{"count":4,"href":"https:\/\/galyarabok.drk.hu\/gb\/wp-json\/wp\/v2\/pages\/1271\/revisions"}],"predecessor-version":[{"id":1508,"href":"https:\/\/galyarabok.drk.hu\/gb\/wp-json\/wp\/v2\/pages\/1271\/revisions\/1508"}],"wp:featuredmedia":[{"embeddable":true,"href":"https:\/\/galyarabok.drk.hu\/gb\/wp-json\/wp\/v2\/media\/1387"}],"wp:attachment":[{"href":"https:\/\/galyarabok.drk.hu\/gb\/wp-json\/wp\/v2\/media?parent=1271"}],"wp:term":[{"taxonomy":"category","embeddable":true,"href":"https:\/\/galyarabok.drk.hu\/gb\/wp-json\/wp\/v2\/categories?post=1271"},{"taxonomy":"post_tag","embeddable":true,"href":"https:\/\/galyarabok.drk.hu\/gb\/wp-json\/wp\/v2\/tags?post=1271"}],"curies":[{"name":"wp","href":"https:\/\/api.w.org\/{rel}","templated":true}]}}