{"id":1269,"date":"2024-10-12T12:00:00","date_gmt":"2024-10-12T12:00:00","guid":{"rendered":"https:\/\/galyarabok.drk.hu\/?page_id=1269"},"modified":"2024-10-24T20:02:49","modified_gmt":"2024-10-24T20:02:49","slug":"dr-bagdy-emoke","status":"publish","type":"page","link":"https:\/\/galyarabok.drk.hu\/gb\/dr-bagdy-emoke\/","title":{"rendered":"dr. Bagdy Em\u0151ke"},"content":{"rendered":"\n<blockquote class=\"wp-block-quote is-layout-flow wp-block-quote-is-layout-flow\">\n<p>\u201eA sz\u00fclet\u00e9sem ut\u00e1n n\u00e9h\u00e1ny nappal t\u00f6rt ki a II. vil\u00e1gh\u00e1bor\u00fa. Reform\u00e1tus lelk\u00e9sz \u00e9desap\u00e1mat (Bagdy Istv\u00e1n) az orosz frontra vitt\u00e9k t\u00e1bori lelk\u00e9sznek. Er\u0151sen k\u00e1lvinista csal\u00e1d a mi\u00e9nk, az \u0151seink k\u00f6z\u00f6tt van g\u00e1lyarab pr\u00e9dik\u00e1tor is.\u201d<\/p>\n<\/blockquote>\n","protected":false},"excerpt":{"rendered":"<p>\u201eA sz\u00fclet\u00e9sem ut\u00e1n n\u00e9h\u00e1ny nappal t\u00f6rt ki a II. vil\u00e1gh\u00e1bor\u00fa. Reform\u00e1tus lelk\u00e9sz \u00e9desap\u00e1mat (Bagdy Istv\u00e1n) az orosz frontra vitt\u00e9k t\u00e1bori [&hellip;]<\/p>\n","protected":false},"author":1,"featured_media":0,"parent":0,"menu_order":0,"comment_status":"closed","ping_status":"closed","template":"","meta":{"footnotes":""},"categories":[40],"tags":[],"class_list":["post-1269","page","type-page","status-publish","hentry","category-halas-utodok"],"translation":{"provider":"WPGlobus","version":"3.0.2","language":"gb","enabled_languages":["hu","gb"],"languages":{"hu":{"title":true,"content":true,"excerpt":false},"gb":{"title":false,"content":false,"excerpt":false}}},"yoast_head":"<!-- This site is optimized with the Yoast SEO plugin v27.2 - https:\/\/yoast.com\/product\/yoast-seo-wordpress\/ -->\n<title>dr. Bagdy Em\u0151ke<\/title>\n<meta name=\"robots\" content=\"index, follow, max-snippet:-1, max-image-preview:large, max-video-preview:-1\" \/>\n<link rel=\"canonical\" href=\"https:\/\/galyarabok.drk.hu\/dr-bagdy-emoke\/\" \/>\n<meta property=\"og:locale\" content=\"en_GB\" \/>\n<meta property=\"og:type\" content=\"article\" \/>\n<meta property=\"og:title\" content=\"dr. Bagdy Em\u0151ke\" \/>\n<meta property=\"og:url\" content=\"https:\/\/galyarabok.drk.hu\/dr-bagdy-emoke\/\" \/>\n<meta property=\"og:site_name\" content=\"Galley slave memorial road\" \/>\n<meta property=\"article:publisher\" content=\"https:\/\/www.facebook.com\/profile.php?id=61567825314709\" \/>\n<meta property=\"article:modified_time\" content=\"2024-10-24T20:02:49+00:00\" \/>\n<meta property=\"og:image\" content=\"https:\/\/galyarabok.drk.hu\/wp-content\/uploads\/2021\/02\/cropped-galya-kor-arny-vilagos-1.png\" \/>\n\t<meta property=\"og:image:width\" content=\"512\" \/>\n\t<meta property=\"og:image:height\" content=\"512\" \/>\n\t<meta property=\"og:image:type\" content=\"image\/png\" \/>\n<meta name=\"twitter:card\" content=\"summary_large_image\" \/>\n<script type=\"application\/ld+json\" class=\"yoast-schema-graph\">{\"@context\":\"https:\/\/schema.org\",\"@graph\":[{\"@type\":\"WebPage\",\"@id\":\"https:\/\/galyarabok.drk.hu\/dr-bagdy-emoke\/\",\"url\":\"https:\/\/galyarabok.drk.hu\/dr-bagdy-emoke\/\",\"name\":\"dr. Bagdy Em\u0151ke\",\"isPartOf\":{\"@id\":\"https:\/\/galyarabok.drk.hu\/#website\"},\"datePublished\":\"2024-10-12T12:00:00+00:00\",\"dateModified\":\"2024-10-24T20:02:49+00:00\",\"breadcrumb\":{\"@id\":\"https:\/\/galyarabok.drk.hu\/dr-bagdy-emoke\/#breadcrumb\"},\"inLanguage\":\"en-GB\",\"potentialAction\":[{\"@type\":\"ReadAction\",\"target\":[\"https:\/\/galyarabok.drk.hu\/dr-bagdy-emoke\/\"]}]},{\"@type\":\"BreadcrumbList\",\"@id\":\"https:\/\/galyarabok.drk.hu\/dr-bagdy-emoke\/#breadcrumb\",\"itemListElement\":[{\"@type\":\"ListItem\",\"position\":1,\"name\":\"Kezd\u0151lap\",\"item\":\"https:\/\/galyarabok.drk.hu\/\"},{\"@type\":\"ListItem\",\"position\":2,\"name\":\"dr. Bagdy Em\u0151ke\"}]},{\"@type\":\"WebSite\",\"@id\":\"https:\/\/galyarabok.drk.hu\/#website\",\"url\":\"https:\/\/galyarabok.drk.hu\/\",\"name\":\"G\u00e1lyarab-eml\u00e9k\u00fat\",\"description\":\"The remembrance of the Hungarian protestant galley slaves. Made and can be visited from the 350th anniversary of the galley slavery (2024)\",\"publisher\":{\"@id\":\"https:\/\/galyarabok.drk.hu\/#organization\"},\"potentialAction\":[{\"@type\":\"SearchAction\",\"target\":{\"@type\":\"EntryPoint\",\"urlTemplate\":\"https:\/\/galyarabok.drk.hu\/?s={search_term_string}\"},\"query-input\":{\"@type\":\"PropertyValueSpecification\",\"valueRequired\":true,\"valueName\":\"search_term_string\"}}],\"inLanguage\":\"en-GB\"},{\"@type\":\"Organization\",\"@id\":\"https:\/\/galyarabok.drk.hu\/#organization\",\"name\":\"G\u00e1lyarab-eml\u00e9k\u00fat\",\"url\":\"https:\/\/galyarabok.drk.hu\/\",\"logo\":{\"@type\":\"ImageObject\",\"inLanguage\":\"en-GB\",\"@id\":\"https:\/\/galyarabok.drk.hu\/#\/schema\/logo\/image\/\",\"url\":\"https:\/\/galyarabok.drk.hu\/wp-content\/uploads\/2021\/02\/cropped-galya-kor-arny-vilagos.png\",\"contentUrl\":\"https:\/\/galyarabok.drk.hu\/wp-content\/uploads\/2021\/02\/cropped-galya-kor-arny-vilagos.png\",\"width\":102,\"height\":100,\"caption\":\"G\u00e1lyarab-eml\u00e9k\u00fat\"},\"image\":{\"@id\":\"https:\/\/galyarabok.drk.hu\/#\/schema\/logo\/image\/\"},\"sameAs\":[\"https:\/\/www.facebook.com\/profile.php?id=61567825314709\"]}]}<\/script>\n<!-- \/ Yoast SEO plugin. -->","yoast_head_json":{"title":"dr. Bagdy Em\u0151ke","robots":{"index":"index","follow":"follow","max-snippet":"max-snippet:-1","max-image-preview":"max-image-preview:large","max-video-preview":"max-video-preview:-1"},"canonical":"https:\/\/galyarabok.drk.hu\/dr-bagdy-emoke\/","og_locale":"en_GB","og_type":"article","og_title":"dr. Bagdy Em\u0151ke","og_url":"https:\/\/galyarabok.drk.hu\/dr-bagdy-emoke\/","og_site_name":"Galley slave memorial road","article_publisher":"https:\/\/www.facebook.com\/profile.php?id=61567825314709","article_modified_time":"2024-10-24T20:02:49+00:00","og_image":[{"width":512,"height":512,"url":"https:\/\/galyarabok.drk.hu\/wp-content\/uploads\/2021\/02\/cropped-galya-kor-arny-vilagos-1.png","type":"image\/png"}],"twitter_card":"summary_large_image","schema":{"@context":"https:\/\/schema.org","@graph":[{"@type":"WebPage","@id":"https:\/\/galyarabok.drk.hu\/dr-bagdy-emoke\/","url":"https:\/\/galyarabok.drk.hu\/dr-bagdy-emoke\/","name":"dr. Bagdy Em\u0151ke","isPartOf":{"@id":"https:\/\/galyarabok.drk.hu\/#website"},"datePublished":"2024-10-12T12:00:00+00:00","dateModified":"2024-10-24T20:02:49+00:00","breadcrumb":{"@id":"https:\/\/galyarabok.drk.hu\/dr-bagdy-emoke\/#breadcrumb"},"inLanguage":"en-GB","potentialAction":[{"@type":"ReadAction","target":["https:\/\/galyarabok.drk.hu\/dr-bagdy-emoke\/"]}]},{"@type":"BreadcrumbList","@id":"https:\/\/galyarabok.drk.hu\/dr-bagdy-emoke\/#breadcrumb","itemListElement":[{"@type":"ListItem","position":1,"name":"Kezd\u0151lap","item":"https:\/\/galyarabok.drk.hu\/"},{"@type":"ListItem","position":2,"name":"dr. Bagdy Em\u0151ke"}]},{"@type":"WebSite","@id":"https:\/\/galyarabok.drk.hu\/#website","url":"https:\/\/galyarabok.drk.hu\/","name":"G\u00e1lyarab-eml\u00e9k\u00fat","description":"The remembrance of the Hungarian protestant galley slaves. Made and can be visited from the 350th anniversary of the galley slavery (2024)","publisher":{"@id":"https:\/\/galyarabok.drk.hu\/#organization"},"potentialAction":[{"@type":"SearchAction","target":{"@type":"EntryPoint","urlTemplate":"https:\/\/galyarabok.drk.hu\/?s={search_term_string}"},"query-input":{"@type":"PropertyValueSpecification","valueRequired":true,"valueName":"search_term_string"}}],"inLanguage":"en-GB"},{"@type":"Organization","@id":"https:\/\/galyarabok.drk.hu\/#organization","name":"G\u00e1lyarab-eml\u00e9k\u00fat","url":"https:\/\/galyarabok.drk.hu\/","logo":{"@type":"ImageObject","inLanguage":"en-GB","@id":"https:\/\/galyarabok.drk.hu\/#\/schema\/logo\/image\/","url":"https:\/\/galyarabok.drk.hu\/wp-content\/uploads\/2021\/02\/cropped-galya-kor-arny-vilagos.png","contentUrl":"https:\/\/galyarabok.drk.hu\/wp-content\/uploads\/2021\/02\/cropped-galya-kor-arny-vilagos.png","width":102,"height":100,"caption":"G\u00e1lyarab-eml\u00e9k\u00fat"},"image":{"@id":"https:\/\/galyarabok.drk.hu\/#\/schema\/logo\/image\/"},"sameAs":["https:\/\/www.facebook.com\/profile.php?id=61567825314709"]}]}},"_links":{"self":[{"href":"https:\/\/galyarabok.drk.hu\/gb\/wp-json\/wp\/v2\/pages\/1269","targetHints":{"allow":["GET"]}}],"collection":[{"href":"https:\/\/galyarabok.drk.hu\/gb\/wp-json\/wp\/v2\/pages"}],"about":[{"href":"https:\/\/galyarabok.drk.hu\/gb\/wp-json\/wp\/v2\/types\/page"}],"author":[{"embeddable":true,"href":"https:\/\/galyarabok.drk.hu\/gb\/wp-json\/wp\/v2\/users\/1"}],"replies":[{"embeddable":true,"href":"https:\/\/galyarabok.drk.hu\/gb\/wp-json\/wp\/v2\/comments?post=1269"}],"version-history":[{"count":1,"href":"https:\/\/galyarabok.drk.hu\/gb\/wp-json\/wp\/v2\/pages\/1269\/revisions"}],"predecessor-version":[{"id":1270,"href":"https:\/\/galyarabok.drk.hu\/gb\/wp-json\/wp\/v2\/pages\/1269\/revisions\/1270"}],"wp:attachment":[{"href":"https:\/\/galyarabok.drk.hu\/gb\/wp-json\/wp\/v2\/media?parent=1269"}],"wp:term":[{"taxonomy":"category","embeddable":true,"href":"https:\/\/galyarabok.drk.hu\/gb\/wp-json\/wp\/v2\/categories?post=1269"},{"taxonomy":"post_tag","embeddable":true,"href":"https:\/\/galyarabok.drk.hu\/gb\/wp-json\/wp\/v2\/tags?post=1269"}],"curies":[{"name":"wp","href":"https:\/\/api.w.org\/{rel}","templated":true}]}}