{"id":1240,"date":"2024-10-12T08:00:00","date_gmt":"2024-10-12T08:00:00","guid":{"rendered":"https:\/\/galyarabok.drk.hu\/?page_id=1240"},"modified":"2024-10-24T20:00:38","modified_gmt":"2024-10-24T20:00:38","slug":"czegledi-istvan-leszarm","status":"publish","type":"page","link":"https:\/\/galyarabok.drk.hu\/gb\/czegledi-istvan-leszarm\/","title":{"rendered":"Czegl\u00e9di Istv\u00e1n lesz\u00e1rmazottai"},"content":{"rendered":"<p><strong><a href=\"https:\/\/galyarabok.drk.hu\/gb\/czegledi-peter\/\" data-internallinksmanager029f6b8e52c=\"38\" title=\"Czegl\u00e9di P\u00e9ter\">Czegl\u00e9di<\/a> Istv\u00e1n<\/strong> (1620\u20131671), kassai lelk\u00e9sz<\/p>\n<p>Az erd\u00e9lyi II. R\u00e1k\u00f3czi Gy\u00f6rgy fejedelem egyik diplomat\u00e1ja, \u0151 is temette. Az 1660-as \u00e9vekben sok hitvit\u00e1ban vett r\u00e9szt a kassai jezsuit\u00e1kkal ellen, jelent\u0151s sz\u00e1m\u00fa hitv\u00e9delmi iratot adott ki. Sok \u00fcld\u00f6ztet\u00e9sben volt r\u00e9sze, b\u00f6rt\u00f6nz\u00e9s \u00e9s k\u00ednz\u00e1s ut\u00e1n 1670-ben Pozsonyba indult a per\u00e9re, de Nagyszombat hat\u00e1r\u00e1ban meghalt. Hal\u00e1l\u00e1ra eml\u00e9kverseket \u00edrtak a kort\u00e1rsai \u00e9s utols\u00f3, posztumusz k\u00f6tete el\u00e9 illesztve jelentett\u00e9k meg ezeket.<\/p>\n<ul>\n<li>fia P\u00e9ter (1642\u20131688), l\u00e9vai lelk\u00e9sz, g\u00e1lyarab;<\/li>\n<li>\u00e9s m\u00e1sik fia, P\u00e1l (1659\u20131712), bihardi\u00f3szegi ref. lelk\u00e9sz, \u00e9rmell\u00e9ki esperes;<\/li>\n<li>m\u00e1sodik feles\u00e9ge volt K\u00f6les\u00e9ri Mih\u00e1ly \u00f6zvegye, Kalm\u00e1r Anna, akinek P\u00e1l lett ebb\u0151l a h\u00e1zass\u00e1gb\u00f3l a fia, az el\u0151z\u0151b\u0151l pedig id. K\u00f6les\u00e9ri S\u00e1muel (1634\u20131683), aki k\u00e9s\u0151bb a v\u00e1radi Collegium tan\u00e1ra, majd tokaji, debreceni lelk\u00e9sz, \u00e9s ugyanott esperes lett. Az \u0151 fia volt ifj. K\u00f6les\u00e9ri S\u00e1muel (1663\u20131732), a 18. sz\u00e1zad legismertebb polihisztora, lelk\u00e9sz, orvos, mineral\u00f3gus, az 1717-es bibliakiad\u00e1s korrektora. Egyik veje pedig Hodosi S\u00e1muel (1654\u20131748), a dun\u00e1nt\u00fali ref. egyh\u00e1zker\u00fclet p\u00fcsp\u00f6ke. Ut\u00f3bbit\u00f3l ismerj\u00fck a g\u00e1lyarabs\u00e1g jeleneteit rajzon, melyek S. Varga Katalinnak a pozsonyi per jegyz\u0151k\u00f6nyv\u00e9t megjelentet\u0151 k\u00f6nyv\u00e9t d\u00edsz\u00edtik.<\/li>\n<li>Czegl\u00e9di lesz\u00e1rmazottjaik\u00e9nt tartj\u00e1k magukat sz\u00e1mon a 20. sz\u00e1zadb\u00f3l: Czegl\u00e9dy S\u00e1ndor (1883\u20131944), K\u00e1lvin \u00e9s Kuyper m\u0171veinek \u00e9s a bibli\u00e1nak hiteles ford\u00edt\u00f3ja volt.<\/li>\n<li>el\u0151bbinek a fia: dr. Czegl\u00e9dy S\u00e1ndor (1909\u20131998), debreceni gyakorlati teol\u00f3giai prof. \u00e9s csal\u00e1dja,<\/li>\n<li>el\u0151bbi l\u00e1nya: dr. Czegl\u00e9dy M\u00e1ria \u00e9s annak f\u00e9rje, dr. Ga\u00e1l Botond, debreceni dogmatika prof.<\/li>\n<\/ul>\n","protected":false},"excerpt":{"rendered":"<p>Czegl\u00e9di Istv\u00e1n (1620\u20131671), kassai lelk\u00e9sz Az erd\u00e9lyi II. R\u00e1k\u00f3czi Gy\u00f6rgy fejedelem egyik diplomat\u00e1ja, \u0151 is temette. Az 1660-as \u00e9vekben sok [&hellip;]<\/p>\n","protected":false},"author":1,"featured_media":0,"parent":0,"menu_order":0,"comment_status":"closed","ping_status":"closed","template":"","meta":{"footnotes":""},"categories":[41],"tags":[],"class_list":["post-1240","page","type-page","status-publish","hentry","category-galyarab-csaladok"],"translation":{"provider":"WPGlobus","version":"3.0.2","language":"gb","enabled_languages":["hu","gb"],"languages":{"hu":{"title":true,"content":true,"excerpt":false},"gb":{"title":false,"content":false,"excerpt":false}}},"yoast_head":"<!-- This site is optimized with the Yoast SEO plugin v27.2 - https:\/\/yoast.com\/product\/yoast-seo-wordpress\/ -->\n<title>Czegl\u00e9di Istv\u00e1n lesz\u00e1rmazottai<\/title>\n<meta name=\"robots\" content=\"index, follow, max-snippet:-1, max-image-preview:large, max-video-preview:-1\" \/>\n<link rel=\"canonical\" href=\"https:\/\/galyarabok.drk.hu\/czegledi-istvan-leszarm\/\" \/>\n<meta property=\"og:locale\" content=\"en_GB\" \/>\n<meta property=\"og:type\" content=\"article\" \/>\n<meta property=\"og:title\" content=\"Czegl\u00e9di Istv\u00e1n lesz\u00e1rmazottai\" \/>\n<meta property=\"og:url\" content=\"https:\/\/galyarabok.drk.hu\/czegledi-istvan-leszarm\/\" \/>\n<meta property=\"og:site_name\" content=\"Galley slave memorial road\" \/>\n<meta property=\"article:publisher\" content=\"https:\/\/www.facebook.com\/profile.php?id=61567825314709\" \/>\n<meta property=\"article:modified_time\" content=\"2024-10-24T20:00:38+00:00\" \/>\n<meta property=\"og:image\" content=\"https:\/\/galyarabok.drk.hu\/wp-content\/uploads\/2021\/02\/cropped-galya-kor-arny-vilagos-1.png\" \/>\n\t<meta property=\"og:image:width\" content=\"512\" \/>\n\t<meta property=\"og:image:height\" content=\"512\" \/>\n\t<meta property=\"og:image:type\" content=\"image\/png\" \/>\n<meta name=\"twitter:card\" content=\"summary_large_image\" \/>\n<meta name=\"twitter:label1\" content=\"Est. reading time\" \/>\n\t<meta name=\"twitter:data1\" content=\"2 minutes\" \/>\n<script type=\"application\/ld+json\" class=\"yoast-schema-graph\">{\"@context\":\"https:\/\/schema.org\",\"@graph\":[{\"@type\":\"WebPage\",\"@id\":\"https:\/\/galyarabok.drk.hu\/czegledi-istvan-leszarm\/\",\"url\":\"https:\/\/galyarabok.drk.hu\/czegledi-istvan-leszarm\/\",\"name\":\"Czegl\u00e9di Istv\u00e1n lesz\u00e1rmazottai\",\"isPartOf\":{\"@id\":\"https:\/\/galyarabok.drk.hu\/#website\"},\"datePublished\":\"2024-10-12T08:00:00+00:00\",\"dateModified\":\"2024-10-24T20:00:38+00:00\",\"breadcrumb\":{\"@id\":\"https:\/\/galyarabok.drk.hu\/czegledi-istvan-leszarm\/#breadcrumb\"},\"inLanguage\":\"en-GB\",\"potentialAction\":[{\"@type\":\"ReadAction\",\"target\":[\"https:\/\/galyarabok.drk.hu\/czegledi-istvan-leszarm\/\"]}]},{\"@type\":\"BreadcrumbList\",\"@id\":\"https:\/\/galyarabok.drk.hu\/czegledi-istvan-leszarm\/#breadcrumb\",\"itemListElement\":[{\"@type\":\"ListItem\",\"position\":1,\"name\":\"Kezd\u0151lap\",\"item\":\"https:\/\/galyarabok.drk.hu\/\"},{\"@type\":\"ListItem\",\"position\":2,\"name\":\"Czegl\u00e9di Istv\u00e1n lesz\u00e1rmazottai\"}]},{\"@type\":\"WebSite\",\"@id\":\"https:\/\/galyarabok.drk.hu\/#website\",\"url\":\"https:\/\/galyarabok.drk.hu\/\",\"name\":\"G\u00e1lyarab-eml\u00e9k\u00fat\",\"description\":\"The remembrance of the Hungarian protestant galley slaves. Made and can be visited from the 350th anniversary of the galley slavery (2024)\",\"publisher\":{\"@id\":\"https:\/\/galyarabok.drk.hu\/#organization\"},\"potentialAction\":[{\"@type\":\"SearchAction\",\"target\":{\"@type\":\"EntryPoint\",\"urlTemplate\":\"https:\/\/galyarabok.drk.hu\/?s={search_term_string}\"},\"query-input\":{\"@type\":\"PropertyValueSpecification\",\"valueRequired\":true,\"valueName\":\"search_term_string\"}}],\"inLanguage\":\"en-GB\"},{\"@type\":\"Organization\",\"@id\":\"https:\/\/galyarabok.drk.hu\/#organization\",\"name\":\"G\u00e1lyarab-eml\u00e9k\u00fat\",\"url\":\"https:\/\/galyarabok.drk.hu\/\",\"logo\":{\"@type\":\"ImageObject\",\"inLanguage\":\"en-GB\",\"@id\":\"https:\/\/galyarabok.drk.hu\/#\/schema\/logo\/image\/\",\"url\":\"https:\/\/galyarabok.drk.hu\/wp-content\/uploads\/2021\/02\/cropped-galya-kor-arny-vilagos.png\",\"contentUrl\":\"https:\/\/galyarabok.drk.hu\/wp-content\/uploads\/2021\/02\/cropped-galya-kor-arny-vilagos.png\",\"width\":102,\"height\":100,\"caption\":\"G\u00e1lyarab-eml\u00e9k\u00fat\"},\"image\":{\"@id\":\"https:\/\/galyarabok.drk.hu\/#\/schema\/logo\/image\/\"},\"sameAs\":[\"https:\/\/www.facebook.com\/profile.php?id=61567825314709\"]}]}<\/script>\n<!-- \/ Yoast SEO plugin. -->","yoast_head_json":{"title":"Czegl\u00e9di Istv\u00e1n lesz\u00e1rmazottai","robots":{"index":"index","follow":"follow","max-snippet":"max-snippet:-1","max-image-preview":"max-image-preview:large","max-video-preview":"max-video-preview:-1"},"canonical":"https:\/\/galyarabok.drk.hu\/czegledi-istvan-leszarm\/","og_locale":"en_GB","og_type":"article","og_title":"Czegl\u00e9di Istv\u00e1n lesz\u00e1rmazottai","og_url":"https:\/\/galyarabok.drk.hu\/czegledi-istvan-leszarm\/","og_site_name":"Galley slave memorial road","article_publisher":"https:\/\/www.facebook.com\/profile.php?id=61567825314709","article_modified_time":"2024-10-24T20:00:38+00:00","og_image":[{"width":512,"height":512,"url":"https:\/\/galyarabok.drk.hu\/wp-content\/uploads\/2021\/02\/cropped-galya-kor-arny-vilagos-1.png","type":"image\/png"}],"twitter_card":"summary_large_image","twitter_misc":{"Est. reading time":"2 minutes"},"schema":{"@context":"https:\/\/schema.org","@graph":[{"@type":"WebPage","@id":"https:\/\/galyarabok.drk.hu\/czegledi-istvan-leszarm\/","url":"https:\/\/galyarabok.drk.hu\/czegledi-istvan-leszarm\/","name":"Czegl\u00e9di Istv\u00e1n lesz\u00e1rmazottai","isPartOf":{"@id":"https:\/\/galyarabok.drk.hu\/#website"},"datePublished":"2024-10-12T08:00:00+00:00","dateModified":"2024-10-24T20:00:38+00:00","breadcrumb":{"@id":"https:\/\/galyarabok.drk.hu\/czegledi-istvan-leszarm\/#breadcrumb"},"inLanguage":"en-GB","potentialAction":[{"@type":"ReadAction","target":["https:\/\/galyarabok.drk.hu\/czegledi-istvan-leszarm\/"]}]},{"@type":"BreadcrumbList","@id":"https:\/\/galyarabok.drk.hu\/czegledi-istvan-leszarm\/#breadcrumb","itemListElement":[{"@type":"ListItem","position":1,"name":"Kezd\u0151lap","item":"https:\/\/galyarabok.drk.hu\/"},{"@type":"ListItem","position":2,"name":"Czegl\u00e9di Istv\u00e1n lesz\u00e1rmazottai"}]},{"@type":"WebSite","@id":"https:\/\/galyarabok.drk.hu\/#website","url":"https:\/\/galyarabok.drk.hu\/","name":"G\u00e1lyarab-eml\u00e9k\u00fat","description":"The remembrance of the Hungarian protestant galley slaves. Made and can be visited from the 350th anniversary of the galley slavery (2024)","publisher":{"@id":"https:\/\/galyarabok.drk.hu\/#organization"},"potentialAction":[{"@type":"SearchAction","target":{"@type":"EntryPoint","urlTemplate":"https:\/\/galyarabok.drk.hu\/?s={search_term_string}"},"query-input":{"@type":"PropertyValueSpecification","valueRequired":true,"valueName":"search_term_string"}}],"inLanguage":"en-GB"},{"@type":"Organization","@id":"https:\/\/galyarabok.drk.hu\/#organization","name":"G\u00e1lyarab-eml\u00e9k\u00fat","url":"https:\/\/galyarabok.drk.hu\/","logo":{"@type":"ImageObject","inLanguage":"en-GB","@id":"https:\/\/galyarabok.drk.hu\/#\/schema\/logo\/image\/","url":"https:\/\/galyarabok.drk.hu\/wp-content\/uploads\/2021\/02\/cropped-galya-kor-arny-vilagos.png","contentUrl":"https:\/\/galyarabok.drk.hu\/wp-content\/uploads\/2021\/02\/cropped-galya-kor-arny-vilagos.png","width":102,"height":100,"caption":"G\u00e1lyarab-eml\u00e9k\u00fat"},"image":{"@id":"https:\/\/galyarabok.drk.hu\/#\/schema\/logo\/image\/"},"sameAs":["https:\/\/www.facebook.com\/profile.php?id=61567825314709"]}]}},"_links":{"self":[{"href":"https:\/\/galyarabok.drk.hu\/gb\/wp-json\/wp\/v2\/pages\/1240","targetHints":{"allow":["GET"]}}],"collection":[{"href":"https:\/\/galyarabok.drk.hu\/gb\/wp-json\/wp\/v2\/pages"}],"about":[{"href":"https:\/\/galyarabok.drk.hu\/gb\/wp-json\/wp\/v2\/types\/page"}],"author":[{"embeddable":true,"href":"https:\/\/galyarabok.drk.hu\/gb\/wp-json\/wp\/v2\/users\/1"}],"replies":[{"embeddable":true,"href":"https:\/\/galyarabok.drk.hu\/gb\/wp-json\/wp\/v2\/comments?post=1240"}],"version-history":[{"count":9,"href":"https:\/\/galyarabok.drk.hu\/gb\/wp-json\/wp\/v2\/pages\/1240\/revisions"}],"predecessor-version":[{"id":1348,"href":"https:\/\/galyarabok.drk.hu\/gb\/wp-json\/wp\/v2\/pages\/1240\/revisions\/1348"}],"wp:attachment":[{"href":"https:\/\/galyarabok.drk.hu\/gb\/wp-json\/wp\/v2\/media?parent=1240"}],"wp:term":[{"taxonomy":"category","embeddable":true,"href":"https:\/\/galyarabok.drk.hu\/gb\/wp-json\/wp\/v2\/categories?post=1240"},{"taxonomy":"post_tag","embeddable":true,"href":"https:\/\/galyarabok.drk.hu\/gb\/wp-json\/wp\/v2\/tags?post=1240"}],"curies":[{"name":"wp","href":"https:\/\/api.w.org\/{rel}","templated":true}]}}