{"id":1237,"date":"2024-10-12T08:22:41","date_gmt":"2024-10-12T08:22:41","guid":{"rendered":"https:\/\/galyarabok.drk.hu\/?page_id=1237"},"modified":"2026-01-31T13:18:59","modified_gmt":"2026-01-31T13:18:59","slug":"torteneti-elemzesek","status":"publish","type":"page","link":"https:\/\/galyarabok.drk.hu\/gb\/torteneti-elemzesek\/","title":{"rendered":"Historical analyses"},"content":{"rendered":"\n<p>G\u00e9za Antal: <em>De Ruyter Mih\u00e1ly eml\u00e9kezete<\/em> (Remembrance on Mih\u00e1ly De Ruyter), <a href=\"https:\/\/galyarabok.drk.hu\/gb\/papa\/\" data-internallinksmanager029f6b8e52c=\"98\" title=\"P\u00e1pa\">P\u00e1pa<\/a>, College Press, 1926.\u00b2<\/p>\n\n\n\n<p>Elem\u00e9r Balogh: <em>Az evangy\u00e9liom v\u00e9rtan\u00fai<\/em> (The Martyrs of the Evangel), Bratislava, Wigand, 1900.<\/p>\n\n\n\n<p>Ferenc Balogh: <em>Eml\u00e9kbesz\u00e9d a g\u00e1lyarab papok debreceni eml\u00e9koszlop\u00e1nak leleplez\u00e9si \u00fcnnep\u00e9ly\u00e9n<\/em> (Memorial Speech at the Unveiling Ceremony of the Memorial Column for the Galley Slave Preachers in <a href=\"https:\/\/galyarabok.drk.hu\/gb\/debrecen\/\" data-internallinksmanager029f6b8e52c=\"22\" title=\"Debrecen\">Debrecen<\/a>). Debrecen, 1895.<\/p>\n\n\n\n<p>L\u00e1szl\u00f3 Bencz\u00e9di: <em>A pr\u00e9dik\u00e1torperek t\u00f6rt\u00e9neti h\u00e1ttere: a lip\u00f3ti abszol\u00fatizmus ad\u00f3- \u00e9s vall\u00e1spolitik\u00e1j\u00e1nak \u00f6sszef\u00fcgg\u00e9sei<\/em> (The Historical Background of the Preacher Trials: Connections of Tax and Religious Policy under Leopold&#8217;s Absolutism), Theol\u00f3giai&nbsp;Szemle (Theological Review) 17 (1975\/7\u20138), pp. 199\u2013206, 17 (1975\/9\u201310), pp. 262\u2013267.<\/p>\n\n\n\n<p>Jan-Andrea Bernhard: <em>Konsolidierung des reformierten Bekenntnisses im Reich der Stephanskrone: Ein Beitrag zur Kommunikationsgeschichte zwischen Ungarn und der Schweiz in der fr\u00fchen Neuzeit (1500\u20131700)<\/em>, Vandenhoeck &amp; Ruprecht, 2017 (Refo500 Academic Studies, 19).<\/p>\n\n\n\n<p>Istv\u00e1n Borsos: <em>A pozsonyi rendkiv\u00fcli t\u00f6rv\u00e9nysz\u00e9k \u00e9s a g\u00e1lyarabok t\u00f6rt\u00e9nete (1674\u20131676): a protest\u00e1ns nagy k\u00f6z\u00f6ns\u00e9g sz\u00e1m\u00e1ra<\/em> (The History of the Special Court in Bratislava and of the Galley Slaves (1674\u20131676): for the Protestant General Public), P\u00e1pa, Evangelical Reformed College, 1893; Szentgotth\u00e1rd, B\u00e9la Wellisch, 1911.<\/p>\n\n\n\n<p>Zsigmond L\u00e1szl\u00f3 Bujt\u00e1s: A pozsonyi v\u00e9szt\u00f6rv\u00e9nysz\u00e9kr\u0151l \u00e9s a g\u00e1lyarabs\u00e1gr\u00f3l sz\u00f3l\u00f3, magyar szerz\u0151kt\u0151l sz\u00e1rmaz\u00f3 sz\u00f6vegek sorsa 17\u201318. sz\u00e1zadi holland kiadv\u00e1nyokban(The Fate of the Texts Published by Hungarian Authors on the Bratislava Special Court and &nbsp;on Galley Slavery in Dutch Publications from 17th until 18th centuries, <em>K\u00f6nyv \u00e9s K\u00f6nyvt\u00e1r<\/em> (Book and Library), 25 (2003), pp. 115\u2013157. <a href=\"https:\/\/dea.lib.unideb.hu\/dea\/bitstream\/handle\/2437\/164075\/KK_2003.pdf\">https:\/\/dea.lib.unideb.hu\/dea\/bitstream\/handle\/2437\/164075\/KK_2003.pdf<\/a><\/p>\n\n\n\n<p>D\u00e1vid Csorba: Sv\u00e1jci forr\u00e1sok a magyarorsz\u00e1gi g\u00e1lyarabok t\u00f6rt\u00e9net\u00e9nek kutat\u00e1s\u00e1hoz, in: Tam\u00e1s Gergely Fazakas et al. (eds.), <em>M\u00e1rt\u00edrium \u00e9s eml\u00e9kezet: Protest\u00e1ns \u00e9s katolikus narrat\u00edv\u00e1k a 15\u201319. sz\u00e1zadban<\/em> (Swiss Sources for Researching the History of Hungarian Galley Slaves, in: Martyrdom and Remembrance: Protestant and Catholic Narratives in the Centuries from 15th until 19th), Debrecen, University of Debrecen Press, 2015 (Loci Memoriae Hungaricae, 3), pp. 166\u2013178. <a href=\"https:\/\/dea.lib.unideb.hu\/dea\/bitstream\/handle\/2437\/280280\/LMH_4.pdf?sequence=1&amp;isAllowed=y\">https:\/\/dea.lib.unideb.hu\/dea\/bitstream\/handle\/2437\/280280\/LMH_4.pdf?sequence=1&amp;isAllowed=y<\/a>.<\/p>\n\n\n\n<p>D\u00e1vid Csorba: <em>Az \u00fan. Cs\u00e9csi-\u00f6szt\u00f6nd\u00edj iratai<\/em> (The So-called Cs\u00e9csi Scholarship Documents), Online Document, Documents (pp. 103) and Digital Photos (1000 items), <a href=\"https:\/\/galyarabok.drk.hu\/gb\/sarospatak\/\" data-internallinksmanager029f6b8e52c=\"107\" title=\"S\u00e1rospatak\">S\u00e1rospatak<\/a>, 2018, see: <a href=\"https:\/\/patakarchiv.hu\/portal\/index.php?option=com_docman&amp;view=list&amp;layout=default&amp;slug=csorba-david-az-un-csecsi-osztondij-iratai&amp;own=0&amp;Itemid=395\">https:\/\/patakarchiv.hu\/portal\/index.php?option=com_docman&amp;view=list&amp;layout=default&amp;slug=csorba-david-az-un-csecsi-osztondij-iratai&amp;own=0&amp;Itemid=395<\/a><\/p>\n\n\n\n<p>Zsolt Czinke: Az identit\u00e1s a gy\u00e1sz\u00e9vtized alatt, k\u00fcl\u00f6n\u00f6s tekintettel <a href=\"https:\/\/galyarabok.drk.hu\/gb\/batorkeszi-istvan\/\" data-internallinksmanager029f6b8e52c=\"36\" title=\"B\u00e1torkeszi Istv\u00e1n\">B\u00e1torkeszi Istv\u00e1n<\/a> g\u00e1lyarab pr\u00e9dik\u00e1tor \u00e9let\u00e9re, in: Attila L\u00e9vai (ed.),<em> A vall\u00e1si, az egyh\u00e1zi \u00e9s a lelk\u00e9szi identit\u00e1s aktu\u00e1lis k\u00e9rd\u00e9sei <\/em>(Identity during the Decade of Mourning, with special regard to the life of Istv\u00e1n B\u00e1torkeszi, galley slave preacher, in: Current issues of religious, church, and clerical identity), <a href=\"https:\/\/galyarabok.drk.hu\/gb\/komarom\/\" data-internallinksmanager029f6b8e52c=\"66\" title=\"Kom\u00e1rom\">Kom\u00e1rom<\/a>: Calvin J. Theological Academy, 2015, pp. 66\u201376.<\/p>\n\n\n\n<p>Tibor Fabiny: A gy\u00e1sz\u00e9vtized evang\u00e9likus t\u00f6rt\u00e9net\u00edr\u00f3i (The Lutheran Historians of the Decade of Mourning), <em>Theol\u00f3giai Szemle<\/em> (Theological Review) 17(1975\/9\u201310), pp. 258\u2013264.<\/p>\n\n\n\n<p>Theodor Fliedner: <em>Buch der M\u00e4rtyrer und anderer Glaubenszeugen der evangelischen Kirche<\/em>, 1\u20134. Bd., Kaiserswerth, 1849\u201359.<\/p>\n\n\n\n<p>Johannes H\u00e4ne: <em>Die Befreiung ungarischer Pr\u00e4dikanten von den Galeeren in Neapel und ihr Aufenthalt in Z\u00fcrich<\/em> (1675\u20131677), Z\u00fcrcher Taschenbuch 27(1904), pp. 121\u2013188.<\/p>\n\n\n\n<p>J\u00e1nos Heltai: A hiteless\u00e9g narrat\u00edv\u00e1ja az Extractus Brevis (1675) c\u00edm\u0171 r\u00f6piratban: Adal\u00e9kok a g\u00e1lyarabper publicisztik\u00e1j\u00e1hoz (The Narrative of Authenticity in the Leaflet Extractus Brevis (1675): Contributions to the Publicistic Approach of the Galley Slave Trial), in \u00c1gnes Stemler (ed.), <em>Forr\u00e1sok \u00e9s hagyom\u00e1nyk\u00e9pek <\/em>(Sources and Images of Tradition), Budapest, Gondolat, OSZK, 2014, pp. 20\u201330.<\/p>\n\n\n\n<p>S\u00e1ndor Lad\u00e1nyi: A \u201egy\u00e1sz\u00e9vtized\u201d t\u00f6rt\u00e9net\u00e9nek forr\u00e1sai \u00e9s szakirodalma: Eredm\u00e9nyek \u00e9s feladatok (Sources and Literature of the History of the &#8216;Decade of Mourning&#8217;: Results and Tasks), <em>Theologiai Szemle <\/em>(Theological Review) 18(1975), pp. 15\u201323. <a href=\"https:\/\/adtplus.arcanum.hu\/en\/view\/TheologiaiSzemle_1975\/?pg=16&amp;layout=s\">https:\/\/adtplus.arcanum.hu\/en\/view\/TheologiaiSzemle_1975\/?pg=16&amp;layout=s<\/a><\/p>\n\n\n\n<p>Eva Kowalsk\u00e1: Die Verfolgung und Rettung: Die lutherischen Pastoren in Westungarn in und nach der Trauerdekade, in Deutsche Sprache, Kultur und Presse in Westungarn \/ Burgenland (Persecution and Rescue: The Lutheran Preachers in Western Hungary During and After the Decade of Mourning, in: Wynfrid Kriegleder, Andrea Seidler (hrsg.), <em>German Language, Culture, and Press in Western Hungary \/ Burgenland)<\/em>, Bremen 2004 (Presse und Geschichte, Neue Beitr\u00e4ge, 11), pp. 61\u201371.<\/p>\n\n\n\n<p>L\u00e1szl\u00f3 Makkai (ed.): <em>Galerium omnium sanctorum \/ A magyarrosz\u00e1gi g\u00e1lyarab pr\u00e9dik\u00e1torok eml\u00e9kezete<\/em> (The Remembrance of Hungarian Galley Slave Preachers), Budapest, Magyar Helikon 1976.<\/p>\n\n\n\n<p>Hajnalka V\u00f6r\u00f6s M\u00e1rkusn\u00e9: Az 1674. \u00e9vi g\u00e1lyarabper v\u00e1djai a Veszpr\u00e9mi k\u00e1ptalan irataiban, in: Istv\u00e1n Gau\u010d\u00edk (ed.), <em>A Pozsonyi \u00c1llami Lev\u00e9lt\u00e1r V\u00e1gsellyei fi\u00f3klev\u00e9lt\u00e1r\u00e1nak \u00e9vk\u00f6nyve<\/em> (The Charges in the Galley Slave Trial of the year of 1674 in the Documents of the <a href=\"https:\/\/galyarabok.drk.hu\/gb\/veszprem\/\" data-internallinksmanager029f6b8e52c=\"129\" title=\"Veszpr\u00e9m\">Veszpr\u00e9m<\/a> Chapter, in: The Yearbook of the <a href=\"https:\/\/galyarabok.drk.hu\/gb\/vagsellye\/\" data-internallinksmanager029f6b8e52c=\"127\" title=\"V\u00e1gsellye\">V\u00e1gsellye<\/a> Branch Archive of the Bratislava State Archive), V\u00e1gsellye, Bratislava State Archive V\u00e1gsellye Branch Archive, 2005 (Archivum Sala \/ Archival Yearbook, 2), pp. 42\u201347.<\/p>\n\n\n\n<p>Vilmos B\u00e9la Mihalik: Az 1674. \u00e9vi g\u00e1lyarabper el\u0151zm\u00e9nyei \u00e9s a b\u00e9csi udvar, in: Tam\u00e1s Gergely Fazakas et al. (eds.), <em>M\u00e1rt\u00edrium \u00e9s eml\u00e9kezet: Protest\u00e1ns \u00e9s katolikus narrat\u00edv\u00e1k a 15\u201319. sz\u00e1zadban<\/em> (The Precursors of the Galley Slaves Trial of the year of 1674 and the Viennese Court, in: Martyrdom and Remembrance: Protestant and Catholic Narratives in the 15th\u201319th Centuries, Debrecen, University Press, 2014 (Loci Memoriae Hungaricae, 3), pp. 111\u2013120.<\/p>\n\n\n\n<p>\u00d6d\u00f6n Mikl\u00f3s: <em>Holland intervenci\u00f3 a magyar protestantizmus \u00e9rdek\u00e9ben (1674\u20131680): Egyh\u00e1zt\u00f6rt\u00e9nelmi tanulm\u00e1ny<\/em> (Dutch Intervention in the Interest of Hungarian Protestantism (1674\u20131680): A Church History Study), P\u00e1pa, College Press, 1918.<\/p>\n\n\n\n<p>G\u00e9za Nagy: <em>K\u00e1lvinista jellemk\u00e9pek: Akik k\u0151szikl\u00e1ra \u00e9p\u00edtettek<\/em> (Calvinist Character Portraits: Those Who Built on the Rock), Kolozsv\u00e1r, 1930.<\/p>\n\n\n\n<p>S\u00e1ndor Payr: <em>A magyar protest\u00e1ns g\u00e1lyarabok<\/em> (The Hungarian Protestant Galley Slaves), Budapest, Luther Society, 1927 (Kereszty\u00e9n hith\u0151s\u00f6k, 2) <a href=\"https:\/\/medit.lutheran.hu\/files\/1_Payr_08_Galya_1927.pdf\">https:\/\/medit.lutheran.hu\/files\/1_Payr_08_Galya_1927.pdf<\/a><\/p>\n\n\n\n<p>Zsuzsanna M\u00e1rta Pint\u00e9r: Theatrum Eperjesiensis: A g\u00e1lyarab sorsok sz\u00ednpadi narr\u00e1ci\u00f3ja (Theatrum Eperjesiensis: The Stage Narrative of Galley Slave Fates), in: Tam\u00e1s Gergely Fazakas et al. (eds.), <em>M\u00e1rt\u00edrium \u00e9s eml\u00e9kezet: Protest\u00e1ns \u00e9s katolikus narrat\u00edv\u00e1k a 15\u201319. sz\u00e1zadban <\/em>(Martyrdom and Remembrance: Protestant and Catholic Narratives in the 15th\u201319th Centuries), Debrecen, University Press, 2015, pp. 154\u2013165.<\/p>\n\n\n\n<p>K\u00e1roly R\u00e1cz: <em>A pozsonyi v\u00e9rt\u00f6rv\u00e9nysz\u00e9k \u00e1ldozatai <\/em>(The Victims of the Bratislava Special Court), S\u00e1rospatak, Steinfeld, 1874; Lugos, Traunfellner, 1899\u00b2; Budapest, K\u00f3kai, 1905\u00b3.<\/p>\n\n\n\n<p>Istv\u00e1n Szab\u00f3:<em> Protest\u00e1ns egyh\u00e1zt\u00f6rt\u00e9neti adatok az 1670\u20131681. \u00e9vekb\u0151l a b\u00e9csi hadi lev\u00e9lt\u00e1rb\u00f3l<\/em> (Protestant Church History Data from the Years of 1670\u20131681 in the Vienna War Archives), Church History 1(1958), pp. 203\u2013230; Ibid., 2(1959), pp. 132\u2013174, pp. 301\u2013370.<\/p>\n\n\n\n<p>Etele Thury: <em>Adatok a magyar protest\u00e1ns g\u00e1lyarab lelk\u00e9szek t\u00f6rt\u00e9net\u00e9hez<\/em> (Data to the History of Hungarian Protestant Galley Slave Preachers), Budapest, Athenaeum, 1912.<\/p>\n\n\n\n<p>Gaston Tournier: <em>Les Gal<\/em><em>\u00e8<\/em><em>res de France et les gal<\/em><em>\u00e9<\/em><em>riens protestants des XVIIe et XVIIIe si<\/em><em>\u00e8<\/em><em>cles<\/em> (The Galleys of France and the Protestant Galley Slaves of the 17th and 18th Centuries), 1943\u20131949.<\/p>\n\n\n\n<p>Katalin S. Varga (ed., trans.): <em>Vitetnek \u00edt\u00e9l\u0151sz\u00e9kre\u2026 Az 1674-es g\u00e1lyarabper jegyz\u0151k\u00f6nyve<\/em> (Be Sent to the Court of Justice\u2026 The Protocol of the Galley Slave Trial in 1674), <a href=\"https:\/\/galyarabok.drk.hu\/gb\/pozsony\/\" data-internallinksmanager029f6b8e52c=\"100\" title=\"Pozsony\">Pozsony<\/a>, Kalligram, 2002.<\/p>\n\n\n\n<p>Endre Zsindely: Die Z\u00fcrcher Dokumente zur Geschichte der Galeeren-Prediger, in: Peter Barton, L\u00e1szl\u00f3 Makkai (hrsg.), <em>Rebellion oder Religion? Die Vortr\u00e4ge des internationalen Kirchenhistorischen Kolloquiums Debrecen, 12. 2. 1976<\/em>, Budapest, MRE Synodal Office, 1977 (Studien und Texte zur Kirchengeschichte und Geschichte, 2\/3; Studia et Acta Ecclesiastica, N. S., 3), pp. 111\u2013120.<\/p>\n\n\n\n<p>Endre Zsindely: Die Befreiung ungarisch\u2013protestantischer Prediger von den Galeeren und ihre Aufnahme in Z\u00fcrich vor 300 Jahren, <em>Z\u00fcrcher Taschenbuch <\/em>98(1978), pp. 119\u2013131.<\/p>\n","protected":false},"excerpt":{"rendered":"<p>G\u00e9za Antal: De Ruyter Mih\u00e1ly eml\u00e9kezete (Remembrance on Mih\u00e1ly De Ruyter), P\u00e1pa, College Press, 1926.\u00b2 Elem\u00e9r Balogh: Az evangy\u00e9liom v\u00e9rtan\u00fai [&hellip;]<\/p>\n","protected":false},"author":1,"featured_media":0,"parent":0,"menu_order":0,"comment_status":"closed","ping_status":"closed","template":"","meta":{"footnotes":""},"categories":[],"tags":[],"class_list":["post-1237","page","type-page","status-publish","hentry"],"translation":{"provider":"WPGlobus","version":"3.0.2","language":"gb","enabled_languages":["hu","gb"],"languages":{"hu":{"title":true,"content":true,"excerpt":false},"gb":{"title":true,"content":true,"excerpt":false}}},"yoast_head":"<!-- This site is optimized with the Yoast SEO plugin v27.2 - https:\/\/yoast.com\/product\/yoast-seo-wordpress\/ -->\n<title>Historical analyses<\/title>\n<meta name=\"robots\" content=\"index, follow, max-snippet:-1, max-image-preview:large, max-video-preview:-1\" \/>\n<link rel=\"canonical\" href=\"https:\/\/galyarabok.drk.hu\/torteneti-elemzesek\/\" \/>\n<meta property=\"og:locale\" content=\"en_GB\" \/>\n<meta property=\"og:type\" content=\"article\" \/>\n<meta property=\"og:title\" content=\"Historical analyses\" \/>\n<meta property=\"og:url\" content=\"https:\/\/galyarabok.drk.hu\/torteneti-elemzesek\/\" \/>\n<meta property=\"og:site_name\" content=\"Galley slave memorial road\" \/>\n<meta property=\"article:publisher\" content=\"https:\/\/www.facebook.com\/profile.php?id=61567825314709\" \/>\n<meta property=\"article:modified_time\" content=\"2026-01-31T13:18:59+00:00\" \/>\n<meta property=\"og:image\" content=\"https:\/\/galyarabok.drk.hu\/wp-content\/uploads\/2021\/02\/cropped-galya-kor-arny-vilagos-1.png\" \/>\n\t<meta property=\"og:image:width\" content=\"512\" \/>\n\t<meta property=\"og:image:height\" content=\"512\" \/>\n\t<meta property=\"og:image:type\" content=\"image\/png\" \/>\n<meta name=\"twitter:card\" content=\"summary_large_image\" \/>\n<meta name=\"twitter:label1\" content=\"Est. reading time\" \/>\n\t<meta name=\"twitter:data1\" content=\"6 minutes\" \/>\n<script type=\"application\/ld+json\" class=\"yoast-schema-graph\">{\"@context\":\"https:\/\/schema.org\",\"@graph\":[{\"@type\":\"WebPage\",\"@id\":\"https:\/\/galyarabok.drk.hu\/torteneti-elemzesek\/\",\"url\":\"https:\/\/galyarabok.drk.hu\/torteneti-elemzesek\/\",\"name\":\"Historical analyses\",\"isPartOf\":{\"@id\":\"https:\/\/galyarabok.drk.hu\/#website\"},\"datePublished\":\"2024-10-12T08:22:41+00:00\",\"dateModified\":\"2026-01-31T13:18:59+00:00\",\"breadcrumb\":{\"@id\":\"https:\/\/galyarabok.drk.hu\/torteneti-elemzesek\/#breadcrumb\"},\"inLanguage\":\"en-GB\",\"potentialAction\":[{\"@type\":\"ReadAction\",\"target\":[\"https:\/\/galyarabok.drk.hu\/torteneti-elemzesek\/\"]}]},{\"@type\":\"BreadcrumbList\",\"@id\":\"https:\/\/galyarabok.drk.hu\/torteneti-elemzesek\/#breadcrumb\",\"itemListElement\":[{\"@type\":\"ListItem\",\"position\":1,\"name\":\"Kezd\u0151lap\",\"item\":\"https:\/\/galyarabok.drk.hu\/\"},{\"@type\":\"ListItem\",\"position\":2,\"name\":\"T\u00f6rt\u00e9neti elemz\u00e9sek\"}]},{\"@type\":\"WebSite\",\"@id\":\"https:\/\/galyarabok.drk.hu\/#website\",\"url\":\"https:\/\/galyarabok.drk.hu\/\",\"name\":\"G\u00e1lyarab-eml\u00e9k\u00fat\",\"description\":\"The remembrance of the Hungarian protestant galley slaves. Made and can be visited from the 350th anniversary of the galley slavery (2024)\",\"publisher\":{\"@id\":\"https:\/\/galyarabok.drk.hu\/#organization\"},\"potentialAction\":[{\"@type\":\"SearchAction\",\"target\":{\"@type\":\"EntryPoint\",\"urlTemplate\":\"https:\/\/galyarabok.drk.hu\/?s={search_term_string}\"},\"query-input\":{\"@type\":\"PropertyValueSpecification\",\"valueRequired\":true,\"valueName\":\"search_term_string\"}}],\"inLanguage\":\"en-GB\"},{\"@type\":\"Organization\",\"@id\":\"https:\/\/galyarabok.drk.hu\/#organization\",\"name\":\"G\u00e1lyarab-eml\u00e9k\u00fat\",\"url\":\"https:\/\/galyarabok.drk.hu\/\",\"logo\":{\"@type\":\"ImageObject\",\"inLanguage\":\"en-GB\",\"@id\":\"https:\/\/galyarabok.drk.hu\/#\/schema\/logo\/image\/\",\"url\":\"https:\/\/galyarabok.drk.hu\/wp-content\/uploads\/2021\/02\/cropped-galya-kor-arny-vilagos.png\",\"contentUrl\":\"https:\/\/galyarabok.drk.hu\/wp-content\/uploads\/2021\/02\/cropped-galya-kor-arny-vilagos.png\",\"width\":102,\"height\":100,\"caption\":\"G\u00e1lyarab-eml\u00e9k\u00fat\"},\"image\":{\"@id\":\"https:\/\/galyarabok.drk.hu\/#\/schema\/logo\/image\/\"},\"sameAs\":[\"https:\/\/www.facebook.com\/profile.php?id=61567825314709\"]}]}<\/script>\n<!-- \/ Yoast SEO plugin. -->","yoast_head_json":{"title":"Historical analyses","robots":{"index":"index","follow":"follow","max-snippet":"max-snippet:-1","max-image-preview":"max-image-preview:large","max-video-preview":"max-video-preview:-1"},"canonical":"https:\/\/galyarabok.drk.hu\/torteneti-elemzesek\/","og_locale":"en_GB","og_type":"article","og_title":"Historical analyses","og_url":"https:\/\/galyarabok.drk.hu\/torteneti-elemzesek\/","og_site_name":"Galley slave memorial road","article_publisher":"https:\/\/www.facebook.com\/profile.php?id=61567825314709","article_modified_time":"2026-01-31T13:18:59+00:00","og_image":[{"width":512,"height":512,"url":"https:\/\/galyarabok.drk.hu\/wp-content\/uploads\/2021\/02\/cropped-galya-kor-arny-vilagos-1.png","type":"image\/png"}],"twitter_card":"summary_large_image","twitter_misc":{"Est. reading time":"6 minutes"},"schema":{"@context":"https:\/\/schema.org","@graph":[{"@type":"WebPage","@id":"https:\/\/galyarabok.drk.hu\/torteneti-elemzesek\/","url":"https:\/\/galyarabok.drk.hu\/torteneti-elemzesek\/","name":"Historical analyses","isPartOf":{"@id":"https:\/\/galyarabok.drk.hu\/#website"},"datePublished":"2024-10-12T08:22:41+00:00","dateModified":"2026-01-31T13:18:59+00:00","breadcrumb":{"@id":"https:\/\/galyarabok.drk.hu\/torteneti-elemzesek\/#breadcrumb"},"inLanguage":"en-GB","potentialAction":[{"@type":"ReadAction","target":["https:\/\/galyarabok.drk.hu\/torteneti-elemzesek\/"]}]},{"@type":"BreadcrumbList","@id":"https:\/\/galyarabok.drk.hu\/torteneti-elemzesek\/#breadcrumb","itemListElement":[{"@type":"ListItem","position":1,"name":"Kezd\u0151lap","item":"https:\/\/galyarabok.drk.hu\/"},{"@type":"ListItem","position":2,"name":"T\u00f6rt\u00e9neti elemz\u00e9sek"}]},{"@type":"WebSite","@id":"https:\/\/galyarabok.drk.hu\/#website","url":"https:\/\/galyarabok.drk.hu\/","name":"G\u00e1lyarab-eml\u00e9k\u00fat","description":"The remembrance of the Hungarian protestant galley slaves. Made and can be visited from the 350th anniversary of the galley slavery (2024)","publisher":{"@id":"https:\/\/galyarabok.drk.hu\/#organization"},"potentialAction":[{"@type":"SearchAction","target":{"@type":"EntryPoint","urlTemplate":"https:\/\/galyarabok.drk.hu\/?s={search_term_string}"},"query-input":{"@type":"PropertyValueSpecification","valueRequired":true,"valueName":"search_term_string"}}],"inLanguage":"en-GB"},{"@type":"Organization","@id":"https:\/\/galyarabok.drk.hu\/#organization","name":"G\u00e1lyarab-eml\u00e9k\u00fat","url":"https:\/\/galyarabok.drk.hu\/","logo":{"@type":"ImageObject","inLanguage":"en-GB","@id":"https:\/\/galyarabok.drk.hu\/#\/schema\/logo\/image\/","url":"https:\/\/galyarabok.drk.hu\/wp-content\/uploads\/2021\/02\/cropped-galya-kor-arny-vilagos.png","contentUrl":"https:\/\/galyarabok.drk.hu\/wp-content\/uploads\/2021\/02\/cropped-galya-kor-arny-vilagos.png","width":102,"height":100,"caption":"G\u00e1lyarab-eml\u00e9k\u00fat"},"image":{"@id":"https:\/\/galyarabok.drk.hu\/#\/schema\/logo\/image\/"},"sameAs":["https:\/\/www.facebook.com\/profile.php?id=61567825314709"]}]}},"_links":{"self":[{"href":"https:\/\/galyarabok.drk.hu\/gb\/wp-json\/wp\/v2\/pages\/1237","targetHints":{"allow":["GET"]}}],"collection":[{"href":"https:\/\/galyarabok.drk.hu\/gb\/wp-json\/wp\/v2\/pages"}],"about":[{"href":"https:\/\/galyarabok.drk.hu\/gb\/wp-json\/wp\/v2\/types\/page"}],"author":[{"embeddable":true,"href":"https:\/\/galyarabok.drk.hu\/gb\/wp-json\/wp\/v2\/users\/1"}],"replies":[{"embeddable":true,"href":"https:\/\/galyarabok.drk.hu\/gb\/wp-json\/wp\/v2\/comments?post=1237"}],"version-history":[{"count":3,"href":"https:\/\/galyarabok.drk.hu\/gb\/wp-json\/wp\/v2\/pages\/1237\/revisions"}],"predecessor-version":[{"id":1595,"href":"https:\/\/galyarabok.drk.hu\/gb\/wp-json\/wp\/v2\/pages\/1237\/revisions\/1595"}],"wp:attachment":[{"href":"https:\/\/galyarabok.drk.hu\/gb\/wp-json\/wp\/v2\/media?parent=1237"}],"wp:term":[{"taxonomy":"category","embeddable":true,"href":"https:\/\/galyarabok.drk.hu\/gb\/wp-json\/wp\/v2\/categories?post=1237"},{"taxonomy":"post_tag","embeddable":true,"href":"https:\/\/galyarabok.drk.hu\/gb\/wp-json\/wp\/v2\/tags?post=1237"}],"curies":[{"name":"wp","href":"https:\/\/api.w.org\/{rel}","templated":true}]}}