{"id":1195,"date":"2024-10-10T17:05:25","date_gmt":"2024-10-10T17:05:25","guid":{"rendered":"https:\/\/galyarabok.drk.hu\/?page_id=1195"},"modified":"2024-10-24T14:18:16","modified_gmt":"2024-10-24T14:18:16","slug":"kapcsolat","status":"publish","type":"page","link":"https:\/\/galyarabok.drk.hu\/gb\/kapcsolat\/","title":{"rendered":"Kapcsolat"},"content":{"rendered":"\n<p id=\"kapcsolat\">Az els\u0151sorban a reform\u00e1tus g\u00e1lyarabok eml\u00e9kezet\u00e9t megjelen\u00edt\u0151 honlap 2024. \u00e9v Reform\u00e1ci\u00f3 hav\u00e1t\u00f3l l\u00e1togathat\u00f3. Az elm\u00falt 10 \u00e9v kutat\u00e1sai alatt nagyon sok kincs ker\u00fclt el\u0151 magyarorsz\u00e1gi \u00e9s nyugat-eur\u00f3pai k\u00f6z- \u00e9s mag\u00e1ngy\u0171jtem\u00e9nyekb\u0151l (k\u00f6nyvt\u00e1r, lev\u00e9lt\u00e1r, csal\u00e1di iratt\u00e1r), \u00e9s sz\u00e1mos adatot, k\u00e9pet regisztr\u00e1lunk az\u00f3ta is folyamatosan a g\u00e1lyarabok eml\u00e9kezt\u00e9t \u0151rz\u0151 csal\u00e1dok \u00e9s gy\u00fclekezetek arch\u00edvum\u00e1b\u00f3l. A honlap ez\u00e9rt folyamatos felt\u00f6lt\u00e9s alatt \u00e1ll.<\/p>\n\n\n\n<p>Akinek van tudom\u00e1sa a hasonl\u00f3, de itt m\u00e9g nem l\u00e1that\u00f3 eml\u00e9kk\u00f6vekr\u0151l, t\u00e1rgyakr\u00f3l, iratokr\u00f3l, k\u00f6sz\u00f6nj\u00fck, ha azokat az inform\u00e1ci\u00f3kat vel\u00fcnk megosztja, vagy a t\u00e1rgyak, esem\u00e9nyek fot\u00f3it hozz\u00e1nk eljuttatja! A helyi eml\u00e9kezet megeml\u00e9kez\u00e9seir\u0151l \u00e9s az egy\u00e9ni vagy k\u00f6z\u00f6ss\u00e9gi szervezett eml\u00e9kt\u00far\u00e1kr\u00f3l sz\u00f3l\u00f3 besz\u00e1mol\u00f3kat \u2013 vagy ha megjelent m\u00e1r, az azokra utal\u00f3 linket \u2013 is sz\u00edvesen k\u00f6z\u00f6lj\u00fck. A visszajelz\u00e9seket a k\u00f6vetkez\u0151 c\u00edmekre v\u00e1rjuk:\u00a0<a href=\"mailto:csdavid75@gmail.com\" target=\"_blank\" rel=\"noreferrer noopener\">csdavid75@gmail.com<\/a>, \u00e9s G\u00e1lyarab-eml\u00e9k\u00fat nev\u0171 Facebook oldalon.<\/p>\n\n\n\n<p>\u00c1ld\u00e1st, b\u00e9kess\u00e9get!<\/p>\n\n\n\n<p>Az \u00dar 2024. esztendej\u00e9nek Reform\u00e1ci\u00f3 hav\u00e1ban<\/p>\n","protected":false},"excerpt":{"rendered":"<p>Az els\u0151sorban a reform\u00e1tus g\u00e1lyarabok eml\u00e9kezet\u00e9t megjelen\u00edt\u0151 honlap 2024. \u00e9v Reform\u00e1ci\u00f3 hav\u00e1t\u00f3l l\u00e1togathat\u00f3. Az elm\u00falt 10 \u00e9v kutat\u00e1sai alatt nagyon [&hellip;]<\/p>\n","protected":false},"author":1,"featured_media":0,"parent":0,"menu_order":0,"comment_status":"closed","ping_status":"closed","template":"","meta":{"footnotes":""},"categories":[],"tags":[],"class_list":["post-1195","page","type-page","status-publish","hentry"],"translation":{"provider":"WPGlobus","version":"3.0.2","language":"gb","enabled_languages":["hu","gb"],"languages":{"hu":{"title":true,"content":true,"excerpt":false},"gb":{"title":false,"content":false,"excerpt":false}}},"yoast_head":"<!-- This site is optimized with the Yoast SEO plugin v27.2 - https:\/\/yoast.com\/product\/yoast-seo-wordpress\/ -->\n<title>Kapcsolat<\/title>\n<meta name=\"robots\" content=\"index, follow, max-snippet:-1, max-image-preview:large, max-video-preview:-1\" \/>\n<link rel=\"canonical\" href=\"https:\/\/galyarabok.drk.hu\/kapcsolat\/\" \/>\n<meta property=\"og:locale\" content=\"en_GB\" \/>\n<meta property=\"og:type\" content=\"article\" \/>\n<meta property=\"og:title\" content=\"Kapcsolat\" \/>\n<meta property=\"og:url\" content=\"https:\/\/galyarabok.drk.hu\/kapcsolat\/\" \/>\n<meta property=\"og:site_name\" content=\"Galley slave memorial road\" \/>\n<meta property=\"article:publisher\" content=\"https:\/\/www.facebook.com\/profile.php?id=61567825314709\" \/>\n<meta property=\"article:modified_time\" content=\"2024-10-24T14:18:16+00:00\" \/>\n<meta property=\"og:image\" content=\"https:\/\/galyarabok.drk.hu\/wp-content\/uploads\/2021\/02\/cropped-galya-kor-arny-vilagos-1.png\" \/>\n\t<meta property=\"og:image:width\" content=\"512\" \/>\n\t<meta property=\"og:image:height\" content=\"512\" \/>\n\t<meta property=\"og:image:type\" content=\"image\/png\" \/>\n<meta name=\"twitter:card\" content=\"summary_large_image\" \/>\n<meta name=\"twitter:label1\" content=\"Est. reading time\" \/>\n\t<meta name=\"twitter:data1\" content=\"1 minute\" \/>\n<script type=\"application\/ld+json\" class=\"yoast-schema-graph\">{\"@context\":\"https:\/\/schema.org\",\"@graph\":[{\"@type\":\"WebPage\",\"@id\":\"https:\/\/galyarabok.drk.hu\/kapcsolat\/\",\"url\":\"https:\/\/galyarabok.drk.hu\/kapcsolat\/\",\"name\":\"Kapcsolat\",\"isPartOf\":{\"@id\":\"https:\/\/galyarabok.drk.hu\/#website\"},\"datePublished\":\"2024-10-10T17:05:25+00:00\",\"dateModified\":\"2024-10-24T14:18:16+00:00\",\"breadcrumb\":{\"@id\":\"https:\/\/galyarabok.drk.hu\/kapcsolat\/#breadcrumb\"},\"inLanguage\":\"en-GB\",\"potentialAction\":[{\"@type\":\"ReadAction\",\"target\":[\"https:\/\/galyarabok.drk.hu\/kapcsolat\/\"]}]},{\"@type\":\"BreadcrumbList\",\"@id\":\"https:\/\/galyarabok.drk.hu\/kapcsolat\/#breadcrumb\",\"itemListElement\":[{\"@type\":\"ListItem\",\"position\":1,\"name\":\"Kezd\u0151lap\",\"item\":\"https:\/\/galyarabok.drk.hu\/\"},{\"@type\":\"ListItem\",\"position\":2,\"name\":\"Kapcsolat\"}]},{\"@type\":\"WebSite\",\"@id\":\"https:\/\/galyarabok.drk.hu\/#website\",\"url\":\"https:\/\/galyarabok.drk.hu\/\",\"name\":\"G\u00e1lyarab-eml\u00e9k\u00fat\",\"description\":\"The remembrance of the Hungarian protestant galley slaves. Made and can be visited from the 350th anniversary of the galley slavery (2024)\",\"publisher\":{\"@id\":\"https:\/\/galyarabok.drk.hu\/#organization\"},\"potentialAction\":[{\"@type\":\"SearchAction\",\"target\":{\"@type\":\"EntryPoint\",\"urlTemplate\":\"https:\/\/galyarabok.drk.hu\/?s={search_term_string}\"},\"query-input\":{\"@type\":\"PropertyValueSpecification\",\"valueRequired\":true,\"valueName\":\"search_term_string\"}}],\"inLanguage\":\"en-GB\"},{\"@type\":\"Organization\",\"@id\":\"https:\/\/galyarabok.drk.hu\/#organization\",\"name\":\"G\u00e1lyarab-eml\u00e9k\u00fat\",\"url\":\"https:\/\/galyarabok.drk.hu\/\",\"logo\":{\"@type\":\"ImageObject\",\"inLanguage\":\"en-GB\",\"@id\":\"https:\/\/galyarabok.drk.hu\/#\/schema\/logo\/image\/\",\"url\":\"https:\/\/galyarabok.drk.hu\/wp-content\/uploads\/2021\/02\/cropped-galya-kor-arny-vilagos.png\",\"contentUrl\":\"https:\/\/galyarabok.drk.hu\/wp-content\/uploads\/2021\/02\/cropped-galya-kor-arny-vilagos.png\",\"width\":102,\"height\":100,\"caption\":\"G\u00e1lyarab-eml\u00e9k\u00fat\"},\"image\":{\"@id\":\"https:\/\/galyarabok.drk.hu\/#\/schema\/logo\/image\/\"},\"sameAs\":[\"https:\/\/www.facebook.com\/profile.php?id=61567825314709\"]}]}<\/script>\n<!-- \/ Yoast SEO plugin. -->","yoast_head_json":{"title":"Kapcsolat","robots":{"index":"index","follow":"follow","max-snippet":"max-snippet:-1","max-image-preview":"max-image-preview:large","max-video-preview":"max-video-preview:-1"},"canonical":"https:\/\/galyarabok.drk.hu\/kapcsolat\/","og_locale":"en_GB","og_type":"article","og_title":"Kapcsolat","og_url":"https:\/\/galyarabok.drk.hu\/kapcsolat\/","og_site_name":"Galley slave memorial road","article_publisher":"https:\/\/www.facebook.com\/profile.php?id=61567825314709","article_modified_time":"2024-10-24T14:18:16+00:00","og_image":[{"width":512,"height":512,"url":"https:\/\/galyarabok.drk.hu\/wp-content\/uploads\/2021\/02\/cropped-galya-kor-arny-vilagos-1.png","type":"image\/png"}],"twitter_card":"summary_large_image","twitter_misc":{"Est. reading time":"1 minute"},"schema":{"@context":"https:\/\/schema.org","@graph":[{"@type":"WebPage","@id":"https:\/\/galyarabok.drk.hu\/kapcsolat\/","url":"https:\/\/galyarabok.drk.hu\/kapcsolat\/","name":"Kapcsolat","isPartOf":{"@id":"https:\/\/galyarabok.drk.hu\/#website"},"datePublished":"2024-10-10T17:05:25+00:00","dateModified":"2024-10-24T14:18:16+00:00","breadcrumb":{"@id":"https:\/\/galyarabok.drk.hu\/kapcsolat\/#breadcrumb"},"inLanguage":"en-GB","potentialAction":[{"@type":"ReadAction","target":["https:\/\/galyarabok.drk.hu\/kapcsolat\/"]}]},{"@type":"BreadcrumbList","@id":"https:\/\/galyarabok.drk.hu\/kapcsolat\/#breadcrumb","itemListElement":[{"@type":"ListItem","position":1,"name":"Kezd\u0151lap","item":"https:\/\/galyarabok.drk.hu\/"},{"@type":"ListItem","position":2,"name":"Kapcsolat"}]},{"@type":"WebSite","@id":"https:\/\/galyarabok.drk.hu\/#website","url":"https:\/\/galyarabok.drk.hu\/","name":"G\u00e1lyarab-eml\u00e9k\u00fat","description":"The remembrance of the Hungarian protestant galley slaves. Made and can be visited from the 350th anniversary of the galley slavery (2024)","publisher":{"@id":"https:\/\/galyarabok.drk.hu\/#organization"},"potentialAction":[{"@type":"SearchAction","target":{"@type":"EntryPoint","urlTemplate":"https:\/\/galyarabok.drk.hu\/?s={search_term_string}"},"query-input":{"@type":"PropertyValueSpecification","valueRequired":true,"valueName":"search_term_string"}}],"inLanguage":"en-GB"},{"@type":"Organization","@id":"https:\/\/galyarabok.drk.hu\/#organization","name":"G\u00e1lyarab-eml\u00e9k\u00fat","url":"https:\/\/galyarabok.drk.hu\/","logo":{"@type":"ImageObject","inLanguage":"en-GB","@id":"https:\/\/galyarabok.drk.hu\/#\/schema\/logo\/image\/","url":"https:\/\/galyarabok.drk.hu\/wp-content\/uploads\/2021\/02\/cropped-galya-kor-arny-vilagos.png","contentUrl":"https:\/\/galyarabok.drk.hu\/wp-content\/uploads\/2021\/02\/cropped-galya-kor-arny-vilagos.png","width":102,"height":100,"caption":"G\u00e1lyarab-eml\u00e9k\u00fat"},"image":{"@id":"https:\/\/galyarabok.drk.hu\/#\/schema\/logo\/image\/"},"sameAs":["https:\/\/www.facebook.com\/profile.php?id=61567825314709"]}]}},"_links":{"self":[{"href":"https:\/\/galyarabok.drk.hu\/gb\/wp-json\/wp\/v2\/pages\/1195","targetHints":{"allow":["GET"]}}],"collection":[{"href":"https:\/\/galyarabok.drk.hu\/gb\/wp-json\/wp\/v2\/pages"}],"about":[{"href":"https:\/\/galyarabok.drk.hu\/gb\/wp-json\/wp\/v2\/types\/page"}],"author":[{"embeddable":true,"href":"https:\/\/galyarabok.drk.hu\/gb\/wp-json\/wp\/v2\/users\/1"}],"replies":[{"embeddable":true,"href":"https:\/\/galyarabok.drk.hu\/gb\/wp-json\/wp\/v2\/comments?post=1195"}],"version-history":[{"count":2,"href":"https:\/\/galyarabok.drk.hu\/gb\/wp-json\/wp\/v2\/pages\/1195\/revisions"}],"predecessor-version":[{"id":1503,"href":"https:\/\/galyarabok.drk.hu\/gb\/wp-json\/wp\/v2\/pages\/1195\/revisions\/1503"}],"wp:attachment":[{"href":"https:\/\/galyarabok.drk.hu\/gb\/wp-json\/wp\/v2\/media?parent=1195"}],"wp:term":[{"taxonomy":"category","embeddable":true,"href":"https:\/\/galyarabok.drk.hu\/gb\/wp-json\/wp\/v2\/categories?post=1195"},{"taxonomy":"post_tag","embeddable":true,"href":"https:\/\/galyarabok.drk.hu\/gb\/wp-json\/wp\/v2\/tags?post=1195"}],"curies":[{"name":"wp","href":"https:\/\/api.w.org\/{rel}","templated":true}]}}